{"id":1008,"date":"2024-04-18T11:29:05","date_gmt":"2024-04-18T14:29:05","guid":{"rendered":"https:\/\/projetosddwb.com.br\/3dlab\/?post_type=product&amp;p=1008"},"modified":"2024-04-18T11:29:05","modified_gmt":"2024-04-18T14:29:05","slug":"filamento-petg-transparente","status":"publish","type":"product","link":"https:\/\/projetosddwb.com.br\/3dlab\/product\/filamento-petg-transparente\/","title":{"rendered":"Filamento PETG Transparente"},"content":{"rendered":"<h2>Produ\u00e7\u00e3o da Face Shield<\/h2>\n<p><iframe title=\"3D Printed Face Shield (RC1) - Assembly Guide\" width=\"1290\" height=\"726\" src=\"https:\/\/www.youtube.com\/embed\/pP7z3iw76GA?feature=oembed\" frameborder=\"0\" allow=\"accelerometer; autoplay; clipboard-write; encrypted-media; gyroscope; picture-in-picture; web-share\" referrerpolicy=\"strict-origin-when-cross-origin\" allowfullscreen><\/iframe><\/p>\n<p>&nbsp;<\/p>\n<p>Arquivo para impress\u00e3o (download): <a href=\"https:\/\/www.prusaprinters.org\/prints\/25857-protective-face-shield-rc1\" target=\"_blank\" rel=\"noopener noreferrer\">https:\/\/www.prusaprinters.org\/prints\/25857-protective-face-shield-rc1<\/a><\/p>\n<p>H\u00e1 v\u00e1rios grupos colaborativos espalhados pelo pa\u00eds que est\u00e3o recolhendo as pe\u00e7as impressas ou Face Shields j\u00e1 montadas. Se voc\u00ea est\u00e1 contribuindo de casa, procure um desses grupos para encaminhar as pe\u00e7as.<\/p>\n<h2 style=\"text-align: justify;\"><strong>Filamento para impressora 3D de alta qualidade<\/strong><\/h2>\n<h2 style=\"text-align: justify;\"><!--?php the_title ();?--><\/h2>\n<p style=\"text-align: justify;\">O <!--?php the_title ();?--> da 3D Lab \u00e9 um \u00f3timo material para impress\u00e3o 3D. Ele possui alta resist\u00eancia mec\u00e2nica, alta resist\u00eancia qu\u00edmica,\u00a0elevada tenacidade (representa a capacidade de absor\u00e7\u00e3o de carga antes do rompimento) e pode ser utilizado em impressoras 3D abertas ou fechadas, com ou sem mesa aquecida, de diferentes modelos.\u00a0Este filamento foi testado e aprovado nos diversos modelos das principais marcas de impressoras 3D do mercado, nacionais e importadas. Todas elas s\u00e3o compat\u00edveis com o filamento PETG Natural da 3D Lab.<\/p>\n<p style=\"text-align: justify;\">O filamento PETG \u00e9 um dos materiais mais nobres para a impress\u00e3o 3D devido suas caracter\u00edsticas. Ele \u00e9 \u00f3timo para pe\u00e7as mec\u00e2nicas que v\u00e3o sofrer algum tipo de esfor\u00e7o, como tra\u00e7\u00e3o ou tor\u00e7\u00e3o. Al\u00e9m disso, a\u00a0mat\u00e9ria prima do filamento PETG \u00e9 FoodSafe. Portanto, essa certifica\u00e7\u00e3o lhe confere a possibilidade de entrar em contato com alimentos, como cortadores de biscoitos, materiais de preparo de alimentos, entre outros. Nesse caso, vale lembrar de que o processo de impress\u00e3o 3D pode deixar res\u00edduos de outros materiais nas pe\u00e7as.<\/p>\n<p style=\"text-align: justify;\">Se voc\u00ea deseja escolher o melhor filamento para impress\u00e3o 3D, o Filamento PETG deve estar dentro da sua lista de op\u00e7\u00f5es.<\/p>\n<p style=\"text-align: justify;\">Todos os nossos filamentos s\u00e3o fabricados em nossa sede, em Betim\/MG, com alto n\u00edvel de controle de qualidade, garantindo um \u00f3timo produto e a satisfa\u00e7\u00e3o de nossos clientes. Ent\u00e3o lembre-se de sempre armazenar seus filamentos em locais livres de umidade e que n\u00e3o recebam radia\u00e7\u00e3o solar diretamente.<\/p>\n<p style=\"text-align: justify;\">Se tiver qualquer d\u00favida para utilizar este material voc\u00ea pode consultar nosso guia completo do filamento, em nosso blog. O link para o conte\u00fado do PETG est\u00e1 <a href=\"https:\/\/3dlab.com.br\/como-imprimir-com-o-filamento-petg\/\">aqui<\/a>. Voc\u00ea tamb\u00e9m pode solicitar a ajuda de um de nossos especialistas. Utilize o canal de comunica\u00e7\u00e3o que lhe for mais interessante. Atendemos no chat online, e-mail, telefone, WhatsApp ou venha nos visitar aqui na nossa sede, na Rua Toyota, 490 &#8211; Betim\/MG.<\/p>\n","protected":false},"excerpt":{"rendered":"<p>O Filamento PETG Natural \u00e9 um dos materiais mais nobres para impress\u00e3o 3D. Possui caracter\u00edsticas especiais como a alta resist\u00eancia mec\u00e2nica, alta resist\u00eancia qu\u00edmica, elevada tenacidade (capacidade de absorver carga antes do rompimento), al\u00e9m de uma \u00f3tima qualidade superficial.<\/p>\n<p>O Filamento PETG Natural pode ser utilizado em qualquer impressora 3D do mercado, seja modelos nacionais ou importados.<\/p>\n","protected":false},"featured_media":1013,"comment_status":"open","ping_status":"closed","template":"","meta":[],"product_brand":[],"product_cat":[302,313],"product_tag":[314],"class_list":{"0":"post-1008","1":"product","2":"type-product","3":"status-publish","4":"has-post-thumbnail","6":"product_cat-faixa-preta","7":"product_cat-filamento-petg","8":"product_tag-filamento-petg","9":"product_shipping_class-filamentos","11":"first","12":"instock","13":"shipping-taxable","14":"purchasable","15":"product-type-variable","16":"has-default-attributes"},"yoast_head":"<!-- This site is optimized with the Yoast SEO plugin v24.8.1 - https:\/\/yoast.com\/wordpress\/plugins\/seo\/ -->\n<title>Filamento PETG Transparente - 3D Lab<\/title>\n<meta name=\"robots\" content=\"index, follow, max-snippet:-1, max-image-preview:large, max-video-preview:-1\" \/>\n<link rel=\"canonical\" href=\"https:\/\/projetosddwb.com.br\/3dlab\/product\/filamento-petg-transparente\/\" \/>\n<meta property=\"og:locale\" content=\"pt_BR\" \/>\n<meta property=\"og:type\" content=\"article\" \/>\n<meta property=\"og:title\" content=\"Filamento PETG Transparente - 3D Lab\" \/>\n<meta property=\"og:description\" content=\"O Filamento PETG Natural \u00e9 um dos materiais mais nobres para impress\u00e3o 3D. Possui caracter\u00edsticas especiais como a alta resist\u00eancia mec\u00e2nica, alta resist\u00eancia qu\u00edmica, elevada tenacidade (capacidade de absorver carga antes do rompimento), al\u00e9m de uma \u00f3tima qualidade superficial. O Filamento PETG Natural pode ser utilizado em qualquer impressora 3D do mercado, seja modelos nacionais ou importados.\" \/>\n<meta property=\"og:url\" content=\"https:\/\/projetosddwb.com.br\/3dlab\/product\/filamento-petg-transparente\/\" \/>\n<meta property=\"og:site_name\" content=\"3D Lab\" \/>\n<meta property=\"article:publisher\" content=\"https:\/\/www.facebook.com\/3dlabbrasil\/?locale=pt_BR\" \/>\n<meta name=\"twitter:card\" content=\"summary_large_image\" \/>\n<meta name=\"twitter:label1\" content=\"Est. tempo de leitura\" \/>\n\t<meta name=\"twitter:data1\" content=\"2 minutos\" \/>\n<script type=\"application\/ld+json\" class=\"yoast-schema-graph\">{\"@context\":\"https:\/\/schema.org\",\"@graph\":[{\"@type\":\"WebPage\",\"@id\":\"https:\/\/projetosddwb.com.br\/3dlab\/product\/filamento-petg-transparente\/\",\"url\":\"https:\/\/projetosddwb.com.br\/3dlab\/product\/filamento-petg-transparente\/\",\"name\":\"Filamento PETG Transparente - 3D Lab\",\"isPartOf\":{\"@id\":\"https:\/\/projetosddwb.com.br\/3dlab\/#website\"},\"primaryImageOfPage\":{\"@id\":\"https:\/\/projetosddwb.com.br\/3dlab\/product\/filamento-petg-transparente\/#primaryimage\"},\"image\":{\"@id\":\"https:\/\/projetosddwb.com.br\/3dlab\/product\/filamento-petg-transparente\/#primaryimage\"},\"thumbnailUrl\":\"\",\"datePublished\":\"2024-04-18T14:29:05+00:00\",\"breadcrumb\":{\"@id\":\"https:\/\/projetosddwb.com.br\/3dlab\/product\/filamento-petg-transparente\/#breadcrumb\"},\"inLanguage\":\"pt-BR\",\"potentialAction\":[{\"@type\":\"ReadAction\",\"target\":[\"https:\/\/projetosddwb.com.br\/3dlab\/product\/filamento-petg-transparente\/\"]}]},{\"@type\":\"ImageObject\",\"inLanguage\":\"pt-BR\",\"@id\":\"https:\/\/projetosddwb.com.br\/3dlab\/product\/filamento-petg-transparente\/#primaryimage\",\"url\":\"\",\"contentUrl\":\"\"},{\"@type\":\"BreadcrumbList\",\"@id\":\"https:\/\/projetosddwb.com.br\/3dlab\/product\/filamento-petg-transparente\/#breadcrumb\",\"itemListElement\":[{\"@type\":\"ListItem\",\"position\":1,\"name\":\"In\u00edcio\",\"item\":\"https:\/\/projetosddwb.com.br\/3dlab\/\"},{\"@type\":\"ListItem\",\"position\":2,\"name\":\"Loja\",\"item\":\"https:\/\/projetosddwb.com.br\/3dlab\/loja\/\"},{\"@type\":\"ListItem\",\"position\":3,\"name\":\"Filamento PETG Transparente\"}]},{\"@type\":\"WebSite\",\"@id\":\"https:\/\/projetosddwb.com.br\/3dlab\/#website\",\"url\":\"https:\/\/projetosddwb.com.br\/3dlab\/\",\"name\":\"3D Lab\",\"description\":\"\",\"publisher\":{\"@id\":\"https:\/\/projetosddwb.com.br\/3dlab\/#organization\"},\"potentialAction\":[{\"@type\":\"SearchAction\",\"target\":{\"@type\":\"EntryPoint\",\"urlTemplate\":\"https:\/\/projetosddwb.com.br\/3dlab\/?s={search_term_string}\"},\"query-input\":{\"@type\":\"PropertyValueSpecification\",\"valueRequired\":true,\"valueName\":\"search_term_string\"}}],\"inLanguage\":\"pt-BR\"},{\"@type\":\"Organization\",\"@id\":\"https:\/\/projetosddwb.com.br\/3dlab\/#organization\",\"name\":\"3D Lab\",\"url\":\"https:\/\/projetosddwb.com.br\/3dlab\/\",\"logo\":{\"@type\":\"ImageObject\",\"inLanguage\":\"pt-BR\",\"@id\":\"https:\/\/projetosddwb.com.br\/3dlab\/#\/schema\/logo\/image\/\",\"url\":\"https:\/\/projetosddwb.com.br\/3dlab\/wp-content\/uploads\/2025\/04\/cropped-cropped-3D_HORI_ORIGINAL-1.png\",\"contentUrl\":\"https:\/\/projetosddwb.com.br\/3dlab\/wp-content\/uploads\/2025\/04\/cropped-cropped-3D_HORI_ORIGINAL-1.png\",\"width\":597,\"height\":196,\"caption\":\"3D Lab\"},\"image\":{\"@id\":\"https:\/\/projetosddwb.com.br\/3dlab\/#\/schema\/logo\/image\/\"},\"sameAs\":[\"https:\/\/www.facebook.com\/3dlabbrasil\/?locale=pt_BR\",\"https:\/\/www.instagram.com\/3dlab_brasil\/\"]}]}<\/script>\n<!-- \/ Yoast SEO plugin. -->","yoast_head_json":{"title":"Filamento PETG Transparente - 3D Lab","robots":{"index":"index","follow":"follow","max-snippet":"max-snippet:-1","max-image-preview":"max-image-preview:large","max-video-preview":"max-video-preview:-1"},"canonical":"https:\/\/projetosddwb.com.br\/3dlab\/product\/filamento-petg-transparente\/","og_locale":"pt_BR","og_type":"article","og_title":"Filamento PETG Transparente - 3D Lab","og_description":"O Filamento PETG Natural \u00e9 um dos materiais mais nobres para impress\u00e3o 3D. Possui caracter\u00edsticas especiais como a alta resist\u00eancia mec\u00e2nica, alta resist\u00eancia qu\u00edmica, elevada tenacidade (capacidade de absorver carga antes do rompimento), al\u00e9m de uma \u00f3tima qualidade superficial. O Filamento PETG Natural pode ser utilizado em qualquer impressora 3D do mercado, seja modelos nacionais ou importados.","og_url":"https:\/\/projetosddwb.com.br\/3dlab\/product\/filamento-petg-transparente\/","og_site_name":"3D Lab","article_publisher":"https:\/\/www.facebook.com\/3dlabbrasil\/?locale=pt_BR","twitter_card":"summary_large_image","twitter_misc":{"Est. tempo de leitura":"2 minutos"},"schema":{"@context":"https:\/\/schema.org","@graph":[{"@type":"WebPage","@id":"https:\/\/projetosddwb.com.br\/3dlab\/product\/filamento-petg-transparente\/","url":"https:\/\/projetosddwb.com.br\/3dlab\/product\/filamento-petg-transparente\/","name":"Filamento PETG Transparente - 3D Lab","isPartOf":{"@id":"https:\/\/projetosddwb.com.br\/3dlab\/#website"},"primaryImageOfPage":{"@id":"https:\/\/projetosddwb.com.br\/3dlab\/product\/filamento-petg-transparente\/#primaryimage"},"image":{"@id":"https:\/\/projetosddwb.com.br\/3dlab\/product\/filamento-petg-transparente\/#primaryimage"},"thumbnailUrl":"","datePublished":"2024-04-18T14:29:05+00:00","breadcrumb":{"@id":"https:\/\/projetosddwb.com.br\/3dlab\/product\/filamento-petg-transparente\/#breadcrumb"},"inLanguage":"pt-BR","potentialAction":[{"@type":"ReadAction","target":["https:\/\/projetosddwb.com.br\/3dlab\/product\/filamento-petg-transparente\/"]}]},{"@type":"ImageObject","inLanguage":"pt-BR","@id":"https:\/\/projetosddwb.com.br\/3dlab\/product\/filamento-petg-transparente\/#primaryimage","url":"","contentUrl":""},{"@type":"BreadcrumbList","@id":"https:\/\/projetosddwb.com.br\/3dlab\/product\/filamento-petg-transparente\/#breadcrumb","itemListElement":[{"@type":"ListItem","position":1,"name":"In\u00edcio","item":"https:\/\/projetosddwb.com.br\/3dlab\/"},{"@type":"ListItem","position":2,"name":"Loja","item":"https:\/\/projetosddwb.com.br\/3dlab\/loja\/"},{"@type":"ListItem","position":3,"name":"Filamento PETG Transparente"}]},{"@type":"WebSite","@id":"https:\/\/projetosddwb.com.br\/3dlab\/#website","url":"https:\/\/projetosddwb.com.br\/3dlab\/","name":"3D Lab","description":"","publisher":{"@id":"https:\/\/projetosddwb.com.br\/3dlab\/#organization"},"potentialAction":[{"@type":"SearchAction","target":{"@type":"EntryPoint","urlTemplate":"https:\/\/projetosddwb.com.br\/3dlab\/?s={search_term_string}"},"query-input":{"@type":"PropertyValueSpecification","valueRequired":true,"valueName":"search_term_string"}}],"inLanguage":"pt-BR"},{"@type":"Organization","@id":"https:\/\/projetosddwb.com.br\/3dlab\/#organization","name":"3D Lab","url":"https:\/\/projetosddwb.com.br\/3dlab\/","logo":{"@type":"ImageObject","inLanguage":"pt-BR","@id":"https:\/\/projetosddwb.com.br\/3dlab\/#\/schema\/logo\/image\/","url":"https:\/\/projetosddwb.com.br\/3dlab\/wp-content\/uploads\/2025\/04\/cropped-cropped-3D_HORI_ORIGINAL-1.png","contentUrl":"https:\/\/projetosddwb.com.br\/3dlab\/wp-content\/uploads\/2025\/04\/cropped-cropped-3D_HORI_ORIGINAL-1.png","width":597,"height":196,"caption":"3D Lab"},"image":{"@id":"https:\/\/projetosddwb.com.br\/3dlab\/#\/schema\/logo\/image\/"},"sameAs":["https:\/\/www.facebook.com\/3dlabbrasil\/?locale=pt_BR","https:\/\/www.instagram.com\/3dlab_brasil\/"]}]}},"_links":{"self":[{"href":"https:\/\/projetosddwb.com.br\/3dlab\/wp-json\/wp\/v2\/product\/1008","targetHints":{"allow":["GET"]}}],"collection":[{"href":"https:\/\/projetosddwb.com.br\/3dlab\/wp-json\/wp\/v2\/product"}],"about":[{"href":"https:\/\/projetosddwb.com.br\/3dlab\/wp-json\/wp\/v2\/types\/product"}],"replies":[{"embeddable":true,"href":"https:\/\/projetosddwb.com.br\/3dlab\/wp-json\/wp\/v2\/comments?post=1008"}],"wp:featuredmedia":[{"embeddable":true,"href":"https:\/\/projetosddwb.com.br\/3dlab\/wp-json\/"}],"wp:attachment":[{"href":"https:\/\/projetosddwb.com.br\/3dlab\/wp-json\/wp\/v2\/media?parent=1008"}],"wp:term":[{"taxonomy":"product_brand","embeddable":true,"href":"https:\/\/projetosddwb.com.br\/3dlab\/wp-json\/wp\/v2\/product_brand?post=1008"},{"taxonomy":"product_cat","embeddable":true,"href":"https:\/\/projetosddwb.com.br\/3dlab\/wp-json\/wp\/v2\/product_cat?post=1008"},{"taxonomy":"product_tag","embeddable":true,"href":"https:\/\/projetosddwb.com.br\/3dlab\/wp-json\/wp\/v2\/product_tag?post=1008"}],"curies":[{"name":"wp","href":"https:\/\/api.w.org\/{rel}","templated":true}]}}