{"id":1053,"date":"2024-04-18T11:36:07","date_gmt":"2024-04-18T14:36:07","guid":{"rendered":"https:\/\/projetosddwb.com.br\/3dlab\/?post_type=product&amp;p=1053"},"modified":"2024-04-18T11:36:07","modified_gmt":"2024-04-18T14:36:07","slug":"filamento-flex-branco-flex-tpu-98a","status":"publish","type":"product","link":"https:\/\/projetosddwb.com.br\/3dlab\/product\/filamento-flex-branco-flex-tpu-98a\/","title":{"rendered":"Filamento Flex Branco (FLEX TPU &#8211; 98A)"},"content":{"rendered":"<h2 style=\"text-align: justify;\"><strong>Filamento para impressora 3D de alta qualidade<\/strong><\/h2>\n<h2 style=\"text-align: justify;\">Filamento Flex\u00edvel Branco<\/h2>\n<p style=\"text-align: justify;\">O Filamento Flex\u00edvel Branco da 3D Lab \u00e9 um \u00f3timo material para impress\u00e3o 3D. As pe\u00e7as impressas com esse material apresentam alta flexibilidade, com aplica\u00e7\u00f5es bem espec\u00edficas.<\/p>\n<p style=\"text-align: justify;\">O Filamento Flex\u00edvel pode ser utilizado em diversas impressoras, principalmente aquelas com extrusor do tipo direct drive. Esse modelo de extrusor n\u00e3o apresenta folga entre o tracionador e a entrada do hotend. Assim ele impede o filamento de dobrar e travar a impress\u00e3o.<\/p>\n<p style=\"text-align: justify;\">Em impressoras com bowden \u00e9 poss\u00edvel utilizar o filamento flex\u00edvel, mas deve-se utilizar baixa velocidade de impress\u00e3o e estar atento a qualquer dobra do filamento.<\/p>\n<p style=\"text-align: justify;\">Ent\u00e3o, se voc\u00ea deseja escolher o melhor filamento para impress\u00e3o 3D, o Filamento Flex\u00edvel deve estar dentro da sua lista de op\u00e7\u00f5es.<\/p>\n<p style=\"text-align: justify;\">Todos os nossos filamentos s\u00e3o fabricados em nossa sede, em Betim\/MG, com alto n\u00edvel de controle de qualidade, garantindo um \u00f3timo produto e a satisfa\u00e7\u00e3o de nossos clientes. Para isso, lembre-se de sempre armazenar seus filamentos em locais livres de umidade e que n\u00e3o recebam radia\u00e7\u00e3o solar diretamente.<\/p>\n<p style=\"text-align: justify;\">Se voc\u00ea tiver qualquer d\u00favida para utilizar este material voc\u00ea pode consultar nosso guia completo do filamento, em nosso blog. O link para o conte\u00fado de como imprimir com o Filamento Flex\u00edvel est\u00e1 <a href=\"https:\/\/3dlab.com.br\/como-imprimir-com-filamento-flexivel\/\" target=\"_blank\" rel=\"noopener noreferrer\">aqui<\/a>. Voc\u00ea tamb\u00e9m pode solicitar a ajuda de um de nossos especialistas. Utilize o canal de comunica\u00e7\u00e3o que lhe for mais interessante. Atendemos no chat online, e-mail, telefone, WhatsApp ou venha nos visitar aqui na nossa sede, na Rua Toyota, 490 &#8211; Betim\/MG.<\/p>\n","protected":false},"excerpt":{"rendered":"<p>O Filamento Flex\u00edvel Branco \u00e9 um dos materiais especiais para impress\u00e3o 3D. As pe\u00e7as impressas com esse filamento apresentam alta flexibilidade, com aplica\u00e7\u00f5es bem espec\u00edficas e interessantes. Al\u00e9m disso, o material permite \u00f3tima qualidade superficial sem necessidade de acabamento posterior.<\/p>\n<p>O Filamento Flex\u00edvel pode ser utilizado preferencialmente em impressoras com modelo de extrusor direct drive.<\/p>\n","protected":false},"featured_media":1069,"comment_status":"open","ping_status":"closed","template":"","meta":[],"product_brand":[],"product_cat":[302,483,429,449],"product_tag":[482],"class_list":{"0":"post-1053","1":"product","2":"type-product","3":"status-publish","4":"has-post-thumbnail","6":"product_cat-faixa-preta","7":"product_cat-filamento-flexivel","8":"product_cat-filamentos-especiais","9":"product_cat-tpu","10":"product_tag-filamento-flexivel","11":"product_shipping_class-filamentos","13":"first","14":"instock","15":"shipping-taxable","16":"purchasable","17":"product-type-variable","18":"has-default-attributes"},"yoast_head":"<!-- This site is optimized with the Yoast SEO plugin v24.8.1 - https:\/\/yoast.com\/wordpress\/plugins\/seo\/ -->\n<title>Filamento Flex Branco (FLEX TPU - 98A) - 3D Lab<\/title>\n<meta name=\"robots\" content=\"index, follow, max-snippet:-1, max-image-preview:large, max-video-preview:-1\" \/>\n<link rel=\"canonical\" href=\"https:\/\/projetosddwb.com.br\/3dlab\/product\/filamento-flex-branco-flex-tpu-98a\/\" \/>\n<meta property=\"og:locale\" content=\"pt_BR\" \/>\n<meta property=\"og:type\" content=\"article\" \/>\n<meta property=\"og:title\" content=\"Filamento Flex Branco (FLEX TPU - 98A) - 3D Lab\" \/>\n<meta property=\"og:description\" content=\"O Filamento Flex\u00edvel Branco \u00e9 um dos materiais especiais para impress\u00e3o 3D. As pe\u00e7as impressas com esse filamento apresentam alta flexibilidade, com aplica\u00e7\u00f5es bem espec\u00edficas e interessantes. Al\u00e9m disso, o material permite \u00f3tima qualidade superficial sem necessidade de acabamento posterior. O Filamento Flex\u00edvel pode ser utilizado preferencialmente em impressoras com modelo de extrusor direct drive.\" \/>\n<meta property=\"og:url\" content=\"https:\/\/projetosddwb.com.br\/3dlab\/product\/filamento-flex-branco-flex-tpu-98a\/\" \/>\n<meta property=\"og:site_name\" content=\"3D Lab\" \/>\n<meta property=\"article:publisher\" content=\"https:\/\/www.facebook.com\/3dlabbrasil\/?locale=pt_BR\" \/>\n<meta name=\"twitter:card\" content=\"summary_large_image\" \/>\n<meta name=\"twitter:label1\" content=\"Est. tempo de leitura\" \/>\n\t<meta name=\"twitter:data1\" content=\"1 minuto\" \/>\n<script type=\"application\/ld+json\" class=\"yoast-schema-graph\">{\"@context\":\"https:\/\/schema.org\",\"@graph\":[{\"@type\":\"WebPage\",\"@id\":\"https:\/\/projetosddwb.com.br\/3dlab\/product\/filamento-flex-branco-flex-tpu-98a\/\",\"url\":\"https:\/\/projetosddwb.com.br\/3dlab\/product\/filamento-flex-branco-flex-tpu-98a\/\",\"name\":\"Filamento Flex Branco (FLEX TPU - 98A) - 3D Lab\",\"isPartOf\":{\"@id\":\"https:\/\/projetosddwb.com.br\/3dlab\/#website\"},\"primaryImageOfPage\":{\"@id\":\"https:\/\/projetosddwb.com.br\/3dlab\/product\/filamento-flex-branco-flex-tpu-98a\/#primaryimage\"},\"image\":{\"@id\":\"https:\/\/projetosddwb.com.br\/3dlab\/product\/filamento-flex-branco-flex-tpu-98a\/#primaryimage\"},\"thumbnailUrl\":\"\",\"datePublished\":\"2024-04-18T14:36:07+00:00\",\"breadcrumb\":{\"@id\":\"https:\/\/projetosddwb.com.br\/3dlab\/product\/filamento-flex-branco-flex-tpu-98a\/#breadcrumb\"},\"inLanguage\":\"pt-BR\",\"potentialAction\":[{\"@type\":\"ReadAction\",\"target\":[\"https:\/\/projetosddwb.com.br\/3dlab\/product\/filamento-flex-branco-flex-tpu-98a\/\"]}]},{\"@type\":\"ImageObject\",\"inLanguage\":\"pt-BR\",\"@id\":\"https:\/\/projetosddwb.com.br\/3dlab\/product\/filamento-flex-branco-flex-tpu-98a\/#primaryimage\",\"url\":\"\",\"contentUrl\":\"\"},{\"@type\":\"BreadcrumbList\",\"@id\":\"https:\/\/projetosddwb.com.br\/3dlab\/product\/filamento-flex-branco-flex-tpu-98a\/#breadcrumb\",\"itemListElement\":[{\"@type\":\"ListItem\",\"position\":1,\"name\":\"In\u00edcio\",\"item\":\"https:\/\/projetosddwb.com.br\/3dlab\/\"},{\"@type\":\"ListItem\",\"position\":2,\"name\":\"Loja\",\"item\":\"https:\/\/projetosddwb.com.br\/3dlab\/loja\/\"},{\"@type\":\"ListItem\",\"position\":3,\"name\":\"Filamento Flex Branco (FLEX TPU &#8211; 98A)\"}]},{\"@type\":\"WebSite\",\"@id\":\"https:\/\/projetosddwb.com.br\/3dlab\/#website\",\"url\":\"https:\/\/projetosddwb.com.br\/3dlab\/\",\"name\":\"3D Lab\",\"description\":\"\",\"publisher\":{\"@id\":\"https:\/\/projetosddwb.com.br\/3dlab\/#organization\"},\"potentialAction\":[{\"@type\":\"SearchAction\",\"target\":{\"@type\":\"EntryPoint\",\"urlTemplate\":\"https:\/\/projetosddwb.com.br\/3dlab\/?s={search_term_string}\"},\"query-input\":{\"@type\":\"PropertyValueSpecification\",\"valueRequired\":true,\"valueName\":\"search_term_string\"}}],\"inLanguage\":\"pt-BR\"},{\"@type\":\"Organization\",\"@id\":\"https:\/\/projetosddwb.com.br\/3dlab\/#organization\",\"name\":\"3D Lab\",\"url\":\"https:\/\/projetosddwb.com.br\/3dlab\/\",\"logo\":{\"@type\":\"ImageObject\",\"inLanguage\":\"pt-BR\",\"@id\":\"https:\/\/projetosddwb.com.br\/3dlab\/#\/schema\/logo\/image\/\",\"url\":\"https:\/\/projetosddwb.com.br\/3dlab\/wp-content\/uploads\/2025\/04\/cropped-cropped-3D_HORI_ORIGINAL-1.png\",\"contentUrl\":\"https:\/\/projetosddwb.com.br\/3dlab\/wp-content\/uploads\/2025\/04\/cropped-cropped-3D_HORI_ORIGINAL-1.png\",\"width\":597,\"height\":196,\"caption\":\"3D Lab\"},\"image\":{\"@id\":\"https:\/\/projetosddwb.com.br\/3dlab\/#\/schema\/logo\/image\/\"},\"sameAs\":[\"https:\/\/www.facebook.com\/3dlabbrasil\/?locale=pt_BR\",\"https:\/\/www.instagram.com\/3dlab_brasil\/\"]}]}<\/script>\n<!-- \/ Yoast SEO plugin. -->","yoast_head_json":{"title":"Filamento Flex Branco (FLEX TPU - 98A) - 3D Lab","robots":{"index":"index","follow":"follow","max-snippet":"max-snippet:-1","max-image-preview":"max-image-preview:large","max-video-preview":"max-video-preview:-1"},"canonical":"https:\/\/projetosddwb.com.br\/3dlab\/product\/filamento-flex-branco-flex-tpu-98a\/","og_locale":"pt_BR","og_type":"article","og_title":"Filamento Flex Branco (FLEX TPU - 98A) - 3D Lab","og_description":"O Filamento Flex\u00edvel Branco \u00e9 um dos materiais especiais para impress\u00e3o 3D. As pe\u00e7as impressas com esse filamento apresentam alta flexibilidade, com aplica\u00e7\u00f5es bem espec\u00edficas e interessantes. Al\u00e9m disso, o material permite \u00f3tima qualidade superficial sem necessidade de acabamento posterior. O Filamento Flex\u00edvel pode ser utilizado preferencialmente em impressoras com modelo de extrusor direct drive.","og_url":"https:\/\/projetosddwb.com.br\/3dlab\/product\/filamento-flex-branco-flex-tpu-98a\/","og_site_name":"3D Lab","article_publisher":"https:\/\/www.facebook.com\/3dlabbrasil\/?locale=pt_BR","twitter_card":"summary_large_image","twitter_misc":{"Est. tempo de leitura":"1 minuto"},"schema":{"@context":"https:\/\/schema.org","@graph":[{"@type":"WebPage","@id":"https:\/\/projetosddwb.com.br\/3dlab\/product\/filamento-flex-branco-flex-tpu-98a\/","url":"https:\/\/projetosddwb.com.br\/3dlab\/product\/filamento-flex-branco-flex-tpu-98a\/","name":"Filamento Flex Branco (FLEX TPU - 98A) - 3D Lab","isPartOf":{"@id":"https:\/\/projetosddwb.com.br\/3dlab\/#website"},"primaryImageOfPage":{"@id":"https:\/\/projetosddwb.com.br\/3dlab\/product\/filamento-flex-branco-flex-tpu-98a\/#primaryimage"},"image":{"@id":"https:\/\/projetosddwb.com.br\/3dlab\/product\/filamento-flex-branco-flex-tpu-98a\/#primaryimage"},"thumbnailUrl":"","datePublished":"2024-04-18T14:36:07+00:00","breadcrumb":{"@id":"https:\/\/projetosddwb.com.br\/3dlab\/product\/filamento-flex-branco-flex-tpu-98a\/#breadcrumb"},"inLanguage":"pt-BR","potentialAction":[{"@type":"ReadAction","target":["https:\/\/projetosddwb.com.br\/3dlab\/product\/filamento-flex-branco-flex-tpu-98a\/"]}]},{"@type":"ImageObject","inLanguage":"pt-BR","@id":"https:\/\/projetosddwb.com.br\/3dlab\/product\/filamento-flex-branco-flex-tpu-98a\/#primaryimage","url":"","contentUrl":""},{"@type":"BreadcrumbList","@id":"https:\/\/projetosddwb.com.br\/3dlab\/product\/filamento-flex-branco-flex-tpu-98a\/#breadcrumb","itemListElement":[{"@type":"ListItem","position":1,"name":"In\u00edcio","item":"https:\/\/projetosddwb.com.br\/3dlab\/"},{"@type":"ListItem","position":2,"name":"Loja","item":"https:\/\/projetosddwb.com.br\/3dlab\/loja\/"},{"@type":"ListItem","position":3,"name":"Filamento Flex Branco (FLEX TPU &#8211; 98A)"}]},{"@type":"WebSite","@id":"https:\/\/projetosddwb.com.br\/3dlab\/#website","url":"https:\/\/projetosddwb.com.br\/3dlab\/","name":"3D Lab","description":"","publisher":{"@id":"https:\/\/projetosddwb.com.br\/3dlab\/#organization"},"potentialAction":[{"@type":"SearchAction","target":{"@type":"EntryPoint","urlTemplate":"https:\/\/projetosddwb.com.br\/3dlab\/?s={search_term_string}"},"query-input":{"@type":"PropertyValueSpecification","valueRequired":true,"valueName":"search_term_string"}}],"inLanguage":"pt-BR"},{"@type":"Organization","@id":"https:\/\/projetosddwb.com.br\/3dlab\/#organization","name":"3D Lab","url":"https:\/\/projetosddwb.com.br\/3dlab\/","logo":{"@type":"ImageObject","inLanguage":"pt-BR","@id":"https:\/\/projetosddwb.com.br\/3dlab\/#\/schema\/logo\/image\/","url":"https:\/\/projetosddwb.com.br\/3dlab\/wp-content\/uploads\/2025\/04\/cropped-cropped-3D_HORI_ORIGINAL-1.png","contentUrl":"https:\/\/projetosddwb.com.br\/3dlab\/wp-content\/uploads\/2025\/04\/cropped-cropped-3D_HORI_ORIGINAL-1.png","width":597,"height":196,"caption":"3D Lab"},"image":{"@id":"https:\/\/projetosddwb.com.br\/3dlab\/#\/schema\/logo\/image\/"},"sameAs":["https:\/\/www.facebook.com\/3dlabbrasil\/?locale=pt_BR","https:\/\/www.instagram.com\/3dlab_brasil\/"]}]}},"_links":{"self":[{"href":"https:\/\/projetosddwb.com.br\/3dlab\/wp-json\/wp\/v2\/product\/1053","targetHints":{"allow":["GET"]}}],"collection":[{"href":"https:\/\/projetosddwb.com.br\/3dlab\/wp-json\/wp\/v2\/product"}],"about":[{"href":"https:\/\/projetosddwb.com.br\/3dlab\/wp-json\/wp\/v2\/types\/product"}],"replies":[{"embeddable":true,"href":"https:\/\/projetosddwb.com.br\/3dlab\/wp-json\/wp\/v2\/comments?post=1053"}],"wp:featuredmedia":[{"embeddable":true,"href":"https:\/\/projetosddwb.com.br\/3dlab\/wp-json\/"}],"wp:attachment":[{"href":"https:\/\/projetosddwb.com.br\/3dlab\/wp-json\/wp\/v2\/media?parent=1053"}],"wp:term":[{"taxonomy":"product_brand","embeddable":true,"href":"https:\/\/projetosddwb.com.br\/3dlab\/wp-json\/wp\/v2\/product_brand?post=1053"},{"taxonomy":"product_cat","embeddable":true,"href":"https:\/\/projetosddwb.com.br\/3dlab\/wp-json\/wp\/v2\/product_cat?post=1053"},{"taxonomy":"product_tag","embeddable":true,"href":"https:\/\/projetosddwb.com.br\/3dlab\/wp-json\/wp\/v2\/product_tag?post=1053"}],"curies":[{"name":"wp","href":"https:\/\/api.w.org\/{rel}","templated":true}]}}