{"id":1079,"date":"2024-04-18T11:41:28","date_gmt":"2024-04-18T14:41:28","guid":{"rendered":"https:\/\/projetosddwb.com.br\/3dlab\/?post_type=product&amp;p=1079"},"modified":"2024-04-18T11:41:28","modified_gmt":"2024-04-18T14:41:28","slug":"resina-3d-semi-flexivel","status":"publish","type":"product","link":"https:\/\/projetosddwb.com.br\/3dlab\/product\/resina-3d-semi-flexivel\/","title":{"rendered":"Resina 3D Semi-Flex\u00edvel"},"content":{"rendered":"<p>A Resina 3D Semi-Flex\u00edvel da 3D Lab foi desenvolvida para projetos espec\u00edficos que necessitam de uma certa flexibilidade, aliada \u00e0 alta resist\u00eancia a impactos e quedas.<\/p>\n<p>Essa resina \u00e9 ideal para fabrica\u00e7\u00e3o de Action Figures, miniaturas e outras pe\u00e7as que precisam de boa resist\u00eancia e flexibilidade.<\/p>\n<p>A resina 3D Semi-Flex\u00edvel \u00e9 compat\u00edvel com impressoras 3D do tipo DLP e LCD com fonte de luz UV de 405nm. Ela \u00e9 dispon\u00edvel em embalagem de 500ml e tem a cor Clear transparente, que pode ser colorida com nossos pigmentos.<\/p>\n<p>As principais caracter\u00edsticas dessa resina s\u00e3o:<\/p>\n<ul>\n<li><strong>Flexbilidade m\u00e9dia (comparado com a Resina Flex\u00edvel);<\/strong><\/li>\n<li><strong>Alta resist\u00eancia \u00e0 quedas;<\/strong><\/li>\n<li><strong>30% maior velocidade de cura quando comparada ao mercado;<\/strong><\/li>\n<li><strong>Odor suave;<\/strong><\/li>\n<li><strong>Alta transpar\u00eancia, com baixo n\u00edvel de amarelamento ap\u00f3s cura;<\/strong><\/li>\n<li><strong>Possibilidade de pigmenta\u00e7\u00e3o;<\/strong><\/li>\n<li><strong>Menor contra\u00e7\u00e3o do mercado.<\/strong><\/li>\n<\/ul>\n<p>A resina para impress\u00e3o 3D Semi-Flex\u00edvel n\u00e3o \u00e9 um produto para sa\u00fade. N\u00e3o deve ser utilizada para odontologia ou qualquer outra \u00e1rea da sa\u00fade. Uso externo.<\/p>\n<p>&nbsp;<\/p>\n","protected":false},"excerpt":{"rendered":"<p>A Resina 3D Semi-Flex\u00edvel da 3D Lab foi desenvolvida para projetos espec\u00edficos que necessitam de uma certa flexibilidade, aliada \u00e0 alta resist\u00eancia a impactos e quedas. Essa resina \u00e9 ideal&hellip;<\/p>\n","protected":false},"featured_media":1108,"comment_status":"open","ping_status":"closed","template":"","meta":[],"product_brand":[],"product_cat":[460,300,463],"product_tag":[459,484],"class_list":{"0":"post-1079","1":"product","2":"type-product","3":"status-publish","4":"has-post-thumbnail","6":"product_cat-resina","7":"product_cat-resina-para-impressora-3d","8":"product_cat-resinas","9":"product_tag-resina-3d","10":"product_tag-resina-3d-semi-flexivel","11":"product_shipping_class-filamentos","13":"first","14":"instock","15":"shipping-taxable","16":"purchasable","17":"product-type-variable","18":"has-default-attributes"},"yoast_head":"<!-- This site is optimized with the Yoast SEO plugin v24.8.1 - https:\/\/yoast.com\/wordpress\/plugins\/seo\/ -->\n<title>Resina 3D Semi-Flex\u00edvel - 3D Lab<\/title>\n<meta name=\"robots\" content=\"index, follow, max-snippet:-1, max-image-preview:large, max-video-preview:-1\" \/>\n<link rel=\"canonical\" href=\"https:\/\/projetosddwb.com.br\/3dlab\/product\/resina-3d-semi-flexivel\/\" \/>\n<meta property=\"og:locale\" content=\"pt_BR\" \/>\n<meta property=\"og:type\" content=\"article\" \/>\n<meta property=\"og:title\" content=\"Resina 3D Semi-Flex\u00edvel - 3D Lab\" \/>\n<meta property=\"og:description\" content=\"A Resina 3D Semi-Flex\u00edvel da 3D Lab foi desenvolvida para projetos espec\u00edficos que necessitam de uma certa flexibilidade, aliada \u00e0 alta resist\u00eancia a impactos e quedas. Essa resina \u00e9 ideal&hellip;\" \/>\n<meta property=\"og:url\" content=\"https:\/\/projetosddwb.com.br\/3dlab\/product\/resina-3d-semi-flexivel\/\" \/>\n<meta property=\"og:site_name\" content=\"3D Lab\" \/>\n<meta property=\"article:publisher\" content=\"https:\/\/www.facebook.com\/3dlabbrasil\/?locale=pt_BR\" \/>\n<meta name=\"twitter:card\" content=\"summary_large_image\" \/>\n<meta name=\"twitter:label1\" content=\"Est. tempo de leitura\" \/>\n\t<meta name=\"twitter:data1\" content=\"1 minuto\" \/>\n<script type=\"application\/ld+json\" class=\"yoast-schema-graph\">{\"@context\":\"https:\/\/schema.org\",\"@graph\":[{\"@type\":\"WebPage\",\"@id\":\"https:\/\/projetosddwb.com.br\/3dlab\/product\/resina-3d-semi-flexivel\/\",\"url\":\"https:\/\/projetosddwb.com.br\/3dlab\/product\/resina-3d-semi-flexivel\/\",\"name\":\"Resina 3D Semi-Flex\u00edvel - 3D Lab\",\"isPartOf\":{\"@id\":\"https:\/\/projetosddwb.com.br\/3dlab\/#website\"},\"primaryImageOfPage\":{\"@id\":\"https:\/\/projetosddwb.com.br\/3dlab\/product\/resina-3d-semi-flexivel\/#primaryimage\"},\"image\":{\"@id\":\"https:\/\/projetosddwb.com.br\/3dlab\/product\/resina-3d-semi-flexivel\/#primaryimage\"},\"thumbnailUrl\":\"\",\"datePublished\":\"2024-04-18T14:41:28+00:00\",\"breadcrumb\":{\"@id\":\"https:\/\/projetosddwb.com.br\/3dlab\/product\/resina-3d-semi-flexivel\/#breadcrumb\"},\"inLanguage\":\"pt-BR\",\"potentialAction\":[{\"@type\":\"ReadAction\",\"target\":[\"https:\/\/projetosddwb.com.br\/3dlab\/product\/resina-3d-semi-flexivel\/\"]}]},{\"@type\":\"ImageObject\",\"inLanguage\":\"pt-BR\",\"@id\":\"https:\/\/projetosddwb.com.br\/3dlab\/product\/resina-3d-semi-flexivel\/#primaryimage\",\"url\":\"\",\"contentUrl\":\"\"},{\"@type\":\"BreadcrumbList\",\"@id\":\"https:\/\/projetosddwb.com.br\/3dlab\/product\/resina-3d-semi-flexivel\/#breadcrumb\",\"itemListElement\":[{\"@type\":\"ListItem\",\"position\":1,\"name\":\"In\u00edcio\",\"item\":\"https:\/\/projetosddwb.com.br\/3dlab\/\"},{\"@type\":\"ListItem\",\"position\":2,\"name\":\"Loja\",\"item\":\"https:\/\/projetosddwb.com.br\/3dlab\/loja\/\"},{\"@type\":\"ListItem\",\"position\":3,\"name\":\"Resina 3D Semi-Flex\u00edvel\"}]},{\"@type\":\"WebSite\",\"@id\":\"https:\/\/projetosddwb.com.br\/3dlab\/#website\",\"url\":\"https:\/\/projetosddwb.com.br\/3dlab\/\",\"name\":\"3D Lab\",\"description\":\"\",\"publisher\":{\"@id\":\"https:\/\/projetosddwb.com.br\/3dlab\/#organization\"},\"potentialAction\":[{\"@type\":\"SearchAction\",\"target\":{\"@type\":\"EntryPoint\",\"urlTemplate\":\"https:\/\/projetosddwb.com.br\/3dlab\/?s={search_term_string}\"},\"query-input\":{\"@type\":\"PropertyValueSpecification\",\"valueRequired\":true,\"valueName\":\"search_term_string\"}}],\"inLanguage\":\"pt-BR\"},{\"@type\":\"Organization\",\"@id\":\"https:\/\/projetosddwb.com.br\/3dlab\/#organization\",\"name\":\"3D Lab\",\"url\":\"https:\/\/projetosddwb.com.br\/3dlab\/\",\"logo\":{\"@type\":\"ImageObject\",\"inLanguage\":\"pt-BR\",\"@id\":\"https:\/\/projetosddwb.com.br\/3dlab\/#\/schema\/logo\/image\/\",\"url\":\"https:\/\/projetosddwb.com.br\/3dlab\/wp-content\/uploads\/2025\/04\/cropped-cropped-3D_HORI_ORIGINAL-1.png\",\"contentUrl\":\"https:\/\/projetosddwb.com.br\/3dlab\/wp-content\/uploads\/2025\/04\/cropped-cropped-3D_HORI_ORIGINAL-1.png\",\"width\":597,\"height\":196,\"caption\":\"3D Lab\"},\"image\":{\"@id\":\"https:\/\/projetosddwb.com.br\/3dlab\/#\/schema\/logo\/image\/\"},\"sameAs\":[\"https:\/\/www.facebook.com\/3dlabbrasil\/?locale=pt_BR\",\"https:\/\/www.instagram.com\/3dlab_brasil\/\"]}]}<\/script>\n<!-- \/ Yoast SEO plugin. -->","yoast_head_json":{"title":"Resina 3D Semi-Flex\u00edvel - 3D Lab","robots":{"index":"index","follow":"follow","max-snippet":"max-snippet:-1","max-image-preview":"max-image-preview:large","max-video-preview":"max-video-preview:-1"},"canonical":"https:\/\/projetosddwb.com.br\/3dlab\/product\/resina-3d-semi-flexivel\/","og_locale":"pt_BR","og_type":"article","og_title":"Resina 3D Semi-Flex\u00edvel - 3D Lab","og_description":"A Resina 3D Semi-Flex\u00edvel da 3D Lab foi desenvolvida para projetos espec\u00edficos que necessitam de uma certa flexibilidade, aliada \u00e0 alta resist\u00eancia a impactos e quedas. Essa resina \u00e9 ideal&hellip;","og_url":"https:\/\/projetosddwb.com.br\/3dlab\/product\/resina-3d-semi-flexivel\/","og_site_name":"3D Lab","article_publisher":"https:\/\/www.facebook.com\/3dlabbrasil\/?locale=pt_BR","twitter_card":"summary_large_image","twitter_misc":{"Est. tempo de leitura":"1 minuto"},"schema":{"@context":"https:\/\/schema.org","@graph":[{"@type":"WebPage","@id":"https:\/\/projetosddwb.com.br\/3dlab\/product\/resina-3d-semi-flexivel\/","url":"https:\/\/projetosddwb.com.br\/3dlab\/product\/resina-3d-semi-flexivel\/","name":"Resina 3D Semi-Flex\u00edvel - 3D Lab","isPartOf":{"@id":"https:\/\/projetosddwb.com.br\/3dlab\/#website"},"primaryImageOfPage":{"@id":"https:\/\/projetosddwb.com.br\/3dlab\/product\/resina-3d-semi-flexivel\/#primaryimage"},"image":{"@id":"https:\/\/projetosddwb.com.br\/3dlab\/product\/resina-3d-semi-flexivel\/#primaryimage"},"thumbnailUrl":"","datePublished":"2024-04-18T14:41:28+00:00","breadcrumb":{"@id":"https:\/\/projetosddwb.com.br\/3dlab\/product\/resina-3d-semi-flexivel\/#breadcrumb"},"inLanguage":"pt-BR","potentialAction":[{"@type":"ReadAction","target":["https:\/\/projetosddwb.com.br\/3dlab\/product\/resina-3d-semi-flexivel\/"]}]},{"@type":"ImageObject","inLanguage":"pt-BR","@id":"https:\/\/projetosddwb.com.br\/3dlab\/product\/resina-3d-semi-flexivel\/#primaryimage","url":"","contentUrl":""},{"@type":"BreadcrumbList","@id":"https:\/\/projetosddwb.com.br\/3dlab\/product\/resina-3d-semi-flexivel\/#breadcrumb","itemListElement":[{"@type":"ListItem","position":1,"name":"In\u00edcio","item":"https:\/\/projetosddwb.com.br\/3dlab\/"},{"@type":"ListItem","position":2,"name":"Loja","item":"https:\/\/projetosddwb.com.br\/3dlab\/loja\/"},{"@type":"ListItem","position":3,"name":"Resina 3D Semi-Flex\u00edvel"}]},{"@type":"WebSite","@id":"https:\/\/projetosddwb.com.br\/3dlab\/#website","url":"https:\/\/projetosddwb.com.br\/3dlab\/","name":"3D Lab","description":"","publisher":{"@id":"https:\/\/projetosddwb.com.br\/3dlab\/#organization"},"potentialAction":[{"@type":"SearchAction","target":{"@type":"EntryPoint","urlTemplate":"https:\/\/projetosddwb.com.br\/3dlab\/?s={search_term_string}"},"query-input":{"@type":"PropertyValueSpecification","valueRequired":true,"valueName":"search_term_string"}}],"inLanguage":"pt-BR"},{"@type":"Organization","@id":"https:\/\/projetosddwb.com.br\/3dlab\/#organization","name":"3D Lab","url":"https:\/\/projetosddwb.com.br\/3dlab\/","logo":{"@type":"ImageObject","inLanguage":"pt-BR","@id":"https:\/\/projetosddwb.com.br\/3dlab\/#\/schema\/logo\/image\/","url":"https:\/\/projetosddwb.com.br\/3dlab\/wp-content\/uploads\/2025\/04\/cropped-cropped-3D_HORI_ORIGINAL-1.png","contentUrl":"https:\/\/projetosddwb.com.br\/3dlab\/wp-content\/uploads\/2025\/04\/cropped-cropped-3D_HORI_ORIGINAL-1.png","width":597,"height":196,"caption":"3D Lab"},"image":{"@id":"https:\/\/projetosddwb.com.br\/3dlab\/#\/schema\/logo\/image\/"},"sameAs":["https:\/\/www.facebook.com\/3dlabbrasil\/?locale=pt_BR","https:\/\/www.instagram.com\/3dlab_brasil\/"]}]}},"_links":{"self":[{"href":"https:\/\/projetosddwb.com.br\/3dlab\/wp-json\/wp\/v2\/product\/1079","targetHints":{"allow":["GET"]}}],"collection":[{"href":"https:\/\/projetosddwb.com.br\/3dlab\/wp-json\/wp\/v2\/product"}],"about":[{"href":"https:\/\/projetosddwb.com.br\/3dlab\/wp-json\/wp\/v2\/types\/product"}],"replies":[{"embeddable":true,"href":"https:\/\/projetosddwb.com.br\/3dlab\/wp-json\/wp\/v2\/comments?post=1079"}],"wp:featuredmedia":[{"embeddable":true,"href":"https:\/\/projetosddwb.com.br\/3dlab\/wp-json\/"}],"wp:attachment":[{"href":"https:\/\/projetosddwb.com.br\/3dlab\/wp-json\/wp\/v2\/media?parent=1079"}],"wp:term":[{"taxonomy":"product_brand","embeddable":true,"href":"https:\/\/projetosddwb.com.br\/3dlab\/wp-json\/wp\/v2\/product_brand?post=1079"},{"taxonomy":"product_cat","embeddable":true,"href":"https:\/\/projetosddwb.com.br\/3dlab\/wp-json\/wp\/v2\/product_cat?post=1079"},{"taxonomy":"product_tag","embeddable":true,"href":"https:\/\/projetosddwb.com.br\/3dlab\/wp-json\/wp\/v2\/product_tag?post=1079"}],"curies":[{"name":"wp","href":"https:\/\/api.w.org\/{rel}","templated":true}]}}