{"id":1089,"date":"2024-04-18T11:41:29","date_gmt":"2024-04-18T14:41:29","guid":{"rendered":"https:\/\/projetosddwb.com.br\/3dlab\/?post_type=product&amp;p=1089"},"modified":"2024-04-18T11:41:29","modified_gmt":"2024-04-18T14:41:29","slug":"impressora-3d-ender-3-32-bits-montada","status":"publish","type":"product","link":"https:\/\/projetosddwb.com.br\/3dlab\/product\/impressora-3d-ender-3-32-bits-montada\/","title":{"rendered":"Impressora 3D Ender 3 32 Bits (Montada)"},"content":{"rendered":"<h2><\/h2>\n<h2><img fetchpriority=\"high\" decoding=\"async\" class=\"alignnone wp-image-104869 size-full\" src=\"https:\/\/3dlab.com.br\/wp-content\/uploads\/2020\/11\/Ender-3.png\" alt=\"\" width=\"1920\" height=\"858\" \/><\/h2>\n<h2 style=\"text-align: justify;\"><strong>Creality Ender 3 32 Bits montada: a impressora 3D mais barata do Brasil!<\/strong><\/h2>\n<p style=\"text-align: justify;\"><span style=\"color: #000000;\">A Creality Ender 3 32 Bits \u00e9 ganhadora de pr\u00eamios de melhor impressora 3D de baixo custo do mundo! Ela possui uma \u00e1rea de impress\u00e3o perfeita para entusiastas da \u00e1rea, al\u00e9m de excelente velocidade de impress\u00e3o.\u00a0<\/span><\/p>\n<p style=\"text-align: justify;\"><span style=\"color: #000000;\">Produto novo enviada <strong>montada e calibrada<\/strong> pela equipe especializada da 3D Lab.<\/span><\/p>\n<p style=\"text-align: justify;\"><span style=\"color: #000000;\">Enviamos as impressoras diretamente de Minas Gerais. Voc\u00ea n\u00e3o precisa se preocupar com taxas de importa\u00e7\u00e3o ou longo tempo de entrega.<\/span><\/p>\n<div><span style=\"color: #000000;\">Agora com placa de 32 Bits a sua impressora tem maior velocidade de manipula\u00e7\u00e3o!<\/span><\/div>\n<p style=\"text-align: justify;\"><span style=\"color: #000000;\">Confira agora as melhores qualidades desta m\u00e1quina:<\/span><\/p>\n<div><img decoding=\"async\" class=\"alignnone wp-image-85287\" src=\"https:\/\/3dlab.com.br\/wp-content\/uploads\/2020\/11\/Caracteristicas-Impressoras-3D-1-300x169.jpg\" alt=\"Ender 3 32 Bits - caracter\u00edsticas\" width=\"700\" height=\"394\" \/><\/div>\n<p><strong>*Para temperaturas acima de 60\u00b0C, recomendamos trocar a mesa adesiva por mesa de vidro.<\/strong><\/p>\n<p><strong>** Tamb\u00e9m recomendamos a velocidade de impress\u00e3o em 90mm\/s.<\/p>\n<p><\/strong><\/p>\n<p><img decoding=\"async\" class=\"aligncenter wp-image-92922 size-full\" src=\"https:\/\/3dlab.com.br\/wp-content\/uploads\/2020\/11\/Ender-3_01.png\" alt=\"\" width=\"433\" height=\"758\" \/> <img loading=\"lazy\" decoding=\"async\" class=\"aligncenter wp-image-92934 size-full\" src=\"https:\/\/3dlab.com.br\/wp-content\/uploads\/2020\/11\/Ender-3_02.jpg\" alt=\"\" width=\"433\" height=\"535\" \/> <img loading=\"lazy\" decoding=\"async\" class=\"aligncenter wp-image-92923 size-full\" src=\"https:\/\/3dlab.com.br\/wp-content\/uploads\/2020\/11\/Ender-3_02.png\" alt=\"\" width=\"433\" height=\"535\" \/><img loading=\"lazy\" decoding=\"async\" class=\"wp-image-92934 size-full aligncenter\" src=\"https:\/\/3dlab.com.br\/wp-content\/uploads\/2020\/11\/Ender-3_02.jpg\" alt=\"\" width=\"433\" height=\"535\" \/> <img loading=\"lazy\" decoding=\"async\" class=\"aligncenter wp-image-92924 size-full\" src=\"https:\/\/3dlab.com.br\/wp-content\/uploads\/2020\/11\/Ender-3_03.png\" alt=\"\" width=\"433\" height=\"798\" \/><img loading=\"lazy\" decoding=\"async\" class=\"aligncenter wp-image-92934 size-full\" src=\"https:\/\/3dlab.com.br\/wp-content\/uploads\/2020\/11\/Ender-3_02.jpg\" alt=\"\" width=\"433\" height=\"535\" \/><img loading=\"lazy\" decoding=\"async\" class=\"aligncenter wp-image-92925 size-full\" src=\"https:\/\/3dlab.com.br\/wp-content\/uploads\/2020\/11\/Ender-3_04.png\" alt=\"\" width=\"433\" height=\"586\" \/> <img loading=\"lazy\" decoding=\"async\" class=\"aligncenter wp-image-92934 size-full\" src=\"https:\/\/3dlab.com.br\/wp-content\/uploads\/2020\/11\/Ender-3_02.jpg\" alt=\"\" width=\"433\" height=\"535\" \/> <img loading=\"lazy\" decoding=\"async\" class=\"aligncenter wp-image-92926 size-full\" src=\"https:\/\/3dlab.com.br\/wp-content\/uploads\/2020\/11\/Ender-3_05.png\" alt=\"\" width=\"433\" height=\"652\" \/><img loading=\"lazy\" decoding=\"async\" class=\"aligncenter wp-image-92934 size-full\" src=\"https:\/\/3dlab.com.br\/wp-content\/uploads\/2020\/11\/Ender-3_02.jpg\" alt=\"\" width=\"433\" height=\"535\" \/><img loading=\"lazy\" decoding=\"async\" class=\"aligncenter wp-image-92928 size-full\" src=\"https:\/\/3dlab.com.br\/wp-content\/uploads\/2020\/11\/Ender-3_07.png\" alt=\"\" width=\"433\" height=\"587\" \/> <img loading=\"lazy\" decoding=\"async\" class=\"aligncenter wp-image-92934 size-full\" src=\"https:\/\/3dlab.com.br\/wp-content\/uploads\/2020\/11\/Ender-3_02.jpg\" alt=\"\" width=\"433\" height=\"535\" \/> <img loading=\"lazy\" decoding=\"async\" class=\"aligncenter wp-image-92929 size-full\" src=\"https:\/\/3dlab.com.br\/wp-content\/uploads\/2020\/11\/Ender-3_08.png\" alt=\"\" width=\"433\" height=\"652\" \/><img loading=\"lazy\" decoding=\"async\" class=\"aligncenter wp-image-92934 size-full\" src=\"https:\/\/3dlab.com.br\/wp-content\/uploads\/2020\/11\/Ender-3_02.jpg\" alt=\"\" width=\"433\" height=\"535\" \/> <img loading=\"lazy\" decoding=\"async\" class=\"aligncenter wp-image-92930 size-full\" src=\"https:\/\/3dlab.com.br\/wp-content\/uploads\/2020\/11\/Ender-3_09.png\" alt=\"\" width=\"433\" height=\"1017\" \/><img loading=\"lazy\" decoding=\"async\" class=\"aligncenter wp-image-92934 size-full\" src=\"https:\/\/3dlab.com.br\/wp-content\/uploads\/2020\/11\/Ender-3_02.jpg\" alt=\"\" width=\"433\" height=\"535\" \/> <img loading=\"lazy\" decoding=\"async\" class=\"aligncenter wp-image-92931 size-full\" src=\"https:\/\/3dlab.com.br\/wp-content\/uploads\/2020\/11\/Ender-3_10.png\" alt=\"\" width=\"433\" height=\"723\" \/><img loading=\"lazy\" decoding=\"async\" class=\"aligncenter wp-image-92934 size-full\" src=\"https:\/\/3dlab.com.br\/wp-content\/uploads\/2020\/11\/Ender-3_02.jpg\" alt=\"\" width=\"433\" height=\"535\" \/><img loading=\"lazy\" decoding=\"async\" class=\"aligncenter wp-image-92932 size-full\" src=\"https:\/\/3dlab.com.br\/wp-content\/uploads\/2020\/11\/Ender-3_11.png\" alt=\"\" width=\"433\" height=\"670\" \/><img loading=\"lazy\" decoding=\"async\" class=\"aligncenter wp-image-92934 size-full\" src=\"https:\/\/3dlab.com.br\/wp-content\/uploads\/2020\/11\/Ender-3_02.jpg\" alt=\"\" width=\"433\" height=\"535\" \/> <img loading=\"lazy\" decoding=\"async\" class=\"aligncenter wp-image-92933 size-full\" src=\"https:\/\/3dlab.com.br\/wp-content\/uploads\/2020\/11\/Ender-3_12.png\" alt=\"\" width=\"433\" height=\"579\" \/><\/p>\n","protected":false},"excerpt":{"rendered":"<p>Creality Ender 3 32 Bits montada: a impressora 3D mais barata do Brasil! A Creality Ender 3 32 Bits \u00e9 ganhadora de pr\u00eamios de melhor impressora 3D de baixo custo&hellip;<\/p>\n","protected":false},"featured_media":1111,"comment_status":"open","ping_status":"closed","template":"","meta":[],"product_brand":[],"product_cat":[264],"product_tag":[485],"class_list":{"0":"post-1089","1":"product","2":"type-product","3":"status-publish","4":"has-post-thumbnail","6":"product_cat-sem-categoria","7":"product_tag-ender-3-32-bits","8":"product_shipping_class-impressoras-c-frete","10":"first","11":"instock","12":"shipping-taxable","13":"purchasable","14":"product-type-simple"},"yoast_head":"<!-- This site is optimized with the Yoast SEO plugin v24.8.1 - https:\/\/yoast.com\/wordpress\/plugins\/seo\/ -->\n<title>Impressora 3D Ender 3 32 Bits (Montada) - 3D Lab<\/title>\n<meta name=\"robots\" content=\"index, follow, max-snippet:-1, max-image-preview:large, max-video-preview:-1\" \/>\n<link rel=\"canonical\" href=\"https:\/\/projetosddwb.com.br\/3dlab\/product\/impressora-3d-ender-3-32-bits-montada\/\" \/>\n<meta property=\"og:locale\" content=\"pt_BR\" \/>\n<meta property=\"og:type\" content=\"article\" \/>\n<meta property=\"og:title\" content=\"Impressora 3D Ender 3 32 Bits (Montada) - 3D Lab\" \/>\n<meta property=\"og:description\" content=\"Creality Ender 3 32 Bits montada: a impressora 3D mais barata do Brasil! A Creality Ender 3 32 Bits \u00e9 ganhadora de pr\u00eamios de melhor impressora 3D de baixo custo&hellip;\" \/>\n<meta property=\"og:url\" content=\"https:\/\/projetosddwb.com.br\/3dlab\/product\/impressora-3d-ender-3-32-bits-montada\/\" \/>\n<meta property=\"og:site_name\" content=\"3D Lab\" \/>\n<meta property=\"article:publisher\" content=\"https:\/\/www.facebook.com\/3dlabbrasil\/?locale=pt_BR\" \/>\n<meta property=\"og:image\" content=\"https:\/\/3dlab.com.br\/wp-content\/uploads\/2020\/11\/Ender-3.png\" \/>\n<meta name=\"twitter:card\" content=\"summary_large_image\" \/>\n<meta name=\"twitter:label1\" content=\"Est. tempo de leitura\" \/>\n\t<meta name=\"twitter:data1\" content=\"1 minuto\" \/>\n<script type=\"application\/ld+json\" class=\"yoast-schema-graph\">{\"@context\":\"https:\/\/schema.org\",\"@graph\":[{\"@type\":\"WebPage\",\"@id\":\"https:\/\/projetosddwb.com.br\/3dlab\/product\/impressora-3d-ender-3-32-bits-montada\/\",\"url\":\"https:\/\/projetosddwb.com.br\/3dlab\/product\/impressora-3d-ender-3-32-bits-montada\/\",\"name\":\"Impressora 3D Ender 3 32 Bits (Montada) - 3D Lab\",\"isPartOf\":{\"@id\":\"https:\/\/projetosddwb.com.br\/3dlab\/#website\"},\"primaryImageOfPage\":{\"@id\":\"https:\/\/projetosddwb.com.br\/3dlab\/product\/impressora-3d-ender-3-32-bits-montada\/#primaryimage\"},\"image\":{\"@id\":\"https:\/\/projetosddwb.com.br\/3dlab\/product\/impressora-3d-ender-3-32-bits-montada\/#primaryimage\"},\"thumbnailUrl\":\"\",\"datePublished\":\"2024-04-18T14:41:29+00:00\",\"breadcrumb\":{\"@id\":\"https:\/\/projetosddwb.com.br\/3dlab\/product\/impressora-3d-ender-3-32-bits-montada\/#breadcrumb\"},\"inLanguage\":\"pt-BR\",\"potentialAction\":[{\"@type\":\"ReadAction\",\"target\":[\"https:\/\/projetosddwb.com.br\/3dlab\/product\/impressora-3d-ender-3-32-bits-montada\/\"]}]},{\"@type\":\"ImageObject\",\"inLanguage\":\"pt-BR\",\"@id\":\"https:\/\/projetosddwb.com.br\/3dlab\/product\/impressora-3d-ender-3-32-bits-montada\/#primaryimage\",\"url\":\"\",\"contentUrl\":\"\"},{\"@type\":\"BreadcrumbList\",\"@id\":\"https:\/\/projetosddwb.com.br\/3dlab\/product\/impressora-3d-ender-3-32-bits-montada\/#breadcrumb\",\"itemListElement\":[{\"@type\":\"ListItem\",\"position\":1,\"name\":\"In\u00edcio\",\"item\":\"https:\/\/projetosddwb.com.br\/3dlab\/\"},{\"@type\":\"ListItem\",\"position\":2,\"name\":\"Loja\",\"item\":\"https:\/\/projetosddwb.com.br\/3dlab\/loja\/\"},{\"@type\":\"ListItem\",\"position\":3,\"name\":\"Impressora 3D Ender 3 32 Bits (Montada)\"}]},{\"@type\":\"WebSite\",\"@id\":\"https:\/\/projetosddwb.com.br\/3dlab\/#website\",\"url\":\"https:\/\/projetosddwb.com.br\/3dlab\/\",\"name\":\"3D Lab\",\"description\":\"\",\"publisher\":{\"@id\":\"https:\/\/projetosddwb.com.br\/3dlab\/#organization\"},\"potentialAction\":[{\"@type\":\"SearchAction\",\"target\":{\"@type\":\"EntryPoint\",\"urlTemplate\":\"https:\/\/projetosddwb.com.br\/3dlab\/?s={search_term_string}\"},\"query-input\":{\"@type\":\"PropertyValueSpecification\",\"valueRequired\":true,\"valueName\":\"search_term_string\"}}],\"inLanguage\":\"pt-BR\"},{\"@type\":\"Organization\",\"@id\":\"https:\/\/projetosddwb.com.br\/3dlab\/#organization\",\"name\":\"3D Lab\",\"url\":\"https:\/\/projetosddwb.com.br\/3dlab\/\",\"logo\":{\"@type\":\"ImageObject\",\"inLanguage\":\"pt-BR\",\"@id\":\"https:\/\/projetosddwb.com.br\/3dlab\/#\/schema\/logo\/image\/\",\"url\":\"https:\/\/projetosddwb.com.br\/3dlab\/wp-content\/uploads\/2025\/04\/cropped-cropped-3D_HORI_ORIGINAL-1.png\",\"contentUrl\":\"https:\/\/projetosddwb.com.br\/3dlab\/wp-content\/uploads\/2025\/04\/cropped-cropped-3D_HORI_ORIGINAL-1.png\",\"width\":597,\"height\":196,\"caption\":\"3D Lab\"},\"image\":{\"@id\":\"https:\/\/projetosddwb.com.br\/3dlab\/#\/schema\/logo\/image\/\"},\"sameAs\":[\"https:\/\/www.facebook.com\/3dlabbrasil\/?locale=pt_BR\",\"https:\/\/www.instagram.com\/3dlab_brasil\/\"]}]}<\/script>\n<!-- \/ Yoast SEO plugin. -->","yoast_head_json":{"title":"Impressora 3D Ender 3 32 Bits (Montada) - 3D Lab","robots":{"index":"index","follow":"follow","max-snippet":"max-snippet:-1","max-image-preview":"max-image-preview:large","max-video-preview":"max-video-preview:-1"},"canonical":"https:\/\/projetosddwb.com.br\/3dlab\/product\/impressora-3d-ender-3-32-bits-montada\/","og_locale":"pt_BR","og_type":"article","og_title":"Impressora 3D Ender 3 32 Bits (Montada) - 3D Lab","og_description":"Creality Ender 3 32 Bits montada: a impressora 3D mais barata do Brasil! A Creality Ender 3 32 Bits \u00e9 ganhadora de pr\u00eamios de melhor impressora 3D de baixo custo&hellip;","og_url":"https:\/\/projetosddwb.com.br\/3dlab\/product\/impressora-3d-ender-3-32-bits-montada\/","og_site_name":"3D Lab","article_publisher":"https:\/\/www.facebook.com\/3dlabbrasil\/?locale=pt_BR","og_image":[{"url":"https:\/\/3dlab.com.br\/wp-content\/uploads\/2020\/11\/Ender-3.png","type":"","width":"","height":""}],"twitter_card":"summary_large_image","twitter_misc":{"Est. tempo de leitura":"1 minuto"},"schema":{"@context":"https:\/\/schema.org","@graph":[{"@type":"WebPage","@id":"https:\/\/projetosddwb.com.br\/3dlab\/product\/impressora-3d-ender-3-32-bits-montada\/","url":"https:\/\/projetosddwb.com.br\/3dlab\/product\/impressora-3d-ender-3-32-bits-montada\/","name":"Impressora 3D Ender 3 32 Bits (Montada) - 3D Lab","isPartOf":{"@id":"https:\/\/projetosddwb.com.br\/3dlab\/#website"},"primaryImageOfPage":{"@id":"https:\/\/projetosddwb.com.br\/3dlab\/product\/impressora-3d-ender-3-32-bits-montada\/#primaryimage"},"image":{"@id":"https:\/\/projetosddwb.com.br\/3dlab\/product\/impressora-3d-ender-3-32-bits-montada\/#primaryimage"},"thumbnailUrl":"","datePublished":"2024-04-18T14:41:29+00:00","breadcrumb":{"@id":"https:\/\/projetosddwb.com.br\/3dlab\/product\/impressora-3d-ender-3-32-bits-montada\/#breadcrumb"},"inLanguage":"pt-BR","potentialAction":[{"@type":"ReadAction","target":["https:\/\/projetosddwb.com.br\/3dlab\/product\/impressora-3d-ender-3-32-bits-montada\/"]}]},{"@type":"ImageObject","inLanguage":"pt-BR","@id":"https:\/\/projetosddwb.com.br\/3dlab\/product\/impressora-3d-ender-3-32-bits-montada\/#primaryimage","url":"","contentUrl":""},{"@type":"BreadcrumbList","@id":"https:\/\/projetosddwb.com.br\/3dlab\/product\/impressora-3d-ender-3-32-bits-montada\/#breadcrumb","itemListElement":[{"@type":"ListItem","position":1,"name":"In\u00edcio","item":"https:\/\/projetosddwb.com.br\/3dlab\/"},{"@type":"ListItem","position":2,"name":"Loja","item":"https:\/\/projetosddwb.com.br\/3dlab\/loja\/"},{"@type":"ListItem","position":3,"name":"Impressora 3D Ender 3 32 Bits (Montada)"}]},{"@type":"WebSite","@id":"https:\/\/projetosddwb.com.br\/3dlab\/#website","url":"https:\/\/projetosddwb.com.br\/3dlab\/","name":"3D Lab","description":"","publisher":{"@id":"https:\/\/projetosddwb.com.br\/3dlab\/#organization"},"potentialAction":[{"@type":"SearchAction","target":{"@type":"EntryPoint","urlTemplate":"https:\/\/projetosddwb.com.br\/3dlab\/?s={search_term_string}"},"query-input":{"@type":"PropertyValueSpecification","valueRequired":true,"valueName":"search_term_string"}}],"inLanguage":"pt-BR"},{"@type":"Organization","@id":"https:\/\/projetosddwb.com.br\/3dlab\/#organization","name":"3D Lab","url":"https:\/\/projetosddwb.com.br\/3dlab\/","logo":{"@type":"ImageObject","inLanguage":"pt-BR","@id":"https:\/\/projetosddwb.com.br\/3dlab\/#\/schema\/logo\/image\/","url":"https:\/\/projetosddwb.com.br\/3dlab\/wp-content\/uploads\/2025\/04\/cropped-cropped-3D_HORI_ORIGINAL-1.png","contentUrl":"https:\/\/projetosddwb.com.br\/3dlab\/wp-content\/uploads\/2025\/04\/cropped-cropped-3D_HORI_ORIGINAL-1.png","width":597,"height":196,"caption":"3D Lab"},"image":{"@id":"https:\/\/projetosddwb.com.br\/3dlab\/#\/schema\/logo\/image\/"},"sameAs":["https:\/\/www.facebook.com\/3dlabbrasil\/?locale=pt_BR","https:\/\/www.instagram.com\/3dlab_brasil\/"]}]}},"_links":{"self":[{"href":"https:\/\/projetosddwb.com.br\/3dlab\/wp-json\/wp\/v2\/product\/1089","targetHints":{"allow":["GET"]}}],"collection":[{"href":"https:\/\/projetosddwb.com.br\/3dlab\/wp-json\/wp\/v2\/product"}],"about":[{"href":"https:\/\/projetosddwb.com.br\/3dlab\/wp-json\/wp\/v2\/types\/product"}],"replies":[{"embeddable":true,"href":"https:\/\/projetosddwb.com.br\/3dlab\/wp-json\/wp\/v2\/comments?post=1089"}],"wp:featuredmedia":[{"embeddable":true,"href":"https:\/\/projetosddwb.com.br\/3dlab\/wp-json\/"}],"wp:attachment":[{"href":"https:\/\/projetosddwb.com.br\/3dlab\/wp-json\/wp\/v2\/media?parent=1089"}],"wp:term":[{"taxonomy":"product_brand","embeddable":true,"href":"https:\/\/projetosddwb.com.br\/3dlab\/wp-json\/wp\/v2\/product_brand?post=1089"},{"taxonomy":"product_cat","embeddable":true,"href":"https:\/\/projetosddwb.com.br\/3dlab\/wp-json\/wp\/v2\/product_cat?post=1089"},{"taxonomy":"product_tag","embeddable":true,"href":"https:\/\/projetosddwb.com.br\/3dlab\/wp-json\/wp\/v2\/product_tag?post=1089"}],"curies":[{"name":"wp","href":"https:\/\/api.w.org\/{rel}","templated":true}]}}