{"id":1139,"date":"2024-04-18T11:48:19","date_gmt":"2024-04-18T14:48:19","guid":{"rendered":"https:\/\/projetosddwb.com.br\/3dlab\/?post_type=product&amp;p=1139"},"modified":"2024-04-18T11:48:19","modified_gmt":"2024-04-18T14:48:19","slug":"kit-de-30kg-filamento-abs-premium-10-carreteis-de-3kg-cada-sob-demanda","status":"publish","type":"product","link":"https:\/\/projetosddwb.com.br\/3dlab\/product\/kit-de-30kg-filamento-abs-premium-10-carreteis-de-3kg-cada-sob-demanda\/","title":{"rendered":"Kit de 30Kg &#8211; Filamento ABS Premium \u2013 10 carret\u00e9is de 3Kg cada (sob demanda)"},"content":{"rendered":"<p>Carretel de filamento ABS Premium com 3Kg &#8211; venda somente sob demanda e com prazo de at\u00e9 20 dias \u00fateis para fabrica\u00e7\u00e3o!<\/p>\n<p>Para pessoas e empresas que necessitam de filamento em maior quantidade n\u00f3s desenvolvemos o carretel de 3Kg. O material tem a mesma qualidade dos nossos j\u00e1 conhecidos produtos.<\/p>\n<p>A op\u00e7\u00e3o do carretel de 3Kg s\u00f3 \u00e9 v\u00e1lida sob demanda e com pedido m\u00ednimo de 10 carret\u00e9is, ou 30 quilos. Ap\u00f3s finalizar a compra no nosso site, envie um e-mail para atendimento@3dlab.com.br informando o n\u00famero do pedido e a cor desejada (pode ser qualquer cor ofertada nos nossos carret\u00e9is normais de um quilo).<\/p>\n<p>Qualquer d\u00favida \u00e9 s\u00f3 acionar nossa equipe de atendimento no chat online ou nos demais canais de comunica\u00e7\u00e3o.<\/p>\n<p>O Filamento ABS PREMIUM \u00e9 um dos materiais mais nobres para impress\u00e3o 3D. Possui caracter\u00edsticas especiais como a alta resist\u00eancia mec\u00e2nica, alta resist\u00eancia t\u00e9rmica, elevada facilidade de acabamento, principalmente com vapor de acetona pura e \u00f3tima qualidade superficial. O Filamento ABS PREMIUM pode ser utilizado preferencialmente em impressoras fechadas e necessita utilizar mesa aquecida.<\/p>\n<p>Dimens\u00f5es do carretel de 3Kg:<\/p>\n<p>Largura: 10,2cm<\/p>\n<p>Di\u00e2metro interno: 6cm<\/p>\n<p>Di\u00e2metro externo: 29,8cm<\/p>\n","protected":false},"excerpt":{"rendered":"<p>Carretel de filamento ABS Premium com 3Kg &#8211; venda somente sob demanda e com prazo de at\u00e9 20 dias \u00fateis para fabrica\u00e7\u00e3o!<\/p>\n<p>Para pessoas e empresas que necessitam de filamento em maior quantidade n\u00f3s desenvolvemos o carretel de 3Kg. O material tem a mesma qualidade dos nossos j\u00e1 conhecidos produtos.<\/p>\n<p>A op\u00e7\u00e3o do carretel de 3Kg s\u00f3 \u00e9 v\u00e1lida sob demanda e com pedido m\u00ednimo de 10 carret\u00e9is, ou 30 quilos. Ap\u00f3s finalizar a compra no nosso site, envie um e-mail para atendimento@3dlab.com.br informando o n\u00famero do pedido e a cor desejada (pode ser qualquer cor ofertada nos nossos carret\u00e9is normais de um quilo).<\/p>\n<p>O produto \u00e9 enviado em embalagem espec\u00edfica e em carretel apropriado, condicionado em pl\u00e1stico para evitar contato com umidade.<\/p>\n<p>Qualquer d\u00favida \u00e9 s\u00f3 acionar nossa equipe de atendimento no chat online ou nos demais canais de comunica\u00e7\u00e3o.<\/p>\n","protected":false},"featured_media":1165,"comment_status":"open","ping_status":"closed","template":"","meta":[],"product_brand":[],"product_cat":[276,489,272],"product_tag":[491],"class_list":{"0":"post-1139","1":"product","2":"type-product","3":"status-publish","4":"has-post-thumbnail","6":"product_cat-filamento-abs-premium","7":"product_cat-filamento-de-3kg","8":"product_cat-filamento-para-impressora-3d","9":"product_tag-filamento-abs-3kg","10":"product_shipping_class-filamentos","12":"first","13":"outofstock","14":"shipping-taxable","15":"purchasable","16":"product-type-variable"},"yoast_head":"<!-- This site is optimized with the Yoast SEO plugin v24.8.1 - https:\/\/yoast.com\/wordpress\/plugins\/seo\/ -->\n<title>Kit de 30Kg - Filamento ABS Premium \u2013 10 carret\u00e9is de 3Kg cada (sob demanda) - 3D Lab<\/title>\n<meta name=\"robots\" content=\"index, follow, max-snippet:-1, max-image-preview:large, max-video-preview:-1\" \/>\n<link rel=\"canonical\" href=\"https:\/\/projetosddwb.com.br\/3dlab\/product\/kit-de-30kg-filamento-abs-premium-10-carreteis-de-3kg-cada-sob-demanda\/\" \/>\n<meta property=\"og:locale\" content=\"pt_BR\" \/>\n<meta property=\"og:type\" content=\"article\" \/>\n<meta property=\"og:title\" content=\"Kit de 30Kg - Filamento ABS Premium \u2013 10 carret\u00e9is de 3Kg cada (sob demanda) - 3D Lab\" \/>\n<meta property=\"og:description\" content=\"Carretel de filamento ABS Premium com 3Kg - venda somente sob demanda e com prazo de at\u00e9 20 dias \u00fateis para fabrica\u00e7\u00e3o!  Para pessoas e empresas que necessitam de filamento em maior quantidade n\u00f3s desenvolvemos o carretel de 3Kg. O material tem a mesma qualidade dos nossos j\u00e1 conhecidos produtos.  A op\u00e7\u00e3o do carretel de 3Kg s\u00f3 \u00e9 v\u00e1lida sob demanda e com pedido m\u00ednimo de 10 carret\u00e9is, ou 30 quilos. Ap\u00f3s finalizar a compra no nosso site, envie um e-mail para atendimento@3dlab.com.br informando o n\u00famero do pedido e a cor desejada (pode ser qualquer cor ofertada nos nossos carret\u00e9is normais de um quilo).  O produto \u00e9 enviado em embalagem espec\u00edfica e em carretel apropriado, condicionado em pl\u00e1stico para evitar contato com umidade.  Qualquer d\u00favida \u00e9 s\u00f3 acionar nossa equipe de atendimento no chat online ou nos demais canais de comunica\u00e7\u00e3o.\" \/>\n<meta property=\"og:url\" content=\"https:\/\/projetosddwb.com.br\/3dlab\/product\/kit-de-30kg-filamento-abs-premium-10-carreteis-de-3kg-cada-sob-demanda\/\" \/>\n<meta property=\"og:site_name\" content=\"3D Lab\" \/>\n<meta property=\"article:publisher\" content=\"https:\/\/www.facebook.com\/3dlabbrasil\/?locale=pt_BR\" \/>\n<meta name=\"twitter:card\" content=\"summary_large_image\" \/>\n<meta name=\"twitter:label1\" content=\"Est. tempo de leitura\" \/>\n\t<meta name=\"twitter:data1\" content=\"1 minuto\" \/>\n<script type=\"application\/ld+json\" class=\"yoast-schema-graph\">{\"@context\":\"https:\/\/schema.org\",\"@graph\":[{\"@type\":\"WebPage\",\"@id\":\"https:\/\/projetosddwb.com.br\/3dlab\/product\/kit-de-30kg-filamento-abs-premium-10-carreteis-de-3kg-cada-sob-demanda\/\",\"url\":\"https:\/\/projetosddwb.com.br\/3dlab\/product\/kit-de-30kg-filamento-abs-premium-10-carreteis-de-3kg-cada-sob-demanda\/\",\"name\":\"Kit de 30Kg - Filamento ABS Premium \u2013 10 carret\u00e9is de 3Kg cada (sob demanda) - 3D Lab\",\"isPartOf\":{\"@id\":\"https:\/\/projetosddwb.com.br\/3dlab\/#website\"},\"primaryImageOfPage\":{\"@id\":\"https:\/\/projetosddwb.com.br\/3dlab\/product\/kit-de-30kg-filamento-abs-premium-10-carreteis-de-3kg-cada-sob-demanda\/#primaryimage\"},\"image\":{\"@id\":\"https:\/\/projetosddwb.com.br\/3dlab\/product\/kit-de-30kg-filamento-abs-premium-10-carreteis-de-3kg-cada-sob-demanda\/#primaryimage\"},\"thumbnailUrl\":\"\",\"datePublished\":\"2024-04-18T14:48:19+00:00\",\"breadcrumb\":{\"@id\":\"https:\/\/projetosddwb.com.br\/3dlab\/product\/kit-de-30kg-filamento-abs-premium-10-carreteis-de-3kg-cada-sob-demanda\/#breadcrumb\"},\"inLanguage\":\"pt-BR\",\"potentialAction\":[{\"@type\":\"ReadAction\",\"target\":[\"https:\/\/projetosddwb.com.br\/3dlab\/product\/kit-de-30kg-filamento-abs-premium-10-carreteis-de-3kg-cada-sob-demanda\/\"]}]},{\"@type\":\"ImageObject\",\"inLanguage\":\"pt-BR\",\"@id\":\"https:\/\/projetosddwb.com.br\/3dlab\/product\/kit-de-30kg-filamento-abs-premium-10-carreteis-de-3kg-cada-sob-demanda\/#primaryimage\",\"url\":\"\",\"contentUrl\":\"\"},{\"@type\":\"BreadcrumbList\",\"@id\":\"https:\/\/projetosddwb.com.br\/3dlab\/product\/kit-de-30kg-filamento-abs-premium-10-carreteis-de-3kg-cada-sob-demanda\/#breadcrumb\",\"itemListElement\":[{\"@type\":\"ListItem\",\"position\":1,\"name\":\"In\u00edcio\",\"item\":\"https:\/\/projetosddwb.com.br\/3dlab\/\"},{\"@type\":\"ListItem\",\"position\":2,\"name\":\"Loja\",\"item\":\"https:\/\/projetosddwb.com.br\/3dlab\/loja\/\"},{\"@type\":\"ListItem\",\"position\":3,\"name\":\"Kit de 30Kg &#8211; Filamento ABS Premium \u2013 10 carret\u00e9is de 3Kg cada (sob demanda)\"}]},{\"@type\":\"WebSite\",\"@id\":\"https:\/\/projetosddwb.com.br\/3dlab\/#website\",\"url\":\"https:\/\/projetosddwb.com.br\/3dlab\/\",\"name\":\"3D Lab\",\"description\":\"\",\"publisher\":{\"@id\":\"https:\/\/projetosddwb.com.br\/3dlab\/#organization\"},\"potentialAction\":[{\"@type\":\"SearchAction\",\"target\":{\"@type\":\"EntryPoint\",\"urlTemplate\":\"https:\/\/projetosddwb.com.br\/3dlab\/?s={search_term_string}\"},\"query-input\":{\"@type\":\"PropertyValueSpecification\",\"valueRequired\":true,\"valueName\":\"search_term_string\"}}],\"inLanguage\":\"pt-BR\"},{\"@type\":\"Organization\",\"@id\":\"https:\/\/projetosddwb.com.br\/3dlab\/#organization\",\"name\":\"3D Lab\",\"url\":\"https:\/\/projetosddwb.com.br\/3dlab\/\",\"logo\":{\"@type\":\"ImageObject\",\"inLanguage\":\"pt-BR\",\"@id\":\"https:\/\/projetosddwb.com.br\/3dlab\/#\/schema\/logo\/image\/\",\"url\":\"https:\/\/projetosddwb.com.br\/3dlab\/wp-content\/uploads\/2025\/04\/cropped-cropped-3D_HORI_ORIGINAL-1.png\",\"contentUrl\":\"https:\/\/projetosddwb.com.br\/3dlab\/wp-content\/uploads\/2025\/04\/cropped-cropped-3D_HORI_ORIGINAL-1.png\",\"width\":597,\"height\":196,\"caption\":\"3D Lab\"},\"image\":{\"@id\":\"https:\/\/projetosddwb.com.br\/3dlab\/#\/schema\/logo\/image\/\"},\"sameAs\":[\"https:\/\/www.facebook.com\/3dlabbrasil\/?locale=pt_BR\",\"https:\/\/www.instagram.com\/3dlab_brasil\/\"]}]}<\/script>\n<!-- \/ Yoast SEO plugin. -->","yoast_head_json":{"title":"Kit de 30Kg - Filamento ABS Premium \u2013 10 carret\u00e9is de 3Kg cada (sob demanda) - 3D Lab","robots":{"index":"index","follow":"follow","max-snippet":"max-snippet:-1","max-image-preview":"max-image-preview:large","max-video-preview":"max-video-preview:-1"},"canonical":"https:\/\/projetosddwb.com.br\/3dlab\/product\/kit-de-30kg-filamento-abs-premium-10-carreteis-de-3kg-cada-sob-demanda\/","og_locale":"pt_BR","og_type":"article","og_title":"Kit de 30Kg - Filamento ABS Premium \u2013 10 carret\u00e9is de 3Kg cada (sob demanda) - 3D Lab","og_description":"Carretel de filamento ABS Premium com 3Kg - venda somente sob demanda e com prazo de at\u00e9 20 dias \u00fateis para fabrica\u00e7\u00e3o!  Para pessoas e empresas que necessitam de filamento em maior quantidade n\u00f3s desenvolvemos o carretel de 3Kg. O material tem a mesma qualidade dos nossos j\u00e1 conhecidos produtos.  A op\u00e7\u00e3o do carretel de 3Kg s\u00f3 \u00e9 v\u00e1lida sob demanda e com pedido m\u00ednimo de 10 carret\u00e9is, ou 30 quilos. Ap\u00f3s finalizar a compra no nosso site, envie um e-mail para atendimento@3dlab.com.br informando o n\u00famero do pedido e a cor desejada (pode ser qualquer cor ofertada nos nossos carret\u00e9is normais de um quilo).  O produto \u00e9 enviado em embalagem espec\u00edfica e em carretel apropriado, condicionado em pl\u00e1stico para evitar contato com umidade.  Qualquer d\u00favida \u00e9 s\u00f3 acionar nossa equipe de atendimento no chat online ou nos demais canais de comunica\u00e7\u00e3o.","og_url":"https:\/\/projetosddwb.com.br\/3dlab\/product\/kit-de-30kg-filamento-abs-premium-10-carreteis-de-3kg-cada-sob-demanda\/","og_site_name":"3D Lab","article_publisher":"https:\/\/www.facebook.com\/3dlabbrasil\/?locale=pt_BR","twitter_card":"summary_large_image","twitter_misc":{"Est. tempo de leitura":"1 minuto"},"schema":{"@context":"https:\/\/schema.org","@graph":[{"@type":"WebPage","@id":"https:\/\/projetosddwb.com.br\/3dlab\/product\/kit-de-30kg-filamento-abs-premium-10-carreteis-de-3kg-cada-sob-demanda\/","url":"https:\/\/projetosddwb.com.br\/3dlab\/product\/kit-de-30kg-filamento-abs-premium-10-carreteis-de-3kg-cada-sob-demanda\/","name":"Kit de 30Kg - Filamento ABS Premium \u2013 10 carret\u00e9is de 3Kg cada (sob demanda) - 3D Lab","isPartOf":{"@id":"https:\/\/projetosddwb.com.br\/3dlab\/#website"},"primaryImageOfPage":{"@id":"https:\/\/projetosddwb.com.br\/3dlab\/product\/kit-de-30kg-filamento-abs-premium-10-carreteis-de-3kg-cada-sob-demanda\/#primaryimage"},"image":{"@id":"https:\/\/projetosddwb.com.br\/3dlab\/product\/kit-de-30kg-filamento-abs-premium-10-carreteis-de-3kg-cada-sob-demanda\/#primaryimage"},"thumbnailUrl":"","datePublished":"2024-04-18T14:48:19+00:00","breadcrumb":{"@id":"https:\/\/projetosddwb.com.br\/3dlab\/product\/kit-de-30kg-filamento-abs-premium-10-carreteis-de-3kg-cada-sob-demanda\/#breadcrumb"},"inLanguage":"pt-BR","potentialAction":[{"@type":"ReadAction","target":["https:\/\/projetosddwb.com.br\/3dlab\/product\/kit-de-30kg-filamento-abs-premium-10-carreteis-de-3kg-cada-sob-demanda\/"]}]},{"@type":"ImageObject","inLanguage":"pt-BR","@id":"https:\/\/projetosddwb.com.br\/3dlab\/product\/kit-de-30kg-filamento-abs-premium-10-carreteis-de-3kg-cada-sob-demanda\/#primaryimage","url":"","contentUrl":""},{"@type":"BreadcrumbList","@id":"https:\/\/projetosddwb.com.br\/3dlab\/product\/kit-de-30kg-filamento-abs-premium-10-carreteis-de-3kg-cada-sob-demanda\/#breadcrumb","itemListElement":[{"@type":"ListItem","position":1,"name":"In\u00edcio","item":"https:\/\/projetosddwb.com.br\/3dlab\/"},{"@type":"ListItem","position":2,"name":"Loja","item":"https:\/\/projetosddwb.com.br\/3dlab\/loja\/"},{"@type":"ListItem","position":3,"name":"Kit de 30Kg &#8211; Filamento ABS Premium \u2013 10 carret\u00e9is de 3Kg cada (sob demanda)"}]},{"@type":"WebSite","@id":"https:\/\/projetosddwb.com.br\/3dlab\/#website","url":"https:\/\/projetosddwb.com.br\/3dlab\/","name":"3D Lab","description":"","publisher":{"@id":"https:\/\/projetosddwb.com.br\/3dlab\/#organization"},"potentialAction":[{"@type":"SearchAction","target":{"@type":"EntryPoint","urlTemplate":"https:\/\/projetosddwb.com.br\/3dlab\/?s={search_term_string}"},"query-input":{"@type":"PropertyValueSpecification","valueRequired":true,"valueName":"search_term_string"}}],"inLanguage":"pt-BR"},{"@type":"Organization","@id":"https:\/\/projetosddwb.com.br\/3dlab\/#organization","name":"3D Lab","url":"https:\/\/projetosddwb.com.br\/3dlab\/","logo":{"@type":"ImageObject","inLanguage":"pt-BR","@id":"https:\/\/projetosddwb.com.br\/3dlab\/#\/schema\/logo\/image\/","url":"https:\/\/projetosddwb.com.br\/3dlab\/wp-content\/uploads\/2025\/04\/cropped-cropped-3D_HORI_ORIGINAL-1.png","contentUrl":"https:\/\/projetosddwb.com.br\/3dlab\/wp-content\/uploads\/2025\/04\/cropped-cropped-3D_HORI_ORIGINAL-1.png","width":597,"height":196,"caption":"3D Lab"},"image":{"@id":"https:\/\/projetosddwb.com.br\/3dlab\/#\/schema\/logo\/image\/"},"sameAs":["https:\/\/www.facebook.com\/3dlabbrasil\/?locale=pt_BR","https:\/\/www.instagram.com\/3dlab_brasil\/"]}]}},"_links":{"self":[{"href":"https:\/\/projetosddwb.com.br\/3dlab\/wp-json\/wp\/v2\/product\/1139","targetHints":{"allow":["GET"]}}],"collection":[{"href":"https:\/\/projetosddwb.com.br\/3dlab\/wp-json\/wp\/v2\/product"}],"about":[{"href":"https:\/\/projetosddwb.com.br\/3dlab\/wp-json\/wp\/v2\/types\/product"}],"replies":[{"embeddable":true,"href":"https:\/\/projetosddwb.com.br\/3dlab\/wp-json\/wp\/v2\/comments?post=1139"}],"wp:featuredmedia":[{"embeddable":true,"href":"https:\/\/projetosddwb.com.br\/3dlab\/wp-json\/"}],"wp:attachment":[{"href":"https:\/\/projetosddwb.com.br\/3dlab\/wp-json\/wp\/v2\/media?parent=1139"}],"wp:term":[{"taxonomy":"product_brand","embeddable":true,"href":"https:\/\/projetosddwb.com.br\/3dlab\/wp-json\/wp\/v2\/product_brand?post=1139"},{"taxonomy":"product_cat","embeddable":true,"href":"https:\/\/projetosddwb.com.br\/3dlab\/wp-json\/wp\/v2\/product_cat?post=1139"},{"taxonomy":"product_tag","embeddable":true,"href":"https:\/\/projetosddwb.com.br\/3dlab\/wp-json\/wp\/v2\/product_tag?post=1139"}],"curies":[{"name":"wp","href":"https:\/\/api.w.org\/{rel}","templated":true}]}}