{"id":1184,"date":"2024-04-18T11:51:59","date_gmt":"2024-04-18T14:51:59","guid":{"rendered":"https:\/\/projetosddwb.com.br\/3dlab\/?post_type=product&amp;p=1184"},"modified":"2024-04-18T11:51:59","modified_gmt":"2024-04-18T14:51:59","slug":"curso-de-impressao-3d-online","status":"publish","type":"product","link":"https:\/\/projetosddwb.com.br\/3dlab\/product\/curso-de-impressao-3d-online\/","title":{"rendered":"Curso de Impress\u00e3o 3D Online"},"content":{"rendered":"<p><strong>AO CLICAR NO BOT\u00c3O &#8220;COMPRAR PRODUTO&#8221; VOC\u00ca SER\u00c1 REDIRECIONADO PARA A P\u00c1GINA DE COMPRA DO CURSO DENTRO DA HOTMART. L\u00c1, CASO QUEIRA PAGAR VIA PIX, \u00c9 S\u00d3 DIGITAR O C\u00d3DIGO &#8220;PIX10&#8221; E TER\u00c1 10% DE DESCONTO. V\u00c1LIDO SOMENTE PARA PAGAMENTO VIA PIX.<\/strong><\/p>\n<p>Nosso Curso de Impress\u00e3o 3D Online vai te capacitar para se tornar um especialista nessa tecnologia, de forma pr\u00e1tica e direta ao ponto!<\/p>\n<p>Com o nosso curso voc\u00ea vai aprender:<\/p>\n<p>&#8211; como montar uma impressora 3D;<\/p>\n<p>&#8211; quais s\u00e3o os principais componentes e pe\u00e7as de uma impressora;<\/p>\n<p>&#8211; os primeiros passos com o software fatiador Cura;<\/p>\n<p>&#8211; principais recursos e ferramentas do Cura;<\/p>\n<p>&#8211; como calibrar a impressora 3D;<\/p>\n<p>&#8211; quais s\u00e3o e como configurar os par\u00e2metros de impress\u00e3o 3D;<\/p>\n<p>&#8211; tirando sua primeira pe\u00e7a impressa;<\/p>\n<p>&#8211; conceitos b\u00e1sicos da impress\u00e3o 3D na pr\u00e1tica;<\/p>\n<p>&#8211; recursos intermedi\u00e1rios da impress\u00e3o;<\/p>\n<p>&#8211; colocando t\u00e9cnicas avan\u00e7adas em pr\u00e1tica;<\/p>\n<p>&#8211; como evitar os principais erros de impress\u00e3o;<\/p>\n<p>&#8211; maneiras de como ganhar dinheiro com impressora 3D e os principais nichos de mercado;<\/p>\n<p>&#8211; as melhores formas de precificar suas pe\u00e7as.<\/p>\n<p>Tamb\u00e9m adicionamos ao curso dois m\u00f3dulos extras: Como ganhar dinheiro com a impress\u00e3o 3D e e-books exclusivos que v\u00e3o te ajudar a fixar melhor o conte\u00fado, utilizando no seu dia a dia para melhorar a qualidade das pe\u00e7as impressas.<\/p>\n<p>Nosso Curso de Impress\u00e3o 3D Online foi criado para quem deseja aprender essa tecnologia de forma r\u00e1pida e eficiente. Nossos conte\u00fados s\u00e3o focados naquilo que realmente \u00e9 necess\u00e1rio, com material sempre atualizado. Todos os alunos t\u00eam acesso aos especialistas da 3D Lab para tirar d\u00favidas e ainda t\u00eam cupons de desconto exclusivos para utilizar em nossa loja.<\/p>\n<p>Formamos uma comunidade de alunos para incentivar a troca de informa\u00e7\u00e3o e aprendizado compartilhado, impulsionando a ess\u00eancia da impress\u00e3o 3D que \u00e9 o compartilhamento!<\/p>\n<p>Aproveite agora a oportunidade de se tornar um especialista em impress\u00e3o 3D e veja ideias e cases de sucesso de como pessoas comuns come\u00e7aram a ganhar dinheiro com essa tecnologia!<\/p>\n<p>Esse curso n\u00e3o \u00e9 formato de assinatura! O pagamento \u00e9 \u00fanico e voc\u00ea ter\u00e1 acesso vital\u00edcio a todo conte\u00fado! Atualizaremos o material de forma constante, sempre com adi\u00e7\u00e3o de novos materiais relevantes!<\/p>\n","protected":false},"excerpt":{"rendered":"<p><strong>AO CLICAR NO BOT\u00c3O &#8220;COMPRAR PRODUTO&#8221; VOC\u00ca SER\u00c1 REDIRECIONADO PARA A P\u00c1GINA DE COMPRA DO CURSO DENTRO DA HOTMART. L\u00c1, CASO QUEIRA PAGAR VIA PIX, \u00c9 S\u00d3 DIGITAR O C\u00d3DIGO &#8220;PIX10&#8221; E TER\u00c1 10% DE DESCONTO. V\u00c1LIDO SOMENTE PARA PAGAMENTO VIA PIX.<\/strong><\/p>\n","protected":false},"featured_media":1204,"comment_status":"open","ping_status":"closed","template":"","meta":[],"product_brand":[],"product_cat":[451,271,497],"product_tag":[495,496],"class_list":{"0":"post-1184","1":"product","2":"type-product","3":"status-publish","4":"has-post-thumbnail","6":"product_cat-curso-de-impressao-3d","7":"product_cat-destaque","8":"product_cat-promocoes","9":"product_tag-curso-de-impressao-3d","10":"product_tag-curso-online","12":"first","13":"instock","14":"sale","15":"sold-individually","16":"shipping-taxable","17":"product-type-external"},"yoast_head":"<!-- This site is optimized with the Yoast SEO plugin v24.8.1 - https:\/\/yoast.com\/wordpress\/plugins\/seo\/ -->\n<title>Curso de Impress\u00e3o 3D Online - 3D Lab<\/title>\n<meta name=\"robots\" content=\"index, follow, max-snippet:-1, max-image-preview:large, max-video-preview:-1\" \/>\n<link rel=\"canonical\" href=\"https:\/\/projetosddwb.com.br\/3dlab\/product\/curso-de-impressao-3d-online\/\" \/>\n<meta property=\"og:locale\" content=\"pt_BR\" \/>\n<meta property=\"og:type\" content=\"article\" \/>\n<meta property=\"og:title\" content=\"Curso de Impress\u00e3o 3D Online - 3D Lab\" \/>\n<meta property=\"og:description\" content=\"AO CLICAR NO BOT\u00c3O &quot;COMPRAR PRODUTO&quot; VOC\u00ca SER\u00c1 REDIRECIONADO PARA A P\u00c1GINA DE COMPRA DO CURSO DENTRO DA HOTMART. L\u00c1, CASO QUEIRA PAGAR VIA PIX, \u00c9 S\u00d3 DIGITAR O C\u00d3DIGO &quot;PIX10&quot; E TER\u00c1 10% DE DESCONTO. V\u00c1LIDO SOMENTE PARA PAGAMENTO VIA PIX.\" \/>\n<meta property=\"og:url\" content=\"https:\/\/projetosddwb.com.br\/3dlab\/product\/curso-de-impressao-3d-online\/\" \/>\n<meta property=\"og:site_name\" content=\"3D Lab\" \/>\n<meta property=\"article:publisher\" content=\"https:\/\/www.facebook.com\/3dlabbrasil\/?locale=pt_BR\" \/>\n<meta name=\"twitter:card\" content=\"summary_large_image\" \/>\n<meta name=\"twitter:label1\" content=\"Est. tempo de leitura\" \/>\n\t<meta name=\"twitter:data1\" content=\"2 minutos\" \/>\n<script type=\"application\/ld+json\" class=\"yoast-schema-graph\">{\"@context\":\"https:\/\/schema.org\",\"@graph\":[{\"@type\":\"WebPage\",\"@id\":\"https:\/\/projetosddwb.com.br\/3dlab\/product\/curso-de-impressao-3d-online\/\",\"url\":\"https:\/\/projetosddwb.com.br\/3dlab\/product\/curso-de-impressao-3d-online\/\",\"name\":\"Curso de Impress\u00e3o 3D Online - 3D Lab\",\"isPartOf\":{\"@id\":\"https:\/\/projetosddwb.com.br\/3dlab\/#website\"},\"primaryImageOfPage\":{\"@id\":\"https:\/\/projetosddwb.com.br\/3dlab\/product\/curso-de-impressao-3d-online\/#primaryimage\"},\"image\":{\"@id\":\"https:\/\/projetosddwb.com.br\/3dlab\/product\/curso-de-impressao-3d-online\/#primaryimage\"},\"thumbnailUrl\":\"\",\"datePublished\":\"2024-04-18T14:51:59+00:00\",\"breadcrumb\":{\"@id\":\"https:\/\/projetosddwb.com.br\/3dlab\/product\/curso-de-impressao-3d-online\/#breadcrumb\"},\"inLanguage\":\"pt-BR\",\"potentialAction\":[{\"@type\":\"ReadAction\",\"target\":[\"https:\/\/projetosddwb.com.br\/3dlab\/product\/curso-de-impressao-3d-online\/\"]}]},{\"@type\":\"ImageObject\",\"inLanguage\":\"pt-BR\",\"@id\":\"https:\/\/projetosddwb.com.br\/3dlab\/product\/curso-de-impressao-3d-online\/#primaryimage\",\"url\":\"\",\"contentUrl\":\"\"},{\"@type\":\"BreadcrumbList\",\"@id\":\"https:\/\/projetosddwb.com.br\/3dlab\/product\/curso-de-impressao-3d-online\/#breadcrumb\",\"itemListElement\":[{\"@type\":\"ListItem\",\"position\":1,\"name\":\"In\u00edcio\",\"item\":\"https:\/\/projetosddwb.com.br\/3dlab\/\"},{\"@type\":\"ListItem\",\"position\":2,\"name\":\"Loja\",\"item\":\"https:\/\/projetosddwb.com.br\/3dlab\/loja\/\"},{\"@type\":\"ListItem\",\"position\":3,\"name\":\"Curso de Impress\u00e3o 3D Online\"}]},{\"@type\":\"WebSite\",\"@id\":\"https:\/\/projetosddwb.com.br\/3dlab\/#website\",\"url\":\"https:\/\/projetosddwb.com.br\/3dlab\/\",\"name\":\"3D Lab\",\"description\":\"\",\"publisher\":{\"@id\":\"https:\/\/projetosddwb.com.br\/3dlab\/#organization\"},\"potentialAction\":[{\"@type\":\"SearchAction\",\"target\":{\"@type\":\"EntryPoint\",\"urlTemplate\":\"https:\/\/projetosddwb.com.br\/3dlab\/?s={search_term_string}\"},\"query-input\":{\"@type\":\"PropertyValueSpecification\",\"valueRequired\":true,\"valueName\":\"search_term_string\"}}],\"inLanguage\":\"pt-BR\"},{\"@type\":\"Organization\",\"@id\":\"https:\/\/projetosddwb.com.br\/3dlab\/#organization\",\"name\":\"3D Lab\",\"url\":\"https:\/\/projetosddwb.com.br\/3dlab\/\",\"logo\":{\"@type\":\"ImageObject\",\"inLanguage\":\"pt-BR\",\"@id\":\"https:\/\/projetosddwb.com.br\/3dlab\/#\/schema\/logo\/image\/\",\"url\":\"https:\/\/projetosddwb.com.br\/3dlab\/wp-content\/uploads\/2025\/04\/cropped-cropped-3D_HORI_ORIGINAL-1.png\",\"contentUrl\":\"https:\/\/projetosddwb.com.br\/3dlab\/wp-content\/uploads\/2025\/04\/cropped-cropped-3D_HORI_ORIGINAL-1.png\",\"width\":597,\"height\":196,\"caption\":\"3D Lab\"},\"image\":{\"@id\":\"https:\/\/projetosddwb.com.br\/3dlab\/#\/schema\/logo\/image\/\"},\"sameAs\":[\"https:\/\/www.facebook.com\/3dlabbrasil\/?locale=pt_BR\",\"https:\/\/www.instagram.com\/3dlab_brasil\/\"]}]}<\/script>\n<!-- \/ Yoast SEO plugin. -->","yoast_head_json":{"title":"Curso de Impress\u00e3o 3D Online - 3D Lab","robots":{"index":"index","follow":"follow","max-snippet":"max-snippet:-1","max-image-preview":"max-image-preview:large","max-video-preview":"max-video-preview:-1"},"canonical":"https:\/\/projetosddwb.com.br\/3dlab\/product\/curso-de-impressao-3d-online\/","og_locale":"pt_BR","og_type":"article","og_title":"Curso de Impress\u00e3o 3D Online - 3D Lab","og_description":"AO CLICAR NO BOT\u00c3O \"COMPRAR PRODUTO\" VOC\u00ca SER\u00c1 REDIRECIONADO PARA A P\u00c1GINA DE COMPRA DO CURSO DENTRO DA HOTMART. L\u00c1, CASO QUEIRA PAGAR VIA PIX, \u00c9 S\u00d3 DIGITAR O C\u00d3DIGO \"PIX10\" E TER\u00c1 10% DE DESCONTO. V\u00c1LIDO SOMENTE PARA PAGAMENTO VIA PIX.","og_url":"https:\/\/projetosddwb.com.br\/3dlab\/product\/curso-de-impressao-3d-online\/","og_site_name":"3D Lab","article_publisher":"https:\/\/www.facebook.com\/3dlabbrasil\/?locale=pt_BR","twitter_card":"summary_large_image","twitter_misc":{"Est. tempo de leitura":"2 minutos"},"schema":{"@context":"https:\/\/schema.org","@graph":[{"@type":"WebPage","@id":"https:\/\/projetosddwb.com.br\/3dlab\/product\/curso-de-impressao-3d-online\/","url":"https:\/\/projetosddwb.com.br\/3dlab\/product\/curso-de-impressao-3d-online\/","name":"Curso de Impress\u00e3o 3D Online - 3D Lab","isPartOf":{"@id":"https:\/\/projetosddwb.com.br\/3dlab\/#website"},"primaryImageOfPage":{"@id":"https:\/\/projetosddwb.com.br\/3dlab\/product\/curso-de-impressao-3d-online\/#primaryimage"},"image":{"@id":"https:\/\/projetosddwb.com.br\/3dlab\/product\/curso-de-impressao-3d-online\/#primaryimage"},"thumbnailUrl":"","datePublished":"2024-04-18T14:51:59+00:00","breadcrumb":{"@id":"https:\/\/projetosddwb.com.br\/3dlab\/product\/curso-de-impressao-3d-online\/#breadcrumb"},"inLanguage":"pt-BR","potentialAction":[{"@type":"ReadAction","target":["https:\/\/projetosddwb.com.br\/3dlab\/product\/curso-de-impressao-3d-online\/"]}]},{"@type":"ImageObject","inLanguage":"pt-BR","@id":"https:\/\/projetosddwb.com.br\/3dlab\/product\/curso-de-impressao-3d-online\/#primaryimage","url":"","contentUrl":""},{"@type":"BreadcrumbList","@id":"https:\/\/projetosddwb.com.br\/3dlab\/product\/curso-de-impressao-3d-online\/#breadcrumb","itemListElement":[{"@type":"ListItem","position":1,"name":"In\u00edcio","item":"https:\/\/projetosddwb.com.br\/3dlab\/"},{"@type":"ListItem","position":2,"name":"Loja","item":"https:\/\/projetosddwb.com.br\/3dlab\/loja\/"},{"@type":"ListItem","position":3,"name":"Curso de Impress\u00e3o 3D Online"}]},{"@type":"WebSite","@id":"https:\/\/projetosddwb.com.br\/3dlab\/#website","url":"https:\/\/projetosddwb.com.br\/3dlab\/","name":"3D Lab","description":"","publisher":{"@id":"https:\/\/projetosddwb.com.br\/3dlab\/#organization"},"potentialAction":[{"@type":"SearchAction","target":{"@type":"EntryPoint","urlTemplate":"https:\/\/projetosddwb.com.br\/3dlab\/?s={search_term_string}"},"query-input":{"@type":"PropertyValueSpecification","valueRequired":true,"valueName":"search_term_string"}}],"inLanguage":"pt-BR"},{"@type":"Organization","@id":"https:\/\/projetosddwb.com.br\/3dlab\/#organization","name":"3D Lab","url":"https:\/\/projetosddwb.com.br\/3dlab\/","logo":{"@type":"ImageObject","inLanguage":"pt-BR","@id":"https:\/\/projetosddwb.com.br\/3dlab\/#\/schema\/logo\/image\/","url":"https:\/\/projetosddwb.com.br\/3dlab\/wp-content\/uploads\/2025\/04\/cropped-cropped-3D_HORI_ORIGINAL-1.png","contentUrl":"https:\/\/projetosddwb.com.br\/3dlab\/wp-content\/uploads\/2025\/04\/cropped-cropped-3D_HORI_ORIGINAL-1.png","width":597,"height":196,"caption":"3D Lab"},"image":{"@id":"https:\/\/projetosddwb.com.br\/3dlab\/#\/schema\/logo\/image\/"},"sameAs":["https:\/\/www.facebook.com\/3dlabbrasil\/?locale=pt_BR","https:\/\/www.instagram.com\/3dlab_brasil\/"]}]}},"_links":{"self":[{"href":"https:\/\/projetosddwb.com.br\/3dlab\/wp-json\/wp\/v2\/product\/1184","targetHints":{"allow":["GET"]}}],"collection":[{"href":"https:\/\/projetosddwb.com.br\/3dlab\/wp-json\/wp\/v2\/product"}],"about":[{"href":"https:\/\/projetosddwb.com.br\/3dlab\/wp-json\/wp\/v2\/types\/product"}],"replies":[{"embeddable":true,"href":"https:\/\/projetosddwb.com.br\/3dlab\/wp-json\/wp\/v2\/comments?post=1184"}],"wp:featuredmedia":[{"embeddable":true,"href":"https:\/\/projetosddwb.com.br\/3dlab\/wp-json\/"}],"wp:attachment":[{"href":"https:\/\/projetosddwb.com.br\/3dlab\/wp-json\/wp\/v2\/media?parent=1184"}],"wp:term":[{"taxonomy":"product_brand","embeddable":true,"href":"https:\/\/projetosddwb.com.br\/3dlab\/wp-json\/wp\/v2\/product_brand?post=1184"},{"taxonomy":"product_cat","embeddable":true,"href":"https:\/\/projetosddwb.com.br\/3dlab\/wp-json\/wp\/v2\/product_cat?post=1184"},{"taxonomy":"product_tag","embeddable":true,"href":"https:\/\/projetosddwb.com.br\/3dlab\/wp-json\/wp\/v2\/product_tag?post=1184"}],"curies":[{"name":"wp","href":"https:\/\/api.w.org\/{rel}","templated":true}]}}