{"id":1195,"date":"2024-04-18T11:52:00","date_gmt":"2024-04-18T14:52:00","guid":{"rendered":"https:\/\/projetosddwb.com.br\/3dlab\/?post_type=product&amp;p=1195"},"modified":"2024-04-18T11:52:00","modified_gmt":"2024-04-18T14:52:00","slug":"camisa-mistakes-3d-lab","status":"publish","type":"product","link":"https:\/\/projetosddwb.com.br\/3dlab\/product\/camisa-mistakes-3d-lab\/","title":{"rendered":"Camisa Mistakes 3D Lab"},"content":{"rendered":"<h2><strong>Camisa Mistakes<\/strong><strong> 3D Lab<\/strong><strong>\u00a0\u2013 Cole\u00e7\u00e3o Vista Impress\u00e3o 3D<\/strong><\/h2>\n<p><span style=\"font-weight: 400;\">Al\u00e9m de ser uma tecnologia exponencial, a Impress\u00e3o 3D \u00e9 sin\u00f4nimo de comunidade. Como n\u00f3s da 3D Lab estamos inseridos nesse universo tecnol\u00f3gico repleto de sinergia, resolvemos aliar essa necessidade do novo com a sensa\u00e7\u00e3o de pertencimento.<\/span><\/p>\n<p><span style=\"font-weight: 400;\">Portanto, estamos lan\u00e7ando uma cole\u00e7\u00e3o de estampas exclusivas com refer\u00eancias art\u00edsticas e populares que refor\u00e7am o sentimento de comunidade na impress\u00e3o 3D.<\/span><\/p>\n<p><span style=\"font-weight: 400;\">Dessa vez a sua pe\u00e7a vai com um material diferente: o tecido 100% algod\u00e3o de cores variadas entrega o m\u00e1ximo de qualidade e conforto. As estampas originais foram inspiradas em trocadilhos do cultura maker e s\u00e3o impressas atrav\u00e9s do processo de silk-screen.\u00a0<\/span><\/p>\n<p><span style=\"font-weight: 400;\">Fa\u00e7a mais que imprimir pe\u00e7as 3D: #VISTAIMPRESS\u00c3O3D<\/span><\/p>\n<p><strong>Poste uma foto com a Camisa Mistakes 3D Lab nas suas redes sociais e use a hashtag acima!<\/strong><\/p>\n<p>&nbsp;<\/p>\n<p><strong>As Camisas 3D Lab \u2013 Cole\u00e7\u00e3o Vista Impress\u00e3o 3D n\u00e3o acompanham a Lata Comemorativa 3D Lab.<\/strong><\/p>\n<p><strong>Para especifica\u00e7\u00f5es sobre tamanhos confira nossa tabela:<\/strong><\/p>\n<p><img fetchpriority=\"high\" decoding=\"async\" class=\"alignnone wp-image-84430\" src=\"https:\/\/3dlab.com.br\/wp-content\/uploads\/2021\/03\/tabela-camisas-2.png\" alt=\"\" width=\"483\" height=\"155\" \/><\/p>\n","protected":false},"excerpt":{"rendered":"<p><strong>Camisa Mistakes 3D Lab<\/strong><\/p>\n<p><span style=\"font-weight: 400;\">Quem tem uma impressora 3D tem amor e \u00f3dio no cora\u00e7\u00e3o! Sempre ficamos fascinados quando uma pe\u00e7a sai perfeita, mas quando a impressora resolve dificultar o nosso lado\u2026 A\u00ed \u00e9 clamar por paci\u00eancia mesmo. \u00c9 por este motivo que curtir desafios \u00e9 praticamente um requisito na hora de imprimir, pois eventualmente voc\u00ea sofrer\u00e1 com alguns erros na impress\u00e3o!<\/span><\/p>\n","protected":false},"featured_media":1222,"comment_status":"open","ping_status":"closed","template":"","meta":[],"product_brand":[],"product_cat":[503],"product_tag":[498,499,500,506,507,508,509],"class_list":{"0":"post-1195","1":"product","2":"type-product","3":"status-publish","4":"has-post-thumbnail","6":"product_cat-camisas","7":"product_tag-camisa3dlab","8":"product_tag-impressao3d","9":"product_tag-3dprinting","10":"product_tag-camisa-mistakes-3d-lab","11":"product_tag-camisamistakes","12":"product_tag-camisamistakes3dlab","13":"product_tag-errosdeimpressao","14":"product_shipping_class-pecas-e-acessorios","16":"first","17":"instock","18":"shipping-taxable","19":"purchasable","20":"product-type-variable"},"yoast_head":"<!-- This site is optimized with the Yoast SEO plugin v24.8.1 - https:\/\/yoast.com\/wordpress\/plugins\/seo\/ -->\n<title>Camisa Mistakes 3D Lab - 3D Lab<\/title>\n<meta name=\"robots\" content=\"index, follow, max-snippet:-1, max-image-preview:large, max-video-preview:-1\" \/>\n<link rel=\"canonical\" href=\"https:\/\/projetosddwb.com.br\/3dlab\/product\/camisa-mistakes-3d-lab\/\" \/>\n<meta property=\"og:locale\" content=\"pt_BR\" \/>\n<meta property=\"og:type\" content=\"article\" \/>\n<meta property=\"og:title\" content=\"Camisa Mistakes 3D Lab - 3D Lab\" \/>\n<meta property=\"og:description\" content=\"Camisa Mistakes 3D Lab  Quem tem uma impressora 3D tem amor e \u00f3dio no cora\u00e7\u00e3o! Sempre ficamos fascinados quando uma pe\u00e7a sai perfeita, mas quando a impressora resolve dificultar o nosso lado\u2026 A\u00ed \u00e9 clamar por paci\u00eancia mesmo. \u00c9 por este motivo que curtir desafios \u00e9 praticamente um requisito na hora de imprimir, pois eventualmente voc\u00ea sofrer\u00e1 com alguns erros na impress\u00e3o!\" \/>\n<meta property=\"og:url\" content=\"https:\/\/projetosddwb.com.br\/3dlab\/product\/camisa-mistakes-3d-lab\/\" \/>\n<meta property=\"og:site_name\" content=\"3D Lab\" \/>\n<meta property=\"article:publisher\" content=\"https:\/\/www.facebook.com\/3dlabbrasil\/?locale=pt_BR\" \/>\n<meta property=\"og:image\" content=\"https:\/\/3dlab.com.br\/wp-content\/uploads\/2021\/03\/tabela-camisas-2.png\" \/>\n<meta name=\"twitter:card\" content=\"summary_large_image\" \/>\n<meta name=\"twitter:label1\" content=\"Est. tempo de leitura\" \/>\n\t<meta name=\"twitter:data1\" content=\"1 minuto\" \/>\n<script type=\"application\/ld+json\" class=\"yoast-schema-graph\">{\"@context\":\"https:\/\/schema.org\",\"@graph\":[{\"@type\":\"WebPage\",\"@id\":\"https:\/\/projetosddwb.com.br\/3dlab\/product\/camisa-mistakes-3d-lab\/\",\"url\":\"https:\/\/projetosddwb.com.br\/3dlab\/product\/camisa-mistakes-3d-lab\/\",\"name\":\"Camisa Mistakes 3D Lab - 3D Lab\",\"isPartOf\":{\"@id\":\"https:\/\/projetosddwb.com.br\/3dlab\/#website\"},\"primaryImageOfPage\":{\"@id\":\"https:\/\/projetosddwb.com.br\/3dlab\/product\/camisa-mistakes-3d-lab\/#primaryimage\"},\"image\":{\"@id\":\"https:\/\/projetosddwb.com.br\/3dlab\/product\/camisa-mistakes-3d-lab\/#primaryimage\"},\"thumbnailUrl\":\"\",\"datePublished\":\"2024-04-18T14:52:00+00:00\",\"breadcrumb\":{\"@id\":\"https:\/\/projetosddwb.com.br\/3dlab\/product\/camisa-mistakes-3d-lab\/#breadcrumb\"},\"inLanguage\":\"pt-BR\",\"potentialAction\":[{\"@type\":\"ReadAction\",\"target\":[\"https:\/\/projetosddwb.com.br\/3dlab\/product\/camisa-mistakes-3d-lab\/\"]}]},{\"@type\":\"ImageObject\",\"inLanguage\":\"pt-BR\",\"@id\":\"https:\/\/projetosddwb.com.br\/3dlab\/product\/camisa-mistakes-3d-lab\/#primaryimage\",\"url\":\"\",\"contentUrl\":\"\"},{\"@type\":\"BreadcrumbList\",\"@id\":\"https:\/\/projetosddwb.com.br\/3dlab\/product\/camisa-mistakes-3d-lab\/#breadcrumb\",\"itemListElement\":[{\"@type\":\"ListItem\",\"position\":1,\"name\":\"In\u00edcio\",\"item\":\"https:\/\/projetosddwb.com.br\/3dlab\/\"},{\"@type\":\"ListItem\",\"position\":2,\"name\":\"Loja\",\"item\":\"https:\/\/projetosddwb.com.br\/3dlab\/loja\/\"},{\"@type\":\"ListItem\",\"position\":3,\"name\":\"Camisa Mistakes 3D Lab\"}]},{\"@type\":\"WebSite\",\"@id\":\"https:\/\/projetosddwb.com.br\/3dlab\/#website\",\"url\":\"https:\/\/projetosddwb.com.br\/3dlab\/\",\"name\":\"3D Lab\",\"description\":\"\",\"publisher\":{\"@id\":\"https:\/\/projetosddwb.com.br\/3dlab\/#organization\"},\"potentialAction\":[{\"@type\":\"SearchAction\",\"target\":{\"@type\":\"EntryPoint\",\"urlTemplate\":\"https:\/\/projetosddwb.com.br\/3dlab\/?s={search_term_string}\"},\"query-input\":{\"@type\":\"PropertyValueSpecification\",\"valueRequired\":true,\"valueName\":\"search_term_string\"}}],\"inLanguage\":\"pt-BR\"},{\"@type\":\"Organization\",\"@id\":\"https:\/\/projetosddwb.com.br\/3dlab\/#organization\",\"name\":\"3D Lab\",\"url\":\"https:\/\/projetosddwb.com.br\/3dlab\/\",\"logo\":{\"@type\":\"ImageObject\",\"inLanguage\":\"pt-BR\",\"@id\":\"https:\/\/projetosddwb.com.br\/3dlab\/#\/schema\/logo\/image\/\",\"url\":\"https:\/\/projetosddwb.com.br\/3dlab\/wp-content\/uploads\/2025\/04\/cropped-cropped-3D_HORI_ORIGINAL-1.png\",\"contentUrl\":\"https:\/\/projetosddwb.com.br\/3dlab\/wp-content\/uploads\/2025\/04\/cropped-cropped-3D_HORI_ORIGINAL-1.png\",\"width\":597,\"height\":196,\"caption\":\"3D Lab\"},\"image\":{\"@id\":\"https:\/\/projetosddwb.com.br\/3dlab\/#\/schema\/logo\/image\/\"},\"sameAs\":[\"https:\/\/www.facebook.com\/3dlabbrasil\/?locale=pt_BR\",\"https:\/\/www.instagram.com\/3dlab_brasil\/\"]}]}<\/script>\n<!-- \/ Yoast SEO plugin. -->","yoast_head_json":{"title":"Camisa Mistakes 3D Lab - 3D Lab","robots":{"index":"index","follow":"follow","max-snippet":"max-snippet:-1","max-image-preview":"max-image-preview:large","max-video-preview":"max-video-preview:-1"},"canonical":"https:\/\/projetosddwb.com.br\/3dlab\/product\/camisa-mistakes-3d-lab\/","og_locale":"pt_BR","og_type":"article","og_title":"Camisa Mistakes 3D Lab - 3D Lab","og_description":"Camisa Mistakes 3D Lab  Quem tem uma impressora 3D tem amor e \u00f3dio no cora\u00e7\u00e3o! Sempre ficamos fascinados quando uma pe\u00e7a sai perfeita, mas quando a impressora resolve dificultar o nosso lado\u2026 A\u00ed \u00e9 clamar por paci\u00eancia mesmo. \u00c9 por este motivo que curtir desafios \u00e9 praticamente um requisito na hora de imprimir, pois eventualmente voc\u00ea sofrer\u00e1 com alguns erros na impress\u00e3o!","og_url":"https:\/\/projetosddwb.com.br\/3dlab\/product\/camisa-mistakes-3d-lab\/","og_site_name":"3D Lab","article_publisher":"https:\/\/www.facebook.com\/3dlabbrasil\/?locale=pt_BR","og_image":[{"url":"https:\/\/3dlab.com.br\/wp-content\/uploads\/2021\/03\/tabela-camisas-2.png","type":"","width":"","height":""}],"twitter_card":"summary_large_image","twitter_misc":{"Est. tempo de leitura":"1 minuto"},"schema":{"@context":"https:\/\/schema.org","@graph":[{"@type":"WebPage","@id":"https:\/\/projetosddwb.com.br\/3dlab\/product\/camisa-mistakes-3d-lab\/","url":"https:\/\/projetosddwb.com.br\/3dlab\/product\/camisa-mistakes-3d-lab\/","name":"Camisa Mistakes 3D Lab - 3D Lab","isPartOf":{"@id":"https:\/\/projetosddwb.com.br\/3dlab\/#website"},"primaryImageOfPage":{"@id":"https:\/\/projetosddwb.com.br\/3dlab\/product\/camisa-mistakes-3d-lab\/#primaryimage"},"image":{"@id":"https:\/\/projetosddwb.com.br\/3dlab\/product\/camisa-mistakes-3d-lab\/#primaryimage"},"thumbnailUrl":"","datePublished":"2024-04-18T14:52:00+00:00","breadcrumb":{"@id":"https:\/\/projetosddwb.com.br\/3dlab\/product\/camisa-mistakes-3d-lab\/#breadcrumb"},"inLanguage":"pt-BR","potentialAction":[{"@type":"ReadAction","target":["https:\/\/projetosddwb.com.br\/3dlab\/product\/camisa-mistakes-3d-lab\/"]}]},{"@type":"ImageObject","inLanguage":"pt-BR","@id":"https:\/\/projetosddwb.com.br\/3dlab\/product\/camisa-mistakes-3d-lab\/#primaryimage","url":"","contentUrl":""},{"@type":"BreadcrumbList","@id":"https:\/\/projetosddwb.com.br\/3dlab\/product\/camisa-mistakes-3d-lab\/#breadcrumb","itemListElement":[{"@type":"ListItem","position":1,"name":"In\u00edcio","item":"https:\/\/projetosddwb.com.br\/3dlab\/"},{"@type":"ListItem","position":2,"name":"Loja","item":"https:\/\/projetosddwb.com.br\/3dlab\/loja\/"},{"@type":"ListItem","position":3,"name":"Camisa Mistakes 3D Lab"}]},{"@type":"WebSite","@id":"https:\/\/projetosddwb.com.br\/3dlab\/#website","url":"https:\/\/projetosddwb.com.br\/3dlab\/","name":"3D Lab","description":"","publisher":{"@id":"https:\/\/projetosddwb.com.br\/3dlab\/#organization"},"potentialAction":[{"@type":"SearchAction","target":{"@type":"EntryPoint","urlTemplate":"https:\/\/projetosddwb.com.br\/3dlab\/?s={search_term_string}"},"query-input":{"@type":"PropertyValueSpecification","valueRequired":true,"valueName":"search_term_string"}}],"inLanguage":"pt-BR"},{"@type":"Organization","@id":"https:\/\/projetosddwb.com.br\/3dlab\/#organization","name":"3D Lab","url":"https:\/\/projetosddwb.com.br\/3dlab\/","logo":{"@type":"ImageObject","inLanguage":"pt-BR","@id":"https:\/\/projetosddwb.com.br\/3dlab\/#\/schema\/logo\/image\/","url":"https:\/\/projetosddwb.com.br\/3dlab\/wp-content\/uploads\/2025\/04\/cropped-cropped-3D_HORI_ORIGINAL-1.png","contentUrl":"https:\/\/projetosddwb.com.br\/3dlab\/wp-content\/uploads\/2025\/04\/cropped-cropped-3D_HORI_ORIGINAL-1.png","width":597,"height":196,"caption":"3D Lab"},"image":{"@id":"https:\/\/projetosddwb.com.br\/3dlab\/#\/schema\/logo\/image\/"},"sameAs":["https:\/\/www.facebook.com\/3dlabbrasil\/?locale=pt_BR","https:\/\/www.instagram.com\/3dlab_brasil\/"]}]}},"_links":{"self":[{"href":"https:\/\/projetosddwb.com.br\/3dlab\/wp-json\/wp\/v2\/product\/1195","targetHints":{"allow":["GET"]}}],"collection":[{"href":"https:\/\/projetosddwb.com.br\/3dlab\/wp-json\/wp\/v2\/product"}],"about":[{"href":"https:\/\/projetosddwb.com.br\/3dlab\/wp-json\/wp\/v2\/types\/product"}],"replies":[{"embeddable":true,"href":"https:\/\/projetosddwb.com.br\/3dlab\/wp-json\/wp\/v2\/comments?post=1195"}],"wp:featuredmedia":[{"embeddable":true,"href":"https:\/\/projetosddwb.com.br\/3dlab\/wp-json\/"}],"wp:attachment":[{"href":"https:\/\/projetosddwb.com.br\/3dlab\/wp-json\/wp\/v2\/media?parent=1195"}],"wp:term":[{"taxonomy":"product_brand","embeddable":true,"href":"https:\/\/projetosddwb.com.br\/3dlab\/wp-json\/wp\/v2\/product_brand?post=1195"},{"taxonomy":"product_cat","embeddable":true,"href":"https:\/\/projetosddwb.com.br\/3dlab\/wp-json\/wp\/v2\/product_cat?post=1195"},{"taxonomy":"product_tag","embeddable":true,"href":"https:\/\/projetosddwb.com.br\/3dlab\/wp-json\/wp\/v2\/product_tag?post=1195"}],"curies":[{"name":"wp","href":"https:\/\/api.w.org\/{rel}","templated":true}]}}