{"id":1283,"date":"2024-04-18T11:59:12","date_gmt":"2024-04-18T14:59:12","guid":{"rendered":"https:\/\/projetosddwb.com.br\/3dlab\/?post_type=product&amp;p=1283"},"modified":"2024-04-18T11:59:12","modified_gmt":"2024-04-18T14:59:12","slug":"filamento-pla-low-cost","status":"publish","type":"product","link":"https:\/\/projetosddwb.com.br\/3dlab\/product\/filamento-pla-low-cost\/","title":{"rendered":"Filamento PLA Low Cost"},"content":{"rendered":"<h2><strong>Filamento para impressora 3D de alta qualidade<\/strong><\/h2>\n<h2>Filamento PLA Low Cost<\/h2>\n<p>O Filamento PLA Low Cost \u00e9 uma op\u00e7\u00e3o mais barata para os produtos da 3D Lab.<\/p>\n<p>Esse filamento possui a mesma qualidade dos nossos outros filamentos, mas n\u00e3o tem uma cor definida. Ele \u00e9 resultado de troca de cor na m\u00e1quina durante a produ\u00e7\u00e3o, ent\u00e3o oferecemos ele em uma condi\u00e7\u00e3o mais barata.<\/p>\n<p><strong>ATEN\u00c7\u00c3O: O FILAMENTO PLA LOW COST N\u00c3O TEM UMA COR DEFINIDA E O QUILO DO MATERIAL PODE SER DIVIDIDO EM AT\u00c9 TR\u00caS CARRET\u00c9IS. Se voc\u00ea precisar de alguma cor espec\u00edfica, escolha um produto padr\u00e3o na nossa loja.<\/strong><\/p>\n<p><iframe title=\"Filamento PLA e ABS Low Cost - 3D Lab\" width=\"1290\" height=\"726\" src=\"https:\/\/www.youtube.com\/embed\/x-dlIl_oV48?feature=oembed\" frameborder=\"0\" allow=\"accelerometer; autoplay; clipboard-write; encrypted-media; gyroscope; picture-in-picture; web-share\" referrerpolicy=\"strict-origin-when-cross-origin\" allowfullscreen><\/iframe><\/p>\n<p>O Filamento PLA para impressora 3D apresenta alta facilidade de utiliza\u00e7\u00e3o, com uma gama bem extensa de impressoras 3D compat\u00edveis. O material tem origem natural (amido de milho, entre outros), o que o caracteriza como biodegrad\u00e1vel.<\/p>\n<p>As pe\u00e7as impressas com o Filamento PLA para impressora 3D t\u00eam alta qualidade de acabamento, boa resist\u00eancia mec\u00e2nica para carga est\u00e1tica, n\u00e3o emitem odores desagrad\u00e1veis durante a impress\u00e3o e tamb\u00e9m n\u00e3o sofrem com efeito de warp (empeno) durante o resfriamento.<\/p>\n<p>Ent\u00e3o, se voc\u00ea deseja escolher o melhor filamento para impress\u00e3o 3D, o Filamento PLA deve estar dentro da sua lista de op\u00e7\u00f5es.<\/p>\n<p>Todos os nossos filamentos s\u00e3o fabricados em nossa sede, em Betim\/MG, com alto n\u00edvel de controle de qualidade, garantindo um \u00f3timo produto e a satisfa\u00e7\u00e3o de nossos clientes. Para isso, lembre-se de sempre armazenar seus filamentos em locais livres de umidade e que n\u00e3o recebam radia\u00e7\u00e3o solar diretamente.<\/p>\n<p>Se voc\u00ea tiver qualquer d\u00favida para utilizar este material voc\u00ea pode consultar nosso guia completo do filamento, em nosso blog. O link para o conte\u00fado de como imprimir com o Filamento PLA est\u00e1\u00a0<a href=\"https:\/\/3dlab.com.br\/como-imprimir-com-filamento-pla\/\">aqui<\/a>. Voc\u00ea tamb\u00e9m pode solicitar a ajuda de um de nossos especialistas. Utilize o canal de comunica\u00e7\u00e3o que lhe for mais interessante. Atendemos no chat online, e-mail, telefone, WhatsApp ou venha nos visitar aqui na nossa sede, na Rua Toyota, 490 &#8211; Betim\/MG.<\/p>\n","protected":false},"excerpt":{"rendered":"<p><strong>ATEN\u00c7\u00c3O: ANTES DE COMPRAR LEIA A DESCRI\u00c7\u00c3O DO PRODUTO!<\/strong><\/p>\n<p>Produto vendido e entregue por 3D Prado<\/p>\n","protected":false},"featured_media":1303,"comment_status":"open","ping_status":"closed","template":"","meta":[],"product_brand":[],"product_cat":[524,272,273],"product_tag":[525],"class_list":{"0":"post-1283","1":"product","2":"type-product","3":"status-publish","4":"has-post-thumbnail","6":"product_cat-filamento-low-cost","7":"product_cat-filamento-para-impressora-3d","8":"product_cat-filamento-pla-premium","9":"product_tag-filamento-low-cost","10":"product_shipping_class-filamentos","12":"first","13":"outofstock","14":"shipping-taxable","15":"purchasable","16":"product-type-variable","17":"has-default-attributes"},"yoast_head":"<!-- This site is optimized with the Yoast SEO plugin v24.8.1 - https:\/\/yoast.com\/wordpress\/plugins\/seo\/ -->\n<title>Filamento PLA Low Cost - 3D Lab<\/title>\n<meta name=\"robots\" content=\"index, follow, max-snippet:-1, max-image-preview:large, max-video-preview:-1\" \/>\n<link rel=\"canonical\" href=\"https:\/\/projetosddwb.com.br\/3dlab\/product\/filamento-pla-low-cost\/\" \/>\n<meta property=\"og:locale\" content=\"pt_BR\" \/>\n<meta property=\"og:type\" content=\"article\" \/>\n<meta property=\"og:title\" content=\"Filamento PLA Low Cost - 3D Lab\" \/>\n<meta property=\"og:description\" content=\"ATEN\u00c7\u00c3O: ANTES DE COMPRAR LEIA A DESCRI\u00c7\u00c3O DO PRODUTO!  Produto vendido e entregue por 3D Prado\" \/>\n<meta property=\"og:url\" content=\"https:\/\/projetosddwb.com.br\/3dlab\/product\/filamento-pla-low-cost\/\" \/>\n<meta property=\"og:site_name\" content=\"3D Lab\" \/>\n<meta property=\"article:publisher\" content=\"https:\/\/www.facebook.com\/3dlabbrasil\/?locale=pt_BR\" \/>\n<meta name=\"twitter:card\" content=\"summary_large_image\" \/>\n<meta name=\"twitter:label1\" content=\"Est. tempo de leitura\" \/>\n\t<meta name=\"twitter:data1\" content=\"2 minutos\" \/>\n<script type=\"application\/ld+json\" class=\"yoast-schema-graph\">{\"@context\":\"https:\/\/schema.org\",\"@graph\":[{\"@type\":\"WebPage\",\"@id\":\"https:\/\/projetosddwb.com.br\/3dlab\/product\/filamento-pla-low-cost\/\",\"url\":\"https:\/\/projetosddwb.com.br\/3dlab\/product\/filamento-pla-low-cost\/\",\"name\":\"Filamento PLA Low Cost - 3D Lab\",\"isPartOf\":{\"@id\":\"https:\/\/projetosddwb.com.br\/3dlab\/#website\"},\"primaryImageOfPage\":{\"@id\":\"https:\/\/projetosddwb.com.br\/3dlab\/product\/filamento-pla-low-cost\/#primaryimage\"},\"image\":{\"@id\":\"https:\/\/projetosddwb.com.br\/3dlab\/product\/filamento-pla-low-cost\/#primaryimage\"},\"thumbnailUrl\":\"\",\"datePublished\":\"2024-04-18T14:59:12+00:00\",\"breadcrumb\":{\"@id\":\"https:\/\/projetosddwb.com.br\/3dlab\/product\/filamento-pla-low-cost\/#breadcrumb\"},\"inLanguage\":\"pt-BR\",\"potentialAction\":[{\"@type\":\"ReadAction\",\"target\":[\"https:\/\/projetosddwb.com.br\/3dlab\/product\/filamento-pla-low-cost\/\"]}]},{\"@type\":\"ImageObject\",\"inLanguage\":\"pt-BR\",\"@id\":\"https:\/\/projetosddwb.com.br\/3dlab\/product\/filamento-pla-low-cost\/#primaryimage\",\"url\":\"\",\"contentUrl\":\"\"},{\"@type\":\"BreadcrumbList\",\"@id\":\"https:\/\/projetosddwb.com.br\/3dlab\/product\/filamento-pla-low-cost\/#breadcrumb\",\"itemListElement\":[{\"@type\":\"ListItem\",\"position\":1,\"name\":\"In\u00edcio\",\"item\":\"https:\/\/projetosddwb.com.br\/3dlab\/\"},{\"@type\":\"ListItem\",\"position\":2,\"name\":\"Loja\",\"item\":\"https:\/\/projetosddwb.com.br\/3dlab\/loja\/\"},{\"@type\":\"ListItem\",\"position\":3,\"name\":\"Filamento PLA Low Cost\"}]},{\"@type\":\"WebSite\",\"@id\":\"https:\/\/projetosddwb.com.br\/3dlab\/#website\",\"url\":\"https:\/\/projetosddwb.com.br\/3dlab\/\",\"name\":\"3D Lab\",\"description\":\"\",\"publisher\":{\"@id\":\"https:\/\/projetosddwb.com.br\/3dlab\/#organization\"},\"potentialAction\":[{\"@type\":\"SearchAction\",\"target\":{\"@type\":\"EntryPoint\",\"urlTemplate\":\"https:\/\/projetosddwb.com.br\/3dlab\/?s={search_term_string}\"},\"query-input\":{\"@type\":\"PropertyValueSpecification\",\"valueRequired\":true,\"valueName\":\"search_term_string\"}}],\"inLanguage\":\"pt-BR\"},{\"@type\":\"Organization\",\"@id\":\"https:\/\/projetosddwb.com.br\/3dlab\/#organization\",\"name\":\"3D Lab\",\"url\":\"https:\/\/projetosddwb.com.br\/3dlab\/\",\"logo\":{\"@type\":\"ImageObject\",\"inLanguage\":\"pt-BR\",\"@id\":\"https:\/\/projetosddwb.com.br\/3dlab\/#\/schema\/logo\/image\/\",\"url\":\"https:\/\/projetosddwb.com.br\/3dlab\/wp-content\/uploads\/2025\/04\/cropped-cropped-3D_HORI_ORIGINAL-1.png\",\"contentUrl\":\"https:\/\/projetosddwb.com.br\/3dlab\/wp-content\/uploads\/2025\/04\/cropped-cropped-3D_HORI_ORIGINAL-1.png\",\"width\":597,\"height\":196,\"caption\":\"3D Lab\"},\"image\":{\"@id\":\"https:\/\/projetosddwb.com.br\/3dlab\/#\/schema\/logo\/image\/\"},\"sameAs\":[\"https:\/\/www.facebook.com\/3dlabbrasil\/?locale=pt_BR\",\"https:\/\/www.instagram.com\/3dlab_brasil\/\"]}]}<\/script>\n<!-- \/ Yoast SEO plugin. -->","yoast_head_json":{"title":"Filamento PLA Low Cost - 3D Lab","robots":{"index":"index","follow":"follow","max-snippet":"max-snippet:-1","max-image-preview":"max-image-preview:large","max-video-preview":"max-video-preview:-1"},"canonical":"https:\/\/projetosddwb.com.br\/3dlab\/product\/filamento-pla-low-cost\/","og_locale":"pt_BR","og_type":"article","og_title":"Filamento PLA Low Cost - 3D Lab","og_description":"ATEN\u00c7\u00c3O: ANTES DE COMPRAR LEIA A DESCRI\u00c7\u00c3O DO PRODUTO!  Produto vendido e entregue por 3D Prado","og_url":"https:\/\/projetosddwb.com.br\/3dlab\/product\/filamento-pla-low-cost\/","og_site_name":"3D Lab","article_publisher":"https:\/\/www.facebook.com\/3dlabbrasil\/?locale=pt_BR","twitter_card":"summary_large_image","twitter_misc":{"Est. tempo de leitura":"2 minutos"},"schema":{"@context":"https:\/\/schema.org","@graph":[{"@type":"WebPage","@id":"https:\/\/projetosddwb.com.br\/3dlab\/product\/filamento-pla-low-cost\/","url":"https:\/\/projetosddwb.com.br\/3dlab\/product\/filamento-pla-low-cost\/","name":"Filamento PLA Low Cost - 3D Lab","isPartOf":{"@id":"https:\/\/projetosddwb.com.br\/3dlab\/#website"},"primaryImageOfPage":{"@id":"https:\/\/projetosddwb.com.br\/3dlab\/product\/filamento-pla-low-cost\/#primaryimage"},"image":{"@id":"https:\/\/projetosddwb.com.br\/3dlab\/product\/filamento-pla-low-cost\/#primaryimage"},"thumbnailUrl":"","datePublished":"2024-04-18T14:59:12+00:00","breadcrumb":{"@id":"https:\/\/projetosddwb.com.br\/3dlab\/product\/filamento-pla-low-cost\/#breadcrumb"},"inLanguage":"pt-BR","potentialAction":[{"@type":"ReadAction","target":["https:\/\/projetosddwb.com.br\/3dlab\/product\/filamento-pla-low-cost\/"]}]},{"@type":"ImageObject","inLanguage":"pt-BR","@id":"https:\/\/projetosddwb.com.br\/3dlab\/product\/filamento-pla-low-cost\/#primaryimage","url":"","contentUrl":""},{"@type":"BreadcrumbList","@id":"https:\/\/projetosddwb.com.br\/3dlab\/product\/filamento-pla-low-cost\/#breadcrumb","itemListElement":[{"@type":"ListItem","position":1,"name":"In\u00edcio","item":"https:\/\/projetosddwb.com.br\/3dlab\/"},{"@type":"ListItem","position":2,"name":"Loja","item":"https:\/\/projetosddwb.com.br\/3dlab\/loja\/"},{"@type":"ListItem","position":3,"name":"Filamento PLA Low Cost"}]},{"@type":"WebSite","@id":"https:\/\/projetosddwb.com.br\/3dlab\/#website","url":"https:\/\/projetosddwb.com.br\/3dlab\/","name":"3D Lab","description":"","publisher":{"@id":"https:\/\/projetosddwb.com.br\/3dlab\/#organization"},"potentialAction":[{"@type":"SearchAction","target":{"@type":"EntryPoint","urlTemplate":"https:\/\/projetosddwb.com.br\/3dlab\/?s={search_term_string}"},"query-input":{"@type":"PropertyValueSpecification","valueRequired":true,"valueName":"search_term_string"}}],"inLanguage":"pt-BR"},{"@type":"Organization","@id":"https:\/\/projetosddwb.com.br\/3dlab\/#organization","name":"3D Lab","url":"https:\/\/projetosddwb.com.br\/3dlab\/","logo":{"@type":"ImageObject","inLanguage":"pt-BR","@id":"https:\/\/projetosddwb.com.br\/3dlab\/#\/schema\/logo\/image\/","url":"https:\/\/projetosddwb.com.br\/3dlab\/wp-content\/uploads\/2025\/04\/cropped-cropped-3D_HORI_ORIGINAL-1.png","contentUrl":"https:\/\/projetosddwb.com.br\/3dlab\/wp-content\/uploads\/2025\/04\/cropped-cropped-3D_HORI_ORIGINAL-1.png","width":597,"height":196,"caption":"3D Lab"},"image":{"@id":"https:\/\/projetosddwb.com.br\/3dlab\/#\/schema\/logo\/image\/"},"sameAs":["https:\/\/www.facebook.com\/3dlabbrasil\/?locale=pt_BR","https:\/\/www.instagram.com\/3dlab_brasil\/"]}]}},"_links":{"self":[{"href":"https:\/\/projetosddwb.com.br\/3dlab\/wp-json\/wp\/v2\/product\/1283","targetHints":{"allow":["GET"]}}],"collection":[{"href":"https:\/\/projetosddwb.com.br\/3dlab\/wp-json\/wp\/v2\/product"}],"about":[{"href":"https:\/\/projetosddwb.com.br\/3dlab\/wp-json\/wp\/v2\/types\/product"}],"replies":[{"embeddable":true,"href":"https:\/\/projetosddwb.com.br\/3dlab\/wp-json\/wp\/v2\/comments?post=1283"}],"wp:featuredmedia":[{"embeddable":true,"href":"https:\/\/projetosddwb.com.br\/3dlab\/wp-json\/"}],"wp:attachment":[{"href":"https:\/\/projetosddwb.com.br\/3dlab\/wp-json\/wp\/v2\/media?parent=1283"}],"wp:term":[{"taxonomy":"product_brand","embeddable":true,"href":"https:\/\/projetosddwb.com.br\/3dlab\/wp-json\/wp\/v2\/product_brand?post=1283"},{"taxonomy":"product_cat","embeddable":true,"href":"https:\/\/projetosddwb.com.br\/3dlab\/wp-json\/wp\/v2\/product_cat?post=1283"},{"taxonomy":"product_tag","embeddable":true,"href":"https:\/\/projetosddwb.com.br\/3dlab\/wp-json\/wp\/v2\/product_tag?post=1283"}],"curies":[{"name":"wp","href":"https:\/\/api.w.org\/{rel}","templated":true}]}}