{"id":1285,"date":"2024-04-18T11:59:12","date_gmt":"2024-04-18T14:59:12","guid":{"rendered":"https:\/\/projetosddwb.com.br\/3dlab\/?post_type=product&amp;p=1285"},"modified":"2024-04-18T11:59:12","modified_gmt":"2024-04-18T14:59:12","slug":"filamento-abs-premium-low-cost","status":"publish","type":"product","link":"https:\/\/projetosddwb.com.br\/3dlab\/product\/filamento-abs-premium-low-cost\/","title":{"rendered":"Filamento ABS PREMIUM Low Cost"},"content":{"rendered":"<h2><strong>Filamento para impressora 3D de alta qualidade<\/strong><\/h2>\n<h2>Filamento ABS PREMIUM Low Cost<\/h2>\n<p>O Filamento ABS Premium Low Cost \u00e9 uma op\u00e7\u00e3o mais barata para os produtos da 3D Lab.<\/p>\n<p>Esse filamento possui a mesma qualidade dos nossos outros filamentos, mas n\u00e3o tem uma cor definida e o quilo do material pode ser dividido em at\u00e9 tr\u00eas carret\u00e9is. Ele \u00e9 resultado de troca de cor na m\u00e1quina durante a produ\u00e7\u00e3o, ent\u00e3o oferecemos ele em uma condi\u00e7\u00e3o mais barata.<\/p>\n<p><strong>ATEN\u00c7\u00c3O: O FILAMENTO ABS PREMIUM LOW COST N\u00c3O TEM UMA COR DEFINIDA E O QUILO DO MATERIAL PODE SER DIVIDIDO EM AT\u00c9 TR\u00caS CARRET\u00c9IS. Se voc\u00ea precisar de alguma cor espec\u00edfica, escolha um produto padr\u00e3o na nossa loja.<\/strong><\/p>\n<p><iframe title=\"Filamento PLA e ABS Low Cost - 3D Lab\" width=\"1290\" height=\"726\" src=\"https:\/\/www.youtube.com\/embed\/x-dlIl_oV48?feature=oembed\" frameborder=\"0\" allow=\"accelerometer; autoplay; clipboard-write; encrypted-media; gyroscope; picture-in-picture; web-share\" referrerpolicy=\"strict-origin-when-cross-origin\" allowfullscreen><\/iframe><\/p>\n<p>O Filamento ABS PREMIUM da 3D Lab \u00e9 um \u00f3timo material para impress\u00e3o 3D. Isso porque ele possui alta resist\u00eancia mec\u00e2nica, alta resist\u00eancia t\u00e9rmica, elevada facilidade de acabamento, principalmente com o vapor de acetona pura. Sendo assim, esse material \u00e9 um dos mais utilizados pelos usu\u00e1rios de impress\u00e3o 3D. Al\u00e9m disso \u00e9 \u00f3timo para impressoras 3D fechadas, com gabinete que preserva a temperatura aquecida para toda a pe\u00e7a. No entanto, o filamento ABS Premium necessita de mesa aquecida na impressora 3D para ser utilizado.<\/p>\n<p>O filamento ABS Premium \u00e9 um dos materiais mais utilizados devido suas caracter\u00edsticas. Ele \u00e9 indicado para pe\u00e7as mec\u00e2nicas que v\u00e3o sofrer algum tipo de esfor\u00e7o, como tra\u00e7\u00e3o ou tor\u00e7\u00e3o. Al\u00e9m disso, como o material tem alta resist\u00eancia t\u00e9rmica, pode ser usado para criar pe\u00e7as que ficar\u00e3o expostas ao sol, sem sofrer deforma\u00e7\u00e3o.<\/p>\n<p>Ent\u00e3o, se voc\u00ea deseja escolher o melhor filamento para impress\u00e3o 3D, o Filamento ABS Premium deve estar dentro da sua lista de op\u00e7\u00f5es.<\/p>\n<p>Todos os nossos filamentos s\u00e3o fabricados em nossa sede, em Betim\/MG, com alto n\u00edvel de controle de qualidade, garantindo um \u00f3timo produto e a satisfa\u00e7\u00e3o de nossos clientes. Para isso, lembre-se de sempre armazenar seus filamentos em locais livres de umidade e que n\u00e3o recebam radia\u00e7\u00e3o solar diretamente.<\/p>\n<p>Se voc\u00ea tiver qualquer d\u00favida para utilizar este material voc\u00ea pode consultar nosso guia completo do filamento, em nosso blog. O link para o conte\u00fado de como imprimir com o Filamento ABS Premium est\u00e1\u00a0<a href=\"https:\/\/3dlab.com.br\/produto\/filamento-abs-premium-laranja\/como-imprimir-com-filamento-abs\/\">aqui<\/a>. Voc\u00ea tamb\u00e9m pode solicitar a ajuda de um de nossos especialistas. Utilize o canal de comunica\u00e7\u00e3o que lhe for mais interessante. Atendemos no chat online, e-mail, telefone, WhatsApp ou venha nos visitar aqui na nossa sede, na Rua Toyota, 490 &#8211; Betim\/MG.<\/p>\n","protected":false},"excerpt":{"rendered":"<p><strong>ATEN\u00c7\u00c3O: ANTES DE COMPRAR LEIA A DESCRI\u00c7\u00c3O DO PRODUTO!<\/strong><\/p>\n","protected":false},"featured_media":1304,"comment_status":"open","ping_status":"closed","template":"","meta":[],"product_brand":[],"product_cat":[405,276,524,272],"product_tag":[],"class_list":{"0":"post-1285","1":"product","2":"type-product","3":"status-publish","4":"has-post-thumbnail","6":"product_cat-abs","7":"product_cat-filamento-abs-premium","8":"product_cat-filamento-low-cost","9":"product_cat-filamento-para-impressora-3d","10":"product_shipping_class-filamentos","12":"first","13":"instock","14":"shipping-taxable","15":"purchasable","16":"product-type-variable","17":"has-default-attributes"},"yoast_head":"<!-- This site is optimized with the Yoast SEO plugin v24.8.1 - https:\/\/yoast.com\/wordpress\/plugins\/seo\/ -->\n<title>Filamento ABS PREMIUM Low Cost - 3D Lab<\/title>\n<meta name=\"robots\" content=\"index, follow, max-snippet:-1, max-image-preview:large, max-video-preview:-1\" \/>\n<link rel=\"canonical\" href=\"https:\/\/projetosddwb.com.br\/3dlab\/product\/filamento-abs-premium-low-cost\/\" \/>\n<meta property=\"og:locale\" content=\"pt_BR\" \/>\n<meta property=\"og:type\" content=\"article\" \/>\n<meta property=\"og:title\" content=\"Filamento ABS PREMIUM Low Cost - 3D Lab\" \/>\n<meta property=\"og:description\" content=\"ATEN\u00c7\u00c3O: ANTES DE COMPRAR LEIA A DESCRI\u00c7\u00c3O DO PRODUTO!\" \/>\n<meta property=\"og:url\" content=\"https:\/\/projetosddwb.com.br\/3dlab\/product\/filamento-abs-premium-low-cost\/\" \/>\n<meta property=\"og:site_name\" content=\"3D Lab\" \/>\n<meta property=\"article:publisher\" content=\"https:\/\/www.facebook.com\/3dlabbrasil\/?locale=pt_BR\" \/>\n<meta name=\"twitter:card\" content=\"summary_large_image\" \/>\n<meta name=\"twitter:label1\" content=\"Est. tempo de leitura\" \/>\n\t<meta name=\"twitter:data1\" content=\"2 minutos\" \/>\n<script type=\"application\/ld+json\" class=\"yoast-schema-graph\">{\"@context\":\"https:\/\/schema.org\",\"@graph\":[{\"@type\":\"WebPage\",\"@id\":\"https:\/\/projetosddwb.com.br\/3dlab\/product\/filamento-abs-premium-low-cost\/\",\"url\":\"https:\/\/projetosddwb.com.br\/3dlab\/product\/filamento-abs-premium-low-cost\/\",\"name\":\"Filamento ABS PREMIUM Low Cost - 3D Lab\",\"isPartOf\":{\"@id\":\"https:\/\/projetosddwb.com.br\/3dlab\/#website\"},\"primaryImageOfPage\":{\"@id\":\"https:\/\/projetosddwb.com.br\/3dlab\/product\/filamento-abs-premium-low-cost\/#primaryimage\"},\"image\":{\"@id\":\"https:\/\/projetosddwb.com.br\/3dlab\/product\/filamento-abs-premium-low-cost\/#primaryimage\"},\"thumbnailUrl\":\"\",\"datePublished\":\"2024-04-18T14:59:12+00:00\",\"breadcrumb\":{\"@id\":\"https:\/\/projetosddwb.com.br\/3dlab\/product\/filamento-abs-premium-low-cost\/#breadcrumb\"},\"inLanguage\":\"pt-BR\",\"potentialAction\":[{\"@type\":\"ReadAction\",\"target\":[\"https:\/\/projetosddwb.com.br\/3dlab\/product\/filamento-abs-premium-low-cost\/\"]}]},{\"@type\":\"ImageObject\",\"inLanguage\":\"pt-BR\",\"@id\":\"https:\/\/projetosddwb.com.br\/3dlab\/product\/filamento-abs-premium-low-cost\/#primaryimage\",\"url\":\"\",\"contentUrl\":\"\"},{\"@type\":\"BreadcrumbList\",\"@id\":\"https:\/\/projetosddwb.com.br\/3dlab\/product\/filamento-abs-premium-low-cost\/#breadcrumb\",\"itemListElement\":[{\"@type\":\"ListItem\",\"position\":1,\"name\":\"In\u00edcio\",\"item\":\"https:\/\/projetosddwb.com.br\/3dlab\/\"},{\"@type\":\"ListItem\",\"position\":2,\"name\":\"Loja\",\"item\":\"https:\/\/projetosddwb.com.br\/3dlab\/loja\/\"},{\"@type\":\"ListItem\",\"position\":3,\"name\":\"Filamento ABS PREMIUM Low Cost\"}]},{\"@type\":\"WebSite\",\"@id\":\"https:\/\/projetosddwb.com.br\/3dlab\/#website\",\"url\":\"https:\/\/projetosddwb.com.br\/3dlab\/\",\"name\":\"3D Lab\",\"description\":\"\",\"publisher\":{\"@id\":\"https:\/\/projetosddwb.com.br\/3dlab\/#organization\"},\"potentialAction\":[{\"@type\":\"SearchAction\",\"target\":{\"@type\":\"EntryPoint\",\"urlTemplate\":\"https:\/\/projetosddwb.com.br\/3dlab\/?s={search_term_string}\"},\"query-input\":{\"@type\":\"PropertyValueSpecification\",\"valueRequired\":true,\"valueName\":\"search_term_string\"}}],\"inLanguage\":\"pt-BR\"},{\"@type\":\"Organization\",\"@id\":\"https:\/\/projetosddwb.com.br\/3dlab\/#organization\",\"name\":\"3D Lab\",\"url\":\"https:\/\/projetosddwb.com.br\/3dlab\/\",\"logo\":{\"@type\":\"ImageObject\",\"inLanguage\":\"pt-BR\",\"@id\":\"https:\/\/projetosddwb.com.br\/3dlab\/#\/schema\/logo\/image\/\",\"url\":\"https:\/\/projetosddwb.com.br\/3dlab\/wp-content\/uploads\/2025\/04\/cropped-cropped-3D_HORI_ORIGINAL-1.png\",\"contentUrl\":\"https:\/\/projetosddwb.com.br\/3dlab\/wp-content\/uploads\/2025\/04\/cropped-cropped-3D_HORI_ORIGINAL-1.png\",\"width\":597,\"height\":196,\"caption\":\"3D Lab\"},\"image\":{\"@id\":\"https:\/\/projetosddwb.com.br\/3dlab\/#\/schema\/logo\/image\/\"},\"sameAs\":[\"https:\/\/www.facebook.com\/3dlabbrasil\/?locale=pt_BR\",\"https:\/\/www.instagram.com\/3dlab_brasil\/\"]}]}<\/script>\n<!-- \/ Yoast SEO plugin. -->","yoast_head_json":{"title":"Filamento ABS PREMIUM Low Cost - 3D Lab","robots":{"index":"index","follow":"follow","max-snippet":"max-snippet:-1","max-image-preview":"max-image-preview:large","max-video-preview":"max-video-preview:-1"},"canonical":"https:\/\/projetosddwb.com.br\/3dlab\/product\/filamento-abs-premium-low-cost\/","og_locale":"pt_BR","og_type":"article","og_title":"Filamento ABS PREMIUM Low Cost - 3D Lab","og_description":"ATEN\u00c7\u00c3O: ANTES DE COMPRAR LEIA A DESCRI\u00c7\u00c3O DO PRODUTO!","og_url":"https:\/\/projetosddwb.com.br\/3dlab\/product\/filamento-abs-premium-low-cost\/","og_site_name":"3D Lab","article_publisher":"https:\/\/www.facebook.com\/3dlabbrasil\/?locale=pt_BR","twitter_card":"summary_large_image","twitter_misc":{"Est. tempo de leitura":"2 minutos"},"schema":{"@context":"https:\/\/schema.org","@graph":[{"@type":"WebPage","@id":"https:\/\/projetosddwb.com.br\/3dlab\/product\/filamento-abs-premium-low-cost\/","url":"https:\/\/projetosddwb.com.br\/3dlab\/product\/filamento-abs-premium-low-cost\/","name":"Filamento ABS PREMIUM Low Cost - 3D Lab","isPartOf":{"@id":"https:\/\/projetosddwb.com.br\/3dlab\/#website"},"primaryImageOfPage":{"@id":"https:\/\/projetosddwb.com.br\/3dlab\/product\/filamento-abs-premium-low-cost\/#primaryimage"},"image":{"@id":"https:\/\/projetosddwb.com.br\/3dlab\/product\/filamento-abs-premium-low-cost\/#primaryimage"},"thumbnailUrl":"","datePublished":"2024-04-18T14:59:12+00:00","breadcrumb":{"@id":"https:\/\/projetosddwb.com.br\/3dlab\/product\/filamento-abs-premium-low-cost\/#breadcrumb"},"inLanguage":"pt-BR","potentialAction":[{"@type":"ReadAction","target":["https:\/\/projetosddwb.com.br\/3dlab\/product\/filamento-abs-premium-low-cost\/"]}]},{"@type":"ImageObject","inLanguage":"pt-BR","@id":"https:\/\/projetosddwb.com.br\/3dlab\/product\/filamento-abs-premium-low-cost\/#primaryimage","url":"","contentUrl":""},{"@type":"BreadcrumbList","@id":"https:\/\/projetosddwb.com.br\/3dlab\/product\/filamento-abs-premium-low-cost\/#breadcrumb","itemListElement":[{"@type":"ListItem","position":1,"name":"In\u00edcio","item":"https:\/\/projetosddwb.com.br\/3dlab\/"},{"@type":"ListItem","position":2,"name":"Loja","item":"https:\/\/projetosddwb.com.br\/3dlab\/loja\/"},{"@type":"ListItem","position":3,"name":"Filamento ABS PREMIUM Low Cost"}]},{"@type":"WebSite","@id":"https:\/\/projetosddwb.com.br\/3dlab\/#website","url":"https:\/\/projetosddwb.com.br\/3dlab\/","name":"3D Lab","description":"","publisher":{"@id":"https:\/\/projetosddwb.com.br\/3dlab\/#organization"},"potentialAction":[{"@type":"SearchAction","target":{"@type":"EntryPoint","urlTemplate":"https:\/\/projetosddwb.com.br\/3dlab\/?s={search_term_string}"},"query-input":{"@type":"PropertyValueSpecification","valueRequired":true,"valueName":"search_term_string"}}],"inLanguage":"pt-BR"},{"@type":"Organization","@id":"https:\/\/projetosddwb.com.br\/3dlab\/#organization","name":"3D Lab","url":"https:\/\/projetosddwb.com.br\/3dlab\/","logo":{"@type":"ImageObject","inLanguage":"pt-BR","@id":"https:\/\/projetosddwb.com.br\/3dlab\/#\/schema\/logo\/image\/","url":"https:\/\/projetosddwb.com.br\/3dlab\/wp-content\/uploads\/2025\/04\/cropped-cropped-3D_HORI_ORIGINAL-1.png","contentUrl":"https:\/\/projetosddwb.com.br\/3dlab\/wp-content\/uploads\/2025\/04\/cropped-cropped-3D_HORI_ORIGINAL-1.png","width":597,"height":196,"caption":"3D Lab"},"image":{"@id":"https:\/\/projetosddwb.com.br\/3dlab\/#\/schema\/logo\/image\/"},"sameAs":["https:\/\/www.facebook.com\/3dlabbrasil\/?locale=pt_BR","https:\/\/www.instagram.com\/3dlab_brasil\/"]}]}},"_links":{"self":[{"href":"https:\/\/projetosddwb.com.br\/3dlab\/wp-json\/wp\/v2\/product\/1285","targetHints":{"allow":["GET"]}}],"collection":[{"href":"https:\/\/projetosddwb.com.br\/3dlab\/wp-json\/wp\/v2\/product"}],"about":[{"href":"https:\/\/projetosddwb.com.br\/3dlab\/wp-json\/wp\/v2\/types\/product"}],"replies":[{"embeddable":true,"href":"https:\/\/projetosddwb.com.br\/3dlab\/wp-json\/wp\/v2\/comments?post=1285"}],"wp:featuredmedia":[{"embeddable":true,"href":"https:\/\/projetosddwb.com.br\/3dlab\/wp-json\/"}],"wp:attachment":[{"href":"https:\/\/projetosddwb.com.br\/3dlab\/wp-json\/wp\/v2\/media?parent=1285"}],"wp:term":[{"taxonomy":"product_brand","embeddable":true,"href":"https:\/\/projetosddwb.com.br\/3dlab\/wp-json\/wp\/v2\/product_brand?post=1285"},{"taxonomy":"product_cat","embeddable":true,"href":"https:\/\/projetosddwb.com.br\/3dlab\/wp-json\/wp\/v2\/product_cat?post=1285"},{"taxonomy":"product_tag","embeddable":true,"href":"https:\/\/projetosddwb.com.br\/3dlab\/wp-json\/wp\/v2\/product_tag?post=1285"}],"curies":[{"name":"wp","href":"https:\/\/api.w.org\/{rel}","templated":true}]}}