{"id":1287,"date":"2024-04-18T11:59:13","date_gmt":"2024-04-18T14:59:13","guid":{"rendered":"https:\/\/projetosddwb.com.br\/3dlab\/?post_type=product&amp;p=1287"},"modified":"2024-04-18T11:59:13","modified_gmt":"2024-04-18T14:59:13","slug":"impressora-3d-halot-one","status":"publish","type":"product","link":"https:\/\/projetosddwb.com.br\/3dlab\/product\/impressora-3d-halot-one\/","title":{"rendered":"Impressora 3D Halot One"},"content":{"rendered":"<h2><span style=\"color: #000000;\"><b>Impressora 3D Creality HALOT ONE<\/b><\/span><\/h2>\n<h3><span style=\"color: #000000;\">Fonte de luz mais eficiente<\/span><\/h3>\n<p><span style=\"color: #000000;\">Novo sistema de LED patenteado pela Creality. Maior efic\u00e1cia e precis\u00e3o, aumentando a qualidade das pe\u00e7as impressas. A nova fonte de luz da impressora 3D Halot One tem at\u00e9 80% de uniformidade com a luz.<\/span><\/p>\n<h3><span style=\"color: #000000;\">Display colorido touchscreen de 5 polegadas<\/span><\/h3>\n<p><span style=\"color: #000000;\">Essa impressora 3D tamb\u00e9m conta com um poderoso display touchscreen e colorido, de 5 polegadas. A navega\u00e7\u00e3o no menu da m\u00e1quina \u00e9 bem intuitiva e f\u00e1cil, mesmo para quem est\u00e1 tendo o primeiro contato com a tecnologia.<\/span><\/p>\n<h3><span style=\"color: #000000;\">LCD monocrom\u00e1tico 2K de 5,96 polegadas<\/span><\/h3>\n<p><span style=\"color: #000000;\">A fonte de luz da impressora 3D Creality Halot One \u00e9 monocrom\u00e1tica de 5,96 polegadas, o que permite trabalhar com menores tempos para impress\u00e3o das camadas, reduzindo o tempo total de impress\u00e3o.<\/span><\/p>\n<h3><span style=\"color: #000000;\">Volume de impress\u00e3o para suas pe\u00e7as<\/span><\/h3>\n<p><span style=\"color: #000000;\">A impressora 3D Halot One tem volume \u00fatil de 127 x 80 x 160mm.<\/span><\/p>\n<p><span style=\"color: #000000;\"><b>Caracter\u00edsticas<\/b><span style=\"font-weight: 400;\">\u00a0<\/span><\/span><\/p>\n<ul>\n<li style=\"font-weight: 400;\" aria-level=\"1\"><span style=\"font-weight: 400; color: #000000;\">Fonte de luz integral Creality;<\/span><\/li>\n<li style=\"font-weight: 400;\" aria-level=\"1\"><span style=\"font-weight: 400; color: #000000;\">Processamento: (CPU+GPU) 64 bits com IA;<\/span><\/li>\n<li style=\"font-weight: 400;\" aria-level=\"1\"><span style=\"font-weight: 400; color: #000000;\">Fatiamento eficiente;<\/span><\/li>\n<li style=\"font-weight: 400;\" aria-level=\"1\"><span style=\"font-weight: 400; color: #000000;\">Sistema operacional de nova gera\u00e7\u00e3o;<\/span><\/li>\n<li style=\"font-weight: 400;\" aria-level=\"1\"><span style=\"font-weight: 400; color: #000000;\">Resfriamento e filtragem eficientes;<\/span><\/li>\n<li style=\"font-weight: 400;\" aria-level=\"1\"><span style=\"font-weight: 400; color: #000000;\">M\u00f3dulo de precis\u00e3o do eixo Z;<\/span><\/li>\n<li aria-level=\"1\"><span style=\"font-weight: 400; color: #000000;\">Design elegante e simples;<\/span><\/li>\n<li aria-level=\"1\"><span style=\"font-weight: 400; color: #000000;\">LCD monocrom\u00e1tico de 5,96 polegadas.<\/span><\/li>\n<\/ul>\n<p><span style=\"color: #000000;\"><b>Especifica\u00e7\u00f5es \u00a0<\/b><\/span><\/p>\n<ul>\n<li><span style=\"font-weight: 400; color: #000000;\">Tamanho da m\u00e1quina: 221 x 221 x 404 mm<\/span><\/li>\n<li><span style=\"font-weight: 400; color: #000000;\">Tamanho \u00fatil de impress\u00e3o: 127 x 80 x 160 mm<\/span><\/li>\n<li><span style=\"font-weight: 400; color: #000000;\">Ru\u00eddo do motor: &lt;60dB<\/span><\/li>\n<li><span style=\"font-weight: 400; color: #000000;\">Nivelamento manual f\u00e1cil<\/span><\/li>\n<li><span style=\"font-weight: 400; color: #000000;\">Peso da m\u00e1quina: 7,1 kg<\/span><\/li>\n<li><span style=\"font-weight: 400; color: #000000;\">Peso da embalagem: 8,8 kg<\/span><\/li>\n<li><span style=\"font-weight: 400; color: #000000;\">Tens\u00e3o de entrada: 100-240V<\/span><\/li>\n<li><span style=\"font-weight: 400; color: #000000;\">Sa\u00edda de energia: 24 V, 1,3 A<\/span><\/li>\n<li><span style=\"font-weight: 400; color: #000000;\">Tamanho da embalagem: 295 x 295 x 545 mm<\/span><\/li>\n<li><span style=\"font-weight: 400; color: #000000;\">Fonte de alimenta\u00e7\u00e3o: 100W<\/span><\/li>\n<li><span style=\"font-weight: 400; color: #000000;\">Precis\u00e3o do eixo XY: 0,01-0,05 mm<\/span><\/li>\n<li><span style=\"font-weight: 400; color: #000000;\">Velocidade de impress\u00e3o: 1-10s \/ camada<\/span><\/li>\n<li><span style=\"font-weight: 400; color: #000000;\">Fonte de luz: Fonte de luz integral Creality<\/span><\/li>\n<li><span style=\"font-weight: 400; color: #000000;\">Insumo: Resina fotossens\u00edvel 405nm<\/span><\/li>\n<li><span style=\"font-weight: 400; color: #000000;\">Formato de arquivo: STL\/OBJ\/AMF<\/span><\/li>\n<li><span style=\"font-weight: 400; color: #000000;\">Software: Creality Halot-Box<\/span><\/li>\n<li><span style=\"font-weight: 400; color: #000000;\">Fonte de alimenta\u00e7\u00e3o: Bivolt<\/span><\/li>\n<li><span style=\"font-weight: 400; color: #000000;\">Modo de trabalho: Online ou offline<\/span><\/li>\n<li><span style=\"font-weight: 400; color: #000000;\">Idioma de suporte: suporte 12 idiomas<\/span><\/li>\n<\/ul>\n<p><span style=\"color: #000000;\">OBSERVA\u00c7\u00c3O: A garantia do LCD \u00e9 de at\u00e9 200 horas de impress\u00e3o ou 3 meses ap\u00f3s a entrega da m\u00e1quina, desde que n\u00e3o tenha ind\u00edcios de contato direto da resina no display.\u00a0<\/span><\/p>\n<p><img fetchpriority=\"high\" decoding=\"async\" class=\"wp-image-124124 size-large aligncenter\" src=\"https:\/\/3dlab.com.br\/wp-content\/uploads\/2021\/07\/1080-1080-1-1024x1024.jpg\" alt=\"\" width=\"1024\" height=\"1024\" \/> <img decoding=\"async\" class=\"wp-image-124125 size-large aligncenter\" src=\"https:\/\/3dlab.com.br\/wp-content\/uploads\/2021\/07\/1200-628-3-1024x536.jpg\" alt=\"\" width=\"1024\" height=\"536\" \/> <img decoding=\"async\" class=\"wp-image-124126 size-large aligncenter\" src=\"https:\/\/3dlab.com.br\/wp-content\/uploads\/2021\/07\/1200-628-4-1024x536.jpg\" alt=\"\" width=\"1024\" height=\"536\" \/> <img loading=\"lazy\" decoding=\"async\" class=\"wp-image-124127 size-large aligncenter\" src=\"https:\/\/3dlab.com.br\/wp-content\/uploads\/2021\/07\/1200-1200-2-1024x1024.jpg\" alt=\"\" width=\"1024\" height=\"1024\" \/> <img loading=\"lazy\" decoding=\"async\" class=\"wp-image-124128 size-large aligncenter\" src=\"https:\/\/3dlab.com.br\/wp-content\/uploads\/2021\/07\/1200-1200-3_-1024x1024.jpg\" alt=\"\" width=\"1024\" height=\"1024\" \/> <img loading=\"lazy\" decoding=\"async\" class=\"wp-image-124129 size-large aligncenter\" src=\"https:\/\/3dlab.com.br\/wp-content\/uploads\/2021\/07\/1200-1200-4-1024x1024.jpg\" alt=\"\" width=\"1024\" height=\"1024\" \/> <img loading=\"lazy\" decoding=\"async\" class=\"wp-image-124130 size-large aligncenter\" src=\"https:\/\/3dlab.com.br\/wp-content\/uploads\/2021\/07\/1200-1200-5-1024x1024.jpg\" alt=\"\" width=\"1024\" height=\"1024\" \/><\/p>\n<p><span style=\"color: #000000;\">Assista um v\u00eddeo sobre essa impressora 3D de resina:<\/span><\/p>\n<p><iframe title=\"Unboxing | Creality Original HALOT ONE Unboxing &amp; Assembly &amp; Print\" width=\"1290\" height=\"726\" src=\"https:\/\/www.youtube.com\/embed\/TRQI1bjxYwo?feature=oembed\" frameborder=\"0\" allow=\"accelerometer; autoplay; clipboard-write; encrypted-media; gyroscope; picture-in-picture; web-share\" referrerpolicy=\"strict-origin-when-cross-origin\" allowfullscreen><\/iframe><\/p>\n","protected":false},"excerpt":{"rendered":"<p>Impressora 3D Creality HALOT ONE Fonte de luz mais eficiente Novo sistema de LED patenteado pela Creality. Maior efic\u00e1cia e precis\u00e3o, aumentando a qualidade das pe\u00e7as impressas. A nova fonte&hellip;<\/p>\n","protected":false},"featured_media":1305,"comment_status":"open","ping_status":"closed","template":"","meta":[],"product_brand":[],"product_cat":[264],"product_tag":[292,526,325,466,527],"class_list":{"0":"post-1287","1":"product","2":"type-product","3":"status-publish","4":"has-post-thumbnail","6":"product_cat-sem-categoria","7":"product_tag-creality","8":"product_tag-halot","9":"product_tag-halot-one","10":"product_tag-impressora-3d-de-resina","11":"product_tag-impressora-de-resina","12":"product_shipping_class-impressoras-c-frete","14":"first","15":"outofstock","16":"sale","17":"shipping-taxable","18":"purchasable","19":"product-type-simple"},"yoast_head":"<!-- This site is optimized with the Yoast SEO plugin v24.8.1 - https:\/\/yoast.com\/wordpress\/plugins\/seo\/ -->\n<title>Impressora 3D Halot One - 3D Lab<\/title>\n<meta name=\"robots\" content=\"index, follow, max-snippet:-1, max-image-preview:large, max-video-preview:-1\" \/>\n<link rel=\"canonical\" href=\"https:\/\/projetosddwb.com.br\/3dlab\/product\/impressora-3d-halot-one\/\" \/>\n<meta property=\"og:locale\" content=\"pt_BR\" \/>\n<meta property=\"og:type\" content=\"article\" \/>\n<meta property=\"og:title\" content=\"Impressora 3D Halot One - 3D Lab\" \/>\n<meta property=\"og:description\" content=\"Impressora 3D Creality HALOT ONE Fonte de luz mais eficiente Novo sistema de LED patenteado pela Creality. Maior efic\u00e1cia e precis\u00e3o, aumentando a qualidade das pe\u00e7as impressas. A nova fonte&hellip;\" \/>\n<meta property=\"og:url\" content=\"https:\/\/projetosddwb.com.br\/3dlab\/product\/impressora-3d-halot-one\/\" \/>\n<meta property=\"og:site_name\" content=\"3D Lab\" \/>\n<meta property=\"article:publisher\" content=\"https:\/\/www.facebook.com\/3dlabbrasil\/?locale=pt_BR\" \/>\n<meta property=\"og:image\" content=\"https:\/\/3dlab.com.br\/wp-content\/uploads\/2021\/07\/1080-1080-1-1024x1024.jpg\" \/>\n<meta name=\"twitter:card\" content=\"summary_large_image\" \/>\n<meta name=\"twitter:label1\" content=\"Est. tempo de leitura\" \/>\n\t<meta name=\"twitter:data1\" content=\"2 minutos\" \/>\n<script type=\"application\/ld+json\" class=\"yoast-schema-graph\">{\"@context\":\"https:\/\/schema.org\",\"@graph\":[{\"@type\":\"WebPage\",\"@id\":\"https:\/\/projetosddwb.com.br\/3dlab\/product\/impressora-3d-halot-one\/\",\"url\":\"https:\/\/projetosddwb.com.br\/3dlab\/product\/impressora-3d-halot-one\/\",\"name\":\"Impressora 3D Halot One - 3D Lab\",\"isPartOf\":{\"@id\":\"https:\/\/projetosddwb.com.br\/3dlab\/#website\"},\"primaryImageOfPage\":{\"@id\":\"https:\/\/projetosddwb.com.br\/3dlab\/product\/impressora-3d-halot-one\/#primaryimage\"},\"image\":{\"@id\":\"https:\/\/projetosddwb.com.br\/3dlab\/product\/impressora-3d-halot-one\/#primaryimage\"},\"thumbnailUrl\":\"\",\"datePublished\":\"2024-04-18T14:59:13+00:00\",\"breadcrumb\":{\"@id\":\"https:\/\/projetosddwb.com.br\/3dlab\/product\/impressora-3d-halot-one\/#breadcrumb\"},\"inLanguage\":\"pt-BR\",\"potentialAction\":[{\"@type\":\"ReadAction\",\"target\":[\"https:\/\/projetosddwb.com.br\/3dlab\/product\/impressora-3d-halot-one\/\"]}]},{\"@type\":\"ImageObject\",\"inLanguage\":\"pt-BR\",\"@id\":\"https:\/\/projetosddwb.com.br\/3dlab\/product\/impressora-3d-halot-one\/#primaryimage\",\"url\":\"\",\"contentUrl\":\"\"},{\"@type\":\"BreadcrumbList\",\"@id\":\"https:\/\/projetosddwb.com.br\/3dlab\/product\/impressora-3d-halot-one\/#breadcrumb\",\"itemListElement\":[{\"@type\":\"ListItem\",\"position\":1,\"name\":\"In\u00edcio\",\"item\":\"https:\/\/projetosddwb.com.br\/3dlab\/\"},{\"@type\":\"ListItem\",\"position\":2,\"name\":\"Loja\",\"item\":\"https:\/\/projetosddwb.com.br\/3dlab\/loja\/\"},{\"@type\":\"ListItem\",\"position\":3,\"name\":\"Impressora 3D Halot One\"}]},{\"@type\":\"WebSite\",\"@id\":\"https:\/\/projetosddwb.com.br\/3dlab\/#website\",\"url\":\"https:\/\/projetosddwb.com.br\/3dlab\/\",\"name\":\"3D Lab\",\"description\":\"\",\"publisher\":{\"@id\":\"https:\/\/projetosddwb.com.br\/3dlab\/#organization\"},\"potentialAction\":[{\"@type\":\"SearchAction\",\"target\":{\"@type\":\"EntryPoint\",\"urlTemplate\":\"https:\/\/projetosddwb.com.br\/3dlab\/?s={search_term_string}\"},\"query-input\":{\"@type\":\"PropertyValueSpecification\",\"valueRequired\":true,\"valueName\":\"search_term_string\"}}],\"inLanguage\":\"pt-BR\"},{\"@type\":\"Organization\",\"@id\":\"https:\/\/projetosddwb.com.br\/3dlab\/#organization\",\"name\":\"3D Lab\",\"url\":\"https:\/\/projetosddwb.com.br\/3dlab\/\",\"logo\":{\"@type\":\"ImageObject\",\"inLanguage\":\"pt-BR\",\"@id\":\"https:\/\/projetosddwb.com.br\/3dlab\/#\/schema\/logo\/image\/\",\"url\":\"https:\/\/projetosddwb.com.br\/3dlab\/wp-content\/uploads\/2025\/04\/cropped-cropped-3D_HORI_ORIGINAL-1.png\",\"contentUrl\":\"https:\/\/projetosddwb.com.br\/3dlab\/wp-content\/uploads\/2025\/04\/cropped-cropped-3D_HORI_ORIGINAL-1.png\",\"width\":597,\"height\":196,\"caption\":\"3D Lab\"},\"image\":{\"@id\":\"https:\/\/projetosddwb.com.br\/3dlab\/#\/schema\/logo\/image\/\"},\"sameAs\":[\"https:\/\/www.facebook.com\/3dlabbrasil\/?locale=pt_BR\",\"https:\/\/www.instagram.com\/3dlab_brasil\/\"]}]}<\/script>\n<!-- \/ Yoast SEO plugin. -->","yoast_head_json":{"title":"Impressora 3D Halot One - 3D Lab","robots":{"index":"index","follow":"follow","max-snippet":"max-snippet:-1","max-image-preview":"max-image-preview:large","max-video-preview":"max-video-preview:-1"},"canonical":"https:\/\/projetosddwb.com.br\/3dlab\/product\/impressora-3d-halot-one\/","og_locale":"pt_BR","og_type":"article","og_title":"Impressora 3D Halot One - 3D Lab","og_description":"Impressora 3D Creality HALOT ONE Fonte de luz mais eficiente Novo sistema de LED patenteado pela Creality. Maior efic\u00e1cia e precis\u00e3o, aumentando a qualidade das pe\u00e7as impressas. A nova fonte&hellip;","og_url":"https:\/\/projetosddwb.com.br\/3dlab\/product\/impressora-3d-halot-one\/","og_site_name":"3D Lab","article_publisher":"https:\/\/www.facebook.com\/3dlabbrasil\/?locale=pt_BR","og_image":[{"url":"https:\/\/3dlab.com.br\/wp-content\/uploads\/2021\/07\/1080-1080-1-1024x1024.jpg","type":"","width":"","height":""}],"twitter_card":"summary_large_image","twitter_misc":{"Est. tempo de leitura":"2 minutos"},"schema":{"@context":"https:\/\/schema.org","@graph":[{"@type":"WebPage","@id":"https:\/\/projetosddwb.com.br\/3dlab\/product\/impressora-3d-halot-one\/","url":"https:\/\/projetosddwb.com.br\/3dlab\/product\/impressora-3d-halot-one\/","name":"Impressora 3D Halot One - 3D Lab","isPartOf":{"@id":"https:\/\/projetosddwb.com.br\/3dlab\/#website"},"primaryImageOfPage":{"@id":"https:\/\/projetosddwb.com.br\/3dlab\/product\/impressora-3d-halot-one\/#primaryimage"},"image":{"@id":"https:\/\/projetosddwb.com.br\/3dlab\/product\/impressora-3d-halot-one\/#primaryimage"},"thumbnailUrl":"","datePublished":"2024-04-18T14:59:13+00:00","breadcrumb":{"@id":"https:\/\/projetosddwb.com.br\/3dlab\/product\/impressora-3d-halot-one\/#breadcrumb"},"inLanguage":"pt-BR","potentialAction":[{"@type":"ReadAction","target":["https:\/\/projetosddwb.com.br\/3dlab\/product\/impressora-3d-halot-one\/"]}]},{"@type":"ImageObject","inLanguage":"pt-BR","@id":"https:\/\/projetosddwb.com.br\/3dlab\/product\/impressora-3d-halot-one\/#primaryimage","url":"","contentUrl":""},{"@type":"BreadcrumbList","@id":"https:\/\/projetosddwb.com.br\/3dlab\/product\/impressora-3d-halot-one\/#breadcrumb","itemListElement":[{"@type":"ListItem","position":1,"name":"In\u00edcio","item":"https:\/\/projetosddwb.com.br\/3dlab\/"},{"@type":"ListItem","position":2,"name":"Loja","item":"https:\/\/projetosddwb.com.br\/3dlab\/loja\/"},{"@type":"ListItem","position":3,"name":"Impressora 3D Halot One"}]},{"@type":"WebSite","@id":"https:\/\/projetosddwb.com.br\/3dlab\/#website","url":"https:\/\/projetosddwb.com.br\/3dlab\/","name":"3D Lab","description":"","publisher":{"@id":"https:\/\/projetosddwb.com.br\/3dlab\/#organization"},"potentialAction":[{"@type":"SearchAction","target":{"@type":"EntryPoint","urlTemplate":"https:\/\/projetosddwb.com.br\/3dlab\/?s={search_term_string}"},"query-input":{"@type":"PropertyValueSpecification","valueRequired":true,"valueName":"search_term_string"}}],"inLanguage":"pt-BR"},{"@type":"Organization","@id":"https:\/\/projetosddwb.com.br\/3dlab\/#organization","name":"3D Lab","url":"https:\/\/projetosddwb.com.br\/3dlab\/","logo":{"@type":"ImageObject","inLanguage":"pt-BR","@id":"https:\/\/projetosddwb.com.br\/3dlab\/#\/schema\/logo\/image\/","url":"https:\/\/projetosddwb.com.br\/3dlab\/wp-content\/uploads\/2025\/04\/cropped-cropped-3D_HORI_ORIGINAL-1.png","contentUrl":"https:\/\/projetosddwb.com.br\/3dlab\/wp-content\/uploads\/2025\/04\/cropped-cropped-3D_HORI_ORIGINAL-1.png","width":597,"height":196,"caption":"3D Lab"},"image":{"@id":"https:\/\/projetosddwb.com.br\/3dlab\/#\/schema\/logo\/image\/"},"sameAs":["https:\/\/www.facebook.com\/3dlabbrasil\/?locale=pt_BR","https:\/\/www.instagram.com\/3dlab_brasil\/"]}]}},"_links":{"self":[{"href":"https:\/\/projetosddwb.com.br\/3dlab\/wp-json\/wp\/v2\/product\/1287","targetHints":{"allow":["GET"]}}],"collection":[{"href":"https:\/\/projetosddwb.com.br\/3dlab\/wp-json\/wp\/v2\/product"}],"about":[{"href":"https:\/\/projetosddwb.com.br\/3dlab\/wp-json\/wp\/v2\/types\/product"}],"replies":[{"embeddable":true,"href":"https:\/\/projetosddwb.com.br\/3dlab\/wp-json\/wp\/v2\/comments?post=1287"}],"wp:featuredmedia":[{"embeddable":true,"href":"https:\/\/projetosddwb.com.br\/3dlab\/wp-json\/"}],"wp:attachment":[{"href":"https:\/\/projetosddwb.com.br\/3dlab\/wp-json\/wp\/v2\/media?parent=1287"}],"wp:term":[{"taxonomy":"product_brand","embeddable":true,"href":"https:\/\/projetosddwb.com.br\/3dlab\/wp-json\/wp\/v2\/product_brand?post=1287"},{"taxonomy":"product_cat","embeddable":true,"href":"https:\/\/projetosddwb.com.br\/3dlab\/wp-json\/wp\/v2\/product_cat?post=1287"},{"taxonomy":"product_tag","embeddable":true,"href":"https:\/\/projetosddwb.com.br\/3dlab\/wp-json\/wp\/v2\/product_tag?post=1287"}],"curies":[{"name":"wp","href":"https:\/\/api.w.org\/{rel}","templated":true}]}}