{"id":1427,"date":"2024-04-18T12:25:16","date_gmt":"2024-04-18T15:25:16","guid":{"rendered":"https:\/\/projetosddwb.com.br\/3dlab\/?post_type=product&amp;p=1427"},"modified":"2024-04-18T12:25:16","modified_gmt":"2024-04-18T15:25:16","slug":"filamento-policarbonato-pc","status":"publish","type":"product","link":"https:\/\/projetosddwb.com.br\/3dlab\/product\/filamento-policarbonato-pc\/","title":{"rendered":"Filamento Policarbonato (PC)"},"content":{"rendered":"<h2>Filamento Policarbonato (PC)<\/h2>\n<p>O filamento Policarbonato, ou filamento PC, \u00e9 um material poderoso bastante utilizado na ind\u00fastria. Como principais caracter\u00edsticas ele apresenta boa resist\u00eancia t\u00e9rmica e elevada tenacidade.<\/p>\n<p>A impress\u00e3o com o Filamento Policarbonato vai gerar pe\u00e7as com resist\u00eancia t\u00e9rmica em torno de 130\u00b0C.<\/p>\n<p>Para imprimir com o filamento PC \u00e9 altamente recomendado que a impressora seja fechada ou esteja enclausurada para evitar que ar externo resfrie a pe\u00e7a de forma for\u00e7ada. A impress\u00e3o desse filamento em uma m\u00e1quina aberta provavelmente vai gerar empeno e warping.<\/p>\n","protected":false},"excerpt":{"rendered":"<p>Filamento Policarbonato (PC) O filamento Policarbonato, ou filamento PC, \u00e9 um material poderoso bastante utilizado na ind\u00fastria. Como principais caracter\u00edsticas ele apresenta boa resist\u00eancia t\u00e9rmica e elevada tenacidade. A impress\u00e3o&hellip;<\/p>\n","protected":false},"featured_media":337,"comment_status":"open","ping_status":"closed","template":"","meta":[],"product_brand":[],"product_cat":[302,272,429],"product_tag":[540,541],"class_list":{"0":"post-1427","1":"product","2":"type-product","3":"status-publish","4":"has-post-thumbnail","6":"product_cat-faixa-preta","7":"product_cat-filamento-para-impressora-3d","8":"product_cat-filamentos-especiais","9":"product_tag-filamento-pc","10":"product_tag-filamento-policarbonato","11":"product_shipping_class-filamentos","13":"first","14":"outofstock","15":"shipping-taxable","16":"purchasable","17":"product-type-variable","18":"has-default-attributes"},"yoast_head":"<!-- This site is optimized with the Yoast SEO plugin v24.8.1 - https:\/\/yoast.com\/wordpress\/plugins\/seo\/ -->\n<title>Filamento Policarbonato (PC) - 3D Lab<\/title>\n<meta name=\"robots\" content=\"index, follow, max-snippet:-1, max-image-preview:large, max-video-preview:-1\" \/>\n<link rel=\"canonical\" href=\"https:\/\/projetosddwb.com.br\/3dlab\/product\/filamento-policarbonato-pc\/\" \/>\n<meta property=\"og:locale\" content=\"pt_BR\" \/>\n<meta property=\"og:type\" content=\"article\" \/>\n<meta property=\"og:title\" content=\"Filamento Policarbonato (PC) - 3D Lab\" \/>\n<meta property=\"og:description\" content=\"Filamento Policarbonato (PC) O filamento Policarbonato, ou filamento PC, \u00e9 um material poderoso bastante utilizado na ind\u00fastria. Como principais caracter\u00edsticas ele apresenta boa resist\u00eancia t\u00e9rmica e elevada tenacidade. A impress\u00e3o&hellip;\" \/>\n<meta property=\"og:url\" content=\"https:\/\/projetosddwb.com.br\/3dlab\/product\/filamento-policarbonato-pc\/\" \/>\n<meta property=\"og:site_name\" content=\"3D Lab\" \/>\n<meta property=\"article:publisher\" content=\"https:\/\/www.facebook.com\/3dlabbrasil\/?locale=pt_BR\" \/>\n<meta name=\"twitter:card\" content=\"summary_large_image\" \/>\n<script type=\"application\/ld+json\" class=\"yoast-schema-graph\">{\"@context\":\"https:\/\/schema.org\",\"@graph\":[{\"@type\":\"WebPage\",\"@id\":\"https:\/\/projetosddwb.com.br\/3dlab\/product\/filamento-policarbonato-pc\/\",\"url\":\"https:\/\/projetosddwb.com.br\/3dlab\/product\/filamento-policarbonato-pc\/\",\"name\":\"Filamento Policarbonato (PC) - 3D Lab\",\"isPartOf\":{\"@id\":\"https:\/\/projetosddwb.com.br\/3dlab\/#website\"},\"primaryImageOfPage\":{\"@id\":\"https:\/\/projetosddwb.com.br\/3dlab\/product\/filamento-policarbonato-pc\/#primaryimage\"},\"image\":{\"@id\":\"https:\/\/projetosddwb.com.br\/3dlab\/product\/filamento-policarbonato-pc\/#primaryimage\"},\"thumbnailUrl\":\"\",\"datePublished\":\"2024-04-18T15:25:16+00:00\",\"breadcrumb\":{\"@id\":\"https:\/\/projetosddwb.com.br\/3dlab\/product\/filamento-policarbonato-pc\/#breadcrumb\"},\"inLanguage\":\"pt-BR\",\"potentialAction\":[{\"@type\":\"ReadAction\",\"target\":[\"https:\/\/projetosddwb.com.br\/3dlab\/product\/filamento-policarbonato-pc\/\"]}]},{\"@type\":\"ImageObject\",\"inLanguage\":\"pt-BR\",\"@id\":\"https:\/\/projetosddwb.com.br\/3dlab\/product\/filamento-policarbonato-pc\/#primaryimage\",\"url\":\"\",\"contentUrl\":\"\"},{\"@type\":\"BreadcrumbList\",\"@id\":\"https:\/\/projetosddwb.com.br\/3dlab\/product\/filamento-policarbonato-pc\/#breadcrumb\",\"itemListElement\":[{\"@type\":\"ListItem\",\"position\":1,\"name\":\"In\u00edcio\",\"item\":\"https:\/\/projetosddwb.com.br\/3dlab\/\"},{\"@type\":\"ListItem\",\"position\":2,\"name\":\"Loja\",\"item\":\"https:\/\/projetosddwb.com.br\/3dlab\/loja\/\"},{\"@type\":\"ListItem\",\"position\":3,\"name\":\"Filamento Policarbonato (PC)\"}]},{\"@type\":\"WebSite\",\"@id\":\"https:\/\/projetosddwb.com.br\/3dlab\/#website\",\"url\":\"https:\/\/projetosddwb.com.br\/3dlab\/\",\"name\":\"3D Lab\",\"description\":\"\",\"publisher\":{\"@id\":\"https:\/\/projetosddwb.com.br\/3dlab\/#organization\"},\"potentialAction\":[{\"@type\":\"SearchAction\",\"target\":{\"@type\":\"EntryPoint\",\"urlTemplate\":\"https:\/\/projetosddwb.com.br\/3dlab\/?s={search_term_string}\"},\"query-input\":{\"@type\":\"PropertyValueSpecification\",\"valueRequired\":true,\"valueName\":\"search_term_string\"}}],\"inLanguage\":\"pt-BR\"},{\"@type\":\"Organization\",\"@id\":\"https:\/\/projetosddwb.com.br\/3dlab\/#organization\",\"name\":\"3D Lab\",\"url\":\"https:\/\/projetosddwb.com.br\/3dlab\/\",\"logo\":{\"@type\":\"ImageObject\",\"inLanguage\":\"pt-BR\",\"@id\":\"https:\/\/projetosddwb.com.br\/3dlab\/#\/schema\/logo\/image\/\",\"url\":\"https:\/\/projetosddwb.com.br\/3dlab\/wp-content\/uploads\/2025\/04\/cropped-cropped-3D_HORI_ORIGINAL-1.png\",\"contentUrl\":\"https:\/\/projetosddwb.com.br\/3dlab\/wp-content\/uploads\/2025\/04\/cropped-cropped-3D_HORI_ORIGINAL-1.png\",\"width\":597,\"height\":196,\"caption\":\"3D Lab\"},\"image\":{\"@id\":\"https:\/\/projetosddwb.com.br\/3dlab\/#\/schema\/logo\/image\/\"},\"sameAs\":[\"https:\/\/www.facebook.com\/3dlabbrasil\/?locale=pt_BR\",\"https:\/\/www.instagram.com\/3dlab_brasil\/\"]}]}<\/script>\n<!-- \/ Yoast SEO plugin. -->","yoast_head_json":{"title":"Filamento Policarbonato (PC) - 3D Lab","robots":{"index":"index","follow":"follow","max-snippet":"max-snippet:-1","max-image-preview":"max-image-preview:large","max-video-preview":"max-video-preview:-1"},"canonical":"https:\/\/projetosddwb.com.br\/3dlab\/product\/filamento-policarbonato-pc\/","og_locale":"pt_BR","og_type":"article","og_title":"Filamento Policarbonato (PC) - 3D Lab","og_description":"Filamento Policarbonato (PC) O filamento Policarbonato, ou filamento PC, \u00e9 um material poderoso bastante utilizado na ind\u00fastria. Como principais caracter\u00edsticas ele apresenta boa resist\u00eancia t\u00e9rmica e elevada tenacidade. A impress\u00e3o&hellip;","og_url":"https:\/\/projetosddwb.com.br\/3dlab\/product\/filamento-policarbonato-pc\/","og_site_name":"3D Lab","article_publisher":"https:\/\/www.facebook.com\/3dlabbrasil\/?locale=pt_BR","twitter_card":"summary_large_image","schema":{"@context":"https:\/\/schema.org","@graph":[{"@type":"WebPage","@id":"https:\/\/projetosddwb.com.br\/3dlab\/product\/filamento-policarbonato-pc\/","url":"https:\/\/projetosddwb.com.br\/3dlab\/product\/filamento-policarbonato-pc\/","name":"Filamento Policarbonato (PC) - 3D Lab","isPartOf":{"@id":"https:\/\/projetosddwb.com.br\/3dlab\/#website"},"primaryImageOfPage":{"@id":"https:\/\/projetosddwb.com.br\/3dlab\/product\/filamento-policarbonato-pc\/#primaryimage"},"image":{"@id":"https:\/\/projetosddwb.com.br\/3dlab\/product\/filamento-policarbonato-pc\/#primaryimage"},"thumbnailUrl":"","datePublished":"2024-04-18T15:25:16+00:00","breadcrumb":{"@id":"https:\/\/projetosddwb.com.br\/3dlab\/product\/filamento-policarbonato-pc\/#breadcrumb"},"inLanguage":"pt-BR","potentialAction":[{"@type":"ReadAction","target":["https:\/\/projetosddwb.com.br\/3dlab\/product\/filamento-policarbonato-pc\/"]}]},{"@type":"ImageObject","inLanguage":"pt-BR","@id":"https:\/\/projetosddwb.com.br\/3dlab\/product\/filamento-policarbonato-pc\/#primaryimage","url":"","contentUrl":""},{"@type":"BreadcrumbList","@id":"https:\/\/projetosddwb.com.br\/3dlab\/product\/filamento-policarbonato-pc\/#breadcrumb","itemListElement":[{"@type":"ListItem","position":1,"name":"In\u00edcio","item":"https:\/\/projetosddwb.com.br\/3dlab\/"},{"@type":"ListItem","position":2,"name":"Loja","item":"https:\/\/projetosddwb.com.br\/3dlab\/loja\/"},{"@type":"ListItem","position":3,"name":"Filamento Policarbonato (PC)"}]},{"@type":"WebSite","@id":"https:\/\/projetosddwb.com.br\/3dlab\/#website","url":"https:\/\/projetosddwb.com.br\/3dlab\/","name":"3D Lab","description":"","publisher":{"@id":"https:\/\/projetosddwb.com.br\/3dlab\/#organization"},"potentialAction":[{"@type":"SearchAction","target":{"@type":"EntryPoint","urlTemplate":"https:\/\/projetosddwb.com.br\/3dlab\/?s={search_term_string}"},"query-input":{"@type":"PropertyValueSpecification","valueRequired":true,"valueName":"search_term_string"}}],"inLanguage":"pt-BR"},{"@type":"Organization","@id":"https:\/\/projetosddwb.com.br\/3dlab\/#organization","name":"3D Lab","url":"https:\/\/projetosddwb.com.br\/3dlab\/","logo":{"@type":"ImageObject","inLanguage":"pt-BR","@id":"https:\/\/projetosddwb.com.br\/3dlab\/#\/schema\/logo\/image\/","url":"https:\/\/projetosddwb.com.br\/3dlab\/wp-content\/uploads\/2025\/04\/cropped-cropped-3D_HORI_ORIGINAL-1.png","contentUrl":"https:\/\/projetosddwb.com.br\/3dlab\/wp-content\/uploads\/2025\/04\/cropped-cropped-3D_HORI_ORIGINAL-1.png","width":597,"height":196,"caption":"3D Lab"},"image":{"@id":"https:\/\/projetosddwb.com.br\/3dlab\/#\/schema\/logo\/image\/"},"sameAs":["https:\/\/www.facebook.com\/3dlabbrasil\/?locale=pt_BR","https:\/\/www.instagram.com\/3dlab_brasil\/"]}]}},"_links":{"self":[{"href":"https:\/\/projetosddwb.com.br\/3dlab\/wp-json\/wp\/v2\/product\/1427","targetHints":{"allow":["GET"]}}],"collection":[{"href":"https:\/\/projetosddwb.com.br\/3dlab\/wp-json\/wp\/v2\/product"}],"about":[{"href":"https:\/\/projetosddwb.com.br\/3dlab\/wp-json\/wp\/v2\/types\/product"}],"replies":[{"embeddable":true,"href":"https:\/\/projetosddwb.com.br\/3dlab\/wp-json\/wp\/v2\/comments?post=1427"}],"wp:featuredmedia":[{"embeddable":true,"href":"https:\/\/projetosddwb.com.br\/3dlab\/wp-json\/"}],"wp:attachment":[{"href":"https:\/\/projetosddwb.com.br\/3dlab\/wp-json\/wp\/v2\/media?parent=1427"}],"wp:term":[{"taxonomy":"product_brand","embeddable":true,"href":"https:\/\/projetosddwb.com.br\/3dlab\/wp-json\/wp\/v2\/product_brand?post=1427"},{"taxonomy":"product_cat","embeddable":true,"href":"https:\/\/projetosddwb.com.br\/3dlab\/wp-json\/wp\/v2\/product_cat?post=1427"},{"taxonomy":"product_tag","embeddable":true,"href":"https:\/\/projetosddwb.com.br\/3dlab\/wp-json\/wp\/v2\/product_tag?post=1427"}],"curies":[{"name":"wp","href":"https:\/\/api.w.org\/{rel}","templated":true}]}}