{"id":1452,"date":"2024-04-18T12:28:38","date_gmt":"2024-04-18T15:28:38","guid":{"rendered":"https:\/\/projetosddwb.com.br\/3dlab\/?post_type=product&amp;p=1452"},"modified":"2024-04-18T12:28:38","modified_gmt":"2024-04-18T15:28:38","slug":"impressora-3d-farm","status":"publish","type":"product","link":"https:\/\/projetosddwb.com.br\/3dlab\/product\/impressora-3d-farm\/","title":{"rendered":"Impressora 3D FARM"},"content":{"rendered":"<p><strong>Principais Caracter\u00edsticas:<\/strong><\/p>\n<p>Maior \u00e1rea de impress\u00e3o da categoria\u00a0<strong>240\u00a0x\u00a0240\u00a0x\u00a0240 mm<\/strong>\u00a0&#8211; 13,8 Litros de volume<\/p>\n<p>Display\u00a0<strong>Touchscreen\u00a0<\/strong>para maior facilidade de opera\u00e7\u00e3o<\/p>\n<p>Exclusivo\u00a0<strong>Sensor Inteligente<\/strong>\u00a0que faz a detec\u00e7\u00e3o de falta de filamento bem como bloqueio no carretel (enrosco)<\/p>\n<p>Impress\u00e3o atrav\u00e9s de\u00a0<strong>Pendrive\u00a0<\/strong>para maior comodidade e flexibilidade<\/p>\n<p><strong>Power Recovery,<\/strong>\u00a0retome a impress\u00e3o de onde ela parou (esta funcionalidade exige que a pe\u00e7a esteja presa na mesa quando a energia retornar)<\/p>\n<p><strong>Nivelamento autom\u00e1tico<\/strong>\u00a0\u00f3ptico de 9 pontos. Maior precis\u00e3o no nivelamento<\/p>\n<p><strong>Mesa Aquecida\u00a0<\/strong>de aluminio de alta performance<\/p>\n<p>Sistema Eletr\u00f4nico\u00a0<strong>microcontrolado de 32 bits<\/strong><\/p>\n<p>Drivers super\u00a0<strong>silenciosos,<\/strong>\u00a0sua impressora do jeito que voc\u00ea gosta<\/p>\n<p><strong>Gaveta porta objetos,<\/strong>\u00a0Tenha suas ferramentas organizadas e ao alcance de suas m\u00e3os<\/p>\n<p><strong>Gabinete fechado,<\/strong>\u00a0trabalhe com praticamente todos os pol\u00edmeros<\/p>\n<p>Atualiza\u00e7\u00e3o do software de maneira simplificada. Sua impressora sempre atualizada<\/p>\n<p><strong>Turbo Cooler,<\/strong>\u00a0reduza o tempo de espera entre uma impress\u00e3o e outra<\/p>\n<p>&nbsp;<\/p>\n<p><strong>Especifica\u00e7\u00f5es:<\/strong><\/p>\n<p>\u2022 Baixo n\u00edvel de ru\u00eddo<\/p>\n<p>\u2022 Atalhos programaveis para temperatura do bico e mesa<\/p>\n<p>\u2022 Sistema de movimenta\u00e7\u00e3o Core XY reverso<\/p>\n<p>\u2022 \u00c1rea de impress\u00e3o: 240x240x240\u00a0mm (13,8 litros)<\/p>\n<p>\u2022 Mesa de impress\u00e3o movel em Z<\/p>\n<p>\u2022 Nivelamento autom\u00e1tico \u00f3ptico<\/p>\n<p>\u2022 Temperatura m\u00e1xima do bico: 270\u00baC<\/p>\n<p>\u2022 Touchscreen integrado \/ Impress\u00e3o via Pendrive<\/p>\n<p>\u2022 Mesa aquecida 120 graus<\/p>\n<p>\u2022 Resolu\u00e7\u00e3o ajust\u00e1vel (altura de camada): de 50 m\u00edcrons (0.05 mm) at\u00e9 300 m\u00edcrons (0.3\u00a0mm)<\/p>\n<p>\u2022 Materiais de impress\u00e3o: ABS, PLA, PETG, Tritan, Flex, dentre outros<\/p>\n<p><strong>SOFTWARE<\/strong><\/p>\n<p>\u2022 Extens\u00e3o de arquivos compat\u00edveis: .STL, .OBJ<\/p>\n<p>\u2022 Sistemas Operacionais m\u00ednimos compat\u00edveis: Windows XP, Linux, Mac OS X 10.5<\/p>\n<p><strong>DIMENS\u00d5ES<\/strong><\/p>\n<p>\u2022 Sem rolo: 452\u00a0x 424\u00a0x 500 mm<\/p>\n<p>\u2022 Com rolo: 552\u00a0x 424\u00a0x 500 mm<\/p>\n<p>\u2022 Dentro da caixa: 550\u00a0x 520 x 600 mm<\/p>\n<p><strong>PESO<\/strong><\/p>\n<p>\u2022 15,7\u00a0Kg<\/p>\n<p><strong>EL\u00c9TRICA<\/strong><\/p>\n<p>\u2022 Entrada AC:\u00a0110v \/ 220v com conversor autom\u00e1tico<\/p>\n<p>\u2022 Pot\u00eancia: 450 W<\/p>\n<p>\u2022 Conectividade: USB \/ Pendrive<\/p>\n","protected":false},"excerpt":{"rendered":"<p>Principais Caracter\u00edsticas: Maior \u00e1rea de impress\u00e3o da categoria\u00a0240\u00a0x\u00a0240\u00a0x\u00a0240 mm\u00a0&#8211; 13,8 Litros de volume Display\u00a0Touchscreen\u00a0para maior facilidade de opera\u00e7\u00e3o Exclusivo\u00a0Sensor Inteligente\u00a0que faz a detec\u00e7\u00e3o de falta de filamento bem como bloqueio&hellip;<\/p>\n","protected":false},"featured_media":1465,"comment_status":"open","ping_status":"closed","template":"","meta":[],"product_brand":[],"product_cat":[308],"product_tag":[285],"class_list":{"0":"post-1452","1":"product","2":"type-product","3":"status-publish","4":"has-post-thumbnail","6":"product_cat-impressoras-e-filamentos","7":"product_tag-impressora-3d","8":"product_shipping_class-impressoras-c-frete","10":"first","11":"instock","12":"sale","13":"featured","14":"shipping-taxable","15":"purchasable","16":"product-type-simple"},"yoast_head":"<!-- This site is optimized with the Yoast SEO plugin v24.8.1 - https:\/\/yoast.com\/wordpress\/plugins\/seo\/ -->\n<title>Impressora 3D FARM - 3D Lab<\/title>\n<meta name=\"robots\" content=\"index, follow, max-snippet:-1, max-image-preview:large, max-video-preview:-1\" \/>\n<link rel=\"canonical\" href=\"https:\/\/projetosddwb.com.br\/3dlab\/product\/impressora-3d-farm\/\" \/>\n<meta property=\"og:locale\" content=\"pt_BR\" \/>\n<meta property=\"og:type\" content=\"article\" \/>\n<meta property=\"og:title\" content=\"Impressora 3D FARM - 3D Lab\" \/>\n<meta property=\"og:description\" content=\"Principais Caracter\u00edsticas: Maior \u00e1rea de impress\u00e3o da categoria\u00a0240\u00a0x\u00a0240\u00a0x\u00a0240 mm\u00a0&#8211; 13,8 Litros de volume Display\u00a0Touchscreen\u00a0para maior facilidade de opera\u00e7\u00e3o Exclusivo\u00a0Sensor Inteligente\u00a0que faz a detec\u00e7\u00e3o de falta de filamento bem como bloqueio&hellip;\" \/>\n<meta property=\"og:url\" content=\"https:\/\/projetosddwb.com.br\/3dlab\/product\/impressora-3d-farm\/\" \/>\n<meta property=\"og:site_name\" content=\"3D Lab\" \/>\n<meta property=\"article:publisher\" content=\"https:\/\/www.facebook.com\/3dlabbrasil\/?locale=pt_BR\" \/>\n<meta name=\"twitter:card\" content=\"summary_large_image\" \/>\n<meta name=\"twitter:label1\" content=\"Est. tempo de leitura\" \/>\n\t<meta name=\"twitter:data1\" content=\"2 minutos\" \/>\n<script type=\"application\/ld+json\" class=\"yoast-schema-graph\">{\"@context\":\"https:\/\/schema.org\",\"@graph\":[{\"@type\":\"WebPage\",\"@id\":\"https:\/\/projetosddwb.com.br\/3dlab\/product\/impressora-3d-farm\/\",\"url\":\"https:\/\/projetosddwb.com.br\/3dlab\/product\/impressora-3d-farm\/\",\"name\":\"Impressora 3D FARM - 3D Lab\",\"isPartOf\":{\"@id\":\"https:\/\/projetosddwb.com.br\/3dlab\/#website\"},\"primaryImageOfPage\":{\"@id\":\"https:\/\/projetosddwb.com.br\/3dlab\/product\/impressora-3d-farm\/#primaryimage\"},\"image\":{\"@id\":\"https:\/\/projetosddwb.com.br\/3dlab\/product\/impressora-3d-farm\/#primaryimage\"},\"thumbnailUrl\":\"\",\"datePublished\":\"2024-04-18T15:28:38+00:00\",\"breadcrumb\":{\"@id\":\"https:\/\/projetosddwb.com.br\/3dlab\/product\/impressora-3d-farm\/#breadcrumb\"},\"inLanguage\":\"pt-BR\",\"potentialAction\":[{\"@type\":\"ReadAction\",\"target\":[\"https:\/\/projetosddwb.com.br\/3dlab\/product\/impressora-3d-farm\/\"]}]},{\"@type\":\"ImageObject\",\"inLanguage\":\"pt-BR\",\"@id\":\"https:\/\/projetosddwb.com.br\/3dlab\/product\/impressora-3d-farm\/#primaryimage\",\"url\":\"\",\"contentUrl\":\"\"},{\"@type\":\"BreadcrumbList\",\"@id\":\"https:\/\/projetosddwb.com.br\/3dlab\/product\/impressora-3d-farm\/#breadcrumb\",\"itemListElement\":[{\"@type\":\"ListItem\",\"position\":1,\"name\":\"In\u00edcio\",\"item\":\"https:\/\/projetosddwb.com.br\/3dlab\/\"},{\"@type\":\"ListItem\",\"position\":2,\"name\":\"Loja\",\"item\":\"https:\/\/projetosddwb.com.br\/3dlab\/loja\/\"},{\"@type\":\"ListItem\",\"position\":3,\"name\":\"Impressora 3D FARM\"}]},{\"@type\":\"WebSite\",\"@id\":\"https:\/\/projetosddwb.com.br\/3dlab\/#website\",\"url\":\"https:\/\/projetosddwb.com.br\/3dlab\/\",\"name\":\"3D Lab\",\"description\":\"\",\"publisher\":{\"@id\":\"https:\/\/projetosddwb.com.br\/3dlab\/#organization\"},\"potentialAction\":[{\"@type\":\"SearchAction\",\"target\":{\"@type\":\"EntryPoint\",\"urlTemplate\":\"https:\/\/projetosddwb.com.br\/3dlab\/?s={search_term_string}\"},\"query-input\":{\"@type\":\"PropertyValueSpecification\",\"valueRequired\":true,\"valueName\":\"search_term_string\"}}],\"inLanguage\":\"pt-BR\"},{\"@type\":\"Organization\",\"@id\":\"https:\/\/projetosddwb.com.br\/3dlab\/#organization\",\"name\":\"3D Lab\",\"url\":\"https:\/\/projetosddwb.com.br\/3dlab\/\",\"logo\":{\"@type\":\"ImageObject\",\"inLanguage\":\"pt-BR\",\"@id\":\"https:\/\/projetosddwb.com.br\/3dlab\/#\/schema\/logo\/image\/\",\"url\":\"https:\/\/projetosddwb.com.br\/3dlab\/wp-content\/uploads\/2025\/04\/cropped-cropped-3D_HORI_ORIGINAL-1.png\",\"contentUrl\":\"https:\/\/projetosddwb.com.br\/3dlab\/wp-content\/uploads\/2025\/04\/cropped-cropped-3D_HORI_ORIGINAL-1.png\",\"width\":597,\"height\":196,\"caption\":\"3D Lab\"},\"image\":{\"@id\":\"https:\/\/projetosddwb.com.br\/3dlab\/#\/schema\/logo\/image\/\"},\"sameAs\":[\"https:\/\/www.facebook.com\/3dlabbrasil\/?locale=pt_BR\",\"https:\/\/www.instagram.com\/3dlab_brasil\/\"]}]}<\/script>\n<!-- \/ Yoast SEO plugin. -->","yoast_head_json":{"title":"Impressora 3D FARM - 3D Lab","robots":{"index":"index","follow":"follow","max-snippet":"max-snippet:-1","max-image-preview":"max-image-preview:large","max-video-preview":"max-video-preview:-1"},"canonical":"https:\/\/projetosddwb.com.br\/3dlab\/product\/impressora-3d-farm\/","og_locale":"pt_BR","og_type":"article","og_title":"Impressora 3D FARM - 3D Lab","og_description":"Principais Caracter\u00edsticas: Maior \u00e1rea de impress\u00e3o da categoria\u00a0240\u00a0x\u00a0240\u00a0x\u00a0240 mm\u00a0&#8211; 13,8 Litros de volume Display\u00a0Touchscreen\u00a0para maior facilidade de opera\u00e7\u00e3o Exclusivo\u00a0Sensor Inteligente\u00a0que faz a detec\u00e7\u00e3o de falta de filamento bem como bloqueio&hellip;","og_url":"https:\/\/projetosddwb.com.br\/3dlab\/product\/impressora-3d-farm\/","og_site_name":"3D Lab","article_publisher":"https:\/\/www.facebook.com\/3dlabbrasil\/?locale=pt_BR","twitter_card":"summary_large_image","twitter_misc":{"Est. tempo de leitura":"2 minutos"},"schema":{"@context":"https:\/\/schema.org","@graph":[{"@type":"WebPage","@id":"https:\/\/projetosddwb.com.br\/3dlab\/product\/impressora-3d-farm\/","url":"https:\/\/projetosddwb.com.br\/3dlab\/product\/impressora-3d-farm\/","name":"Impressora 3D FARM - 3D Lab","isPartOf":{"@id":"https:\/\/projetosddwb.com.br\/3dlab\/#website"},"primaryImageOfPage":{"@id":"https:\/\/projetosddwb.com.br\/3dlab\/product\/impressora-3d-farm\/#primaryimage"},"image":{"@id":"https:\/\/projetosddwb.com.br\/3dlab\/product\/impressora-3d-farm\/#primaryimage"},"thumbnailUrl":"","datePublished":"2024-04-18T15:28:38+00:00","breadcrumb":{"@id":"https:\/\/projetosddwb.com.br\/3dlab\/product\/impressora-3d-farm\/#breadcrumb"},"inLanguage":"pt-BR","potentialAction":[{"@type":"ReadAction","target":["https:\/\/projetosddwb.com.br\/3dlab\/product\/impressora-3d-farm\/"]}]},{"@type":"ImageObject","inLanguage":"pt-BR","@id":"https:\/\/projetosddwb.com.br\/3dlab\/product\/impressora-3d-farm\/#primaryimage","url":"","contentUrl":""},{"@type":"BreadcrumbList","@id":"https:\/\/projetosddwb.com.br\/3dlab\/product\/impressora-3d-farm\/#breadcrumb","itemListElement":[{"@type":"ListItem","position":1,"name":"In\u00edcio","item":"https:\/\/projetosddwb.com.br\/3dlab\/"},{"@type":"ListItem","position":2,"name":"Loja","item":"https:\/\/projetosddwb.com.br\/3dlab\/loja\/"},{"@type":"ListItem","position":3,"name":"Impressora 3D FARM"}]},{"@type":"WebSite","@id":"https:\/\/projetosddwb.com.br\/3dlab\/#website","url":"https:\/\/projetosddwb.com.br\/3dlab\/","name":"3D Lab","description":"","publisher":{"@id":"https:\/\/projetosddwb.com.br\/3dlab\/#organization"},"potentialAction":[{"@type":"SearchAction","target":{"@type":"EntryPoint","urlTemplate":"https:\/\/projetosddwb.com.br\/3dlab\/?s={search_term_string}"},"query-input":{"@type":"PropertyValueSpecification","valueRequired":true,"valueName":"search_term_string"}}],"inLanguage":"pt-BR"},{"@type":"Organization","@id":"https:\/\/projetosddwb.com.br\/3dlab\/#organization","name":"3D Lab","url":"https:\/\/projetosddwb.com.br\/3dlab\/","logo":{"@type":"ImageObject","inLanguage":"pt-BR","@id":"https:\/\/projetosddwb.com.br\/3dlab\/#\/schema\/logo\/image\/","url":"https:\/\/projetosddwb.com.br\/3dlab\/wp-content\/uploads\/2025\/04\/cropped-cropped-3D_HORI_ORIGINAL-1.png","contentUrl":"https:\/\/projetosddwb.com.br\/3dlab\/wp-content\/uploads\/2025\/04\/cropped-cropped-3D_HORI_ORIGINAL-1.png","width":597,"height":196,"caption":"3D Lab"},"image":{"@id":"https:\/\/projetosddwb.com.br\/3dlab\/#\/schema\/logo\/image\/"},"sameAs":["https:\/\/www.facebook.com\/3dlabbrasil\/?locale=pt_BR","https:\/\/www.instagram.com\/3dlab_brasil\/"]}]}},"_links":{"self":[{"href":"https:\/\/projetosddwb.com.br\/3dlab\/wp-json\/wp\/v2\/product\/1452","targetHints":{"allow":["GET"]}}],"collection":[{"href":"https:\/\/projetosddwb.com.br\/3dlab\/wp-json\/wp\/v2\/product"}],"about":[{"href":"https:\/\/projetosddwb.com.br\/3dlab\/wp-json\/wp\/v2\/types\/product"}],"replies":[{"embeddable":true,"href":"https:\/\/projetosddwb.com.br\/3dlab\/wp-json\/wp\/v2\/comments?post=1452"}],"wp:featuredmedia":[{"embeddable":true,"href":"https:\/\/projetosddwb.com.br\/3dlab\/wp-json\/"}],"wp:attachment":[{"href":"https:\/\/projetosddwb.com.br\/3dlab\/wp-json\/wp\/v2\/media?parent=1452"}],"wp:term":[{"taxonomy":"product_brand","embeddable":true,"href":"https:\/\/projetosddwb.com.br\/3dlab\/wp-json\/wp\/v2\/product_brand?post=1452"},{"taxonomy":"product_cat","embeddable":true,"href":"https:\/\/projetosddwb.com.br\/3dlab\/wp-json\/wp\/v2\/product_cat?post=1452"},{"taxonomy":"product_tag","embeddable":true,"href":"https:\/\/projetosddwb.com.br\/3dlab\/wp-json\/wp\/v2\/product_tag?post=1452"}],"curies":[{"name":"wp","href":"https:\/\/api.w.org\/{rel}","templated":true}]}}