{"id":1504,"date":"2024-04-18T12:54:32","date_gmt":"2024-04-18T15:54:32","guid":{"rendered":"https:\/\/projetosddwb.com.br\/3dlab\/?post_type=product&amp;p=1504"},"modified":"2024-04-18T12:54:32","modified_gmt":"2024-04-18T15:54:32","slug":"impressora-3d-ender-3-s1-pro","status":"publish","type":"product","link":"https:\/\/projetosddwb.com.br\/3dlab\/product\/impressora-3d-ender-3-s1-pro\/","title":{"rendered":"Impressora 3D Ender 3 S1 Pro"},"content":{"rendered":"<h2><strong style=\"font-size: 16px;\">Impressora 3D Ender 3 S1 Pro!<\/strong><\/h2>\n<p>Conhe\u00e7a agora uma das impressoras 3D mais completas do mundo! A Ender 3 S1 Pro \u00e9 uma revolu\u00e7\u00e3o, com diversos recursos interessantes para a impress\u00e3o 3D, pensados para promover uma excelente experi\u00eancia do usu\u00e1rio e qualidade das pe\u00e7as impressas.<\/p>\n<p>A Ender 3 S1 Pro tem recursos especiais, como:<\/p>\n<ul>\n<li>Extrusor de alta temperatura, superando os 300\u00b0C;<\/li>\n<li>Extrusor do tipo &#8220;sprite full-metal dual-gear direct&#8221;;<\/li>\n<li>Nivelamento autom\u00e1tico com o CR Touch;<\/li>\n<li>Ilumina\u00e7\u00e3o com LED;<\/li>\n<li>Placa magn\u00e9tica de PEI na superf\u00edcie de impress\u00e3o<\/li>\n<li>Display touchscreen de 4,3 polegadas;<\/li>\n<li>Montagem facilitada com apenas 6 passos necess\u00e1rios;<\/li>\n<li>Placa m\u00e3e silenciosa de 32 bits;<\/li>\n<li>Sensor de fim de filamento;<\/li>\n<li>Recurso de recupera\u00e7\u00e3o de impress\u00e3o em caso de pico de energia;<\/li>\n<li>Extrusor intercambi\u00e1vel compat\u00edvel com gravadora a laser.<\/li>\n<\/ul>\n<p><strong>Caracter\u00edsticas t\u00e9cnicas da Ender 3 S1 Pro<\/strong><\/p>\n<ul>\n<li>Tipo de impress\u00e3o 3D: FDM<\/li>\n<li>Volume \u00fatil de impress\u00e3o: 220 x 220 x 270mm<\/li>\n<li>Dimens\u00f5es da m\u00e1quina: 490 x 455 x 625mm<\/li>\n<li>Peso do equipamento: 8,7Kg<\/li>\n<li>Velocidade m\u00e1xima de impress\u00e3o: 150mm\/s<\/li>\n<li>Precis\u00e3o de impress\u00e3o: +-0,1mm<\/li>\n<li>Resolu\u00e7\u00e3o (altura da camada): 0,05 a 0,4mm<\/li>\n<li>Di\u00e2metro do filamento: 1,75mm<\/li>\n<li>Di\u00e2metro do bico: 0,4mm<\/li>\n<li>Temperatura de extrus\u00e3o: m\u00e1ximo em torno de 300\u00b0C<\/li>\n<li>Temperatura da mesa de impress\u00e3o: m\u00e1ximo em torno de 110\u00b0C<\/li>\n<li>Nivelamento da mesa: autom\u00e1tico com CR Touch<\/li>\n<li>Display: Touch screen de 4,3 polegadas<\/li>\n<li>Placa m\u00e3e: silenciosa de 32 bits<\/li>\n<li>Pot\u00eancia do equipamento: 350W\/24V<\/li>\n<li>Tipo do extrusor: &#8220;Sprite&#8221; full metal dual gear direct<\/li>\n<li>Software de fatiamento: Creality Slicer \/ Cura \/ Repetier \/ Simplify3D<\/li>\n<li>Mesa de impress\u00e3o: Spring steel PEI magnetic<\/li>\n<li>Materiais compat\u00edveis: PLA, ABS, Wood, Flex, PETG, PLA e outros<\/li>\n<\/ul>\n<p><iframe title=\"Ender-3 S1 Pro High-temp Printing for More Possibilities\" width=\"1290\" height=\"726\" src=\"https:\/\/www.youtube.com\/embed\/xGvVZaHxf-k?feature=oembed\" frameborder=\"0\" allow=\"accelerometer; autoplay; clipboard-write; encrypted-media; gyroscope; picture-in-picture; web-share\" referrerpolicy=\"strict-origin-when-cross-origin\" allowfullscreen><\/iframe><\/p>\n","protected":false},"excerpt":{"rendered":"<p>Impressora 3D Ender 3 S1 Pro! Conhe\u00e7a agora uma das impressoras 3D mais completas do mundo! A Ender 3 S1 Pro \u00e9 uma revolu\u00e7\u00e3o, com diversos recursos interessantes para a&hellip;<\/p>\n","protected":false},"featured_media":1516,"comment_status":"open","ping_status":"closed","template":"","meta":[],"product_brand":[],"product_cat":[306,284,302,453,280,308],"product_tag":[558,285],"class_list":{"0":"post-1504","1":"product","2":"type-product","3":"status-publish","4":"has-post-thumbnail","6":"product_cat-creality","7":"product_cat-ender-3-creality","8":"product_cat-faixa-preta","9":"product_cat-impressora-3d-de-filamento","10":"product_cat-impressoras-3d","11":"product_cat-impressoras-e-filamentos","12":"product_tag-ender-3-s1-pro","13":"product_tag-impressora-3d","14":"product_shipping_class-impressoras-c-frete","16":"first","17":"instock","18":"sale","19":"shipping-taxable","20":"purchasable","21":"product-type-simple"},"yoast_head":"<!-- This site is optimized with the Yoast SEO plugin v24.8.1 - https:\/\/yoast.com\/wordpress\/plugins\/seo\/ -->\n<title>Impressora 3D Ender 3 S1 Pro - 3D Lab<\/title>\n<meta name=\"robots\" content=\"index, follow, max-snippet:-1, max-image-preview:large, max-video-preview:-1\" \/>\n<link rel=\"canonical\" href=\"https:\/\/projetosddwb.com.br\/3dlab\/product\/impressora-3d-ender-3-s1-pro\/\" \/>\n<meta property=\"og:locale\" content=\"pt_BR\" \/>\n<meta property=\"og:type\" content=\"article\" \/>\n<meta property=\"og:title\" content=\"Impressora 3D Ender 3 S1 Pro - 3D Lab\" \/>\n<meta property=\"og:description\" content=\"Impressora 3D Ender 3 S1 Pro! Conhe\u00e7a agora uma das impressoras 3D mais completas do mundo! A Ender 3 S1 Pro \u00e9 uma revolu\u00e7\u00e3o, com diversos recursos interessantes para a&hellip;\" \/>\n<meta property=\"og:url\" content=\"https:\/\/projetosddwb.com.br\/3dlab\/product\/impressora-3d-ender-3-s1-pro\/\" \/>\n<meta property=\"og:site_name\" content=\"3D Lab\" \/>\n<meta property=\"article:publisher\" content=\"https:\/\/www.facebook.com\/3dlabbrasil\/?locale=pt_BR\" \/>\n<meta name=\"twitter:card\" content=\"summary_large_image\" \/>\n<meta name=\"twitter:label1\" content=\"Est. tempo de leitura\" \/>\n\t<meta name=\"twitter:data1\" content=\"1 minuto\" \/>\n<script type=\"application\/ld+json\" class=\"yoast-schema-graph\">{\"@context\":\"https:\/\/schema.org\",\"@graph\":[{\"@type\":\"WebPage\",\"@id\":\"https:\/\/projetosddwb.com.br\/3dlab\/product\/impressora-3d-ender-3-s1-pro\/\",\"url\":\"https:\/\/projetosddwb.com.br\/3dlab\/product\/impressora-3d-ender-3-s1-pro\/\",\"name\":\"Impressora 3D Ender 3 S1 Pro - 3D Lab\",\"isPartOf\":{\"@id\":\"https:\/\/projetosddwb.com.br\/3dlab\/#website\"},\"primaryImageOfPage\":{\"@id\":\"https:\/\/projetosddwb.com.br\/3dlab\/product\/impressora-3d-ender-3-s1-pro\/#primaryimage\"},\"image\":{\"@id\":\"https:\/\/projetosddwb.com.br\/3dlab\/product\/impressora-3d-ender-3-s1-pro\/#primaryimage\"},\"thumbnailUrl\":\"\",\"datePublished\":\"2024-04-18T15:54:32+00:00\",\"breadcrumb\":{\"@id\":\"https:\/\/projetosddwb.com.br\/3dlab\/product\/impressora-3d-ender-3-s1-pro\/#breadcrumb\"},\"inLanguage\":\"pt-BR\",\"potentialAction\":[{\"@type\":\"ReadAction\",\"target\":[\"https:\/\/projetosddwb.com.br\/3dlab\/product\/impressora-3d-ender-3-s1-pro\/\"]}]},{\"@type\":\"ImageObject\",\"inLanguage\":\"pt-BR\",\"@id\":\"https:\/\/projetosddwb.com.br\/3dlab\/product\/impressora-3d-ender-3-s1-pro\/#primaryimage\",\"url\":\"\",\"contentUrl\":\"\"},{\"@type\":\"BreadcrumbList\",\"@id\":\"https:\/\/projetosddwb.com.br\/3dlab\/product\/impressora-3d-ender-3-s1-pro\/#breadcrumb\",\"itemListElement\":[{\"@type\":\"ListItem\",\"position\":1,\"name\":\"In\u00edcio\",\"item\":\"https:\/\/projetosddwb.com.br\/3dlab\/\"},{\"@type\":\"ListItem\",\"position\":2,\"name\":\"Loja\",\"item\":\"https:\/\/projetosddwb.com.br\/3dlab\/loja\/\"},{\"@type\":\"ListItem\",\"position\":3,\"name\":\"Impressora 3D Ender 3 S1 Pro\"}]},{\"@type\":\"WebSite\",\"@id\":\"https:\/\/projetosddwb.com.br\/3dlab\/#website\",\"url\":\"https:\/\/projetosddwb.com.br\/3dlab\/\",\"name\":\"3D Lab\",\"description\":\"\",\"publisher\":{\"@id\":\"https:\/\/projetosddwb.com.br\/3dlab\/#organization\"},\"potentialAction\":[{\"@type\":\"SearchAction\",\"target\":{\"@type\":\"EntryPoint\",\"urlTemplate\":\"https:\/\/projetosddwb.com.br\/3dlab\/?s={search_term_string}\"},\"query-input\":{\"@type\":\"PropertyValueSpecification\",\"valueRequired\":true,\"valueName\":\"search_term_string\"}}],\"inLanguage\":\"pt-BR\"},{\"@type\":\"Organization\",\"@id\":\"https:\/\/projetosddwb.com.br\/3dlab\/#organization\",\"name\":\"3D Lab\",\"url\":\"https:\/\/projetosddwb.com.br\/3dlab\/\",\"logo\":{\"@type\":\"ImageObject\",\"inLanguage\":\"pt-BR\",\"@id\":\"https:\/\/projetosddwb.com.br\/3dlab\/#\/schema\/logo\/image\/\",\"url\":\"https:\/\/projetosddwb.com.br\/3dlab\/wp-content\/uploads\/2025\/04\/cropped-cropped-3D_HORI_ORIGINAL-1.png\",\"contentUrl\":\"https:\/\/projetosddwb.com.br\/3dlab\/wp-content\/uploads\/2025\/04\/cropped-cropped-3D_HORI_ORIGINAL-1.png\",\"width\":597,\"height\":196,\"caption\":\"3D Lab\"},\"image\":{\"@id\":\"https:\/\/projetosddwb.com.br\/3dlab\/#\/schema\/logo\/image\/\"},\"sameAs\":[\"https:\/\/www.facebook.com\/3dlabbrasil\/?locale=pt_BR\",\"https:\/\/www.instagram.com\/3dlab_brasil\/\"]}]}<\/script>\n<!-- \/ Yoast SEO plugin. -->","yoast_head_json":{"title":"Impressora 3D Ender 3 S1 Pro - 3D Lab","robots":{"index":"index","follow":"follow","max-snippet":"max-snippet:-1","max-image-preview":"max-image-preview:large","max-video-preview":"max-video-preview:-1"},"canonical":"https:\/\/projetosddwb.com.br\/3dlab\/product\/impressora-3d-ender-3-s1-pro\/","og_locale":"pt_BR","og_type":"article","og_title":"Impressora 3D Ender 3 S1 Pro - 3D Lab","og_description":"Impressora 3D Ender 3 S1 Pro! Conhe\u00e7a agora uma das impressoras 3D mais completas do mundo! A Ender 3 S1 Pro \u00e9 uma revolu\u00e7\u00e3o, com diversos recursos interessantes para a&hellip;","og_url":"https:\/\/projetosddwb.com.br\/3dlab\/product\/impressora-3d-ender-3-s1-pro\/","og_site_name":"3D Lab","article_publisher":"https:\/\/www.facebook.com\/3dlabbrasil\/?locale=pt_BR","twitter_card":"summary_large_image","twitter_misc":{"Est. tempo de leitura":"1 minuto"},"schema":{"@context":"https:\/\/schema.org","@graph":[{"@type":"WebPage","@id":"https:\/\/projetosddwb.com.br\/3dlab\/product\/impressora-3d-ender-3-s1-pro\/","url":"https:\/\/projetosddwb.com.br\/3dlab\/product\/impressora-3d-ender-3-s1-pro\/","name":"Impressora 3D Ender 3 S1 Pro - 3D Lab","isPartOf":{"@id":"https:\/\/projetosddwb.com.br\/3dlab\/#website"},"primaryImageOfPage":{"@id":"https:\/\/projetosddwb.com.br\/3dlab\/product\/impressora-3d-ender-3-s1-pro\/#primaryimage"},"image":{"@id":"https:\/\/projetosddwb.com.br\/3dlab\/product\/impressora-3d-ender-3-s1-pro\/#primaryimage"},"thumbnailUrl":"","datePublished":"2024-04-18T15:54:32+00:00","breadcrumb":{"@id":"https:\/\/projetosddwb.com.br\/3dlab\/product\/impressora-3d-ender-3-s1-pro\/#breadcrumb"},"inLanguage":"pt-BR","potentialAction":[{"@type":"ReadAction","target":["https:\/\/projetosddwb.com.br\/3dlab\/product\/impressora-3d-ender-3-s1-pro\/"]}]},{"@type":"ImageObject","inLanguage":"pt-BR","@id":"https:\/\/projetosddwb.com.br\/3dlab\/product\/impressora-3d-ender-3-s1-pro\/#primaryimage","url":"","contentUrl":""},{"@type":"BreadcrumbList","@id":"https:\/\/projetosddwb.com.br\/3dlab\/product\/impressora-3d-ender-3-s1-pro\/#breadcrumb","itemListElement":[{"@type":"ListItem","position":1,"name":"In\u00edcio","item":"https:\/\/projetosddwb.com.br\/3dlab\/"},{"@type":"ListItem","position":2,"name":"Loja","item":"https:\/\/projetosddwb.com.br\/3dlab\/loja\/"},{"@type":"ListItem","position":3,"name":"Impressora 3D Ender 3 S1 Pro"}]},{"@type":"WebSite","@id":"https:\/\/projetosddwb.com.br\/3dlab\/#website","url":"https:\/\/projetosddwb.com.br\/3dlab\/","name":"3D Lab","description":"","publisher":{"@id":"https:\/\/projetosddwb.com.br\/3dlab\/#organization"},"potentialAction":[{"@type":"SearchAction","target":{"@type":"EntryPoint","urlTemplate":"https:\/\/projetosddwb.com.br\/3dlab\/?s={search_term_string}"},"query-input":{"@type":"PropertyValueSpecification","valueRequired":true,"valueName":"search_term_string"}}],"inLanguage":"pt-BR"},{"@type":"Organization","@id":"https:\/\/projetosddwb.com.br\/3dlab\/#organization","name":"3D Lab","url":"https:\/\/projetosddwb.com.br\/3dlab\/","logo":{"@type":"ImageObject","inLanguage":"pt-BR","@id":"https:\/\/projetosddwb.com.br\/3dlab\/#\/schema\/logo\/image\/","url":"https:\/\/projetosddwb.com.br\/3dlab\/wp-content\/uploads\/2025\/04\/cropped-cropped-3D_HORI_ORIGINAL-1.png","contentUrl":"https:\/\/projetosddwb.com.br\/3dlab\/wp-content\/uploads\/2025\/04\/cropped-cropped-3D_HORI_ORIGINAL-1.png","width":597,"height":196,"caption":"3D Lab"},"image":{"@id":"https:\/\/projetosddwb.com.br\/3dlab\/#\/schema\/logo\/image\/"},"sameAs":["https:\/\/www.facebook.com\/3dlabbrasil\/?locale=pt_BR","https:\/\/www.instagram.com\/3dlab_brasil\/"]}]}},"_links":{"self":[{"href":"https:\/\/projetosddwb.com.br\/3dlab\/wp-json\/wp\/v2\/product\/1504","targetHints":{"allow":["GET"]}}],"collection":[{"href":"https:\/\/projetosddwb.com.br\/3dlab\/wp-json\/wp\/v2\/product"}],"about":[{"href":"https:\/\/projetosddwb.com.br\/3dlab\/wp-json\/wp\/v2\/types\/product"}],"replies":[{"embeddable":true,"href":"https:\/\/projetosddwb.com.br\/3dlab\/wp-json\/wp\/v2\/comments?post=1504"}],"wp:featuredmedia":[{"embeddable":true,"href":"https:\/\/projetosddwb.com.br\/3dlab\/wp-json\/"}],"wp:attachment":[{"href":"https:\/\/projetosddwb.com.br\/3dlab\/wp-json\/wp\/v2\/media?parent=1504"}],"wp:term":[{"taxonomy":"product_brand","embeddable":true,"href":"https:\/\/projetosddwb.com.br\/3dlab\/wp-json\/wp\/v2\/product_brand?post=1504"},{"taxonomy":"product_cat","embeddable":true,"href":"https:\/\/projetosddwb.com.br\/3dlab\/wp-json\/wp\/v2\/product_cat?post=1504"},{"taxonomy":"product_tag","embeddable":true,"href":"https:\/\/projetosddwb.com.br\/3dlab\/wp-json\/wp\/v2\/product_tag?post=1504"}],"curies":[{"name":"wp","href":"https:\/\/api.w.org\/{rel}","templated":true}]}}