{"id":1506,"date":"2024-04-18T12:54:32","date_gmt":"2024-04-18T15:54:32","guid":{"rendered":"https:\/\/projetosddwb.com.br\/3dlab\/?post_type=product&amp;p=1506"},"modified":"2024-04-18T12:54:32","modified_gmt":"2024-04-18T15:54:32","slug":"resina-3d-cristal","status":"publish","type":"product","link":"https:\/\/projetosddwb.com.br\/3dlab\/product\/resina-3d-cristal\/","title":{"rendered":"Resina 3D Cristal"},"content":{"rendered":"<h2><img fetchpriority=\"high\" decoding=\"async\" class=\"alignnone wp-image-120293 size-full\" src=\"https:\/\/3dlab.com.br\/wp-content\/uploads\/2022\/06\/BANNER-RESINA-CRISTAL-1-1.png\" alt=\"Resina 3D Cristal\" width=\"1024\" height=\"458\" \/><\/h2>\n<h2>Resina 3D Cristal<\/h2>\n<p>A Resina 3D Cristal \u00e9 mais um lan\u00e7amento 3D Lab! Essa resina \u00e9 ideal para as pessoas que desejam imprimir pe\u00e7as transparentes, com grande semelhan\u00e7a a vidro.<\/p>\n<p>As principais caracter\u00edsticas da resina 3D Cristal s\u00e3o:<\/p>\n<ul>\n<li><span style=\"color: #3366ff;\"><strong>Excelente qualidade de impress\u00e3o e detalhes<\/strong><\/span><\/li>\n<li><span style=\"color: #3366ff;\"><strong>Ultra cristalina &#8211; alta transpar\u00eancia<\/strong><\/span><\/li>\n<li><span style=\"color: #3366ff;\"><strong>Odor suave<\/strong><\/span><\/li>\n<li><span style=\"color: #3366ff;\"><strong>Menor contra\u00e7\u00e3o do mercado<\/strong><\/span><\/li>\n<\/ul>\n<p>Nossa f\u00f3rmula da Resina 3D Cristal garanta a maior transpar\u00eancia entre as resinas 3D do mercado nacional. Para garantir maior transpar\u00eancia seguem as recomenda\u00e7\u00f5es:<\/p>\n<ul>\n<li>Em pe\u00e7as com suportes \u00e9 necess\u00e1rio afastar a pe\u00e7a da plataforma de impress\u00e3o em pelo menos 6mm (elevar eixo Z). Caso contr\u00e1rio a resina ir\u00e1 curar entre a pe\u00e7a e a base dos suportes, unindo as partes;<\/li>\n<li>Lavar a pe\u00e7a com \u00e1lcool isoprop\u00edlico limpo, por 5 minutos;<\/li>\n<li>Retirar os suportes das pe\u00e7as (caso necess\u00e1rio);<\/li>\n<li>Secar as pe\u00e7as com pano para retirar o excesso de \u00e1lcool;<\/li>\n<li>Realizar a p\u00f3s-cura em c\u00e2mara UV ou diretamente na luz solar por 2 minutos. Tempos maiores poder\u00e3o amarelar a pe\u00e7a;<\/li>\n<li>A pe\u00e7a apresenta superf\u00edcie opaca ap\u00f3s a impress\u00e3o. Para melhorar sua transpar\u00eancia \u00e9 necess\u00e1rio aplicar verniz spray brilhante com prote\u00e7\u00e3o UV na superf\u00edcie da pe\u00e7a;<\/li>\n<li>N\u00e3o recomendada para pe\u00e7as que ficar\u00e3o expostas ao sol, risco de amarelamento da pe\u00e7a impressa.<\/li>\n<\/ul>\n","protected":false},"excerpt":{"rendered":"<p>Resina 3D Cristal A Resina 3D Cristal \u00e9 mais um lan\u00e7amento 3D Lab! Essa resina \u00e9 ideal para as pessoas que desejam imprimir pe\u00e7as transparentes, com grande semelhan\u00e7a a vidro.&hellip;<\/p>\n","protected":false},"featured_media":1519,"comment_status":"open","ping_status":"closed","template":"","meta":[],"product_brand":[],"product_cat":[460,300,463],"product_tag":[559],"class_list":{"0":"post-1506","1":"product","2":"type-product","3":"status-publish","4":"has-post-thumbnail","6":"product_cat-resina","7":"product_cat-resina-para-impressora-3d","8":"product_cat-resinas","9":"product_tag-resina-3d-cristal","10":"product_shipping_class-filamentos","12":"first","13":"instock","14":"shipping-taxable","15":"purchasable","16":"product-type-variable","17":"has-default-attributes"},"yoast_head":"<!-- This site is optimized with the Yoast SEO plugin v24.8.1 - https:\/\/yoast.com\/wordpress\/plugins\/seo\/ -->\n<title>Resina 3D Cristal - 3D Lab<\/title>\n<meta name=\"robots\" content=\"index, follow, max-snippet:-1, max-image-preview:large, max-video-preview:-1\" \/>\n<link rel=\"canonical\" href=\"https:\/\/projetosddwb.com.br\/3dlab\/product\/resina-3d-cristal\/\" \/>\n<meta property=\"og:locale\" content=\"pt_BR\" \/>\n<meta property=\"og:type\" content=\"article\" \/>\n<meta property=\"og:title\" content=\"Resina 3D Cristal - 3D Lab\" \/>\n<meta property=\"og:description\" content=\"Resina 3D Cristal A Resina 3D Cristal \u00e9 mais um lan\u00e7amento 3D Lab! Essa resina \u00e9 ideal para as pessoas que desejam imprimir pe\u00e7as transparentes, com grande semelhan\u00e7a a vidro.&hellip;\" \/>\n<meta property=\"og:url\" content=\"https:\/\/projetosddwb.com.br\/3dlab\/product\/resina-3d-cristal\/\" \/>\n<meta property=\"og:site_name\" content=\"3D Lab\" \/>\n<meta property=\"article:publisher\" content=\"https:\/\/www.facebook.com\/3dlabbrasil\/?locale=pt_BR\" \/>\n<meta property=\"og:image\" content=\"https:\/\/3dlab.com.br\/wp-content\/uploads\/2022\/06\/BANNER-RESINA-CRISTAL-1-1.png\" \/>\n<meta name=\"twitter:card\" content=\"summary_large_image\" \/>\n<meta name=\"twitter:label1\" content=\"Est. tempo de leitura\" \/>\n\t<meta name=\"twitter:data1\" content=\"1 minuto\" \/>\n<script type=\"application\/ld+json\" class=\"yoast-schema-graph\">{\"@context\":\"https:\/\/schema.org\",\"@graph\":[{\"@type\":\"WebPage\",\"@id\":\"https:\/\/projetosddwb.com.br\/3dlab\/product\/resina-3d-cristal\/\",\"url\":\"https:\/\/projetosddwb.com.br\/3dlab\/product\/resina-3d-cristal\/\",\"name\":\"Resina 3D Cristal - 3D Lab\",\"isPartOf\":{\"@id\":\"https:\/\/projetosddwb.com.br\/3dlab\/#website\"},\"primaryImageOfPage\":{\"@id\":\"https:\/\/projetosddwb.com.br\/3dlab\/product\/resina-3d-cristal\/#primaryimage\"},\"image\":{\"@id\":\"https:\/\/projetosddwb.com.br\/3dlab\/product\/resina-3d-cristal\/#primaryimage\"},\"thumbnailUrl\":\"\",\"datePublished\":\"2024-04-18T15:54:32+00:00\",\"breadcrumb\":{\"@id\":\"https:\/\/projetosddwb.com.br\/3dlab\/product\/resina-3d-cristal\/#breadcrumb\"},\"inLanguage\":\"pt-BR\",\"potentialAction\":[{\"@type\":\"ReadAction\",\"target\":[\"https:\/\/projetosddwb.com.br\/3dlab\/product\/resina-3d-cristal\/\"]}]},{\"@type\":\"ImageObject\",\"inLanguage\":\"pt-BR\",\"@id\":\"https:\/\/projetosddwb.com.br\/3dlab\/product\/resina-3d-cristal\/#primaryimage\",\"url\":\"\",\"contentUrl\":\"\"},{\"@type\":\"BreadcrumbList\",\"@id\":\"https:\/\/projetosddwb.com.br\/3dlab\/product\/resina-3d-cristal\/#breadcrumb\",\"itemListElement\":[{\"@type\":\"ListItem\",\"position\":1,\"name\":\"In\u00edcio\",\"item\":\"https:\/\/projetosddwb.com.br\/3dlab\/\"},{\"@type\":\"ListItem\",\"position\":2,\"name\":\"Loja\",\"item\":\"https:\/\/projetosddwb.com.br\/3dlab\/loja\/\"},{\"@type\":\"ListItem\",\"position\":3,\"name\":\"Resina 3D Cristal\"}]},{\"@type\":\"WebSite\",\"@id\":\"https:\/\/projetosddwb.com.br\/3dlab\/#website\",\"url\":\"https:\/\/projetosddwb.com.br\/3dlab\/\",\"name\":\"3D Lab\",\"description\":\"\",\"publisher\":{\"@id\":\"https:\/\/projetosddwb.com.br\/3dlab\/#organization\"},\"potentialAction\":[{\"@type\":\"SearchAction\",\"target\":{\"@type\":\"EntryPoint\",\"urlTemplate\":\"https:\/\/projetosddwb.com.br\/3dlab\/?s={search_term_string}\"},\"query-input\":{\"@type\":\"PropertyValueSpecification\",\"valueRequired\":true,\"valueName\":\"search_term_string\"}}],\"inLanguage\":\"pt-BR\"},{\"@type\":\"Organization\",\"@id\":\"https:\/\/projetosddwb.com.br\/3dlab\/#organization\",\"name\":\"3D Lab\",\"url\":\"https:\/\/projetosddwb.com.br\/3dlab\/\",\"logo\":{\"@type\":\"ImageObject\",\"inLanguage\":\"pt-BR\",\"@id\":\"https:\/\/projetosddwb.com.br\/3dlab\/#\/schema\/logo\/image\/\",\"url\":\"https:\/\/projetosddwb.com.br\/3dlab\/wp-content\/uploads\/2025\/04\/cropped-cropped-3D_HORI_ORIGINAL-1.png\",\"contentUrl\":\"https:\/\/projetosddwb.com.br\/3dlab\/wp-content\/uploads\/2025\/04\/cropped-cropped-3D_HORI_ORIGINAL-1.png\",\"width\":597,\"height\":196,\"caption\":\"3D Lab\"},\"image\":{\"@id\":\"https:\/\/projetosddwb.com.br\/3dlab\/#\/schema\/logo\/image\/\"},\"sameAs\":[\"https:\/\/www.facebook.com\/3dlabbrasil\/?locale=pt_BR\",\"https:\/\/www.instagram.com\/3dlab_brasil\/\"]}]}<\/script>\n<!-- \/ Yoast SEO plugin. -->","yoast_head_json":{"title":"Resina 3D Cristal - 3D Lab","robots":{"index":"index","follow":"follow","max-snippet":"max-snippet:-1","max-image-preview":"max-image-preview:large","max-video-preview":"max-video-preview:-1"},"canonical":"https:\/\/projetosddwb.com.br\/3dlab\/product\/resina-3d-cristal\/","og_locale":"pt_BR","og_type":"article","og_title":"Resina 3D Cristal - 3D Lab","og_description":"Resina 3D Cristal A Resina 3D Cristal \u00e9 mais um lan\u00e7amento 3D Lab! Essa resina \u00e9 ideal para as pessoas que desejam imprimir pe\u00e7as transparentes, com grande semelhan\u00e7a a vidro.&hellip;","og_url":"https:\/\/projetosddwb.com.br\/3dlab\/product\/resina-3d-cristal\/","og_site_name":"3D Lab","article_publisher":"https:\/\/www.facebook.com\/3dlabbrasil\/?locale=pt_BR","og_image":[{"url":"https:\/\/3dlab.com.br\/wp-content\/uploads\/2022\/06\/BANNER-RESINA-CRISTAL-1-1.png","type":"","width":"","height":""}],"twitter_card":"summary_large_image","twitter_misc":{"Est. tempo de leitura":"1 minuto"},"schema":{"@context":"https:\/\/schema.org","@graph":[{"@type":"WebPage","@id":"https:\/\/projetosddwb.com.br\/3dlab\/product\/resina-3d-cristal\/","url":"https:\/\/projetosddwb.com.br\/3dlab\/product\/resina-3d-cristal\/","name":"Resina 3D Cristal - 3D Lab","isPartOf":{"@id":"https:\/\/projetosddwb.com.br\/3dlab\/#website"},"primaryImageOfPage":{"@id":"https:\/\/projetosddwb.com.br\/3dlab\/product\/resina-3d-cristal\/#primaryimage"},"image":{"@id":"https:\/\/projetosddwb.com.br\/3dlab\/product\/resina-3d-cristal\/#primaryimage"},"thumbnailUrl":"","datePublished":"2024-04-18T15:54:32+00:00","breadcrumb":{"@id":"https:\/\/projetosddwb.com.br\/3dlab\/product\/resina-3d-cristal\/#breadcrumb"},"inLanguage":"pt-BR","potentialAction":[{"@type":"ReadAction","target":["https:\/\/projetosddwb.com.br\/3dlab\/product\/resina-3d-cristal\/"]}]},{"@type":"ImageObject","inLanguage":"pt-BR","@id":"https:\/\/projetosddwb.com.br\/3dlab\/product\/resina-3d-cristal\/#primaryimage","url":"","contentUrl":""},{"@type":"BreadcrumbList","@id":"https:\/\/projetosddwb.com.br\/3dlab\/product\/resina-3d-cristal\/#breadcrumb","itemListElement":[{"@type":"ListItem","position":1,"name":"In\u00edcio","item":"https:\/\/projetosddwb.com.br\/3dlab\/"},{"@type":"ListItem","position":2,"name":"Loja","item":"https:\/\/projetosddwb.com.br\/3dlab\/loja\/"},{"@type":"ListItem","position":3,"name":"Resina 3D Cristal"}]},{"@type":"WebSite","@id":"https:\/\/projetosddwb.com.br\/3dlab\/#website","url":"https:\/\/projetosddwb.com.br\/3dlab\/","name":"3D Lab","description":"","publisher":{"@id":"https:\/\/projetosddwb.com.br\/3dlab\/#organization"},"potentialAction":[{"@type":"SearchAction","target":{"@type":"EntryPoint","urlTemplate":"https:\/\/projetosddwb.com.br\/3dlab\/?s={search_term_string}"},"query-input":{"@type":"PropertyValueSpecification","valueRequired":true,"valueName":"search_term_string"}}],"inLanguage":"pt-BR"},{"@type":"Organization","@id":"https:\/\/projetosddwb.com.br\/3dlab\/#organization","name":"3D Lab","url":"https:\/\/projetosddwb.com.br\/3dlab\/","logo":{"@type":"ImageObject","inLanguage":"pt-BR","@id":"https:\/\/projetosddwb.com.br\/3dlab\/#\/schema\/logo\/image\/","url":"https:\/\/projetosddwb.com.br\/3dlab\/wp-content\/uploads\/2025\/04\/cropped-cropped-3D_HORI_ORIGINAL-1.png","contentUrl":"https:\/\/projetosddwb.com.br\/3dlab\/wp-content\/uploads\/2025\/04\/cropped-cropped-3D_HORI_ORIGINAL-1.png","width":597,"height":196,"caption":"3D Lab"},"image":{"@id":"https:\/\/projetosddwb.com.br\/3dlab\/#\/schema\/logo\/image\/"},"sameAs":["https:\/\/www.facebook.com\/3dlabbrasil\/?locale=pt_BR","https:\/\/www.instagram.com\/3dlab_brasil\/"]}]}},"_links":{"self":[{"href":"https:\/\/projetosddwb.com.br\/3dlab\/wp-json\/wp\/v2\/product\/1506","targetHints":{"allow":["GET"]}}],"collection":[{"href":"https:\/\/projetosddwb.com.br\/3dlab\/wp-json\/wp\/v2\/product"}],"about":[{"href":"https:\/\/projetosddwb.com.br\/3dlab\/wp-json\/wp\/v2\/types\/product"}],"replies":[{"embeddable":true,"href":"https:\/\/projetosddwb.com.br\/3dlab\/wp-json\/wp\/v2\/comments?post=1506"}],"wp:featuredmedia":[{"embeddable":true,"href":"https:\/\/projetosddwb.com.br\/3dlab\/wp-json\/"}],"wp:attachment":[{"href":"https:\/\/projetosddwb.com.br\/3dlab\/wp-json\/wp\/v2\/media?parent=1506"}],"wp:term":[{"taxonomy":"product_brand","embeddable":true,"href":"https:\/\/projetosddwb.com.br\/3dlab\/wp-json\/wp\/v2\/product_brand?post=1506"},{"taxonomy":"product_cat","embeddable":true,"href":"https:\/\/projetosddwb.com.br\/3dlab\/wp-json\/wp\/v2\/product_cat?post=1506"},{"taxonomy":"product_tag","embeddable":true,"href":"https:\/\/projetosddwb.com.br\/3dlab\/wp-json\/wp\/v2\/product_tag?post=1506"}],"curies":[{"name":"wp","href":"https:\/\/api.w.org\/{rel}","templated":true}]}}