{"id":1526,"date":"2024-04-18T12:56:31","date_gmt":"2024-04-18T15:56:31","guid":{"rendered":"https:\/\/projetosddwb.com.br\/3dlab\/?post_type=product&amp;p=1526"},"modified":"2024-04-18T12:56:31","modified_gmt":"2024-04-18T15:56:31","slug":"maquina-de-lavagem-e-cura-3d-uw-02","status":"publish","type":"product","link":"https:\/\/projetosddwb.com.br\/3dlab\/product\/maquina-de-lavagem-e-cura-3d-uw-02\/","title":{"rendered":"M\u00e1quina de Lavagem e Cura 3D UW-02"},"content":{"rendered":"<h2>M\u00e1quina de lavagem e Cura 3D UW-02<\/h2>\n<p>As pe\u00e7as feitas a partir de resina l\u00edquida precisam passar por um processo de p\u00f3s-impress\u00e3o que chamamos de lavagem e cura.<\/p>\n<p>A lavagem da pe\u00e7a tem o objetivo de retirar a resina l\u00edquida ainda presente na superf\u00edcie da pe\u00e7a. Essa lavagem normalmente \u00e9 feita com \u00e1lcool isoprop\u00edlico.<\/p>\n<p>Ap\u00f3s a secagem total da pe\u00e7a, ela deve ser exposta \u00e0 luz UV para completar o processo de cura, que \u00e9 a completa solidifica\u00e7\u00e3o da resina e forma\u00e7\u00e3o final do objeto.<\/p>\n<p>A m\u00e1quina de lavagem e Cura 3D UW-02 faz todo esse processo, eliminando os res\u00edduos l\u00edquidos e curando a pe\u00e7a por completo, em todos os seus \u00e2ngulos e de forma homog\u00eanea, garantir solidez e uniformidade para a pe\u00e7a.<\/p>\n<h3>Caracter\u00edsticas<\/h3>\n<ul>\n<li>Lavagem e cura para pe\u00e7a grande<\/li>\n<li>Tamanho grande de 10,1 polegadas<\/li>\n<li>Rota\u00e7\u00e3o em alta velocidade para garantir limpeza completa<\/li>\n<li>Poss\u00edvel configura\u00e7\u00e3o de velocidade\/tempo<\/li>\n<li>Interface interativa<\/li>\n<\/ul>\n<p><strong>OBSERVA\u00c7\u00c3O: Este produto n\u00e3o \u00e9 uma impressora 3D<\/strong><\/p>\n","protected":false},"excerpt":{"rendered":"<p>M\u00e1quina de lavagem e Cura 3D UW-02 As pe\u00e7as feitas a partir de resina l\u00edquida precisam passar por um processo de p\u00f3s-impress\u00e3o que chamamos de lavagem e cura. A lavagem&hellip;<\/p>\n","protected":false},"featured_media":1547,"comment_status":"open","ping_status":"closed","template":"","meta":[],"product_brand":[],"product_cat":[306,302,327,329,497],"product_tag":[328,561],"class_list":{"0":"post-1526","1":"product","2":"type-product","3":"status-publish","4":"has-post-thumbnail","6":"product_cat-creality","7":"product_cat-faixa-preta","8":"product_cat-impressora-3d-de-resina","9":"product_cat-maquina-de-lavagem-e-cura","10":"product_cat-promocoes","11":"product_tag-maquina-de-lavagem-e-cura","12":"product_tag-uw02","13":"product_shipping_class-impressoras-c-frete","15":"first","16":"instock","17":"shipping-taxable","18":"purchasable","19":"product-type-simple"},"yoast_head":"<!-- This site is optimized with the Yoast SEO plugin v24.8.1 - https:\/\/yoast.com\/wordpress\/plugins\/seo\/ -->\n<title>M\u00e1quina de Lavagem e Cura 3D UW-02 - 3D Lab<\/title>\n<meta name=\"robots\" content=\"index, follow, max-snippet:-1, max-image-preview:large, max-video-preview:-1\" \/>\n<link rel=\"canonical\" href=\"https:\/\/projetosddwb.com.br\/3dlab\/product\/maquina-de-lavagem-e-cura-3d-uw-02\/\" \/>\n<meta property=\"og:locale\" content=\"pt_BR\" \/>\n<meta property=\"og:type\" content=\"article\" \/>\n<meta property=\"og:title\" content=\"M\u00e1quina de Lavagem e Cura 3D UW-02 - 3D Lab\" \/>\n<meta property=\"og:description\" content=\"M\u00e1quina de lavagem e Cura 3D UW-02 As pe\u00e7as feitas a partir de resina l\u00edquida precisam passar por um processo de p\u00f3s-impress\u00e3o que chamamos de lavagem e cura. A lavagem&hellip;\" \/>\n<meta property=\"og:url\" content=\"https:\/\/projetosddwb.com.br\/3dlab\/product\/maquina-de-lavagem-e-cura-3d-uw-02\/\" \/>\n<meta property=\"og:site_name\" content=\"3D Lab\" \/>\n<meta property=\"article:publisher\" content=\"https:\/\/www.facebook.com\/3dlabbrasil\/?locale=pt_BR\" \/>\n<meta name=\"twitter:card\" content=\"summary_large_image\" \/>\n<meta name=\"twitter:label1\" content=\"Est. tempo de leitura\" \/>\n\t<meta name=\"twitter:data1\" content=\"1 minuto\" \/>\n<script type=\"application\/ld+json\" class=\"yoast-schema-graph\">{\"@context\":\"https:\/\/schema.org\",\"@graph\":[{\"@type\":\"WebPage\",\"@id\":\"https:\/\/projetosddwb.com.br\/3dlab\/product\/maquina-de-lavagem-e-cura-3d-uw-02\/\",\"url\":\"https:\/\/projetosddwb.com.br\/3dlab\/product\/maquina-de-lavagem-e-cura-3d-uw-02\/\",\"name\":\"M\u00e1quina de Lavagem e Cura 3D UW-02 - 3D Lab\",\"isPartOf\":{\"@id\":\"https:\/\/projetosddwb.com.br\/3dlab\/#website\"},\"primaryImageOfPage\":{\"@id\":\"https:\/\/projetosddwb.com.br\/3dlab\/product\/maquina-de-lavagem-e-cura-3d-uw-02\/#primaryimage\"},\"image\":{\"@id\":\"https:\/\/projetosddwb.com.br\/3dlab\/product\/maquina-de-lavagem-e-cura-3d-uw-02\/#primaryimage\"},\"thumbnailUrl\":\"\",\"datePublished\":\"2024-04-18T15:56:31+00:00\",\"breadcrumb\":{\"@id\":\"https:\/\/projetosddwb.com.br\/3dlab\/product\/maquina-de-lavagem-e-cura-3d-uw-02\/#breadcrumb\"},\"inLanguage\":\"pt-BR\",\"potentialAction\":[{\"@type\":\"ReadAction\",\"target\":[\"https:\/\/projetosddwb.com.br\/3dlab\/product\/maquina-de-lavagem-e-cura-3d-uw-02\/\"]}]},{\"@type\":\"ImageObject\",\"inLanguage\":\"pt-BR\",\"@id\":\"https:\/\/projetosddwb.com.br\/3dlab\/product\/maquina-de-lavagem-e-cura-3d-uw-02\/#primaryimage\",\"url\":\"\",\"contentUrl\":\"\"},{\"@type\":\"BreadcrumbList\",\"@id\":\"https:\/\/projetosddwb.com.br\/3dlab\/product\/maquina-de-lavagem-e-cura-3d-uw-02\/#breadcrumb\",\"itemListElement\":[{\"@type\":\"ListItem\",\"position\":1,\"name\":\"In\u00edcio\",\"item\":\"https:\/\/projetosddwb.com.br\/3dlab\/\"},{\"@type\":\"ListItem\",\"position\":2,\"name\":\"Loja\",\"item\":\"https:\/\/projetosddwb.com.br\/3dlab\/loja\/\"},{\"@type\":\"ListItem\",\"position\":3,\"name\":\"M\u00e1quina de Lavagem e Cura 3D UW-02\"}]},{\"@type\":\"WebSite\",\"@id\":\"https:\/\/projetosddwb.com.br\/3dlab\/#website\",\"url\":\"https:\/\/projetosddwb.com.br\/3dlab\/\",\"name\":\"3D Lab\",\"description\":\"\",\"publisher\":{\"@id\":\"https:\/\/projetosddwb.com.br\/3dlab\/#organization\"},\"potentialAction\":[{\"@type\":\"SearchAction\",\"target\":{\"@type\":\"EntryPoint\",\"urlTemplate\":\"https:\/\/projetosddwb.com.br\/3dlab\/?s={search_term_string}\"},\"query-input\":{\"@type\":\"PropertyValueSpecification\",\"valueRequired\":true,\"valueName\":\"search_term_string\"}}],\"inLanguage\":\"pt-BR\"},{\"@type\":\"Organization\",\"@id\":\"https:\/\/projetosddwb.com.br\/3dlab\/#organization\",\"name\":\"3D Lab\",\"url\":\"https:\/\/projetosddwb.com.br\/3dlab\/\",\"logo\":{\"@type\":\"ImageObject\",\"inLanguage\":\"pt-BR\",\"@id\":\"https:\/\/projetosddwb.com.br\/3dlab\/#\/schema\/logo\/image\/\",\"url\":\"https:\/\/projetosddwb.com.br\/3dlab\/wp-content\/uploads\/2025\/04\/cropped-cropped-3D_HORI_ORIGINAL-1.png\",\"contentUrl\":\"https:\/\/projetosddwb.com.br\/3dlab\/wp-content\/uploads\/2025\/04\/cropped-cropped-3D_HORI_ORIGINAL-1.png\",\"width\":597,\"height\":196,\"caption\":\"3D Lab\"},\"image\":{\"@id\":\"https:\/\/projetosddwb.com.br\/3dlab\/#\/schema\/logo\/image\/\"},\"sameAs\":[\"https:\/\/www.facebook.com\/3dlabbrasil\/?locale=pt_BR\",\"https:\/\/www.instagram.com\/3dlab_brasil\/\"]}]}<\/script>\n<!-- \/ Yoast SEO plugin. -->","yoast_head_json":{"title":"M\u00e1quina de Lavagem e Cura 3D UW-02 - 3D Lab","robots":{"index":"index","follow":"follow","max-snippet":"max-snippet:-1","max-image-preview":"max-image-preview:large","max-video-preview":"max-video-preview:-1"},"canonical":"https:\/\/projetosddwb.com.br\/3dlab\/product\/maquina-de-lavagem-e-cura-3d-uw-02\/","og_locale":"pt_BR","og_type":"article","og_title":"M\u00e1quina de Lavagem e Cura 3D UW-02 - 3D Lab","og_description":"M\u00e1quina de lavagem e Cura 3D UW-02 As pe\u00e7as feitas a partir de resina l\u00edquida precisam passar por um processo de p\u00f3s-impress\u00e3o que chamamos de lavagem e cura. A lavagem&hellip;","og_url":"https:\/\/projetosddwb.com.br\/3dlab\/product\/maquina-de-lavagem-e-cura-3d-uw-02\/","og_site_name":"3D Lab","article_publisher":"https:\/\/www.facebook.com\/3dlabbrasil\/?locale=pt_BR","twitter_card":"summary_large_image","twitter_misc":{"Est. tempo de leitura":"1 minuto"},"schema":{"@context":"https:\/\/schema.org","@graph":[{"@type":"WebPage","@id":"https:\/\/projetosddwb.com.br\/3dlab\/product\/maquina-de-lavagem-e-cura-3d-uw-02\/","url":"https:\/\/projetosddwb.com.br\/3dlab\/product\/maquina-de-lavagem-e-cura-3d-uw-02\/","name":"M\u00e1quina de Lavagem e Cura 3D UW-02 - 3D Lab","isPartOf":{"@id":"https:\/\/projetosddwb.com.br\/3dlab\/#website"},"primaryImageOfPage":{"@id":"https:\/\/projetosddwb.com.br\/3dlab\/product\/maquina-de-lavagem-e-cura-3d-uw-02\/#primaryimage"},"image":{"@id":"https:\/\/projetosddwb.com.br\/3dlab\/product\/maquina-de-lavagem-e-cura-3d-uw-02\/#primaryimage"},"thumbnailUrl":"","datePublished":"2024-04-18T15:56:31+00:00","breadcrumb":{"@id":"https:\/\/projetosddwb.com.br\/3dlab\/product\/maquina-de-lavagem-e-cura-3d-uw-02\/#breadcrumb"},"inLanguage":"pt-BR","potentialAction":[{"@type":"ReadAction","target":["https:\/\/projetosddwb.com.br\/3dlab\/product\/maquina-de-lavagem-e-cura-3d-uw-02\/"]}]},{"@type":"ImageObject","inLanguage":"pt-BR","@id":"https:\/\/projetosddwb.com.br\/3dlab\/product\/maquina-de-lavagem-e-cura-3d-uw-02\/#primaryimage","url":"","contentUrl":""},{"@type":"BreadcrumbList","@id":"https:\/\/projetosddwb.com.br\/3dlab\/product\/maquina-de-lavagem-e-cura-3d-uw-02\/#breadcrumb","itemListElement":[{"@type":"ListItem","position":1,"name":"In\u00edcio","item":"https:\/\/projetosddwb.com.br\/3dlab\/"},{"@type":"ListItem","position":2,"name":"Loja","item":"https:\/\/projetosddwb.com.br\/3dlab\/loja\/"},{"@type":"ListItem","position":3,"name":"M\u00e1quina de Lavagem e Cura 3D UW-02"}]},{"@type":"WebSite","@id":"https:\/\/projetosddwb.com.br\/3dlab\/#website","url":"https:\/\/projetosddwb.com.br\/3dlab\/","name":"3D Lab","description":"","publisher":{"@id":"https:\/\/projetosddwb.com.br\/3dlab\/#organization"},"potentialAction":[{"@type":"SearchAction","target":{"@type":"EntryPoint","urlTemplate":"https:\/\/projetosddwb.com.br\/3dlab\/?s={search_term_string}"},"query-input":{"@type":"PropertyValueSpecification","valueRequired":true,"valueName":"search_term_string"}}],"inLanguage":"pt-BR"},{"@type":"Organization","@id":"https:\/\/projetosddwb.com.br\/3dlab\/#organization","name":"3D Lab","url":"https:\/\/projetosddwb.com.br\/3dlab\/","logo":{"@type":"ImageObject","inLanguage":"pt-BR","@id":"https:\/\/projetosddwb.com.br\/3dlab\/#\/schema\/logo\/image\/","url":"https:\/\/projetosddwb.com.br\/3dlab\/wp-content\/uploads\/2025\/04\/cropped-cropped-3D_HORI_ORIGINAL-1.png","contentUrl":"https:\/\/projetosddwb.com.br\/3dlab\/wp-content\/uploads\/2025\/04\/cropped-cropped-3D_HORI_ORIGINAL-1.png","width":597,"height":196,"caption":"3D Lab"},"image":{"@id":"https:\/\/projetosddwb.com.br\/3dlab\/#\/schema\/logo\/image\/"},"sameAs":["https:\/\/www.facebook.com\/3dlabbrasil\/?locale=pt_BR","https:\/\/www.instagram.com\/3dlab_brasil\/"]}]}},"_links":{"self":[{"href":"https:\/\/projetosddwb.com.br\/3dlab\/wp-json\/wp\/v2\/product\/1526","targetHints":{"allow":["GET"]}}],"collection":[{"href":"https:\/\/projetosddwb.com.br\/3dlab\/wp-json\/wp\/v2\/product"}],"about":[{"href":"https:\/\/projetosddwb.com.br\/3dlab\/wp-json\/wp\/v2\/types\/product"}],"replies":[{"embeddable":true,"href":"https:\/\/projetosddwb.com.br\/3dlab\/wp-json\/wp\/v2\/comments?post=1526"}],"wp:featuredmedia":[{"embeddable":true,"href":"https:\/\/projetosddwb.com.br\/3dlab\/wp-json\/"}],"wp:attachment":[{"href":"https:\/\/projetosddwb.com.br\/3dlab\/wp-json\/wp\/v2\/media?parent=1526"}],"wp:term":[{"taxonomy":"product_brand","embeddable":true,"href":"https:\/\/projetosddwb.com.br\/3dlab\/wp-json\/wp\/v2\/product_brand?post=1526"},{"taxonomy":"product_cat","embeddable":true,"href":"https:\/\/projetosddwb.com.br\/3dlab\/wp-json\/wp\/v2\/product_cat?post=1526"},{"taxonomy":"product_tag","embeddable":true,"href":"https:\/\/projetosddwb.com.br\/3dlab\/wp-json\/wp\/v2\/product_tag?post=1526"}],"curies":[{"name":"wp","href":"https:\/\/api.w.org\/{rel}","templated":true}]}}