{"id":1557,"date":"2024-04-18T12:59:05","date_gmt":"2024-04-18T15:59:05","guid":{"rendered":"https:\/\/projetosddwb.com.br\/3dlab\/?post_type=product&amp;p=1557"},"modified":"2024-04-18T12:59:05","modified_gmt":"2024-04-18T15:59:05","slug":"impressora-3d-ender-3-s1-plus","status":"publish","type":"product","link":"https:\/\/projetosddwb.com.br\/3dlab\/product\/impressora-3d-ender-3-s1-plus\/","title":{"rendered":"Impressora 3D Ender 3 S1 Plus"},"content":{"rendered":"<p><span style=\"font-weight: 400;\">A Ender 3 S1 Plus \u00e9 uma impressora 3D extremamente completa e est\u00e1 entre as melhores da linha Ender 3. Possui recursos bem interessantes e \u00e9 uma impressora bem completa.\u00a0<\/span><\/p>\n<p><span style=\"font-weight: 400;\">Seu drive entrega maior leitura, rapidez e pouca varia\u00e7\u00e3o de precis\u00e3o. Possui eixo Z refor\u00e7ado e duplo, sensor de fim de filamento, placa m\u00e3e silenciosa, display touch-screen, al\u00e9m de possuir extrusor sprite do tipo direct (ideal para filamentos flex\u00edveis) e maior \u00e1rea de impress\u00e3o!<\/span><\/p>\n<p><i><span style=\"font-weight: 400;\">Conhe\u00e7a suas principais funcionalidades:<\/span><\/i><\/p>\n<p><b>Maior volume de impress\u00e3o:<\/b><\/p>\n<p><span style=\"font-weight: 400;\">A impressora 3D Ender 3 S1 Plus \u00e9 a que possui maior volume de impress\u00e3o, com 300 x 300 x 300mm, possibilitando a cria\u00e7\u00e3o de grandes projetos sem a necessidade de repartir as pe\u00e7as.<\/span><\/p>\n<p><b>Nivelamento autom\u00e1tico:<\/b><\/p>\n<p><span style=\"font-weight: 400;\">O recurso de nivelamento autom\u00e1tico chegou na s\u00e9rie Ender 3 S1 para trazer um diferencial, j\u00e1 que nenhuma outra impressora da Linha Ender 3 tinha essa fun\u00e7\u00e3o.<\/span><\/p>\n<p><b>Extrusor:<\/b><\/p>\n<p><span style=\"font-weight: 400;\">Esse modelo direct \u00e9 compacto e possui aspecto minimalista e uma tecnologia que resolve com sucesso o problema de obstru\u00e7\u00e3o de bico, diminuindo a necessidade de manuten\u00e7\u00f5es constantes no bico, diminuindo tamb\u00e9m o risco de desperd\u00edcio do filamento. Al\u00e9m disso, \u00e9 compat\u00edvel com filamentos flex\u00edveis como TPU.<\/span><\/p>\n<p><span style=\"font-weight: 400;\">O conjunto tamb\u00e9m \u00e9 mais leve, com apenas 210g\u00a0 (30% mais leve que a maioria), o que permite trabalhar em velocidades maiores. E tamb\u00e9m tem fun\u00e7\u00e3o intercambi\u00e1vel para inclus\u00e3o do m\u00f3dulo laser.<\/span><\/p>\n<p><b>Duplo eixo Z:<\/b><\/p>\n<p><span style=\"font-weight: 400;\">A Ender 3 S1 vem com duplo eixo Z. Seus dois parafusos de avan\u00e7o, unidos aos motores duplos permitem movimentos suaves, melhorando a qualidade da impress\u00e3o devido a sua precis\u00e3o.<\/span><\/p>\n<p><b>Sensor de fim de filamento:<\/b><\/p>\n<p><span style=\"font-weight: 400;\">Esta \u00e9 mais uma fun\u00e7\u00e3o que nunca foi vista na linha Ender 3 e chegou como novidade. O sensor de fim de filamento \u00e9 uma \u00f3tima op\u00e7\u00e3o para quem deseja deixar sua impressora trabalhando por horas sem necessidade de supervis\u00e3o.<\/span><\/p>\n<p><b>Montagem facilitada:<\/b><\/p>\n<p><span style=\"font-weight: 400;\">A montagem desta impressora \u00e9 facilitada e r\u00e1pida com apenas 6 passos!<\/span><\/p>\n<p><img fetchpriority=\"high\" decoding=\"async\" class=\"alignnone wp-image-125804 size-medium\" src=\"https:\/\/3dlab.com.br\/wp-content\/uploads\/2022\/10\/ender-3-s1-plus-300x257.png\" alt=\"ender 3 s1 plus\" width=\"300\" height=\"257\" \/><\/p>\n<p><strong>Conhe\u00e7a mais sobre a Ender 3 S1 Plus acesssando nosso conte\u00fado do blog!<\/strong> <a href=\"https:\/\/3dlab.com.br\/apresentando-ender-3-s1-plus\/\" target=\"_blank\" rel=\"noopener\">LEIA AGORA!<\/a><\/p>\n","protected":false},"excerpt":{"rendered":"<p>A Ender 3 S1 Plus \u00e9 uma impressora 3D extremamente completa e est\u00e1 entre as melhores da linha Ender 3. Possui recursos bem interessantes e \u00e9 uma impressora bem completa.\u00a0&hellip;<\/p>\n","protected":false},"featured_media":1571,"comment_status":"open","ping_status":"closed","template":"","meta":[],"product_brand":[],"product_cat":[264],"product_tag":[283,353,564,565],"class_list":{"0":"post-1557","1":"product","2":"type-product","3":"status-publish","4":"has-post-thumbnail","6":"product_cat-sem-categoria","7":"product_tag-ender-3","8":"product_tag-ender-3-s1","9":"product_tag-ender-3-s1-plus","10":"product_tag-s1-plus","11":"product_shipping_class-impressoras-c-frete","13":"first","14":"outofstock","15":"sale","16":"shipping-taxable","17":"purchasable","18":"product-type-simple"},"yoast_head":"<!-- This site is optimized with the Yoast SEO plugin v24.8.1 - https:\/\/yoast.com\/wordpress\/plugins\/seo\/ -->\n<title>Impressora 3D Ender 3 S1 Plus - 3D Lab<\/title>\n<meta name=\"robots\" content=\"index, follow, max-snippet:-1, max-image-preview:large, max-video-preview:-1\" \/>\n<link rel=\"canonical\" href=\"https:\/\/projetosddwb.com.br\/3dlab\/product\/impressora-3d-ender-3-s1-plus\/\" \/>\n<meta property=\"og:locale\" content=\"pt_BR\" \/>\n<meta property=\"og:type\" content=\"article\" \/>\n<meta property=\"og:title\" content=\"Impressora 3D Ender 3 S1 Plus - 3D Lab\" \/>\n<meta property=\"og:description\" content=\"A Ender 3 S1 Plus \u00e9 uma impressora 3D extremamente completa e est\u00e1 entre as melhores da linha Ender 3. Possui recursos bem interessantes e \u00e9 uma impressora bem completa.\u00a0&hellip;\" \/>\n<meta property=\"og:url\" content=\"https:\/\/projetosddwb.com.br\/3dlab\/product\/impressora-3d-ender-3-s1-plus\/\" \/>\n<meta property=\"og:site_name\" content=\"3D Lab\" \/>\n<meta property=\"article:publisher\" content=\"https:\/\/www.facebook.com\/3dlabbrasil\/?locale=pt_BR\" \/>\n<meta property=\"og:image\" content=\"https:\/\/3dlab.com.br\/wp-content\/uploads\/2022\/10\/ender-3-s1-plus-300x257.png\" \/>\n<meta name=\"twitter:card\" content=\"summary_large_image\" \/>\n<meta name=\"twitter:label1\" content=\"Est. tempo de leitura\" \/>\n\t<meta name=\"twitter:data1\" content=\"2 minutos\" \/>\n<script type=\"application\/ld+json\" class=\"yoast-schema-graph\">{\"@context\":\"https:\/\/schema.org\",\"@graph\":[{\"@type\":\"WebPage\",\"@id\":\"https:\/\/projetosddwb.com.br\/3dlab\/product\/impressora-3d-ender-3-s1-plus\/\",\"url\":\"https:\/\/projetosddwb.com.br\/3dlab\/product\/impressora-3d-ender-3-s1-plus\/\",\"name\":\"Impressora 3D Ender 3 S1 Plus - 3D Lab\",\"isPartOf\":{\"@id\":\"https:\/\/projetosddwb.com.br\/3dlab\/#website\"},\"primaryImageOfPage\":{\"@id\":\"https:\/\/projetosddwb.com.br\/3dlab\/product\/impressora-3d-ender-3-s1-plus\/#primaryimage\"},\"image\":{\"@id\":\"https:\/\/projetosddwb.com.br\/3dlab\/product\/impressora-3d-ender-3-s1-plus\/#primaryimage\"},\"thumbnailUrl\":\"\",\"datePublished\":\"2024-04-18T15:59:05+00:00\",\"breadcrumb\":{\"@id\":\"https:\/\/projetosddwb.com.br\/3dlab\/product\/impressora-3d-ender-3-s1-plus\/#breadcrumb\"},\"inLanguage\":\"pt-BR\",\"potentialAction\":[{\"@type\":\"ReadAction\",\"target\":[\"https:\/\/projetosddwb.com.br\/3dlab\/product\/impressora-3d-ender-3-s1-plus\/\"]}]},{\"@type\":\"ImageObject\",\"inLanguage\":\"pt-BR\",\"@id\":\"https:\/\/projetosddwb.com.br\/3dlab\/product\/impressora-3d-ender-3-s1-plus\/#primaryimage\",\"url\":\"\",\"contentUrl\":\"\"},{\"@type\":\"BreadcrumbList\",\"@id\":\"https:\/\/projetosddwb.com.br\/3dlab\/product\/impressora-3d-ender-3-s1-plus\/#breadcrumb\",\"itemListElement\":[{\"@type\":\"ListItem\",\"position\":1,\"name\":\"In\u00edcio\",\"item\":\"https:\/\/projetosddwb.com.br\/3dlab\/\"},{\"@type\":\"ListItem\",\"position\":2,\"name\":\"Loja\",\"item\":\"https:\/\/projetosddwb.com.br\/3dlab\/loja\/\"},{\"@type\":\"ListItem\",\"position\":3,\"name\":\"Impressora 3D Ender 3 S1 Plus\"}]},{\"@type\":\"WebSite\",\"@id\":\"https:\/\/projetosddwb.com.br\/3dlab\/#website\",\"url\":\"https:\/\/projetosddwb.com.br\/3dlab\/\",\"name\":\"3D Lab\",\"description\":\"\",\"publisher\":{\"@id\":\"https:\/\/projetosddwb.com.br\/3dlab\/#organization\"},\"potentialAction\":[{\"@type\":\"SearchAction\",\"target\":{\"@type\":\"EntryPoint\",\"urlTemplate\":\"https:\/\/projetosddwb.com.br\/3dlab\/?s={search_term_string}\"},\"query-input\":{\"@type\":\"PropertyValueSpecification\",\"valueRequired\":true,\"valueName\":\"search_term_string\"}}],\"inLanguage\":\"pt-BR\"},{\"@type\":\"Organization\",\"@id\":\"https:\/\/projetosddwb.com.br\/3dlab\/#organization\",\"name\":\"3D Lab\",\"url\":\"https:\/\/projetosddwb.com.br\/3dlab\/\",\"logo\":{\"@type\":\"ImageObject\",\"inLanguage\":\"pt-BR\",\"@id\":\"https:\/\/projetosddwb.com.br\/3dlab\/#\/schema\/logo\/image\/\",\"url\":\"https:\/\/projetosddwb.com.br\/3dlab\/wp-content\/uploads\/2025\/04\/cropped-cropped-3D_HORI_ORIGINAL-1.png\",\"contentUrl\":\"https:\/\/projetosddwb.com.br\/3dlab\/wp-content\/uploads\/2025\/04\/cropped-cropped-3D_HORI_ORIGINAL-1.png\",\"width\":597,\"height\":196,\"caption\":\"3D Lab\"},\"image\":{\"@id\":\"https:\/\/projetosddwb.com.br\/3dlab\/#\/schema\/logo\/image\/\"},\"sameAs\":[\"https:\/\/www.facebook.com\/3dlabbrasil\/?locale=pt_BR\",\"https:\/\/www.instagram.com\/3dlab_brasil\/\"]}]}<\/script>\n<!-- \/ Yoast SEO plugin. -->","yoast_head_json":{"title":"Impressora 3D Ender 3 S1 Plus - 3D Lab","robots":{"index":"index","follow":"follow","max-snippet":"max-snippet:-1","max-image-preview":"max-image-preview:large","max-video-preview":"max-video-preview:-1"},"canonical":"https:\/\/projetosddwb.com.br\/3dlab\/product\/impressora-3d-ender-3-s1-plus\/","og_locale":"pt_BR","og_type":"article","og_title":"Impressora 3D Ender 3 S1 Plus - 3D Lab","og_description":"A Ender 3 S1 Plus \u00e9 uma impressora 3D extremamente completa e est\u00e1 entre as melhores da linha Ender 3. Possui recursos bem interessantes e \u00e9 uma impressora bem completa.\u00a0&hellip;","og_url":"https:\/\/projetosddwb.com.br\/3dlab\/product\/impressora-3d-ender-3-s1-plus\/","og_site_name":"3D Lab","article_publisher":"https:\/\/www.facebook.com\/3dlabbrasil\/?locale=pt_BR","og_image":[{"url":"https:\/\/3dlab.com.br\/wp-content\/uploads\/2022\/10\/ender-3-s1-plus-300x257.png","type":"","width":"","height":""}],"twitter_card":"summary_large_image","twitter_misc":{"Est. tempo de leitura":"2 minutos"},"schema":{"@context":"https:\/\/schema.org","@graph":[{"@type":"WebPage","@id":"https:\/\/projetosddwb.com.br\/3dlab\/product\/impressora-3d-ender-3-s1-plus\/","url":"https:\/\/projetosddwb.com.br\/3dlab\/product\/impressora-3d-ender-3-s1-plus\/","name":"Impressora 3D Ender 3 S1 Plus - 3D Lab","isPartOf":{"@id":"https:\/\/projetosddwb.com.br\/3dlab\/#website"},"primaryImageOfPage":{"@id":"https:\/\/projetosddwb.com.br\/3dlab\/product\/impressora-3d-ender-3-s1-plus\/#primaryimage"},"image":{"@id":"https:\/\/projetosddwb.com.br\/3dlab\/product\/impressora-3d-ender-3-s1-plus\/#primaryimage"},"thumbnailUrl":"","datePublished":"2024-04-18T15:59:05+00:00","breadcrumb":{"@id":"https:\/\/projetosddwb.com.br\/3dlab\/product\/impressora-3d-ender-3-s1-plus\/#breadcrumb"},"inLanguage":"pt-BR","potentialAction":[{"@type":"ReadAction","target":["https:\/\/projetosddwb.com.br\/3dlab\/product\/impressora-3d-ender-3-s1-plus\/"]}]},{"@type":"ImageObject","inLanguage":"pt-BR","@id":"https:\/\/projetosddwb.com.br\/3dlab\/product\/impressora-3d-ender-3-s1-plus\/#primaryimage","url":"","contentUrl":""},{"@type":"BreadcrumbList","@id":"https:\/\/projetosddwb.com.br\/3dlab\/product\/impressora-3d-ender-3-s1-plus\/#breadcrumb","itemListElement":[{"@type":"ListItem","position":1,"name":"In\u00edcio","item":"https:\/\/projetosddwb.com.br\/3dlab\/"},{"@type":"ListItem","position":2,"name":"Loja","item":"https:\/\/projetosddwb.com.br\/3dlab\/loja\/"},{"@type":"ListItem","position":3,"name":"Impressora 3D Ender 3 S1 Plus"}]},{"@type":"WebSite","@id":"https:\/\/projetosddwb.com.br\/3dlab\/#website","url":"https:\/\/projetosddwb.com.br\/3dlab\/","name":"3D Lab","description":"","publisher":{"@id":"https:\/\/projetosddwb.com.br\/3dlab\/#organization"},"potentialAction":[{"@type":"SearchAction","target":{"@type":"EntryPoint","urlTemplate":"https:\/\/projetosddwb.com.br\/3dlab\/?s={search_term_string}"},"query-input":{"@type":"PropertyValueSpecification","valueRequired":true,"valueName":"search_term_string"}}],"inLanguage":"pt-BR"},{"@type":"Organization","@id":"https:\/\/projetosddwb.com.br\/3dlab\/#organization","name":"3D Lab","url":"https:\/\/projetosddwb.com.br\/3dlab\/","logo":{"@type":"ImageObject","inLanguage":"pt-BR","@id":"https:\/\/projetosddwb.com.br\/3dlab\/#\/schema\/logo\/image\/","url":"https:\/\/projetosddwb.com.br\/3dlab\/wp-content\/uploads\/2025\/04\/cropped-cropped-3D_HORI_ORIGINAL-1.png","contentUrl":"https:\/\/projetosddwb.com.br\/3dlab\/wp-content\/uploads\/2025\/04\/cropped-cropped-3D_HORI_ORIGINAL-1.png","width":597,"height":196,"caption":"3D Lab"},"image":{"@id":"https:\/\/projetosddwb.com.br\/3dlab\/#\/schema\/logo\/image\/"},"sameAs":["https:\/\/www.facebook.com\/3dlabbrasil\/?locale=pt_BR","https:\/\/www.instagram.com\/3dlab_brasil\/"]}]}},"_links":{"self":[{"href":"https:\/\/projetosddwb.com.br\/3dlab\/wp-json\/wp\/v2\/product\/1557","targetHints":{"allow":["GET"]}}],"collection":[{"href":"https:\/\/projetosddwb.com.br\/3dlab\/wp-json\/wp\/v2\/product"}],"about":[{"href":"https:\/\/projetosddwb.com.br\/3dlab\/wp-json\/wp\/v2\/types\/product"}],"replies":[{"embeddable":true,"href":"https:\/\/projetosddwb.com.br\/3dlab\/wp-json\/wp\/v2\/comments?post=1557"}],"wp:featuredmedia":[{"embeddable":true,"href":"https:\/\/projetosddwb.com.br\/3dlab\/wp-json\/"}],"wp:attachment":[{"href":"https:\/\/projetosddwb.com.br\/3dlab\/wp-json\/wp\/v2\/media?parent=1557"}],"wp:term":[{"taxonomy":"product_brand","embeddable":true,"href":"https:\/\/projetosddwb.com.br\/3dlab\/wp-json\/wp\/v2\/product_brand?post=1557"},{"taxonomy":"product_cat","embeddable":true,"href":"https:\/\/projetosddwb.com.br\/3dlab\/wp-json\/wp\/v2\/product_cat?post=1557"},{"taxonomy":"product_tag","embeddable":true,"href":"https:\/\/projetosddwb.com.br\/3dlab\/wp-json\/wp\/v2\/product_tag?post=1557"}],"curies":[{"name":"wp","href":"https:\/\/api.w.org\/{rel}","templated":true}]}}