{"id":1559,"date":"2024-04-18T12:59:06","date_gmt":"2024-04-18T15:59:06","guid":{"rendered":"https:\/\/projetosddwb.com.br\/3dlab\/?post_type=product&amp;p=1559"},"modified":"2024-04-18T12:59:06","modified_gmt":"2024-04-18T15:59:06","slug":"impressora-3d-ender-3-v2-neo","status":"publish","type":"product","link":"https:\/\/projetosddwb.com.br\/3dlab\/product\/impressora-3d-ender-3-v2-neo\/","title":{"rendered":"Impressora 3D Ender 3 V2 Neo"},"content":{"rendered":"<h2>Compre a Ender 3 V2 Neo com a 3D Lab<\/h2>\n<p><span style=\"font-weight: 400;\">A Ender 3 V2 Neo \u00e9 uma vers\u00e3o otimizada da V2 e com certeza vai encantar voc\u00ea!<\/span><\/p>\n<p><span style=\"font-weight: 400;\">Com CR-Touch para nivelamento autom\u00e1tico, extrusora de metal, manta magn\u00e9tica, mola refor\u00e7ada, roldana, display LCD colorido com atualiza\u00e7\u00f5es, placa silenciosa, design liso, montagem facilitada e gaveta para armazenamento de ferramentas.\u00a0<\/span><\/p>\n<p><span style=\"font-weight: 400;\">\u00c9 uma impressora FDM com alta qualidade de impress\u00e3o, diversos upgrades que facilitam a experi\u00eancia e o dia-a-dia do usu\u00e1rio.\u00a0<\/span><\/p>\n<p><i><span style=\"font-weight: 400;\">Veja mais informa\u00e7\u00f5es sobre a Ender 3 V2 Neo abaixo:<\/span><\/i><\/p>\n<p><b>Nivelamento autom\u00e1tico<\/b><\/p>\n<p><span style=\"font-weight: 400;\">Esse modelo possui CR-Touch para nivelamento autom\u00e1tico e leitura em 16 pontos, aumentando a qualidade de impress\u00e3o e a facilidade no nivelamento devido a sua compensa\u00e7\u00e3o.\u00a0<\/span><\/p>\n<p><b>Extrusora de metal<\/b><\/p>\n<p><span style=\"font-weight: 400;\">Ela possui extrusora de metal melhorando assim a durabilidade e resist\u00eancia da extrusora.<\/span><\/p>\n<p><b>Manta magn\u00e9tica<\/b><\/p>\n<p><span style=\"font-weight: 400;\">Sua manta possui efeito texturizado que aumenta a ades\u00e3o na primeira camada e, al\u00e9m disso, o material male\u00e1vel facilita a remo\u00e7\u00e3o das pe\u00e7as.<\/span><\/p>\n<p><b>Montagem facilitada<\/b><\/p>\n<p><span style=\"font-weight: 400;\">A montagem dessa impressora n\u00e3o leva mais de 5 minutos! S\u00e3o apenas 3 passos para realizar todo o processo de montagem.<\/span><\/p>\n<p><b>Display\u00a0<\/b><\/p>\n<p><span style=\"font-weight: 400;\">Seu display \u00e9 LCD colorido e possui atualiza\u00e7\u00f5es que tornam a experi\u00eancia de impress\u00e3o muito melhor!<\/span><\/p>\n<p><b>E muito mais\u2026<\/b><\/p>\n<p><span style=\"font-weight: 400;\">Al\u00e9m de todas essas atualiza\u00e7\u00f5es ela tamb\u00e9m possui mola refor\u00e7ada para melhora na estrutura, design liso, roldana e gaveta para armazenamento de ferramentas. Que tornam a experi\u00eancia dessa impressora 3D muito melhor!<\/span><\/p>\n<p><img fetchpriority=\"high\" decoding=\"async\" class=\"alignnone size-medium wp-image-125794\" src=\"https:\/\/3dlab.com.br\/wp-content\/uploads\/2022\/10\/Design-sem-nome-2022-10-07T162007.382-300x300.png\" alt=\"Ender 3 V2 neo\" width=\"300\" height=\"300\" \/><\/p>\n<p><strong>Conhe\u00e7a mais sobre a Ender 3 V2 Neo em nosso conte\u00fado do blog:<\/strong> <a href=\"https:\/\/3dlab.com.br\/apresentando-a-ender-3-v2-neo\/\" target=\"_blank\" rel=\"noopener\">LEIA J\u00c1!<\/a><\/p>\n","protected":false},"excerpt":{"rendered":"<p>Produto vendido e entregue por LAB Comercio<\/p>\n","protected":false},"featured_media":1575,"comment_status":"open","ping_status":"closed","template":"","meta":[],"product_brand":[],"product_cat":[264],"product_tag":[566,283,309,567,568],"class_list":{"0":"post-1559","1":"product","2":"type-product","3":"status-publish","4":"has-post-thumbnail","6":"product_cat-sem-categoria","7":"product_tag-ender-2-v3-neo","8":"product_tag-ender-3","9":"product_tag-ender-3-v2","10":"product_tag-v2","11":"product_tag-v2-neo","12":"product_shipping_class-impressoras-c-frete","14":"first","15":"outofstock","16":"sale","17":"shipping-taxable","18":"purchasable","19":"product-type-simple"},"yoast_head":"<!-- This site is optimized with the Yoast SEO plugin v24.8.1 - https:\/\/yoast.com\/wordpress\/plugins\/seo\/ -->\n<title>Impressora 3D Ender 3 V2 Neo - 3D Lab<\/title>\n<meta name=\"robots\" content=\"index, follow, max-snippet:-1, max-image-preview:large, max-video-preview:-1\" \/>\n<link rel=\"canonical\" href=\"https:\/\/projetosddwb.com.br\/3dlab\/product\/impressora-3d-ender-3-v2-neo\/\" \/>\n<meta property=\"og:locale\" content=\"pt_BR\" \/>\n<meta property=\"og:type\" content=\"article\" \/>\n<meta property=\"og:title\" content=\"Impressora 3D Ender 3 V2 Neo - 3D Lab\" \/>\n<meta property=\"og:description\" content=\"Produto vendido e entregue por LAB Comercio\" \/>\n<meta property=\"og:url\" content=\"https:\/\/projetosddwb.com.br\/3dlab\/product\/impressora-3d-ender-3-v2-neo\/\" \/>\n<meta property=\"og:site_name\" content=\"3D Lab\" \/>\n<meta property=\"article:publisher\" content=\"https:\/\/www.facebook.com\/3dlabbrasil\/?locale=pt_BR\" \/>\n<meta property=\"og:image\" content=\"https:\/\/3dlab.com.br\/wp-content\/uploads\/2022\/10\/Design-sem-nome-2022-10-07T162007.382-300x300.png\" \/>\n<meta name=\"twitter:card\" content=\"summary_large_image\" \/>\n<meta name=\"twitter:label1\" content=\"Est. tempo de leitura\" \/>\n\t<meta name=\"twitter:data1\" content=\"1 minuto\" \/>\n<script type=\"application\/ld+json\" class=\"yoast-schema-graph\">{\"@context\":\"https:\/\/schema.org\",\"@graph\":[{\"@type\":\"WebPage\",\"@id\":\"https:\/\/projetosddwb.com.br\/3dlab\/product\/impressora-3d-ender-3-v2-neo\/\",\"url\":\"https:\/\/projetosddwb.com.br\/3dlab\/product\/impressora-3d-ender-3-v2-neo\/\",\"name\":\"Impressora 3D Ender 3 V2 Neo - 3D Lab\",\"isPartOf\":{\"@id\":\"https:\/\/projetosddwb.com.br\/3dlab\/#website\"},\"primaryImageOfPage\":{\"@id\":\"https:\/\/projetosddwb.com.br\/3dlab\/product\/impressora-3d-ender-3-v2-neo\/#primaryimage\"},\"image\":{\"@id\":\"https:\/\/projetosddwb.com.br\/3dlab\/product\/impressora-3d-ender-3-v2-neo\/#primaryimage\"},\"thumbnailUrl\":\"\",\"datePublished\":\"2024-04-18T15:59:06+00:00\",\"breadcrumb\":{\"@id\":\"https:\/\/projetosddwb.com.br\/3dlab\/product\/impressora-3d-ender-3-v2-neo\/#breadcrumb\"},\"inLanguage\":\"pt-BR\",\"potentialAction\":[{\"@type\":\"ReadAction\",\"target\":[\"https:\/\/projetosddwb.com.br\/3dlab\/product\/impressora-3d-ender-3-v2-neo\/\"]}]},{\"@type\":\"ImageObject\",\"inLanguage\":\"pt-BR\",\"@id\":\"https:\/\/projetosddwb.com.br\/3dlab\/product\/impressora-3d-ender-3-v2-neo\/#primaryimage\",\"url\":\"\",\"contentUrl\":\"\"},{\"@type\":\"BreadcrumbList\",\"@id\":\"https:\/\/projetosddwb.com.br\/3dlab\/product\/impressora-3d-ender-3-v2-neo\/#breadcrumb\",\"itemListElement\":[{\"@type\":\"ListItem\",\"position\":1,\"name\":\"In\u00edcio\",\"item\":\"https:\/\/projetosddwb.com.br\/3dlab\/\"},{\"@type\":\"ListItem\",\"position\":2,\"name\":\"Loja\",\"item\":\"https:\/\/projetosddwb.com.br\/3dlab\/loja\/\"},{\"@type\":\"ListItem\",\"position\":3,\"name\":\"Impressora 3D Ender 3 V2 Neo\"}]},{\"@type\":\"WebSite\",\"@id\":\"https:\/\/projetosddwb.com.br\/3dlab\/#website\",\"url\":\"https:\/\/projetosddwb.com.br\/3dlab\/\",\"name\":\"3D Lab\",\"description\":\"\",\"publisher\":{\"@id\":\"https:\/\/projetosddwb.com.br\/3dlab\/#organization\"},\"potentialAction\":[{\"@type\":\"SearchAction\",\"target\":{\"@type\":\"EntryPoint\",\"urlTemplate\":\"https:\/\/projetosddwb.com.br\/3dlab\/?s={search_term_string}\"},\"query-input\":{\"@type\":\"PropertyValueSpecification\",\"valueRequired\":true,\"valueName\":\"search_term_string\"}}],\"inLanguage\":\"pt-BR\"},{\"@type\":\"Organization\",\"@id\":\"https:\/\/projetosddwb.com.br\/3dlab\/#organization\",\"name\":\"3D Lab\",\"url\":\"https:\/\/projetosddwb.com.br\/3dlab\/\",\"logo\":{\"@type\":\"ImageObject\",\"inLanguage\":\"pt-BR\",\"@id\":\"https:\/\/projetosddwb.com.br\/3dlab\/#\/schema\/logo\/image\/\",\"url\":\"https:\/\/projetosddwb.com.br\/3dlab\/wp-content\/uploads\/2025\/04\/cropped-cropped-3D_HORI_ORIGINAL-1.png\",\"contentUrl\":\"https:\/\/projetosddwb.com.br\/3dlab\/wp-content\/uploads\/2025\/04\/cropped-cropped-3D_HORI_ORIGINAL-1.png\",\"width\":597,\"height\":196,\"caption\":\"3D Lab\"},\"image\":{\"@id\":\"https:\/\/projetosddwb.com.br\/3dlab\/#\/schema\/logo\/image\/\"},\"sameAs\":[\"https:\/\/www.facebook.com\/3dlabbrasil\/?locale=pt_BR\",\"https:\/\/www.instagram.com\/3dlab_brasil\/\"]}]}<\/script>\n<!-- \/ Yoast SEO plugin. -->","yoast_head_json":{"title":"Impressora 3D Ender 3 V2 Neo - 3D Lab","robots":{"index":"index","follow":"follow","max-snippet":"max-snippet:-1","max-image-preview":"max-image-preview:large","max-video-preview":"max-video-preview:-1"},"canonical":"https:\/\/projetosddwb.com.br\/3dlab\/product\/impressora-3d-ender-3-v2-neo\/","og_locale":"pt_BR","og_type":"article","og_title":"Impressora 3D Ender 3 V2 Neo - 3D Lab","og_description":"Produto vendido e entregue por LAB Comercio","og_url":"https:\/\/projetosddwb.com.br\/3dlab\/product\/impressora-3d-ender-3-v2-neo\/","og_site_name":"3D Lab","article_publisher":"https:\/\/www.facebook.com\/3dlabbrasil\/?locale=pt_BR","og_image":[{"url":"https:\/\/3dlab.com.br\/wp-content\/uploads\/2022\/10\/Design-sem-nome-2022-10-07T162007.382-300x300.png","type":"","width":"","height":""}],"twitter_card":"summary_large_image","twitter_misc":{"Est. tempo de leitura":"1 minuto"},"schema":{"@context":"https:\/\/schema.org","@graph":[{"@type":"WebPage","@id":"https:\/\/projetosddwb.com.br\/3dlab\/product\/impressora-3d-ender-3-v2-neo\/","url":"https:\/\/projetosddwb.com.br\/3dlab\/product\/impressora-3d-ender-3-v2-neo\/","name":"Impressora 3D Ender 3 V2 Neo - 3D Lab","isPartOf":{"@id":"https:\/\/projetosddwb.com.br\/3dlab\/#website"},"primaryImageOfPage":{"@id":"https:\/\/projetosddwb.com.br\/3dlab\/product\/impressora-3d-ender-3-v2-neo\/#primaryimage"},"image":{"@id":"https:\/\/projetosddwb.com.br\/3dlab\/product\/impressora-3d-ender-3-v2-neo\/#primaryimage"},"thumbnailUrl":"","datePublished":"2024-04-18T15:59:06+00:00","breadcrumb":{"@id":"https:\/\/projetosddwb.com.br\/3dlab\/product\/impressora-3d-ender-3-v2-neo\/#breadcrumb"},"inLanguage":"pt-BR","potentialAction":[{"@type":"ReadAction","target":["https:\/\/projetosddwb.com.br\/3dlab\/product\/impressora-3d-ender-3-v2-neo\/"]}]},{"@type":"ImageObject","inLanguage":"pt-BR","@id":"https:\/\/projetosddwb.com.br\/3dlab\/product\/impressora-3d-ender-3-v2-neo\/#primaryimage","url":"","contentUrl":""},{"@type":"BreadcrumbList","@id":"https:\/\/projetosddwb.com.br\/3dlab\/product\/impressora-3d-ender-3-v2-neo\/#breadcrumb","itemListElement":[{"@type":"ListItem","position":1,"name":"In\u00edcio","item":"https:\/\/projetosddwb.com.br\/3dlab\/"},{"@type":"ListItem","position":2,"name":"Loja","item":"https:\/\/projetosddwb.com.br\/3dlab\/loja\/"},{"@type":"ListItem","position":3,"name":"Impressora 3D Ender 3 V2 Neo"}]},{"@type":"WebSite","@id":"https:\/\/projetosddwb.com.br\/3dlab\/#website","url":"https:\/\/projetosddwb.com.br\/3dlab\/","name":"3D Lab","description":"","publisher":{"@id":"https:\/\/projetosddwb.com.br\/3dlab\/#organization"},"potentialAction":[{"@type":"SearchAction","target":{"@type":"EntryPoint","urlTemplate":"https:\/\/projetosddwb.com.br\/3dlab\/?s={search_term_string}"},"query-input":{"@type":"PropertyValueSpecification","valueRequired":true,"valueName":"search_term_string"}}],"inLanguage":"pt-BR"},{"@type":"Organization","@id":"https:\/\/projetosddwb.com.br\/3dlab\/#organization","name":"3D Lab","url":"https:\/\/projetosddwb.com.br\/3dlab\/","logo":{"@type":"ImageObject","inLanguage":"pt-BR","@id":"https:\/\/projetosddwb.com.br\/3dlab\/#\/schema\/logo\/image\/","url":"https:\/\/projetosddwb.com.br\/3dlab\/wp-content\/uploads\/2025\/04\/cropped-cropped-3D_HORI_ORIGINAL-1.png","contentUrl":"https:\/\/projetosddwb.com.br\/3dlab\/wp-content\/uploads\/2025\/04\/cropped-cropped-3D_HORI_ORIGINAL-1.png","width":597,"height":196,"caption":"3D Lab"},"image":{"@id":"https:\/\/projetosddwb.com.br\/3dlab\/#\/schema\/logo\/image\/"},"sameAs":["https:\/\/www.facebook.com\/3dlabbrasil\/?locale=pt_BR","https:\/\/www.instagram.com\/3dlab_brasil\/"]}]}},"_links":{"self":[{"href":"https:\/\/projetosddwb.com.br\/3dlab\/wp-json\/wp\/v2\/product\/1559","targetHints":{"allow":["GET"]}}],"collection":[{"href":"https:\/\/projetosddwb.com.br\/3dlab\/wp-json\/wp\/v2\/product"}],"about":[{"href":"https:\/\/projetosddwb.com.br\/3dlab\/wp-json\/wp\/v2\/types\/product"}],"replies":[{"embeddable":true,"href":"https:\/\/projetosddwb.com.br\/3dlab\/wp-json\/wp\/v2\/comments?post=1559"}],"wp:featuredmedia":[{"embeddable":true,"href":"https:\/\/projetosddwb.com.br\/3dlab\/wp-json\/"}],"wp:attachment":[{"href":"https:\/\/projetosddwb.com.br\/3dlab\/wp-json\/wp\/v2\/media?parent=1559"}],"wp:term":[{"taxonomy":"product_brand","embeddable":true,"href":"https:\/\/projetosddwb.com.br\/3dlab\/wp-json\/wp\/v2\/product_brand?post=1559"},{"taxonomy":"product_cat","embeddable":true,"href":"https:\/\/projetosddwb.com.br\/3dlab\/wp-json\/wp\/v2\/product_cat?post=1559"},{"taxonomy":"product_tag","embeddable":true,"href":"https:\/\/projetosddwb.com.br\/3dlab\/wp-json\/wp\/v2\/product_tag?post=1559"}],"curies":[{"name":"wp","href":"https:\/\/api.w.org\/{rel}","templated":true}]}}