{"id":1646,"date":"2024-04-18T13:05:17","date_gmt":"2024-04-18T16:05:17","guid":{"rendered":"https:\/\/projetosddwb.com.br\/3dlab\/?post_type=product&amp;p=1646"},"modified":"2024-04-18T13:05:17","modified_gmt":"2024-04-18T16:05:17","slug":"led-para-ender-3-s1","status":"publish","type":"product","link":"https:\/\/projetosddwb.com.br\/3dlab\/product\/led-para-ender-3-s1\/","title":{"rendered":"LED para Ender 3 S1"},"content":{"rendered":"<p>LED para Ender 3 S1 e Ender 3 S1 Pro. Ideal para economia de energia, melhora nas suas filmagens da impress\u00e3o e melhora na visibilidade e acompanhamento da sua impress\u00e3o.<\/p>\n<p>A instala\u00e7\u00e3o \u00e9 f\u00e1cil e a luz suave.<\/p>\n<p>Led confort\u00e1vel para seus olhos e com luz branca quente.<\/p>\n<p><img fetchpriority=\"high\" decoding=\"async\" class=\"alignnone wp-image-130490 size-large\" src=\"https:\/\/3dlab.com.br\/wp-content\/uploads\/2022\/11\/2b63cc76-0b44-478e-9bfd-7086ef61a44c-729x1024.jpg\" alt=\"LED para Ender 3 S1\" width=\"729\" height=\"1024\" \/> <img decoding=\"async\" class=\"alignnone wp-image-130491 \" src=\"https:\/\/3dlab.com.br\/wp-content\/uploads\/2022\/11\/1cb904dc-af56-47b6-8a44-0ca32b9d8086.jpg\" alt=\"LED para Ender 3 S1\" width=\"888\" height=\"1023\" \/><\/p>\n<p><img decoding=\"async\" class=\"alignnone wp-image-130492 \" src=\"https:\/\/3dlab.com.br\/wp-content\/uploads\/2022\/11\/75a95c61-0d39-4745-9181-093c791733ab-712x1024.jpg\" alt=\"LED para Ender 3 S1\" width=\"722\" height=\"1038\" \/><img loading=\"lazy\" decoding=\"async\" class=\"alignnone wp-image-130493 \" src=\"https:\/\/3dlab.com.br\/wp-content\/uploads\/2022\/11\/c72b3218-7c10-4565-8527-75892082061d-532x1024.jpg\" alt=\"led\" width=\"540\" height=\"1039\" \/><img loading=\"lazy\" decoding=\"async\" class=\"alignnone wp-image-130494 \" src=\"https:\/\/3dlab.com.br\/wp-content\/uploads\/2022\/11\/d0b387a2-0ce8-4c36-9def-15204e178b12-603x1024.jpg\" alt=\"leds\" width=\"610\" height=\"1036\" \/><\/p>\n<p>&nbsp;<\/p>\n<p>&nbsp;<\/p>\n","protected":false},"excerpt":{"rendered":"<p>LED para Ender 3 S1 e Ender 3 S1 Pro. Ideal para economia de energia, melhora nas suas filmagens da impress\u00e3o e melhora na visibilidade e acompanhamento da sua impress\u00e3o.&hellip;<\/p>\n","protected":false},"featured_media":1664,"comment_status":"open","ping_status":"closed","template":"","meta":[],"product_brand":[],"product_cat":[277,323,342,318],"product_tag":[353,600,601,602,603,604],"class_list":{"0":"post-1646","1":"product","2":"type-product","3":"status-publish","4":"has-post-thumbnail","6":"product_cat-pecas-e-acessorios","7":"product_cat-pecas-e-acessorios-2","8":"product_cat-pecas-empresa-1","9":"product_cat-upgrades","10":"product_tag-ender-3-s1","11":"product_tag-led","12":"product_tag-led-ender-3-s1","13":"product_tag-led-impressora","14":"product_tag-led-para-impressora-3d","15":"product_tag-led-s1","16":"product_shipping_class-pecas-e-acessorios","18":"first","19":"instock","20":"sale","21":"shipping-taxable","22":"purchasable","23":"product-type-simple"},"yoast_head":"<!-- This site is optimized with the Yoast SEO plugin v24.8.1 - https:\/\/yoast.com\/wordpress\/plugins\/seo\/ -->\n<title>LED para Ender 3 S1 - 3D Lab<\/title>\n<meta name=\"robots\" content=\"index, follow, max-snippet:-1, max-image-preview:large, max-video-preview:-1\" \/>\n<link rel=\"canonical\" href=\"https:\/\/projetosddwb.com.br\/3dlab\/product\/led-para-ender-3-s1\/\" \/>\n<meta property=\"og:locale\" content=\"pt_BR\" \/>\n<meta property=\"og:type\" content=\"article\" \/>\n<meta property=\"og:title\" content=\"LED para Ender 3 S1 - 3D Lab\" \/>\n<meta property=\"og:description\" content=\"LED para Ender 3 S1 e Ender 3 S1 Pro. Ideal para economia de energia, melhora nas suas filmagens da impress\u00e3o e melhora na visibilidade e acompanhamento da sua impress\u00e3o.&hellip;\" \/>\n<meta property=\"og:url\" content=\"https:\/\/projetosddwb.com.br\/3dlab\/product\/led-para-ender-3-s1\/\" \/>\n<meta property=\"og:site_name\" content=\"3D Lab\" \/>\n<meta property=\"article:publisher\" content=\"https:\/\/www.facebook.com\/3dlabbrasil\/?locale=pt_BR\" \/>\n<meta property=\"og:image\" content=\"https:\/\/3dlab.com.br\/wp-content\/uploads\/2022\/11\/2b63cc76-0b44-478e-9bfd-7086ef61a44c-729x1024.jpg\" \/>\n<meta name=\"twitter:card\" content=\"summary_large_image\" \/>\n<script type=\"application\/ld+json\" class=\"yoast-schema-graph\">{\"@context\":\"https:\/\/schema.org\",\"@graph\":[{\"@type\":\"WebPage\",\"@id\":\"https:\/\/projetosddwb.com.br\/3dlab\/product\/led-para-ender-3-s1\/\",\"url\":\"https:\/\/projetosddwb.com.br\/3dlab\/product\/led-para-ender-3-s1\/\",\"name\":\"LED para Ender 3 S1 - 3D Lab\",\"isPartOf\":{\"@id\":\"https:\/\/projetosddwb.com.br\/3dlab\/#website\"},\"primaryImageOfPage\":{\"@id\":\"https:\/\/projetosddwb.com.br\/3dlab\/product\/led-para-ender-3-s1\/#primaryimage\"},\"image\":{\"@id\":\"https:\/\/projetosddwb.com.br\/3dlab\/product\/led-para-ender-3-s1\/#primaryimage\"},\"thumbnailUrl\":\"\",\"datePublished\":\"2024-04-18T16:05:17+00:00\",\"breadcrumb\":{\"@id\":\"https:\/\/projetosddwb.com.br\/3dlab\/product\/led-para-ender-3-s1\/#breadcrumb\"},\"inLanguage\":\"pt-BR\",\"potentialAction\":[{\"@type\":\"ReadAction\",\"target\":[\"https:\/\/projetosddwb.com.br\/3dlab\/product\/led-para-ender-3-s1\/\"]}]},{\"@type\":\"ImageObject\",\"inLanguage\":\"pt-BR\",\"@id\":\"https:\/\/projetosddwb.com.br\/3dlab\/product\/led-para-ender-3-s1\/#primaryimage\",\"url\":\"\",\"contentUrl\":\"\"},{\"@type\":\"BreadcrumbList\",\"@id\":\"https:\/\/projetosddwb.com.br\/3dlab\/product\/led-para-ender-3-s1\/#breadcrumb\",\"itemListElement\":[{\"@type\":\"ListItem\",\"position\":1,\"name\":\"In\u00edcio\",\"item\":\"https:\/\/projetosddwb.com.br\/3dlab\/\"},{\"@type\":\"ListItem\",\"position\":2,\"name\":\"Loja\",\"item\":\"https:\/\/projetosddwb.com.br\/3dlab\/loja\/\"},{\"@type\":\"ListItem\",\"position\":3,\"name\":\"LED para Ender 3 S1\"}]},{\"@type\":\"WebSite\",\"@id\":\"https:\/\/projetosddwb.com.br\/3dlab\/#website\",\"url\":\"https:\/\/projetosddwb.com.br\/3dlab\/\",\"name\":\"3D Lab\",\"description\":\"\",\"publisher\":{\"@id\":\"https:\/\/projetosddwb.com.br\/3dlab\/#organization\"},\"potentialAction\":[{\"@type\":\"SearchAction\",\"target\":{\"@type\":\"EntryPoint\",\"urlTemplate\":\"https:\/\/projetosddwb.com.br\/3dlab\/?s={search_term_string}\"},\"query-input\":{\"@type\":\"PropertyValueSpecification\",\"valueRequired\":true,\"valueName\":\"search_term_string\"}}],\"inLanguage\":\"pt-BR\"},{\"@type\":\"Organization\",\"@id\":\"https:\/\/projetosddwb.com.br\/3dlab\/#organization\",\"name\":\"3D Lab\",\"url\":\"https:\/\/projetosddwb.com.br\/3dlab\/\",\"logo\":{\"@type\":\"ImageObject\",\"inLanguage\":\"pt-BR\",\"@id\":\"https:\/\/projetosddwb.com.br\/3dlab\/#\/schema\/logo\/image\/\",\"url\":\"https:\/\/projetosddwb.com.br\/3dlab\/wp-content\/uploads\/2025\/04\/cropped-cropped-3D_HORI_ORIGINAL-1.png\",\"contentUrl\":\"https:\/\/projetosddwb.com.br\/3dlab\/wp-content\/uploads\/2025\/04\/cropped-cropped-3D_HORI_ORIGINAL-1.png\",\"width\":597,\"height\":196,\"caption\":\"3D Lab\"},\"image\":{\"@id\":\"https:\/\/projetosddwb.com.br\/3dlab\/#\/schema\/logo\/image\/\"},\"sameAs\":[\"https:\/\/www.facebook.com\/3dlabbrasil\/?locale=pt_BR\",\"https:\/\/www.instagram.com\/3dlab_brasil\/\"]}]}<\/script>\n<!-- \/ Yoast SEO plugin. -->","yoast_head_json":{"title":"LED para Ender 3 S1 - 3D Lab","robots":{"index":"index","follow":"follow","max-snippet":"max-snippet:-1","max-image-preview":"max-image-preview:large","max-video-preview":"max-video-preview:-1"},"canonical":"https:\/\/projetosddwb.com.br\/3dlab\/product\/led-para-ender-3-s1\/","og_locale":"pt_BR","og_type":"article","og_title":"LED para Ender 3 S1 - 3D Lab","og_description":"LED para Ender 3 S1 e Ender 3 S1 Pro. Ideal para economia de energia, melhora nas suas filmagens da impress\u00e3o e melhora na visibilidade e acompanhamento da sua impress\u00e3o.&hellip;","og_url":"https:\/\/projetosddwb.com.br\/3dlab\/product\/led-para-ender-3-s1\/","og_site_name":"3D Lab","article_publisher":"https:\/\/www.facebook.com\/3dlabbrasil\/?locale=pt_BR","og_image":[{"url":"https:\/\/3dlab.com.br\/wp-content\/uploads\/2022\/11\/2b63cc76-0b44-478e-9bfd-7086ef61a44c-729x1024.jpg","type":"","width":"","height":""}],"twitter_card":"summary_large_image","schema":{"@context":"https:\/\/schema.org","@graph":[{"@type":"WebPage","@id":"https:\/\/projetosddwb.com.br\/3dlab\/product\/led-para-ender-3-s1\/","url":"https:\/\/projetosddwb.com.br\/3dlab\/product\/led-para-ender-3-s1\/","name":"LED para Ender 3 S1 - 3D Lab","isPartOf":{"@id":"https:\/\/projetosddwb.com.br\/3dlab\/#website"},"primaryImageOfPage":{"@id":"https:\/\/projetosddwb.com.br\/3dlab\/product\/led-para-ender-3-s1\/#primaryimage"},"image":{"@id":"https:\/\/projetosddwb.com.br\/3dlab\/product\/led-para-ender-3-s1\/#primaryimage"},"thumbnailUrl":"","datePublished":"2024-04-18T16:05:17+00:00","breadcrumb":{"@id":"https:\/\/projetosddwb.com.br\/3dlab\/product\/led-para-ender-3-s1\/#breadcrumb"},"inLanguage":"pt-BR","potentialAction":[{"@type":"ReadAction","target":["https:\/\/projetosddwb.com.br\/3dlab\/product\/led-para-ender-3-s1\/"]}]},{"@type":"ImageObject","inLanguage":"pt-BR","@id":"https:\/\/projetosddwb.com.br\/3dlab\/product\/led-para-ender-3-s1\/#primaryimage","url":"","contentUrl":""},{"@type":"BreadcrumbList","@id":"https:\/\/projetosddwb.com.br\/3dlab\/product\/led-para-ender-3-s1\/#breadcrumb","itemListElement":[{"@type":"ListItem","position":1,"name":"In\u00edcio","item":"https:\/\/projetosddwb.com.br\/3dlab\/"},{"@type":"ListItem","position":2,"name":"Loja","item":"https:\/\/projetosddwb.com.br\/3dlab\/loja\/"},{"@type":"ListItem","position":3,"name":"LED para Ender 3 S1"}]},{"@type":"WebSite","@id":"https:\/\/projetosddwb.com.br\/3dlab\/#website","url":"https:\/\/projetosddwb.com.br\/3dlab\/","name":"3D Lab","description":"","publisher":{"@id":"https:\/\/projetosddwb.com.br\/3dlab\/#organization"},"potentialAction":[{"@type":"SearchAction","target":{"@type":"EntryPoint","urlTemplate":"https:\/\/projetosddwb.com.br\/3dlab\/?s={search_term_string}"},"query-input":{"@type":"PropertyValueSpecification","valueRequired":true,"valueName":"search_term_string"}}],"inLanguage":"pt-BR"},{"@type":"Organization","@id":"https:\/\/projetosddwb.com.br\/3dlab\/#organization","name":"3D Lab","url":"https:\/\/projetosddwb.com.br\/3dlab\/","logo":{"@type":"ImageObject","inLanguage":"pt-BR","@id":"https:\/\/projetosddwb.com.br\/3dlab\/#\/schema\/logo\/image\/","url":"https:\/\/projetosddwb.com.br\/3dlab\/wp-content\/uploads\/2025\/04\/cropped-cropped-3D_HORI_ORIGINAL-1.png","contentUrl":"https:\/\/projetosddwb.com.br\/3dlab\/wp-content\/uploads\/2025\/04\/cropped-cropped-3D_HORI_ORIGINAL-1.png","width":597,"height":196,"caption":"3D Lab"},"image":{"@id":"https:\/\/projetosddwb.com.br\/3dlab\/#\/schema\/logo\/image\/"},"sameAs":["https:\/\/www.facebook.com\/3dlabbrasil\/?locale=pt_BR","https:\/\/www.instagram.com\/3dlab_brasil\/"]}]}},"_links":{"self":[{"href":"https:\/\/projetosddwb.com.br\/3dlab\/wp-json\/wp\/v2\/product\/1646","targetHints":{"allow":["GET"]}}],"collection":[{"href":"https:\/\/projetosddwb.com.br\/3dlab\/wp-json\/wp\/v2\/product"}],"about":[{"href":"https:\/\/projetosddwb.com.br\/3dlab\/wp-json\/wp\/v2\/types\/product"}],"replies":[{"embeddable":true,"href":"https:\/\/projetosddwb.com.br\/3dlab\/wp-json\/wp\/v2\/comments?post=1646"}],"wp:featuredmedia":[{"embeddable":true,"href":"https:\/\/projetosddwb.com.br\/3dlab\/wp-json\/"}],"wp:attachment":[{"href":"https:\/\/projetosddwb.com.br\/3dlab\/wp-json\/wp\/v2\/media?parent=1646"}],"wp:term":[{"taxonomy":"product_brand","embeddable":true,"href":"https:\/\/projetosddwb.com.br\/3dlab\/wp-json\/wp\/v2\/product_brand?post=1646"},{"taxonomy":"product_cat","embeddable":true,"href":"https:\/\/projetosddwb.com.br\/3dlab\/wp-json\/wp\/v2\/product_cat?post=1646"},{"taxonomy":"product_tag","embeddable":true,"href":"https:\/\/projetosddwb.com.br\/3dlab\/wp-json\/wp\/v2\/product_tag?post=1646"}],"curies":[{"name":"wp","href":"https:\/\/api.w.org\/{rel}","templated":true}]}}