{"id":1649,"date":"2024-04-18T13:05:17","date_gmt":"2024-04-18T16:05:17","guid":{"rendered":"https:\/\/projetosddwb.com.br\/3dlab\/?post_type=product&amp;p=1649"},"modified":"2024-04-18T13:05:17","modified_gmt":"2024-04-18T16:05:17","slug":"modulo-laser-ender-3-s1-5w","status":"publish","type":"product","link":"https:\/\/projetosddwb.com.br\/3dlab\/product\/modulo-laser-ender-3-s1-5w\/","title":{"rendered":"M\u00f3dulo Laser Ender 3 S1 5W"},"content":{"rendered":"<p>O m\u00f3dulo laser \u00e9 um acess\u00f3rio para Ender 3 S1 e Ender 3 S1 Pro com fun\u00e7\u00e3o de laser preciso, que possibilita a cria\u00e7\u00e3o de pe\u00e7as personalizadas em superf\u00edcies diversas, possibilitando maior versatilidade para sua impressora 3D.<\/p>\n<p>Esse produto acompanha \u00f3culos de seguran\u00e7a com classe 4 de FDA para evitar danos do laser aos olhos, sua unidade de foco \u00e9 r\u00e1pida e bem direcionada, possibilitando maior precis\u00e3o no efeito de grava\u00e7\u00e3o. Sua instala\u00e7\u00e3o \u00e9 simples e possui um purificador eficiente para filtrar a fuma\u00e7a e poeira produzidos pelo laser, permitindo seguran\u00e7a e tranquilidade.<\/p>\n<p><img fetchpriority=\"high\" decoding=\"async\" class=\"alignnone wp-image-120987 size-medium\" src=\"https:\/\/3dlab.com.br\/wp-content\/uploads\/2022\/05\/PLACA-PEI-DUPLA-TEXTURA-8-300x300.png\" alt=\"MODULO LASER ENDER 3 S1\" width=\"300\" height=\"300\" \/><img decoding=\"async\" class=\"alignnone size-medium wp-image-120988\" src=\"https:\/\/3dlab.com.br\/wp-content\/uploads\/2022\/05\/PLACA-PEI-DUPLA-TEXTURA-9-300x300.png\" alt=\"modulo laser ender 3 s1\" width=\"300\" height=\"300\" \/><\/p>\n<p><img decoding=\"async\" class=\"alignnone wp-image-130461 \" src=\"https:\/\/3dlab.com.br\/wp-content\/uploads\/2022\/05\/6744dbc1-576a-436c-ad09-848af454e84d-587x1024.jpg\" alt=\"M\u00d3DULO LASER\" width=\"727\" height=\"1268\" \/> <img loading=\"lazy\" decoding=\"async\" class=\"alignnone wp-image-130462 \" src=\"https:\/\/3dlab.com.br\/wp-content\/uploads\/2022\/05\/d461bb47-6263-45a4-9715-76c1aa161911-733x1024.jpg\" alt=\"\" width=\"906\" height=\"1266\" \/><\/p>\n<p><img loading=\"lazy\" decoding=\"async\" class=\"alignnone wp-image-130464 \" src=\"https:\/\/3dlab.com.br\/wp-content\/uploads\/2022\/05\/e4d10135-6f08-4f8f-8932-3fc8cd24f583-677x1024.jpg\" alt=\"\" width=\"772\" height=\"1168\" \/> <img loading=\"lazy\" decoding=\"async\" class=\"alignnone wp-image-130467 \" src=\"https:\/\/3dlab.com.br\/wp-content\/uploads\/2022\/05\/c75fabab-190a-4ceb-8ac1-efae0a3e6ce8-760x1024.jpg\" alt=\"MODULO LASER\" width=\"866\" height=\"1167\" \/><\/p>\n<p><img loading=\"lazy\" decoding=\"async\" class=\"alignnone wp-image-130469 \" src=\"https:\/\/3dlab.com.br\/wp-content\/uploads\/2022\/11\/0ccef429-7b7f-4f05-82b8-0db7fb8645a6-579x1024.jpg\" alt=\"m\u00f3dulo laser\" width=\"934\" height=\"1652\" \/><img loading=\"lazy\" decoding=\"async\" class=\"alignnone wp-image-130471 \" src=\"https:\/\/3dlab.com.br\/wp-content\/uploads\/2022\/11\/24a33fc3-48aa-4220-82a9-58a625956c09-448x1024.jpg\" alt=\"modulo laser\" width=\"723\" height=\"1653\" \/><\/p>\n<p>&nbsp;<\/p>\n","protected":false},"excerpt":{"rendered":"<p>O m\u00f3dulo laser \u00e9 um acess\u00f3rio para Ender 3 S1 e Ender 3 S1 Pro com fun\u00e7\u00e3o de laser preciso, que possibilita a cria\u00e7\u00e3o de pe\u00e7as personalizadas em superf\u00edcies diversas,&hellip;<\/p>\n","protected":false},"featured_media":1670,"comment_status":"open","ping_status":"closed","template":"","meta":[],"product_brand":[],"product_cat":[277,323,318],"product_tag":[605,338,606],"class_list":{"0":"post-1649","1":"product","2":"type-product","3":"status-publish","4":"has-post-thumbnail","6":"product_cat-pecas-e-acessorios","7":"product_cat-pecas-e-acessorios-2","8":"product_cat-upgrades","9":"product_tag-corte-a-laser","10":"product_tag-laser","11":"product_tag-modulo-laser","12":"product_shipping_class-pecas-e-acessorios","14":"first","15":"outofstock","16":"sale","17":"shipping-taxable","18":"purchasable","19":"product-type-simple"},"yoast_head":"<!-- This site is optimized with the Yoast SEO plugin v24.8.1 - https:\/\/yoast.com\/wordpress\/plugins\/seo\/ -->\n<title>M\u00f3dulo Laser Ender 3 S1 5W - 3D Lab<\/title>\n<meta name=\"robots\" content=\"index, follow, max-snippet:-1, max-image-preview:large, max-video-preview:-1\" \/>\n<link rel=\"canonical\" href=\"https:\/\/projetosddwb.com.br\/3dlab\/product\/modulo-laser-ender-3-s1-5w\/\" \/>\n<meta property=\"og:locale\" content=\"pt_BR\" \/>\n<meta property=\"og:type\" content=\"article\" \/>\n<meta property=\"og:title\" content=\"M\u00f3dulo Laser Ender 3 S1 5W - 3D Lab\" \/>\n<meta property=\"og:description\" content=\"O m\u00f3dulo laser \u00e9 um acess\u00f3rio para Ender 3 S1 e Ender 3 S1 Pro com fun\u00e7\u00e3o de laser preciso, que possibilita a cria\u00e7\u00e3o de pe\u00e7as personalizadas em superf\u00edcies diversas,&hellip;\" \/>\n<meta property=\"og:url\" content=\"https:\/\/projetosddwb.com.br\/3dlab\/product\/modulo-laser-ender-3-s1-5w\/\" \/>\n<meta property=\"og:site_name\" content=\"3D Lab\" \/>\n<meta property=\"article:publisher\" content=\"https:\/\/www.facebook.com\/3dlabbrasil\/?locale=pt_BR\" \/>\n<meta property=\"og:image\" content=\"https:\/\/3dlab.com.br\/wp-content\/uploads\/2022\/05\/PLACA-PEI-DUPLA-TEXTURA-8-300x300.png\" \/>\n<meta name=\"twitter:card\" content=\"summary_large_image\" \/>\n<meta name=\"twitter:label1\" content=\"Est. tempo de leitura\" \/>\n\t<meta name=\"twitter:data1\" content=\"1 minuto\" \/>\n<script type=\"application\/ld+json\" class=\"yoast-schema-graph\">{\"@context\":\"https:\/\/schema.org\",\"@graph\":[{\"@type\":\"WebPage\",\"@id\":\"https:\/\/projetosddwb.com.br\/3dlab\/product\/modulo-laser-ender-3-s1-5w\/\",\"url\":\"https:\/\/projetosddwb.com.br\/3dlab\/product\/modulo-laser-ender-3-s1-5w\/\",\"name\":\"M\u00f3dulo Laser Ender 3 S1 5W - 3D Lab\",\"isPartOf\":{\"@id\":\"https:\/\/projetosddwb.com.br\/3dlab\/#website\"},\"primaryImageOfPage\":{\"@id\":\"https:\/\/projetosddwb.com.br\/3dlab\/product\/modulo-laser-ender-3-s1-5w\/#primaryimage\"},\"image\":{\"@id\":\"https:\/\/projetosddwb.com.br\/3dlab\/product\/modulo-laser-ender-3-s1-5w\/#primaryimage\"},\"thumbnailUrl\":\"\",\"datePublished\":\"2024-04-18T16:05:17+00:00\",\"breadcrumb\":{\"@id\":\"https:\/\/projetosddwb.com.br\/3dlab\/product\/modulo-laser-ender-3-s1-5w\/#breadcrumb\"},\"inLanguage\":\"pt-BR\",\"potentialAction\":[{\"@type\":\"ReadAction\",\"target\":[\"https:\/\/projetosddwb.com.br\/3dlab\/product\/modulo-laser-ender-3-s1-5w\/\"]}]},{\"@type\":\"ImageObject\",\"inLanguage\":\"pt-BR\",\"@id\":\"https:\/\/projetosddwb.com.br\/3dlab\/product\/modulo-laser-ender-3-s1-5w\/#primaryimage\",\"url\":\"\",\"contentUrl\":\"\"},{\"@type\":\"BreadcrumbList\",\"@id\":\"https:\/\/projetosddwb.com.br\/3dlab\/product\/modulo-laser-ender-3-s1-5w\/#breadcrumb\",\"itemListElement\":[{\"@type\":\"ListItem\",\"position\":1,\"name\":\"In\u00edcio\",\"item\":\"https:\/\/projetosddwb.com.br\/3dlab\/\"},{\"@type\":\"ListItem\",\"position\":2,\"name\":\"Loja\",\"item\":\"https:\/\/projetosddwb.com.br\/3dlab\/loja\/\"},{\"@type\":\"ListItem\",\"position\":3,\"name\":\"M\u00f3dulo Laser Ender 3 S1 5W\"}]},{\"@type\":\"WebSite\",\"@id\":\"https:\/\/projetosddwb.com.br\/3dlab\/#website\",\"url\":\"https:\/\/projetosddwb.com.br\/3dlab\/\",\"name\":\"3D Lab\",\"description\":\"\",\"publisher\":{\"@id\":\"https:\/\/projetosddwb.com.br\/3dlab\/#organization\"},\"potentialAction\":[{\"@type\":\"SearchAction\",\"target\":{\"@type\":\"EntryPoint\",\"urlTemplate\":\"https:\/\/projetosddwb.com.br\/3dlab\/?s={search_term_string}\"},\"query-input\":{\"@type\":\"PropertyValueSpecification\",\"valueRequired\":true,\"valueName\":\"search_term_string\"}}],\"inLanguage\":\"pt-BR\"},{\"@type\":\"Organization\",\"@id\":\"https:\/\/projetosddwb.com.br\/3dlab\/#organization\",\"name\":\"3D Lab\",\"url\":\"https:\/\/projetosddwb.com.br\/3dlab\/\",\"logo\":{\"@type\":\"ImageObject\",\"inLanguage\":\"pt-BR\",\"@id\":\"https:\/\/projetosddwb.com.br\/3dlab\/#\/schema\/logo\/image\/\",\"url\":\"https:\/\/projetosddwb.com.br\/3dlab\/wp-content\/uploads\/2025\/04\/cropped-cropped-3D_HORI_ORIGINAL-1.png\",\"contentUrl\":\"https:\/\/projetosddwb.com.br\/3dlab\/wp-content\/uploads\/2025\/04\/cropped-cropped-3D_HORI_ORIGINAL-1.png\",\"width\":597,\"height\":196,\"caption\":\"3D Lab\"},\"image\":{\"@id\":\"https:\/\/projetosddwb.com.br\/3dlab\/#\/schema\/logo\/image\/\"},\"sameAs\":[\"https:\/\/www.facebook.com\/3dlabbrasil\/?locale=pt_BR\",\"https:\/\/www.instagram.com\/3dlab_brasil\/\"]}]}<\/script>\n<!-- \/ Yoast SEO plugin. -->","yoast_head_json":{"title":"M\u00f3dulo Laser Ender 3 S1 5W - 3D Lab","robots":{"index":"index","follow":"follow","max-snippet":"max-snippet:-1","max-image-preview":"max-image-preview:large","max-video-preview":"max-video-preview:-1"},"canonical":"https:\/\/projetosddwb.com.br\/3dlab\/product\/modulo-laser-ender-3-s1-5w\/","og_locale":"pt_BR","og_type":"article","og_title":"M\u00f3dulo Laser Ender 3 S1 5W - 3D Lab","og_description":"O m\u00f3dulo laser \u00e9 um acess\u00f3rio para Ender 3 S1 e Ender 3 S1 Pro com fun\u00e7\u00e3o de laser preciso, que possibilita a cria\u00e7\u00e3o de pe\u00e7as personalizadas em superf\u00edcies diversas,&hellip;","og_url":"https:\/\/projetosddwb.com.br\/3dlab\/product\/modulo-laser-ender-3-s1-5w\/","og_site_name":"3D Lab","article_publisher":"https:\/\/www.facebook.com\/3dlabbrasil\/?locale=pt_BR","og_image":[{"url":"https:\/\/3dlab.com.br\/wp-content\/uploads\/2022\/05\/PLACA-PEI-DUPLA-TEXTURA-8-300x300.png","type":"","width":"","height":""}],"twitter_card":"summary_large_image","twitter_misc":{"Est. tempo de leitura":"1 minuto"},"schema":{"@context":"https:\/\/schema.org","@graph":[{"@type":"WebPage","@id":"https:\/\/projetosddwb.com.br\/3dlab\/product\/modulo-laser-ender-3-s1-5w\/","url":"https:\/\/projetosddwb.com.br\/3dlab\/product\/modulo-laser-ender-3-s1-5w\/","name":"M\u00f3dulo Laser Ender 3 S1 5W - 3D Lab","isPartOf":{"@id":"https:\/\/projetosddwb.com.br\/3dlab\/#website"},"primaryImageOfPage":{"@id":"https:\/\/projetosddwb.com.br\/3dlab\/product\/modulo-laser-ender-3-s1-5w\/#primaryimage"},"image":{"@id":"https:\/\/projetosddwb.com.br\/3dlab\/product\/modulo-laser-ender-3-s1-5w\/#primaryimage"},"thumbnailUrl":"","datePublished":"2024-04-18T16:05:17+00:00","breadcrumb":{"@id":"https:\/\/projetosddwb.com.br\/3dlab\/product\/modulo-laser-ender-3-s1-5w\/#breadcrumb"},"inLanguage":"pt-BR","potentialAction":[{"@type":"ReadAction","target":["https:\/\/projetosddwb.com.br\/3dlab\/product\/modulo-laser-ender-3-s1-5w\/"]}]},{"@type":"ImageObject","inLanguage":"pt-BR","@id":"https:\/\/projetosddwb.com.br\/3dlab\/product\/modulo-laser-ender-3-s1-5w\/#primaryimage","url":"","contentUrl":""},{"@type":"BreadcrumbList","@id":"https:\/\/projetosddwb.com.br\/3dlab\/product\/modulo-laser-ender-3-s1-5w\/#breadcrumb","itemListElement":[{"@type":"ListItem","position":1,"name":"In\u00edcio","item":"https:\/\/projetosddwb.com.br\/3dlab\/"},{"@type":"ListItem","position":2,"name":"Loja","item":"https:\/\/projetosddwb.com.br\/3dlab\/loja\/"},{"@type":"ListItem","position":3,"name":"M\u00f3dulo Laser Ender 3 S1 5W"}]},{"@type":"WebSite","@id":"https:\/\/projetosddwb.com.br\/3dlab\/#website","url":"https:\/\/projetosddwb.com.br\/3dlab\/","name":"3D Lab","description":"","publisher":{"@id":"https:\/\/projetosddwb.com.br\/3dlab\/#organization"},"potentialAction":[{"@type":"SearchAction","target":{"@type":"EntryPoint","urlTemplate":"https:\/\/projetosddwb.com.br\/3dlab\/?s={search_term_string}"},"query-input":{"@type":"PropertyValueSpecification","valueRequired":true,"valueName":"search_term_string"}}],"inLanguage":"pt-BR"},{"@type":"Organization","@id":"https:\/\/projetosddwb.com.br\/3dlab\/#organization","name":"3D Lab","url":"https:\/\/projetosddwb.com.br\/3dlab\/","logo":{"@type":"ImageObject","inLanguage":"pt-BR","@id":"https:\/\/projetosddwb.com.br\/3dlab\/#\/schema\/logo\/image\/","url":"https:\/\/projetosddwb.com.br\/3dlab\/wp-content\/uploads\/2025\/04\/cropped-cropped-3D_HORI_ORIGINAL-1.png","contentUrl":"https:\/\/projetosddwb.com.br\/3dlab\/wp-content\/uploads\/2025\/04\/cropped-cropped-3D_HORI_ORIGINAL-1.png","width":597,"height":196,"caption":"3D Lab"},"image":{"@id":"https:\/\/projetosddwb.com.br\/3dlab\/#\/schema\/logo\/image\/"},"sameAs":["https:\/\/www.facebook.com\/3dlabbrasil\/?locale=pt_BR","https:\/\/www.instagram.com\/3dlab_brasil\/"]}]}},"_links":{"self":[{"href":"https:\/\/projetosddwb.com.br\/3dlab\/wp-json\/wp\/v2\/product\/1649","targetHints":{"allow":["GET"]}}],"collection":[{"href":"https:\/\/projetosddwb.com.br\/3dlab\/wp-json\/wp\/v2\/product"}],"about":[{"href":"https:\/\/projetosddwb.com.br\/3dlab\/wp-json\/wp\/v2\/types\/product"}],"replies":[{"embeddable":true,"href":"https:\/\/projetosddwb.com.br\/3dlab\/wp-json\/wp\/v2\/comments?post=1649"}],"wp:featuredmedia":[{"embeddable":true,"href":"https:\/\/projetosddwb.com.br\/3dlab\/wp-json\/"}],"wp:attachment":[{"href":"https:\/\/projetosddwb.com.br\/3dlab\/wp-json\/wp\/v2\/media?parent=1649"}],"wp:term":[{"taxonomy":"product_brand","embeddable":true,"href":"https:\/\/projetosddwb.com.br\/3dlab\/wp-json\/wp\/v2\/product_brand?post=1649"},{"taxonomy":"product_cat","embeddable":true,"href":"https:\/\/projetosddwb.com.br\/3dlab\/wp-json\/wp\/v2\/product_cat?post=1649"},{"taxonomy":"product_tag","embeddable":true,"href":"https:\/\/projetosddwb.com.br\/3dlab\/wp-json\/wp\/v2\/product_tag?post=1649"}],"curies":[{"name":"wp","href":"https:\/\/api.w.org\/{rel}","templated":true}]}}