{"id":1681,"date":"2024-04-18T13:07:03","date_gmt":"2024-04-18T16:07:03","guid":{"rendered":"https:\/\/projetosddwb.com.br\/3dlab\/?post_type=product&amp;p=1681"},"modified":"2024-04-18T13:07:03","modified_gmt":"2024-04-18T16:07:03","slug":"impressora-3d-cr-3040-pro","status":"publish","type":"product","link":"https:\/\/projetosddwb.com.br\/3dlab\/product\/impressora-3d-cr-3040-pro\/","title":{"rendered":"IMPRESSORA 3D CR-3040 Pro"},"content":{"rendered":"<p>A impressora 3D CR-3040 Pro \u00e9 uma m\u00e1quina de n\u00edvel industrial, constru\u00edda para cria\u00e7\u00e3o de projetos de alta defini\u00e7\u00e3o, complexidade e que precisam de alta qualidade com precis\u00e3o dimensional.<\/p>\n<p>A CR-3040 Pro tem volume \u00fatil de impress\u00e3o de 300 x 300 x 400mm, com estrutura integral, totalmente fechada. O novo kit do extrusor entrega uma alta precis\u00e3o para projetos mais complexos. A mesa de impress\u00e3o tem aquecimento r\u00e1pido at\u00e9 110\u00b0C.<\/p>\n<p>Essa impressora ainda \u00e9 equipada com um display touch screen colorido de 4,3&#8242; fazendo com que a experi\u00eancia do usu\u00e1rio seja a mais fluida e pr\u00e1tica poss\u00edvel. Al\u00e9m disso, a superf\u00edcie de impress\u00e3o recebe o vidro Carborundum, fazendo com que a pe\u00e7a tenha \u00f3tima ades\u00e3o \u00e0 mesa e facilitando a retirada ap\u00f3s o fim da impress\u00e3o.<\/p>\n<p>Conhe\u00e7a os principais recursos dessa impressora 3D industrial:<\/p>\n<ul>\n<li>estrutura met\u00e1lica totalmente fechada;<\/li>\n<li>volume \u00fatil de impress\u00e3o de 300 x 300 x 400mm;<\/li>\n<li>novo kit de extrusor de alta precis\u00e3o;<\/li>\n<li>temperatura do extrusor: at\u00e9 280\u00b0C<\/li>\n<li>mesa aquecida at\u00e9 110\u00b0C;<\/li>\n<li>sensor de fim de filamento;<\/li>\n<li>sensor de nivelamento autom\u00e1tico da mesa de impress\u00e3o;<\/li>\n<li>display touch screen colorido de 4,3&#8242;;<\/li>\n<li>mesa de vidro Carborundum;<\/li>\n<li>dupla janela de observa\u00e7\u00e3o de impress\u00e3o (aberturas frontal e lateral);<\/li>\n<li>duplo eixo XY e duplo eixo Z para maior estabilidade, velocidade e precis\u00e3o;<\/li>\n<li>luz de led para acompanhar a impress\u00e3o;<\/li>\n<li>fun\u00e7\u00e3o de retomada de impress\u00e3o em caso de pico de energia;<\/li>\n<li>rodas para facilitar o transporte e manuseio da impressora.<\/li>\n<\/ul>\n<p><img fetchpriority=\"high\" decoding=\"async\" class=\"alignnone wp-image-133924 size-full\" src=\"https:\/\/3dlab.com.br\/wp-content\/uploads\/2023\/02\/1-5.png\" alt=\"Impressora 3D CR-3040 Pro\" width=\"1899\" height=\"680\" \/>\u00a0<img decoding=\"async\" class=\"alignnone wp-image-133922 size-full\" src=\"https:\/\/3dlab.com.br\/wp-content\/uploads\/2023\/02\/2-3.png\" alt=\"\" width=\"1899\" height=\"902\" \/>\u00a0<img decoding=\"async\" class=\"alignnone wp-image-133913 size-full\" src=\"https:\/\/3dlab.com.br\/wp-content\/uploads\/2023\/02\/12-1.png\" alt=\"\" width=\"1902\" height=\"743\" \/><img loading=\"lazy\" decoding=\"async\" class=\"alignnone wp-image-133919 size-full\" src=\"https:\/\/3dlab.com.br\/wp-content\/uploads\/2023\/02\/7-1.png\" alt=\"\" width=\"1902\" height=\"743\" \/><img loading=\"lazy\" decoding=\"async\" class=\"alignnone wp-image-133918 size-full\" src=\"https:\/\/3dlab.com.br\/wp-content\/uploads\/2023\/02\/8-1.png\" alt=\"\" width=\"1902\" height=\"743\" \/><img loading=\"lazy\" decoding=\"async\" class=\"alignnone wp-image-133917 size-full\" src=\"https:\/\/3dlab.com.br\/wp-content\/uploads\/2023\/02\/9-1.png\" alt=\"\" width=\"1902\" height=\"743\" \/><img loading=\"lazy\" decoding=\"async\" class=\"alignnone wp-image-133916 size-full\" src=\"https:\/\/3dlab.com.br\/wp-content\/uploads\/2023\/02\/10-1.png\" alt=\"\" width=\"1902\" height=\"743\" \/><img loading=\"lazy\" decoding=\"async\" class=\"alignnone wp-image-133920 size-full\" src=\"https:\/\/3dlab.com.br\/wp-content\/uploads\/2023\/02\/6-1.png\" alt=\"\" width=\"1905\" height=\"726\" \/><img loading=\"lazy\" decoding=\"async\" class=\"alignnone wp-image-133914 size-full\" src=\"https:\/\/3dlab.com.br\/wp-content\/uploads\/2023\/02\/13-1.png\" alt=\"\" width=\"1902\" height=\"743\" \/><img loading=\"lazy\" decoding=\"async\" class=\"alignnone wp-image-133915 size-full\" src=\"https:\/\/3dlab.com.br\/wp-content\/uploads\/2023\/02\/11-1.png\" alt=\"\" width=\"1902\" height=\"743\" \/>\u00a0 \u00a0\u00a0 \u00a0<img loading=\"lazy\" decoding=\"async\" class=\"alignnone wp-image-133921 size-full\" src=\"https:\/\/3dlab.com.br\/wp-content\/uploads\/2023\/02\/5-1.png\" alt=\"Impressora 3D CR-3040 Pro\" width=\"1905\" height=\"726\" \/>\u00a0<img loading=\"lazy\" decoding=\"async\" class=\"alignnone wp-image-133923 size-full\" src=\"https:\/\/3dlab.com.br\/wp-content\/uploads\/2023\/02\/4-4.png\" alt=\"Impressora 3D CR-3040 Pro\" width=\"1905\" height=\"726\" \/><img loading=\"lazy\" decoding=\"async\" class=\"alignnone wp-image-133910 size-full\" src=\"https:\/\/3dlab.com.br\/wp-content\/uploads\/2023\/02\/15-1.png\" alt=\"\" width=\"1902\" height=\"743\" \/>\u00a0<img loading=\"lazy\" decoding=\"async\" class=\"alignnone wp-image-133912 size-full\" src=\"https:\/\/3dlab.com.br\/wp-content\/uploads\/2023\/02\/16-1.png\" alt=\"Impressora 3D CR-3040 Pro\" width=\"1902\" height=\"743\" \/><\/p>\n<p>&nbsp;<\/p>\n<p>Para baixar o manual de usu\u00e1rio da impressora 3D CR-3040 Pro ou as vers\u00f5es de firmware, <a href=\"https:\/\/www.creality.com\/pages\/download-cr-3040-pro?spm=..product_4552f348-74f3-42ab-ae46-fc7973eb20fb.nav_link_store_1.1&amp;spm_prev=..page_1967279.products_display_1.1\" target=\"_blank\" rel=\"noopener\">clique aqui<\/a>.<\/p>\n<p>Veja mais sobre a impressora 3D CR-3040 Pro no v\u00eddeo a seguir:<\/p>\n<p><iframe title=\"Creality CR-3040 Pro Assembly and Operation Video\" width=\"1290\" height=\"726\" src=\"https:\/\/www.youtube.com\/embed\/wlKaPMRCK7k?feature=oembed\" frameborder=\"0\" allow=\"accelerometer; autoplay; clipboard-write; encrypted-media; gyroscope; picture-in-picture; web-share\" referrerpolicy=\"strict-origin-when-cross-origin\" allowfullscreen><\/iframe><\/p>\n","protected":false},"excerpt":{"rendered":"<p>A impressora 3D CR-3040 Pro \u00e9 uma m\u00e1quina de n\u00edvel industrial, constru\u00edda para cria\u00e7\u00e3o de projetos de alta defini\u00e7\u00e3o, complexidade e que precisam de alta qualidade com precis\u00e3o dimensional. A&hellip;<\/p>\n","protected":false},"featured_media":1690,"comment_status":"open","ping_status":"closed","template":"","meta":[],"product_brand":[],"product_cat":[306,302,453,280,308,612],"product_tag":[],"class_list":{"0":"post-1681","1":"product","2":"type-product","3":"status-publish","4":"has-post-thumbnail","6":"product_cat-creality","7":"product_cat-faixa-preta","8":"product_cat-impressora-3d-de-filamento","9":"product_cat-impressoras-3d","10":"product_cat-impressoras-e-filamentos","11":"product_cat-industrial","12":"product_shipping_class-impressoras-c-frete","14":"first","15":"outofstock","16":"sale","17":"shipping-taxable","18":"purchasable","19":"product-type-simple"},"yoast_head":"<!-- This site is optimized with the Yoast SEO plugin v24.8.1 - https:\/\/yoast.com\/wordpress\/plugins\/seo\/ -->\n<title>IMPRESSORA 3D CR-3040 Pro - 3D Lab<\/title>\n<meta name=\"robots\" content=\"index, follow, max-snippet:-1, max-image-preview:large, max-video-preview:-1\" \/>\n<link rel=\"canonical\" href=\"https:\/\/projetosddwb.com.br\/3dlab\/product\/impressora-3d-cr-3040-pro\/\" \/>\n<meta property=\"og:locale\" content=\"pt_BR\" \/>\n<meta property=\"og:type\" content=\"article\" \/>\n<meta property=\"og:title\" content=\"IMPRESSORA 3D CR-3040 Pro - 3D Lab\" \/>\n<meta property=\"og:description\" content=\"A impressora 3D CR-3040 Pro \u00e9 uma m\u00e1quina de n\u00edvel industrial, constru\u00edda para cria\u00e7\u00e3o de projetos de alta defini\u00e7\u00e3o, complexidade e que precisam de alta qualidade com precis\u00e3o dimensional. A&hellip;\" \/>\n<meta property=\"og:url\" content=\"https:\/\/projetosddwb.com.br\/3dlab\/product\/impressora-3d-cr-3040-pro\/\" \/>\n<meta property=\"og:site_name\" content=\"3D Lab\" \/>\n<meta property=\"article:publisher\" content=\"https:\/\/www.facebook.com\/3dlabbrasil\/?locale=pt_BR\" \/>\n<meta property=\"og:image\" content=\"https:\/\/3dlab.com.br\/wp-content\/uploads\/2023\/02\/1-5.png\" \/>\n<meta name=\"twitter:card\" content=\"summary_large_image\" \/>\n<meta name=\"twitter:label1\" content=\"Est. tempo de leitura\" \/>\n\t<meta name=\"twitter:data1\" content=\"2 minutos\" \/>\n<script type=\"application\/ld+json\" class=\"yoast-schema-graph\">{\"@context\":\"https:\/\/schema.org\",\"@graph\":[{\"@type\":\"WebPage\",\"@id\":\"https:\/\/projetosddwb.com.br\/3dlab\/product\/impressora-3d-cr-3040-pro\/\",\"url\":\"https:\/\/projetosddwb.com.br\/3dlab\/product\/impressora-3d-cr-3040-pro\/\",\"name\":\"IMPRESSORA 3D CR-3040 Pro - 3D Lab\",\"isPartOf\":{\"@id\":\"https:\/\/projetosddwb.com.br\/3dlab\/#website\"},\"primaryImageOfPage\":{\"@id\":\"https:\/\/projetosddwb.com.br\/3dlab\/product\/impressora-3d-cr-3040-pro\/#primaryimage\"},\"image\":{\"@id\":\"https:\/\/projetosddwb.com.br\/3dlab\/product\/impressora-3d-cr-3040-pro\/#primaryimage\"},\"thumbnailUrl\":\"\",\"datePublished\":\"2024-04-18T16:07:03+00:00\",\"breadcrumb\":{\"@id\":\"https:\/\/projetosddwb.com.br\/3dlab\/product\/impressora-3d-cr-3040-pro\/#breadcrumb\"},\"inLanguage\":\"pt-BR\",\"potentialAction\":[{\"@type\":\"ReadAction\",\"target\":[\"https:\/\/projetosddwb.com.br\/3dlab\/product\/impressora-3d-cr-3040-pro\/\"]}]},{\"@type\":\"ImageObject\",\"inLanguage\":\"pt-BR\",\"@id\":\"https:\/\/projetosddwb.com.br\/3dlab\/product\/impressora-3d-cr-3040-pro\/#primaryimage\",\"url\":\"\",\"contentUrl\":\"\"},{\"@type\":\"BreadcrumbList\",\"@id\":\"https:\/\/projetosddwb.com.br\/3dlab\/product\/impressora-3d-cr-3040-pro\/#breadcrumb\",\"itemListElement\":[{\"@type\":\"ListItem\",\"position\":1,\"name\":\"In\u00edcio\",\"item\":\"https:\/\/projetosddwb.com.br\/3dlab\/\"},{\"@type\":\"ListItem\",\"position\":2,\"name\":\"Loja\",\"item\":\"https:\/\/projetosddwb.com.br\/3dlab\/loja\/\"},{\"@type\":\"ListItem\",\"position\":3,\"name\":\"IMPRESSORA 3D CR-3040 Pro\"}]},{\"@type\":\"WebSite\",\"@id\":\"https:\/\/projetosddwb.com.br\/3dlab\/#website\",\"url\":\"https:\/\/projetosddwb.com.br\/3dlab\/\",\"name\":\"3D Lab\",\"description\":\"\",\"publisher\":{\"@id\":\"https:\/\/projetosddwb.com.br\/3dlab\/#organization\"},\"potentialAction\":[{\"@type\":\"SearchAction\",\"target\":{\"@type\":\"EntryPoint\",\"urlTemplate\":\"https:\/\/projetosddwb.com.br\/3dlab\/?s={search_term_string}\"},\"query-input\":{\"@type\":\"PropertyValueSpecification\",\"valueRequired\":true,\"valueName\":\"search_term_string\"}}],\"inLanguage\":\"pt-BR\"},{\"@type\":\"Organization\",\"@id\":\"https:\/\/projetosddwb.com.br\/3dlab\/#organization\",\"name\":\"3D Lab\",\"url\":\"https:\/\/projetosddwb.com.br\/3dlab\/\",\"logo\":{\"@type\":\"ImageObject\",\"inLanguage\":\"pt-BR\",\"@id\":\"https:\/\/projetosddwb.com.br\/3dlab\/#\/schema\/logo\/image\/\",\"url\":\"https:\/\/projetosddwb.com.br\/3dlab\/wp-content\/uploads\/2025\/04\/cropped-cropped-3D_HORI_ORIGINAL-1.png\",\"contentUrl\":\"https:\/\/projetosddwb.com.br\/3dlab\/wp-content\/uploads\/2025\/04\/cropped-cropped-3D_HORI_ORIGINAL-1.png\",\"width\":597,\"height\":196,\"caption\":\"3D Lab\"},\"image\":{\"@id\":\"https:\/\/projetosddwb.com.br\/3dlab\/#\/schema\/logo\/image\/\"},\"sameAs\":[\"https:\/\/www.facebook.com\/3dlabbrasil\/?locale=pt_BR\",\"https:\/\/www.instagram.com\/3dlab_brasil\/\"]}]}<\/script>\n<!-- \/ Yoast SEO plugin. -->","yoast_head_json":{"title":"IMPRESSORA 3D CR-3040 Pro - 3D Lab","robots":{"index":"index","follow":"follow","max-snippet":"max-snippet:-1","max-image-preview":"max-image-preview:large","max-video-preview":"max-video-preview:-1"},"canonical":"https:\/\/projetosddwb.com.br\/3dlab\/product\/impressora-3d-cr-3040-pro\/","og_locale":"pt_BR","og_type":"article","og_title":"IMPRESSORA 3D CR-3040 Pro - 3D Lab","og_description":"A impressora 3D CR-3040 Pro \u00e9 uma m\u00e1quina de n\u00edvel industrial, constru\u00edda para cria\u00e7\u00e3o de projetos de alta defini\u00e7\u00e3o, complexidade e que precisam de alta qualidade com precis\u00e3o dimensional. A&hellip;","og_url":"https:\/\/projetosddwb.com.br\/3dlab\/product\/impressora-3d-cr-3040-pro\/","og_site_name":"3D Lab","article_publisher":"https:\/\/www.facebook.com\/3dlabbrasil\/?locale=pt_BR","og_image":[{"url":"https:\/\/3dlab.com.br\/wp-content\/uploads\/2023\/02\/1-5.png","type":"","width":"","height":""}],"twitter_card":"summary_large_image","twitter_misc":{"Est. tempo de leitura":"2 minutos"},"schema":{"@context":"https:\/\/schema.org","@graph":[{"@type":"WebPage","@id":"https:\/\/projetosddwb.com.br\/3dlab\/product\/impressora-3d-cr-3040-pro\/","url":"https:\/\/projetosddwb.com.br\/3dlab\/product\/impressora-3d-cr-3040-pro\/","name":"IMPRESSORA 3D CR-3040 Pro - 3D Lab","isPartOf":{"@id":"https:\/\/projetosddwb.com.br\/3dlab\/#website"},"primaryImageOfPage":{"@id":"https:\/\/projetosddwb.com.br\/3dlab\/product\/impressora-3d-cr-3040-pro\/#primaryimage"},"image":{"@id":"https:\/\/projetosddwb.com.br\/3dlab\/product\/impressora-3d-cr-3040-pro\/#primaryimage"},"thumbnailUrl":"","datePublished":"2024-04-18T16:07:03+00:00","breadcrumb":{"@id":"https:\/\/projetosddwb.com.br\/3dlab\/product\/impressora-3d-cr-3040-pro\/#breadcrumb"},"inLanguage":"pt-BR","potentialAction":[{"@type":"ReadAction","target":["https:\/\/projetosddwb.com.br\/3dlab\/product\/impressora-3d-cr-3040-pro\/"]}]},{"@type":"ImageObject","inLanguage":"pt-BR","@id":"https:\/\/projetosddwb.com.br\/3dlab\/product\/impressora-3d-cr-3040-pro\/#primaryimage","url":"","contentUrl":""},{"@type":"BreadcrumbList","@id":"https:\/\/projetosddwb.com.br\/3dlab\/product\/impressora-3d-cr-3040-pro\/#breadcrumb","itemListElement":[{"@type":"ListItem","position":1,"name":"In\u00edcio","item":"https:\/\/projetosddwb.com.br\/3dlab\/"},{"@type":"ListItem","position":2,"name":"Loja","item":"https:\/\/projetosddwb.com.br\/3dlab\/loja\/"},{"@type":"ListItem","position":3,"name":"IMPRESSORA 3D CR-3040 Pro"}]},{"@type":"WebSite","@id":"https:\/\/projetosddwb.com.br\/3dlab\/#website","url":"https:\/\/projetosddwb.com.br\/3dlab\/","name":"3D Lab","description":"","publisher":{"@id":"https:\/\/projetosddwb.com.br\/3dlab\/#organization"},"potentialAction":[{"@type":"SearchAction","target":{"@type":"EntryPoint","urlTemplate":"https:\/\/projetosddwb.com.br\/3dlab\/?s={search_term_string}"},"query-input":{"@type":"PropertyValueSpecification","valueRequired":true,"valueName":"search_term_string"}}],"inLanguage":"pt-BR"},{"@type":"Organization","@id":"https:\/\/projetosddwb.com.br\/3dlab\/#organization","name":"3D Lab","url":"https:\/\/projetosddwb.com.br\/3dlab\/","logo":{"@type":"ImageObject","inLanguage":"pt-BR","@id":"https:\/\/projetosddwb.com.br\/3dlab\/#\/schema\/logo\/image\/","url":"https:\/\/projetosddwb.com.br\/3dlab\/wp-content\/uploads\/2025\/04\/cropped-cropped-3D_HORI_ORIGINAL-1.png","contentUrl":"https:\/\/projetosddwb.com.br\/3dlab\/wp-content\/uploads\/2025\/04\/cropped-cropped-3D_HORI_ORIGINAL-1.png","width":597,"height":196,"caption":"3D Lab"},"image":{"@id":"https:\/\/projetosddwb.com.br\/3dlab\/#\/schema\/logo\/image\/"},"sameAs":["https:\/\/www.facebook.com\/3dlabbrasil\/?locale=pt_BR","https:\/\/www.instagram.com\/3dlab_brasil\/"]}]}},"_links":{"self":[{"href":"https:\/\/projetosddwb.com.br\/3dlab\/wp-json\/wp\/v2\/product\/1681","targetHints":{"allow":["GET"]}}],"collection":[{"href":"https:\/\/projetosddwb.com.br\/3dlab\/wp-json\/wp\/v2\/product"}],"about":[{"href":"https:\/\/projetosddwb.com.br\/3dlab\/wp-json\/wp\/v2\/types\/product"}],"replies":[{"embeddable":true,"href":"https:\/\/projetosddwb.com.br\/3dlab\/wp-json\/wp\/v2\/comments?post=1681"}],"wp:featuredmedia":[{"embeddable":true,"href":"https:\/\/projetosddwb.com.br\/3dlab\/wp-json\/"}],"wp:attachment":[{"href":"https:\/\/projetosddwb.com.br\/3dlab\/wp-json\/wp\/v2\/media?parent=1681"}],"wp:term":[{"taxonomy":"product_brand","embeddable":true,"href":"https:\/\/projetosddwb.com.br\/3dlab\/wp-json\/wp\/v2\/product_brand?post=1681"},{"taxonomy":"product_cat","embeddable":true,"href":"https:\/\/projetosddwb.com.br\/3dlab\/wp-json\/wp\/v2\/product_cat?post=1681"},{"taxonomy":"product_tag","embeddable":true,"href":"https:\/\/projetosddwb.com.br\/3dlab\/wp-json\/wp\/v2\/product_tag?post=1681"}],"curies":[{"name":"wp","href":"https:\/\/api.w.org\/{rel}","templated":true}]}}