{"id":1700,"date":"2024-04-18T13:07:51","date_gmt":"2024-04-18T16:07:51","guid":{"rendered":"https:\/\/projetosddwb.com.br\/3dlab\/?post_type=product&amp;p=1700"},"modified":"2024-04-18T13:07:51","modified_gmt":"2024-04-18T16:07:51","slug":"impressora-3d-ender-5-s1","status":"publish","type":"product","link":"https:\/\/projetosddwb.com.br\/3dlab\/product\/impressora-3d-ender-5-s1\/","title":{"rendered":"Impressora 3D Ender 5 S1"},"content":{"rendered":"<h1>Impressora 3D Ender 5 S1<\/h1>\n<p>Com a impressora 3D Ender-5 S1 voc\u00ea produz muito mais!<\/p>\n<p style=\"font-weight: 400;\">A m\u00e1quina possui estrutura robusta para oferecer maios estabilidade, al\u00e9m de possuir facilidade para manter fechada (para quem utiliza materiais como ABS e Nylon). Sua \u00e1rea de impress\u00e3o \u00e9 de 220 x 220 x 280 mm e montagem facilitada.<\/p>\n<p style=\"font-weight: 400;\">Sua nova estrutura e motor de alto torque permite acelera\u00e7\u00e3o de 2000 mm\/s e velocidade de impress\u00e3o de at\u00e9 250 mm\/s.<\/p>\n<p style=\"font-weight: 400;\">Ela consegue trabalhar com temperatura de bico de at\u00e9 300 \u00baC e traz um dissipador de calor de 2,5 vezes a \u00e1rea de superf\u00edcie que resfria rapidamente com um silencioso ventilador de fluxo axial.<\/p>\n<p>Dispondo de um bloco de calor em liga de tit\u00e2nio com baixa condutividade t\u00e9rmica para bloquear a transfer\u00eancia de calor, a Ender-5 S1 \u00e9 capaz de trabalhar em at\u00e9 300 \u00baC. Al\u00e9m disso, traz um dissipador de calor corrugado 2,5 vezes a \u00e1rea de superf\u00edcie que resfria rapidamente com um silencioso ventilador de fluxo axial. Por fim, traz uma Maior C\u00e2mara de fus\u00e3o de 50 mm\u00b3 rodeada por um grande bloco aquecedor de 4000 m\u00b3, derrentendo totalmente o filamento para uma alimenta\u00e7\u00e3o constante, sendo poss\u00edvel 1000 horas de alimenta\u00e7\u00e3o sem obstru\u00e7\u00f5es.<\/p>\n<p>Possui nivelamento autom\u00e1tico via CR Touch e nivelamento auxiliar.<\/p>\n<h2>Especifica\u00e7\u00f5es t\u00e9cnicas da Ender 5 S1:<\/h2>\n<div><strong>Descri\u00e7\u00e3o: <\/strong>Equipada para sustentar maiores velocidades e em maiores temperaturas. Confira a Ender 5 S1.<\/div>\n<div><strong>Tecnologia de Moldagem:\u00a0<\/strong>FDM<\/div>\n<div><strong>\u00c1rea de impress\u00e3o:\u00a0<\/strong>220 x 220 x 300 mm<\/div>\n<div><strong>Espessura de camada:\u00a0<\/strong>0,05\u00a0&#8211; 0,35\u00a0mm<\/div>\n<div><strong>Di\u00e2metro do bico:\u00a0<\/strong>0,4\u00a0mm padr\u00e3o (compat\u00edvel com outros di\u00e2metros)<\/div>\n<div><strong>M\u00e9todo de extrus\u00e3o:\u00a0<\/strong>Extrusora Direta &#8220;Sprite&#8221; com dupla engrenagem<\/div>\n<div><strong>Di\u00e2metro do filamento:\u00a0<\/strong>1,75 mm<\/div>\n<div><strong>Temperatura M\u00e1xima de extrus\u00e3o:<\/strong>\u00a0300 \u00b0C<\/div>\n<div><strong>Filamentos suportados:\u00a0<\/strong>PLA \/ ABS \/ PET-G \/ TPU \/ HIPS \/ Wood \/ outros<\/div>\n<div><strong>Mesa<\/strong><strong>:\u00a0<\/strong>Plataforma a\u00e7o mola PC<\/div>\n<div><strong>Temperatura M\u00e1xima da mesa:<\/strong>\u00a0110 \u00b0C<\/div>\n<div><strong>Nivelamento:\u00a0<\/strong>Autom\u00e1tico CR Touch<\/div>\n<div><strong>Precis\u00e3o de impress\u00e3o:\u00a0<\/strong>\u00b1 0,1\u00a0mm<\/div>\n<div><strong>Velocidade m\u00e1xima de impress\u00e3o:\u00a0<\/strong>250 mm\/s (velocidade t\u00edpica para impress\u00e3o: 120 mm\/s)<\/div>\n<div><strong>Formato de arquivo:\u00a0<\/strong>STL \/ OBJ \/ AMF<\/div>\n<div><strong>Programas para fatiamento:\u00a0<\/strong>Cura \/ Repetier-Host \/ Simplify 3D \/ Creality Slicer<\/div>\n<div><strong>Transfer\u00eancia de arquivo:\u00a0<\/strong>USB-C \/ Cart\u00e3o SD<\/div>\n<div><strong>Peso da m\u00e1quina:\u00a0<\/strong>12.1\u00a0kg<\/div>\n<div><strong>Tamanho da m\u00e1quina:<\/strong>\u00a0425\u00a0x 460\u00a0x 570\u00a0mm<\/div>\n<div><strong>Fonte de alimenta\u00e7\u00e3o:<\/strong>\u00a0100 &#8211; 240 V \/\u00a0 50 &#8211; 60HZ (bivolt)<\/div>\n<div><strong>Pot\u00eancia nominal:<\/strong>\u00a0350 W<\/div>\n<div><\/div>\n<p style=\"font-weight: 400;\">Confira um pouco mais sobre essa novidade abaixo!<\/p>\n<p><img fetchpriority=\"high\" decoding=\"async\" class=\"alignnone wp-image-133891 size-full\" src=\"https:\/\/3dlab.com.br\/wp-content\/uploads\/2022\/12\/11.png\" alt=\"Ender 5 S1\" width=\"2000\" height=\"850\" \/><\/p>\n<p><img decoding=\"async\" class=\"alignnone wp-image-133892 size-full\" src=\"https:\/\/3dlab.com.br\/wp-content\/uploads\/2022\/12\/22.png\" alt=\"Ender 5 S1\" width=\"2000\" height=\"850\" \/><\/p>\n<p><img decoding=\"async\" class=\"alignnone wp-image-133893 size-full\" src=\"https:\/\/3dlab.com.br\/wp-content\/uploads\/2022\/12\/32.png\" alt=\"\" width=\"2000\" height=\"850\" \/><img loading=\"lazy\" decoding=\"async\" class=\"alignnone wp-image-133894 size-full\" src=\"https:\/\/3dlab.com.br\/wp-content\/uploads\/2022\/12\/42.png\" alt=\"\" width=\"2000\" height=\"850\" \/><img loading=\"lazy\" decoding=\"async\" class=\"alignnone wp-image-133895 size-full\" src=\"https:\/\/3dlab.com.br\/wp-content\/uploads\/2022\/12\/51.png\" alt=\"\" width=\"2000\" height=\"850\" \/><img loading=\"lazy\" decoding=\"async\" class=\"alignnone wp-image-133896 size-full\" src=\"https:\/\/3dlab.com.br\/wp-content\/uploads\/2022\/12\/61.png\" alt=\"Ender 5 s1\" width=\"2000\" height=\"850\" \/><img loading=\"lazy\" decoding=\"async\" class=\"alignnone wp-image-133897 size-full\" src=\"https:\/\/3dlab.com.br\/wp-content\/uploads\/2022\/12\/71.png\" alt=\"Ender 5 s1\" width=\"2000\" height=\"850\" \/><img loading=\"lazy\" decoding=\"async\" class=\"alignnone wp-image-133898 size-full\" src=\"https:\/\/3dlab.com.br\/wp-content\/uploads\/2022\/12\/81.png\" alt=\"\" width=\"2000\" height=\"850\" \/><img loading=\"lazy\" decoding=\"async\" class=\"alignnone wp-image-133899 size-full\" src=\"https:\/\/3dlab.com.br\/wp-content\/uploads\/2022\/12\/91.png\" alt=\"Ender 5 s1\" width=\"2000\" height=\"850\" \/><img loading=\"lazy\" decoding=\"async\" class=\"alignnone wp-image-133900 size-full\" src=\"https:\/\/3dlab.com.br\/wp-content\/uploads\/2022\/12\/10.png\" alt=\"Ender 5 s1\" width=\"2000\" height=\"850\" \/><img loading=\"lazy\" decoding=\"async\" class=\"alignnone wp-image-133901 size-full\" src=\"https:\/\/3dlab.com.br\/wp-content\/uploads\/2022\/12\/11-1.png\" alt=\"\" width=\"2000\" height=\"850\" \/><img loading=\"lazy\" decoding=\"async\" class=\"alignnone wp-image-133902 size-full\" src=\"https:\/\/3dlab.com.br\/wp-content\/uploads\/2022\/12\/12.png\" alt=\"Ender 5 s1\" width=\"2000\" height=\"850\" \/><\/p>\n<p>&nbsp;<\/p>\n<p style=\"font-weight: 400;\">\n","protected":false},"excerpt":{"rendered":"<p>Impressora 3D Ender 5 S1 Com a impressora 3D Ender-5 S1 voc\u00ea produz muito mais! A m\u00e1quina possui estrutura robusta para oferecer maios estabilidade, al\u00e9m de possuir facilidade para manter&hellip;<\/p>\n","protected":false},"featured_media":1710,"comment_status":"open","ping_status":"closed","template":"","meta":[],"product_brand":[],"product_cat":[308],"product_tag":[287,452,616,617],"class_list":{"0":"post-1700","1":"product","2":"type-product","3":"status-publish","4":"has-post-thumbnail","6":"product_cat-impressoras-e-filamentos","7":"product_tag-ender-5","8":"product_tag-ender-5-plus","9":"product_tag-ender-5-s1","10":"product_tag-ender5s1","11":"product_shipping_class-impressoras-c-frete","13":"first","14":"instock","15":"sale","16":"shipping-taxable","17":"purchasable","18":"product-type-simple"},"yoast_head":"<!-- This site is optimized with the Yoast SEO plugin v24.8.1 - https:\/\/yoast.com\/wordpress\/plugins\/seo\/ -->\n<title>Impressora 3D Ender 5 S1 - 3D Lab<\/title>\n<meta name=\"robots\" content=\"index, follow, max-snippet:-1, max-image-preview:large, max-video-preview:-1\" \/>\n<link rel=\"canonical\" href=\"https:\/\/projetosddwb.com.br\/3dlab\/product\/impressora-3d-ender-5-s1\/\" \/>\n<meta property=\"og:locale\" content=\"pt_BR\" \/>\n<meta property=\"og:type\" content=\"article\" \/>\n<meta property=\"og:title\" content=\"Impressora 3D Ender 5 S1 - 3D Lab\" \/>\n<meta property=\"og:description\" content=\"Impressora 3D Ender 5 S1 Com a impressora 3D Ender-5 S1 voc\u00ea produz muito mais! A m\u00e1quina possui estrutura robusta para oferecer maios estabilidade, al\u00e9m de possuir facilidade para manter&hellip;\" \/>\n<meta property=\"og:url\" content=\"https:\/\/projetosddwb.com.br\/3dlab\/product\/impressora-3d-ender-5-s1\/\" \/>\n<meta property=\"og:site_name\" content=\"3D Lab\" \/>\n<meta property=\"article:publisher\" content=\"https:\/\/www.facebook.com\/3dlabbrasil\/?locale=pt_BR\" \/>\n<meta property=\"og:image\" content=\"https:\/\/3dlab.com.br\/wp-content\/uploads\/2022\/12\/11.png\" \/>\n<meta name=\"twitter:card\" content=\"summary_large_image\" \/>\n<meta name=\"twitter:label1\" content=\"Est. tempo de leitura\" \/>\n\t<meta name=\"twitter:data1\" content=\"2 minutos\" \/>\n<script type=\"application\/ld+json\" class=\"yoast-schema-graph\">{\"@context\":\"https:\/\/schema.org\",\"@graph\":[{\"@type\":\"WebPage\",\"@id\":\"https:\/\/projetosddwb.com.br\/3dlab\/product\/impressora-3d-ender-5-s1\/\",\"url\":\"https:\/\/projetosddwb.com.br\/3dlab\/product\/impressora-3d-ender-5-s1\/\",\"name\":\"Impressora 3D Ender 5 S1 - 3D Lab\",\"isPartOf\":{\"@id\":\"https:\/\/projetosddwb.com.br\/3dlab\/#website\"},\"primaryImageOfPage\":{\"@id\":\"https:\/\/projetosddwb.com.br\/3dlab\/product\/impressora-3d-ender-5-s1\/#primaryimage\"},\"image\":{\"@id\":\"https:\/\/projetosddwb.com.br\/3dlab\/product\/impressora-3d-ender-5-s1\/#primaryimage\"},\"thumbnailUrl\":\"\",\"datePublished\":\"2024-04-18T16:07:51+00:00\",\"breadcrumb\":{\"@id\":\"https:\/\/projetosddwb.com.br\/3dlab\/product\/impressora-3d-ender-5-s1\/#breadcrumb\"},\"inLanguage\":\"pt-BR\",\"potentialAction\":[{\"@type\":\"ReadAction\",\"target\":[\"https:\/\/projetosddwb.com.br\/3dlab\/product\/impressora-3d-ender-5-s1\/\"]}]},{\"@type\":\"ImageObject\",\"inLanguage\":\"pt-BR\",\"@id\":\"https:\/\/projetosddwb.com.br\/3dlab\/product\/impressora-3d-ender-5-s1\/#primaryimage\",\"url\":\"\",\"contentUrl\":\"\"},{\"@type\":\"BreadcrumbList\",\"@id\":\"https:\/\/projetosddwb.com.br\/3dlab\/product\/impressora-3d-ender-5-s1\/#breadcrumb\",\"itemListElement\":[{\"@type\":\"ListItem\",\"position\":1,\"name\":\"In\u00edcio\",\"item\":\"https:\/\/projetosddwb.com.br\/3dlab\/\"},{\"@type\":\"ListItem\",\"position\":2,\"name\":\"Loja\",\"item\":\"https:\/\/projetosddwb.com.br\/3dlab\/loja\/\"},{\"@type\":\"ListItem\",\"position\":3,\"name\":\"Impressora 3D Ender 5 S1\"}]},{\"@type\":\"WebSite\",\"@id\":\"https:\/\/projetosddwb.com.br\/3dlab\/#website\",\"url\":\"https:\/\/projetosddwb.com.br\/3dlab\/\",\"name\":\"3D Lab\",\"description\":\"\",\"publisher\":{\"@id\":\"https:\/\/projetosddwb.com.br\/3dlab\/#organization\"},\"potentialAction\":[{\"@type\":\"SearchAction\",\"target\":{\"@type\":\"EntryPoint\",\"urlTemplate\":\"https:\/\/projetosddwb.com.br\/3dlab\/?s={search_term_string}\"},\"query-input\":{\"@type\":\"PropertyValueSpecification\",\"valueRequired\":true,\"valueName\":\"search_term_string\"}}],\"inLanguage\":\"pt-BR\"},{\"@type\":\"Organization\",\"@id\":\"https:\/\/projetosddwb.com.br\/3dlab\/#organization\",\"name\":\"3D Lab\",\"url\":\"https:\/\/projetosddwb.com.br\/3dlab\/\",\"logo\":{\"@type\":\"ImageObject\",\"inLanguage\":\"pt-BR\",\"@id\":\"https:\/\/projetosddwb.com.br\/3dlab\/#\/schema\/logo\/image\/\",\"url\":\"https:\/\/projetosddwb.com.br\/3dlab\/wp-content\/uploads\/2025\/04\/cropped-cropped-3D_HORI_ORIGINAL-1.png\",\"contentUrl\":\"https:\/\/projetosddwb.com.br\/3dlab\/wp-content\/uploads\/2025\/04\/cropped-cropped-3D_HORI_ORIGINAL-1.png\",\"width\":597,\"height\":196,\"caption\":\"3D Lab\"},\"image\":{\"@id\":\"https:\/\/projetosddwb.com.br\/3dlab\/#\/schema\/logo\/image\/\"},\"sameAs\":[\"https:\/\/www.facebook.com\/3dlabbrasil\/?locale=pt_BR\",\"https:\/\/www.instagram.com\/3dlab_brasil\/\"]}]}<\/script>\n<!-- \/ Yoast SEO plugin. -->","yoast_head_json":{"title":"Impressora 3D Ender 5 S1 - 3D Lab","robots":{"index":"index","follow":"follow","max-snippet":"max-snippet:-1","max-image-preview":"max-image-preview:large","max-video-preview":"max-video-preview:-1"},"canonical":"https:\/\/projetosddwb.com.br\/3dlab\/product\/impressora-3d-ender-5-s1\/","og_locale":"pt_BR","og_type":"article","og_title":"Impressora 3D Ender 5 S1 - 3D Lab","og_description":"Impressora 3D Ender 5 S1 Com a impressora 3D Ender-5 S1 voc\u00ea produz muito mais! A m\u00e1quina possui estrutura robusta para oferecer maios estabilidade, al\u00e9m de possuir facilidade para manter&hellip;","og_url":"https:\/\/projetosddwb.com.br\/3dlab\/product\/impressora-3d-ender-5-s1\/","og_site_name":"3D Lab","article_publisher":"https:\/\/www.facebook.com\/3dlabbrasil\/?locale=pt_BR","og_image":[{"url":"https:\/\/3dlab.com.br\/wp-content\/uploads\/2022\/12\/11.png","type":"","width":"","height":""}],"twitter_card":"summary_large_image","twitter_misc":{"Est. tempo de leitura":"2 minutos"},"schema":{"@context":"https:\/\/schema.org","@graph":[{"@type":"WebPage","@id":"https:\/\/projetosddwb.com.br\/3dlab\/product\/impressora-3d-ender-5-s1\/","url":"https:\/\/projetosddwb.com.br\/3dlab\/product\/impressora-3d-ender-5-s1\/","name":"Impressora 3D Ender 5 S1 - 3D Lab","isPartOf":{"@id":"https:\/\/projetosddwb.com.br\/3dlab\/#website"},"primaryImageOfPage":{"@id":"https:\/\/projetosddwb.com.br\/3dlab\/product\/impressora-3d-ender-5-s1\/#primaryimage"},"image":{"@id":"https:\/\/projetosddwb.com.br\/3dlab\/product\/impressora-3d-ender-5-s1\/#primaryimage"},"thumbnailUrl":"","datePublished":"2024-04-18T16:07:51+00:00","breadcrumb":{"@id":"https:\/\/projetosddwb.com.br\/3dlab\/product\/impressora-3d-ender-5-s1\/#breadcrumb"},"inLanguage":"pt-BR","potentialAction":[{"@type":"ReadAction","target":["https:\/\/projetosddwb.com.br\/3dlab\/product\/impressora-3d-ender-5-s1\/"]}]},{"@type":"ImageObject","inLanguage":"pt-BR","@id":"https:\/\/projetosddwb.com.br\/3dlab\/product\/impressora-3d-ender-5-s1\/#primaryimage","url":"","contentUrl":""},{"@type":"BreadcrumbList","@id":"https:\/\/projetosddwb.com.br\/3dlab\/product\/impressora-3d-ender-5-s1\/#breadcrumb","itemListElement":[{"@type":"ListItem","position":1,"name":"In\u00edcio","item":"https:\/\/projetosddwb.com.br\/3dlab\/"},{"@type":"ListItem","position":2,"name":"Loja","item":"https:\/\/projetosddwb.com.br\/3dlab\/loja\/"},{"@type":"ListItem","position":3,"name":"Impressora 3D Ender 5 S1"}]},{"@type":"WebSite","@id":"https:\/\/projetosddwb.com.br\/3dlab\/#website","url":"https:\/\/projetosddwb.com.br\/3dlab\/","name":"3D Lab","description":"","publisher":{"@id":"https:\/\/projetosddwb.com.br\/3dlab\/#organization"},"potentialAction":[{"@type":"SearchAction","target":{"@type":"EntryPoint","urlTemplate":"https:\/\/projetosddwb.com.br\/3dlab\/?s={search_term_string}"},"query-input":{"@type":"PropertyValueSpecification","valueRequired":true,"valueName":"search_term_string"}}],"inLanguage":"pt-BR"},{"@type":"Organization","@id":"https:\/\/projetosddwb.com.br\/3dlab\/#organization","name":"3D Lab","url":"https:\/\/projetosddwb.com.br\/3dlab\/","logo":{"@type":"ImageObject","inLanguage":"pt-BR","@id":"https:\/\/projetosddwb.com.br\/3dlab\/#\/schema\/logo\/image\/","url":"https:\/\/projetosddwb.com.br\/3dlab\/wp-content\/uploads\/2025\/04\/cropped-cropped-3D_HORI_ORIGINAL-1.png","contentUrl":"https:\/\/projetosddwb.com.br\/3dlab\/wp-content\/uploads\/2025\/04\/cropped-cropped-3D_HORI_ORIGINAL-1.png","width":597,"height":196,"caption":"3D Lab"},"image":{"@id":"https:\/\/projetosddwb.com.br\/3dlab\/#\/schema\/logo\/image\/"},"sameAs":["https:\/\/www.facebook.com\/3dlabbrasil\/?locale=pt_BR","https:\/\/www.instagram.com\/3dlab_brasil\/"]}]}},"_links":{"self":[{"href":"https:\/\/projetosddwb.com.br\/3dlab\/wp-json\/wp\/v2\/product\/1700","targetHints":{"allow":["GET"]}}],"collection":[{"href":"https:\/\/projetosddwb.com.br\/3dlab\/wp-json\/wp\/v2\/product"}],"about":[{"href":"https:\/\/projetosddwb.com.br\/3dlab\/wp-json\/wp\/v2\/types\/product"}],"replies":[{"embeddable":true,"href":"https:\/\/projetosddwb.com.br\/3dlab\/wp-json\/wp\/v2\/comments?post=1700"}],"wp:featuredmedia":[{"embeddable":true,"href":"https:\/\/projetosddwb.com.br\/3dlab\/wp-json\/"}],"wp:attachment":[{"href":"https:\/\/projetosddwb.com.br\/3dlab\/wp-json\/wp\/v2\/media?parent=1700"}],"wp:term":[{"taxonomy":"product_brand","embeddable":true,"href":"https:\/\/projetosddwb.com.br\/3dlab\/wp-json\/wp\/v2\/product_brand?post=1700"},{"taxonomy":"product_cat","embeddable":true,"href":"https:\/\/projetosddwb.com.br\/3dlab\/wp-json\/wp\/v2\/product_cat?post=1700"},{"taxonomy":"product_tag","embeddable":true,"href":"https:\/\/projetosddwb.com.br\/3dlab\/wp-json\/wp\/v2\/product_tag?post=1700"}],"curies":[{"name":"wp","href":"https:\/\/api.w.org\/{rel}","templated":true}]}}