{"id":1701,"date":"2024-04-18T13:07:51","date_gmt":"2024-04-18T16:07:51","guid":{"rendered":"https:\/\/projetosddwb.com.br\/3dlab\/?post_type=product&amp;p=1701"},"modified":"2024-04-18T13:07:51","modified_gmt":"2024-04-18T16:07:51","slug":"impressora-3d-cr-m4-pronta-entrega","status":"publish","type":"product","link":"https:\/\/projetosddwb.com.br\/3dlab\/product\/impressora-3d-cr-m4-pronta-entrega\/","title":{"rendered":"IMPRESSORA 3D CR-M4 &#8211; PRONTA-ENTREGA"},"content":{"rendered":"<h2>Impressora 3D CR-M4 imprima por v\u00e1rias horas e com grande volume de impress\u00e3o! &#8211; PRONTA-ENTREGA<\/h2>\n<p>A impressora 3D CR-M4 \u00e9 robusta e veloz para sustentar grandes projetos!<\/p>\n<ul>\n<li style=\"font-weight: 400;\">A m\u00e1quina de entrada para o universo industrial<\/li>\n<li>Maior volume de impress\u00e3o por menor pre\u00e7o<\/li>\n<li style=\"font-weight: 400;\">Trilhos lineares de eixo Y duplos precisos e confi\u00e1veis<\/li>\n<li style=\"font-weight: 400;\">Conex\u00e3o simult\u00e2nea de m\u00e1quinas do modelo para cria\u00e7\u00e3o de Farm<\/li>\n<li style=\"font-weight: 400;\">Facilidade de impress\u00e3o<\/li>\n<li style=\"font-weight: 400;\">Capacidade de suporte para diversos tipos de filamentos<\/li>\n<li style=\"font-weight: 400;\">Nivelamento autom\u00e1tico com leitura em 25 pontos<\/li>\n<li style=\"font-weight: 400;\">Superf\u00edcie de PC flex\u00edvel e mesa de aquecimento r\u00e1pido<\/li>\n<li style=\"font-weight: 400;\">Menos oscila\u00e7\u00e3o com eixo Z r\u00edgido<\/li>\n<li>Alta pot\u00eancia<\/li>\n<\/ul>\n<h3>Especifica\u00e7\u00f5es:<\/h3>\n<p style=\"font-weight: 400;\">Tecnologia de impress\u00e3o: FDM<\/p>\n<p style=\"font-weight: 400;\">Volume de constru\u00e7\u00e3o: 450x450x470mm<\/p>\n<p style=\"font-weight: 400;\">Dimens\u00f5es do produto: 655x700x865mm<\/p>\n<p style=\"font-weight: 400;\">Peso L\u00edquido: 22,48KG<\/p>\n<p style=\"font-weight: 400;\">Peso Bruto: 28,3KG<\/p>\n<p style=\"font-weight: 400;\">Velocidade de impress\u00e3o: \u2264120mm\/s<\/p>\n<p style=\"font-weight: 400;\">Precis\u00e3o de impress\u00e3o: \u00b10,1 mm<\/p>\n<p style=\"font-weight: 400;\">Altura da camada: 0,05-0,35 mm<\/p>\n<p style=\"font-weight: 400;\">Tipo de Extrusora: Extrusora de acionamento direto de engrenagem dupla &#8220;Sprite&#8221;<\/p>\n<p style=\"font-weight: 400;\">Material da Extrusora: Todo em metal<\/p>\n<p style=\"font-weight: 400;\">Di\u00e2metro do filamento: 1,75 mm<\/p>\n<p style=\"font-weight: 400;\">Contagem do eixo Z: 2<\/p>\n<p style=\"font-weight: 400;\">Tipo de bocal: bocal de lat\u00e3o<\/p>\n<p style=\"font-weight: 400;\">Di\u00e2metro do bocal: padr\u00e3o 0,4 mm (compat\u00edvel com 0,6\/0,8 mm)<\/p>\n<p style=\"font-weight: 400;\">Temperatura do bocal: \u2264300\u00b0C<\/p>\n<p style=\"font-weight: 400;\">Temperatura da mesa: \u2264100\u2103<\/p>\n<p style=\"font-weight: 400;\">Superf\u00edcie de constru\u00e7\u00e3o: chapa de a\u00e7o de mola PC<\/p>\n<p style=\"font-weight: 400;\">Tela de exibi\u00e7\u00e3o: tela de toque colorida de 4,3 polegadas<\/p>\n<p style=\"font-weight: 400;\">Placa-m\u00e3e: placa-m\u00e3e silenciosa integrada de 32 bits<\/p>\n<p style=\"font-weight: 400;\">Recupera\u00e7\u00e3o de perda de energia: Sim<\/p>\n<p style=\"font-weight: 400;\">Sensor de Exaust\u00e3o do Filamento: Sim<\/p>\n<p style=\"font-weight: 400;\">Controle de v\u00e1rias impressoras: Sim<\/p>\n<p style=\"font-weight: 400;\">Modo de espera: Sim<\/p>\n<p style=\"font-weight: 400;\">Tens\u00e3o nominal: 100-240V\uff0c50\/60Hz<\/p>\n<p style=\"font-weight: 400;\">Pot\u00eancia nominal: 800W<\/p>\n<p style=\"font-weight: 400;\">Software de corte: Creality Print, Creality Slicer, Cura<\/p>\n<p style=\"font-weight: 400;\">Formatos de arquivo: STL, OBJ, AMF<\/p>\n<p style=\"font-weight: 400;\">Filamentos suportados: PLA, PETG, TPU, ABS, PLA-Madeira, PA, PLA-CF<\/p>\n<p style=\"font-weight: 400;\">Idiomas da interface do usu\u00e1rio: ingl\u00eas, espanhol, alem\u00e3o, franc\u00eas, russo, portugu\u00eas, italiano, turco, chin\u00eas<\/p>\n<p><strong>PRONTA-ENTREGA<\/strong><\/p>\n<p><img fetchpriority=\"high\" decoding=\"async\" class=\"alignnone wp-image-134434 size-full\" src=\"https:\/\/3dlab.com.br\/wp-content\/uploads\/2022\/12\/crm4.png\" alt=\"Impressora 3D CR-M4\" width=\"1898\" height=\"695\" \/><img decoding=\"async\" class=\"alignnone wp-image-134446 size-full\" src=\"https:\/\/3dlab.com.br\/wp-content\/uploads\/2022\/12\/kldfjdkf.png\" alt=\"Impressora 3D CR-M4\" width=\"1904\" height=\"730\" \/><img decoding=\"async\" class=\"alignnone wp-image-134438 size-full\" src=\"https:\/\/3dlab.com.br\/wp-content\/uploads\/2022\/12\/ojgpcrjkegf.png\" alt=\"\" width=\"1901\" height=\"732\" \/><img loading=\"lazy\" decoding=\"async\" class=\"alignnone wp-image-134442 size-full\" src=\"https:\/\/3dlab.com.br\/wp-content\/uploads\/2022\/12\/fdcghlfmjglc.png\" alt=\"\" width=\"1901\" height=\"393\" \/>\u00a0<img loading=\"lazy\" decoding=\"async\" class=\"alignnone wp-image-134439 size-full\" src=\"https:\/\/3dlab.com.br\/wp-content\/uploads\/2022\/12\/dhglcrjdgck.png\" alt=\"\" width=\"1905\" height=\"677\" \/><img loading=\"lazy\" decoding=\"async\" class=\"alignnone wp-image-134436 size-full\" src=\"https:\/\/3dlab.com.br\/wp-content\/uploads\/2022\/12\/orjhgpcrkg\u00b4log.png\" alt=\"\" width=\"1900\" height=\"773\" \/> <img loading=\"lazy\" decoding=\"async\" class=\"alignnone wp-image-134437 size-full\" src=\"https:\/\/3dlab.com.br\/wp-content\/uploads\/2022\/12\/ehgjfmkl.png\" alt=\"\" width=\"1900\" height=\"703\" \/> \u00a0\u00a0<img loading=\"lazy\" decoding=\"async\" class=\"alignnone wp-image-134440 size-full\" src=\"https:\/\/3dlab.com.br\/wp-content\/uploads\/2022\/12\/ljglcfjmglcmkfg.png\" alt=\"\" width=\"1905\" height=\"699\" \/> <img loading=\"lazy\" decoding=\"async\" class=\"alignnone wp-image-134441 size-full\" src=\"https:\/\/3dlab.com.br\/wp-content\/uploads\/2022\/12\/jrgckrefgkf.png\" alt=\"Impressora 3D CR-M4\" width=\"1904\" height=\"699\" \/> \u00a0<img loading=\"lazy\" decoding=\"async\" class=\"alignnone wp-image-134443 size-full\" src=\"https:\/\/3dlab.com.br\/wp-content\/uploads\/2022\/12\/fdnglfjkglckfglc.png\" alt=\"Impressora 3D CR-M4\" width=\"1903\" height=\"714\" \/> <img loading=\"lazy\" decoding=\"async\" class=\"alignnone wp-image-134445 size-full\" src=\"https:\/\/3dlab.com.br\/wp-content\/uploads\/2022\/12\/krjgclfg.png\" alt=\"Impressora 3D CR-M4\" width=\"1904\" height=\"844\" \/><\/p>\n","protected":false},"excerpt":{"rendered":"<p>Impressora 3D CR-M4 imprima por v\u00e1rias horas e com grande volume de impress\u00e3o! &#8211; PRONTA-ENTREGA A impressora 3D CR-M4 \u00e9 robusta e veloz para sustentar grandes projetos! A m\u00e1quina de&hellip;<\/p>\n","protected":false},"featured_media":1714,"comment_status":"open","ping_status":"closed","template":"","meta":[],"product_brand":[],"product_cat":[306,302,453,280,612],"product_tag":[],"class_list":{"0":"post-1701","1":"product","2":"type-product","3":"status-publish","4":"has-post-thumbnail","6":"product_cat-creality","7":"product_cat-faixa-preta","8":"product_cat-impressora-3d-de-filamento","9":"product_cat-impressoras-3d","10":"product_cat-industrial","11":"product_shipping_class-impressoras-c-frete","13":"first","14":"outofstock","15":"sale","16":"shipping-taxable","17":"purchasable","18":"product-type-simple"},"yoast_head":"<!-- This site is optimized with the Yoast SEO plugin v24.8.1 - https:\/\/yoast.com\/wordpress\/plugins\/seo\/ -->\n<title>IMPRESSORA 3D CR-M4 - PRONTA-ENTREGA - 3D Lab<\/title>\n<meta name=\"robots\" content=\"index, follow, max-snippet:-1, max-image-preview:large, max-video-preview:-1\" \/>\n<link rel=\"canonical\" href=\"https:\/\/projetosddwb.com.br\/3dlab\/product\/impressora-3d-cr-m4-pronta-entrega\/\" \/>\n<meta property=\"og:locale\" content=\"pt_BR\" \/>\n<meta property=\"og:type\" content=\"article\" \/>\n<meta property=\"og:title\" content=\"IMPRESSORA 3D CR-M4 - PRONTA-ENTREGA - 3D Lab\" \/>\n<meta property=\"og:description\" content=\"Impressora 3D CR-M4 imprima por v\u00e1rias horas e com grande volume de impress\u00e3o! &#8211; PRONTA-ENTREGA A impressora 3D CR-M4 \u00e9 robusta e veloz para sustentar grandes projetos! A m\u00e1quina de&hellip;\" \/>\n<meta property=\"og:url\" content=\"https:\/\/projetosddwb.com.br\/3dlab\/product\/impressora-3d-cr-m4-pronta-entrega\/\" \/>\n<meta property=\"og:site_name\" content=\"3D Lab\" \/>\n<meta property=\"article:publisher\" content=\"https:\/\/www.facebook.com\/3dlabbrasil\/?locale=pt_BR\" \/>\n<meta property=\"og:image\" content=\"https:\/\/3dlab.com.br\/wp-content\/uploads\/2022\/12\/crm4.png\" \/>\n<meta name=\"twitter:card\" content=\"summary_large_image\" \/>\n<meta name=\"twitter:label1\" content=\"Est. tempo de leitura\" \/>\n\t<meta name=\"twitter:data1\" content=\"2 minutos\" \/>\n<script type=\"application\/ld+json\" class=\"yoast-schema-graph\">{\"@context\":\"https:\/\/schema.org\",\"@graph\":[{\"@type\":\"WebPage\",\"@id\":\"https:\/\/projetosddwb.com.br\/3dlab\/product\/impressora-3d-cr-m4-pronta-entrega\/\",\"url\":\"https:\/\/projetosddwb.com.br\/3dlab\/product\/impressora-3d-cr-m4-pronta-entrega\/\",\"name\":\"IMPRESSORA 3D CR-M4 - PRONTA-ENTREGA - 3D Lab\",\"isPartOf\":{\"@id\":\"https:\/\/projetosddwb.com.br\/3dlab\/#website\"},\"primaryImageOfPage\":{\"@id\":\"https:\/\/projetosddwb.com.br\/3dlab\/product\/impressora-3d-cr-m4-pronta-entrega\/#primaryimage\"},\"image\":{\"@id\":\"https:\/\/projetosddwb.com.br\/3dlab\/product\/impressora-3d-cr-m4-pronta-entrega\/#primaryimage\"},\"thumbnailUrl\":\"\",\"datePublished\":\"2024-04-18T16:07:51+00:00\",\"breadcrumb\":{\"@id\":\"https:\/\/projetosddwb.com.br\/3dlab\/product\/impressora-3d-cr-m4-pronta-entrega\/#breadcrumb\"},\"inLanguage\":\"pt-BR\",\"potentialAction\":[{\"@type\":\"ReadAction\",\"target\":[\"https:\/\/projetosddwb.com.br\/3dlab\/product\/impressora-3d-cr-m4-pronta-entrega\/\"]}]},{\"@type\":\"ImageObject\",\"inLanguage\":\"pt-BR\",\"@id\":\"https:\/\/projetosddwb.com.br\/3dlab\/product\/impressora-3d-cr-m4-pronta-entrega\/#primaryimage\",\"url\":\"\",\"contentUrl\":\"\"},{\"@type\":\"BreadcrumbList\",\"@id\":\"https:\/\/projetosddwb.com.br\/3dlab\/product\/impressora-3d-cr-m4-pronta-entrega\/#breadcrumb\",\"itemListElement\":[{\"@type\":\"ListItem\",\"position\":1,\"name\":\"In\u00edcio\",\"item\":\"https:\/\/projetosddwb.com.br\/3dlab\/\"},{\"@type\":\"ListItem\",\"position\":2,\"name\":\"Loja\",\"item\":\"https:\/\/projetosddwb.com.br\/3dlab\/loja\/\"},{\"@type\":\"ListItem\",\"position\":3,\"name\":\"IMPRESSORA 3D CR-M4 &#8211; PRONTA-ENTREGA\"}]},{\"@type\":\"WebSite\",\"@id\":\"https:\/\/projetosddwb.com.br\/3dlab\/#website\",\"url\":\"https:\/\/projetosddwb.com.br\/3dlab\/\",\"name\":\"3D Lab\",\"description\":\"\",\"publisher\":{\"@id\":\"https:\/\/projetosddwb.com.br\/3dlab\/#organization\"},\"potentialAction\":[{\"@type\":\"SearchAction\",\"target\":{\"@type\":\"EntryPoint\",\"urlTemplate\":\"https:\/\/projetosddwb.com.br\/3dlab\/?s={search_term_string}\"},\"query-input\":{\"@type\":\"PropertyValueSpecification\",\"valueRequired\":true,\"valueName\":\"search_term_string\"}}],\"inLanguage\":\"pt-BR\"},{\"@type\":\"Organization\",\"@id\":\"https:\/\/projetosddwb.com.br\/3dlab\/#organization\",\"name\":\"3D Lab\",\"url\":\"https:\/\/projetosddwb.com.br\/3dlab\/\",\"logo\":{\"@type\":\"ImageObject\",\"inLanguage\":\"pt-BR\",\"@id\":\"https:\/\/projetosddwb.com.br\/3dlab\/#\/schema\/logo\/image\/\",\"url\":\"https:\/\/projetosddwb.com.br\/3dlab\/wp-content\/uploads\/2025\/04\/cropped-cropped-3D_HORI_ORIGINAL-1.png\",\"contentUrl\":\"https:\/\/projetosddwb.com.br\/3dlab\/wp-content\/uploads\/2025\/04\/cropped-cropped-3D_HORI_ORIGINAL-1.png\",\"width\":597,\"height\":196,\"caption\":\"3D Lab\"},\"image\":{\"@id\":\"https:\/\/projetosddwb.com.br\/3dlab\/#\/schema\/logo\/image\/\"},\"sameAs\":[\"https:\/\/www.facebook.com\/3dlabbrasil\/?locale=pt_BR\",\"https:\/\/www.instagram.com\/3dlab_brasil\/\"]}]}<\/script>\n<!-- \/ Yoast SEO plugin. -->","yoast_head_json":{"title":"IMPRESSORA 3D CR-M4 - PRONTA-ENTREGA - 3D Lab","robots":{"index":"index","follow":"follow","max-snippet":"max-snippet:-1","max-image-preview":"max-image-preview:large","max-video-preview":"max-video-preview:-1"},"canonical":"https:\/\/projetosddwb.com.br\/3dlab\/product\/impressora-3d-cr-m4-pronta-entrega\/","og_locale":"pt_BR","og_type":"article","og_title":"IMPRESSORA 3D CR-M4 - PRONTA-ENTREGA - 3D Lab","og_description":"Impressora 3D CR-M4 imprima por v\u00e1rias horas e com grande volume de impress\u00e3o! &#8211; PRONTA-ENTREGA A impressora 3D CR-M4 \u00e9 robusta e veloz para sustentar grandes projetos! A m\u00e1quina de&hellip;","og_url":"https:\/\/projetosddwb.com.br\/3dlab\/product\/impressora-3d-cr-m4-pronta-entrega\/","og_site_name":"3D Lab","article_publisher":"https:\/\/www.facebook.com\/3dlabbrasil\/?locale=pt_BR","og_image":[{"url":"https:\/\/3dlab.com.br\/wp-content\/uploads\/2022\/12\/crm4.png","type":"","width":"","height":""}],"twitter_card":"summary_large_image","twitter_misc":{"Est. tempo de leitura":"2 minutos"},"schema":{"@context":"https:\/\/schema.org","@graph":[{"@type":"WebPage","@id":"https:\/\/projetosddwb.com.br\/3dlab\/product\/impressora-3d-cr-m4-pronta-entrega\/","url":"https:\/\/projetosddwb.com.br\/3dlab\/product\/impressora-3d-cr-m4-pronta-entrega\/","name":"IMPRESSORA 3D CR-M4 - PRONTA-ENTREGA - 3D Lab","isPartOf":{"@id":"https:\/\/projetosddwb.com.br\/3dlab\/#website"},"primaryImageOfPage":{"@id":"https:\/\/projetosddwb.com.br\/3dlab\/product\/impressora-3d-cr-m4-pronta-entrega\/#primaryimage"},"image":{"@id":"https:\/\/projetosddwb.com.br\/3dlab\/product\/impressora-3d-cr-m4-pronta-entrega\/#primaryimage"},"thumbnailUrl":"","datePublished":"2024-04-18T16:07:51+00:00","breadcrumb":{"@id":"https:\/\/projetosddwb.com.br\/3dlab\/product\/impressora-3d-cr-m4-pronta-entrega\/#breadcrumb"},"inLanguage":"pt-BR","potentialAction":[{"@type":"ReadAction","target":["https:\/\/projetosddwb.com.br\/3dlab\/product\/impressora-3d-cr-m4-pronta-entrega\/"]}]},{"@type":"ImageObject","inLanguage":"pt-BR","@id":"https:\/\/projetosddwb.com.br\/3dlab\/product\/impressora-3d-cr-m4-pronta-entrega\/#primaryimage","url":"","contentUrl":""},{"@type":"BreadcrumbList","@id":"https:\/\/projetosddwb.com.br\/3dlab\/product\/impressora-3d-cr-m4-pronta-entrega\/#breadcrumb","itemListElement":[{"@type":"ListItem","position":1,"name":"In\u00edcio","item":"https:\/\/projetosddwb.com.br\/3dlab\/"},{"@type":"ListItem","position":2,"name":"Loja","item":"https:\/\/projetosddwb.com.br\/3dlab\/loja\/"},{"@type":"ListItem","position":3,"name":"IMPRESSORA 3D CR-M4 &#8211; PRONTA-ENTREGA"}]},{"@type":"WebSite","@id":"https:\/\/projetosddwb.com.br\/3dlab\/#website","url":"https:\/\/projetosddwb.com.br\/3dlab\/","name":"3D Lab","description":"","publisher":{"@id":"https:\/\/projetosddwb.com.br\/3dlab\/#organization"},"potentialAction":[{"@type":"SearchAction","target":{"@type":"EntryPoint","urlTemplate":"https:\/\/projetosddwb.com.br\/3dlab\/?s={search_term_string}"},"query-input":{"@type":"PropertyValueSpecification","valueRequired":true,"valueName":"search_term_string"}}],"inLanguage":"pt-BR"},{"@type":"Organization","@id":"https:\/\/projetosddwb.com.br\/3dlab\/#organization","name":"3D Lab","url":"https:\/\/projetosddwb.com.br\/3dlab\/","logo":{"@type":"ImageObject","inLanguage":"pt-BR","@id":"https:\/\/projetosddwb.com.br\/3dlab\/#\/schema\/logo\/image\/","url":"https:\/\/projetosddwb.com.br\/3dlab\/wp-content\/uploads\/2025\/04\/cropped-cropped-3D_HORI_ORIGINAL-1.png","contentUrl":"https:\/\/projetosddwb.com.br\/3dlab\/wp-content\/uploads\/2025\/04\/cropped-cropped-3D_HORI_ORIGINAL-1.png","width":597,"height":196,"caption":"3D Lab"},"image":{"@id":"https:\/\/projetosddwb.com.br\/3dlab\/#\/schema\/logo\/image\/"},"sameAs":["https:\/\/www.facebook.com\/3dlabbrasil\/?locale=pt_BR","https:\/\/www.instagram.com\/3dlab_brasil\/"]}]}},"_links":{"self":[{"href":"https:\/\/projetosddwb.com.br\/3dlab\/wp-json\/wp\/v2\/product\/1701","targetHints":{"allow":["GET"]}}],"collection":[{"href":"https:\/\/projetosddwb.com.br\/3dlab\/wp-json\/wp\/v2\/product"}],"about":[{"href":"https:\/\/projetosddwb.com.br\/3dlab\/wp-json\/wp\/v2\/types\/product"}],"replies":[{"embeddable":true,"href":"https:\/\/projetosddwb.com.br\/3dlab\/wp-json\/wp\/v2\/comments?post=1701"}],"wp:featuredmedia":[{"embeddable":true,"href":"https:\/\/projetosddwb.com.br\/3dlab\/wp-json\/"}],"wp:attachment":[{"href":"https:\/\/projetosddwb.com.br\/3dlab\/wp-json\/wp\/v2\/media?parent=1701"}],"wp:term":[{"taxonomy":"product_brand","embeddable":true,"href":"https:\/\/projetosddwb.com.br\/3dlab\/wp-json\/wp\/v2\/product_brand?post=1701"},{"taxonomy":"product_cat","embeddable":true,"href":"https:\/\/projetosddwb.com.br\/3dlab\/wp-json\/wp\/v2\/product_cat?post=1701"},{"taxonomy":"product_tag","embeddable":true,"href":"https:\/\/projetosddwb.com.br\/3dlab\/wp-json\/wp\/v2\/product_tag?post=1701"}],"curies":[{"name":"wp","href":"https:\/\/api.w.org\/{rel}","templated":true}]}}