{"id":1702,"date":"2024-04-18T13:07:51","date_gmt":"2024-04-18T16:07:51","guid":{"rendered":"https:\/\/projetosddwb.com.br\/3dlab\/?post_type=product&amp;p=1702"},"modified":"2024-04-18T13:07:51","modified_gmt":"2024-04-18T16:07:51","slug":"impressora-3d-sermoon-d3","status":"publish","type":"product","link":"https:\/\/projetosddwb.com.br\/3dlab\/product\/impressora-3d-sermoon-d3\/","title":{"rendered":"IMPRESSORA 3D SERMOON D3"},"content":{"rendered":"<h2>Impressora 3D Sermoon D3<\/h2>\n<div>\n<p>A Impressora 3D Sermoon D3 possui alta estabilidade industrial, com perfis verticais e chapa superior em alum\u00ednio aeroespacial.<\/p>\n<ul>\n<li>Os eixos X, Y e Z em a\u00e7o inox possuem dureza 60 HRC e certifica\u00e7\u00e3o de estabilidade pelo Centro T\u00e9cnico de Manufatura Aditiva (AMTC).<\/li>\n<li>\u00c9 confi\u00e1vel, com teste de impress\u00e3o cont\u00ednua de 720 horas e 8.000 horas consecutivas de impress\u00f5es sem falhas, e possui capacidade para imprimir em alta temperatura com extrusora sprite de dupla engrenagem com garganta bimetal e dois coolers 5015.<\/li>\n<li>A impressora tamb\u00e9m \u00e9 segura, j\u00e1 que possui dois filtros internos HEPA para impress\u00f5es em ABS e outros materiais t\u00f3xicos.<\/li>\n<li>Possui pausa autom\u00e1tica de impress\u00e3o ao abrir a porta e retomada de impress\u00e3o ap\u00f3s queda de energia.<\/li>\n<li>Al\u00e9m disso, \u00e9 poss\u00edvel conectar m\u00faltiplas Sermoons D3 a uma rede e imprimir simultaneamente v\u00e1rios lotes de pe\u00e7as com um \u00fanico comando, e monitor\u00e1-las remotamente utilizando o aplicativo Creality Print ou Creality Cloud.<\/li>\n<li>A impressora possui itens de s\u00e9rie, como c\u00e2mera interna 1080p, nivelamento autom\u00e1tico CR-touch, tela touch 4,3\u2019, maleta profissional de ferramentas, duas mantas magn\u00e9ticas (PEI e PC), bico de a\u00e7o endurecido reserva, sensor de filamento e placa-m\u00e3e 32 bits com drivers silenciosos.<\/li>\n<\/ul>\n<h3>Especifica\u00e7\u00f5es:<\/h3>\n<p>Tecnologia de impress\u00e3o: FDM (Modelagem por deposi\u00e7\u00e3o fundida)<\/p>\n<p>Sistema de movimenta\u00e7\u00e3o: Cartesiano<\/p>\n<p>Volume de impress\u00e3o: 300 x 250 x 300 mm<\/p>\n<p>Velocidade m\u00e1xima de impress\u00e3o: 120 mm\/s<\/p>\n<p>Temperatura m\u00e1xima de extrus\u00e3o: 300\u00b0C<\/p>\n<p>Temperatura m\u00e1xima da mesa: 110\u00b0C<\/p>\n<p>Precis\u00e3o de impress\u00e3o: \u00b1 0.1 mm<\/p>\n<p>Filamentos compat\u00edveis: PLA, ABS, PETG, TPU, PET-CF, PLA-CF, PA-CF, ASA, PC ,PA ,PC-ABS, (flex\u00edvel) e outros.<\/p>\n<p>Dimens\u00f5es da impressora: 553 x 578 x 656 mm<\/p>\n<p>Peso da m\u00e1quina: 45 kg<\/p>\n<p>Di\u00e2metro do Filamento: 1.75 mm<\/p>\n<p>Di\u00e2metro do bico: 0.4 mm (Pode ser alterado)<\/p>\n<p>Tens\u00e3o: AC 110 \u2013 220 V (Bivolt autom\u00e1tica)<\/p>\n<p>Fonte de alimenta\u00e7\u00e3o: DC 24 V \u2013 15 A \u2013 500W<\/p>\n<p>Conex\u00e3o: Pendrive, Rj-45, WiFi<\/p>\n<p>Formato dos arquivos: STL, AMF, OBJ, G-Code<\/p>\n<p>Softwares de impress\u00e3o: Utimaker CURA, Simplify 3D, Prusa Slicer, IdeaMaker, Creality Slicer.<\/p>\n<p>Sistema operacional (SO): Windows, Linux, MacOS<\/p>\n<p><strong>Pronta-entrega<\/strong><\/p>\n<p><img fetchpriority=\"high\" decoding=\"async\" class=\"alignnone wp-image-134271 size-full\" src=\"https:\/\/3dlab.com.br\/wp-content\/uploads\/2022\/12\/d6a523ed45b3fbab7a5da47f97f2464e.webp\" alt=\"Impressora 3d Sermoon D3\" width=\"2560\" height=\"1000\" \/><\/p>\n<p><img decoding=\"async\" class=\"alignnone wp-image-134272 size-full\" src=\"https:\/\/3dlab.com.br\/wp-content\/uploads\/2022\/12\/85887f770c3762f19f5d605f176e9e32.webp\" alt=\"Impressora 3d Sermoon D3\" width=\"2560\" height=\"1000\" \/><\/p>\n<p><img decoding=\"async\" class=\"alignnone wp-image-134286 size-full\" src=\"https:\/\/3dlab.com.br\/wp-content\/uploads\/2022\/12\/sermoon-d3.png\" alt=\"IMPRESSORA 3D SERMOON D3\" width=\"1901\" height=\"743\" \/><img loading=\"lazy\" decoding=\"async\" class=\"alignnone wp-image-134277 size-full\" src=\"https:\/\/3dlab.com.br\/wp-content\/uploads\/2022\/12\/sermonnnnnnnnnnn.png\" alt=\"\" width=\"1901\" height=\"706\" \/><img loading=\"lazy\" decoding=\"async\" class=\"alignnone wp-image-134285 size-full\" src=\"https:\/\/3dlab.com.br\/wp-content\/uploads\/2022\/12\/swerbgf.png\" alt=\"IMPRESSORA 3D SERMOON D3\" width=\"1905\" height=\"667\" \/><img loading=\"lazy\" decoding=\"async\" class=\"alignnone wp-image-134282 size-full\" src=\"https:\/\/3dlab.com.br\/wp-content\/uploads\/2022\/12\/serrrrrrrmon.png\" alt=\"\" width=\"1899\" height=\"710\" \/><img loading=\"lazy\" decoding=\"async\" class=\"alignnone wp-image-134278 size-full\" src=\"https:\/\/3dlab.com.br\/wp-content\/uploads\/2022\/12\/seeeeeeeeeeerhejf.png\" alt=\"IMPRESSORA 3D SERMOON D3\" width=\"1901\" height=\"721\" \/><img loading=\"lazy\" decoding=\"async\" class=\"alignnone wp-image-134279 size-full\" src=\"https:\/\/3dlab.com.br\/wp-content\/uploads\/2022\/12\/sermonskbdh.png\" alt=\"\" width=\"1898\" height=\"703\" \/><img loading=\"lazy\" decoding=\"async\" class=\"alignnone wp-image-134284 size-full\" src=\"https:\/\/3dlab.com.br\/wp-content\/uploads\/2022\/12\/sermooooooooon.png\" alt=\"IMPRESSORA 3D SERMOON D3\" width=\"1901\" height=\"707\" \/><img loading=\"lazy\" decoding=\"async\" class=\"alignnone wp-image-134283 size-full\" src=\"https:\/\/3dlab.com.br\/wp-content\/uploads\/2022\/12\/seeeeeeeeermon.png\" alt=\"\" width=\"1901\" height=\"719\" \/><img loading=\"lazy\" decoding=\"async\" class=\"alignnone wp-image-134276 size-full\" src=\"https:\/\/3dlab.com.br\/wp-content\/uploads\/2022\/12\/sers4er.png\" alt=\"\" width=\"1900\" height=\"658\" \/>\u00a0<img loading=\"lazy\" decoding=\"async\" class=\"alignnone wp-image-134275 size-full\" src=\"https:\/\/3dlab.com.br\/wp-content\/uploads\/2022\/12\/sire.png\" alt=\"IMPRESSORA 3D SERMOON D3\" width=\"1892\" height=\"705\" \/><img loading=\"lazy\" decoding=\"async\" class=\"alignnone wp-image-134274 size-full\" src=\"https:\/\/3dlab.com.br\/wp-content\/uploads\/2022\/12\/sjepot.png\" alt=\"IMPRESSORA 3D SERMOON D3\" width=\"1879\" height=\"754\" \/> \u00a0\u00a0\u00a0 \u00a0\u00a0<img loading=\"lazy\" decoding=\"async\" class=\"alignnone wp-image-134281 size-full\" src=\"https:\/\/3dlab.com.br\/wp-content\/uploads\/2022\/12\/seeeeeeeeeeeeeeeeeeeeeeermon.png\" alt=\"\" width=\"1897\" height=\"674\" \/> \u00a0\u00a0\u00a0\u00a0<img loading=\"lazy\" decoding=\"async\" class=\"alignnone wp-image-134280 size-full\" src=\"https:\/\/3dlab.com.br\/wp-content\/uploads\/2022\/12\/sermonnn.png\" alt=\"IMPRESSORA 3D SERMOON D3\" width=\"1887\" height=\"672\" \/><\/p>\n<p><img loading=\"lazy\" decoding=\"async\" class=\"alignnone wp-image-134287 size-full\" src=\"https:\/\/3dlab.com.br\/wp-content\/uploads\/2022\/12\/Design-sem-nome-2023-03-10T143438.247.png\" alt=\"especifica\u00e7\u00f5es\" width=\"1920\" height=\"1080\" \/><\/p>\n<\/div>\n","protected":false},"excerpt":{"rendered":"<p>Impressora 3D Sermoon D3 A Impressora 3D Sermoon D3 possui alta estabilidade industrial, com perfis verticais e chapa superior em alum\u00ednio aeroespacial. Os eixos X, Y e Z em a\u00e7o&hellip;<\/p>\n","protected":false},"featured_media":1722,"comment_status":"open","ping_status":"closed","template":"","meta":[],"product_brand":[],"product_cat":[306,302,453,280,308,612],"product_tag":[],"class_list":{"0":"post-1702","1":"product","2":"type-product","3":"status-publish","4":"has-post-thumbnail","6":"product_cat-creality","7":"product_cat-faixa-preta","8":"product_cat-impressora-3d-de-filamento","9":"product_cat-impressoras-3d","10":"product_cat-impressoras-e-filamentos","11":"product_cat-industrial","12":"product_shipping_class-impressoras-c-frete","14":"first","15":"instock","16":"sale","17":"shipping-taxable","18":"purchasable","19":"product-type-simple"},"yoast_head":"<!-- This site is optimized with the Yoast SEO plugin v24.8.1 - https:\/\/yoast.com\/wordpress\/plugins\/seo\/ -->\n<title>IMPRESSORA 3D SERMOON D3 - 3D Lab<\/title>\n<meta name=\"robots\" content=\"index, follow, max-snippet:-1, max-image-preview:large, max-video-preview:-1\" \/>\n<link rel=\"canonical\" href=\"https:\/\/projetosddwb.com.br\/3dlab\/product\/impressora-3d-sermoon-d3\/\" \/>\n<meta property=\"og:locale\" content=\"pt_BR\" \/>\n<meta property=\"og:type\" content=\"article\" \/>\n<meta property=\"og:title\" content=\"IMPRESSORA 3D SERMOON D3 - 3D Lab\" \/>\n<meta property=\"og:description\" content=\"Impressora 3D Sermoon D3 A Impressora 3D Sermoon D3 possui alta estabilidade industrial, com perfis verticais e chapa superior em alum\u00ednio aeroespacial. Os eixos X, Y e Z em a\u00e7o&hellip;\" \/>\n<meta property=\"og:url\" content=\"https:\/\/projetosddwb.com.br\/3dlab\/product\/impressora-3d-sermoon-d3\/\" \/>\n<meta property=\"og:site_name\" content=\"3D Lab\" \/>\n<meta property=\"article:publisher\" content=\"https:\/\/www.facebook.com\/3dlabbrasil\/?locale=pt_BR\" \/>\n<meta property=\"og:image\" content=\"https:\/\/3dlab.com.br\/wp-content\/uploads\/2022\/12\/d6a523ed45b3fbab7a5da47f97f2464e.webp\" \/>\n<meta name=\"twitter:card\" content=\"summary_large_image\" \/>\n<meta name=\"twitter:label1\" content=\"Est. tempo de leitura\" \/>\n\t<meta name=\"twitter:data1\" content=\"2 minutos\" \/>\n<script type=\"application\/ld+json\" class=\"yoast-schema-graph\">{\"@context\":\"https:\/\/schema.org\",\"@graph\":[{\"@type\":\"WebPage\",\"@id\":\"https:\/\/projetosddwb.com.br\/3dlab\/product\/impressora-3d-sermoon-d3\/\",\"url\":\"https:\/\/projetosddwb.com.br\/3dlab\/product\/impressora-3d-sermoon-d3\/\",\"name\":\"IMPRESSORA 3D SERMOON D3 - 3D Lab\",\"isPartOf\":{\"@id\":\"https:\/\/projetosddwb.com.br\/3dlab\/#website\"},\"primaryImageOfPage\":{\"@id\":\"https:\/\/projetosddwb.com.br\/3dlab\/product\/impressora-3d-sermoon-d3\/#primaryimage\"},\"image\":{\"@id\":\"https:\/\/projetosddwb.com.br\/3dlab\/product\/impressora-3d-sermoon-d3\/#primaryimage\"},\"thumbnailUrl\":\"\",\"datePublished\":\"2024-04-18T16:07:51+00:00\",\"breadcrumb\":{\"@id\":\"https:\/\/projetosddwb.com.br\/3dlab\/product\/impressora-3d-sermoon-d3\/#breadcrumb\"},\"inLanguage\":\"pt-BR\",\"potentialAction\":[{\"@type\":\"ReadAction\",\"target\":[\"https:\/\/projetosddwb.com.br\/3dlab\/product\/impressora-3d-sermoon-d3\/\"]}]},{\"@type\":\"ImageObject\",\"inLanguage\":\"pt-BR\",\"@id\":\"https:\/\/projetosddwb.com.br\/3dlab\/product\/impressora-3d-sermoon-d3\/#primaryimage\",\"url\":\"\",\"contentUrl\":\"\"},{\"@type\":\"BreadcrumbList\",\"@id\":\"https:\/\/projetosddwb.com.br\/3dlab\/product\/impressora-3d-sermoon-d3\/#breadcrumb\",\"itemListElement\":[{\"@type\":\"ListItem\",\"position\":1,\"name\":\"In\u00edcio\",\"item\":\"https:\/\/projetosddwb.com.br\/3dlab\/\"},{\"@type\":\"ListItem\",\"position\":2,\"name\":\"Loja\",\"item\":\"https:\/\/projetosddwb.com.br\/3dlab\/loja\/\"},{\"@type\":\"ListItem\",\"position\":3,\"name\":\"IMPRESSORA 3D SERMOON D3\"}]},{\"@type\":\"WebSite\",\"@id\":\"https:\/\/projetosddwb.com.br\/3dlab\/#website\",\"url\":\"https:\/\/projetosddwb.com.br\/3dlab\/\",\"name\":\"3D Lab\",\"description\":\"\",\"publisher\":{\"@id\":\"https:\/\/projetosddwb.com.br\/3dlab\/#organization\"},\"potentialAction\":[{\"@type\":\"SearchAction\",\"target\":{\"@type\":\"EntryPoint\",\"urlTemplate\":\"https:\/\/projetosddwb.com.br\/3dlab\/?s={search_term_string}\"},\"query-input\":{\"@type\":\"PropertyValueSpecification\",\"valueRequired\":true,\"valueName\":\"search_term_string\"}}],\"inLanguage\":\"pt-BR\"},{\"@type\":\"Organization\",\"@id\":\"https:\/\/projetosddwb.com.br\/3dlab\/#organization\",\"name\":\"3D Lab\",\"url\":\"https:\/\/projetosddwb.com.br\/3dlab\/\",\"logo\":{\"@type\":\"ImageObject\",\"inLanguage\":\"pt-BR\",\"@id\":\"https:\/\/projetosddwb.com.br\/3dlab\/#\/schema\/logo\/image\/\",\"url\":\"https:\/\/projetosddwb.com.br\/3dlab\/wp-content\/uploads\/2025\/04\/cropped-cropped-3D_HORI_ORIGINAL-1.png\",\"contentUrl\":\"https:\/\/projetosddwb.com.br\/3dlab\/wp-content\/uploads\/2025\/04\/cropped-cropped-3D_HORI_ORIGINAL-1.png\",\"width\":597,\"height\":196,\"caption\":\"3D Lab\"},\"image\":{\"@id\":\"https:\/\/projetosddwb.com.br\/3dlab\/#\/schema\/logo\/image\/\"},\"sameAs\":[\"https:\/\/www.facebook.com\/3dlabbrasil\/?locale=pt_BR\",\"https:\/\/www.instagram.com\/3dlab_brasil\/\"]}]}<\/script>\n<!-- \/ Yoast SEO plugin. -->","yoast_head_json":{"title":"IMPRESSORA 3D SERMOON D3 - 3D Lab","robots":{"index":"index","follow":"follow","max-snippet":"max-snippet:-1","max-image-preview":"max-image-preview:large","max-video-preview":"max-video-preview:-1"},"canonical":"https:\/\/projetosddwb.com.br\/3dlab\/product\/impressora-3d-sermoon-d3\/","og_locale":"pt_BR","og_type":"article","og_title":"IMPRESSORA 3D SERMOON D3 - 3D Lab","og_description":"Impressora 3D Sermoon D3 A Impressora 3D Sermoon D3 possui alta estabilidade industrial, com perfis verticais e chapa superior em alum\u00ednio aeroespacial. Os eixos X, Y e Z em a\u00e7o&hellip;","og_url":"https:\/\/projetosddwb.com.br\/3dlab\/product\/impressora-3d-sermoon-d3\/","og_site_name":"3D Lab","article_publisher":"https:\/\/www.facebook.com\/3dlabbrasil\/?locale=pt_BR","og_image":[{"url":"https:\/\/3dlab.com.br\/wp-content\/uploads\/2022\/12\/d6a523ed45b3fbab7a5da47f97f2464e.webp","type":"","width":"","height":""}],"twitter_card":"summary_large_image","twitter_misc":{"Est. tempo de leitura":"2 minutos"},"schema":{"@context":"https:\/\/schema.org","@graph":[{"@type":"WebPage","@id":"https:\/\/projetosddwb.com.br\/3dlab\/product\/impressora-3d-sermoon-d3\/","url":"https:\/\/projetosddwb.com.br\/3dlab\/product\/impressora-3d-sermoon-d3\/","name":"IMPRESSORA 3D SERMOON D3 - 3D Lab","isPartOf":{"@id":"https:\/\/projetosddwb.com.br\/3dlab\/#website"},"primaryImageOfPage":{"@id":"https:\/\/projetosddwb.com.br\/3dlab\/product\/impressora-3d-sermoon-d3\/#primaryimage"},"image":{"@id":"https:\/\/projetosddwb.com.br\/3dlab\/product\/impressora-3d-sermoon-d3\/#primaryimage"},"thumbnailUrl":"","datePublished":"2024-04-18T16:07:51+00:00","breadcrumb":{"@id":"https:\/\/projetosddwb.com.br\/3dlab\/product\/impressora-3d-sermoon-d3\/#breadcrumb"},"inLanguage":"pt-BR","potentialAction":[{"@type":"ReadAction","target":["https:\/\/projetosddwb.com.br\/3dlab\/product\/impressora-3d-sermoon-d3\/"]}]},{"@type":"ImageObject","inLanguage":"pt-BR","@id":"https:\/\/projetosddwb.com.br\/3dlab\/product\/impressora-3d-sermoon-d3\/#primaryimage","url":"","contentUrl":""},{"@type":"BreadcrumbList","@id":"https:\/\/projetosddwb.com.br\/3dlab\/product\/impressora-3d-sermoon-d3\/#breadcrumb","itemListElement":[{"@type":"ListItem","position":1,"name":"In\u00edcio","item":"https:\/\/projetosddwb.com.br\/3dlab\/"},{"@type":"ListItem","position":2,"name":"Loja","item":"https:\/\/projetosddwb.com.br\/3dlab\/loja\/"},{"@type":"ListItem","position":3,"name":"IMPRESSORA 3D SERMOON D3"}]},{"@type":"WebSite","@id":"https:\/\/projetosddwb.com.br\/3dlab\/#website","url":"https:\/\/projetosddwb.com.br\/3dlab\/","name":"3D Lab","description":"","publisher":{"@id":"https:\/\/projetosddwb.com.br\/3dlab\/#organization"},"potentialAction":[{"@type":"SearchAction","target":{"@type":"EntryPoint","urlTemplate":"https:\/\/projetosddwb.com.br\/3dlab\/?s={search_term_string}"},"query-input":{"@type":"PropertyValueSpecification","valueRequired":true,"valueName":"search_term_string"}}],"inLanguage":"pt-BR"},{"@type":"Organization","@id":"https:\/\/projetosddwb.com.br\/3dlab\/#organization","name":"3D Lab","url":"https:\/\/projetosddwb.com.br\/3dlab\/","logo":{"@type":"ImageObject","inLanguage":"pt-BR","@id":"https:\/\/projetosddwb.com.br\/3dlab\/#\/schema\/logo\/image\/","url":"https:\/\/projetosddwb.com.br\/3dlab\/wp-content\/uploads\/2025\/04\/cropped-cropped-3D_HORI_ORIGINAL-1.png","contentUrl":"https:\/\/projetosddwb.com.br\/3dlab\/wp-content\/uploads\/2025\/04\/cropped-cropped-3D_HORI_ORIGINAL-1.png","width":597,"height":196,"caption":"3D Lab"},"image":{"@id":"https:\/\/projetosddwb.com.br\/3dlab\/#\/schema\/logo\/image\/"},"sameAs":["https:\/\/www.facebook.com\/3dlabbrasil\/?locale=pt_BR","https:\/\/www.instagram.com\/3dlab_brasil\/"]}]}},"_links":{"self":[{"href":"https:\/\/projetosddwb.com.br\/3dlab\/wp-json\/wp\/v2\/product\/1702","targetHints":{"allow":["GET"]}}],"collection":[{"href":"https:\/\/projetosddwb.com.br\/3dlab\/wp-json\/wp\/v2\/product"}],"about":[{"href":"https:\/\/projetosddwb.com.br\/3dlab\/wp-json\/wp\/v2\/types\/product"}],"replies":[{"embeddable":true,"href":"https:\/\/projetosddwb.com.br\/3dlab\/wp-json\/wp\/v2\/comments?post=1702"}],"wp:featuredmedia":[{"embeddable":true,"href":"https:\/\/projetosddwb.com.br\/3dlab\/wp-json\/"}],"wp:attachment":[{"href":"https:\/\/projetosddwb.com.br\/3dlab\/wp-json\/wp\/v2\/media?parent=1702"}],"wp:term":[{"taxonomy":"product_brand","embeddable":true,"href":"https:\/\/projetosddwb.com.br\/3dlab\/wp-json\/wp\/v2\/product_brand?post=1702"},{"taxonomy":"product_cat","embeddable":true,"href":"https:\/\/projetosddwb.com.br\/3dlab\/wp-json\/wp\/v2\/product_cat?post=1702"},{"taxonomy":"product_tag","embeddable":true,"href":"https:\/\/projetosddwb.com.br\/3dlab\/wp-json\/wp\/v2\/product_tag?post=1702"}],"curies":[{"name":"wp","href":"https:\/\/api.w.org\/{rel}","templated":true}]}}