{"id":1731,"date":"2024-04-18T13:20:31","date_gmt":"2024-04-18T16:20:31","guid":{"rendered":"https:\/\/projetosddwb.com.br\/3dlab\/?post_type=product&amp;p=1731"},"modified":"2024-04-18T13:20:31","modified_gmt":"2024-04-18T16:20:31","slug":"placa-silenciosa-ender-5-plus","status":"publish","type":"product","link":"https:\/\/projetosddwb.com.br\/3dlab\/product\/placa-silenciosa-ender-5-plus\/","title":{"rendered":"PLACA SILENCIOSA ENDER 5 PLUS"},"content":{"rendered":"<h2>Placa silenciosa Ender 5 Plus<\/h2>\n<p>A Placa silenciosa da Ender 5 Plus \u00e9 uma excelente op\u00e7\u00e3o para quem quer fazer um upgrade na sua Ender 5 Plus ou deseja realizar uma reposi\u00e7\u00e3o.<\/p>\n<p>Compre j\u00e1 a sua!<\/p>\n<p><img fetchpriority=\"high\" decoding=\"async\" class=\"alignnone wp-image-134807 size-full\" src=\"https:\/\/3dlab.com.br\/wp-content\/uploads\/2023\/03\/5e85b560-fd94-453a-a034-bb2feb23acbc.jpg\" alt=\"PLACA SILENCIOSA ENDER 5 PLUS\" width=\"790\" height=\"1100\" \/><\/p>\n<p><img decoding=\"async\" class=\"alignnone wp-image-134808 size-full\" src=\"https:\/\/3dlab.com.br\/wp-content\/uploads\/2023\/03\/02d29e87-7acc-44ff-a2b0-158bc2d65a7e.jpg\" alt=\"PLACA SILENCIOSA ENDER 5 PLUS\" width=\"790\" height=\"720\" \/><\/p>\n<p><img decoding=\"async\" class=\"alignnone wp-image-134809 size-full\" src=\"https:\/\/3dlab.com.br\/wp-content\/uploads\/2023\/03\/60b7200e-1a99-4a18-8ad1-b260eef9ce92.jpg\" alt=\"PLACA SILENCIOSA ENDER 5 PLUS\" width=\"790\" height=\"1100\" \/><\/p>\n","protected":false},"excerpt":{"rendered":"<p>Placa silenciosa Ender 5 Plus A Placa silenciosa da Ender 5 Plus \u00e9 uma excelente op\u00e7\u00e3o para quem quer fazer um upgrade na sua Ender 5 Plus ou deseja realizar&hellip;<\/p>\n","protected":false},"featured_media":1740,"comment_status":"open","ping_status":"closed","template":"","meta":[],"product_brand":[],"product_cat":[349,279,277,323],"product_tag":[452,618,619],"class_list":{"0":"post-1731","1":"product","2":"type-product","3":"status-publish","4":"has-post-thumbnail","6":"product_cat-novos-produtos-revisar","7":"product_cat-pecas-de-reposicao","8":"product_cat-pecas-e-acessorios","9":"product_cat-pecas-e-acessorios-2","10":"product_tag-ender-5-plus","11":"product_tag-placa-ender-5-plus","12":"product_tag-placa-silenciosa-ender-5-plus","13":"product_shipping_class-pecas-e-acessorios","15":"first","16":"outofstock","17":"shipping-taxable","18":"purchasable","19":"product-type-simple"},"yoast_head":"<!-- This site is optimized with the Yoast SEO plugin v24.8.1 - https:\/\/yoast.com\/wordpress\/plugins\/seo\/ -->\n<title>PLACA SILENCIOSA ENDER 5 PLUS - 3D Lab<\/title>\n<meta name=\"robots\" content=\"index, follow, max-snippet:-1, max-image-preview:large, max-video-preview:-1\" \/>\n<link rel=\"canonical\" href=\"https:\/\/projetosddwb.com.br\/3dlab\/product\/placa-silenciosa-ender-5-plus\/\" \/>\n<meta property=\"og:locale\" content=\"pt_BR\" \/>\n<meta property=\"og:type\" content=\"article\" \/>\n<meta property=\"og:title\" content=\"PLACA SILENCIOSA ENDER 5 PLUS - 3D Lab\" \/>\n<meta property=\"og:description\" content=\"Placa silenciosa Ender 5 Plus A Placa silenciosa da Ender 5 Plus \u00e9 uma excelente op\u00e7\u00e3o para quem quer fazer um upgrade na sua Ender 5 Plus ou deseja realizar&hellip;\" \/>\n<meta property=\"og:url\" content=\"https:\/\/projetosddwb.com.br\/3dlab\/product\/placa-silenciosa-ender-5-plus\/\" \/>\n<meta property=\"og:site_name\" content=\"3D Lab\" \/>\n<meta property=\"article:publisher\" content=\"https:\/\/www.facebook.com\/3dlabbrasil\/?locale=pt_BR\" \/>\n<meta property=\"og:image\" content=\"https:\/\/3dlab.com.br\/wp-content\/uploads\/2023\/03\/5e85b560-fd94-453a-a034-bb2feb23acbc.jpg\" \/>\n<meta name=\"twitter:card\" content=\"summary_large_image\" \/>\n<script type=\"application\/ld+json\" class=\"yoast-schema-graph\">{\"@context\":\"https:\/\/schema.org\",\"@graph\":[{\"@type\":\"WebPage\",\"@id\":\"https:\/\/projetosddwb.com.br\/3dlab\/product\/placa-silenciosa-ender-5-plus\/\",\"url\":\"https:\/\/projetosddwb.com.br\/3dlab\/product\/placa-silenciosa-ender-5-plus\/\",\"name\":\"PLACA SILENCIOSA ENDER 5 PLUS - 3D Lab\",\"isPartOf\":{\"@id\":\"https:\/\/projetosddwb.com.br\/3dlab\/#website\"},\"primaryImageOfPage\":{\"@id\":\"https:\/\/projetosddwb.com.br\/3dlab\/product\/placa-silenciosa-ender-5-plus\/#primaryimage\"},\"image\":{\"@id\":\"https:\/\/projetosddwb.com.br\/3dlab\/product\/placa-silenciosa-ender-5-plus\/#primaryimage\"},\"thumbnailUrl\":\"\",\"datePublished\":\"2024-04-18T16:20:31+00:00\",\"breadcrumb\":{\"@id\":\"https:\/\/projetosddwb.com.br\/3dlab\/product\/placa-silenciosa-ender-5-plus\/#breadcrumb\"},\"inLanguage\":\"pt-BR\",\"potentialAction\":[{\"@type\":\"ReadAction\",\"target\":[\"https:\/\/projetosddwb.com.br\/3dlab\/product\/placa-silenciosa-ender-5-plus\/\"]}]},{\"@type\":\"ImageObject\",\"inLanguage\":\"pt-BR\",\"@id\":\"https:\/\/projetosddwb.com.br\/3dlab\/product\/placa-silenciosa-ender-5-plus\/#primaryimage\",\"url\":\"\",\"contentUrl\":\"\"},{\"@type\":\"BreadcrumbList\",\"@id\":\"https:\/\/projetosddwb.com.br\/3dlab\/product\/placa-silenciosa-ender-5-plus\/#breadcrumb\",\"itemListElement\":[{\"@type\":\"ListItem\",\"position\":1,\"name\":\"In\u00edcio\",\"item\":\"https:\/\/projetosddwb.com.br\/3dlab\/\"},{\"@type\":\"ListItem\",\"position\":2,\"name\":\"Loja\",\"item\":\"https:\/\/projetosddwb.com.br\/3dlab\/loja\/\"},{\"@type\":\"ListItem\",\"position\":3,\"name\":\"PLACA SILENCIOSA ENDER 5 PLUS\"}]},{\"@type\":\"WebSite\",\"@id\":\"https:\/\/projetosddwb.com.br\/3dlab\/#website\",\"url\":\"https:\/\/projetosddwb.com.br\/3dlab\/\",\"name\":\"3D Lab\",\"description\":\"\",\"publisher\":{\"@id\":\"https:\/\/projetosddwb.com.br\/3dlab\/#organization\"},\"potentialAction\":[{\"@type\":\"SearchAction\",\"target\":{\"@type\":\"EntryPoint\",\"urlTemplate\":\"https:\/\/projetosddwb.com.br\/3dlab\/?s={search_term_string}\"},\"query-input\":{\"@type\":\"PropertyValueSpecification\",\"valueRequired\":true,\"valueName\":\"search_term_string\"}}],\"inLanguage\":\"pt-BR\"},{\"@type\":\"Organization\",\"@id\":\"https:\/\/projetosddwb.com.br\/3dlab\/#organization\",\"name\":\"3D Lab\",\"url\":\"https:\/\/projetosddwb.com.br\/3dlab\/\",\"logo\":{\"@type\":\"ImageObject\",\"inLanguage\":\"pt-BR\",\"@id\":\"https:\/\/projetosddwb.com.br\/3dlab\/#\/schema\/logo\/image\/\",\"url\":\"https:\/\/projetosddwb.com.br\/3dlab\/wp-content\/uploads\/2025\/04\/cropped-cropped-3D_HORI_ORIGINAL-1.png\",\"contentUrl\":\"https:\/\/projetosddwb.com.br\/3dlab\/wp-content\/uploads\/2025\/04\/cropped-cropped-3D_HORI_ORIGINAL-1.png\",\"width\":597,\"height\":196,\"caption\":\"3D Lab\"},\"image\":{\"@id\":\"https:\/\/projetosddwb.com.br\/3dlab\/#\/schema\/logo\/image\/\"},\"sameAs\":[\"https:\/\/www.facebook.com\/3dlabbrasil\/?locale=pt_BR\",\"https:\/\/www.instagram.com\/3dlab_brasil\/\"]}]}<\/script>\n<!-- \/ Yoast SEO plugin. -->","yoast_head_json":{"title":"PLACA SILENCIOSA ENDER 5 PLUS - 3D Lab","robots":{"index":"index","follow":"follow","max-snippet":"max-snippet:-1","max-image-preview":"max-image-preview:large","max-video-preview":"max-video-preview:-1"},"canonical":"https:\/\/projetosddwb.com.br\/3dlab\/product\/placa-silenciosa-ender-5-plus\/","og_locale":"pt_BR","og_type":"article","og_title":"PLACA SILENCIOSA ENDER 5 PLUS - 3D Lab","og_description":"Placa silenciosa Ender 5 Plus A Placa silenciosa da Ender 5 Plus \u00e9 uma excelente op\u00e7\u00e3o para quem quer fazer um upgrade na sua Ender 5 Plus ou deseja realizar&hellip;","og_url":"https:\/\/projetosddwb.com.br\/3dlab\/product\/placa-silenciosa-ender-5-plus\/","og_site_name":"3D Lab","article_publisher":"https:\/\/www.facebook.com\/3dlabbrasil\/?locale=pt_BR","og_image":[{"url":"https:\/\/3dlab.com.br\/wp-content\/uploads\/2023\/03\/5e85b560-fd94-453a-a034-bb2feb23acbc.jpg","type":"","width":"","height":""}],"twitter_card":"summary_large_image","schema":{"@context":"https:\/\/schema.org","@graph":[{"@type":"WebPage","@id":"https:\/\/projetosddwb.com.br\/3dlab\/product\/placa-silenciosa-ender-5-plus\/","url":"https:\/\/projetosddwb.com.br\/3dlab\/product\/placa-silenciosa-ender-5-plus\/","name":"PLACA SILENCIOSA ENDER 5 PLUS - 3D Lab","isPartOf":{"@id":"https:\/\/projetosddwb.com.br\/3dlab\/#website"},"primaryImageOfPage":{"@id":"https:\/\/projetosddwb.com.br\/3dlab\/product\/placa-silenciosa-ender-5-plus\/#primaryimage"},"image":{"@id":"https:\/\/projetosddwb.com.br\/3dlab\/product\/placa-silenciosa-ender-5-plus\/#primaryimage"},"thumbnailUrl":"","datePublished":"2024-04-18T16:20:31+00:00","breadcrumb":{"@id":"https:\/\/projetosddwb.com.br\/3dlab\/product\/placa-silenciosa-ender-5-plus\/#breadcrumb"},"inLanguage":"pt-BR","potentialAction":[{"@type":"ReadAction","target":["https:\/\/projetosddwb.com.br\/3dlab\/product\/placa-silenciosa-ender-5-plus\/"]}]},{"@type":"ImageObject","inLanguage":"pt-BR","@id":"https:\/\/projetosddwb.com.br\/3dlab\/product\/placa-silenciosa-ender-5-plus\/#primaryimage","url":"","contentUrl":""},{"@type":"BreadcrumbList","@id":"https:\/\/projetosddwb.com.br\/3dlab\/product\/placa-silenciosa-ender-5-plus\/#breadcrumb","itemListElement":[{"@type":"ListItem","position":1,"name":"In\u00edcio","item":"https:\/\/projetosddwb.com.br\/3dlab\/"},{"@type":"ListItem","position":2,"name":"Loja","item":"https:\/\/projetosddwb.com.br\/3dlab\/loja\/"},{"@type":"ListItem","position":3,"name":"PLACA SILENCIOSA ENDER 5 PLUS"}]},{"@type":"WebSite","@id":"https:\/\/projetosddwb.com.br\/3dlab\/#website","url":"https:\/\/projetosddwb.com.br\/3dlab\/","name":"3D Lab","description":"","publisher":{"@id":"https:\/\/projetosddwb.com.br\/3dlab\/#organization"},"potentialAction":[{"@type":"SearchAction","target":{"@type":"EntryPoint","urlTemplate":"https:\/\/projetosddwb.com.br\/3dlab\/?s={search_term_string}"},"query-input":{"@type":"PropertyValueSpecification","valueRequired":true,"valueName":"search_term_string"}}],"inLanguage":"pt-BR"},{"@type":"Organization","@id":"https:\/\/projetosddwb.com.br\/3dlab\/#organization","name":"3D Lab","url":"https:\/\/projetosddwb.com.br\/3dlab\/","logo":{"@type":"ImageObject","inLanguage":"pt-BR","@id":"https:\/\/projetosddwb.com.br\/3dlab\/#\/schema\/logo\/image\/","url":"https:\/\/projetosddwb.com.br\/3dlab\/wp-content\/uploads\/2025\/04\/cropped-cropped-3D_HORI_ORIGINAL-1.png","contentUrl":"https:\/\/projetosddwb.com.br\/3dlab\/wp-content\/uploads\/2025\/04\/cropped-cropped-3D_HORI_ORIGINAL-1.png","width":597,"height":196,"caption":"3D Lab"},"image":{"@id":"https:\/\/projetosddwb.com.br\/3dlab\/#\/schema\/logo\/image\/"},"sameAs":["https:\/\/www.facebook.com\/3dlabbrasil\/?locale=pt_BR","https:\/\/www.instagram.com\/3dlab_brasil\/"]}]}},"_links":{"self":[{"href":"https:\/\/projetosddwb.com.br\/3dlab\/wp-json\/wp\/v2\/product\/1731","targetHints":{"allow":["GET"]}}],"collection":[{"href":"https:\/\/projetosddwb.com.br\/3dlab\/wp-json\/wp\/v2\/product"}],"about":[{"href":"https:\/\/projetosddwb.com.br\/3dlab\/wp-json\/wp\/v2\/types\/product"}],"replies":[{"embeddable":true,"href":"https:\/\/projetosddwb.com.br\/3dlab\/wp-json\/wp\/v2\/comments?post=1731"}],"wp:featuredmedia":[{"embeddable":true,"href":"https:\/\/projetosddwb.com.br\/3dlab\/wp-json\/"}],"wp:attachment":[{"href":"https:\/\/projetosddwb.com.br\/3dlab\/wp-json\/wp\/v2\/media?parent=1731"}],"wp:term":[{"taxonomy":"product_brand","embeddable":true,"href":"https:\/\/projetosddwb.com.br\/3dlab\/wp-json\/wp\/v2\/product_brand?post=1731"},{"taxonomy":"product_cat","embeddable":true,"href":"https:\/\/projetosddwb.com.br\/3dlab\/wp-json\/wp\/v2\/product_cat?post=1731"},{"taxonomy":"product_tag","embeddable":true,"href":"https:\/\/projetosddwb.com.br\/3dlab\/wp-json\/wp\/v2\/product_tag?post=1731"}],"curies":[{"name":"wp","href":"https:\/\/api.w.org\/{rel}","templated":true}]}}