{"id":1732,"date":"2024-04-18T13:20:31","date_gmt":"2024-04-18T16:20:31","guid":{"rendered":"https:\/\/projetosddwb.com.br\/3dlab\/?post_type=product&amp;p=1732"},"modified":"2024-04-18T13:20:31","modified_gmt":"2024-04-18T16:20:31","slug":"placa-principal-cr10-v2","status":"publish","type":"product","link":"https:\/\/projetosddwb.com.br\/3dlab\/product\/placa-principal-cr10-v2\/","title":{"rendered":"PLACA PRINCIPAL CR10-V2"},"content":{"rendered":"<h2>Placa principal CR-10 V2<\/h2>\n<p>A placa principal para CR-10 V2 \u00e9 uma placa de reposi\u00e7\u00e3o!<\/p>\n<h3>Especifica\u00e7\u00f5es t\u00e9cnicas:<\/h3>\n<table class=\"data-table\">\n<tbody>\n<tr class=\"odd\">\n<td class=\"spec-name\">Compatibilidade<\/td>\n<td class=\"spec-value\">CR-10 V2<\/td>\n<\/tr>\n<tr class=\"even\">\n<td class=\"spec-name\">Garantia com o Fabricante<\/td>\n<td class=\"spec-value\">01 ano<\/td>\n<\/tr>\n<tr class=\"odd\">\n<td class=\"spec-name\">Precisa de Pilhas ou Baterias?<\/td>\n<td class=\"spec-value\">Nao<\/td>\n<\/tr>\n<tr class=\"even\">\n<td class=\"spec-name\">As Pilhas ou Baterias Estao Inclusas?<\/td>\n<td class=\"spec-value\">Nao<\/td>\n<\/tr>\n<tr class=\"odd\">\n<td class=\"spec-name\">Utilizacao<\/td>\n<td class=\"spec-value\">3D<\/td>\n<\/tr>\n<tr class=\"even\">\n<td class=\"spec-name\">Marca<\/td>\n<td class=\"spec-value\">CREALITY<\/td>\n<\/tr>\n<tr class=\"odd\">\n<td class=\"spec-name\">Tipo de Produto<\/td>\n<td class=\"spec-value\">Placa mae<\/td>\n<\/tr>\n<tr class=\"even\">\n<td class=\"spec-name\">Dimensao da embalagem<\/td>\n<td class=\"spec-value\">150 \u00d7 115 \u00d7 45 mm<\/td>\n<\/tr>\n<tr class=\"odd\">\n<td class=\"spec-name\">Dimensao do produto<\/td>\n<td class=\"spec-value\">115 x 90 x 20 mm<\/td>\n<\/tr>\n<tr class=\"even\">\n<td class=\"spec-name\">Peso liquido<\/td>\n<td class=\"spec-value\">80g<\/td>\n<\/tr>\n<tr class=\"odd\">\n<td class=\"spec-name\">Peso bruto<\/td>\n<td class=\"spec-value\">136g<\/td>\n<\/tr>\n<tr class=\"even\">\n<td class=\"spec-name\">Dimensao da Embalagem (A \/ P \/ L)<\/td>\n<td class=\"spec-value\">115.0mm \/ 90.0mm \/ 20.0mm<\/td>\n<\/tr>\n<tr class=\"odd\">\n<td class=\"spec-name\">EAN<\/td>\n<td class=\"spec-value\">6971636402169<\/td>\n<\/tr>\n<tr class=\"even\">\n<td class=\"spec-name\">NCM<\/td>\n<td class=\"spec-value\">84859000<\/td>\n<\/tr>\n<tr class=\"odd\">\n<td class=\"spec-name\">Peso do produto com embalagem<\/td>\n<td class=\"spec-value\">0.8Kg<\/td>\n<\/tr>\n<tr class=\"even\">\n<td class=\"spec-name\">Garantia com a HD Store<\/td>\n<td class=\"spec-value\">1 Ano\/Anos<\/td>\n<\/tr>\n<tr class=\"odd\">\n<td class=\"spec-name\">Modelo<\/td>\n<td class=\"spec-value\">4002020002<\/td>\n<\/tr>\n<tr class=\"even\">\n<td class=\"spec-name\">Part Number<\/td>\n<td class=\"spec-value\">4002020002<\/td>\n<\/tr>\n<\/tbody>\n<\/table>\n<p><img fetchpriority=\"high\" decoding=\"async\" class=\"alignnone size-medium wp-image-134801\" src=\"https:\/\/3dlab.com.br\/wp-content\/uploads\/2023\/03\/H78f4e488bfc34d9c8903a90ef559617cO-300x300.jpg\" alt=\"PLACA PRINCIPAL CR10-V2\" width=\"300\" height=\"300\" \/><\/p>\n","protected":false},"excerpt":{"rendered":"<p>Placa principal CR-10 V2 A placa principal para CR-10 V2 \u00e9 uma placa de reposi\u00e7\u00e3o! Especifica\u00e7\u00f5es t\u00e9cnicas: Compatibilidade CR-10 V2 Garantia com o Fabricante 01 ano Precisa de Pilhas ou&hellip;<\/p>\n","protected":false},"featured_media":1742,"comment_status":"open","ping_status":"closed","template":"","meta":[],"product_brand":[],"product_cat":[349,279,277,323],"product_tag":[620,621],"class_list":{"0":"post-1732","1":"product","2":"type-product","3":"status-publish","4":"has-post-thumbnail","6":"product_cat-novos-produtos-revisar","7":"product_cat-pecas-de-reposicao","8":"product_cat-pecas-e-acessorios","9":"product_cat-pecas-e-acessorios-2","10":"product_tag-cr-10","11":"product_tag-cr-10-v2","12":"product_shipping_class-pecas-e-acessorios","14":"first","15":"outofstock","16":"shipping-taxable","17":"purchasable","18":"product-type-simple"},"yoast_head":"<!-- This site is optimized with the Yoast SEO plugin v24.8.1 - https:\/\/yoast.com\/wordpress\/plugins\/seo\/ -->\n<title>PLACA PRINCIPAL CR10-V2 - 3D Lab<\/title>\n<meta name=\"robots\" content=\"index, follow, max-snippet:-1, max-image-preview:large, max-video-preview:-1\" \/>\n<link rel=\"canonical\" href=\"https:\/\/projetosddwb.com.br\/3dlab\/product\/placa-principal-cr10-v2\/\" \/>\n<meta property=\"og:locale\" content=\"pt_BR\" \/>\n<meta property=\"og:type\" content=\"article\" \/>\n<meta property=\"og:title\" content=\"PLACA PRINCIPAL CR10-V2 - 3D Lab\" \/>\n<meta property=\"og:description\" content=\"Placa principal CR-10 V2 A placa principal para CR-10 V2 \u00e9 uma placa de reposi\u00e7\u00e3o! Especifica\u00e7\u00f5es t\u00e9cnicas: Compatibilidade CR-10 V2 Garantia com o Fabricante 01 ano Precisa de Pilhas ou&hellip;\" \/>\n<meta property=\"og:url\" content=\"https:\/\/projetosddwb.com.br\/3dlab\/product\/placa-principal-cr10-v2\/\" \/>\n<meta property=\"og:site_name\" content=\"3D Lab\" \/>\n<meta property=\"article:publisher\" content=\"https:\/\/www.facebook.com\/3dlabbrasil\/?locale=pt_BR\" \/>\n<meta property=\"og:image\" content=\"https:\/\/3dlab.com.br\/wp-content\/uploads\/2023\/03\/H78f4e488bfc34d9c8903a90ef559617cO-300x300.jpg\" \/>\n<meta name=\"twitter:card\" content=\"summary_large_image\" \/>\n<script type=\"application\/ld+json\" class=\"yoast-schema-graph\">{\"@context\":\"https:\/\/schema.org\",\"@graph\":[{\"@type\":\"WebPage\",\"@id\":\"https:\/\/projetosddwb.com.br\/3dlab\/product\/placa-principal-cr10-v2\/\",\"url\":\"https:\/\/projetosddwb.com.br\/3dlab\/product\/placa-principal-cr10-v2\/\",\"name\":\"PLACA PRINCIPAL CR10-V2 - 3D Lab\",\"isPartOf\":{\"@id\":\"https:\/\/projetosddwb.com.br\/3dlab\/#website\"},\"primaryImageOfPage\":{\"@id\":\"https:\/\/projetosddwb.com.br\/3dlab\/product\/placa-principal-cr10-v2\/#primaryimage\"},\"image\":{\"@id\":\"https:\/\/projetosddwb.com.br\/3dlab\/product\/placa-principal-cr10-v2\/#primaryimage\"},\"thumbnailUrl\":\"\",\"datePublished\":\"2024-04-18T16:20:31+00:00\",\"breadcrumb\":{\"@id\":\"https:\/\/projetosddwb.com.br\/3dlab\/product\/placa-principal-cr10-v2\/#breadcrumb\"},\"inLanguage\":\"pt-BR\",\"potentialAction\":[{\"@type\":\"ReadAction\",\"target\":[\"https:\/\/projetosddwb.com.br\/3dlab\/product\/placa-principal-cr10-v2\/\"]}]},{\"@type\":\"ImageObject\",\"inLanguage\":\"pt-BR\",\"@id\":\"https:\/\/projetosddwb.com.br\/3dlab\/product\/placa-principal-cr10-v2\/#primaryimage\",\"url\":\"\",\"contentUrl\":\"\"},{\"@type\":\"BreadcrumbList\",\"@id\":\"https:\/\/projetosddwb.com.br\/3dlab\/product\/placa-principal-cr10-v2\/#breadcrumb\",\"itemListElement\":[{\"@type\":\"ListItem\",\"position\":1,\"name\":\"In\u00edcio\",\"item\":\"https:\/\/projetosddwb.com.br\/3dlab\/\"},{\"@type\":\"ListItem\",\"position\":2,\"name\":\"Loja\",\"item\":\"https:\/\/projetosddwb.com.br\/3dlab\/loja\/\"},{\"@type\":\"ListItem\",\"position\":3,\"name\":\"PLACA PRINCIPAL CR10-V2\"}]},{\"@type\":\"WebSite\",\"@id\":\"https:\/\/projetosddwb.com.br\/3dlab\/#website\",\"url\":\"https:\/\/projetosddwb.com.br\/3dlab\/\",\"name\":\"3D Lab\",\"description\":\"\",\"publisher\":{\"@id\":\"https:\/\/projetosddwb.com.br\/3dlab\/#organization\"},\"potentialAction\":[{\"@type\":\"SearchAction\",\"target\":{\"@type\":\"EntryPoint\",\"urlTemplate\":\"https:\/\/projetosddwb.com.br\/3dlab\/?s={search_term_string}\"},\"query-input\":{\"@type\":\"PropertyValueSpecification\",\"valueRequired\":true,\"valueName\":\"search_term_string\"}}],\"inLanguage\":\"pt-BR\"},{\"@type\":\"Organization\",\"@id\":\"https:\/\/projetosddwb.com.br\/3dlab\/#organization\",\"name\":\"3D Lab\",\"url\":\"https:\/\/projetosddwb.com.br\/3dlab\/\",\"logo\":{\"@type\":\"ImageObject\",\"inLanguage\":\"pt-BR\",\"@id\":\"https:\/\/projetosddwb.com.br\/3dlab\/#\/schema\/logo\/image\/\",\"url\":\"https:\/\/projetosddwb.com.br\/3dlab\/wp-content\/uploads\/2025\/04\/cropped-cropped-3D_HORI_ORIGINAL-1.png\",\"contentUrl\":\"https:\/\/projetosddwb.com.br\/3dlab\/wp-content\/uploads\/2025\/04\/cropped-cropped-3D_HORI_ORIGINAL-1.png\",\"width\":597,\"height\":196,\"caption\":\"3D Lab\"},\"image\":{\"@id\":\"https:\/\/projetosddwb.com.br\/3dlab\/#\/schema\/logo\/image\/\"},\"sameAs\":[\"https:\/\/www.facebook.com\/3dlabbrasil\/?locale=pt_BR\",\"https:\/\/www.instagram.com\/3dlab_brasil\/\"]}]}<\/script>\n<!-- \/ Yoast SEO plugin. -->","yoast_head_json":{"title":"PLACA PRINCIPAL CR10-V2 - 3D Lab","robots":{"index":"index","follow":"follow","max-snippet":"max-snippet:-1","max-image-preview":"max-image-preview:large","max-video-preview":"max-video-preview:-1"},"canonical":"https:\/\/projetosddwb.com.br\/3dlab\/product\/placa-principal-cr10-v2\/","og_locale":"pt_BR","og_type":"article","og_title":"PLACA PRINCIPAL CR10-V2 - 3D Lab","og_description":"Placa principal CR-10 V2 A placa principal para CR-10 V2 \u00e9 uma placa de reposi\u00e7\u00e3o! Especifica\u00e7\u00f5es t\u00e9cnicas: Compatibilidade CR-10 V2 Garantia com o Fabricante 01 ano Precisa de Pilhas ou&hellip;","og_url":"https:\/\/projetosddwb.com.br\/3dlab\/product\/placa-principal-cr10-v2\/","og_site_name":"3D Lab","article_publisher":"https:\/\/www.facebook.com\/3dlabbrasil\/?locale=pt_BR","og_image":[{"url":"https:\/\/3dlab.com.br\/wp-content\/uploads\/2023\/03\/H78f4e488bfc34d9c8903a90ef559617cO-300x300.jpg","type":"","width":"","height":""}],"twitter_card":"summary_large_image","schema":{"@context":"https:\/\/schema.org","@graph":[{"@type":"WebPage","@id":"https:\/\/projetosddwb.com.br\/3dlab\/product\/placa-principal-cr10-v2\/","url":"https:\/\/projetosddwb.com.br\/3dlab\/product\/placa-principal-cr10-v2\/","name":"PLACA PRINCIPAL CR10-V2 - 3D Lab","isPartOf":{"@id":"https:\/\/projetosddwb.com.br\/3dlab\/#website"},"primaryImageOfPage":{"@id":"https:\/\/projetosddwb.com.br\/3dlab\/product\/placa-principal-cr10-v2\/#primaryimage"},"image":{"@id":"https:\/\/projetosddwb.com.br\/3dlab\/product\/placa-principal-cr10-v2\/#primaryimage"},"thumbnailUrl":"","datePublished":"2024-04-18T16:20:31+00:00","breadcrumb":{"@id":"https:\/\/projetosddwb.com.br\/3dlab\/product\/placa-principal-cr10-v2\/#breadcrumb"},"inLanguage":"pt-BR","potentialAction":[{"@type":"ReadAction","target":["https:\/\/projetosddwb.com.br\/3dlab\/product\/placa-principal-cr10-v2\/"]}]},{"@type":"ImageObject","inLanguage":"pt-BR","@id":"https:\/\/projetosddwb.com.br\/3dlab\/product\/placa-principal-cr10-v2\/#primaryimage","url":"","contentUrl":""},{"@type":"BreadcrumbList","@id":"https:\/\/projetosddwb.com.br\/3dlab\/product\/placa-principal-cr10-v2\/#breadcrumb","itemListElement":[{"@type":"ListItem","position":1,"name":"In\u00edcio","item":"https:\/\/projetosddwb.com.br\/3dlab\/"},{"@type":"ListItem","position":2,"name":"Loja","item":"https:\/\/projetosddwb.com.br\/3dlab\/loja\/"},{"@type":"ListItem","position":3,"name":"PLACA PRINCIPAL CR10-V2"}]},{"@type":"WebSite","@id":"https:\/\/projetosddwb.com.br\/3dlab\/#website","url":"https:\/\/projetosddwb.com.br\/3dlab\/","name":"3D Lab","description":"","publisher":{"@id":"https:\/\/projetosddwb.com.br\/3dlab\/#organization"},"potentialAction":[{"@type":"SearchAction","target":{"@type":"EntryPoint","urlTemplate":"https:\/\/projetosddwb.com.br\/3dlab\/?s={search_term_string}"},"query-input":{"@type":"PropertyValueSpecification","valueRequired":true,"valueName":"search_term_string"}}],"inLanguage":"pt-BR"},{"@type":"Organization","@id":"https:\/\/projetosddwb.com.br\/3dlab\/#organization","name":"3D Lab","url":"https:\/\/projetosddwb.com.br\/3dlab\/","logo":{"@type":"ImageObject","inLanguage":"pt-BR","@id":"https:\/\/projetosddwb.com.br\/3dlab\/#\/schema\/logo\/image\/","url":"https:\/\/projetosddwb.com.br\/3dlab\/wp-content\/uploads\/2025\/04\/cropped-cropped-3D_HORI_ORIGINAL-1.png","contentUrl":"https:\/\/projetosddwb.com.br\/3dlab\/wp-content\/uploads\/2025\/04\/cropped-cropped-3D_HORI_ORIGINAL-1.png","width":597,"height":196,"caption":"3D Lab"},"image":{"@id":"https:\/\/projetosddwb.com.br\/3dlab\/#\/schema\/logo\/image\/"},"sameAs":["https:\/\/www.facebook.com\/3dlabbrasil\/?locale=pt_BR","https:\/\/www.instagram.com\/3dlab_brasil\/"]}]}},"_links":{"self":[{"href":"https:\/\/projetosddwb.com.br\/3dlab\/wp-json\/wp\/v2\/product\/1732","targetHints":{"allow":["GET"]}}],"collection":[{"href":"https:\/\/projetosddwb.com.br\/3dlab\/wp-json\/wp\/v2\/product"}],"about":[{"href":"https:\/\/projetosddwb.com.br\/3dlab\/wp-json\/wp\/v2\/types\/product"}],"replies":[{"embeddable":true,"href":"https:\/\/projetosddwb.com.br\/3dlab\/wp-json\/wp\/v2\/comments?post=1732"}],"wp:featuredmedia":[{"embeddable":true,"href":"https:\/\/projetosddwb.com.br\/3dlab\/wp-json\/"}],"wp:attachment":[{"href":"https:\/\/projetosddwb.com.br\/3dlab\/wp-json\/wp\/v2\/media?parent=1732"}],"wp:term":[{"taxonomy":"product_brand","embeddable":true,"href":"https:\/\/projetosddwb.com.br\/3dlab\/wp-json\/wp\/v2\/product_brand?post=1732"},{"taxonomy":"product_cat","embeddable":true,"href":"https:\/\/projetosddwb.com.br\/3dlab\/wp-json\/wp\/v2\/product_cat?post=1732"},{"taxonomy":"product_tag","embeddable":true,"href":"https:\/\/projetosddwb.com.br\/3dlab\/wp-json\/wp\/v2\/product_tag?post=1732"}],"curies":[{"name":"wp","href":"https:\/\/api.w.org\/{rel}","templated":true}]}}