{"id":1767,"date":"2024-04-18T13:21:39","date_gmt":"2024-04-18T16:21:39","guid":{"rendered":"https:\/\/projetosddwb.com.br\/3dlab\/?post_type=product&amp;p=1767"},"modified":"2024-04-18T13:21:39","modified_gmt":"2024-04-18T16:21:39","slug":"filamento-pla-premium-preto-fosco","status":"publish","type":"product","link":"https:\/\/projetosddwb.com.br\/3dlab\/product\/filamento-pla-premium-preto-fosco\/","title":{"rendered":"FILAMENTO PLA PREMIUM PRETO FOSCO"},"content":{"rendered":"<h2>Filamento PLA Premium Preto Fosco<\/h2>\n<p>Apresentamos o Filamento PLA Preto Fosco, ideal para impress\u00e3o 3D.<\/p>\n<p>Com acabamento sofisticado, facilidade de uso e alta precis\u00e3o, este material eco-friendly \u00e9 vers\u00e1til e adequado para diversas aplica\u00e7\u00f5es, garantindo resultados excepcionais e sustent\u00e1veis.<\/p>\n<p>Suas qualidades t\u00e9cnicas incluem ades\u00e3o na camada, baixo warping, di\u00e2metro consistente, baixa emiss\u00e3o de odores, compatibilidade com diversas impressoras e boa resist\u00eancia mec\u00e2nica. \u00c9 uma op\u00e7\u00e3o vers\u00e1til e precisa, proporcionando resultados excepcionais em todas as aplica\u00e7\u00f5es.<\/p>\n<p>Com o PLA Preto Fosco da 3D Lab voc\u00ea cria pe\u00e7as diversas com alt\u00edssima qualidade.<\/p>\n<p>Se voc\u00ea tiver qualquer d\u00favida para utilizar este material pode consultar nosso guia completo do filamento, em nosso blog. O link para o conte\u00fado de como imprimir com o Filamento PLA est\u00e1\u00a0<a href=\"https:\/\/3dlab.com.br\/como-imprimir-com-filamento-pla\/\">aqui<\/a>. Voc\u00ea tamb\u00e9m pode solicitar a ajuda de um de nossos especialistas. Utilize o canal de comunica\u00e7\u00e3o que lhe for mais interessante. Atendemos no chat online, e-mail, telefone ou WhatsApp.<\/p>\n","protected":false},"excerpt":{"rendered":"<p>Filamento PLA Premium Preto Fosco Apresentamos o Filamento PLA Preto Fosco, ideal para impress\u00e3o 3D. Com acabamento sofisticado, facilidade de uso e alta precis\u00e3o, este material eco-friendly \u00e9 vers\u00e1til e&hellip;<\/p>\n","protected":false},"featured_media":1784,"comment_status":"open","ping_status":"closed","template":"","meta":[],"product_brand":[],"product_cat":[302,272,334],"product_tag":[275,635,636,637,638],"class_list":{"0":"post-1767","1":"product","2":"type-product","3":"status-publish","4":"has-post-thumbnail","6":"product_cat-faixa-preta","7":"product_cat-filamento-para-impressora-3d","8":"product_cat-pla","9":"product_tag-filamento-pla","10":"product_tag-filamento-pla-preto-fosco","11":"product_tag-filamento-preto-fosco","12":"product_tag-pla-fosco","13":"product_tag-pla-preto-fosco","14":"product_shipping_class-filamentos","16":"first","17":"outofstock","18":"shipping-taxable","19":"purchasable","20":"product-type-variable","21":"has-default-attributes"},"yoast_head":"<!-- This site is optimized with the Yoast SEO plugin v24.8.1 - https:\/\/yoast.com\/wordpress\/plugins\/seo\/ -->\n<title>FILAMENTO PLA PREMIUM PRETO FOSCO - 3D Lab<\/title>\n<meta name=\"robots\" content=\"index, follow, max-snippet:-1, max-image-preview:large, max-video-preview:-1\" \/>\n<link rel=\"canonical\" href=\"https:\/\/projetosddwb.com.br\/3dlab\/product\/filamento-pla-premium-preto-fosco\/\" \/>\n<meta property=\"og:locale\" content=\"pt_BR\" \/>\n<meta property=\"og:type\" content=\"article\" \/>\n<meta property=\"og:title\" content=\"FILAMENTO PLA PREMIUM PRETO FOSCO - 3D Lab\" \/>\n<meta property=\"og:description\" content=\"Filamento PLA Premium Preto Fosco Apresentamos o Filamento PLA Preto Fosco, ideal para impress\u00e3o 3D. Com acabamento sofisticado, facilidade de uso e alta precis\u00e3o, este material eco-friendly \u00e9 vers\u00e1til e&hellip;\" \/>\n<meta property=\"og:url\" content=\"https:\/\/projetosddwb.com.br\/3dlab\/product\/filamento-pla-premium-preto-fosco\/\" \/>\n<meta property=\"og:site_name\" content=\"3D Lab\" \/>\n<meta property=\"article:publisher\" content=\"https:\/\/www.facebook.com\/3dlabbrasil\/?locale=pt_BR\" \/>\n<meta name=\"twitter:card\" content=\"summary_large_image\" \/>\n<meta name=\"twitter:label1\" content=\"Est. tempo de leitura\" \/>\n\t<meta name=\"twitter:data1\" content=\"1 minuto\" \/>\n<script type=\"application\/ld+json\" class=\"yoast-schema-graph\">{\"@context\":\"https:\/\/schema.org\",\"@graph\":[{\"@type\":\"WebPage\",\"@id\":\"https:\/\/projetosddwb.com.br\/3dlab\/product\/filamento-pla-premium-preto-fosco\/\",\"url\":\"https:\/\/projetosddwb.com.br\/3dlab\/product\/filamento-pla-premium-preto-fosco\/\",\"name\":\"FILAMENTO PLA PREMIUM PRETO FOSCO - 3D Lab\",\"isPartOf\":{\"@id\":\"https:\/\/projetosddwb.com.br\/3dlab\/#website\"},\"primaryImageOfPage\":{\"@id\":\"https:\/\/projetosddwb.com.br\/3dlab\/product\/filamento-pla-premium-preto-fosco\/#primaryimage\"},\"image\":{\"@id\":\"https:\/\/projetosddwb.com.br\/3dlab\/product\/filamento-pla-premium-preto-fosco\/#primaryimage\"},\"thumbnailUrl\":\"\",\"datePublished\":\"2024-04-18T16:21:39+00:00\",\"breadcrumb\":{\"@id\":\"https:\/\/projetosddwb.com.br\/3dlab\/product\/filamento-pla-premium-preto-fosco\/#breadcrumb\"},\"inLanguage\":\"pt-BR\",\"potentialAction\":[{\"@type\":\"ReadAction\",\"target\":[\"https:\/\/projetosddwb.com.br\/3dlab\/product\/filamento-pla-premium-preto-fosco\/\"]}]},{\"@type\":\"ImageObject\",\"inLanguage\":\"pt-BR\",\"@id\":\"https:\/\/projetosddwb.com.br\/3dlab\/product\/filamento-pla-premium-preto-fosco\/#primaryimage\",\"url\":\"\",\"contentUrl\":\"\"},{\"@type\":\"BreadcrumbList\",\"@id\":\"https:\/\/projetosddwb.com.br\/3dlab\/product\/filamento-pla-premium-preto-fosco\/#breadcrumb\",\"itemListElement\":[{\"@type\":\"ListItem\",\"position\":1,\"name\":\"In\u00edcio\",\"item\":\"https:\/\/projetosddwb.com.br\/3dlab\/\"},{\"@type\":\"ListItem\",\"position\":2,\"name\":\"Loja\",\"item\":\"https:\/\/projetosddwb.com.br\/3dlab\/loja\/\"},{\"@type\":\"ListItem\",\"position\":3,\"name\":\"FILAMENTO PLA PREMIUM PRETO FOSCO\"}]},{\"@type\":\"WebSite\",\"@id\":\"https:\/\/projetosddwb.com.br\/3dlab\/#website\",\"url\":\"https:\/\/projetosddwb.com.br\/3dlab\/\",\"name\":\"3D Lab\",\"description\":\"\",\"publisher\":{\"@id\":\"https:\/\/projetosddwb.com.br\/3dlab\/#organization\"},\"potentialAction\":[{\"@type\":\"SearchAction\",\"target\":{\"@type\":\"EntryPoint\",\"urlTemplate\":\"https:\/\/projetosddwb.com.br\/3dlab\/?s={search_term_string}\"},\"query-input\":{\"@type\":\"PropertyValueSpecification\",\"valueRequired\":true,\"valueName\":\"search_term_string\"}}],\"inLanguage\":\"pt-BR\"},{\"@type\":\"Organization\",\"@id\":\"https:\/\/projetosddwb.com.br\/3dlab\/#organization\",\"name\":\"3D Lab\",\"url\":\"https:\/\/projetosddwb.com.br\/3dlab\/\",\"logo\":{\"@type\":\"ImageObject\",\"inLanguage\":\"pt-BR\",\"@id\":\"https:\/\/projetosddwb.com.br\/3dlab\/#\/schema\/logo\/image\/\",\"url\":\"https:\/\/projetosddwb.com.br\/3dlab\/wp-content\/uploads\/2025\/04\/cropped-cropped-3D_HORI_ORIGINAL-1.png\",\"contentUrl\":\"https:\/\/projetosddwb.com.br\/3dlab\/wp-content\/uploads\/2025\/04\/cropped-cropped-3D_HORI_ORIGINAL-1.png\",\"width\":597,\"height\":196,\"caption\":\"3D Lab\"},\"image\":{\"@id\":\"https:\/\/projetosddwb.com.br\/3dlab\/#\/schema\/logo\/image\/\"},\"sameAs\":[\"https:\/\/www.facebook.com\/3dlabbrasil\/?locale=pt_BR\",\"https:\/\/www.instagram.com\/3dlab_brasil\/\"]}]}<\/script>\n<!-- \/ Yoast SEO plugin. -->","yoast_head_json":{"title":"FILAMENTO PLA PREMIUM PRETO FOSCO - 3D Lab","robots":{"index":"index","follow":"follow","max-snippet":"max-snippet:-1","max-image-preview":"max-image-preview:large","max-video-preview":"max-video-preview:-1"},"canonical":"https:\/\/projetosddwb.com.br\/3dlab\/product\/filamento-pla-premium-preto-fosco\/","og_locale":"pt_BR","og_type":"article","og_title":"FILAMENTO PLA PREMIUM PRETO FOSCO - 3D Lab","og_description":"Filamento PLA Premium Preto Fosco Apresentamos o Filamento PLA Preto Fosco, ideal para impress\u00e3o 3D. Com acabamento sofisticado, facilidade de uso e alta precis\u00e3o, este material eco-friendly \u00e9 vers\u00e1til e&hellip;","og_url":"https:\/\/projetosddwb.com.br\/3dlab\/product\/filamento-pla-premium-preto-fosco\/","og_site_name":"3D Lab","article_publisher":"https:\/\/www.facebook.com\/3dlabbrasil\/?locale=pt_BR","twitter_card":"summary_large_image","twitter_misc":{"Est. tempo de leitura":"1 minuto"},"schema":{"@context":"https:\/\/schema.org","@graph":[{"@type":"WebPage","@id":"https:\/\/projetosddwb.com.br\/3dlab\/product\/filamento-pla-premium-preto-fosco\/","url":"https:\/\/projetosddwb.com.br\/3dlab\/product\/filamento-pla-premium-preto-fosco\/","name":"FILAMENTO PLA PREMIUM PRETO FOSCO - 3D Lab","isPartOf":{"@id":"https:\/\/projetosddwb.com.br\/3dlab\/#website"},"primaryImageOfPage":{"@id":"https:\/\/projetosddwb.com.br\/3dlab\/product\/filamento-pla-premium-preto-fosco\/#primaryimage"},"image":{"@id":"https:\/\/projetosddwb.com.br\/3dlab\/product\/filamento-pla-premium-preto-fosco\/#primaryimage"},"thumbnailUrl":"","datePublished":"2024-04-18T16:21:39+00:00","breadcrumb":{"@id":"https:\/\/projetosddwb.com.br\/3dlab\/product\/filamento-pla-premium-preto-fosco\/#breadcrumb"},"inLanguage":"pt-BR","potentialAction":[{"@type":"ReadAction","target":["https:\/\/projetosddwb.com.br\/3dlab\/product\/filamento-pla-premium-preto-fosco\/"]}]},{"@type":"ImageObject","inLanguage":"pt-BR","@id":"https:\/\/projetosddwb.com.br\/3dlab\/product\/filamento-pla-premium-preto-fosco\/#primaryimage","url":"","contentUrl":""},{"@type":"BreadcrumbList","@id":"https:\/\/projetosddwb.com.br\/3dlab\/product\/filamento-pla-premium-preto-fosco\/#breadcrumb","itemListElement":[{"@type":"ListItem","position":1,"name":"In\u00edcio","item":"https:\/\/projetosddwb.com.br\/3dlab\/"},{"@type":"ListItem","position":2,"name":"Loja","item":"https:\/\/projetosddwb.com.br\/3dlab\/loja\/"},{"@type":"ListItem","position":3,"name":"FILAMENTO PLA PREMIUM PRETO FOSCO"}]},{"@type":"WebSite","@id":"https:\/\/projetosddwb.com.br\/3dlab\/#website","url":"https:\/\/projetosddwb.com.br\/3dlab\/","name":"3D Lab","description":"","publisher":{"@id":"https:\/\/projetosddwb.com.br\/3dlab\/#organization"},"potentialAction":[{"@type":"SearchAction","target":{"@type":"EntryPoint","urlTemplate":"https:\/\/projetosddwb.com.br\/3dlab\/?s={search_term_string}"},"query-input":{"@type":"PropertyValueSpecification","valueRequired":true,"valueName":"search_term_string"}}],"inLanguage":"pt-BR"},{"@type":"Organization","@id":"https:\/\/projetosddwb.com.br\/3dlab\/#organization","name":"3D Lab","url":"https:\/\/projetosddwb.com.br\/3dlab\/","logo":{"@type":"ImageObject","inLanguage":"pt-BR","@id":"https:\/\/projetosddwb.com.br\/3dlab\/#\/schema\/logo\/image\/","url":"https:\/\/projetosddwb.com.br\/3dlab\/wp-content\/uploads\/2025\/04\/cropped-cropped-3D_HORI_ORIGINAL-1.png","contentUrl":"https:\/\/projetosddwb.com.br\/3dlab\/wp-content\/uploads\/2025\/04\/cropped-cropped-3D_HORI_ORIGINAL-1.png","width":597,"height":196,"caption":"3D Lab"},"image":{"@id":"https:\/\/projetosddwb.com.br\/3dlab\/#\/schema\/logo\/image\/"},"sameAs":["https:\/\/www.facebook.com\/3dlabbrasil\/?locale=pt_BR","https:\/\/www.instagram.com\/3dlab_brasil\/"]}]}},"_links":{"self":[{"href":"https:\/\/projetosddwb.com.br\/3dlab\/wp-json\/wp\/v2\/product\/1767","targetHints":{"allow":["GET"]}}],"collection":[{"href":"https:\/\/projetosddwb.com.br\/3dlab\/wp-json\/wp\/v2\/product"}],"about":[{"href":"https:\/\/projetosddwb.com.br\/3dlab\/wp-json\/wp\/v2\/types\/product"}],"replies":[{"embeddable":true,"href":"https:\/\/projetosddwb.com.br\/3dlab\/wp-json\/wp\/v2\/comments?post=1767"}],"wp:featuredmedia":[{"embeddable":true,"href":"https:\/\/projetosddwb.com.br\/3dlab\/wp-json\/"}],"wp:attachment":[{"href":"https:\/\/projetosddwb.com.br\/3dlab\/wp-json\/wp\/v2\/media?parent=1767"}],"wp:term":[{"taxonomy":"product_brand","embeddable":true,"href":"https:\/\/projetosddwb.com.br\/3dlab\/wp-json\/wp\/v2\/product_brand?post=1767"},{"taxonomy":"product_cat","embeddable":true,"href":"https:\/\/projetosddwb.com.br\/3dlab\/wp-json\/wp\/v2\/product_cat?post=1767"},{"taxonomy":"product_tag","embeddable":true,"href":"https:\/\/projetosddwb.com.br\/3dlab\/wp-json\/wp\/v2\/product_tag?post=1767"}],"curies":[{"name":"wp","href":"https:\/\/api.w.org\/{rel}","templated":true}]}}