{"id":1799,"date":"2024-04-18T13:26:17","date_gmt":"2024-04-18T16:26:17","guid":{"rendered":"https:\/\/projetosddwb.com.br\/3dlab\/?post_type=product&amp;p=1799"},"modified":"2024-04-18T13:26:17","modified_gmt":"2024-04-18T16:26:17","slug":"impressora-3d-ender-3-neo","status":"publish","type":"product","link":"https:\/\/projetosddwb.com.br\/3dlab\/product\/impressora-3d-ender-3-neo\/","title":{"rendered":"Impressora 3D Ender 3 Neo"},"content":{"rendered":"<h2>IMPRESSORA 3D ENDER 3 NEO<\/h2>\n<p>A Ender 3 Neo \u00e9 um upgrade da impressora 3D mais vendida em todo mundo &#8211; a Ender 3!<\/p>\n<p>Nessa nova vers\u00e3o, NEO, essa m\u00e1quina de sucesso ganha recursos bem interessantes, como o nivelamento autom\u00e1tico da mesa, a extrusora full metal, placa m\u00e3e de 32 bits silenciosa, dissipadores de calor mais eficientes e molas de a\u00e7o para melhorar a estabilidade da superf\u00edcie de impress\u00e3o.<\/p>\n<p>Essa m\u00e1quina se torna uma op\u00e7\u00e3o ainda mais ideal para quem est\u00e1 come\u00e7ando no mundo da impress\u00e3o 3D. Ela entrega uma boa qualidade nas pe\u00e7as, facilidade de impress\u00e3o e um \u00f3timo custo-benef\u00edcio, al\u00e9m de toda credibilidade que sua vers\u00e3o antiga carrega.<\/p>\n<p>Vale lembrar que s\u00f3 comprando aqui na 3D Lab voc\u00ea ter\u00e1 suporte especializado, garantia, pe\u00e7as a pronta entrega e a confian\u00e7a de estar comprando com o representante oficial da marca Creality aqui no Brasil!<\/p>\n<p><img fetchpriority=\"high\" decoding=\"async\" class=\"alignnone wp-image-137707 size-full\" src=\"https:\/\/3dlab.com.br\/wp-content\/uploads\/2023\/05\/Ender-3-Neo-1.png\" alt=\"Ender 3 Neo\" width=\"1903\" height=\"865\" \/> <img decoding=\"async\" class=\"alignnone wp-image-137708 size-full\" src=\"https:\/\/3dlab.com.br\/wp-content\/uploads\/2023\/05\/Ender-3-Neo-2.png\" alt=\"Ender 3 Neo\" width=\"1901\" height=\"742\" \/> <img decoding=\"async\" class=\"alignnone wp-image-137709 size-full\" src=\"https:\/\/3dlab.com.br\/wp-content\/uploads\/2023\/05\/Ender-3-Neo-3.png\" alt=\"Ender 3 Neo\" width=\"1901\" height=\"743\" \/> <img loading=\"lazy\" decoding=\"async\" class=\"alignnone wp-image-137710 size-full\" src=\"https:\/\/3dlab.com.br\/wp-content\/uploads\/2023\/05\/Ender-3-Neo-4.png\" alt=\"Ender 3 Neo\" width=\"1901\" height=\"741\" \/> <img loading=\"lazy\" decoding=\"async\" class=\"alignnone wp-image-137711 size-full\" src=\"https:\/\/3dlab.com.br\/wp-content\/uploads\/2023\/05\/Ender-3-Neo-5.png\" alt=\"\" width=\"1900\" height=\"743\" \/> <img loading=\"lazy\" decoding=\"async\" class=\"alignnone wp-image-137712 size-full\" src=\"https:\/\/3dlab.com.br\/wp-content\/uploads\/2023\/05\/Ender-3-Neo-6.png\" alt=\"\" width=\"1901\" height=\"742\" \/> <img loading=\"lazy\" decoding=\"async\" class=\"alignnone wp-image-137713 size-full\" src=\"https:\/\/3dlab.com.br\/wp-content\/uploads\/2023\/05\/Ender-3-Neo-7.png\" alt=\"\" width=\"1900\" height=\"744\" \/> <img loading=\"lazy\" decoding=\"async\" class=\"alignnone wp-image-137714 size-full\" src=\"https:\/\/3dlab.com.br\/wp-content\/uploads\/2023\/05\/Ender-3-Neo-8.png\" alt=\"\" width=\"1901\" height=\"742\" \/> <img loading=\"lazy\" decoding=\"async\" class=\"alignnone wp-image-137715 size-full\" src=\"https:\/\/3dlab.com.br\/wp-content\/uploads\/2023\/05\/Ender-3-Neo-9.png\" alt=\"\" width=\"1901\" height=\"742\" \/><\/p>\n<p>&nbsp;<\/p>\n<p>Assista o v\u00eddeo abaixo sobre a montagem da Ender 3 Neo:<\/p>\n<p><iframe title=\"Ender-3 Neo Assembly &amp; Tutoruial Video\" width=\"1290\" height=\"726\" src=\"https:\/\/www.youtube.com\/embed\/iVUStlQvfPM?feature=oembed\" frameborder=\"0\" allow=\"accelerometer; autoplay; clipboard-write; encrypted-media; gyroscope; picture-in-picture; web-share\" referrerpolicy=\"strict-origin-when-cross-origin\" allowfullscreen><\/iframe><\/p>\n","protected":false},"excerpt":{"rendered":"<p>A Ender 3 Neo \u00e9 um upgrade da ic\u00f4nica Ender 3, impressora 3D mais vendida no mundo. Nessa nova vers\u00e3o, sua m\u00e1quina j\u00e1 chega com nivelamento autom\u00e1tico, placa m\u00e3e silenciosa de 32 bits, estrutura refor\u00e7ada, mesa de vidro e a alta qualidade que voc\u00ea j\u00e1 conhece das impressoras 3D Creality!<\/p>\n","protected":false},"featured_media":1811,"comment_status":"open","ping_status":"closed","template":"","meta":[],"product_brand":[],"product_cat":[264],"product_tag":[647,285],"class_list":{"0":"post-1799","1":"product","2":"type-product","3":"status-publish","4":"has-post-thumbnail","6":"product_cat-sem-categoria","7":"product_tag-ender-3-neo","8":"product_tag-impressora-3d","9":"product_shipping_class-impressoras-c-frete","11":"first","12":"instock","13":"sale","14":"shipping-taxable","15":"purchasable","16":"product-type-simple"},"yoast_head":"<!-- This site is optimized with the Yoast SEO plugin v24.8.1 - https:\/\/yoast.com\/wordpress\/plugins\/seo\/ -->\n<title>Impressora 3D Ender 3 Neo - 3D Lab<\/title>\n<meta name=\"robots\" content=\"index, follow, max-snippet:-1, max-image-preview:large, max-video-preview:-1\" \/>\n<link rel=\"canonical\" href=\"https:\/\/projetosddwb.com.br\/3dlab\/product\/impressora-3d-ender-3-neo\/\" \/>\n<meta property=\"og:locale\" content=\"pt_BR\" \/>\n<meta property=\"og:type\" content=\"article\" \/>\n<meta property=\"og:title\" content=\"Impressora 3D Ender 3 Neo - 3D Lab\" \/>\n<meta property=\"og:description\" content=\"A Ender 3 Neo \u00e9 um upgrade da ic\u00f4nica Ender 3, impressora 3D mais vendida no mundo. Nessa nova vers\u00e3o, sua m\u00e1quina j\u00e1 chega com nivelamento autom\u00e1tico, placa m\u00e3e silenciosa de 32 bits, estrutura refor\u00e7ada, mesa de vidro e a alta qualidade que voc\u00ea j\u00e1 conhece das impressoras 3D Creality!\" \/>\n<meta property=\"og:url\" content=\"https:\/\/projetosddwb.com.br\/3dlab\/product\/impressora-3d-ender-3-neo\/\" \/>\n<meta property=\"og:site_name\" content=\"3D Lab\" \/>\n<meta property=\"article:publisher\" content=\"https:\/\/www.facebook.com\/3dlabbrasil\/?locale=pt_BR\" \/>\n<meta property=\"og:image\" content=\"https:\/\/3dlab.com.br\/wp-content\/uploads\/2023\/05\/Ender-3-Neo-1.png\" \/>\n<meta name=\"twitter:card\" content=\"summary_large_image\" \/>\n<meta name=\"twitter:label1\" content=\"Est. tempo de leitura\" \/>\n\t<meta name=\"twitter:data1\" content=\"1 minuto\" \/>\n<script type=\"application\/ld+json\" class=\"yoast-schema-graph\">{\"@context\":\"https:\/\/schema.org\",\"@graph\":[{\"@type\":\"WebPage\",\"@id\":\"https:\/\/projetosddwb.com.br\/3dlab\/product\/impressora-3d-ender-3-neo\/\",\"url\":\"https:\/\/projetosddwb.com.br\/3dlab\/product\/impressora-3d-ender-3-neo\/\",\"name\":\"Impressora 3D Ender 3 Neo - 3D Lab\",\"isPartOf\":{\"@id\":\"https:\/\/projetosddwb.com.br\/3dlab\/#website\"},\"primaryImageOfPage\":{\"@id\":\"https:\/\/projetosddwb.com.br\/3dlab\/product\/impressora-3d-ender-3-neo\/#primaryimage\"},\"image\":{\"@id\":\"https:\/\/projetosddwb.com.br\/3dlab\/product\/impressora-3d-ender-3-neo\/#primaryimage\"},\"thumbnailUrl\":\"\",\"datePublished\":\"2024-04-18T16:26:17+00:00\",\"breadcrumb\":{\"@id\":\"https:\/\/projetosddwb.com.br\/3dlab\/product\/impressora-3d-ender-3-neo\/#breadcrumb\"},\"inLanguage\":\"pt-BR\",\"potentialAction\":[{\"@type\":\"ReadAction\",\"target\":[\"https:\/\/projetosddwb.com.br\/3dlab\/product\/impressora-3d-ender-3-neo\/\"]}]},{\"@type\":\"ImageObject\",\"inLanguage\":\"pt-BR\",\"@id\":\"https:\/\/projetosddwb.com.br\/3dlab\/product\/impressora-3d-ender-3-neo\/#primaryimage\",\"url\":\"\",\"contentUrl\":\"\"},{\"@type\":\"BreadcrumbList\",\"@id\":\"https:\/\/projetosddwb.com.br\/3dlab\/product\/impressora-3d-ender-3-neo\/#breadcrumb\",\"itemListElement\":[{\"@type\":\"ListItem\",\"position\":1,\"name\":\"In\u00edcio\",\"item\":\"https:\/\/projetosddwb.com.br\/3dlab\/\"},{\"@type\":\"ListItem\",\"position\":2,\"name\":\"Loja\",\"item\":\"https:\/\/projetosddwb.com.br\/3dlab\/loja\/\"},{\"@type\":\"ListItem\",\"position\":3,\"name\":\"Impressora 3D Ender 3 Neo\"}]},{\"@type\":\"WebSite\",\"@id\":\"https:\/\/projetosddwb.com.br\/3dlab\/#website\",\"url\":\"https:\/\/projetosddwb.com.br\/3dlab\/\",\"name\":\"3D Lab\",\"description\":\"\",\"publisher\":{\"@id\":\"https:\/\/projetosddwb.com.br\/3dlab\/#organization\"},\"potentialAction\":[{\"@type\":\"SearchAction\",\"target\":{\"@type\":\"EntryPoint\",\"urlTemplate\":\"https:\/\/projetosddwb.com.br\/3dlab\/?s={search_term_string}\"},\"query-input\":{\"@type\":\"PropertyValueSpecification\",\"valueRequired\":true,\"valueName\":\"search_term_string\"}}],\"inLanguage\":\"pt-BR\"},{\"@type\":\"Organization\",\"@id\":\"https:\/\/projetosddwb.com.br\/3dlab\/#organization\",\"name\":\"3D Lab\",\"url\":\"https:\/\/projetosddwb.com.br\/3dlab\/\",\"logo\":{\"@type\":\"ImageObject\",\"inLanguage\":\"pt-BR\",\"@id\":\"https:\/\/projetosddwb.com.br\/3dlab\/#\/schema\/logo\/image\/\",\"url\":\"https:\/\/projetosddwb.com.br\/3dlab\/wp-content\/uploads\/2025\/04\/cropped-cropped-3D_HORI_ORIGINAL-1.png\",\"contentUrl\":\"https:\/\/projetosddwb.com.br\/3dlab\/wp-content\/uploads\/2025\/04\/cropped-cropped-3D_HORI_ORIGINAL-1.png\",\"width\":597,\"height\":196,\"caption\":\"3D Lab\"},\"image\":{\"@id\":\"https:\/\/projetosddwb.com.br\/3dlab\/#\/schema\/logo\/image\/\"},\"sameAs\":[\"https:\/\/www.facebook.com\/3dlabbrasil\/?locale=pt_BR\",\"https:\/\/www.instagram.com\/3dlab_brasil\/\"]}]}<\/script>\n<!-- \/ Yoast SEO plugin. -->","yoast_head_json":{"title":"Impressora 3D Ender 3 Neo - 3D Lab","robots":{"index":"index","follow":"follow","max-snippet":"max-snippet:-1","max-image-preview":"max-image-preview:large","max-video-preview":"max-video-preview:-1"},"canonical":"https:\/\/projetosddwb.com.br\/3dlab\/product\/impressora-3d-ender-3-neo\/","og_locale":"pt_BR","og_type":"article","og_title":"Impressora 3D Ender 3 Neo - 3D Lab","og_description":"A Ender 3 Neo \u00e9 um upgrade da ic\u00f4nica Ender 3, impressora 3D mais vendida no mundo. Nessa nova vers\u00e3o, sua m\u00e1quina j\u00e1 chega com nivelamento autom\u00e1tico, placa m\u00e3e silenciosa de 32 bits, estrutura refor\u00e7ada, mesa de vidro e a alta qualidade que voc\u00ea j\u00e1 conhece das impressoras 3D Creality!","og_url":"https:\/\/projetosddwb.com.br\/3dlab\/product\/impressora-3d-ender-3-neo\/","og_site_name":"3D Lab","article_publisher":"https:\/\/www.facebook.com\/3dlabbrasil\/?locale=pt_BR","og_image":[{"url":"https:\/\/3dlab.com.br\/wp-content\/uploads\/2023\/05\/Ender-3-Neo-1.png","type":"","width":"","height":""}],"twitter_card":"summary_large_image","twitter_misc":{"Est. tempo de leitura":"1 minuto"},"schema":{"@context":"https:\/\/schema.org","@graph":[{"@type":"WebPage","@id":"https:\/\/projetosddwb.com.br\/3dlab\/product\/impressora-3d-ender-3-neo\/","url":"https:\/\/projetosddwb.com.br\/3dlab\/product\/impressora-3d-ender-3-neo\/","name":"Impressora 3D Ender 3 Neo - 3D Lab","isPartOf":{"@id":"https:\/\/projetosddwb.com.br\/3dlab\/#website"},"primaryImageOfPage":{"@id":"https:\/\/projetosddwb.com.br\/3dlab\/product\/impressora-3d-ender-3-neo\/#primaryimage"},"image":{"@id":"https:\/\/projetosddwb.com.br\/3dlab\/product\/impressora-3d-ender-3-neo\/#primaryimage"},"thumbnailUrl":"","datePublished":"2024-04-18T16:26:17+00:00","breadcrumb":{"@id":"https:\/\/projetosddwb.com.br\/3dlab\/product\/impressora-3d-ender-3-neo\/#breadcrumb"},"inLanguage":"pt-BR","potentialAction":[{"@type":"ReadAction","target":["https:\/\/projetosddwb.com.br\/3dlab\/product\/impressora-3d-ender-3-neo\/"]}]},{"@type":"ImageObject","inLanguage":"pt-BR","@id":"https:\/\/projetosddwb.com.br\/3dlab\/product\/impressora-3d-ender-3-neo\/#primaryimage","url":"","contentUrl":""},{"@type":"BreadcrumbList","@id":"https:\/\/projetosddwb.com.br\/3dlab\/product\/impressora-3d-ender-3-neo\/#breadcrumb","itemListElement":[{"@type":"ListItem","position":1,"name":"In\u00edcio","item":"https:\/\/projetosddwb.com.br\/3dlab\/"},{"@type":"ListItem","position":2,"name":"Loja","item":"https:\/\/projetosddwb.com.br\/3dlab\/loja\/"},{"@type":"ListItem","position":3,"name":"Impressora 3D Ender 3 Neo"}]},{"@type":"WebSite","@id":"https:\/\/projetosddwb.com.br\/3dlab\/#website","url":"https:\/\/projetosddwb.com.br\/3dlab\/","name":"3D Lab","description":"","publisher":{"@id":"https:\/\/projetosddwb.com.br\/3dlab\/#organization"},"potentialAction":[{"@type":"SearchAction","target":{"@type":"EntryPoint","urlTemplate":"https:\/\/projetosddwb.com.br\/3dlab\/?s={search_term_string}"},"query-input":{"@type":"PropertyValueSpecification","valueRequired":true,"valueName":"search_term_string"}}],"inLanguage":"pt-BR"},{"@type":"Organization","@id":"https:\/\/projetosddwb.com.br\/3dlab\/#organization","name":"3D Lab","url":"https:\/\/projetosddwb.com.br\/3dlab\/","logo":{"@type":"ImageObject","inLanguage":"pt-BR","@id":"https:\/\/projetosddwb.com.br\/3dlab\/#\/schema\/logo\/image\/","url":"https:\/\/projetosddwb.com.br\/3dlab\/wp-content\/uploads\/2025\/04\/cropped-cropped-3D_HORI_ORIGINAL-1.png","contentUrl":"https:\/\/projetosddwb.com.br\/3dlab\/wp-content\/uploads\/2025\/04\/cropped-cropped-3D_HORI_ORIGINAL-1.png","width":597,"height":196,"caption":"3D Lab"},"image":{"@id":"https:\/\/projetosddwb.com.br\/3dlab\/#\/schema\/logo\/image\/"},"sameAs":["https:\/\/www.facebook.com\/3dlabbrasil\/?locale=pt_BR","https:\/\/www.instagram.com\/3dlab_brasil\/"]}]}},"_links":{"self":[{"href":"https:\/\/projetosddwb.com.br\/3dlab\/wp-json\/wp\/v2\/product\/1799","targetHints":{"allow":["GET"]}}],"collection":[{"href":"https:\/\/projetosddwb.com.br\/3dlab\/wp-json\/wp\/v2\/product"}],"about":[{"href":"https:\/\/projetosddwb.com.br\/3dlab\/wp-json\/wp\/v2\/types\/product"}],"replies":[{"embeddable":true,"href":"https:\/\/projetosddwb.com.br\/3dlab\/wp-json\/wp\/v2\/comments?post=1799"}],"wp:featuredmedia":[{"embeddable":true,"href":"https:\/\/projetosddwb.com.br\/3dlab\/wp-json\/"}],"wp:attachment":[{"href":"https:\/\/projetosddwb.com.br\/3dlab\/wp-json\/wp\/v2\/media?parent=1799"}],"wp:term":[{"taxonomy":"product_brand","embeddable":true,"href":"https:\/\/projetosddwb.com.br\/3dlab\/wp-json\/wp\/v2\/product_brand?post=1799"},{"taxonomy":"product_cat","embeddable":true,"href":"https:\/\/projetosddwb.com.br\/3dlab\/wp-json\/wp\/v2\/product_cat?post=1799"},{"taxonomy":"product_tag","embeddable":true,"href":"https:\/\/projetosddwb.com.br\/3dlab\/wp-json\/wp\/v2\/product_tag?post=1799"}],"curies":[{"name":"wp","href":"https:\/\/api.w.org\/{rel}","templated":true}]}}