{"id":1815,"date":"2024-04-18T13:35:12","date_gmt":"2024-04-18T16:35:12","guid":{"rendered":"https:\/\/projetosddwb.com.br\/3dlab\/?post_type=product&amp;p=1815"},"modified":"2024-04-18T13:35:12","modified_gmt":"2024-04-18T16:35:12","slug":"impressora-3d-ender-3-max-neo","status":"publish","type":"product","link":"https:\/\/projetosddwb.com.br\/3dlab\/product\/impressora-3d-ender-3-max-neo\/","title":{"rendered":"Impressora 3D Ender 3 Max Neo"},"content":{"rendered":"<h2>Impressora 3D Ender 3 Max Neo<\/h2>\n<p>Para os makers que precisam de uma impressora 3D com um bom volume \u00fatil para impress\u00e3o de pe\u00e7as grandes, chegou a Ender 3 Max Neo, mais um lan\u00e7amento da marca Creality que a 3D Lab traz para o Brasil!<\/p>\n<p>Esse modelo \u00e9 uma nova vers\u00e3o da Ender 3 Max e carrega recursos e vantagens bem interessantes. Vamos analisar as principais caracter\u00edsticas dessa m\u00e1quina? Veja a lista abaixo:<\/p>\n<ul>\n<li>Volume \u00fatil de 300 x 300 x 320mm<\/li>\n<li>Duplo eixo Z ultra est\u00e1vel<\/li>\n<li>Nivelamento autom\u00e1tico da mesa com CR-Touch<\/li>\n<li>Montagem facilitada em apenas 3 passos<\/li>\n<li>Mesa de vidro Carborundum dur\u00e1vel<\/li>\n<li>Placa m\u00e3e otimizada para uma impress\u00e3o silenciosa<\/li>\n<li>Display desenvolvido para melhor experi\u00eancia do usu\u00e1rio<\/li>\n<li>Extrusor Full-metal<\/li>\n<li>Sensor de fim de filamento<\/li>\n<\/ul>\n<p>Ou seja, mesmo sendo uma impressora 3D de custo relativamente baixo, caracterizado por ser uma m\u00e1quina de entrada, essa impressora consegue entregar uma s\u00e9rie de benef\u00edcios que m\u00e1quinas at\u00e9 maiores e mais caras n\u00e3o possuem. Voc\u00ea pode aproveitar o grande volume de impress\u00e3o para criar pe\u00e7as grandes ou ent\u00e3o para criar v\u00e1rias pe\u00e7as de uma s\u00f3 vez, otimizando e aumentando a escala de produ\u00e7\u00e3o em escala.<\/p>\n<p>Essa impressora 3D tamb\u00e9m \u00e9 aconselhada para quem est\u00e1 iniciando na tecnologia de impress\u00e3o 3D ou at\u00e9 mesmo para aqueles que n\u00e3o t\u00eam muita familiaridade com equipamentos eletr\u00f4nicos. Sua opera\u00e7\u00e3o \u00e9 bem simples, desde a montagem com apenas 3 etapas, at\u00e9 o in\u00edcio da utiliza\u00e7\u00e3o.<\/p>\n<p>A 3D Lab \u00e9 a representante oficial da Creality no Brasil e somente aqui voc\u00ea ter\u00e1 todo o suporte t\u00e9cnico especializado, garantia, pe\u00e7as de reposi\u00e7\u00e3o a pronta entrega e ainda os melhores insumos do mercado. Confie na maior empresa de impress\u00e3o 3D do Brasil para comprar a sua impressora 3D!<\/p>\n<p><img fetchpriority=\"high\" decoding=\"async\" class=\"alignnone wp-image-137829 size-full\" src=\"https:\/\/3dlab.com.br\/wp-content\/uploads\/2023\/05\/Ender-3-Max-neo-1-1.png\" alt=\"Banner principal\" width=\"1917\" height=\"747\" \/><img decoding=\"async\" class=\"alignnone wp-image-137839 size-full\" src=\"https:\/\/3dlab.com.br\/wp-content\/uploads\/2023\/05\/WhatsApp-Image-2023-05-18-at-11.11.09.jpeg\" alt=\"Recursos principais\" width=\"1410\" height=\"497\" \/><img decoding=\"async\" class=\"alignnone wp-image-137836 size-full\" src=\"https:\/\/3dlab.com.br\/wp-content\/uploads\/2023\/05\/WhatsApp-Image-2023-05-18-at-10.41.27.jpeg\" alt=\"Volume de impress\u00e3o - Ender 3 Max neo\" width=\"1410\" height=\"497\" \/><img loading=\"lazy\" decoding=\"async\" class=\"alignnone wp-image-137835 size-full\" src=\"https:\/\/3dlab.com.br\/wp-content\/uploads\/2023\/05\/WhatsApp-Image-2023-05-18-at-10.41.27-1.jpeg\" alt=\"Ender 3 Max Neo\" width=\"1410\" height=\"497\" \/><img loading=\"lazy\" decoding=\"async\" class=\"alignnone wp-image-137837 size-full\" src=\"https:\/\/3dlab.com.br\/wp-content\/uploads\/2023\/05\/WhatsApp-Image-2023-05-18-at-11.11.12-1.jpeg\" alt=\"Nivelamento autom\u00e1tico\" width=\"1410\" height=\"497\" \/><img loading=\"lazy\" decoding=\"async\" class=\"alignnone wp-image-137838 size-full\" src=\"https:\/\/3dlab.com.br\/wp-content\/uploads\/2023\/05\/WhatsApp-Image-2023-05-18-at-11.11.12.jpeg\" alt=\"Montagem da impressora 3D\" width=\"1410\" height=\"497\" \/><img loading=\"lazy\" decoding=\"async\" class=\"alignnone wp-image-137830 size-full\" src=\"https:\/\/3dlab.com.br\/wp-content\/uploads\/2023\/05\/WhatsApp-Image-2023-05-18-at-10.41.29.jpeg\" alt=\"Display\" width=\"1410\" height=\"497\" \/> <img loading=\"lazy\" decoding=\"async\" class=\"alignnone wp-image-137831 size-full\" src=\"https:\/\/3dlab.com.br\/wp-content\/uploads\/2023\/05\/WhatsApp-Image-2023-05-18-at-10.41.28-3.jpeg\" alt=\"Placa m\u00e3e silenciosa\" width=\"1410\" height=\"497\" \/> <img loading=\"lazy\" decoding=\"async\" class=\"alignnone wp-image-137832 size-full\" src=\"https:\/\/3dlab.com.br\/wp-content\/uploads\/2023\/05\/WhatsApp-Image-2023-05-18-at-10.41.28-2.jpeg\" alt=\"Fonte de alimenta\u00e7\u00e3o\" width=\"1410\" height=\"497\" \/> <img loading=\"lazy\" decoding=\"async\" class=\"alignnone wp-image-137833 size-full\" src=\"https:\/\/3dlab.com.br\/wp-content\/uploads\/2023\/05\/WhatsApp-Image-2023-05-18-at-10.41.28-1.jpeg\" alt=\"Extrusor full metal - Ender 3 Max neo\" width=\"1410\" height=\"497\" \/> <img loading=\"lazy\" decoding=\"async\" class=\"alignnone wp-image-137834 size-full\" src=\"https:\/\/3dlab.com.br\/wp-content\/uploads\/2023\/05\/WhatsApp-Image-2023-05-18-at-10.41.28.jpeg\" alt=\"Sensor de fim de filamento - Ender 3 Max Neo \" width=\"1410\" height=\"497\" \/><\/p>\n<p>Assista o v\u00eddeo abaixo para conferir a simples montagem da Ender 3 Max Neo:<\/p>\n<p><iframe title=\"Ender - 3 Max Neo Assembly &amp; Tutorial Video\" width=\"1290\" height=\"726\" src=\"https:\/\/www.youtube.com\/embed\/rvWwXGvcNi4?feature=oembed\" frameborder=\"0\" allow=\"accelerometer; autoplay; clipboard-write; encrypted-media; gyroscope; picture-in-picture; web-share\" referrerpolicy=\"strict-origin-when-cross-origin\" allowfullscreen><\/iframe><\/p>\n","protected":false},"excerpt":{"rendered":"<p>A Ender 3 Max Neo \u00e9 uma impressora 3D ideal para quem busca um \u00f3timo volume de impress\u00e3o para criar pe\u00e7as grandes. Essa m\u00e1quina tem recursos interessantes, como nivelamento autom\u00e1tico, sensor de fim de filamento, duplo eixo Z para maior estabilidade, mesa de vidro dur\u00e1vel e alt\u00edssima qualidade de impress\u00e3o.<\/p>\n","protected":false},"featured_media":1824,"comment_status":"open","ping_status":"closed","template":"","meta":[],"product_brand":[],"product_cat":[306,284,302,453,280,308],"product_tag":[648,285],"class_list":{"0":"post-1815","1":"product","2":"type-product","3":"status-publish","4":"has-post-thumbnail","6":"product_cat-creality","7":"product_cat-ender-3-creality","8":"product_cat-faixa-preta","9":"product_cat-impressora-3d-de-filamento","10":"product_cat-impressoras-3d","11":"product_cat-impressoras-e-filamentos","12":"product_tag-ender-3-max-neo","13":"product_tag-impressora-3d","14":"product_shipping_class-impressoras-c-frete","16":"first","17":"instock","18":"sale","19":"shipping-taxable","20":"purchasable","21":"product-type-simple"},"yoast_head":"<!-- This site is optimized with the Yoast SEO plugin v24.8.1 - https:\/\/yoast.com\/wordpress\/plugins\/seo\/ -->\n<title>Impressora 3D Ender 3 Max Neo - 3D Lab<\/title>\n<meta name=\"robots\" content=\"index, follow, max-snippet:-1, max-image-preview:large, max-video-preview:-1\" \/>\n<link rel=\"canonical\" href=\"https:\/\/projetosddwb.com.br\/3dlab\/product\/impressora-3d-ender-3-max-neo\/\" \/>\n<meta property=\"og:locale\" content=\"pt_BR\" \/>\n<meta property=\"og:type\" content=\"article\" \/>\n<meta property=\"og:title\" content=\"Impressora 3D Ender 3 Max Neo - 3D Lab\" \/>\n<meta property=\"og:description\" content=\"A Ender 3 Max Neo \u00e9 uma impressora 3D ideal para quem busca um \u00f3timo volume de impress\u00e3o para criar pe\u00e7as grandes. Essa m\u00e1quina tem recursos interessantes, como nivelamento autom\u00e1tico, sensor de fim de filamento, duplo eixo Z para maior estabilidade, mesa de vidro dur\u00e1vel e alt\u00edssima qualidade de impress\u00e3o.\" \/>\n<meta property=\"og:url\" content=\"https:\/\/projetosddwb.com.br\/3dlab\/product\/impressora-3d-ender-3-max-neo\/\" \/>\n<meta property=\"og:site_name\" content=\"3D Lab\" \/>\n<meta property=\"article:publisher\" content=\"https:\/\/www.facebook.com\/3dlabbrasil\/?locale=pt_BR\" \/>\n<meta property=\"og:image\" content=\"https:\/\/3dlab.com.br\/wp-content\/uploads\/2023\/05\/Ender-3-Max-neo-1-1.png\" \/>\n<meta name=\"twitter:card\" content=\"summary_large_image\" \/>\n<meta name=\"twitter:label1\" content=\"Est. tempo de leitura\" \/>\n\t<meta name=\"twitter:data1\" content=\"2 minutos\" \/>\n<script type=\"application\/ld+json\" class=\"yoast-schema-graph\">{\"@context\":\"https:\/\/schema.org\",\"@graph\":[{\"@type\":\"WebPage\",\"@id\":\"https:\/\/projetosddwb.com.br\/3dlab\/product\/impressora-3d-ender-3-max-neo\/\",\"url\":\"https:\/\/projetosddwb.com.br\/3dlab\/product\/impressora-3d-ender-3-max-neo\/\",\"name\":\"Impressora 3D Ender 3 Max Neo - 3D Lab\",\"isPartOf\":{\"@id\":\"https:\/\/projetosddwb.com.br\/3dlab\/#website\"},\"primaryImageOfPage\":{\"@id\":\"https:\/\/projetosddwb.com.br\/3dlab\/product\/impressora-3d-ender-3-max-neo\/#primaryimage\"},\"image\":{\"@id\":\"https:\/\/projetosddwb.com.br\/3dlab\/product\/impressora-3d-ender-3-max-neo\/#primaryimage\"},\"thumbnailUrl\":\"\",\"datePublished\":\"2024-04-18T16:35:12+00:00\",\"breadcrumb\":{\"@id\":\"https:\/\/projetosddwb.com.br\/3dlab\/product\/impressora-3d-ender-3-max-neo\/#breadcrumb\"},\"inLanguage\":\"pt-BR\",\"potentialAction\":[{\"@type\":\"ReadAction\",\"target\":[\"https:\/\/projetosddwb.com.br\/3dlab\/product\/impressora-3d-ender-3-max-neo\/\"]}]},{\"@type\":\"ImageObject\",\"inLanguage\":\"pt-BR\",\"@id\":\"https:\/\/projetosddwb.com.br\/3dlab\/product\/impressora-3d-ender-3-max-neo\/#primaryimage\",\"url\":\"\",\"contentUrl\":\"\"},{\"@type\":\"BreadcrumbList\",\"@id\":\"https:\/\/projetosddwb.com.br\/3dlab\/product\/impressora-3d-ender-3-max-neo\/#breadcrumb\",\"itemListElement\":[{\"@type\":\"ListItem\",\"position\":1,\"name\":\"In\u00edcio\",\"item\":\"https:\/\/projetosddwb.com.br\/3dlab\/\"},{\"@type\":\"ListItem\",\"position\":2,\"name\":\"Loja\",\"item\":\"https:\/\/projetosddwb.com.br\/3dlab\/loja\/\"},{\"@type\":\"ListItem\",\"position\":3,\"name\":\"Impressora 3D Ender 3 Max Neo\"}]},{\"@type\":\"WebSite\",\"@id\":\"https:\/\/projetosddwb.com.br\/3dlab\/#website\",\"url\":\"https:\/\/projetosddwb.com.br\/3dlab\/\",\"name\":\"3D Lab\",\"description\":\"\",\"publisher\":{\"@id\":\"https:\/\/projetosddwb.com.br\/3dlab\/#organization\"},\"potentialAction\":[{\"@type\":\"SearchAction\",\"target\":{\"@type\":\"EntryPoint\",\"urlTemplate\":\"https:\/\/projetosddwb.com.br\/3dlab\/?s={search_term_string}\"},\"query-input\":{\"@type\":\"PropertyValueSpecification\",\"valueRequired\":true,\"valueName\":\"search_term_string\"}}],\"inLanguage\":\"pt-BR\"},{\"@type\":\"Organization\",\"@id\":\"https:\/\/projetosddwb.com.br\/3dlab\/#organization\",\"name\":\"3D Lab\",\"url\":\"https:\/\/projetosddwb.com.br\/3dlab\/\",\"logo\":{\"@type\":\"ImageObject\",\"inLanguage\":\"pt-BR\",\"@id\":\"https:\/\/projetosddwb.com.br\/3dlab\/#\/schema\/logo\/image\/\",\"url\":\"https:\/\/projetosddwb.com.br\/3dlab\/wp-content\/uploads\/2025\/04\/cropped-cropped-3D_HORI_ORIGINAL-1.png\",\"contentUrl\":\"https:\/\/projetosddwb.com.br\/3dlab\/wp-content\/uploads\/2025\/04\/cropped-cropped-3D_HORI_ORIGINAL-1.png\",\"width\":597,\"height\":196,\"caption\":\"3D Lab\"},\"image\":{\"@id\":\"https:\/\/projetosddwb.com.br\/3dlab\/#\/schema\/logo\/image\/\"},\"sameAs\":[\"https:\/\/www.facebook.com\/3dlabbrasil\/?locale=pt_BR\",\"https:\/\/www.instagram.com\/3dlab_brasil\/\"]}]}<\/script>\n<!-- \/ Yoast SEO plugin. -->","yoast_head_json":{"title":"Impressora 3D Ender 3 Max Neo - 3D Lab","robots":{"index":"index","follow":"follow","max-snippet":"max-snippet:-1","max-image-preview":"max-image-preview:large","max-video-preview":"max-video-preview:-1"},"canonical":"https:\/\/projetosddwb.com.br\/3dlab\/product\/impressora-3d-ender-3-max-neo\/","og_locale":"pt_BR","og_type":"article","og_title":"Impressora 3D Ender 3 Max Neo - 3D Lab","og_description":"A Ender 3 Max Neo \u00e9 uma impressora 3D ideal para quem busca um \u00f3timo volume de impress\u00e3o para criar pe\u00e7as grandes. Essa m\u00e1quina tem recursos interessantes, como nivelamento autom\u00e1tico, sensor de fim de filamento, duplo eixo Z para maior estabilidade, mesa de vidro dur\u00e1vel e alt\u00edssima qualidade de impress\u00e3o.","og_url":"https:\/\/projetosddwb.com.br\/3dlab\/product\/impressora-3d-ender-3-max-neo\/","og_site_name":"3D Lab","article_publisher":"https:\/\/www.facebook.com\/3dlabbrasil\/?locale=pt_BR","og_image":[{"url":"https:\/\/3dlab.com.br\/wp-content\/uploads\/2023\/05\/Ender-3-Max-neo-1-1.png","type":"","width":"","height":""}],"twitter_card":"summary_large_image","twitter_misc":{"Est. tempo de leitura":"2 minutos"},"schema":{"@context":"https:\/\/schema.org","@graph":[{"@type":"WebPage","@id":"https:\/\/projetosddwb.com.br\/3dlab\/product\/impressora-3d-ender-3-max-neo\/","url":"https:\/\/projetosddwb.com.br\/3dlab\/product\/impressora-3d-ender-3-max-neo\/","name":"Impressora 3D Ender 3 Max Neo - 3D Lab","isPartOf":{"@id":"https:\/\/projetosddwb.com.br\/3dlab\/#website"},"primaryImageOfPage":{"@id":"https:\/\/projetosddwb.com.br\/3dlab\/product\/impressora-3d-ender-3-max-neo\/#primaryimage"},"image":{"@id":"https:\/\/projetosddwb.com.br\/3dlab\/product\/impressora-3d-ender-3-max-neo\/#primaryimage"},"thumbnailUrl":"","datePublished":"2024-04-18T16:35:12+00:00","breadcrumb":{"@id":"https:\/\/projetosddwb.com.br\/3dlab\/product\/impressora-3d-ender-3-max-neo\/#breadcrumb"},"inLanguage":"pt-BR","potentialAction":[{"@type":"ReadAction","target":["https:\/\/projetosddwb.com.br\/3dlab\/product\/impressora-3d-ender-3-max-neo\/"]}]},{"@type":"ImageObject","inLanguage":"pt-BR","@id":"https:\/\/projetosddwb.com.br\/3dlab\/product\/impressora-3d-ender-3-max-neo\/#primaryimage","url":"","contentUrl":""},{"@type":"BreadcrumbList","@id":"https:\/\/projetosddwb.com.br\/3dlab\/product\/impressora-3d-ender-3-max-neo\/#breadcrumb","itemListElement":[{"@type":"ListItem","position":1,"name":"In\u00edcio","item":"https:\/\/projetosddwb.com.br\/3dlab\/"},{"@type":"ListItem","position":2,"name":"Loja","item":"https:\/\/projetosddwb.com.br\/3dlab\/loja\/"},{"@type":"ListItem","position":3,"name":"Impressora 3D Ender 3 Max Neo"}]},{"@type":"WebSite","@id":"https:\/\/projetosddwb.com.br\/3dlab\/#website","url":"https:\/\/projetosddwb.com.br\/3dlab\/","name":"3D Lab","description":"","publisher":{"@id":"https:\/\/projetosddwb.com.br\/3dlab\/#organization"},"potentialAction":[{"@type":"SearchAction","target":{"@type":"EntryPoint","urlTemplate":"https:\/\/projetosddwb.com.br\/3dlab\/?s={search_term_string}"},"query-input":{"@type":"PropertyValueSpecification","valueRequired":true,"valueName":"search_term_string"}}],"inLanguage":"pt-BR"},{"@type":"Organization","@id":"https:\/\/projetosddwb.com.br\/3dlab\/#organization","name":"3D Lab","url":"https:\/\/projetosddwb.com.br\/3dlab\/","logo":{"@type":"ImageObject","inLanguage":"pt-BR","@id":"https:\/\/projetosddwb.com.br\/3dlab\/#\/schema\/logo\/image\/","url":"https:\/\/projetosddwb.com.br\/3dlab\/wp-content\/uploads\/2025\/04\/cropped-cropped-3D_HORI_ORIGINAL-1.png","contentUrl":"https:\/\/projetosddwb.com.br\/3dlab\/wp-content\/uploads\/2025\/04\/cropped-cropped-3D_HORI_ORIGINAL-1.png","width":597,"height":196,"caption":"3D Lab"},"image":{"@id":"https:\/\/projetosddwb.com.br\/3dlab\/#\/schema\/logo\/image\/"},"sameAs":["https:\/\/www.facebook.com\/3dlabbrasil\/?locale=pt_BR","https:\/\/www.instagram.com\/3dlab_brasil\/"]}]}},"_links":{"self":[{"href":"https:\/\/projetosddwb.com.br\/3dlab\/wp-json\/wp\/v2\/product\/1815","targetHints":{"allow":["GET"]}}],"collection":[{"href":"https:\/\/projetosddwb.com.br\/3dlab\/wp-json\/wp\/v2\/product"}],"about":[{"href":"https:\/\/projetosddwb.com.br\/3dlab\/wp-json\/wp\/v2\/types\/product"}],"replies":[{"embeddable":true,"href":"https:\/\/projetosddwb.com.br\/3dlab\/wp-json\/wp\/v2\/comments?post=1815"}],"wp:featuredmedia":[{"embeddable":true,"href":"https:\/\/projetosddwb.com.br\/3dlab\/wp-json\/"}],"wp:attachment":[{"href":"https:\/\/projetosddwb.com.br\/3dlab\/wp-json\/wp\/v2\/media?parent=1815"}],"wp:term":[{"taxonomy":"product_brand","embeddable":true,"href":"https:\/\/projetosddwb.com.br\/3dlab\/wp-json\/wp\/v2\/product_brand?post=1815"},{"taxonomy":"product_cat","embeddable":true,"href":"https:\/\/projetosddwb.com.br\/3dlab\/wp-json\/wp\/v2\/product_cat?post=1815"},{"taxonomy":"product_tag","embeddable":true,"href":"https:\/\/projetosddwb.com.br\/3dlab\/wp-json\/wp\/v2\/product_tag?post=1815"}],"curies":[{"name":"wp","href":"https:\/\/api.w.org\/{rel}","templated":true}]}}