{"id":1896,"date":"2024-04-18T13:42:05","date_gmt":"2024-04-18T16:42:05","guid":{"rendered":"https:\/\/projetosddwb.com.br\/3dlab\/?post_type=product&amp;p=1896"},"modified":"2024-04-18T13:42:05","modified_gmt":"2024-04-18T16:42:05","slug":"cr-laser-falcon-2-40w","status":"publish","type":"product","link":"https:\/\/projetosddwb.com.br\/3dlab\/product\/cr-laser-falcon-2-40w\/","title":{"rendered":"CR-LASER FALCON 2 40W"},"content":{"rendered":"<h2>CR-LASER FALCON 2 40W<\/h2>\n<p style=\"padding-left: 40px;\">A Creality Falcon 2 de 40W \u00e9 uma empolgante e avan\u00e7ada gravadora a laser que chegou ao mercado com uma pot\u00eancia alt\u00edssima. Esta m\u00e1quina revolucion\u00e1ria representa um salto significativo no mundo da impress\u00e3o 3D, oferecendo aos entusiastas e profissionais a capacidade de cortar e gravar objetos complexos e detalhados.<\/p>\n<p style=\"padding-left: 40px;\">Esta m\u00e1quina \u00e9 projetada para realizar grava\u00e7\u00f5es e cortes precisos em diversos materiais, como madeira, acr\u00edlico, couro, tecido e muito mais, usando um laser de 40W. Sua versatilidade e precis\u00e3o tornam-na uma escolha popular para entusiastas de artesanato, criadores de prot\u00f3tipos e pequenas empresas que desejam personalizar e criar produtos com detalhes intricados. A Creality Falcon 2 oferece um vasto leque de possibilidades criativas e funcionais, gra\u00e7as \u00e0 sua capacidade de realizar trabalhos de grava\u00e7\u00e3o e corte com alta qualidade e precis\u00e3o.<\/p>\n<p><img fetchpriority=\"high\" decoding=\"async\" class=\"alignnone wp-image-144701 size-full\" src=\"https:\/\/3dlab.com.br\/wp-content\/uploads\/2023\/09\/1.png\" alt=\"Cr-laser falcon 2 40w\" width=\"1920\" height=\"1080\" \/> <img decoding=\"async\" class=\"alignnone wp-image-144702 size-full\" src=\"https:\/\/3dlab.com.br\/wp-content\/uploads\/2023\/09\/2.png\" alt=\"Cr-laser falcon 2 40w\" width=\"1920\" height=\"1080\" \/> <img decoding=\"async\" class=\"alignnone wp-image-144703 size-full\" src=\"https:\/\/3dlab.com.br\/wp-content\/uploads\/2023\/09\/3.png\" alt=\"Cr-laser falcon 2 40w\" width=\"1920\" height=\"1080\" \/> <img loading=\"lazy\" decoding=\"async\" class=\"alignnone wp-image-144704 size-full\" src=\"https:\/\/3dlab.com.br\/wp-content\/uploads\/2023\/09\/4.png\" alt=\"Cr-laser falcon 2 40w\" width=\"1920\" height=\"1080\" \/> <img loading=\"lazy\" decoding=\"async\" class=\"alignnone wp-image-144705 size-full\" src=\"https:\/\/3dlab.com.br\/wp-content\/uploads\/2023\/09\/5.png\" alt=\"Cr-laser falcon 2 40w\" width=\"1920\" height=\"1080\" \/> <img loading=\"lazy\" decoding=\"async\" class=\"alignnone wp-image-144706 size-full\" src=\"https:\/\/3dlab.com.br\/wp-content\/uploads\/2023\/09\/6.png\" alt=\"Cr-laser falcon 2 40w\" width=\"1920\" height=\"1080\" \/> <img loading=\"lazy\" decoding=\"async\" class=\"alignnone wp-image-144707 size-full\" src=\"https:\/\/3dlab.com.br\/wp-content\/uploads\/2023\/09\/7.png\" alt=\"Cr-laser falcon 2 40w\" width=\"1920\" height=\"1080\" \/> <img loading=\"lazy\" decoding=\"async\" class=\"alignnone wp-image-144708 size-full\" src=\"https:\/\/3dlab.com.br\/wp-content\/uploads\/2023\/09\/8.png\" alt=\"Cr-laser falcon 2 40w\" width=\"1920\" height=\"1080\" \/> <img loading=\"lazy\" decoding=\"async\" class=\"alignnone wp-image-144709 size-full\" src=\"https:\/\/3dlab.com.br\/wp-content\/uploads\/2023\/09\/9.png\" alt=\"Cr-laser falcon 2 40w\" width=\"1920\" height=\"1080\" \/> <img loading=\"lazy\" decoding=\"async\" class=\"alignnone wp-image-144710 size-full\" src=\"https:\/\/3dlab.com.br\/wp-content\/uploads\/2023\/09\/10.png\" alt=\"Cr-laser falcon 2 40w\" width=\"1920\" height=\"1080\" \/> <img loading=\"lazy\" decoding=\"async\" class=\"alignnone wp-image-144711 size-full\" src=\"https:\/\/3dlab.com.br\/wp-content\/uploads\/2023\/09\/11.png\" alt=\"Cr-laser falcon 2 40w\" width=\"1920\" height=\"1080\" \/> <img loading=\"lazy\" decoding=\"async\" class=\"alignnone wp-image-144712 size-full\" src=\"https:\/\/3dlab.com.br\/wp-content\/uploads\/2023\/09\/12.png\" alt=\"Cr-laser falcon 2 40w\" width=\"1920\" height=\"1080\" \/> <img loading=\"lazy\" decoding=\"async\" class=\"alignnone wp-image-144713 size-full\" src=\"https:\/\/3dlab.com.br\/wp-content\/uploads\/2023\/09\/13.png\" alt=\"Cr-laser falcon 2 40w\" width=\"1920\" height=\"1080\" \/> <img loading=\"lazy\" decoding=\"async\" class=\"alignnone wp-image-144714 size-full\" src=\"https:\/\/3dlab.com.br\/wp-content\/uploads\/2023\/09\/14.png\" alt=\"Cr-laser falcon 2 40w\" width=\"1920\" height=\"1080\" \/> <img loading=\"lazy\" decoding=\"async\" class=\"alignnone wp-image-144715 size-full\" src=\"https:\/\/3dlab.com.br\/wp-content\/uploads\/2023\/09\/15.png\" alt=\"Cr-laser falcon 2 40w\" width=\"1920\" height=\"1080\" \/> <img loading=\"lazy\" decoding=\"async\" class=\"alignnone wp-image-144716 size-full\" src=\"https:\/\/3dlab.com.br\/wp-content\/uploads\/2023\/09\/16.png\" alt=\"Cr-laser falcon 2 40w\" width=\"1920\" height=\"1080\" \/> <img loading=\"lazy\" decoding=\"async\" class=\"alignnone wp-image-144717 size-full\" src=\"https:\/\/3dlab.com.br\/wp-content\/uploads\/2023\/09\/17.png\" alt=\"Cr-laser falcon 2 40w\" width=\"1920\" height=\"1080\" \/> <img loading=\"lazy\" decoding=\"async\" class=\"alignnone wp-image-144718 size-full\" src=\"https:\/\/3dlab.com.br\/wp-content\/uploads\/2023\/09\/18.png\" alt=\"Cr-laser falcon 2 40w\" width=\"1920\" height=\"1080\" \/><\/p>\n","protected":false},"excerpt":{"rendered":"<p>CR-LASER FALCON 2 40W A Creality Falcon 2 de 40W \u00e9 uma empolgante e avan\u00e7ada gravadora a laser que chegou ao mercado com uma pot\u00eancia alt\u00edssima. Esta m\u00e1quina revolucion\u00e1ria representa&hellip;<\/p>\n","protected":false},"featured_media":1925,"comment_status":"open","ping_status":"closed","template":"","meta":[],"product_brand":[],"product_cat":[306,337,453,612,349],"product_tag":[],"class_list":{"0":"post-1896","1":"product","2":"type-product","3":"status-publish","4":"has-post-thumbnail","6":"product_cat-creality","7":"product_cat-gravador-a-laser","8":"product_cat-impressora-3d-de-filamento","9":"product_cat-industrial","10":"product_cat-novos-produtos-revisar","11":"product_shipping_class-impressoras-c-frete","13":"first","14":"instock","15":"sale","16":"shipping-taxable","17":"purchasable","18":"product-type-simple"},"yoast_head":"<!-- This site is optimized with the Yoast SEO plugin v24.8.1 - https:\/\/yoast.com\/wordpress\/plugins\/seo\/ -->\n<title>CR-LASER FALCON 2 40W - 3D Lab<\/title>\n<meta name=\"robots\" content=\"index, follow, max-snippet:-1, max-image-preview:large, max-video-preview:-1\" \/>\n<link rel=\"canonical\" href=\"https:\/\/projetosddwb.com.br\/3dlab\/product\/cr-laser-falcon-2-40w\/\" \/>\n<meta property=\"og:locale\" content=\"pt_BR\" \/>\n<meta property=\"og:type\" content=\"article\" \/>\n<meta property=\"og:title\" content=\"CR-LASER FALCON 2 40W - 3D Lab\" \/>\n<meta property=\"og:description\" content=\"CR-LASER FALCON 2 40W A Creality Falcon 2 de 40W \u00e9 uma empolgante e avan\u00e7ada gravadora a laser que chegou ao mercado com uma pot\u00eancia alt\u00edssima. Esta m\u00e1quina revolucion\u00e1ria representa&hellip;\" \/>\n<meta property=\"og:url\" content=\"https:\/\/projetosddwb.com.br\/3dlab\/product\/cr-laser-falcon-2-40w\/\" \/>\n<meta property=\"og:site_name\" content=\"3D Lab\" \/>\n<meta property=\"article:publisher\" content=\"https:\/\/www.facebook.com\/3dlabbrasil\/?locale=pt_BR\" \/>\n<meta property=\"og:image\" content=\"https:\/\/3dlab.com.br\/wp-content\/uploads\/2023\/09\/1.png\" \/>\n<meta name=\"twitter:card\" content=\"summary_large_image\" \/>\n<meta name=\"twitter:label1\" content=\"Est. tempo de leitura\" \/>\n\t<meta name=\"twitter:data1\" content=\"1 minuto\" \/>\n<script type=\"application\/ld+json\" class=\"yoast-schema-graph\">{\"@context\":\"https:\/\/schema.org\",\"@graph\":[{\"@type\":\"WebPage\",\"@id\":\"https:\/\/projetosddwb.com.br\/3dlab\/product\/cr-laser-falcon-2-40w\/\",\"url\":\"https:\/\/projetosddwb.com.br\/3dlab\/product\/cr-laser-falcon-2-40w\/\",\"name\":\"CR-LASER FALCON 2 40W - 3D Lab\",\"isPartOf\":{\"@id\":\"https:\/\/projetosddwb.com.br\/3dlab\/#website\"},\"primaryImageOfPage\":{\"@id\":\"https:\/\/projetosddwb.com.br\/3dlab\/product\/cr-laser-falcon-2-40w\/#primaryimage\"},\"image\":{\"@id\":\"https:\/\/projetosddwb.com.br\/3dlab\/product\/cr-laser-falcon-2-40w\/#primaryimage\"},\"thumbnailUrl\":\"\",\"datePublished\":\"2024-04-18T16:42:05+00:00\",\"breadcrumb\":{\"@id\":\"https:\/\/projetosddwb.com.br\/3dlab\/product\/cr-laser-falcon-2-40w\/#breadcrumb\"},\"inLanguage\":\"pt-BR\",\"potentialAction\":[{\"@type\":\"ReadAction\",\"target\":[\"https:\/\/projetosddwb.com.br\/3dlab\/product\/cr-laser-falcon-2-40w\/\"]}]},{\"@type\":\"ImageObject\",\"inLanguage\":\"pt-BR\",\"@id\":\"https:\/\/projetosddwb.com.br\/3dlab\/product\/cr-laser-falcon-2-40w\/#primaryimage\",\"url\":\"\",\"contentUrl\":\"\"},{\"@type\":\"BreadcrumbList\",\"@id\":\"https:\/\/projetosddwb.com.br\/3dlab\/product\/cr-laser-falcon-2-40w\/#breadcrumb\",\"itemListElement\":[{\"@type\":\"ListItem\",\"position\":1,\"name\":\"In\u00edcio\",\"item\":\"https:\/\/projetosddwb.com.br\/3dlab\/\"},{\"@type\":\"ListItem\",\"position\":2,\"name\":\"Loja\",\"item\":\"https:\/\/projetosddwb.com.br\/3dlab\/loja\/\"},{\"@type\":\"ListItem\",\"position\":3,\"name\":\"CR-LASER FALCON 2 40W\"}]},{\"@type\":\"WebSite\",\"@id\":\"https:\/\/projetosddwb.com.br\/3dlab\/#website\",\"url\":\"https:\/\/projetosddwb.com.br\/3dlab\/\",\"name\":\"3D Lab\",\"description\":\"\",\"publisher\":{\"@id\":\"https:\/\/projetosddwb.com.br\/3dlab\/#organization\"},\"potentialAction\":[{\"@type\":\"SearchAction\",\"target\":{\"@type\":\"EntryPoint\",\"urlTemplate\":\"https:\/\/projetosddwb.com.br\/3dlab\/?s={search_term_string}\"},\"query-input\":{\"@type\":\"PropertyValueSpecification\",\"valueRequired\":true,\"valueName\":\"search_term_string\"}}],\"inLanguage\":\"pt-BR\"},{\"@type\":\"Organization\",\"@id\":\"https:\/\/projetosddwb.com.br\/3dlab\/#organization\",\"name\":\"3D Lab\",\"url\":\"https:\/\/projetosddwb.com.br\/3dlab\/\",\"logo\":{\"@type\":\"ImageObject\",\"inLanguage\":\"pt-BR\",\"@id\":\"https:\/\/projetosddwb.com.br\/3dlab\/#\/schema\/logo\/image\/\",\"url\":\"https:\/\/projetosddwb.com.br\/3dlab\/wp-content\/uploads\/2025\/04\/cropped-cropped-3D_HORI_ORIGINAL-1.png\",\"contentUrl\":\"https:\/\/projetosddwb.com.br\/3dlab\/wp-content\/uploads\/2025\/04\/cropped-cropped-3D_HORI_ORIGINAL-1.png\",\"width\":597,\"height\":196,\"caption\":\"3D Lab\"},\"image\":{\"@id\":\"https:\/\/projetosddwb.com.br\/3dlab\/#\/schema\/logo\/image\/\"},\"sameAs\":[\"https:\/\/www.facebook.com\/3dlabbrasil\/?locale=pt_BR\",\"https:\/\/www.instagram.com\/3dlab_brasil\/\"]}]}<\/script>\n<!-- \/ Yoast SEO plugin. -->","yoast_head_json":{"title":"CR-LASER FALCON 2 40W - 3D Lab","robots":{"index":"index","follow":"follow","max-snippet":"max-snippet:-1","max-image-preview":"max-image-preview:large","max-video-preview":"max-video-preview:-1"},"canonical":"https:\/\/projetosddwb.com.br\/3dlab\/product\/cr-laser-falcon-2-40w\/","og_locale":"pt_BR","og_type":"article","og_title":"CR-LASER FALCON 2 40W - 3D Lab","og_description":"CR-LASER FALCON 2 40W A Creality Falcon 2 de 40W \u00e9 uma empolgante e avan\u00e7ada gravadora a laser que chegou ao mercado com uma pot\u00eancia alt\u00edssima. Esta m\u00e1quina revolucion\u00e1ria representa&hellip;","og_url":"https:\/\/projetosddwb.com.br\/3dlab\/product\/cr-laser-falcon-2-40w\/","og_site_name":"3D Lab","article_publisher":"https:\/\/www.facebook.com\/3dlabbrasil\/?locale=pt_BR","og_image":[{"url":"https:\/\/3dlab.com.br\/wp-content\/uploads\/2023\/09\/1.png","type":"","width":"","height":""}],"twitter_card":"summary_large_image","twitter_misc":{"Est. tempo de leitura":"1 minuto"},"schema":{"@context":"https:\/\/schema.org","@graph":[{"@type":"WebPage","@id":"https:\/\/projetosddwb.com.br\/3dlab\/product\/cr-laser-falcon-2-40w\/","url":"https:\/\/projetosddwb.com.br\/3dlab\/product\/cr-laser-falcon-2-40w\/","name":"CR-LASER FALCON 2 40W - 3D Lab","isPartOf":{"@id":"https:\/\/projetosddwb.com.br\/3dlab\/#website"},"primaryImageOfPage":{"@id":"https:\/\/projetosddwb.com.br\/3dlab\/product\/cr-laser-falcon-2-40w\/#primaryimage"},"image":{"@id":"https:\/\/projetosddwb.com.br\/3dlab\/product\/cr-laser-falcon-2-40w\/#primaryimage"},"thumbnailUrl":"","datePublished":"2024-04-18T16:42:05+00:00","breadcrumb":{"@id":"https:\/\/projetosddwb.com.br\/3dlab\/product\/cr-laser-falcon-2-40w\/#breadcrumb"},"inLanguage":"pt-BR","potentialAction":[{"@type":"ReadAction","target":["https:\/\/projetosddwb.com.br\/3dlab\/product\/cr-laser-falcon-2-40w\/"]}]},{"@type":"ImageObject","inLanguage":"pt-BR","@id":"https:\/\/projetosddwb.com.br\/3dlab\/product\/cr-laser-falcon-2-40w\/#primaryimage","url":"","contentUrl":""},{"@type":"BreadcrumbList","@id":"https:\/\/projetosddwb.com.br\/3dlab\/product\/cr-laser-falcon-2-40w\/#breadcrumb","itemListElement":[{"@type":"ListItem","position":1,"name":"In\u00edcio","item":"https:\/\/projetosddwb.com.br\/3dlab\/"},{"@type":"ListItem","position":2,"name":"Loja","item":"https:\/\/projetosddwb.com.br\/3dlab\/loja\/"},{"@type":"ListItem","position":3,"name":"CR-LASER FALCON 2 40W"}]},{"@type":"WebSite","@id":"https:\/\/projetosddwb.com.br\/3dlab\/#website","url":"https:\/\/projetosddwb.com.br\/3dlab\/","name":"3D Lab","description":"","publisher":{"@id":"https:\/\/projetosddwb.com.br\/3dlab\/#organization"},"potentialAction":[{"@type":"SearchAction","target":{"@type":"EntryPoint","urlTemplate":"https:\/\/projetosddwb.com.br\/3dlab\/?s={search_term_string}"},"query-input":{"@type":"PropertyValueSpecification","valueRequired":true,"valueName":"search_term_string"}}],"inLanguage":"pt-BR"},{"@type":"Organization","@id":"https:\/\/projetosddwb.com.br\/3dlab\/#organization","name":"3D Lab","url":"https:\/\/projetosddwb.com.br\/3dlab\/","logo":{"@type":"ImageObject","inLanguage":"pt-BR","@id":"https:\/\/projetosddwb.com.br\/3dlab\/#\/schema\/logo\/image\/","url":"https:\/\/projetosddwb.com.br\/3dlab\/wp-content\/uploads\/2025\/04\/cropped-cropped-3D_HORI_ORIGINAL-1.png","contentUrl":"https:\/\/projetosddwb.com.br\/3dlab\/wp-content\/uploads\/2025\/04\/cropped-cropped-3D_HORI_ORIGINAL-1.png","width":597,"height":196,"caption":"3D Lab"},"image":{"@id":"https:\/\/projetosddwb.com.br\/3dlab\/#\/schema\/logo\/image\/"},"sameAs":["https:\/\/www.facebook.com\/3dlabbrasil\/?locale=pt_BR","https:\/\/www.instagram.com\/3dlab_brasil\/"]}]}},"_links":{"self":[{"href":"https:\/\/projetosddwb.com.br\/3dlab\/wp-json\/wp\/v2\/product\/1896","targetHints":{"allow":["GET"]}}],"collection":[{"href":"https:\/\/projetosddwb.com.br\/3dlab\/wp-json\/wp\/v2\/product"}],"about":[{"href":"https:\/\/projetosddwb.com.br\/3dlab\/wp-json\/wp\/v2\/types\/product"}],"replies":[{"embeddable":true,"href":"https:\/\/projetosddwb.com.br\/3dlab\/wp-json\/wp\/v2\/comments?post=1896"}],"wp:featuredmedia":[{"embeddable":true,"href":"https:\/\/projetosddwb.com.br\/3dlab\/wp-json\/"}],"wp:attachment":[{"href":"https:\/\/projetosddwb.com.br\/3dlab\/wp-json\/wp\/v2\/media?parent=1896"}],"wp:term":[{"taxonomy":"product_brand","embeddable":true,"href":"https:\/\/projetosddwb.com.br\/3dlab\/wp-json\/wp\/v2\/product_brand?post=1896"},{"taxonomy":"product_cat","embeddable":true,"href":"https:\/\/projetosddwb.com.br\/3dlab\/wp-json\/wp\/v2\/product_cat?post=1896"},{"taxonomy":"product_tag","embeddable":true,"href":"https:\/\/projetosddwb.com.br\/3dlab\/wp-json\/wp\/v2\/product_tag?post=1896"}],"curies":[{"name":"wp","href":"https:\/\/api.w.org\/{rel}","templated":true}]}}