{"id":1906,"date":"2024-04-18T13:42:06","date_gmt":"2024-04-18T16:42:06","guid":{"rendered":"https:\/\/projetosddwb.com.br\/3dlab\/?post_type=product&amp;p=1906"},"modified":"2024-04-18T13:42:06","modified_gmt":"2024-04-18T16:42:06","slug":"filamento-pla-ht-impact-preto","status":"publish","type":"product","link":"https:\/\/projetosddwb.com.br\/3dlab\/product\/filamento-pla-ht-impact-preto\/","title":{"rendered":"FILAMENTO PLA HT IMPACT PRETO"},"content":{"rendered":"<h2>PLA HT IMPACT Preto<\/h2>\n<p>Projetado para oferecer maior resist\u00eancia ao calor e alta resist\u00eancia ao impacto para pe\u00e7as impressas em 3D. Este PLA foi formulado para entregar melhor resist\u00eancia t\u00e9rmica e mec\u00e2nica, com propriedades semelhantes ao ABS.<\/p>\n<p>Com o PLA HT IMPACT, voc\u00ea produz um material com alta resist\u00eancia de um ABS, com a facilidade de impress\u00e3o de um PLA.<\/p>\n<p>O PLA HT IMPACT \u00e9 produzido com Ingeo 3D870 da Nature Works para melhor desempenho.<\/p>\n<p><strong>CONFIRA A RESIST\u00caNCIA A TEMPERATURA COMPARADA A OUTROS MATERIAIS:<\/strong><\/p>\n<p><img fetchpriority=\"high\" decoding=\"async\" class=\"alignnone wp-image-145016 size-full\" src=\"https:\/\/3dlab.com.br\/wp-content\/uploads\/2023\/09\/kxnkffm.png\" alt=\"pla alto impacto\" width=\"796\" height=\"375\" \/> <img decoding=\"async\" class=\"alignnone wp-image-145023 \" src=\"https:\/\/3dlab.com.br\/wp-content\/uploads\/2023\/09\/Design-sem-nome-2023-09-28T125121.926-1024x1024.png\" alt=\"Resist\u00eancia a temperatura\" width=\"501\" height=\"501\" \/><\/p>\n<p><strong>CONFIRA A RESIST\u00caNCIA AO IMPACTO COMPARADA A OUTROS MATERIAIS:<\/strong><\/p>\n<p><img decoding=\"async\" class=\"alignnone wp-image-145025 \" src=\"https:\/\/3dlab.com.br\/wp-content\/uploads\/2023\/09\/Design-sem-nome-2023-09-28T125301.920.png\" alt=\"pla ht impact\" width=\"499\" height=\"499\" \/><\/p>\n","protected":false},"excerpt":{"rendered":"<p>PLA HT IMPACT Preto Projetado para oferecer maior resist\u00eancia ao calor e alta resist\u00eancia ao impacto para pe\u00e7as impressas em 3D. Este PLA foi formulado para entregar melhor resist\u00eancia t\u00e9rmica&hellip;<\/p>\n","protected":false},"featured_media":990,"comment_status":"open","ping_status":"closed","template":"","meta":[],"product_brand":[],"product_cat":[429,359,349,334,662],"product_tag":[660,661,663],"class_list":{"0":"post-1906","1":"product","2":"type-product","3":"status-publish","4":"has-post-thumbnail","6":"product_cat-filamentos-especiais","7":"product_cat-lancamentos","8":"product_cat-novos-produtos-revisar","9":"product_cat-pla","10":"product_cat-pla-ht-impact","11":"product_tag-pla-de-alto-impacto","12":"product_tag-pla-ht","13":"product_tag-pla-ht-impact","14":"product_shipping_class-filamentos","16":"first","17":"instock","18":"shipping-taxable","19":"purchasable","20":"product-type-variable","21":"has-default-attributes"},"yoast_head":"<!-- This site is optimized with the Yoast SEO plugin v24.8.1 - https:\/\/yoast.com\/wordpress\/plugins\/seo\/ -->\n<title>FILAMENTO PLA HT IMPACT PRETO - 3D Lab<\/title>\n<meta name=\"robots\" content=\"index, follow, max-snippet:-1, max-image-preview:large, max-video-preview:-1\" \/>\n<link rel=\"canonical\" href=\"https:\/\/projetosddwb.com.br\/3dlab\/product\/filamento-pla-ht-impact-preto\/\" \/>\n<meta property=\"og:locale\" content=\"pt_BR\" \/>\n<meta property=\"og:type\" content=\"article\" \/>\n<meta property=\"og:title\" content=\"FILAMENTO PLA HT IMPACT PRETO - 3D Lab\" \/>\n<meta property=\"og:description\" content=\"PLA HT IMPACT Preto Projetado para oferecer maior resist\u00eancia ao calor e alta resist\u00eancia ao impacto para pe\u00e7as impressas em 3D. Este PLA foi formulado para entregar melhor resist\u00eancia t\u00e9rmica&hellip;\" \/>\n<meta property=\"og:url\" content=\"https:\/\/projetosddwb.com.br\/3dlab\/product\/filamento-pla-ht-impact-preto\/\" \/>\n<meta property=\"og:site_name\" content=\"3D Lab\" \/>\n<meta property=\"article:publisher\" content=\"https:\/\/www.facebook.com\/3dlabbrasil\/?locale=pt_BR\" \/>\n<meta property=\"og:image\" content=\"https:\/\/3dlab.com.br\/wp-content\/uploads\/2023\/09\/kxnkffm.png\" \/>\n<meta name=\"twitter:card\" content=\"summary_large_image\" \/>\n<meta name=\"twitter:label1\" content=\"Est. tempo de leitura\" \/>\n\t<meta name=\"twitter:data1\" content=\"1 minuto\" \/>\n<script type=\"application\/ld+json\" class=\"yoast-schema-graph\">{\"@context\":\"https:\/\/schema.org\",\"@graph\":[{\"@type\":\"WebPage\",\"@id\":\"https:\/\/projetosddwb.com.br\/3dlab\/product\/filamento-pla-ht-impact-preto\/\",\"url\":\"https:\/\/projetosddwb.com.br\/3dlab\/product\/filamento-pla-ht-impact-preto\/\",\"name\":\"FILAMENTO PLA HT IMPACT PRETO - 3D Lab\",\"isPartOf\":{\"@id\":\"https:\/\/projetosddwb.com.br\/3dlab\/#website\"},\"primaryImageOfPage\":{\"@id\":\"https:\/\/projetosddwb.com.br\/3dlab\/product\/filamento-pla-ht-impact-preto\/#primaryimage\"},\"image\":{\"@id\":\"https:\/\/projetosddwb.com.br\/3dlab\/product\/filamento-pla-ht-impact-preto\/#primaryimage\"},\"thumbnailUrl\":\"\",\"datePublished\":\"2024-04-18T16:42:06+00:00\",\"breadcrumb\":{\"@id\":\"https:\/\/projetosddwb.com.br\/3dlab\/product\/filamento-pla-ht-impact-preto\/#breadcrumb\"},\"inLanguage\":\"pt-BR\",\"potentialAction\":[{\"@type\":\"ReadAction\",\"target\":[\"https:\/\/projetosddwb.com.br\/3dlab\/product\/filamento-pla-ht-impact-preto\/\"]}]},{\"@type\":\"ImageObject\",\"inLanguage\":\"pt-BR\",\"@id\":\"https:\/\/projetosddwb.com.br\/3dlab\/product\/filamento-pla-ht-impact-preto\/#primaryimage\",\"url\":\"\",\"contentUrl\":\"\"},{\"@type\":\"BreadcrumbList\",\"@id\":\"https:\/\/projetosddwb.com.br\/3dlab\/product\/filamento-pla-ht-impact-preto\/#breadcrumb\",\"itemListElement\":[{\"@type\":\"ListItem\",\"position\":1,\"name\":\"In\u00edcio\",\"item\":\"https:\/\/projetosddwb.com.br\/3dlab\/\"},{\"@type\":\"ListItem\",\"position\":2,\"name\":\"Loja\",\"item\":\"https:\/\/projetosddwb.com.br\/3dlab\/loja\/\"},{\"@type\":\"ListItem\",\"position\":3,\"name\":\"FILAMENTO PLA HT IMPACT PRETO\"}]},{\"@type\":\"WebSite\",\"@id\":\"https:\/\/projetosddwb.com.br\/3dlab\/#website\",\"url\":\"https:\/\/projetosddwb.com.br\/3dlab\/\",\"name\":\"3D Lab\",\"description\":\"\",\"publisher\":{\"@id\":\"https:\/\/projetosddwb.com.br\/3dlab\/#organization\"},\"potentialAction\":[{\"@type\":\"SearchAction\",\"target\":{\"@type\":\"EntryPoint\",\"urlTemplate\":\"https:\/\/projetosddwb.com.br\/3dlab\/?s={search_term_string}\"},\"query-input\":{\"@type\":\"PropertyValueSpecification\",\"valueRequired\":true,\"valueName\":\"search_term_string\"}}],\"inLanguage\":\"pt-BR\"},{\"@type\":\"Organization\",\"@id\":\"https:\/\/projetosddwb.com.br\/3dlab\/#organization\",\"name\":\"3D Lab\",\"url\":\"https:\/\/projetosddwb.com.br\/3dlab\/\",\"logo\":{\"@type\":\"ImageObject\",\"inLanguage\":\"pt-BR\",\"@id\":\"https:\/\/projetosddwb.com.br\/3dlab\/#\/schema\/logo\/image\/\",\"url\":\"https:\/\/projetosddwb.com.br\/3dlab\/wp-content\/uploads\/2025\/04\/cropped-cropped-3D_HORI_ORIGINAL-1.png\",\"contentUrl\":\"https:\/\/projetosddwb.com.br\/3dlab\/wp-content\/uploads\/2025\/04\/cropped-cropped-3D_HORI_ORIGINAL-1.png\",\"width\":597,\"height\":196,\"caption\":\"3D Lab\"},\"image\":{\"@id\":\"https:\/\/projetosddwb.com.br\/3dlab\/#\/schema\/logo\/image\/\"},\"sameAs\":[\"https:\/\/www.facebook.com\/3dlabbrasil\/?locale=pt_BR\",\"https:\/\/www.instagram.com\/3dlab_brasil\/\"]}]}<\/script>\n<!-- \/ Yoast SEO plugin. -->","yoast_head_json":{"title":"FILAMENTO PLA HT IMPACT PRETO - 3D Lab","robots":{"index":"index","follow":"follow","max-snippet":"max-snippet:-1","max-image-preview":"max-image-preview:large","max-video-preview":"max-video-preview:-1"},"canonical":"https:\/\/projetosddwb.com.br\/3dlab\/product\/filamento-pla-ht-impact-preto\/","og_locale":"pt_BR","og_type":"article","og_title":"FILAMENTO PLA HT IMPACT PRETO - 3D Lab","og_description":"PLA HT IMPACT Preto Projetado para oferecer maior resist\u00eancia ao calor e alta resist\u00eancia ao impacto para pe\u00e7as impressas em 3D. Este PLA foi formulado para entregar melhor resist\u00eancia t\u00e9rmica&hellip;","og_url":"https:\/\/projetosddwb.com.br\/3dlab\/product\/filamento-pla-ht-impact-preto\/","og_site_name":"3D Lab","article_publisher":"https:\/\/www.facebook.com\/3dlabbrasil\/?locale=pt_BR","og_image":[{"url":"https:\/\/3dlab.com.br\/wp-content\/uploads\/2023\/09\/kxnkffm.png","type":"","width":"","height":""}],"twitter_card":"summary_large_image","twitter_misc":{"Est. tempo de leitura":"1 minuto"},"schema":{"@context":"https:\/\/schema.org","@graph":[{"@type":"WebPage","@id":"https:\/\/projetosddwb.com.br\/3dlab\/product\/filamento-pla-ht-impact-preto\/","url":"https:\/\/projetosddwb.com.br\/3dlab\/product\/filamento-pla-ht-impact-preto\/","name":"FILAMENTO PLA HT IMPACT PRETO - 3D Lab","isPartOf":{"@id":"https:\/\/projetosddwb.com.br\/3dlab\/#website"},"primaryImageOfPage":{"@id":"https:\/\/projetosddwb.com.br\/3dlab\/product\/filamento-pla-ht-impact-preto\/#primaryimage"},"image":{"@id":"https:\/\/projetosddwb.com.br\/3dlab\/product\/filamento-pla-ht-impact-preto\/#primaryimage"},"thumbnailUrl":"","datePublished":"2024-04-18T16:42:06+00:00","breadcrumb":{"@id":"https:\/\/projetosddwb.com.br\/3dlab\/product\/filamento-pla-ht-impact-preto\/#breadcrumb"},"inLanguage":"pt-BR","potentialAction":[{"@type":"ReadAction","target":["https:\/\/projetosddwb.com.br\/3dlab\/product\/filamento-pla-ht-impact-preto\/"]}]},{"@type":"ImageObject","inLanguage":"pt-BR","@id":"https:\/\/projetosddwb.com.br\/3dlab\/product\/filamento-pla-ht-impact-preto\/#primaryimage","url":"","contentUrl":""},{"@type":"BreadcrumbList","@id":"https:\/\/projetosddwb.com.br\/3dlab\/product\/filamento-pla-ht-impact-preto\/#breadcrumb","itemListElement":[{"@type":"ListItem","position":1,"name":"In\u00edcio","item":"https:\/\/projetosddwb.com.br\/3dlab\/"},{"@type":"ListItem","position":2,"name":"Loja","item":"https:\/\/projetosddwb.com.br\/3dlab\/loja\/"},{"@type":"ListItem","position":3,"name":"FILAMENTO PLA HT IMPACT PRETO"}]},{"@type":"WebSite","@id":"https:\/\/projetosddwb.com.br\/3dlab\/#website","url":"https:\/\/projetosddwb.com.br\/3dlab\/","name":"3D Lab","description":"","publisher":{"@id":"https:\/\/projetosddwb.com.br\/3dlab\/#organization"},"potentialAction":[{"@type":"SearchAction","target":{"@type":"EntryPoint","urlTemplate":"https:\/\/projetosddwb.com.br\/3dlab\/?s={search_term_string}"},"query-input":{"@type":"PropertyValueSpecification","valueRequired":true,"valueName":"search_term_string"}}],"inLanguage":"pt-BR"},{"@type":"Organization","@id":"https:\/\/projetosddwb.com.br\/3dlab\/#organization","name":"3D Lab","url":"https:\/\/projetosddwb.com.br\/3dlab\/","logo":{"@type":"ImageObject","inLanguage":"pt-BR","@id":"https:\/\/projetosddwb.com.br\/3dlab\/#\/schema\/logo\/image\/","url":"https:\/\/projetosddwb.com.br\/3dlab\/wp-content\/uploads\/2025\/04\/cropped-cropped-3D_HORI_ORIGINAL-1.png","contentUrl":"https:\/\/projetosddwb.com.br\/3dlab\/wp-content\/uploads\/2025\/04\/cropped-cropped-3D_HORI_ORIGINAL-1.png","width":597,"height":196,"caption":"3D Lab"},"image":{"@id":"https:\/\/projetosddwb.com.br\/3dlab\/#\/schema\/logo\/image\/"},"sameAs":["https:\/\/www.facebook.com\/3dlabbrasil\/?locale=pt_BR","https:\/\/www.instagram.com\/3dlab_brasil\/"]}]}},"_links":{"self":[{"href":"https:\/\/projetosddwb.com.br\/3dlab\/wp-json\/wp\/v2\/product\/1906","targetHints":{"allow":["GET"]}}],"collection":[{"href":"https:\/\/projetosddwb.com.br\/3dlab\/wp-json\/wp\/v2\/product"}],"about":[{"href":"https:\/\/projetosddwb.com.br\/3dlab\/wp-json\/wp\/v2\/types\/product"}],"replies":[{"embeddable":true,"href":"https:\/\/projetosddwb.com.br\/3dlab\/wp-json\/wp\/v2\/comments?post=1906"}],"wp:featuredmedia":[{"embeddable":true,"href":"https:\/\/projetosddwb.com.br\/3dlab\/wp-json\/"}],"wp:attachment":[{"href":"https:\/\/projetosddwb.com.br\/3dlab\/wp-json\/wp\/v2\/media?parent=1906"}],"wp:term":[{"taxonomy":"product_brand","embeddable":true,"href":"https:\/\/projetosddwb.com.br\/3dlab\/wp-json\/wp\/v2\/product_brand?post=1906"},{"taxonomy":"product_cat","embeddable":true,"href":"https:\/\/projetosddwb.com.br\/3dlab\/wp-json\/wp\/v2\/product_cat?post=1906"},{"taxonomy":"product_tag","embeddable":true,"href":"https:\/\/projetosddwb.com.br\/3dlab\/wp-json\/wp\/v2\/product_tag?post=1906"}],"curies":[{"name":"wp","href":"https:\/\/api.w.org\/{rel}","templated":true}]}}