{"id":1960,"date":"2024-04-18T15:49:55","date_gmt":"2024-04-18T18:49:55","guid":{"rendered":"https:\/\/projetosddwb.com.br\/3dlab\/?post_type=product&amp;p=1960"},"modified":"2024-04-18T15:49:55","modified_gmt":"2024-04-18T18:49:55","slug":"filamento-pla-premium-laranja-neon","status":"publish","type":"product","link":"https:\/\/projetosddwb.com.br\/3dlab\/product\/filamento-pla-premium-laranja-neon\/","title":{"rendered":"FILAMENTO PLA PREMIUM LARANJA NEON"},"content":{"rendered":"<h2>Filamento PLA Premium Laranja Neon<\/h2>\n<p>O Filamento PLA Premium Laranja Neon \u00e9 uma op\u00e7\u00e3o vibrante e emocionante para entusiastas da impress\u00e3o 3D que desejam dar vida aos seus projetos com cores intensas e brilhantes. Este filamento PLA, feito de \u00e1cido polil\u00e1tico biodegrad\u00e1vel, apresenta uma paleta de cores que remete aos tons fluorescentes e luminosos. Quando usado em impressoras 3D, o PLA Neon oferece resultados impressionantes, com uma superf\u00edcie suave e de alta qualidade.<\/p>\n<p>O PLA Laranja Neon possui capacidade de brilhar sob a luz negra, tornando-o uma escolha popular para projetos que envolvem efeitos de ilumina\u00e7\u00e3o especial, decora\u00e7\u00f5es de festas, acess\u00f3rios de moda, objetos de arte e muito mais. Sua facilidade de impress\u00e3o, baixo odor e aus\u00eancia de warping (deforma\u00e7\u00e3o) tornam-no adequado para uma ampla variedade de aplica\u00e7\u00f5es, desde brinquedos at\u00e9 pe\u00e7as funcionais.<\/p>\n<p>Al\u00e9m disso, \u00e9 uma op\u00e7\u00e3o ecologicamente correta, pois \u00e9 biodegrad\u00e1vel e derivado de recursos renov\u00e1veis, tornando-o uma escolha respons\u00e1vel para os entusiastas da impress\u00e3o 3D preocupados com o meio ambiente. Com o filamento este filamento voc\u00ea pode adicionar um toque de luz e cor aos seus projetos de impress\u00e3o 3D de uma maneira que realmente se destaca e impressiona.<\/p>\n<h3>O nosso PLA Premium \u00e9 HT!<\/h3>\n<p>O filamento PLA Premium da 3DLab \u00e9 produzido com o 3D850, mat\u00e9ria-prima que produz o<em>\u00a0Filamento HT.\u00a0<\/em>Para quem n\u00e3o sabe o termo \u201cHT\u201d quer dizer High Temperature, que \u00e9 um PLA que suporta alta temperatura ap\u00f3s a cristaliza\u00e7\u00e3o na finaliza\u00e7\u00e3o da pe\u00e7a.<\/p>\n<p>Para realizar o processo de cristaliza\u00e7\u00e3o basta realizar o recozimento da pe\u00e7a impressa em uma temperatura constant de 110\u00b0C-120\u00b0C no tempo de 10\/20min. Realizando o procedimento a sua pe\u00e7a tem um ganho de resist\u00eancia mec\u00e2nica e a alta temperatura. Leia mais sobre isso\u00a0<a href=\"https:\/\/3dlab.com.br\/pla-premium-ht-conheca-as-suas-vantagens\/\" target=\"_blank\" rel=\"noopener\">clicando aqui!<\/a><\/p>\n<h3>A 3D Lab prioriza voc\u00ea!<\/h3>\n<p>Todos os nossos filamentos s\u00e3o fabricados em nossa sede, em Betim\/MG, com alto n\u00edvel de controle de qualidade, garantindo um \u00f3timo produto e a satisfa\u00e7\u00e3o de nossos clientes. Para isso, lembre-se de sempre armazenar seus filamentos em locais livres de umidade e que n\u00e3o recebam radia\u00e7\u00e3o solar diretamente.<\/p>\n<p>Se voc\u00ea tiver qualquer d\u00favida para utilizar este material voc\u00ea pode consultar nosso guia completo do filamento, em nosso blog. O link para o conte\u00fado de como imprimir com o Filamento PLA est\u00e1\u00a0<a href=\"https:\/\/3dlab.com.br\/como-imprimir-com-filamento-pla\/\">aqui<\/a>. Voc\u00ea tamb\u00e9m pode solicitar a ajuda de um de nossos especialistas. Utilize o canal de comunica\u00e7\u00e3o que lhe for mais interessante. Atendemos no chat online, e-mail, telefone, WhatsApp ou venha nos visitar aqui na nossa sede, na Rua Cl\u00e1udio, 62, Prado \u2013 Belo Horizonte\/MG.<\/p>\n","protected":false},"excerpt":{"rendered":"<p>Pantone aproximado: 805 C<\/p>\n","protected":false},"featured_media":1986,"comment_status":"open","ping_status":"closed","template":"","meta":[],"product_brand":[],"product_cat":[302,272,399],"product_tag":[670,667,671,398],"class_list":{"0":"post-1960","1":"product","2":"type-product","3":"status-publish","4":"has-post-thumbnail","6":"product_cat-faixa-preta","7":"product_cat-filamento-para-impressora-3d","8":"product_cat-pla-premium-neon","9":"product_tag-filamento-laranja-neon","10":"product_tag-filamento-neon","11":"product_tag-laranja-neon","12":"product_tag-pla-neon","13":"product_shipping_class-filamentos","15":"first","16":"instock","17":"shipping-taxable","18":"purchasable","19":"product-type-variable","20":"has-default-attributes"},"yoast_head":"<!-- This site is optimized with the Yoast SEO plugin v24.8.1 - https:\/\/yoast.com\/wordpress\/plugins\/seo\/ -->\n<title>FILAMENTO PLA PREMIUM LARANJA NEON - 3D Lab<\/title>\n<meta name=\"robots\" content=\"index, follow, max-snippet:-1, max-image-preview:large, max-video-preview:-1\" \/>\n<link rel=\"canonical\" href=\"https:\/\/projetosddwb.com.br\/3dlab\/product\/filamento-pla-premium-laranja-neon\/\" \/>\n<meta property=\"og:locale\" content=\"pt_BR\" \/>\n<meta property=\"og:type\" content=\"article\" \/>\n<meta property=\"og:title\" content=\"FILAMENTO PLA PREMIUM LARANJA NEON - 3D Lab\" \/>\n<meta property=\"og:description\" content=\"Pantone aproximado: 805 C\" \/>\n<meta property=\"og:url\" content=\"https:\/\/projetosddwb.com.br\/3dlab\/product\/filamento-pla-premium-laranja-neon\/\" \/>\n<meta property=\"og:site_name\" content=\"3D Lab\" \/>\n<meta property=\"article:publisher\" content=\"https:\/\/www.facebook.com\/3dlabbrasil\/?locale=pt_BR\" \/>\n<meta name=\"twitter:card\" content=\"summary_large_image\" \/>\n<meta name=\"twitter:label1\" content=\"Est. tempo de leitura\" \/>\n\t<meta name=\"twitter:data1\" content=\"2 minutos\" \/>\n<script type=\"application\/ld+json\" class=\"yoast-schema-graph\">{\"@context\":\"https:\/\/schema.org\",\"@graph\":[{\"@type\":\"WebPage\",\"@id\":\"https:\/\/projetosddwb.com.br\/3dlab\/product\/filamento-pla-premium-laranja-neon\/\",\"url\":\"https:\/\/projetosddwb.com.br\/3dlab\/product\/filamento-pla-premium-laranja-neon\/\",\"name\":\"FILAMENTO PLA PREMIUM LARANJA NEON - 3D Lab\",\"isPartOf\":{\"@id\":\"https:\/\/projetosddwb.com.br\/3dlab\/#website\"},\"primaryImageOfPage\":{\"@id\":\"https:\/\/projetosddwb.com.br\/3dlab\/product\/filamento-pla-premium-laranja-neon\/#primaryimage\"},\"image\":{\"@id\":\"https:\/\/projetosddwb.com.br\/3dlab\/product\/filamento-pla-premium-laranja-neon\/#primaryimage\"},\"thumbnailUrl\":\"\",\"datePublished\":\"2024-04-18T18:49:55+00:00\",\"breadcrumb\":{\"@id\":\"https:\/\/projetosddwb.com.br\/3dlab\/product\/filamento-pla-premium-laranja-neon\/#breadcrumb\"},\"inLanguage\":\"pt-BR\",\"potentialAction\":[{\"@type\":\"ReadAction\",\"target\":[\"https:\/\/projetosddwb.com.br\/3dlab\/product\/filamento-pla-premium-laranja-neon\/\"]}]},{\"@type\":\"ImageObject\",\"inLanguage\":\"pt-BR\",\"@id\":\"https:\/\/projetosddwb.com.br\/3dlab\/product\/filamento-pla-premium-laranja-neon\/#primaryimage\",\"url\":\"\",\"contentUrl\":\"\"},{\"@type\":\"BreadcrumbList\",\"@id\":\"https:\/\/projetosddwb.com.br\/3dlab\/product\/filamento-pla-premium-laranja-neon\/#breadcrumb\",\"itemListElement\":[{\"@type\":\"ListItem\",\"position\":1,\"name\":\"In\u00edcio\",\"item\":\"https:\/\/projetosddwb.com.br\/3dlab\/\"},{\"@type\":\"ListItem\",\"position\":2,\"name\":\"Loja\",\"item\":\"https:\/\/projetosddwb.com.br\/3dlab\/loja\/\"},{\"@type\":\"ListItem\",\"position\":3,\"name\":\"FILAMENTO PLA PREMIUM LARANJA NEON\"}]},{\"@type\":\"WebSite\",\"@id\":\"https:\/\/projetosddwb.com.br\/3dlab\/#website\",\"url\":\"https:\/\/projetosddwb.com.br\/3dlab\/\",\"name\":\"3D Lab\",\"description\":\"\",\"publisher\":{\"@id\":\"https:\/\/projetosddwb.com.br\/3dlab\/#organization\"},\"potentialAction\":[{\"@type\":\"SearchAction\",\"target\":{\"@type\":\"EntryPoint\",\"urlTemplate\":\"https:\/\/projetosddwb.com.br\/3dlab\/?s={search_term_string}\"},\"query-input\":{\"@type\":\"PropertyValueSpecification\",\"valueRequired\":true,\"valueName\":\"search_term_string\"}}],\"inLanguage\":\"pt-BR\"},{\"@type\":\"Organization\",\"@id\":\"https:\/\/projetosddwb.com.br\/3dlab\/#organization\",\"name\":\"3D Lab\",\"url\":\"https:\/\/projetosddwb.com.br\/3dlab\/\",\"logo\":{\"@type\":\"ImageObject\",\"inLanguage\":\"pt-BR\",\"@id\":\"https:\/\/projetosddwb.com.br\/3dlab\/#\/schema\/logo\/image\/\",\"url\":\"https:\/\/projetosddwb.com.br\/3dlab\/wp-content\/uploads\/2025\/04\/cropped-cropped-3D_HORI_ORIGINAL-1.png\",\"contentUrl\":\"https:\/\/projetosddwb.com.br\/3dlab\/wp-content\/uploads\/2025\/04\/cropped-cropped-3D_HORI_ORIGINAL-1.png\",\"width\":597,\"height\":196,\"caption\":\"3D Lab\"},\"image\":{\"@id\":\"https:\/\/projetosddwb.com.br\/3dlab\/#\/schema\/logo\/image\/\"},\"sameAs\":[\"https:\/\/www.facebook.com\/3dlabbrasil\/?locale=pt_BR\",\"https:\/\/www.instagram.com\/3dlab_brasil\/\"]}]}<\/script>\n<!-- \/ Yoast SEO plugin. -->","yoast_head_json":{"title":"FILAMENTO PLA PREMIUM LARANJA NEON - 3D Lab","robots":{"index":"index","follow":"follow","max-snippet":"max-snippet:-1","max-image-preview":"max-image-preview:large","max-video-preview":"max-video-preview:-1"},"canonical":"https:\/\/projetosddwb.com.br\/3dlab\/product\/filamento-pla-premium-laranja-neon\/","og_locale":"pt_BR","og_type":"article","og_title":"FILAMENTO PLA PREMIUM LARANJA NEON - 3D Lab","og_description":"Pantone aproximado: 805 C","og_url":"https:\/\/projetosddwb.com.br\/3dlab\/product\/filamento-pla-premium-laranja-neon\/","og_site_name":"3D Lab","article_publisher":"https:\/\/www.facebook.com\/3dlabbrasil\/?locale=pt_BR","twitter_card":"summary_large_image","twitter_misc":{"Est. tempo de leitura":"2 minutos"},"schema":{"@context":"https:\/\/schema.org","@graph":[{"@type":"WebPage","@id":"https:\/\/projetosddwb.com.br\/3dlab\/product\/filamento-pla-premium-laranja-neon\/","url":"https:\/\/projetosddwb.com.br\/3dlab\/product\/filamento-pla-premium-laranja-neon\/","name":"FILAMENTO PLA PREMIUM LARANJA NEON - 3D Lab","isPartOf":{"@id":"https:\/\/projetosddwb.com.br\/3dlab\/#website"},"primaryImageOfPage":{"@id":"https:\/\/projetosddwb.com.br\/3dlab\/product\/filamento-pla-premium-laranja-neon\/#primaryimage"},"image":{"@id":"https:\/\/projetosddwb.com.br\/3dlab\/product\/filamento-pla-premium-laranja-neon\/#primaryimage"},"thumbnailUrl":"","datePublished":"2024-04-18T18:49:55+00:00","breadcrumb":{"@id":"https:\/\/projetosddwb.com.br\/3dlab\/product\/filamento-pla-premium-laranja-neon\/#breadcrumb"},"inLanguage":"pt-BR","potentialAction":[{"@type":"ReadAction","target":["https:\/\/projetosddwb.com.br\/3dlab\/product\/filamento-pla-premium-laranja-neon\/"]}]},{"@type":"ImageObject","inLanguage":"pt-BR","@id":"https:\/\/projetosddwb.com.br\/3dlab\/product\/filamento-pla-premium-laranja-neon\/#primaryimage","url":"","contentUrl":""},{"@type":"BreadcrumbList","@id":"https:\/\/projetosddwb.com.br\/3dlab\/product\/filamento-pla-premium-laranja-neon\/#breadcrumb","itemListElement":[{"@type":"ListItem","position":1,"name":"In\u00edcio","item":"https:\/\/projetosddwb.com.br\/3dlab\/"},{"@type":"ListItem","position":2,"name":"Loja","item":"https:\/\/projetosddwb.com.br\/3dlab\/loja\/"},{"@type":"ListItem","position":3,"name":"FILAMENTO PLA PREMIUM LARANJA NEON"}]},{"@type":"WebSite","@id":"https:\/\/projetosddwb.com.br\/3dlab\/#website","url":"https:\/\/projetosddwb.com.br\/3dlab\/","name":"3D Lab","description":"","publisher":{"@id":"https:\/\/projetosddwb.com.br\/3dlab\/#organization"},"potentialAction":[{"@type":"SearchAction","target":{"@type":"EntryPoint","urlTemplate":"https:\/\/projetosddwb.com.br\/3dlab\/?s={search_term_string}"},"query-input":{"@type":"PropertyValueSpecification","valueRequired":true,"valueName":"search_term_string"}}],"inLanguage":"pt-BR"},{"@type":"Organization","@id":"https:\/\/projetosddwb.com.br\/3dlab\/#organization","name":"3D Lab","url":"https:\/\/projetosddwb.com.br\/3dlab\/","logo":{"@type":"ImageObject","inLanguage":"pt-BR","@id":"https:\/\/projetosddwb.com.br\/3dlab\/#\/schema\/logo\/image\/","url":"https:\/\/projetosddwb.com.br\/3dlab\/wp-content\/uploads\/2025\/04\/cropped-cropped-3D_HORI_ORIGINAL-1.png","contentUrl":"https:\/\/projetosddwb.com.br\/3dlab\/wp-content\/uploads\/2025\/04\/cropped-cropped-3D_HORI_ORIGINAL-1.png","width":597,"height":196,"caption":"3D Lab"},"image":{"@id":"https:\/\/projetosddwb.com.br\/3dlab\/#\/schema\/logo\/image\/"},"sameAs":["https:\/\/www.facebook.com\/3dlabbrasil\/?locale=pt_BR","https:\/\/www.instagram.com\/3dlab_brasil\/"]}]}},"_links":{"self":[{"href":"https:\/\/projetosddwb.com.br\/3dlab\/wp-json\/wp\/v2\/product\/1960","targetHints":{"allow":["GET"]}}],"collection":[{"href":"https:\/\/projetosddwb.com.br\/3dlab\/wp-json\/wp\/v2\/product"}],"about":[{"href":"https:\/\/projetosddwb.com.br\/3dlab\/wp-json\/wp\/v2\/types\/product"}],"replies":[{"embeddable":true,"href":"https:\/\/projetosddwb.com.br\/3dlab\/wp-json\/wp\/v2\/comments?post=1960"}],"wp:featuredmedia":[{"embeddable":true,"href":"https:\/\/projetosddwb.com.br\/3dlab\/wp-json\/"}],"wp:attachment":[{"href":"https:\/\/projetosddwb.com.br\/3dlab\/wp-json\/wp\/v2\/media?parent=1960"}],"wp:term":[{"taxonomy":"product_brand","embeddable":true,"href":"https:\/\/projetosddwb.com.br\/3dlab\/wp-json\/wp\/v2\/product_brand?post=1960"},{"taxonomy":"product_cat","embeddable":true,"href":"https:\/\/projetosddwb.com.br\/3dlab\/wp-json\/wp\/v2\/product_cat?post=1960"},{"taxonomy":"product_tag","embeddable":true,"href":"https:\/\/projetosddwb.com.br\/3dlab\/wp-json\/wp\/v2\/product_tag?post=1960"}],"curies":[{"name":"wp","href":"https:\/\/api.w.org\/{rel}","templated":true}]}}