{"id":2051,"date":"2024-04-18T15:53:59","date_gmt":"2024-04-18T18:53:59","guid":{"rendered":"https:\/\/projetosddwb.com.br\/3dlab\/?post_type=product&amp;p=2051"},"modified":"2024-04-18T15:53:59","modified_gmt":"2024-04-18T18:53:59","slug":"ams-bambu-lab-sistema-automatico-de-materiais","status":"publish","type":"product","link":"https:\/\/projetosddwb.com.br\/3dlab\/product\/ams-bambu-lab-sistema-automatico-de-materiais\/","title":{"rendered":"AMS BAMBU LAB &#8211;  SISTEMA AUTOM\u00c1TICO DE MATERIAIS"},"content":{"rendered":"<div class=\"flex-1 overflow-hidden\">\n<div class=\"react-scroll-to-bottom--css-hozrl-79elbk h-full\">\n<div class=\"react-scroll-to-bottom--css-hozrl-1n7m0yu\">\n<div class=\"flex flex-col text-sm pb-9\">\n<div class=\"w-full text-token-text-primary\" data-testid=\"conversation-turn-7\">\n<div class=\"px-4 py-2 justify-center text-base md:gap-6 m-auto\">\n<div class=\"flex flex-1 text-base mx-auto gap-3 md:px-5 lg:px-1 xl:px-5 md:max-w-3xl lg:max-w-[40rem] xl:max-w-[48rem] group final-completion\">\n<div class=\"relative flex w-full flex-col agent-turn\">\n<div class=\"flex-col gap-1 md:gap-3\">\n<div class=\"flex flex-grow flex-col max-w-full\">\n<div class=\"min-h-[20px] text-message flex flex-col items-start gap-3 whitespace-pre-wrap break-words [.text-message+&amp;]:mt-5 overflow-x-auto\" data-message-author-role=\"assistant\" data-message-id=\"bc25887d-042e-4231-9102-5e211ab92941\">\n<div class=\"markdown prose w-full break-words dark:prose-invert light\">\n<p>O Sistema Autom\u00e1tico de Material (AMS) da Bambu Lab representa um avan\u00e7o significativo na tecnologia de impress\u00e3o 3D. Este sistema inteligente foi projetado para oferecer uma experi\u00eancia de impress\u00e3o mais eficiente e vers\u00e1til. Com o AMS, os usu\u00e1rios podem desfrutar da liberdade de imprimir em m\u00faltiplas cores e materiais de forma cont\u00ednua e sem interrup\u00e7\u00f5es.<\/p>\n<p>Uma das caracter\u00edsticas mais destacadas do AMS \u00e9 sua capacidade de realizar transi\u00e7\u00f5es suaves entre os filamentos, eliminando completamente o desperd\u00edcio de material. Quando um carretel de filamento chega ao fim, o sistema detecta automaticamente e faz a troca para um novo carretel, garantindo que a impress\u00e3o continue sem interrup\u00e7\u00f5es. Isso n\u00e3o apenas aumenta a efici\u00eancia do processo de impress\u00e3o, mas tamb\u00e9m economiza tempo e recursos.<\/p>\n<p>Al\u00e9m disso, oferece um recurso de backup de filamento, assegurando que a impress\u00e3o nunca pare, mesmo durante per\u00edodos de aus\u00eancia do usu\u00e1rio. Isso \u00e9 especialmente \u00fatil para garantir uma produ\u00e7\u00e3o ininterrupta em longas impress\u00f5es ou projetos de grande escala<\/p>\n<p>Ele \u00e9 equipado com recursos de detec\u00e7\u00e3o de problemas, como emaranhados de filamento e umidade excessiva. Isso ajuda a evitar falhas na impress\u00e3o e garante resultados consistentes e de alta qualidade.<\/p>\n<p>Com suporte para at\u00e9 16 cores e a capacidade de imprimir com diferentes materiais simultaneamente, o AMS oferece uma ampla gama de possibilidades criativas para os usu\u00e1rios explorarem. Seja para projetos profissionais ou pessoais, o AMS da Bambu Lab \u00e9 uma escolha confi\u00e1vel para quem busca qualidade, efici\u00eancia e versatilidade na impress\u00e3o 3D.<\/p>\n<\/div>\n<\/div>\n<\/div>\n<div class=\"mt-1 flex justify-start gap-3 empty:hidden\">\n<div class=\"text-gray-400 flex self-end lg:self-center justify-center lg:justify-start mt-0 -ml-1 h-7 visible\"><button class=\"flex items-center gap-1.5 rounded-md p-1 text-xs text-token-text-tertiary hover:text-token-text-primary md:invisible md:group-hover:visible md:group-[.final-completion]:visible\"><img fetchpriority=\"high\" decoding=\"async\" class=\"alignnone wp-image-161557 size-full\" src=\"https:\/\/3dlab.com.br\/wp-content\/uploads\/2023\/11\/ams-bambu-lab-scaled.webp\" alt=\"ams bambu lab\" width=\"2560\" height=\"853\" \/><\/button><\/div>\n<div class=\"text-gray-400 flex self-end lg:self-center justify-center lg:justify-start mt-0 -ml-1 h-7 visible\">\n<div class=\"flex items-center gap-1.5 text-xs\"><\/div>\n<h3 class=\"flex\">Torne a impress\u00e3o multicolorida real com o sistema AMS da Bambu Lab<\/h3>\n<p>A cor \u00e9 a express\u00e3o m\u00e1xima das emo\u00e7\u00f5es e\u00a0 \u00e9 trazida a voc\u00ea pelo Sistema Autom\u00e1tico de Materiais (AMS) do Bambu Lab. Agora voc\u00ea pode imprimir livremente em v\u00e1rias cores e materiais.<\/p>\n<p>Gra\u00e7as \u00e0 capacidade de suportar at\u00e9 16 cores diferentes, o AMS permite a cria\u00e7\u00e3o de modelos 3D com uma riqueza de detalhes e nuances de cor impressionantes. Isso possibilita a express\u00e3o m\u00e1xima das ideias e conceitos do usu\u00e1rio.<\/p>\n<p><img decoding=\"async\" class=\"alignnone wp-image-161558 size-full\" src=\"https:\/\/3dlab.com.br\/wp-content\/uploads\/2023\/11\/ams-bambu-lab-2-scaled.webp\" alt=\"ams bambu lab\" width=\"2560\" height=\"1046\" \/><\/p>\n<p><img decoding=\"async\" class=\"alignnone wp-image-161560 size-full\" src=\"https:\/\/3dlab.com.br\/wp-content\/uploads\/2023\/11\/Group_47834_1-1-scaled.webp\" alt=\"ams bambu Lab\" width=\"2560\" height=\"785\" \/><\/p>\n<h3>Impress\u00e3o multimateriais<\/h3>\n<p>Com o sistema AMS da Bambu Lab \u00e9 poss\u00edvel criar uma pe\u00e7a com diversos tipos de materiais. Tornando-o uma excelente op\u00e7\u00e3o, desde action figures at\u00e9 o mercado de alta engenharia com a mescla de materiais t\u00e9cnicos, com esse sistema fica mais f\u00e1cil criar pe\u00e7as diversas e de maneira automatizada.<\/p>\n<p><img loading=\"lazy\" decoding=\"async\" class=\"alignnone wp-image-161563 size-full\" src=\"https:\/\/3dlab.com.br\/wp-content\/uploads\/2023\/11\/Group_47828-1-scaled.webp\" alt=\"ams bambu lab\" width=\"2560\" height=\"819\" \/><\/p>\n<h3>Sem desperd\u00edcios de filamentos<\/h3>\n<p class=\"pct_p\">Sem AMS, quando o filamento acaba, a substitui\u00e7\u00e3o manual do carretel interrompe a impress\u00e3o e resulta em desperd\u00edcio de uma parte de filamentos.<\/p>\n<p class=\"pct_p\">Com o AMS, ocorre uma transi\u00e7\u00e3o perfeita para uma nova bobina que mant\u00e9m a impress\u00e3o ininterrupta e minimiza o desperd\u00edcio.<\/p>\n<p>\u00a0<img loading=\"lazy\" decoding=\"async\" class=\"alignnone wp-image-161570 \" src=\"https:\/\/3dlab.com.br\/wp-content\/uploads\/2023\/11\/ams-bambu-lab-3-1024x687.webp\" alt=\"ams bambu lab\" width=\"593\" height=\"398\" \/><img loading=\"lazy\" decoding=\"async\" class=\"alignnone wp-image-161569 \" src=\"https:\/\/3dlab.com.br\/wp-content\/uploads\/2023\/11\/ams-bambu-lab-4.webp\" alt=\"ams bambu lab\" width=\"597\" height=\"398\" \/><\/p>\n<h3>Secadora<\/h3>\n<div class=\"flex-1 overflow-hidden\">\n<div class=\"react-scroll-to-bottom--css-hozrl-79elbk h-full\">\n<div class=\"react-scroll-to-bottom--css-hozrl-1n7m0yu\">\n<div class=\"flex flex-col text-sm pb-9\">\n<div class=\"w-full text-token-text-primary\" data-testid=\"conversation-turn-13\">\n<div class=\"px-4 py-2 justify-center text-base md:gap-6 m-auto\">\n<div class=\"flex flex-1 text-base mx-auto gap-3 md:px-5 lg:px-1 xl:px-5 md:max-w-3xl lg:max-w-[40rem] xl:max-w-[48rem] group final-completion\">\n<div class=\"relative flex w-full flex-col agent-turn\">\n<div class=\"flex-col gap-1 md:gap-3\">\n<div class=\"flex flex-grow flex-col max-w-full\">\n<div class=\"min-h-[20px] text-message flex flex-col items-start gap-3 whitespace-pre-wrap break-words [.text-message+&amp;]:mt-5 overflow-x-auto\" data-message-author-role=\"assistant\" data-message-id=\"f5ab1745-5deb-416c-bfb8-14a83a40df3f\">\n<div class=\"markdown prose w-full break-words dark:prose-invert light\">\n<p>O sistema de secadora do AMS da Bambu Lab mant\u00e9m os filamentos secos e livres de umidade, garantindo uma impress\u00e3o precisa e sem problemas. Ele utiliza veda\u00e7\u00e3o herm\u00e9tica e material dessecante para absorver a umidade, enquanto um sensor monitora os n\u00edveis de umidade e indica quando \u00e9 necess\u00e1rio substituir o material dessecante. Essa abordagem evita problemas como entupimento dos bicos de impress\u00e3o e falhas na qualidade das pe\u00e7as impressas.<\/p>\n<\/div>\n<\/div>\n<\/div>\n<div class=\"mt-1 flex justify-start gap-3 empty:hidden\">\n<div class=\"text-gray-400 flex self-end lg:self-center justify-center lg:justify-start mt-0 -ml-1 h-7 visible\"><button class=\"flex items-center gap-1.5 rounded-md p-1 text-xs text-token-text-tertiary hover:text-token-text-primary md:invisible md:group-hover:visible md:group-[.final-completion]:visible\"><img loading=\"lazy\" decoding=\"async\" class=\"alignnone wp-image-161571 \" src=\"https:\/\/3dlab.com.br\/wp-content\/uploads\/2023\/11\/Group_47675-1024x687.webp\" alt=\"ams bambu lab\" width=\"562\" height=\"377\" \/><\/button><\/div>\n<h3>Suporta at\u00e9 16 cores<\/h3>\n<p>Cada Bambu Lab AMS \u00e9 composto por 4 slots de filamento, e at\u00e9 4 AMS podem ser instalados em paralelo e suporta at\u00e9 16 cores para impress\u00f5es impressionantes que realmente se destacam. Para obter impress\u00e3o em 16 cores, conecte 4 AMS.<\/p>\n<p><img loading=\"lazy\" decoding=\"async\" class=\"alignnone wp-image-161578 size-full\" src=\"https:\/\/3dlab.com.br\/wp-content\/uploads\/2023\/11\/ams-bambu-lab-10-scaled.webp\" alt=\"ams bambu lab\" width=\"2560\" height=\"1055\" \/><\/p>\n<\/div>\n<div><\/div>\n<div class=\"mt-1 flex justify-start gap-3 empty:hidden\">\n<div><\/div>\n<div><\/div>\n<\/div>\n<\/div>\n<\/div>\n<\/div>\n<\/div>\n<\/div>\n<\/div>\n<\/div>\n<\/div>\n<\/div>\n<p>&nbsp;<\/p>\n<p>&nbsp;<\/p>\n<\/div>\n<\/div>\n<\/div>\n<div class=\"absolute\">\n<div class=\"flex w-full gap-2 items-center justify-center\"><\/div>\n<\/div>\n<\/div>\n<\/div>\n<\/div>\n<\/div>\n<\/div>\n<\/div>\n<\/div>\n<\/div>\n<div class=\"w-full pt-2 md:pt-0 dark:border-white\/20 md:border-transparent md:dark:border-transparent md:w-[calc(100%-.5rem)]\">\n<form class=\"stretch mx-2 flex flex-row gap-3 last:mb-2 md:mx-4 md:last:mb-6 lg:mx-auto lg:max-w-2xl xl:max-w-3xl\">\n<div class=\"relative flex h-full flex-1 flex-col\">\n<div class=\"flex w-full items-center\"><\/div>\n<\/div>\n<\/form>\n<\/div>\n","protected":false},"excerpt":{"rendered":"<p>O Sistema Autom\u00e1tico de Material (AMS) da Bambu Lab representa um avan\u00e7o significativo na tecnologia de impress\u00e3o 3D. Este sistema inteligente foi projetado para oferecer uma experi\u00eancia de impress\u00e3o mais&hellip;<\/p>\n","protected":false},"featured_media":2059,"comment_status":"open","ping_status":"closed","template":"","meta":[],"product_brand":[],"product_cat":[673,359,349,277],"product_tag":[],"class_list":{"0":"post-2051","1":"product","2":"type-product","3":"status-publish","4":"has-post-thumbnail","6":"product_cat-bambu-lab","7":"product_cat-lancamentos","8":"product_cat-novos-produtos-revisar","9":"product_cat-pecas-e-acessorios","10":"product_shipping_class-impressoras-c-frete","12":"first","13":"outofstock","14":"sale","15":"shipping-taxable","16":"purchasable","17":"product-type-simple"},"yoast_head":"<!-- This site is optimized with the Yoast SEO plugin v24.8.1 - https:\/\/yoast.com\/wordpress\/plugins\/seo\/ -->\n<title>AMS BAMBU LAB - SISTEMA AUTOM\u00c1TICO DE MATERIAIS - 3D Lab<\/title>\n<meta name=\"robots\" content=\"index, follow, max-snippet:-1, max-image-preview:large, max-video-preview:-1\" \/>\n<link rel=\"canonical\" href=\"https:\/\/projetosddwb.com.br\/3dlab\/product\/ams-bambu-lab-sistema-automatico-de-materiais\/\" \/>\n<meta property=\"og:locale\" content=\"pt_BR\" \/>\n<meta property=\"og:type\" content=\"article\" \/>\n<meta property=\"og:title\" content=\"AMS BAMBU LAB - SISTEMA AUTOM\u00c1TICO DE MATERIAIS - 3D Lab\" \/>\n<meta property=\"og:description\" content=\"O Sistema Autom\u00e1tico de Material (AMS) da Bambu Lab representa um avan\u00e7o significativo na tecnologia de impress\u00e3o 3D. Este sistema inteligente foi projetado para oferecer uma experi\u00eancia de impress\u00e3o mais&hellip;\" \/>\n<meta property=\"og:url\" content=\"https:\/\/projetosddwb.com.br\/3dlab\/product\/ams-bambu-lab-sistema-automatico-de-materiais\/\" \/>\n<meta property=\"og:site_name\" content=\"3D Lab\" \/>\n<meta property=\"article:publisher\" content=\"https:\/\/www.facebook.com\/3dlabbrasil\/?locale=pt_BR\" \/>\n<meta property=\"og:image\" content=\"https:\/\/3dlab.com.br\/wp-content\/uploads\/2023\/11\/ams-bambu-lab-scaled.webp\" \/>\n<meta name=\"twitter:card\" content=\"summary_large_image\" \/>\n<meta name=\"twitter:label1\" content=\"Est. tempo de leitura\" \/>\n\t<meta name=\"twitter:data1\" content=\"3 minutos\" \/>\n<script type=\"application\/ld+json\" class=\"yoast-schema-graph\">{\"@context\":\"https:\/\/schema.org\",\"@graph\":[{\"@type\":\"WebPage\",\"@id\":\"https:\/\/projetosddwb.com.br\/3dlab\/product\/ams-bambu-lab-sistema-automatico-de-materiais\/\",\"url\":\"https:\/\/projetosddwb.com.br\/3dlab\/product\/ams-bambu-lab-sistema-automatico-de-materiais\/\",\"name\":\"AMS BAMBU LAB - SISTEMA AUTOM\u00c1TICO DE MATERIAIS - 3D Lab\",\"isPartOf\":{\"@id\":\"https:\/\/projetosddwb.com.br\/3dlab\/#website\"},\"primaryImageOfPage\":{\"@id\":\"https:\/\/projetosddwb.com.br\/3dlab\/product\/ams-bambu-lab-sistema-automatico-de-materiais\/#primaryimage\"},\"image\":{\"@id\":\"https:\/\/projetosddwb.com.br\/3dlab\/product\/ams-bambu-lab-sistema-automatico-de-materiais\/#primaryimage\"},\"thumbnailUrl\":\"\",\"datePublished\":\"2024-04-18T18:53:59+00:00\",\"breadcrumb\":{\"@id\":\"https:\/\/projetosddwb.com.br\/3dlab\/product\/ams-bambu-lab-sistema-automatico-de-materiais\/#breadcrumb\"},\"inLanguage\":\"pt-BR\",\"potentialAction\":[{\"@type\":\"ReadAction\",\"target\":[\"https:\/\/projetosddwb.com.br\/3dlab\/product\/ams-bambu-lab-sistema-automatico-de-materiais\/\"]}]},{\"@type\":\"ImageObject\",\"inLanguage\":\"pt-BR\",\"@id\":\"https:\/\/projetosddwb.com.br\/3dlab\/product\/ams-bambu-lab-sistema-automatico-de-materiais\/#primaryimage\",\"url\":\"\",\"contentUrl\":\"\"},{\"@type\":\"BreadcrumbList\",\"@id\":\"https:\/\/projetosddwb.com.br\/3dlab\/product\/ams-bambu-lab-sistema-automatico-de-materiais\/#breadcrumb\",\"itemListElement\":[{\"@type\":\"ListItem\",\"position\":1,\"name\":\"In\u00edcio\",\"item\":\"https:\/\/projetosddwb.com.br\/3dlab\/\"},{\"@type\":\"ListItem\",\"position\":2,\"name\":\"Loja\",\"item\":\"https:\/\/projetosddwb.com.br\/3dlab\/loja\/\"},{\"@type\":\"ListItem\",\"position\":3,\"name\":\"AMS BAMBU LAB &#8211; SISTEMA AUTOM\u00c1TICO DE MATERIAIS\"}]},{\"@type\":\"WebSite\",\"@id\":\"https:\/\/projetosddwb.com.br\/3dlab\/#website\",\"url\":\"https:\/\/projetosddwb.com.br\/3dlab\/\",\"name\":\"3D Lab\",\"description\":\"\",\"publisher\":{\"@id\":\"https:\/\/projetosddwb.com.br\/3dlab\/#organization\"},\"potentialAction\":[{\"@type\":\"SearchAction\",\"target\":{\"@type\":\"EntryPoint\",\"urlTemplate\":\"https:\/\/projetosddwb.com.br\/3dlab\/?s={search_term_string}\"},\"query-input\":{\"@type\":\"PropertyValueSpecification\",\"valueRequired\":true,\"valueName\":\"search_term_string\"}}],\"inLanguage\":\"pt-BR\"},{\"@type\":\"Organization\",\"@id\":\"https:\/\/projetosddwb.com.br\/3dlab\/#organization\",\"name\":\"3D Lab\",\"url\":\"https:\/\/projetosddwb.com.br\/3dlab\/\",\"logo\":{\"@type\":\"ImageObject\",\"inLanguage\":\"pt-BR\",\"@id\":\"https:\/\/projetosddwb.com.br\/3dlab\/#\/schema\/logo\/image\/\",\"url\":\"https:\/\/projetosddwb.com.br\/3dlab\/wp-content\/uploads\/2025\/04\/cropped-cropped-3D_HORI_ORIGINAL-1.png\",\"contentUrl\":\"https:\/\/projetosddwb.com.br\/3dlab\/wp-content\/uploads\/2025\/04\/cropped-cropped-3D_HORI_ORIGINAL-1.png\",\"width\":597,\"height\":196,\"caption\":\"3D Lab\"},\"image\":{\"@id\":\"https:\/\/projetosddwb.com.br\/3dlab\/#\/schema\/logo\/image\/\"},\"sameAs\":[\"https:\/\/www.facebook.com\/3dlabbrasil\/?locale=pt_BR\",\"https:\/\/www.instagram.com\/3dlab_brasil\/\"]}]}<\/script>\n<!-- \/ Yoast SEO plugin. -->","yoast_head_json":{"title":"AMS BAMBU LAB - SISTEMA AUTOM\u00c1TICO DE MATERIAIS - 3D Lab","robots":{"index":"index","follow":"follow","max-snippet":"max-snippet:-1","max-image-preview":"max-image-preview:large","max-video-preview":"max-video-preview:-1"},"canonical":"https:\/\/projetosddwb.com.br\/3dlab\/product\/ams-bambu-lab-sistema-automatico-de-materiais\/","og_locale":"pt_BR","og_type":"article","og_title":"AMS BAMBU LAB - SISTEMA AUTOM\u00c1TICO DE MATERIAIS - 3D Lab","og_description":"O Sistema Autom\u00e1tico de Material (AMS) da Bambu Lab representa um avan\u00e7o significativo na tecnologia de impress\u00e3o 3D. Este sistema inteligente foi projetado para oferecer uma experi\u00eancia de impress\u00e3o mais&hellip;","og_url":"https:\/\/projetosddwb.com.br\/3dlab\/product\/ams-bambu-lab-sistema-automatico-de-materiais\/","og_site_name":"3D Lab","article_publisher":"https:\/\/www.facebook.com\/3dlabbrasil\/?locale=pt_BR","og_image":[{"url":"https:\/\/3dlab.com.br\/wp-content\/uploads\/2023\/11\/ams-bambu-lab-scaled.webp","type":"","width":"","height":""}],"twitter_card":"summary_large_image","twitter_misc":{"Est. tempo de leitura":"3 minutos"},"schema":{"@context":"https:\/\/schema.org","@graph":[{"@type":"WebPage","@id":"https:\/\/projetosddwb.com.br\/3dlab\/product\/ams-bambu-lab-sistema-automatico-de-materiais\/","url":"https:\/\/projetosddwb.com.br\/3dlab\/product\/ams-bambu-lab-sistema-automatico-de-materiais\/","name":"AMS BAMBU LAB - SISTEMA AUTOM\u00c1TICO DE MATERIAIS - 3D Lab","isPartOf":{"@id":"https:\/\/projetosddwb.com.br\/3dlab\/#website"},"primaryImageOfPage":{"@id":"https:\/\/projetosddwb.com.br\/3dlab\/product\/ams-bambu-lab-sistema-automatico-de-materiais\/#primaryimage"},"image":{"@id":"https:\/\/projetosddwb.com.br\/3dlab\/product\/ams-bambu-lab-sistema-automatico-de-materiais\/#primaryimage"},"thumbnailUrl":"","datePublished":"2024-04-18T18:53:59+00:00","breadcrumb":{"@id":"https:\/\/projetosddwb.com.br\/3dlab\/product\/ams-bambu-lab-sistema-automatico-de-materiais\/#breadcrumb"},"inLanguage":"pt-BR","potentialAction":[{"@type":"ReadAction","target":["https:\/\/projetosddwb.com.br\/3dlab\/product\/ams-bambu-lab-sistema-automatico-de-materiais\/"]}]},{"@type":"ImageObject","inLanguage":"pt-BR","@id":"https:\/\/projetosddwb.com.br\/3dlab\/product\/ams-bambu-lab-sistema-automatico-de-materiais\/#primaryimage","url":"","contentUrl":""},{"@type":"BreadcrumbList","@id":"https:\/\/projetosddwb.com.br\/3dlab\/product\/ams-bambu-lab-sistema-automatico-de-materiais\/#breadcrumb","itemListElement":[{"@type":"ListItem","position":1,"name":"In\u00edcio","item":"https:\/\/projetosddwb.com.br\/3dlab\/"},{"@type":"ListItem","position":2,"name":"Loja","item":"https:\/\/projetosddwb.com.br\/3dlab\/loja\/"},{"@type":"ListItem","position":3,"name":"AMS BAMBU LAB &#8211; SISTEMA AUTOM\u00c1TICO DE MATERIAIS"}]},{"@type":"WebSite","@id":"https:\/\/projetosddwb.com.br\/3dlab\/#website","url":"https:\/\/projetosddwb.com.br\/3dlab\/","name":"3D Lab","description":"","publisher":{"@id":"https:\/\/projetosddwb.com.br\/3dlab\/#organization"},"potentialAction":[{"@type":"SearchAction","target":{"@type":"EntryPoint","urlTemplate":"https:\/\/projetosddwb.com.br\/3dlab\/?s={search_term_string}"},"query-input":{"@type":"PropertyValueSpecification","valueRequired":true,"valueName":"search_term_string"}}],"inLanguage":"pt-BR"},{"@type":"Organization","@id":"https:\/\/projetosddwb.com.br\/3dlab\/#organization","name":"3D Lab","url":"https:\/\/projetosddwb.com.br\/3dlab\/","logo":{"@type":"ImageObject","inLanguage":"pt-BR","@id":"https:\/\/projetosddwb.com.br\/3dlab\/#\/schema\/logo\/image\/","url":"https:\/\/projetosddwb.com.br\/3dlab\/wp-content\/uploads\/2025\/04\/cropped-cropped-3D_HORI_ORIGINAL-1.png","contentUrl":"https:\/\/projetosddwb.com.br\/3dlab\/wp-content\/uploads\/2025\/04\/cropped-cropped-3D_HORI_ORIGINAL-1.png","width":597,"height":196,"caption":"3D Lab"},"image":{"@id":"https:\/\/projetosddwb.com.br\/3dlab\/#\/schema\/logo\/image\/"},"sameAs":["https:\/\/www.facebook.com\/3dlabbrasil\/?locale=pt_BR","https:\/\/www.instagram.com\/3dlab_brasil\/"]}]}},"_links":{"self":[{"href":"https:\/\/projetosddwb.com.br\/3dlab\/wp-json\/wp\/v2\/product\/2051","targetHints":{"allow":["GET"]}}],"collection":[{"href":"https:\/\/projetosddwb.com.br\/3dlab\/wp-json\/wp\/v2\/product"}],"about":[{"href":"https:\/\/projetosddwb.com.br\/3dlab\/wp-json\/wp\/v2\/types\/product"}],"replies":[{"embeddable":true,"href":"https:\/\/projetosddwb.com.br\/3dlab\/wp-json\/wp\/v2\/comments?post=2051"}],"wp:featuredmedia":[{"embeddable":true,"href":"https:\/\/projetosddwb.com.br\/3dlab\/wp-json\/"}],"wp:attachment":[{"href":"https:\/\/projetosddwb.com.br\/3dlab\/wp-json\/wp\/v2\/media?parent=2051"}],"wp:term":[{"taxonomy":"product_brand","embeddable":true,"href":"https:\/\/projetosddwb.com.br\/3dlab\/wp-json\/wp\/v2\/product_brand?post=2051"},{"taxonomy":"product_cat","embeddable":true,"href":"https:\/\/projetosddwb.com.br\/3dlab\/wp-json\/wp\/v2\/product_cat?post=2051"},{"taxonomy":"product_tag","embeddable":true,"href":"https:\/\/projetosddwb.com.br\/3dlab\/wp-json\/wp\/v2\/product_tag?post=2051"}],"curies":[{"name":"wp","href":"https:\/\/api.w.org\/{rel}","templated":true}]}}