{"id":2055,"date":"2024-04-18T15:54:00","date_gmt":"2024-04-18T18:54:00","guid":{"rendered":"https:\/\/projetosddwb.com.br\/3dlab\/?post_type=product&amp;p=2055"},"modified":"2024-04-18T15:54:00","modified_gmt":"2024-04-18T18:54:00","slug":"faixa-preta-curso-impressao-3d","status":"publish","type":"product","link":"https:\/\/projetosddwb.com.br\/3dlab\/product\/faixa-preta-curso-impressao-3d\/","title":{"rendered":"FAIXA PRETA &#8211; CURSO IMPRESS\u00c3O 3D"},"content":{"rendered":"<h1>Faixa Preta da Impress\u00e3o 3D<\/h1>\n<p><em><strong>Faixa Preta: \u00c9 muito mais que um curso de impress\u00e3o 3D, \u00e9 sua chance de transformar um hobby em um empreendimento que fatura alto!<\/strong><\/em><\/p>\n<div class=\"w-full text-token-text-primary\" data-testid=\"conversation-turn-3\">\n<div class=\"px-4 py-2 justify-center text-base md:gap-6 m-auto\">\n<div class=\"flex flex-1 text-base mx-auto gap-3 md:px-5 lg:px-1 xl:px-5 md:max-w-3xl lg:max-w-[40rem] xl:max-w-[48rem] group final-completion\">\n<div class=\"relative flex w-full flex-col agent-turn\">\n<div class=\"flex-col gap-1 md:gap-3\">\n<div class=\"flex flex-grow flex-col max-w-full\">\n<div class=\"min-h-[20px] text-message flex flex-col items-start gap-3 whitespace-pre-wrap break-words [.text-message+&amp;]:mt-5 overflow-x-auto\" data-message-author-role=\"assistant\" data-message-id=\"9420557e-5e8d-4ae1-a342-8fc04a525fc5\">\n<div class=\"markdown prose w-full break-words dark:prose-invert light\">\n<p>O curso faixa preta de impress\u00e3o 3D \u00e9 a sua chance de aumentar a qualidade das suas pe\u00e7as e come\u00e7ar a faturar alto com a impress\u00e3o 3D.<\/p>\n<h2>Conhe\u00e7a as vantagens de ser Faixa Preta:<\/h2>\n<ol>\n<li><strong>Foco na comunidade:<\/strong> A ideia de reunir uma comunidade de impress\u00e3o 3D, compartilhar experi\u00eancias e ajudar uns aos outros.<\/li>\n<li><strong>\u00canfase na qualidade e acabamento<\/strong>: O compromisso em oferecer o que h\u00e1 de melhor em termos de conte\u00fado. Com esse curso voc\u00ea aprende do \u00ednicio a configurar os melhores par\u00e2metros para conseguir o melhor acabamento superficial na impress\u00e3o 3D FDM.<\/li>\n<li><strong>Curso de impress\u00e3o 3D reconhecido pelo MEC: <\/strong>Esse \u00e9 um curso de impress\u00e3o 3D reconhecido pelo MEC. Isso mostra um compromisso com a educa\u00e7\u00e3o e o desenvolvimento profissional dos membros da comunidade.<\/li>\n<li><strong>Suporte ao aluno:\u00a0<\/strong>O suporte est\u00e1 100% disposto a ajud\u00e1-lo com o melhor resultado poss\u00edvel e o curso oferece garantia dupla. Demonstrando confian\u00e7a na efic\u00e1cia do m\u00e9todo ensinado.<\/li>\n<li><strong>Experi\u00eancia do fundador<\/strong>: O fato de Guilherme Vazan, o fundador, ter uma ampla experi\u00eancia e reconhecimento na \u00e1rea de impress\u00e3o 3D \u00e9 uma vantagem significativa. Sua experi\u00eancia pode ser uma fonte valiosa de conhecimento e orienta\u00e7\u00e3o para os alunos.<\/li>\n<li><strong>Atualiza\u00e7\u00f5es constantes:\u00a0<\/strong>O curso est\u00e1 se atualizando constantemente de acordo com as d\u00favidas frequentes dos alunos. O que indica uma preocupa\u00e7\u00e3o em esclarecer as preocupa\u00e7\u00f5es dos membros.<\/li>\n<\/ol>\n<h2>Imprima pe\u00e7as no n\u00edvel faixa preta:<\/h2>\n<p><img fetchpriority=\"high\" decoding=\"async\" class=\"alignnone wp-image-162701 size-medium\" src=\"https:\/\/3dlab.com.br\/wp-content\/uploads\/2023\/12\/1-3-300x300.png\" alt=\"curso impress\u00e3o 3d\" width=\"300\" height=\"300\" \/> <img decoding=\"async\" class=\"alignnone size-medium wp-image-162702\" src=\"https:\/\/3dlab.com.br\/wp-content\/uploads\/2023\/12\/2-4-300x300.png\" alt=\"faixa preta\" width=\"300\" height=\"300\" \/> <img decoding=\"async\" class=\"alignnone size-medium wp-image-162703\" src=\"https:\/\/3dlab.com.br\/wp-content\/uploads\/2023\/12\/3-4-300x300.png\" alt=\"faixa preta\" width=\"300\" height=\"300\" \/><\/p>\n<p>No geral, a comunidade &#8220;Faixa Preta em Impress\u00e3o 3D&#8221; parece oferecer uma abordagem abrangente e orientada para resultados para aqueles interessados em aprimorar suas habilidades de impress\u00e3o 3D e fazer parte de uma rede comprometida com a excel\u00eancia e inova\u00e7\u00e3o nesta \u00e1rea.<\/p>\n<p>O curso ser\u00e1 totalmente online, proporcionando a conveni\u00eancia e flexibilidade para os participantes estudarem de onde estiverem, sem a necessidade de deslocamento f\u00edsico.<\/p>\n<p>S\u00e3o mais de 50h de conte\u00fado, atualiza\u00e7\u00f5es constantes para o melhor resultado poss\u00edvel. Venha fazer parte dessa comunidade!<\/p>\n<\/div>\n<\/div>\n<\/div>\n<\/div>\n<\/div>\n<\/div>\n<\/div>\n<\/div>\n<div class=\"mx-auto\">\n<div>\n<div class=\"mx-auto mt-2 inline-flex rounded-xl border border-gray-100 dark:border-gray-700\"><\/div>\n<\/div>\n<\/div>\n","protected":false},"excerpt":{"rendered":"<p>Faixa Preta da Impress\u00e3o 3D Faixa Preta: \u00c9 muito mais que um curso de impress\u00e3o 3D, \u00e9 sua chance de transformar um hobby em um empreendimento que fatura alto! O&hellip;<\/p>\n","protected":false},"featured_media":2066,"comment_status":"open","ping_status":"closed","template":"","meta":[],"product_brand":[],"product_cat":[451,359,349],"product_tag":[495,678,679,680,681,391],"class_list":{"0":"post-2055","1":"product","2":"type-product","3":"status-publish","4":"has-post-thumbnail","6":"product_cat-curso-de-impressao-3d","7":"product_cat-lancamentos","8":"product_cat-novos-produtos-revisar","9":"product_tag-curso-de-impressao-3d","10":"product_tag-curso-faixa-preta","11":"product_tag-curso-impressao","12":"product_tag-curso-impressao-3d","13":"product_tag-cursos-impressora-3d","14":"product_tag-faixa-preta-impressao-3d","16":"first","17":"instock","18":"shipping-taxable","19":"product-type-external"},"yoast_head":"<!-- This site is optimized with the Yoast SEO plugin v24.8.1 - https:\/\/yoast.com\/wordpress\/plugins\/seo\/ -->\n<title>FAIXA PRETA - CURSO IMPRESS\u00c3O 3D - 3D Lab<\/title>\n<meta name=\"robots\" content=\"index, follow, max-snippet:-1, max-image-preview:large, max-video-preview:-1\" \/>\n<link rel=\"canonical\" href=\"https:\/\/projetosddwb.com.br\/3dlab\/product\/faixa-preta-curso-impressao-3d\/\" \/>\n<meta property=\"og:locale\" content=\"pt_BR\" \/>\n<meta property=\"og:type\" content=\"article\" \/>\n<meta property=\"og:title\" content=\"FAIXA PRETA - CURSO IMPRESS\u00c3O 3D - 3D Lab\" \/>\n<meta property=\"og:description\" content=\"Faixa Preta da Impress\u00e3o 3D Faixa Preta: \u00c9 muito mais que um curso de impress\u00e3o 3D, \u00e9 sua chance de transformar um hobby em um empreendimento que fatura alto! O&hellip;\" \/>\n<meta property=\"og:url\" content=\"https:\/\/projetosddwb.com.br\/3dlab\/product\/faixa-preta-curso-impressao-3d\/\" \/>\n<meta property=\"og:site_name\" content=\"3D Lab\" \/>\n<meta property=\"article:publisher\" content=\"https:\/\/www.facebook.com\/3dlabbrasil\/?locale=pt_BR\" \/>\n<meta property=\"og:image\" content=\"https:\/\/3dlab.com.br\/wp-content\/uploads\/2023\/12\/1-3-300x300.png\" \/>\n<meta name=\"twitter:card\" content=\"summary_large_image\" \/>\n<meta name=\"twitter:label1\" content=\"Est. tempo de leitura\" \/>\n\t<meta name=\"twitter:data1\" content=\"2 minutos\" \/>\n<script type=\"application\/ld+json\" class=\"yoast-schema-graph\">{\"@context\":\"https:\/\/schema.org\",\"@graph\":[{\"@type\":\"WebPage\",\"@id\":\"https:\/\/projetosddwb.com.br\/3dlab\/product\/faixa-preta-curso-impressao-3d\/\",\"url\":\"https:\/\/projetosddwb.com.br\/3dlab\/product\/faixa-preta-curso-impressao-3d\/\",\"name\":\"FAIXA PRETA - CURSO IMPRESS\u00c3O 3D - 3D Lab\",\"isPartOf\":{\"@id\":\"https:\/\/projetosddwb.com.br\/3dlab\/#website\"},\"primaryImageOfPage\":{\"@id\":\"https:\/\/projetosddwb.com.br\/3dlab\/product\/faixa-preta-curso-impressao-3d\/#primaryimage\"},\"image\":{\"@id\":\"https:\/\/projetosddwb.com.br\/3dlab\/product\/faixa-preta-curso-impressao-3d\/#primaryimage\"},\"thumbnailUrl\":\"\",\"datePublished\":\"2024-04-18T18:54:00+00:00\",\"breadcrumb\":{\"@id\":\"https:\/\/projetosddwb.com.br\/3dlab\/product\/faixa-preta-curso-impressao-3d\/#breadcrumb\"},\"inLanguage\":\"pt-BR\",\"potentialAction\":[{\"@type\":\"ReadAction\",\"target\":[\"https:\/\/projetosddwb.com.br\/3dlab\/product\/faixa-preta-curso-impressao-3d\/\"]}]},{\"@type\":\"ImageObject\",\"inLanguage\":\"pt-BR\",\"@id\":\"https:\/\/projetosddwb.com.br\/3dlab\/product\/faixa-preta-curso-impressao-3d\/#primaryimage\",\"url\":\"\",\"contentUrl\":\"\"},{\"@type\":\"BreadcrumbList\",\"@id\":\"https:\/\/projetosddwb.com.br\/3dlab\/product\/faixa-preta-curso-impressao-3d\/#breadcrumb\",\"itemListElement\":[{\"@type\":\"ListItem\",\"position\":1,\"name\":\"In\u00edcio\",\"item\":\"https:\/\/projetosddwb.com.br\/3dlab\/\"},{\"@type\":\"ListItem\",\"position\":2,\"name\":\"Loja\",\"item\":\"https:\/\/projetosddwb.com.br\/3dlab\/loja\/\"},{\"@type\":\"ListItem\",\"position\":3,\"name\":\"FAIXA PRETA &#8211; CURSO IMPRESS\u00c3O 3D\"}]},{\"@type\":\"WebSite\",\"@id\":\"https:\/\/projetosddwb.com.br\/3dlab\/#website\",\"url\":\"https:\/\/projetosddwb.com.br\/3dlab\/\",\"name\":\"3D Lab\",\"description\":\"\",\"publisher\":{\"@id\":\"https:\/\/projetosddwb.com.br\/3dlab\/#organization\"},\"potentialAction\":[{\"@type\":\"SearchAction\",\"target\":{\"@type\":\"EntryPoint\",\"urlTemplate\":\"https:\/\/projetosddwb.com.br\/3dlab\/?s={search_term_string}\"},\"query-input\":{\"@type\":\"PropertyValueSpecification\",\"valueRequired\":true,\"valueName\":\"search_term_string\"}}],\"inLanguage\":\"pt-BR\"},{\"@type\":\"Organization\",\"@id\":\"https:\/\/projetosddwb.com.br\/3dlab\/#organization\",\"name\":\"3D Lab\",\"url\":\"https:\/\/projetosddwb.com.br\/3dlab\/\",\"logo\":{\"@type\":\"ImageObject\",\"inLanguage\":\"pt-BR\",\"@id\":\"https:\/\/projetosddwb.com.br\/3dlab\/#\/schema\/logo\/image\/\",\"url\":\"https:\/\/projetosddwb.com.br\/3dlab\/wp-content\/uploads\/2025\/04\/cropped-cropped-3D_HORI_ORIGINAL-1.png\",\"contentUrl\":\"https:\/\/projetosddwb.com.br\/3dlab\/wp-content\/uploads\/2025\/04\/cropped-cropped-3D_HORI_ORIGINAL-1.png\",\"width\":597,\"height\":196,\"caption\":\"3D Lab\"},\"image\":{\"@id\":\"https:\/\/projetosddwb.com.br\/3dlab\/#\/schema\/logo\/image\/\"},\"sameAs\":[\"https:\/\/www.facebook.com\/3dlabbrasil\/?locale=pt_BR\",\"https:\/\/www.instagram.com\/3dlab_brasil\/\"]}]}<\/script>\n<!-- \/ Yoast SEO plugin. -->","yoast_head_json":{"title":"FAIXA PRETA - CURSO IMPRESS\u00c3O 3D - 3D Lab","robots":{"index":"index","follow":"follow","max-snippet":"max-snippet:-1","max-image-preview":"max-image-preview:large","max-video-preview":"max-video-preview:-1"},"canonical":"https:\/\/projetosddwb.com.br\/3dlab\/product\/faixa-preta-curso-impressao-3d\/","og_locale":"pt_BR","og_type":"article","og_title":"FAIXA PRETA - CURSO IMPRESS\u00c3O 3D - 3D Lab","og_description":"Faixa Preta da Impress\u00e3o 3D Faixa Preta: \u00c9 muito mais que um curso de impress\u00e3o 3D, \u00e9 sua chance de transformar um hobby em um empreendimento que fatura alto! O&hellip;","og_url":"https:\/\/projetosddwb.com.br\/3dlab\/product\/faixa-preta-curso-impressao-3d\/","og_site_name":"3D Lab","article_publisher":"https:\/\/www.facebook.com\/3dlabbrasil\/?locale=pt_BR","og_image":[{"url":"https:\/\/3dlab.com.br\/wp-content\/uploads\/2023\/12\/1-3-300x300.png","type":"","width":"","height":""}],"twitter_card":"summary_large_image","twitter_misc":{"Est. tempo de leitura":"2 minutos"},"schema":{"@context":"https:\/\/schema.org","@graph":[{"@type":"WebPage","@id":"https:\/\/projetosddwb.com.br\/3dlab\/product\/faixa-preta-curso-impressao-3d\/","url":"https:\/\/projetosddwb.com.br\/3dlab\/product\/faixa-preta-curso-impressao-3d\/","name":"FAIXA PRETA - CURSO IMPRESS\u00c3O 3D - 3D Lab","isPartOf":{"@id":"https:\/\/projetosddwb.com.br\/3dlab\/#website"},"primaryImageOfPage":{"@id":"https:\/\/projetosddwb.com.br\/3dlab\/product\/faixa-preta-curso-impressao-3d\/#primaryimage"},"image":{"@id":"https:\/\/projetosddwb.com.br\/3dlab\/product\/faixa-preta-curso-impressao-3d\/#primaryimage"},"thumbnailUrl":"","datePublished":"2024-04-18T18:54:00+00:00","breadcrumb":{"@id":"https:\/\/projetosddwb.com.br\/3dlab\/product\/faixa-preta-curso-impressao-3d\/#breadcrumb"},"inLanguage":"pt-BR","potentialAction":[{"@type":"ReadAction","target":["https:\/\/projetosddwb.com.br\/3dlab\/product\/faixa-preta-curso-impressao-3d\/"]}]},{"@type":"ImageObject","inLanguage":"pt-BR","@id":"https:\/\/projetosddwb.com.br\/3dlab\/product\/faixa-preta-curso-impressao-3d\/#primaryimage","url":"","contentUrl":""},{"@type":"BreadcrumbList","@id":"https:\/\/projetosddwb.com.br\/3dlab\/product\/faixa-preta-curso-impressao-3d\/#breadcrumb","itemListElement":[{"@type":"ListItem","position":1,"name":"In\u00edcio","item":"https:\/\/projetosddwb.com.br\/3dlab\/"},{"@type":"ListItem","position":2,"name":"Loja","item":"https:\/\/projetosddwb.com.br\/3dlab\/loja\/"},{"@type":"ListItem","position":3,"name":"FAIXA PRETA &#8211; CURSO IMPRESS\u00c3O 3D"}]},{"@type":"WebSite","@id":"https:\/\/projetosddwb.com.br\/3dlab\/#website","url":"https:\/\/projetosddwb.com.br\/3dlab\/","name":"3D Lab","description":"","publisher":{"@id":"https:\/\/projetosddwb.com.br\/3dlab\/#organization"},"potentialAction":[{"@type":"SearchAction","target":{"@type":"EntryPoint","urlTemplate":"https:\/\/projetosddwb.com.br\/3dlab\/?s={search_term_string}"},"query-input":{"@type":"PropertyValueSpecification","valueRequired":true,"valueName":"search_term_string"}}],"inLanguage":"pt-BR"},{"@type":"Organization","@id":"https:\/\/projetosddwb.com.br\/3dlab\/#organization","name":"3D Lab","url":"https:\/\/projetosddwb.com.br\/3dlab\/","logo":{"@type":"ImageObject","inLanguage":"pt-BR","@id":"https:\/\/projetosddwb.com.br\/3dlab\/#\/schema\/logo\/image\/","url":"https:\/\/projetosddwb.com.br\/3dlab\/wp-content\/uploads\/2025\/04\/cropped-cropped-3D_HORI_ORIGINAL-1.png","contentUrl":"https:\/\/projetosddwb.com.br\/3dlab\/wp-content\/uploads\/2025\/04\/cropped-cropped-3D_HORI_ORIGINAL-1.png","width":597,"height":196,"caption":"3D Lab"},"image":{"@id":"https:\/\/projetosddwb.com.br\/3dlab\/#\/schema\/logo\/image\/"},"sameAs":["https:\/\/www.facebook.com\/3dlabbrasil\/?locale=pt_BR","https:\/\/www.instagram.com\/3dlab_brasil\/"]}]}},"_links":{"self":[{"href":"https:\/\/projetosddwb.com.br\/3dlab\/wp-json\/wp\/v2\/product\/2055","targetHints":{"allow":["GET"]}}],"collection":[{"href":"https:\/\/projetosddwb.com.br\/3dlab\/wp-json\/wp\/v2\/product"}],"about":[{"href":"https:\/\/projetosddwb.com.br\/3dlab\/wp-json\/wp\/v2\/types\/product"}],"replies":[{"embeddable":true,"href":"https:\/\/projetosddwb.com.br\/3dlab\/wp-json\/wp\/v2\/comments?post=2055"}],"wp:featuredmedia":[{"embeddable":true,"href":"https:\/\/projetosddwb.com.br\/3dlab\/wp-json\/"}],"wp:attachment":[{"href":"https:\/\/projetosddwb.com.br\/3dlab\/wp-json\/wp\/v2\/media?parent=2055"}],"wp:term":[{"taxonomy":"product_brand","embeddable":true,"href":"https:\/\/projetosddwb.com.br\/3dlab\/wp-json\/wp\/v2\/product_brand?post=2055"},{"taxonomy":"product_cat","embeddable":true,"href":"https:\/\/projetosddwb.com.br\/3dlab\/wp-json\/wp\/v2\/product_cat?post=2055"},{"taxonomy":"product_tag","embeddable":true,"href":"https:\/\/projetosddwb.com.br\/3dlab\/wp-json\/wp\/v2\/product_tag?post=2055"}],"curies":[{"name":"wp","href":"https:\/\/api.w.org\/{rel}","templated":true}]}}