{"id":2073,"date":"2024-04-18T15:55:38","date_gmt":"2024-04-18T18:55:38","guid":{"rendered":"https:\/\/projetosddwb.com.br\/3dlab\/?post_type=product&amp;p=2073"},"modified":"2024-04-18T15:55:38","modified_gmt":"2024-04-18T18:55:38","slug":"teflon-ptfe-interno-1-75mm-2x3-2m","status":"publish","type":"product","link":"https:\/\/projetosddwb.com.br\/3dlab\/product\/teflon-ptfe-interno-1-75mm-2x3-2m\/","title":{"rendered":"TEFLON PTFE INTERNO 1.75MM (2&#215;3) 2M"},"content":{"rendered":"<h2>Tubo PTFE interno<\/h2>\n<p>1.75MM &#8211; 3X2 &#8211; 2 metros de comprimento<\/p>\n<p align=\"justify\">Os tubos fabricados com resina PTFE puro s\u00e3o aprovados pelo FDA para contatos com produtos aliment\u00edcios. Possuem alta resist\u00eancia ao ataque qu\u00edmico, temperatura , desgaste e press\u00e3o.<\/p>\n<h4 align=\"justify\"><span class=\"textonegrito\">Aplica\u00e7\u00f5es de tubos:<\/span><\/h4>\n<p align=\"justify\">Deslizamento: Como possuem baixo coeficiente de atrito, s\u00e3o indicados em sistemas isentos de lubrifica\u00e7\u00e3o, como cabos de comando de ve\u00edculos, (acionamento de acelerador, freios, retrovisores, c\u00e2mbio, etc.) e tubos de condu\u00e7\u00e3o de arames de solda em m\u00e1quinas MIG\/TIG.<\/p>\n<h4 align=\"justify\"><span class=\"textonegritocinza\">Resist\u00eancia a \u00e1gua e intemp\u00e9ries:<\/span><\/h4>\n<p align=\"justify\">S\u00e3o hidro-repelentes, apresentando absor\u00e7\u00e3o de umidade considerada nula. Resiste aos raios solares , varia\u00e7\u00f5es de temperatura ambiente e umidade relativa do ar. Exemplo: Revestimento de isoladores el\u00e9tricos em redes de transmiss\u00e3o de alta tens\u00e3o.<\/p>\n<h4 align=\"justify\"><span class=\"textonegritocinza\">Resist\u00eancia Qu\u00edmica:<\/span><\/h4>\n<p align=\"justify\">O PTFE \u00e9 um dos produtos que mais suporta ataques qu\u00edmicos, sendo considerado quase que um resistente qu\u00edmico universal. Exemplo: Revestimento de resist\u00eancias el\u00e9tricas de imers\u00e3o, destinadas a aquecimento de banhos \u00e1cidos de cromea\u00e7\u00e3o e niquela\u00e7\u00e3o.<\/p>\n<h4 align=\"justify\"><span class=\"textonegritocinza\">Isola\u00e7\u00e3o El\u00e9trica:<\/span><\/h4>\n<p align=\"justify\">Possui elevada rigidez diel\u00e9trica. Exemplos: mangueiras para pulveriza\u00e7\u00e3o de defensivos agr\u00edcolas ionizados e revestimento de tochas de soldagem MIG\/TIG.<\/p>\n","protected":false},"excerpt":{"rendered":"<p>Tubo PTFE interno 1.75MM &#8211; 3X2 &#8211; 2 metros de comprimento Os tubos fabricados com resina PTFE puro s\u00e3o aprovados pelo FDA para contatos com produtos aliment\u00edcios. Possuem alta resist\u00eancia&hellip;<\/p>\n","protected":false},"featured_media":2086,"comment_status":"open","ping_status":"closed","template":"","meta":[],"product_brand":[],"product_cat":[349,277,323],"product_tag":[],"class_list":{"0":"post-2073","1":"product","2":"type-product","3":"status-publish","4":"has-post-thumbnail","6":"product_cat-novos-produtos-revisar","7":"product_cat-pecas-e-acessorios","8":"product_cat-pecas-e-acessorios-2","9":"product_shipping_class-pecas-e-acessorios","11":"first","12":"outofstock","13":"sale","14":"shipping-taxable","15":"purchasable","16":"product-type-simple"},"yoast_head":"<!-- This site is optimized with the Yoast SEO plugin v24.8.1 - https:\/\/yoast.com\/wordpress\/plugins\/seo\/ -->\n<title>TEFLON PTFE INTERNO 1.75MM (2x3) 2M - 3D Lab<\/title>\n<meta name=\"robots\" content=\"index, follow, max-snippet:-1, max-image-preview:large, max-video-preview:-1\" \/>\n<link rel=\"canonical\" href=\"https:\/\/projetosddwb.com.br\/3dlab\/product\/teflon-ptfe-interno-1-75mm-2x3-2m\/\" \/>\n<meta property=\"og:locale\" content=\"pt_BR\" \/>\n<meta property=\"og:type\" content=\"article\" \/>\n<meta property=\"og:title\" content=\"TEFLON PTFE INTERNO 1.75MM (2x3) 2M - 3D Lab\" \/>\n<meta property=\"og:description\" content=\"Tubo PTFE interno 1.75MM &#8211; 3X2 &#8211; 2 metros de comprimento Os tubos fabricados com resina PTFE puro s\u00e3o aprovados pelo FDA para contatos com produtos aliment\u00edcios. Possuem alta resist\u00eancia&hellip;\" \/>\n<meta property=\"og:url\" content=\"https:\/\/projetosddwb.com.br\/3dlab\/product\/teflon-ptfe-interno-1-75mm-2x3-2m\/\" \/>\n<meta property=\"og:site_name\" content=\"3D Lab\" \/>\n<meta property=\"article:publisher\" content=\"https:\/\/www.facebook.com\/3dlabbrasil\/?locale=pt_BR\" \/>\n<meta name=\"twitter:card\" content=\"summary_large_image\" \/>\n<meta name=\"twitter:label1\" content=\"Est. tempo de leitura\" \/>\n\t<meta name=\"twitter:data1\" content=\"1 minuto\" \/>\n<script type=\"application\/ld+json\" class=\"yoast-schema-graph\">{\"@context\":\"https:\/\/schema.org\",\"@graph\":[{\"@type\":\"WebPage\",\"@id\":\"https:\/\/projetosddwb.com.br\/3dlab\/product\/teflon-ptfe-interno-1-75mm-2x3-2m\/\",\"url\":\"https:\/\/projetosddwb.com.br\/3dlab\/product\/teflon-ptfe-interno-1-75mm-2x3-2m\/\",\"name\":\"TEFLON PTFE INTERNO 1.75MM (2x3) 2M - 3D Lab\",\"isPartOf\":{\"@id\":\"https:\/\/projetosddwb.com.br\/3dlab\/#website\"},\"primaryImageOfPage\":{\"@id\":\"https:\/\/projetosddwb.com.br\/3dlab\/product\/teflon-ptfe-interno-1-75mm-2x3-2m\/#primaryimage\"},\"image\":{\"@id\":\"https:\/\/projetosddwb.com.br\/3dlab\/product\/teflon-ptfe-interno-1-75mm-2x3-2m\/#primaryimage\"},\"thumbnailUrl\":\"\",\"datePublished\":\"2024-04-18T18:55:38+00:00\",\"breadcrumb\":{\"@id\":\"https:\/\/projetosddwb.com.br\/3dlab\/product\/teflon-ptfe-interno-1-75mm-2x3-2m\/#breadcrumb\"},\"inLanguage\":\"pt-BR\",\"potentialAction\":[{\"@type\":\"ReadAction\",\"target\":[\"https:\/\/projetosddwb.com.br\/3dlab\/product\/teflon-ptfe-interno-1-75mm-2x3-2m\/\"]}]},{\"@type\":\"ImageObject\",\"inLanguage\":\"pt-BR\",\"@id\":\"https:\/\/projetosddwb.com.br\/3dlab\/product\/teflon-ptfe-interno-1-75mm-2x3-2m\/#primaryimage\",\"url\":\"\",\"contentUrl\":\"\"},{\"@type\":\"BreadcrumbList\",\"@id\":\"https:\/\/projetosddwb.com.br\/3dlab\/product\/teflon-ptfe-interno-1-75mm-2x3-2m\/#breadcrumb\",\"itemListElement\":[{\"@type\":\"ListItem\",\"position\":1,\"name\":\"In\u00edcio\",\"item\":\"https:\/\/projetosddwb.com.br\/3dlab\/\"},{\"@type\":\"ListItem\",\"position\":2,\"name\":\"Loja\",\"item\":\"https:\/\/projetosddwb.com.br\/3dlab\/loja\/\"},{\"@type\":\"ListItem\",\"position\":3,\"name\":\"TEFLON PTFE INTERNO 1.75MM (2&#215;3) 2M\"}]},{\"@type\":\"WebSite\",\"@id\":\"https:\/\/projetosddwb.com.br\/3dlab\/#website\",\"url\":\"https:\/\/projetosddwb.com.br\/3dlab\/\",\"name\":\"3D Lab\",\"description\":\"\",\"publisher\":{\"@id\":\"https:\/\/projetosddwb.com.br\/3dlab\/#organization\"},\"potentialAction\":[{\"@type\":\"SearchAction\",\"target\":{\"@type\":\"EntryPoint\",\"urlTemplate\":\"https:\/\/projetosddwb.com.br\/3dlab\/?s={search_term_string}\"},\"query-input\":{\"@type\":\"PropertyValueSpecification\",\"valueRequired\":true,\"valueName\":\"search_term_string\"}}],\"inLanguage\":\"pt-BR\"},{\"@type\":\"Organization\",\"@id\":\"https:\/\/projetosddwb.com.br\/3dlab\/#organization\",\"name\":\"3D Lab\",\"url\":\"https:\/\/projetosddwb.com.br\/3dlab\/\",\"logo\":{\"@type\":\"ImageObject\",\"inLanguage\":\"pt-BR\",\"@id\":\"https:\/\/projetosddwb.com.br\/3dlab\/#\/schema\/logo\/image\/\",\"url\":\"https:\/\/projetosddwb.com.br\/3dlab\/wp-content\/uploads\/2025\/04\/cropped-cropped-3D_HORI_ORIGINAL-1.png\",\"contentUrl\":\"https:\/\/projetosddwb.com.br\/3dlab\/wp-content\/uploads\/2025\/04\/cropped-cropped-3D_HORI_ORIGINAL-1.png\",\"width\":597,\"height\":196,\"caption\":\"3D Lab\"},\"image\":{\"@id\":\"https:\/\/projetosddwb.com.br\/3dlab\/#\/schema\/logo\/image\/\"},\"sameAs\":[\"https:\/\/www.facebook.com\/3dlabbrasil\/?locale=pt_BR\",\"https:\/\/www.instagram.com\/3dlab_brasil\/\"]}]}<\/script>\n<!-- \/ Yoast SEO plugin. -->","yoast_head_json":{"title":"TEFLON PTFE INTERNO 1.75MM (2x3) 2M - 3D Lab","robots":{"index":"index","follow":"follow","max-snippet":"max-snippet:-1","max-image-preview":"max-image-preview:large","max-video-preview":"max-video-preview:-1"},"canonical":"https:\/\/projetosddwb.com.br\/3dlab\/product\/teflon-ptfe-interno-1-75mm-2x3-2m\/","og_locale":"pt_BR","og_type":"article","og_title":"TEFLON PTFE INTERNO 1.75MM (2x3) 2M - 3D Lab","og_description":"Tubo PTFE interno 1.75MM &#8211; 3X2 &#8211; 2 metros de comprimento Os tubos fabricados com resina PTFE puro s\u00e3o aprovados pelo FDA para contatos com produtos aliment\u00edcios. Possuem alta resist\u00eancia&hellip;","og_url":"https:\/\/projetosddwb.com.br\/3dlab\/product\/teflon-ptfe-interno-1-75mm-2x3-2m\/","og_site_name":"3D Lab","article_publisher":"https:\/\/www.facebook.com\/3dlabbrasil\/?locale=pt_BR","twitter_card":"summary_large_image","twitter_misc":{"Est. tempo de leitura":"1 minuto"},"schema":{"@context":"https:\/\/schema.org","@graph":[{"@type":"WebPage","@id":"https:\/\/projetosddwb.com.br\/3dlab\/product\/teflon-ptfe-interno-1-75mm-2x3-2m\/","url":"https:\/\/projetosddwb.com.br\/3dlab\/product\/teflon-ptfe-interno-1-75mm-2x3-2m\/","name":"TEFLON PTFE INTERNO 1.75MM (2x3) 2M - 3D Lab","isPartOf":{"@id":"https:\/\/projetosddwb.com.br\/3dlab\/#website"},"primaryImageOfPage":{"@id":"https:\/\/projetosddwb.com.br\/3dlab\/product\/teflon-ptfe-interno-1-75mm-2x3-2m\/#primaryimage"},"image":{"@id":"https:\/\/projetosddwb.com.br\/3dlab\/product\/teflon-ptfe-interno-1-75mm-2x3-2m\/#primaryimage"},"thumbnailUrl":"","datePublished":"2024-04-18T18:55:38+00:00","breadcrumb":{"@id":"https:\/\/projetosddwb.com.br\/3dlab\/product\/teflon-ptfe-interno-1-75mm-2x3-2m\/#breadcrumb"},"inLanguage":"pt-BR","potentialAction":[{"@type":"ReadAction","target":["https:\/\/projetosddwb.com.br\/3dlab\/product\/teflon-ptfe-interno-1-75mm-2x3-2m\/"]}]},{"@type":"ImageObject","inLanguage":"pt-BR","@id":"https:\/\/projetosddwb.com.br\/3dlab\/product\/teflon-ptfe-interno-1-75mm-2x3-2m\/#primaryimage","url":"","contentUrl":""},{"@type":"BreadcrumbList","@id":"https:\/\/projetosddwb.com.br\/3dlab\/product\/teflon-ptfe-interno-1-75mm-2x3-2m\/#breadcrumb","itemListElement":[{"@type":"ListItem","position":1,"name":"In\u00edcio","item":"https:\/\/projetosddwb.com.br\/3dlab\/"},{"@type":"ListItem","position":2,"name":"Loja","item":"https:\/\/projetosddwb.com.br\/3dlab\/loja\/"},{"@type":"ListItem","position":3,"name":"TEFLON PTFE INTERNO 1.75MM (2&#215;3) 2M"}]},{"@type":"WebSite","@id":"https:\/\/projetosddwb.com.br\/3dlab\/#website","url":"https:\/\/projetosddwb.com.br\/3dlab\/","name":"3D Lab","description":"","publisher":{"@id":"https:\/\/projetosddwb.com.br\/3dlab\/#organization"},"potentialAction":[{"@type":"SearchAction","target":{"@type":"EntryPoint","urlTemplate":"https:\/\/projetosddwb.com.br\/3dlab\/?s={search_term_string}"},"query-input":{"@type":"PropertyValueSpecification","valueRequired":true,"valueName":"search_term_string"}}],"inLanguage":"pt-BR"},{"@type":"Organization","@id":"https:\/\/projetosddwb.com.br\/3dlab\/#organization","name":"3D Lab","url":"https:\/\/projetosddwb.com.br\/3dlab\/","logo":{"@type":"ImageObject","inLanguage":"pt-BR","@id":"https:\/\/projetosddwb.com.br\/3dlab\/#\/schema\/logo\/image\/","url":"https:\/\/projetosddwb.com.br\/3dlab\/wp-content\/uploads\/2025\/04\/cropped-cropped-3D_HORI_ORIGINAL-1.png","contentUrl":"https:\/\/projetosddwb.com.br\/3dlab\/wp-content\/uploads\/2025\/04\/cropped-cropped-3D_HORI_ORIGINAL-1.png","width":597,"height":196,"caption":"3D Lab"},"image":{"@id":"https:\/\/projetosddwb.com.br\/3dlab\/#\/schema\/logo\/image\/"},"sameAs":["https:\/\/www.facebook.com\/3dlabbrasil\/?locale=pt_BR","https:\/\/www.instagram.com\/3dlab_brasil\/"]}]}},"_links":{"self":[{"href":"https:\/\/projetosddwb.com.br\/3dlab\/wp-json\/wp\/v2\/product\/2073","targetHints":{"allow":["GET"]}}],"collection":[{"href":"https:\/\/projetosddwb.com.br\/3dlab\/wp-json\/wp\/v2\/product"}],"about":[{"href":"https:\/\/projetosddwb.com.br\/3dlab\/wp-json\/wp\/v2\/types\/product"}],"replies":[{"embeddable":true,"href":"https:\/\/projetosddwb.com.br\/3dlab\/wp-json\/wp\/v2\/comments?post=2073"}],"wp:featuredmedia":[{"embeddable":true,"href":"https:\/\/projetosddwb.com.br\/3dlab\/wp-json\/"}],"wp:attachment":[{"href":"https:\/\/projetosddwb.com.br\/3dlab\/wp-json\/wp\/v2\/media?parent=2073"}],"wp:term":[{"taxonomy":"product_brand","embeddable":true,"href":"https:\/\/projetosddwb.com.br\/3dlab\/wp-json\/wp\/v2\/product_brand?post=2073"},{"taxonomy":"product_cat","embeddable":true,"href":"https:\/\/projetosddwb.com.br\/3dlab\/wp-json\/wp\/v2\/product_cat?post=2073"},{"taxonomy":"product_tag","embeddable":true,"href":"https:\/\/projetosddwb.com.br\/3dlab\/wp-json\/wp\/v2\/product_tag?post=2073"}],"curies":[{"name":"wp","href":"https:\/\/api.w.org\/{rel}","templated":true}]}}