{"id":2094,"date":"2024-04-18T15:56:59","date_gmt":"2024-04-18T18:56:59","guid":{"rendered":"https:\/\/projetosddwb.com.br\/3dlab\/?post_type=product&amp;p=2094"},"modified":"2024-04-18T15:56:59","modified_gmt":"2024-04-18T18:56:59","slug":"impressora-3d-sermoon-d3-pro","status":"publish","type":"product","link":"https:\/\/projetosddwb.com.br\/3dlab\/product\/impressora-3d-sermoon-d3-pro\/","title":{"rendered":"IMPRESSORA 3D SERMOON D3 PRO"},"content":{"rendered":"<h2>Impressora 3D Sermoon D3 PRO<\/h2>\n<div>\n<p>A Impressora 3D Sermoon D3 possui alta estabilidade industrial, com perfis verticais e chapa superior em alum\u00ednio aeroespacial.<\/p>\n<ul>\n<li>Os eixos X, Y e Z em a\u00e7o inox possuem dureza 60 HRC e certifica\u00e7\u00e3o de estabilidade pelo Centro T\u00e9cnico de Manufatura Aditiva (AMTC).<\/li>\n<li>\u00c9 confi\u00e1vel, com teste de impress\u00e3o cont\u00ednua de 720 horas e 8.000 horas consecutivas de impress\u00f5es sem falhas, e possui capacidade para imprimir em alta temperatura com extrusora sprite de dupla engrenagem com garganta bimetal e dois coolers 5015.<\/li>\n<li>A impressora tamb\u00e9m \u00e9 segura, j\u00e1 que possui dois filtros internos HEPA para impress\u00f5es em ABS e outros materiais t\u00f3xicos.<\/li>\n<li>Possui pausa autom\u00e1tica de impress\u00e3o ao abrir a porta e retomada de impress\u00e3o ap\u00f3s queda de energia.<\/li>\n<li>Al\u00e9m disso, \u00e9 poss\u00edvel conectar m\u00faltiplas Sermoons D3 a uma rede e imprimir simultaneamente v\u00e1rios lotes de pe\u00e7as com um \u00fanico comando, e monitor\u00e1-las remotamente utilizando o aplicativo Creality Print ou Creality Cloud.<\/li>\n<li>A impressora possui itens de s\u00e9rie, como c\u00e2mera interna 1080p, nivelamento autom\u00e1tico CR-touch, tela touch 4,3\u2019, maleta profissional de ferramentas, duas mantas magn\u00e9ticas (PEI e PC), bico de a\u00e7o endurecido reserva, sensor de filamento e placa-m\u00e3e 32 bits com drivers silenciosos.<\/li>\n<li>Dupla extrus\u00e3o para imprimir com filamentos simult\u00e2neos.<\/li>\n<\/ul>\n<p><img fetchpriority=\"high\" decoding=\"async\" class=\"alignnone wp-image-158272 size-full\" src=\"https:\/\/3dlab.com.br\/wp-content\/uploads\/2024\/01\/sermoon-d3-pro.png\" alt=\"sermoon d3 pro\" width=\"1902\" height=\"694\" \/><\/p>\n<p><img decoding=\"async\" class=\"alignnone wp-image-158286 size-full\" src=\"https:\/\/3dlab.com.br\/wp-content\/uploads\/2024\/01\/sm-d.-md.png\" alt=\"Impressora 3D Sermoon D3 PRO\" width=\"1889\" height=\"540\" \/><img decoding=\"async\" class=\"alignnone wp-image-158274 size-full\" src=\"https:\/\/3dlab.com.br\/wp-content\/uploads\/2024\/01\/sdlk.fmk_.fmj_.png\" alt=\"\" width=\"1907\" height=\"745\" \/> <img loading=\"lazy\" decoding=\"async\" class=\"alignnone wp-image-158275 size-full\" src=\"https:\/\/3dlab.com.br\/wp-content\/uploads\/2024\/01\/fdclgjjggkg.png\" alt=\"\" width=\"1910\" height=\"789\" \/>\u00a0<img loading=\"lazy\" decoding=\"async\" class=\"alignnone wp-image-158282 size-full\" src=\"https:\/\/3dlab.com.br\/wp-content\/uploads\/2024\/01\/dnmfn-f.png\" alt=\"\" width=\"1902\" height=\"723\" \/><img loading=\"lazy\" decoding=\"async\" class=\"alignnone wp-image-158285 size-full\" src=\"https:\/\/3dlab.com.br\/wp-content\/uploads\/2024\/01\/dnfnmkf.png\" alt=\"\" width=\"1901\" height=\"746\" \/><img loading=\"lazy\" decoding=\"async\" class=\"alignnone wp-image-158283 size-full\" src=\"https:\/\/3dlab.com.br\/wp-content\/uploads\/2024\/01\/dklnmfcfmlf.png\" alt=\"\" width=\"1906\" height=\"691\" \/><img loading=\"lazy\" decoding=\"async\" class=\"alignnone wp-image-158278 size-full\" src=\"https:\/\/3dlab.com.br\/wp-content\/uploads\/2024\/01\/ckmcv.png\" alt=\"\" width=\"1904\" height=\"752\" \/><img loading=\"lazy\" decoding=\"async\" class=\"alignnone wp-image-158276 size-full\" src=\"https:\/\/3dlab.com.br\/wp-content\/uploads\/2024\/01\/dknfk.mf_.png\" alt=\"\" width=\"1900\" height=\"704\" \/> <img loading=\"lazy\" decoding=\"async\" class=\"alignnone wp-image-158277 size-full\" src=\"https:\/\/3dlab.com.br\/wp-content\/uploads\/2024\/01\/xdmmfdd.png\" alt=\"\" width=\"1909\" height=\"733\" \/> \u00a0<img loading=\"lazy\" decoding=\"async\" class=\"alignnone wp-image-158279 size-full\" src=\"https:\/\/3dlab.com.br\/wp-content\/uploads\/2024\/01\/dskklfn.fm_.png\" alt=\"\" width=\"1899\" height=\"680\" \/> <img loading=\"lazy\" decoding=\"async\" class=\"alignnone wp-image-158281 size-full\" src=\"https:\/\/3dlab.com.br\/wp-content\/uploads\/2024\/01\/dk.mkfmkkf.png\" alt=\"\" width=\"1905\" height=\"720\" \/><\/p>\n<\/div>\n","protected":false},"excerpt":{"rendered":"<p>Impressora 3D Sermoon D3 PRO A Impressora 3D Sermoon D3 possui alta estabilidade industrial, com perfis verticais e chapa superior em alum\u00ednio aeroespacial. Os eixos X, Y e Z em&hellip;<\/p>\n","protected":false},"featured_media":2113,"comment_status":"open","ping_status":"closed","template":"","meta":[],"product_brand":[],"product_cat":[306,453,280,612,359],"product_tag":[],"class_list":{"0":"post-2094","1":"product","2":"type-product","3":"status-publish","4":"has-post-thumbnail","6":"product_cat-creality","7":"product_cat-impressora-3d-de-filamento","8":"product_cat-impressoras-3d","9":"product_cat-industrial","10":"product_cat-lancamentos","11":"product_shipping_class-impressoras-c-frete","13":"first","14":"instock","15":"sale","16":"shipping-taxable","17":"purchasable","18":"product-type-simple"},"yoast_head":"<!-- This site is optimized with the Yoast SEO plugin v24.8.1 - https:\/\/yoast.com\/wordpress\/plugins\/seo\/ -->\n<title>IMPRESSORA 3D SERMOON D3 PRO - 3D Lab<\/title>\n<meta name=\"robots\" content=\"index, follow, max-snippet:-1, max-image-preview:large, max-video-preview:-1\" \/>\n<link rel=\"canonical\" href=\"https:\/\/projetosddwb.com.br\/3dlab\/product\/impressora-3d-sermoon-d3-pro\/\" \/>\n<meta property=\"og:locale\" content=\"pt_BR\" \/>\n<meta property=\"og:type\" content=\"article\" \/>\n<meta property=\"og:title\" content=\"IMPRESSORA 3D SERMOON D3 PRO - 3D Lab\" \/>\n<meta property=\"og:description\" content=\"Impressora 3D Sermoon D3 PRO A Impressora 3D Sermoon D3 possui alta estabilidade industrial, com perfis verticais e chapa superior em alum\u00ednio aeroespacial. Os eixos X, Y e Z em&hellip;\" \/>\n<meta property=\"og:url\" content=\"https:\/\/projetosddwb.com.br\/3dlab\/product\/impressora-3d-sermoon-d3-pro\/\" \/>\n<meta property=\"og:site_name\" content=\"3D Lab\" \/>\n<meta property=\"article:publisher\" content=\"https:\/\/www.facebook.com\/3dlabbrasil\/?locale=pt_BR\" \/>\n<meta property=\"og:image\" content=\"https:\/\/3dlab.com.br\/wp-content\/uploads\/2024\/01\/sermoon-d3-pro.png\" \/>\n<meta name=\"twitter:card\" content=\"summary_large_image\" \/>\n<meta name=\"twitter:label1\" content=\"Est. tempo de leitura\" \/>\n\t<meta name=\"twitter:data1\" content=\"1 minuto\" \/>\n<script type=\"application\/ld+json\" class=\"yoast-schema-graph\">{\"@context\":\"https:\/\/schema.org\",\"@graph\":[{\"@type\":\"WebPage\",\"@id\":\"https:\/\/projetosddwb.com.br\/3dlab\/product\/impressora-3d-sermoon-d3-pro\/\",\"url\":\"https:\/\/projetosddwb.com.br\/3dlab\/product\/impressora-3d-sermoon-d3-pro\/\",\"name\":\"IMPRESSORA 3D SERMOON D3 PRO - 3D Lab\",\"isPartOf\":{\"@id\":\"https:\/\/projetosddwb.com.br\/3dlab\/#website\"},\"primaryImageOfPage\":{\"@id\":\"https:\/\/projetosddwb.com.br\/3dlab\/product\/impressora-3d-sermoon-d3-pro\/#primaryimage\"},\"image\":{\"@id\":\"https:\/\/projetosddwb.com.br\/3dlab\/product\/impressora-3d-sermoon-d3-pro\/#primaryimage\"},\"thumbnailUrl\":\"\",\"datePublished\":\"2024-04-18T18:56:59+00:00\",\"breadcrumb\":{\"@id\":\"https:\/\/projetosddwb.com.br\/3dlab\/product\/impressora-3d-sermoon-d3-pro\/#breadcrumb\"},\"inLanguage\":\"pt-BR\",\"potentialAction\":[{\"@type\":\"ReadAction\",\"target\":[\"https:\/\/projetosddwb.com.br\/3dlab\/product\/impressora-3d-sermoon-d3-pro\/\"]}]},{\"@type\":\"ImageObject\",\"inLanguage\":\"pt-BR\",\"@id\":\"https:\/\/projetosddwb.com.br\/3dlab\/product\/impressora-3d-sermoon-d3-pro\/#primaryimage\",\"url\":\"\",\"contentUrl\":\"\"},{\"@type\":\"BreadcrumbList\",\"@id\":\"https:\/\/projetosddwb.com.br\/3dlab\/product\/impressora-3d-sermoon-d3-pro\/#breadcrumb\",\"itemListElement\":[{\"@type\":\"ListItem\",\"position\":1,\"name\":\"In\u00edcio\",\"item\":\"https:\/\/projetosddwb.com.br\/3dlab\/\"},{\"@type\":\"ListItem\",\"position\":2,\"name\":\"Loja\",\"item\":\"https:\/\/projetosddwb.com.br\/3dlab\/loja\/\"},{\"@type\":\"ListItem\",\"position\":3,\"name\":\"IMPRESSORA 3D SERMOON D3 PRO\"}]},{\"@type\":\"WebSite\",\"@id\":\"https:\/\/projetosddwb.com.br\/3dlab\/#website\",\"url\":\"https:\/\/projetosddwb.com.br\/3dlab\/\",\"name\":\"3D Lab\",\"description\":\"\",\"publisher\":{\"@id\":\"https:\/\/projetosddwb.com.br\/3dlab\/#organization\"},\"potentialAction\":[{\"@type\":\"SearchAction\",\"target\":{\"@type\":\"EntryPoint\",\"urlTemplate\":\"https:\/\/projetosddwb.com.br\/3dlab\/?s={search_term_string}\"},\"query-input\":{\"@type\":\"PropertyValueSpecification\",\"valueRequired\":true,\"valueName\":\"search_term_string\"}}],\"inLanguage\":\"pt-BR\"},{\"@type\":\"Organization\",\"@id\":\"https:\/\/projetosddwb.com.br\/3dlab\/#organization\",\"name\":\"3D Lab\",\"url\":\"https:\/\/projetosddwb.com.br\/3dlab\/\",\"logo\":{\"@type\":\"ImageObject\",\"inLanguage\":\"pt-BR\",\"@id\":\"https:\/\/projetosddwb.com.br\/3dlab\/#\/schema\/logo\/image\/\",\"url\":\"https:\/\/projetosddwb.com.br\/3dlab\/wp-content\/uploads\/2025\/04\/cropped-cropped-3D_HORI_ORIGINAL-1.png\",\"contentUrl\":\"https:\/\/projetosddwb.com.br\/3dlab\/wp-content\/uploads\/2025\/04\/cropped-cropped-3D_HORI_ORIGINAL-1.png\",\"width\":597,\"height\":196,\"caption\":\"3D Lab\"},\"image\":{\"@id\":\"https:\/\/projetosddwb.com.br\/3dlab\/#\/schema\/logo\/image\/\"},\"sameAs\":[\"https:\/\/www.facebook.com\/3dlabbrasil\/?locale=pt_BR\",\"https:\/\/www.instagram.com\/3dlab_brasil\/\"]}]}<\/script>\n<!-- \/ Yoast SEO plugin. -->","yoast_head_json":{"title":"IMPRESSORA 3D SERMOON D3 PRO - 3D Lab","robots":{"index":"index","follow":"follow","max-snippet":"max-snippet:-1","max-image-preview":"max-image-preview:large","max-video-preview":"max-video-preview:-1"},"canonical":"https:\/\/projetosddwb.com.br\/3dlab\/product\/impressora-3d-sermoon-d3-pro\/","og_locale":"pt_BR","og_type":"article","og_title":"IMPRESSORA 3D SERMOON D3 PRO - 3D Lab","og_description":"Impressora 3D Sermoon D3 PRO A Impressora 3D Sermoon D3 possui alta estabilidade industrial, com perfis verticais e chapa superior em alum\u00ednio aeroespacial. Os eixos X, Y e Z em&hellip;","og_url":"https:\/\/projetosddwb.com.br\/3dlab\/product\/impressora-3d-sermoon-d3-pro\/","og_site_name":"3D Lab","article_publisher":"https:\/\/www.facebook.com\/3dlabbrasil\/?locale=pt_BR","og_image":[{"url":"https:\/\/3dlab.com.br\/wp-content\/uploads\/2024\/01\/sermoon-d3-pro.png","type":"","width":"","height":""}],"twitter_card":"summary_large_image","twitter_misc":{"Est. tempo de leitura":"1 minuto"},"schema":{"@context":"https:\/\/schema.org","@graph":[{"@type":"WebPage","@id":"https:\/\/projetosddwb.com.br\/3dlab\/product\/impressora-3d-sermoon-d3-pro\/","url":"https:\/\/projetosddwb.com.br\/3dlab\/product\/impressora-3d-sermoon-d3-pro\/","name":"IMPRESSORA 3D SERMOON D3 PRO - 3D Lab","isPartOf":{"@id":"https:\/\/projetosddwb.com.br\/3dlab\/#website"},"primaryImageOfPage":{"@id":"https:\/\/projetosddwb.com.br\/3dlab\/product\/impressora-3d-sermoon-d3-pro\/#primaryimage"},"image":{"@id":"https:\/\/projetosddwb.com.br\/3dlab\/product\/impressora-3d-sermoon-d3-pro\/#primaryimage"},"thumbnailUrl":"","datePublished":"2024-04-18T18:56:59+00:00","breadcrumb":{"@id":"https:\/\/projetosddwb.com.br\/3dlab\/product\/impressora-3d-sermoon-d3-pro\/#breadcrumb"},"inLanguage":"pt-BR","potentialAction":[{"@type":"ReadAction","target":["https:\/\/projetosddwb.com.br\/3dlab\/product\/impressora-3d-sermoon-d3-pro\/"]}]},{"@type":"ImageObject","inLanguage":"pt-BR","@id":"https:\/\/projetosddwb.com.br\/3dlab\/product\/impressora-3d-sermoon-d3-pro\/#primaryimage","url":"","contentUrl":""},{"@type":"BreadcrumbList","@id":"https:\/\/projetosddwb.com.br\/3dlab\/product\/impressora-3d-sermoon-d3-pro\/#breadcrumb","itemListElement":[{"@type":"ListItem","position":1,"name":"In\u00edcio","item":"https:\/\/projetosddwb.com.br\/3dlab\/"},{"@type":"ListItem","position":2,"name":"Loja","item":"https:\/\/projetosddwb.com.br\/3dlab\/loja\/"},{"@type":"ListItem","position":3,"name":"IMPRESSORA 3D SERMOON D3 PRO"}]},{"@type":"WebSite","@id":"https:\/\/projetosddwb.com.br\/3dlab\/#website","url":"https:\/\/projetosddwb.com.br\/3dlab\/","name":"3D Lab","description":"","publisher":{"@id":"https:\/\/projetosddwb.com.br\/3dlab\/#organization"},"potentialAction":[{"@type":"SearchAction","target":{"@type":"EntryPoint","urlTemplate":"https:\/\/projetosddwb.com.br\/3dlab\/?s={search_term_string}"},"query-input":{"@type":"PropertyValueSpecification","valueRequired":true,"valueName":"search_term_string"}}],"inLanguage":"pt-BR"},{"@type":"Organization","@id":"https:\/\/projetosddwb.com.br\/3dlab\/#organization","name":"3D Lab","url":"https:\/\/projetosddwb.com.br\/3dlab\/","logo":{"@type":"ImageObject","inLanguage":"pt-BR","@id":"https:\/\/projetosddwb.com.br\/3dlab\/#\/schema\/logo\/image\/","url":"https:\/\/projetosddwb.com.br\/3dlab\/wp-content\/uploads\/2025\/04\/cropped-cropped-3D_HORI_ORIGINAL-1.png","contentUrl":"https:\/\/projetosddwb.com.br\/3dlab\/wp-content\/uploads\/2025\/04\/cropped-cropped-3D_HORI_ORIGINAL-1.png","width":597,"height":196,"caption":"3D Lab"},"image":{"@id":"https:\/\/projetosddwb.com.br\/3dlab\/#\/schema\/logo\/image\/"},"sameAs":["https:\/\/www.facebook.com\/3dlabbrasil\/?locale=pt_BR","https:\/\/www.instagram.com\/3dlab_brasil\/"]}]}},"_links":{"self":[{"href":"https:\/\/projetosddwb.com.br\/3dlab\/wp-json\/wp\/v2\/product\/2094","targetHints":{"allow":["GET"]}}],"collection":[{"href":"https:\/\/projetosddwb.com.br\/3dlab\/wp-json\/wp\/v2\/product"}],"about":[{"href":"https:\/\/projetosddwb.com.br\/3dlab\/wp-json\/wp\/v2\/types\/product"}],"replies":[{"embeddable":true,"href":"https:\/\/projetosddwb.com.br\/3dlab\/wp-json\/wp\/v2\/comments?post=2094"}],"wp:featuredmedia":[{"embeddable":true,"href":"https:\/\/projetosddwb.com.br\/3dlab\/wp-json\/"}],"wp:attachment":[{"href":"https:\/\/projetosddwb.com.br\/3dlab\/wp-json\/wp\/v2\/media?parent=2094"}],"wp:term":[{"taxonomy":"product_brand","embeddable":true,"href":"https:\/\/projetosddwb.com.br\/3dlab\/wp-json\/wp\/v2\/product_brand?post=2094"},{"taxonomy":"product_cat","embeddable":true,"href":"https:\/\/projetosddwb.com.br\/3dlab\/wp-json\/wp\/v2\/product_cat?post=2094"},{"taxonomy":"product_tag","embeddable":true,"href":"https:\/\/projetosddwb.com.br\/3dlab\/wp-json\/wp\/v2\/product_tag?post=2094"}],"curies":[{"name":"wp","href":"https:\/\/api.w.org\/{rel}","templated":true}]}}