{"id":2095,"date":"2024-04-18T15:56:59","date_gmt":"2024-04-18T18:56:59","guid":{"rendered":"https:\/\/projetosddwb.com.br\/3dlab\/?post_type=product&amp;p=2095"},"modified":"2024-04-18T15:56:59","modified_gmt":"2024-04-18T18:56:59","slug":"impressora-3d-a1-mini-combo-com-ams","status":"publish","type":"product","link":"https:\/\/projetosddwb.com.br\/3dlab\/product\/impressora-3d-a1-mini-combo-com-ams\/","title":{"rendered":"IMPRESSORA 3D A1 MINI &#8211; COMBO COM AMS"},"content":{"rendered":"<div class=\"flex flex-grow flex-col max-w-full\">\n<div class=\"min-h-[20px] text-message flex flex-col items-start gap-3 whitespace-pre-wrap break-words [.text-message+&amp;]:mt-5 overflow-x-auto\" data-message-author-role=\"assistant\" data-message-id=\"c5b118bc-e08c-4622-b3a0-fe315e5d1b24\">\n<div class=\"markdown prose w-full break-words dark:prose-invert light\">\n<h2>IMPRESSORA 3D A1 MINI &#8211; COMBO com AMS<\/h2>\n<p>A impressora 3D A1 mini\u00a0 &#8211; combo com AMS incorpora tecnologia avan\u00e7ada e inova\u00e7\u00e3o para proporcionar uma experi\u00eancia \u00fanica de velocidade, troca de cor e qualidade de impress\u00e3o com uma estrutura aberta. Com um design futurista e recursos de ponta, a A1 mini \u00e9 a escolha ideal para entusiastas e profissionais que buscam precis\u00e3o, velocidade e versatilidade.<\/p>\n<p><strong>Principais Caracter\u00edsticas T\u00e9cnicas:<\/strong><\/p>\n<ul>\n<li><strong>Tecnologia de Impress\u00e3o:<\/strong> Fused Filament Fabrication (FFF)<\/li>\n<li><strong>Volume de Constru\u00e7\u00e3o:<\/strong> 180x 180x 180mm\u00b3<\/li>\n<li><strong>Resolu\u00e7\u00e3o M\u00ednima da Camada:<\/strong> (Informa\u00e7\u00e3o n\u00e3o fornecida)<\/li>\n<li><strong>Resolu\u00e7\u00e3o M\u00e1xima da Camada:<\/strong> (Informa\u00e7\u00e3o n\u00e3o fornecida)<\/li>\n<li><strong>Dimens\u00f5es:<\/strong> 347x 315x 365mm<\/li>\n<li><strong>Peso: <\/strong>5,5kg<\/li>\n<li><strong>Cama:<\/strong> At\u00e9 80\u00baC<\/li>\n<li><strong>Superf\u00edcie de Impress\u00e3o:<\/strong> Texturizada<\/li>\n<li><strong>Software:<\/strong> Bambu Studio (suporta software de terceiros)<\/li>\n<li><strong>Materiais Suportados:<\/strong> PLA, PETG, TPU, PVA etc.<\/li>\n<li><strong>Velocidade de Impress\u00e3o:<\/strong> At\u00e9 500 mm\/s, com acelera\u00e7\u00e3o m\u00e1xima de 10.000 mm\/s\u00b2<\/li>\n<\/ul>\n<p><strong>Destaques Tecnol\u00f3gicos:<\/strong><\/p>\n<ol>\n<li><strong>AMS Lite (Opcional):<\/strong> Possui um sistema multifilamento avan\u00e7ado para impress\u00e3o multimaterial, suportando at\u00e9 quatro cores.<\/li>\n<li><strong>Tela Sens\u00edvel ao Toque:<\/strong> Interface intuitiva de 2,4 polegadas, proporcionando uma experi\u00eancia de usu\u00e1rio semelhante \u00e0 de um smartphone.<\/li>\n<li><strong>Sistema de Gerenciamento de Sa\u00fade (HMS):<\/strong> Auxilia em todas as etapas operacionais e na solu\u00e7\u00e3o de problemas, garantindo uma opera\u00e7\u00e3o suave.<\/li>\n<li><strong>Hotends Quick Swap:<\/strong> Facilita a troca r\u00e1pida e f\u00e1cil de bicos, reconhecendo automaticamente os novos bicos inseridos.<\/li>\n<li><strong>Velocidade Excepcional:<\/strong> At\u00e9 500 mm\/s de velocidade de impress\u00e3o, permitindo produ\u00e7\u00f5es r\u00e1pidas e eficientes.<\/li>\n<li><strong>Controle de Fluxo Fino:<\/strong> Destaca-se no controle preciso de detalhes intrincados e geometrias complexas.<\/li>\n<li><strong>Design Adapt\u00e1vel:<\/strong> Flexibilidade na instala\u00e7\u00e3o do AMS Lite, oferecendo op\u00e7\u00f5es de montagem na parte superior ou lateral.<\/li>\n<\/ol>\n<p>Seja voc\u00ea um entusiasta ou um profissional que busca o melhor em impress\u00e3o 3D, a Bambu Labs A1 oferece um pacote completo de inova\u00e7\u00e3o, tecnologia e desempenho excepcionais. Transforme suas ideias em realidade com a precis\u00e3o e velocidade incompar\u00e1veis da A1 mini.<\/p>\n<p><img fetchpriority=\"high\" decoding=\"async\" class=\"alignnone wp-image-158679 size-full\" src=\"https:\/\/3dlab.com.br\/wp-content\/uploads\/2024\/01\/Screenshot_11.png\" alt=\"impress\u00e3o multi colorida para todos\" width=\"1456\" height=\"735\" \/><\/p>\n<p><img decoding=\"async\" class=\"alignnone wp-image-158678 size-full\" src=\"https:\/\/3dlab.com.br\/wp-content\/uploads\/2024\/01\/Screenshot_12.png\" alt=\"A A1 mini chega at\u00e9 voc\u00ea pr\u00e9-montada\" width=\"1633\" height=\"803\" \/><img decoding=\"async\" class=\"alignnone wp-image-158677 size-full\" src=\"https:\/\/3dlab.com.br\/wp-content\/uploads\/2024\/01\/Screenshot_13.png\" alt=\"a a1 mini automatizou completamente o processo de carda e descarga do filamento. \" width=\"1542\" height=\"680\" \/><img loading=\"lazy\" decoding=\"async\" class=\"alignnone wp-image-158675 size-full\" src=\"https:\/\/3dlab.com.br\/wp-content\/uploads\/2024\/01\/Screenshot_15.png\" alt=\"ui intuitiva. \" width=\"1434\" height=\"774\" \/> <img loading=\"lazy\" decoding=\"async\" class=\"alignnone wp-image-158676 size-full\" src=\"https:\/\/3dlab.com.br\/wp-content\/uploads\/2024\/01\/Screenshot_14.png\" alt=\"compensa\u00e7\u00e3o de taxa de fluxo ativa\" width=\"1513\" height=\"742\" \/><\/p>\n<p><img loading=\"lazy\" decoding=\"async\" class=\"alignnone wp-image-158642 size-full\" src=\"https:\/\/3dlab.com.br\/wp-content\/uploads\/2024\/01\/Screenshot_4.png\" alt=\"velocidade e qualidade core XY\" width=\"1577\" height=\"730\" \/><\/p>\n<p><img loading=\"lazy\" decoding=\"async\" class=\"wp-image-158647 size-full\" src=\"https:\/\/3dlab.com.br\/wp-content\/uploads\/2024\/01\/Screenshot_9.png\" alt=\"f\u00e1cil de usar fora da internet\" width=\"1560\" height=\"779\" \/> <img loading=\"lazy\" decoding=\"async\" class=\"wp-image-158646 size-full\" src=\"https:\/\/3dlab.com.br\/wp-content\/uploads\/2024\/01\/Screenshot_8.png\" alt=\"tampa de lente da c\u00e2mera.\" width=\"1436\" height=\"712\" \/><\/p>\n<\/div>\n<\/div>\n<\/div>\n<div class=\"mt-1 flex justify-start gap-3 empty:hidden\">\n<div class=\"text-gray-400 flex self-end lg:self-center justify-center lg:justify-start mt-0 -ml-1 visible\">\n<p>&nbsp;<\/p>\n<\/div>\n<\/div>\n","protected":false},"excerpt":{"rendered":"<p>IMPRESSORA 3D A1 MINI &#8211; COMBO com AMS A impressora 3D A1 mini\u00a0 &#8211; combo com AMS incorpora tecnologia avan\u00e7ada e inova\u00e7\u00e3o para proporcionar uma experi\u00eancia \u00fanica de velocidade, troca&hellip;<\/p>\n","protected":false},"featured_media":2114,"comment_status":"open","ping_status":"closed","template":"","meta":[],"product_brand":[],"product_cat":[673,453,280,308,359,497],"product_tag":[682,672,683],"class_list":{"0":"post-2095","1":"product","2":"type-product","3":"status-publish","4":"has-post-thumbnail","6":"product_cat-bambu-lab","7":"product_cat-impressora-3d-de-filamento","8":"product_cat-impressoras-3d","9":"product_cat-impressoras-e-filamentos","10":"product_cat-lancamentos","11":"product_cat-promocoes","12":"product_tag-ams","13":"product_tag-bambu-lab","14":"product_tag-colorido","15":"product_shipping_class-impressoras-c-frete","17":"first","18":"instock","19":"sale","20":"shipping-taxable","21":"purchasable","22":"product-type-simple"},"yoast_head":"<!-- This site is optimized with the Yoast SEO plugin v24.8.1 - https:\/\/yoast.com\/wordpress\/plugins\/seo\/ -->\n<title>IMPRESSORA 3D A1 MINI - COMBO COM AMS - 3D Lab<\/title>\n<meta name=\"robots\" content=\"index, follow, max-snippet:-1, max-image-preview:large, max-video-preview:-1\" \/>\n<link rel=\"canonical\" href=\"https:\/\/projetosddwb.com.br\/3dlab\/product\/impressora-3d-a1-mini-combo-com-ams\/\" \/>\n<meta property=\"og:locale\" content=\"pt_BR\" \/>\n<meta property=\"og:type\" content=\"article\" \/>\n<meta property=\"og:title\" content=\"IMPRESSORA 3D A1 MINI - COMBO COM AMS - 3D Lab\" \/>\n<meta property=\"og:description\" content=\"IMPRESSORA 3D A1 MINI &#8211; COMBO com AMS A impressora 3D A1 mini\u00a0 &#8211; combo com AMS incorpora tecnologia avan\u00e7ada e inova\u00e7\u00e3o para proporcionar uma experi\u00eancia \u00fanica de velocidade, troca&hellip;\" \/>\n<meta property=\"og:url\" content=\"https:\/\/projetosddwb.com.br\/3dlab\/product\/impressora-3d-a1-mini-combo-com-ams\/\" \/>\n<meta property=\"og:site_name\" content=\"3D Lab\" \/>\n<meta property=\"article:publisher\" content=\"https:\/\/www.facebook.com\/3dlabbrasil\/?locale=pt_BR\" \/>\n<meta property=\"og:image\" content=\"https:\/\/3dlab.com.br\/wp-content\/uploads\/2024\/01\/Screenshot_11.png\" \/>\n<meta name=\"twitter:card\" content=\"summary_large_image\" \/>\n<meta name=\"twitter:label1\" content=\"Est. tempo de leitura\" \/>\n\t<meta name=\"twitter:data1\" content=\"2 minutos\" \/>\n<script type=\"application\/ld+json\" class=\"yoast-schema-graph\">{\"@context\":\"https:\/\/schema.org\",\"@graph\":[{\"@type\":\"WebPage\",\"@id\":\"https:\/\/projetosddwb.com.br\/3dlab\/product\/impressora-3d-a1-mini-combo-com-ams\/\",\"url\":\"https:\/\/projetosddwb.com.br\/3dlab\/product\/impressora-3d-a1-mini-combo-com-ams\/\",\"name\":\"IMPRESSORA 3D A1 MINI - COMBO COM AMS - 3D Lab\",\"isPartOf\":{\"@id\":\"https:\/\/projetosddwb.com.br\/3dlab\/#website\"},\"primaryImageOfPage\":{\"@id\":\"https:\/\/projetosddwb.com.br\/3dlab\/product\/impressora-3d-a1-mini-combo-com-ams\/#primaryimage\"},\"image\":{\"@id\":\"https:\/\/projetosddwb.com.br\/3dlab\/product\/impressora-3d-a1-mini-combo-com-ams\/#primaryimage\"},\"thumbnailUrl\":\"\",\"datePublished\":\"2024-04-18T18:56:59+00:00\",\"breadcrumb\":{\"@id\":\"https:\/\/projetosddwb.com.br\/3dlab\/product\/impressora-3d-a1-mini-combo-com-ams\/#breadcrumb\"},\"inLanguage\":\"pt-BR\",\"potentialAction\":[{\"@type\":\"ReadAction\",\"target\":[\"https:\/\/projetosddwb.com.br\/3dlab\/product\/impressora-3d-a1-mini-combo-com-ams\/\"]}]},{\"@type\":\"ImageObject\",\"inLanguage\":\"pt-BR\",\"@id\":\"https:\/\/projetosddwb.com.br\/3dlab\/product\/impressora-3d-a1-mini-combo-com-ams\/#primaryimage\",\"url\":\"\",\"contentUrl\":\"\"},{\"@type\":\"BreadcrumbList\",\"@id\":\"https:\/\/projetosddwb.com.br\/3dlab\/product\/impressora-3d-a1-mini-combo-com-ams\/#breadcrumb\",\"itemListElement\":[{\"@type\":\"ListItem\",\"position\":1,\"name\":\"In\u00edcio\",\"item\":\"https:\/\/projetosddwb.com.br\/3dlab\/\"},{\"@type\":\"ListItem\",\"position\":2,\"name\":\"Loja\",\"item\":\"https:\/\/projetosddwb.com.br\/3dlab\/loja\/\"},{\"@type\":\"ListItem\",\"position\":3,\"name\":\"IMPRESSORA 3D A1 MINI &#8211; COMBO COM AMS\"}]},{\"@type\":\"WebSite\",\"@id\":\"https:\/\/projetosddwb.com.br\/3dlab\/#website\",\"url\":\"https:\/\/projetosddwb.com.br\/3dlab\/\",\"name\":\"3D Lab\",\"description\":\"\",\"publisher\":{\"@id\":\"https:\/\/projetosddwb.com.br\/3dlab\/#organization\"},\"potentialAction\":[{\"@type\":\"SearchAction\",\"target\":{\"@type\":\"EntryPoint\",\"urlTemplate\":\"https:\/\/projetosddwb.com.br\/3dlab\/?s={search_term_string}\"},\"query-input\":{\"@type\":\"PropertyValueSpecification\",\"valueRequired\":true,\"valueName\":\"search_term_string\"}}],\"inLanguage\":\"pt-BR\"},{\"@type\":\"Organization\",\"@id\":\"https:\/\/projetosddwb.com.br\/3dlab\/#organization\",\"name\":\"3D Lab\",\"url\":\"https:\/\/projetosddwb.com.br\/3dlab\/\",\"logo\":{\"@type\":\"ImageObject\",\"inLanguage\":\"pt-BR\",\"@id\":\"https:\/\/projetosddwb.com.br\/3dlab\/#\/schema\/logo\/image\/\",\"url\":\"https:\/\/projetosddwb.com.br\/3dlab\/wp-content\/uploads\/2025\/04\/cropped-cropped-3D_HORI_ORIGINAL-1.png\",\"contentUrl\":\"https:\/\/projetosddwb.com.br\/3dlab\/wp-content\/uploads\/2025\/04\/cropped-cropped-3D_HORI_ORIGINAL-1.png\",\"width\":597,\"height\":196,\"caption\":\"3D Lab\"},\"image\":{\"@id\":\"https:\/\/projetosddwb.com.br\/3dlab\/#\/schema\/logo\/image\/\"},\"sameAs\":[\"https:\/\/www.facebook.com\/3dlabbrasil\/?locale=pt_BR\",\"https:\/\/www.instagram.com\/3dlab_brasil\/\"]}]}<\/script>\n<!-- \/ Yoast SEO plugin. -->","yoast_head_json":{"title":"IMPRESSORA 3D A1 MINI - COMBO COM AMS - 3D Lab","robots":{"index":"index","follow":"follow","max-snippet":"max-snippet:-1","max-image-preview":"max-image-preview:large","max-video-preview":"max-video-preview:-1"},"canonical":"https:\/\/projetosddwb.com.br\/3dlab\/product\/impressora-3d-a1-mini-combo-com-ams\/","og_locale":"pt_BR","og_type":"article","og_title":"IMPRESSORA 3D A1 MINI - COMBO COM AMS - 3D Lab","og_description":"IMPRESSORA 3D A1 MINI &#8211; COMBO com AMS A impressora 3D A1 mini\u00a0 &#8211; combo com AMS incorpora tecnologia avan\u00e7ada e inova\u00e7\u00e3o para proporcionar uma experi\u00eancia \u00fanica de velocidade, troca&hellip;","og_url":"https:\/\/projetosddwb.com.br\/3dlab\/product\/impressora-3d-a1-mini-combo-com-ams\/","og_site_name":"3D Lab","article_publisher":"https:\/\/www.facebook.com\/3dlabbrasil\/?locale=pt_BR","og_image":[{"url":"https:\/\/3dlab.com.br\/wp-content\/uploads\/2024\/01\/Screenshot_11.png","type":"","width":"","height":""}],"twitter_card":"summary_large_image","twitter_misc":{"Est. tempo de leitura":"2 minutos"},"schema":{"@context":"https:\/\/schema.org","@graph":[{"@type":"WebPage","@id":"https:\/\/projetosddwb.com.br\/3dlab\/product\/impressora-3d-a1-mini-combo-com-ams\/","url":"https:\/\/projetosddwb.com.br\/3dlab\/product\/impressora-3d-a1-mini-combo-com-ams\/","name":"IMPRESSORA 3D A1 MINI - COMBO COM AMS - 3D Lab","isPartOf":{"@id":"https:\/\/projetosddwb.com.br\/3dlab\/#website"},"primaryImageOfPage":{"@id":"https:\/\/projetosddwb.com.br\/3dlab\/product\/impressora-3d-a1-mini-combo-com-ams\/#primaryimage"},"image":{"@id":"https:\/\/projetosddwb.com.br\/3dlab\/product\/impressora-3d-a1-mini-combo-com-ams\/#primaryimage"},"thumbnailUrl":"","datePublished":"2024-04-18T18:56:59+00:00","breadcrumb":{"@id":"https:\/\/projetosddwb.com.br\/3dlab\/product\/impressora-3d-a1-mini-combo-com-ams\/#breadcrumb"},"inLanguage":"pt-BR","potentialAction":[{"@type":"ReadAction","target":["https:\/\/projetosddwb.com.br\/3dlab\/product\/impressora-3d-a1-mini-combo-com-ams\/"]}]},{"@type":"ImageObject","inLanguage":"pt-BR","@id":"https:\/\/projetosddwb.com.br\/3dlab\/product\/impressora-3d-a1-mini-combo-com-ams\/#primaryimage","url":"","contentUrl":""},{"@type":"BreadcrumbList","@id":"https:\/\/projetosddwb.com.br\/3dlab\/product\/impressora-3d-a1-mini-combo-com-ams\/#breadcrumb","itemListElement":[{"@type":"ListItem","position":1,"name":"In\u00edcio","item":"https:\/\/projetosddwb.com.br\/3dlab\/"},{"@type":"ListItem","position":2,"name":"Loja","item":"https:\/\/projetosddwb.com.br\/3dlab\/loja\/"},{"@type":"ListItem","position":3,"name":"IMPRESSORA 3D A1 MINI &#8211; COMBO COM AMS"}]},{"@type":"WebSite","@id":"https:\/\/projetosddwb.com.br\/3dlab\/#website","url":"https:\/\/projetosddwb.com.br\/3dlab\/","name":"3D Lab","description":"","publisher":{"@id":"https:\/\/projetosddwb.com.br\/3dlab\/#organization"},"potentialAction":[{"@type":"SearchAction","target":{"@type":"EntryPoint","urlTemplate":"https:\/\/projetosddwb.com.br\/3dlab\/?s={search_term_string}"},"query-input":{"@type":"PropertyValueSpecification","valueRequired":true,"valueName":"search_term_string"}}],"inLanguage":"pt-BR"},{"@type":"Organization","@id":"https:\/\/projetosddwb.com.br\/3dlab\/#organization","name":"3D Lab","url":"https:\/\/projetosddwb.com.br\/3dlab\/","logo":{"@type":"ImageObject","inLanguage":"pt-BR","@id":"https:\/\/projetosddwb.com.br\/3dlab\/#\/schema\/logo\/image\/","url":"https:\/\/projetosddwb.com.br\/3dlab\/wp-content\/uploads\/2025\/04\/cropped-cropped-3D_HORI_ORIGINAL-1.png","contentUrl":"https:\/\/projetosddwb.com.br\/3dlab\/wp-content\/uploads\/2025\/04\/cropped-cropped-3D_HORI_ORIGINAL-1.png","width":597,"height":196,"caption":"3D Lab"},"image":{"@id":"https:\/\/projetosddwb.com.br\/3dlab\/#\/schema\/logo\/image\/"},"sameAs":["https:\/\/www.facebook.com\/3dlabbrasil\/?locale=pt_BR","https:\/\/www.instagram.com\/3dlab_brasil\/"]}]}},"_links":{"self":[{"href":"https:\/\/projetosddwb.com.br\/3dlab\/wp-json\/wp\/v2\/product\/2095","targetHints":{"allow":["GET"]}}],"collection":[{"href":"https:\/\/projetosddwb.com.br\/3dlab\/wp-json\/wp\/v2\/product"}],"about":[{"href":"https:\/\/projetosddwb.com.br\/3dlab\/wp-json\/wp\/v2\/types\/product"}],"replies":[{"embeddable":true,"href":"https:\/\/projetosddwb.com.br\/3dlab\/wp-json\/wp\/v2\/comments?post=2095"}],"wp:featuredmedia":[{"embeddable":true,"href":"https:\/\/projetosddwb.com.br\/3dlab\/wp-json\/"}],"wp:attachment":[{"href":"https:\/\/projetosddwb.com.br\/3dlab\/wp-json\/wp\/v2\/media?parent=2095"}],"wp:term":[{"taxonomy":"product_brand","embeddable":true,"href":"https:\/\/projetosddwb.com.br\/3dlab\/wp-json\/wp\/v2\/product_brand?post=2095"},{"taxonomy":"product_cat","embeddable":true,"href":"https:\/\/projetosddwb.com.br\/3dlab\/wp-json\/wp\/v2\/product_cat?post=2095"},{"taxonomy":"product_tag","embeddable":true,"href":"https:\/\/projetosddwb.com.br\/3dlab\/wp-json\/wp\/v2\/product_tag?post=2095"}],"curies":[{"name":"wp","href":"https:\/\/api.w.org\/{rel}","templated":true}]}}