{"id":2168,"date":"2024-04-18T16:00:21","date_gmt":"2024-04-18T19:00:21","guid":{"rendered":"https:\/\/projetosddwb.com.br\/3dlab\/?post_type=product&amp;p=2168"},"modified":"2024-04-18T16:00:21","modified_gmt":"2024-04-18T19:00:21","slug":"impressora-3d-ender-3-v3-ke-envio-imediato","status":"publish","type":"product","link":"https:\/\/projetosddwb.com.br\/3dlab\/product\/impressora-3d-ender-3-v3-ke-envio-imediato\/","title":{"rendered":"IMPRESSORA 3D ENDER 3 V3 KE \/ ENVIO IMEDIATO!"},"content":{"rendered":"<h2>Impressora 3D Ender 3 V3 KE \/ ENVIO IMEDIATO!<\/h2>\n<p>A Creality Ender 3 V3 KE \u00e9 uma impressora 3D inovadora que combina desempenho excepcional com facilidade de uso. Projetada para atender \u00e0s necessidades tanto de entusiastas de impress\u00e3o 3D quanto de profissionais, esta m\u00e1quina oferece uma ampla gama de recursos avan\u00e7ados que a tornam uma escolha popular no mercado.<\/p>\n<p>Com um design robusto e uma estrutura s\u00f3lida, essa impressora 3D oferece movimento ultra-suave e uma plataforma est\u00e1vel para impress\u00f5es precisas e consistentes. Seu trilho linear de a\u00e7o r\u00edgido no eixo X e parafusos de avan\u00e7o duplos r\u00edgidos no eixo Z garantem uma opera\u00e7\u00e3o suave e livre de vibra\u00e7\u00f5es, resultando em modelos impressos com detalhes n\u00edtidos e acabamento de alta qualidade.<\/p>\n<p>Uma das caracter\u00edsticas mais impressionantes desta impressora \u00e9 sua velocidade. Com uma velocidade m\u00e1xima de impress\u00e3o de at\u00e9 500 mm\/s e uma acelera\u00e7\u00e3o de 8.000 mm\/s\u00b2, a Ender 3 V3 KE permite concluir projetos em menos tempo, sem comprometer a qualidade da impress\u00e3o. Isso \u00e9 especialmente \u00fatil para usu\u00e1rios que precisam produzir grandes volumes de pe\u00e7as ou desejam reduzir o tempo de espera pelos resultados.<\/p>\n<p>Al\u00e9m disso,\u00a0 \u00e9 equipada com uma extrusora direct &#8220;Sprite&#8221; de \u00faltima gera\u00e7\u00e3o, que permite uma impress\u00e3o f\u00e1cil com uma variedade de filamentos, incluindo PLA, PETG, ABS, TPU e ASA. O aquecedor cer\u00e2mico de 60W e o bico de cobre garantem um desempenho t\u00e9rmico excepcional, enquanto a fun\u00e7\u00e3o de nivelamento autom\u00e1tico com CR Touch simplifica o processo de configura\u00e7\u00e3o da impressora, garantindo uma primeira camada perfeita em todas as impress\u00f5es.<\/p>\n<p><img fetchpriority=\"high\" decoding=\"async\" class=\"alignnone wp-image-160880 size-large\" src=\"https:\/\/3dlab.com.br\/wp-content\/uploads\/2024\/02\/1-1024x576.jpg\" alt=\"ender 3 v3 ke\" width=\"1024\" height=\"576\" \/><\/p>\n<p><img decoding=\"async\" class=\"alignnone wp-image-160881 size-large\" src=\"https:\/\/3dlab.com.br\/wp-content\/uploads\/2024\/02\/2-1024x576.jpg\" alt=\"ender 3 v3 ke\" width=\"1024\" height=\"576\" \/><\/p>\n<p><img decoding=\"async\" class=\"alignnone wp-image-160882 size-large\" src=\"https:\/\/3dlab.com.br\/wp-content\/uploads\/2024\/02\/4-1024x576.jpg\" alt=\"ender 3 v3 ke\" width=\"1024\" height=\"576\" \/><\/p>\n<p><img loading=\"lazy\" decoding=\"async\" class=\"alignnone wp-image-160883 size-large\" src=\"https:\/\/3dlab.com.br\/wp-content\/uploads\/2024\/02\/5-1024x576.jpg\" alt=\"ender 3 v3 ke\" width=\"1024\" height=\"576\" \/><\/p>\n<p><img loading=\"lazy\" decoding=\"async\" class=\"alignnone wp-image-160884 size-large\" src=\"https:\/\/3dlab.com.br\/wp-content\/uploads\/2024\/02\/6-1024x576.jpg\" alt=\"ender 3 v3 ke\" width=\"1024\" height=\"576\" \/><\/p>\n<p><img loading=\"lazy\" decoding=\"async\" class=\"alignnone wp-image-160885 size-large\" src=\"https:\/\/3dlab.com.br\/wp-content\/uploads\/2024\/02\/7-1024x576.jpg\" alt=\"ender 3 v3 ke\" width=\"1024\" height=\"576\" \/><\/p>\n<p><img loading=\"lazy\" decoding=\"async\" class=\"alignnone wp-image-160886 size-large\" src=\"https:\/\/3dlab.com.br\/wp-content\/uploads\/2024\/02\/8-1024x576.jpg\" alt=\"ender 3 v3 ke\" width=\"1024\" height=\"576\" \/><\/p>\n<p><img loading=\"lazy\" decoding=\"async\" class=\"alignnone wp-image-160887 size-large\" src=\"https:\/\/3dlab.com.br\/wp-content\/uploads\/2024\/02\/9-1024x576.jpg\" alt=\"ender 3 v3 ke\" width=\"1024\" height=\"576\" \/><\/p>\n<p><img loading=\"lazy\" decoding=\"async\" class=\"alignnone wp-image-160888 size-large\" src=\"https:\/\/3dlab.com.br\/wp-content\/uploads\/2024\/02\/10-1024x576.jpg\" alt=\"ender 3 v3 ke\" width=\"1024\" height=\"576\" \/><\/p>\n","protected":false},"excerpt":{"rendered":"<p>Impressora 3D Ender 3 V3 KE \/ ENVIO IMEDIATO! A Creality Ender 3 V3 KE \u00e9 uma impressora 3D inovadora que combina desempenho excepcional com facilidade de uso. Projetada para&hellip;<\/p>\n","protected":false},"featured_media":2170,"comment_status":"open","ping_status":"closed","template":"","meta":[],"product_brand":[],"product_cat":[306,280,359,349],"product_tag":[685,285,686,687,688],"class_list":{"0":"post-2168","1":"product","2":"type-product","3":"status-publish","4":"has-post-thumbnail","6":"product_cat-creality","7":"product_cat-impressoras-3d","8":"product_cat-lancamentos","9":"product_cat-novos-produtos-revisar","10":"product_tag-ender-3-v3-ke","11":"product_tag-impressora-3d","12":"product_tag-impressora-3d-ender-3-v3-ke","13":"product_tag-ke","14":"product_tag-v3-ke","15":"product_shipping_class-impressoras-c-frete","17":"first","18":"instock","19":"sale","20":"shipping-taxable","21":"purchasable","22":"product-type-simple"},"yoast_head":"<!-- This site is optimized with the Yoast SEO plugin v24.8.1 - https:\/\/yoast.com\/wordpress\/plugins\/seo\/ -->\n<title>IMPRESSORA 3D ENDER 3 V3 KE \/ ENVIO IMEDIATO! - 3D Lab<\/title>\n<meta name=\"robots\" content=\"index, follow, max-snippet:-1, max-image-preview:large, max-video-preview:-1\" \/>\n<link rel=\"canonical\" href=\"https:\/\/projetosddwb.com.br\/3dlab\/product\/impressora-3d-ender-3-v3-ke-envio-imediato\/\" \/>\n<meta property=\"og:locale\" content=\"pt_BR\" \/>\n<meta property=\"og:type\" content=\"article\" \/>\n<meta property=\"og:title\" content=\"IMPRESSORA 3D ENDER 3 V3 KE \/ ENVIO IMEDIATO! - 3D Lab\" \/>\n<meta property=\"og:description\" content=\"Impressora 3D Ender 3 V3 KE \/ ENVIO IMEDIATO! A Creality Ender 3 V3 KE \u00e9 uma impressora 3D inovadora que combina desempenho excepcional com facilidade de uso. Projetada para&hellip;\" \/>\n<meta property=\"og:url\" content=\"https:\/\/projetosddwb.com.br\/3dlab\/product\/impressora-3d-ender-3-v3-ke-envio-imediato\/\" \/>\n<meta property=\"og:site_name\" content=\"3D Lab\" \/>\n<meta property=\"article:publisher\" content=\"https:\/\/www.facebook.com\/3dlabbrasil\/?locale=pt_BR\" \/>\n<meta property=\"og:image\" content=\"https:\/\/3dlab.com.br\/wp-content\/uploads\/2024\/02\/1-1024x576.jpg\" \/>\n<meta name=\"twitter:card\" content=\"summary_large_image\" \/>\n<meta name=\"twitter:label1\" content=\"Est. tempo de leitura\" \/>\n\t<meta name=\"twitter:data1\" content=\"1 minuto\" \/>\n<script type=\"application\/ld+json\" class=\"yoast-schema-graph\">{\"@context\":\"https:\/\/schema.org\",\"@graph\":[{\"@type\":\"WebPage\",\"@id\":\"https:\/\/projetosddwb.com.br\/3dlab\/product\/impressora-3d-ender-3-v3-ke-envio-imediato\/\",\"url\":\"https:\/\/projetosddwb.com.br\/3dlab\/product\/impressora-3d-ender-3-v3-ke-envio-imediato\/\",\"name\":\"IMPRESSORA 3D ENDER 3 V3 KE \/ ENVIO IMEDIATO! - 3D Lab\",\"isPartOf\":{\"@id\":\"https:\/\/projetosddwb.com.br\/3dlab\/#website\"},\"primaryImageOfPage\":{\"@id\":\"https:\/\/projetosddwb.com.br\/3dlab\/product\/impressora-3d-ender-3-v3-ke-envio-imediato\/#primaryimage\"},\"image\":{\"@id\":\"https:\/\/projetosddwb.com.br\/3dlab\/product\/impressora-3d-ender-3-v3-ke-envio-imediato\/#primaryimage\"},\"thumbnailUrl\":\"\",\"datePublished\":\"2024-04-18T19:00:21+00:00\",\"breadcrumb\":{\"@id\":\"https:\/\/projetosddwb.com.br\/3dlab\/product\/impressora-3d-ender-3-v3-ke-envio-imediato\/#breadcrumb\"},\"inLanguage\":\"pt-BR\",\"potentialAction\":[{\"@type\":\"ReadAction\",\"target\":[\"https:\/\/projetosddwb.com.br\/3dlab\/product\/impressora-3d-ender-3-v3-ke-envio-imediato\/\"]}]},{\"@type\":\"ImageObject\",\"inLanguage\":\"pt-BR\",\"@id\":\"https:\/\/projetosddwb.com.br\/3dlab\/product\/impressora-3d-ender-3-v3-ke-envio-imediato\/#primaryimage\",\"url\":\"\",\"contentUrl\":\"\"},{\"@type\":\"BreadcrumbList\",\"@id\":\"https:\/\/projetosddwb.com.br\/3dlab\/product\/impressora-3d-ender-3-v3-ke-envio-imediato\/#breadcrumb\",\"itemListElement\":[{\"@type\":\"ListItem\",\"position\":1,\"name\":\"In\u00edcio\",\"item\":\"https:\/\/projetosddwb.com.br\/3dlab\/\"},{\"@type\":\"ListItem\",\"position\":2,\"name\":\"Loja\",\"item\":\"https:\/\/projetosddwb.com.br\/3dlab\/loja\/\"},{\"@type\":\"ListItem\",\"position\":3,\"name\":\"IMPRESSORA 3D ENDER 3 V3 KE \/ ENVIO IMEDIATO!\"}]},{\"@type\":\"WebSite\",\"@id\":\"https:\/\/projetosddwb.com.br\/3dlab\/#website\",\"url\":\"https:\/\/projetosddwb.com.br\/3dlab\/\",\"name\":\"3D Lab\",\"description\":\"\",\"publisher\":{\"@id\":\"https:\/\/projetosddwb.com.br\/3dlab\/#organization\"},\"potentialAction\":[{\"@type\":\"SearchAction\",\"target\":{\"@type\":\"EntryPoint\",\"urlTemplate\":\"https:\/\/projetosddwb.com.br\/3dlab\/?s={search_term_string}\"},\"query-input\":{\"@type\":\"PropertyValueSpecification\",\"valueRequired\":true,\"valueName\":\"search_term_string\"}}],\"inLanguage\":\"pt-BR\"},{\"@type\":\"Organization\",\"@id\":\"https:\/\/projetosddwb.com.br\/3dlab\/#organization\",\"name\":\"3D Lab\",\"url\":\"https:\/\/projetosddwb.com.br\/3dlab\/\",\"logo\":{\"@type\":\"ImageObject\",\"inLanguage\":\"pt-BR\",\"@id\":\"https:\/\/projetosddwb.com.br\/3dlab\/#\/schema\/logo\/image\/\",\"url\":\"https:\/\/projetosddwb.com.br\/3dlab\/wp-content\/uploads\/2025\/04\/cropped-cropped-3D_HORI_ORIGINAL-1.png\",\"contentUrl\":\"https:\/\/projetosddwb.com.br\/3dlab\/wp-content\/uploads\/2025\/04\/cropped-cropped-3D_HORI_ORIGINAL-1.png\",\"width\":597,\"height\":196,\"caption\":\"3D Lab\"},\"image\":{\"@id\":\"https:\/\/projetosddwb.com.br\/3dlab\/#\/schema\/logo\/image\/\"},\"sameAs\":[\"https:\/\/www.facebook.com\/3dlabbrasil\/?locale=pt_BR\",\"https:\/\/www.instagram.com\/3dlab_brasil\/\"]}]}<\/script>\n<!-- \/ Yoast SEO plugin. -->","yoast_head_json":{"title":"IMPRESSORA 3D ENDER 3 V3 KE \/ ENVIO IMEDIATO! - 3D Lab","robots":{"index":"index","follow":"follow","max-snippet":"max-snippet:-1","max-image-preview":"max-image-preview:large","max-video-preview":"max-video-preview:-1"},"canonical":"https:\/\/projetosddwb.com.br\/3dlab\/product\/impressora-3d-ender-3-v3-ke-envio-imediato\/","og_locale":"pt_BR","og_type":"article","og_title":"IMPRESSORA 3D ENDER 3 V3 KE \/ ENVIO IMEDIATO! - 3D Lab","og_description":"Impressora 3D Ender 3 V3 KE \/ ENVIO IMEDIATO! A Creality Ender 3 V3 KE \u00e9 uma impressora 3D inovadora que combina desempenho excepcional com facilidade de uso. Projetada para&hellip;","og_url":"https:\/\/projetosddwb.com.br\/3dlab\/product\/impressora-3d-ender-3-v3-ke-envio-imediato\/","og_site_name":"3D Lab","article_publisher":"https:\/\/www.facebook.com\/3dlabbrasil\/?locale=pt_BR","og_image":[{"url":"https:\/\/3dlab.com.br\/wp-content\/uploads\/2024\/02\/1-1024x576.jpg","type":"","width":"","height":""}],"twitter_card":"summary_large_image","twitter_misc":{"Est. tempo de leitura":"1 minuto"},"schema":{"@context":"https:\/\/schema.org","@graph":[{"@type":"WebPage","@id":"https:\/\/projetosddwb.com.br\/3dlab\/product\/impressora-3d-ender-3-v3-ke-envio-imediato\/","url":"https:\/\/projetosddwb.com.br\/3dlab\/product\/impressora-3d-ender-3-v3-ke-envio-imediato\/","name":"IMPRESSORA 3D ENDER 3 V3 KE \/ ENVIO IMEDIATO! - 3D Lab","isPartOf":{"@id":"https:\/\/projetosddwb.com.br\/3dlab\/#website"},"primaryImageOfPage":{"@id":"https:\/\/projetosddwb.com.br\/3dlab\/product\/impressora-3d-ender-3-v3-ke-envio-imediato\/#primaryimage"},"image":{"@id":"https:\/\/projetosddwb.com.br\/3dlab\/product\/impressora-3d-ender-3-v3-ke-envio-imediato\/#primaryimage"},"thumbnailUrl":"","datePublished":"2024-04-18T19:00:21+00:00","breadcrumb":{"@id":"https:\/\/projetosddwb.com.br\/3dlab\/product\/impressora-3d-ender-3-v3-ke-envio-imediato\/#breadcrumb"},"inLanguage":"pt-BR","potentialAction":[{"@type":"ReadAction","target":["https:\/\/projetosddwb.com.br\/3dlab\/product\/impressora-3d-ender-3-v3-ke-envio-imediato\/"]}]},{"@type":"ImageObject","inLanguage":"pt-BR","@id":"https:\/\/projetosddwb.com.br\/3dlab\/product\/impressora-3d-ender-3-v3-ke-envio-imediato\/#primaryimage","url":"","contentUrl":""},{"@type":"BreadcrumbList","@id":"https:\/\/projetosddwb.com.br\/3dlab\/product\/impressora-3d-ender-3-v3-ke-envio-imediato\/#breadcrumb","itemListElement":[{"@type":"ListItem","position":1,"name":"In\u00edcio","item":"https:\/\/projetosddwb.com.br\/3dlab\/"},{"@type":"ListItem","position":2,"name":"Loja","item":"https:\/\/projetosddwb.com.br\/3dlab\/loja\/"},{"@type":"ListItem","position":3,"name":"IMPRESSORA 3D ENDER 3 V3 KE \/ ENVIO IMEDIATO!"}]},{"@type":"WebSite","@id":"https:\/\/projetosddwb.com.br\/3dlab\/#website","url":"https:\/\/projetosddwb.com.br\/3dlab\/","name":"3D Lab","description":"","publisher":{"@id":"https:\/\/projetosddwb.com.br\/3dlab\/#organization"},"potentialAction":[{"@type":"SearchAction","target":{"@type":"EntryPoint","urlTemplate":"https:\/\/projetosddwb.com.br\/3dlab\/?s={search_term_string}"},"query-input":{"@type":"PropertyValueSpecification","valueRequired":true,"valueName":"search_term_string"}}],"inLanguage":"pt-BR"},{"@type":"Organization","@id":"https:\/\/projetosddwb.com.br\/3dlab\/#organization","name":"3D Lab","url":"https:\/\/projetosddwb.com.br\/3dlab\/","logo":{"@type":"ImageObject","inLanguage":"pt-BR","@id":"https:\/\/projetosddwb.com.br\/3dlab\/#\/schema\/logo\/image\/","url":"https:\/\/projetosddwb.com.br\/3dlab\/wp-content\/uploads\/2025\/04\/cropped-cropped-3D_HORI_ORIGINAL-1.png","contentUrl":"https:\/\/projetosddwb.com.br\/3dlab\/wp-content\/uploads\/2025\/04\/cropped-cropped-3D_HORI_ORIGINAL-1.png","width":597,"height":196,"caption":"3D Lab"},"image":{"@id":"https:\/\/projetosddwb.com.br\/3dlab\/#\/schema\/logo\/image\/"},"sameAs":["https:\/\/www.facebook.com\/3dlabbrasil\/?locale=pt_BR","https:\/\/www.instagram.com\/3dlab_brasil\/"]}]}},"_links":{"self":[{"href":"https:\/\/projetosddwb.com.br\/3dlab\/wp-json\/wp\/v2\/product\/2168","targetHints":{"allow":["GET"]}}],"collection":[{"href":"https:\/\/projetosddwb.com.br\/3dlab\/wp-json\/wp\/v2\/product"}],"about":[{"href":"https:\/\/projetosddwb.com.br\/3dlab\/wp-json\/wp\/v2\/types\/product"}],"replies":[{"embeddable":true,"href":"https:\/\/projetosddwb.com.br\/3dlab\/wp-json\/wp\/v2\/comments?post=2168"}],"wp:featuredmedia":[{"embeddable":true,"href":"https:\/\/projetosddwb.com.br\/3dlab\/wp-json\/"}],"wp:attachment":[{"href":"https:\/\/projetosddwb.com.br\/3dlab\/wp-json\/wp\/v2\/media?parent=2168"}],"wp:term":[{"taxonomy":"product_brand","embeddable":true,"href":"https:\/\/projetosddwb.com.br\/3dlab\/wp-json\/wp\/v2\/product_brand?post=2168"},{"taxonomy":"product_cat","embeddable":true,"href":"https:\/\/projetosddwb.com.br\/3dlab\/wp-json\/wp\/v2\/product_cat?post=2168"},{"taxonomy":"product_tag","embeddable":true,"href":"https:\/\/projetosddwb.com.br\/3dlab\/wp-json\/wp\/v2\/product_tag?post=2168"}],"curies":[{"name":"wp","href":"https:\/\/api.w.org\/{rel}","templated":true}]}}