{"id":2172,"date":"2024-04-18T16:01:35","date_gmt":"2024-04-18T19:01:35","guid":{"rendered":"https:\/\/projetosddwb.com.br\/3dlab\/?post_type=product&amp;p=2172"},"modified":"2024-04-18T16:01:35","modified_gmt":"2024-04-18T19:01:35","slug":"impressora-3d-p1p-combo","status":"publish","type":"product","link":"https:\/\/projetosddwb.com.br\/3dlab\/product\/impressora-3d-p1p-combo\/","title":{"rendered":"IMPRESSORA 3D P1P COMBO"},"content":{"rendered":"<h2>Impressora 3D P1P Combo<\/h2>\n<div class=\"flex-1 overflow-hidden\">\n<div class=\"react-scroll-to-bottom--css-ndsnq-79elbk h-full\">\n<div class=\"react-scroll-to-bottom--css-ndsnq-1n7m0yu\">\n<div class=\"flex flex-col text-sm pb-9\">\n<div class=\"w-full text-token-text-primary\" data-testid=\"conversation-turn-15\">\n<div class=\"px-4 py-2 justify-center text-base md:gap-6 m-auto\">\n<div class=\"flex flex-1 text-base mx-auto gap-3 md:px-5 lg:px-1 xl:px-5 md:max-w-3xl lg:max-w-[40rem] xl:max-w-[48rem] group final-completion\">\n<div class=\"relative flex w-full flex-col agent-turn\">\n<div class=\"flex-col gap-1 md:gap-3\">\n<div class=\"flex flex-grow flex-col max-w-full\">\n<div class=\"min-h-[20px] text-message flex flex-col items-start gap-3 whitespace-pre-wrap break-words [.text-message+&amp;]:mt-5 overflow-x-auto\" data-message-author-role=\"assistant\" data-message-id=\"416abf7c-b67f-4553-a3eb-61e613dd51e1\">\n<div class=\"markdown prose w-full break-words dark:prose-invert light\">\n<p>A combina\u00e7\u00e3o da Impressora 3D P1P da Bambu Lab com o revolucion\u00e1rio Sistema Autom\u00e1tico de Material (AMS) oferece uma experi\u00eancia de impress\u00e3o 3D incompar\u00e1vel, combinando a precis\u00e3o e efici\u00eancia da P1P com a versatilidade e inova\u00e7\u00e3o do AMS. Juntas, essas duas tecnologias representam o estado-da-arte em impress\u00e3o 3D, permitindo que voc\u00ea leve seus projetos para o pr\u00f3ximo n\u00edvel de criatividade e qualidade.<\/p>\n<p>A P1P \u00e9 reconhecida por sua excelente precis\u00e3o, \u00e1rea de impress\u00e3o generosa e interface intuitiva, tornando-a a escolha ideal para uma ampla gama de aplica\u00e7\u00f5es, desde prototipagem r\u00e1pida at\u00e9 produ\u00e7\u00e3o de pe\u00e7as finais. Com sua capacidade de imprimir em uma variedade de materiais e sua constru\u00e7\u00e3o robusta, a P1P oferece resultados consistentes e confi\u00e1veis em cada impress\u00e3o.<\/p>\n<p>Ao adicionar o AMS \u00e0 P1P, voc\u00ea expande ainda mais suas capacidades de impress\u00e3o. Com a chance de imprimir em m\u00faltiplas cores e materiais simultaneamente, o AMS abre um mundo de possibilidades criativas. A transi\u00e7\u00e3o suave de filamento e o backup autom\u00e1tico garantem que suas impress\u00f5es sejam conclu\u00eddas sem interrup\u00e7\u00f5es, enquanto a identifica\u00e7\u00e3o autom\u00e1tica de filamento e a detec\u00e7\u00e3o de enrolamento garantem uma experi\u00eancia de impress\u00e3o livre de problemas.<\/p>\n<p>Al\u00e9m disso, o AMS mant\u00e9m o filamento seco e em condi\u00e7\u00f5es ideais de armazenamento, garantindo a melhor qualidade de impress\u00e3o poss\u00edvel. E com a capacidade de suportar at\u00e9 16 cores, voc\u00ea pode criar modelos verdadeiramente impressionantes e complexos que se destacam.<\/p>\n<p>Em resumo, a combina\u00e7\u00e3o da Impressora 3D P1P com o Sistema Autom\u00e1tico de Material (AMS) da Bambu Lab oferece o melhor dos dois mundos em impress\u00e3o 3D: precis\u00e3o, confiabilidade e versatilidade. Seja voc\u00ea um entusiasta de impress\u00e3o 3D, designer profissional ou educador, essa combina\u00e7\u00e3o \u00e9 a ferramenta definitiva para transformar suas ideias em realidade tridimensional de forma r\u00e1pida, precisa e inovadora.<\/p>\n<p><img fetchpriority=\"high\" decoding=\"async\" class=\"alignnone wp-image-161508\" src=\"https:\/\/3dlab.com.br\/wp-content\/uploads\/2024\/02\/Group_47489_10-1536x528-1.webp\" alt=\"p1p combo\" width=\"1690\" height=\"581\" \/><\/p>\n<p><img decoding=\"async\" class=\"alignnone wp-image-161518 size-full\" src=\"https:\/\/3dlab.com.br\/wp-content\/uploads\/2024\/02\/p1p-combo.png\" alt=\"p1p combo\" width=\"1792\" height=\"632\" \/><\/p>\n<p><img decoding=\"async\" class=\"alignnone wp-image-161517 size-full\" src=\"https:\/\/3dlab.com.br\/wp-content\/uploads\/2024\/02\/p1p-combo-2.png\" alt=\"p1p combo\" width=\"1831\" height=\"709\" \/><\/p>\n<p><img loading=\"lazy\" decoding=\"async\" class=\"alignnone wp-image-161516 size-full\" src=\"https:\/\/3dlab.com.br\/wp-content\/uploads\/2024\/02\/p1p-combo-3.png\" alt=\"p1p combo\" width=\"1904\" height=\"619\" \/><\/p>\n<p><img loading=\"lazy\" decoding=\"async\" class=\"alignnone wp-image-161515 size-full\" src=\"https:\/\/3dlab.com.br\/wp-content\/uploads\/2024\/02\/p1p-combo-4.png\" alt=\"p1p combo\" width=\"1905\" height=\"532\" \/><\/p>\n<p><img loading=\"lazy\" decoding=\"async\" class=\"alignnone wp-image-161515 size-full\" src=\"https:\/\/3dlab.com.br\/wp-content\/uploads\/2024\/02\/p1p-combo-4.png\" alt=\"p1p combo\" width=\"1905\" height=\"532\" \/><\/p>\n<\/div>\n<p><img loading=\"lazy\" decoding=\"async\" class=\"alignnone wp-image-161512 size-full\" src=\"https:\/\/3dlab.com.br\/wp-content\/uploads\/2024\/02\/p1p-combo-7.png\" alt=\"p1p combo\" width=\"1901\" height=\"506\" \/><\/p>\n<p><img loading=\"lazy\" decoding=\"async\" class=\"alignnone wp-image-161511 size-full\" src=\"https:\/\/3dlab.com.br\/wp-content\/uploads\/2024\/02\/bambu-studiooo.png\" alt=\"p1p combo\" width=\"1900\" height=\"504\" \/><\/p>\n<\/div>\n<\/div>\n<div class=\"mt-1 flex justify-start gap-3 empty:hidden\">\n<div class=\"text-gray-400 flex self-end lg:self-center justify-center lg:justify-start mt-0 -ml-1 h-7 visible\">\n<div class=\"flex\"><\/div>\n<\/div>\n<\/div>\n<\/div>\n<\/div>\n<\/div>\n<\/div>\n<\/div>\n<\/div>\n<\/div>\n<\/div>\n<\/div>\n","protected":false},"excerpt":{"rendered":"<p>Impressora 3D P1P Combo A combina\u00e7\u00e3o da Impressora 3D P1P da Bambu Lab com o revolucion\u00e1rio Sistema Autom\u00e1tico de Material (AMS) oferece uma experi\u00eancia de impress\u00e3o 3D incompar\u00e1vel, combinando a&hellip;<\/p>\n","protected":false},"featured_media":2186,"comment_status":"open","ping_status":"closed","template":"","meta":[],"product_brand":[],"product_cat":[673,453,280,359,349],"product_tag":[],"class_list":{"0":"post-2172","1":"product","2":"type-product","3":"status-publish","4":"has-post-thumbnail","6":"product_cat-bambu-lab","7":"product_cat-impressora-3d-de-filamento","8":"product_cat-impressoras-3d","9":"product_cat-lancamentos","10":"product_cat-novos-produtos-revisar","11":"product_shipping_class-impressoras-c-frete","13":"first","14":"outofstock","15":"shipping-taxable","16":"purchasable","17":"product-type-simple"},"yoast_head":"<!-- This site is optimized with the Yoast SEO plugin v24.8.1 - https:\/\/yoast.com\/wordpress\/plugins\/seo\/ -->\n<title>IMPRESSORA 3D P1P COMBO - 3D Lab<\/title>\n<meta name=\"robots\" content=\"index, follow, max-snippet:-1, max-image-preview:large, max-video-preview:-1\" \/>\n<link rel=\"canonical\" href=\"https:\/\/projetosddwb.com.br\/3dlab\/product\/impressora-3d-p1p-combo\/\" \/>\n<meta property=\"og:locale\" content=\"pt_BR\" \/>\n<meta property=\"og:type\" content=\"article\" \/>\n<meta property=\"og:title\" content=\"IMPRESSORA 3D P1P COMBO - 3D Lab\" \/>\n<meta property=\"og:description\" content=\"Impressora 3D P1P Combo A combina\u00e7\u00e3o da Impressora 3D P1P da Bambu Lab com o revolucion\u00e1rio Sistema Autom\u00e1tico de Material (AMS) oferece uma experi\u00eancia de impress\u00e3o 3D incompar\u00e1vel, combinando a&hellip;\" \/>\n<meta property=\"og:url\" content=\"https:\/\/projetosddwb.com.br\/3dlab\/product\/impressora-3d-p1p-combo\/\" \/>\n<meta property=\"og:site_name\" content=\"3D Lab\" \/>\n<meta property=\"article:publisher\" content=\"https:\/\/www.facebook.com\/3dlabbrasil\/?locale=pt_BR\" \/>\n<meta property=\"og:image\" content=\"https:\/\/3dlab.com.br\/wp-content\/uploads\/2024\/02\/Group_47489_10-1536x528-1.webp\" \/>\n<meta name=\"twitter:card\" content=\"summary_large_image\" \/>\n<meta name=\"twitter:label1\" content=\"Est. tempo de leitura\" \/>\n\t<meta name=\"twitter:data1\" content=\"2 minutos\" \/>\n<script type=\"application\/ld+json\" class=\"yoast-schema-graph\">{\"@context\":\"https:\/\/schema.org\",\"@graph\":[{\"@type\":\"WebPage\",\"@id\":\"https:\/\/projetosddwb.com.br\/3dlab\/product\/impressora-3d-p1p-combo\/\",\"url\":\"https:\/\/projetosddwb.com.br\/3dlab\/product\/impressora-3d-p1p-combo\/\",\"name\":\"IMPRESSORA 3D P1P COMBO - 3D Lab\",\"isPartOf\":{\"@id\":\"https:\/\/projetosddwb.com.br\/3dlab\/#website\"},\"primaryImageOfPage\":{\"@id\":\"https:\/\/projetosddwb.com.br\/3dlab\/product\/impressora-3d-p1p-combo\/#primaryimage\"},\"image\":{\"@id\":\"https:\/\/projetosddwb.com.br\/3dlab\/product\/impressora-3d-p1p-combo\/#primaryimage\"},\"thumbnailUrl\":\"\",\"datePublished\":\"2024-04-18T19:01:35+00:00\",\"breadcrumb\":{\"@id\":\"https:\/\/projetosddwb.com.br\/3dlab\/product\/impressora-3d-p1p-combo\/#breadcrumb\"},\"inLanguage\":\"pt-BR\",\"potentialAction\":[{\"@type\":\"ReadAction\",\"target\":[\"https:\/\/projetosddwb.com.br\/3dlab\/product\/impressora-3d-p1p-combo\/\"]}]},{\"@type\":\"ImageObject\",\"inLanguage\":\"pt-BR\",\"@id\":\"https:\/\/projetosddwb.com.br\/3dlab\/product\/impressora-3d-p1p-combo\/#primaryimage\",\"url\":\"\",\"contentUrl\":\"\"},{\"@type\":\"BreadcrumbList\",\"@id\":\"https:\/\/projetosddwb.com.br\/3dlab\/product\/impressora-3d-p1p-combo\/#breadcrumb\",\"itemListElement\":[{\"@type\":\"ListItem\",\"position\":1,\"name\":\"In\u00edcio\",\"item\":\"https:\/\/projetosddwb.com.br\/3dlab\/\"},{\"@type\":\"ListItem\",\"position\":2,\"name\":\"Loja\",\"item\":\"https:\/\/projetosddwb.com.br\/3dlab\/loja\/\"},{\"@type\":\"ListItem\",\"position\":3,\"name\":\"IMPRESSORA 3D P1P COMBO\"}]},{\"@type\":\"WebSite\",\"@id\":\"https:\/\/projetosddwb.com.br\/3dlab\/#website\",\"url\":\"https:\/\/projetosddwb.com.br\/3dlab\/\",\"name\":\"3D Lab\",\"description\":\"\",\"publisher\":{\"@id\":\"https:\/\/projetosddwb.com.br\/3dlab\/#organization\"},\"potentialAction\":[{\"@type\":\"SearchAction\",\"target\":{\"@type\":\"EntryPoint\",\"urlTemplate\":\"https:\/\/projetosddwb.com.br\/3dlab\/?s={search_term_string}\"},\"query-input\":{\"@type\":\"PropertyValueSpecification\",\"valueRequired\":true,\"valueName\":\"search_term_string\"}}],\"inLanguage\":\"pt-BR\"},{\"@type\":\"Organization\",\"@id\":\"https:\/\/projetosddwb.com.br\/3dlab\/#organization\",\"name\":\"3D Lab\",\"url\":\"https:\/\/projetosddwb.com.br\/3dlab\/\",\"logo\":{\"@type\":\"ImageObject\",\"inLanguage\":\"pt-BR\",\"@id\":\"https:\/\/projetosddwb.com.br\/3dlab\/#\/schema\/logo\/image\/\",\"url\":\"https:\/\/projetosddwb.com.br\/3dlab\/wp-content\/uploads\/2025\/04\/cropped-cropped-3D_HORI_ORIGINAL-1.png\",\"contentUrl\":\"https:\/\/projetosddwb.com.br\/3dlab\/wp-content\/uploads\/2025\/04\/cropped-cropped-3D_HORI_ORIGINAL-1.png\",\"width\":597,\"height\":196,\"caption\":\"3D Lab\"},\"image\":{\"@id\":\"https:\/\/projetosddwb.com.br\/3dlab\/#\/schema\/logo\/image\/\"},\"sameAs\":[\"https:\/\/www.facebook.com\/3dlabbrasil\/?locale=pt_BR\",\"https:\/\/www.instagram.com\/3dlab_brasil\/\"]}]}<\/script>\n<!-- \/ Yoast SEO plugin. -->","yoast_head_json":{"title":"IMPRESSORA 3D P1P COMBO - 3D Lab","robots":{"index":"index","follow":"follow","max-snippet":"max-snippet:-1","max-image-preview":"max-image-preview:large","max-video-preview":"max-video-preview:-1"},"canonical":"https:\/\/projetosddwb.com.br\/3dlab\/product\/impressora-3d-p1p-combo\/","og_locale":"pt_BR","og_type":"article","og_title":"IMPRESSORA 3D P1P COMBO - 3D Lab","og_description":"Impressora 3D P1P Combo A combina\u00e7\u00e3o da Impressora 3D P1P da Bambu Lab com o revolucion\u00e1rio Sistema Autom\u00e1tico de Material (AMS) oferece uma experi\u00eancia de impress\u00e3o 3D incompar\u00e1vel, combinando a&hellip;","og_url":"https:\/\/projetosddwb.com.br\/3dlab\/product\/impressora-3d-p1p-combo\/","og_site_name":"3D Lab","article_publisher":"https:\/\/www.facebook.com\/3dlabbrasil\/?locale=pt_BR","og_image":[{"url":"https:\/\/3dlab.com.br\/wp-content\/uploads\/2024\/02\/Group_47489_10-1536x528-1.webp","type":"","width":"","height":""}],"twitter_card":"summary_large_image","twitter_misc":{"Est. tempo de leitura":"2 minutos"},"schema":{"@context":"https:\/\/schema.org","@graph":[{"@type":"WebPage","@id":"https:\/\/projetosddwb.com.br\/3dlab\/product\/impressora-3d-p1p-combo\/","url":"https:\/\/projetosddwb.com.br\/3dlab\/product\/impressora-3d-p1p-combo\/","name":"IMPRESSORA 3D P1P COMBO - 3D Lab","isPartOf":{"@id":"https:\/\/projetosddwb.com.br\/3dlab\/#website"},"primaryImageOfPage":{"@id":"https:\/\/projetosddwb.com.br\/3dlab\/product\/impressora-3d-p1p-combo\/#primaryimage"},"image":{"@id":"https:\/\/projetosddwb.com.br\/3dlab\/product\/impressora-3d-p1p-combo\/#primaryimage"},"thumbnailUrl":"","datePublished":"2024-04-18T19:01:35+00:00","breadcrumb":{"@id":"https:\/\/projetosddwb.com.br\/3dlab\/product\/impressora-3d-p1p-combo\/#breadcrumb"},"inLanguage":"pt-BR","potentialAction":[{"@type":"ReadAction","target":["https:\/\/projetosddwb.com.br\/3dlab\/product\/impressora-3d-p1p-combo\/"]}]},{"@type":"ImageObject","inLanguage":"pt-BR","@id":"https:\/\/projetosddwb.com.br\/3dlab\/product\/impressora-3d-p1p-combo\/#primaryimage","url":"","contentUrl":""},{"@type":"BreadcrumbList","@id":"https:\/\/projetosddwb.com.br\/3dlab\/product\/impressora-3d-p1p-combo\/#breadcrumb","itemListElement":[{"@type":"ListItem","position":1,"name":"In\u00edcio","item":"https:\/\/projetosddwb.com.br\/3dlab\/"},{"@type":"ListItem","position":2,"name":"Loja","item":"https:\/\/projetosddwb.com.br\/3dlab\/loja\/"},{"@type":"ListItem","position":3,"name":"IMPRESSORA 3D P1P COMBO"}]},{"@type":"WebSite","@id":"https:\/\/projetosddwb.com.br\/3dlab\/#website","url":"https:\/\/projetosddwb.com.br\/3dlab\/","name":"3D Lab","description":"","publisher":{"@id":"https:\/\/projetosddwb.com.br\/3dlab\/#organization"},"potentialAction":[{"@type":"SearchAction","target":{"@type":"EntryPoint","urlTemplate":"https:\/\/projetosddwb.com.br\/3dlab\/?s={search_term_string}"},"query-input":{"@type":"PropertyValueSpecification","valueRequired":true,"valueName":"search_term_string"}}],"inLanguage":"pt-BR"},{"@type":"Organization","@id":"https:\/\/projetosddwb.com.br\/3dlab\/#organization","name":"3D Lab","url":"https:\/\/projetosddwb.com.br\/3dlab\/","logo":{"@type":"ImageObject","inLanguage":"pt-BR","@id":"https:\/\/projetosddwb.com.br\/3dlab\/#\/schema\/logo\/image\/","url":"https:\/\/projetosddwb.com.br\/3dlab\/wp-content\/uploads\/2025\/04\/cropped-cropped-3D_HORI_ORIGINAL-1.png","contentUrl":"https:\/\/projetosddwb.com.br\/3dlab\/wp-content\/uploads\/2025\/04\/cropped-cropped-3D_HORI_ORIGINAL-1.png","width":597,"height":196,"caption":"3D Lab"},"image":{"@id":"https:\/\/projetosddwb.com.br\/3dlab\/#\/schema\/logo\/image\/"},"sameAs":["https:\/\/www.facebook.com\/3dlabbrasil\/?locale=pt_BR","https:\/\/www.instagram.com\/3dlab_brasil\/"]}]}},"_links":{"self":[{"href":"https:\/\/projetosddwb.com.br\/3dlab\/wp-json\/wp\/v2\/product\/2172","targetHints":{"allow":["GET"]}}],"collection":[{"href":"https:\/\/projetosddwb.com.br\/3dlab\/wp-json\/wp\/v2\/product"}],"about":[{"href":"https:\/\/projetosddwb.com.br\/3dlab\/wp-json\/wp\/v2\/types\/product"}],"replies":[{"embeddable":true,"href":"https:\/\/projetosddwb.com.br\/3dlab\/wp-json\/wp\/v2\/comments?post=2172"}],"wp:featuredmedia":[{"embeddable":true,"href":"https:\/\/projetosddwb.com.br\/3dlab\/wp-json\/"}],"wp:attachment":[{"href":"https:\/\/projetosddwb.com.br\/3dlab\/wp-json\/wp\/v2\/media?parent=2172"}],"wp:term":[{"taxonomy":"product_brand","embeddable":true,"href":"https:\/\/projetosddwb.com.br\/3dlab\/wp-json\/wp\/v2\/product_brand?post=2172"},{"taxonomy":"product_cat","embeddable":true,"href":"https:\/\/projetosddwb.com.br\/3dlab\/wp-json\/wp\/v2\/product_cat?post=2172"},{"taxonomy":"product_tag","embeddable":true,"href":"https:\/\/projetosddwb.com.br\/3dlab\/wp-json\/wp\/v2\/product_tag?post=2172"}],"curies":[{"name":"wp","href":"https:\/\/api.w.org\/{rel}","templated":true}]}}