{"id":2178,"date":"2024-04-18T16:01:36","date_gmt":"2024-04-18T19:01:36","guid":{"rendered":"https:\/\/projetosddwb.com.br\/3dlab\/?post_type=product&amp;p=2178"},"modified":"2024-04-18T16:01:36","modified_gmt":"2024-04-18T19:01:36","slug":"injetora-automatica-de-bancada-sim","status":"publish","type":"product","link":"https:\/\/projetosddwb.com.br\/3dlab\/product\/injetora-automatica-de-bancada-sim\/","title":{"rendered":"INJETORA AUTOM\u00c1TICA DE BANCADA &#8211; SIM"},"content":{"rendered":"<p>A Injetora Autom\u00e1tica de Bancada foi desenvolvida para atender as necessidades das ind\u00fastrias modernas, combinando praticidade, efici\u00eancia e precis\u00e3o, tudo isso com um design compacto e de f\u00e1cil utiliza\u00e7\u00e3o.<\/p>\n<p><img fetchpriority=\"high\" decoding=\"async\" class=\"aligncenter wp-image-161839 size-full\" src=\"https:\/\/3dlab.com.br\/wp-content\/uploads\/2024\/03\/injetora-automatica-de-bancada2.png\" alt=\"Injetora Autom\u00e1tica de Bancada\" width=\"552\" height=\"825\" \/><\/p>\n<p>Ela atende muito bem a demanda de mercado que precisa de um volume alto de pe\u00e7as, em que a tecnologia de impress\u00e3o 3D seria prejudicada pelo tempo de impress\u00e3o de cada pe\u00e7a.<\/p>\n<p>Nossa injetora pl\u00e1stica \u00e9 ideal para fabrica\u00e7\u00e3o de moldes de baixo custo, sendo a melhor op\u00e7\u00e3o para quem deseja investir em uma produ\u00e7\u00e3o em escala de pe\u00e7as pl\u00e1sticas com velocidade, baixo custo, facilidade de opera\u00e7\u00e3o e alta qualidade.<\/p>\n<p>A Injetora Autom\u00e1tica de Bancada SIM foi desenvolvida pela Sethi 3D e \u00e9 vendida pela 3D Lab, com garantia e suporte exclusivo.<\/p>\n<p>Assista o v\u00eddeo a seguir para conhecer mais sobre o equipamento:<\/p>\n<p><iframe title=\"Injetora Autom\u00e1tica de Bancada - Sethi3D SIM - Produza pe\u00e7as por inje\u00e7\u00e3o pl\u00e1stica com simplicidade\" width=\"1290\" height=\"726\" src=\"https:\/\/www.youtube.com\/embed\/ab8efRgWonA?start=3&#038;feature=oembed\" frameborder=\"0\" allow=\"accelerometer; autoplay; clipboard-write; encrypted-media; gyroscope; picture-in-picture; web-share\" referrerpolicy=\"strict-origin-when-cross-origin\" allowfullscreen><\/iframe><\/p>\n","protected":false},"excerpt":{"rendered":"<p>A Injetora Autom\u00e1tica de Bancada foi desenvolvida para atender as necessidades das ind\u00fastrias modernas, combinando praticidade, efici\u00eancia e precis\u00e3o, tudo isso com um design compacto e de f\u00e1cil utiliza\u00e7\u00e3o. Ela&hellip;<\/p>\n","protected":false},"featured_media":2188,"comment_status":"open","ping_status":"closed","template":"","meta":[],"product_brand":[],"product_cat":[612,359,277],"product_tag":[689,690],"class_list":{"0":"post-2178","1":"product","2":"type-product","3":"status-publish","4":"has-post-thumbnail","6":"product_cat-industrial","7":"product_cat-lancamentos","8":"product_cat-pecas-e-acessorios","9":"product_tag-injetora-automatica-de-bancada","10":"product_tag-injetora-plastica","11":"product_shipping_class-impressoras-c-frete","13":"first","14":"instock","15":"shipping-taxable","16":"purchasable","17":"product-type-simple"},"yoast_head":"<!-- This site is optimized with the Yoast SEO plugin v24.8.1 - https:\/\/yoast.com\/wordpress\/plugins\/seo\/ -->\n<title>INJETORA AUTOM\u00c1TICA DE BANCADA - SIM - 3D Lab<\/title>\n<meta name=\"robots\" content=\"index, follow, max-snippet:-1, max-image-preview:large, max-video-preview:-1\" \/>\n<link rel=\"canonical\" href=\"https:\/\/projetosddwb.com.br\/3dlab\/product\/injetora-automatica-de-bancada-sim\/\" \/>\n<meta property=\"og:locale\" content=\"pt_BR\" \/>\n<meta property=\"og:type\" content=\"article\" \/>\n<meta property=\"og:title\" content=\"INJETORA AUTOM\u00c1TICA DE BANCADA - SIM - 3D Lab\" \/>\n<meta property=\"og:description\" content=\"A Injetora Autom\u00e1tica de Bancada foi desenvolvida para atender as necessidades das ind\u00fastrias modernas, combinando praticidade, efici\u00eancia e precis\u00e3o, tudo isso com um design compacto e de f\u00e1cil utiliza\u00e7\u00e3o. Ela&hellip;\" \/>\n<meta property=\"og:url\" content=\"https:\/\/projetosddwb.com.br\/3dlab\/product\/injetora-automatica-de-bancada-sim\/\" \/>\n<meta property=\"og:site_name\" content=\"3D Lab\" \/>\n<meta property=\"article:publisher\" content=\"https:\/\/www.facebook.com\/3dlabbrasil\/?locale=pt_BR\" \/>\n<meta property=\"og:image\" content=\"https:\/\/3dlab.com.br\/wp-content\/uploads\/2024\/03\/injetora-automatica-de-bancada2.png\" \/>\n<meta name=\"twitter:card\" content=\"summary_large_image\" \/>\n<meta name=\"twitter:label1\" content=\"Est. tempo de leitura\" \/>\n\t<meta name=\"twitter:data1\" content=\"1 minuto\" \/>\n<script type=\"application\/ld+json\" class=\"yoast-schema-graph\">{\"@context\":\"https:\/\/schema.org\",\"@graph\":[{\"@type\":\"WebPage\",\"@id\":\"https:\/\/projetosddwb.com.br\/3dlab\/product\/injetora-automatica-de-bancada-sim\/\",\"url\":\"https:\/\/projetosddwb.com.br\/3dlab\/product\/injetora-automatica-de-bancada-sim\/\",\"name\":\"INJETORA AUTOM\u00c1TICA DE BANCADA - SIM - 3D Lab\",\"isPartOf\":{\"@id\":\"https:\/\/projetosddwb.com.br\/3dlab\/#website\"},\"primaryImageOfPage\":{\"@id\":\"https:\/\/projetosddwb.com.br\/3dlab\/product\/injetora-automatica-de-bancada-sim\/#primaryimage\"},\"image\":{\"@id\":\"https:\/\/projetosddwb.com.br\/3dlab\/product\/injetora-automatica-de-bancada-sim\/#primaryimage\"},\"thumbnailUrl\":\"\",\"datePublished\":\"2024-04-18T19:01:36+00:00\",\"breadcrumb\":{\"@id\":\"https:\/\/projetosddwb.com.br\/3dlab\/product\/injetora-automatica-de-bancada-sim\/#breadcrumb\"},\"inLanguage\":\"pt-BR\",\"potentialAction\":[{\"@type\":\"ReadAction\",\"target\":[\"https:\/\/projetosddwb.com.br\/3dlab\/product\/injetora-automatica-de-bancada-sim\/\"]}]},{\"@type\":\"ImageObject\",\"inLanguage\":\"pt-BR\",\"@id\":\"https:\/\/projetosddwb.com.br\/3dlab\/product\/injetora-automatica-de-bancada-sim\/#primaryimage\",\"url\":\"\",\"contentUrl\":\"\"},{\"@type\":\"BreadcrumbList\",\"@id\":\"https:\/\/projetosddwb.com.br\/3dlab\/product\/injetora-automatica-de-bancada-sim\/#breadcrumb\",\"itemListElement\":[{\"@type\":\"ListItem\",\"position\":1,\"name\":\"In\u00edcio\",\"item\":\"https:\/\/projetosddwb.com.br\/3dlab\/\"},{\"@type\":\"ListItem\",\"position\":2,\"name\":\"Loja\",\"item\":\"https:\/\/projetosddwb.com.br\/3dlab\/loja\/\"},{\"@type\":\"ListItem\",\"position\":3,\"name\":\"INJETORA AUTOM\u00c1TICA DE BANCADA &#8211; SIM\"}]},{\"@type\":\"WebSite\",\"@id\":\"https:\/\/projetosddwb.com.br\/3dlab\/#website\",\"url\":\"https:\/\/projetosddwb.com.br\/3dlab\/\",\"name\":\"3D Lab\",\"description\":\"\",\"publisher\":{\"@id\":\"https:\/\/projetosddwb.com.br\/3dlab\/#organization\"},\"potentialAction\":[{\"@type\":\"SearchAction\",\"target\":{\"@type\":\"EntryPoint\",\"urlTemplate\":\"https:\/\/projetosddwb.com.br\/3dlab\/?s={search_term_string}\"},\"query-input\":{\"@type\":\"PropertyValueSpecification\",\"valueRequired\":true,\"valueName\":\"search_term_string\"}}],\"inLanguage\":\"pt-BR\"},{\"@type\":\"Organization\",\"@id\":\"https:\/\/projetosddwb.com.br\/3dlab\/#organization\",\"name\":\"3D Lab\",\"url\":\"https:\/\/projetosddwb.com.br\/3dlab\/\",\"logo\":{\"@type\":\"ImageObject\",\"inLanguage\":\"pt-BR\",\"@id\":\"https:\/\/projetosddwb.com.br\/3dlab\/#\/schema\/logo\/image\/\",\"url\":\"https:\/\/projetosddwb.com.br\/3dlab\/wp-content\/uploads\/2025\/04\/cropped-cropped-3D_HORI_ORIGINAL-1.png\",\"contentUrl\":\"https:\/\/projetosddwb.com.br\/3dlab\/wp-content\/uploads\/2025\/04\/cropped-cropped-3D_HORI_ORIGINAL-1.png\",\"width\":597,\"height\":196,\"caption\":\"3D Lab\"},\"image\":{\"@id\":\"https:\/\/projetosddwb.com.br\/3dlab\/#\/schema\/logo\/image\/\"},\"sameAs\":[\"https:\/\/www.facebook.com\/3dlabbrasil\/?locale=pt_BR\",\"https:\/\/www.instagram.com\/3dlab_brasil\/\"]}]}<\/script>\n<!-- \/ Yoast SEO plugin. -->","yoast_head_json":{"title":"INJETORA AUTOM\u00c1TICA DE BANCADA - SIM - 3D Lab","robots":{"index":"index","follow":"follow","max-snippet":"max-snippet:-1","max-image-preview":"max-image-preview:large","max-video-preview":"max-video-preview:-1"},"canonical":"https:\/\/projetosddwb.com.br\/3dlab\/product\/injetora-automatica-de-bancada-sim\/","og_locale":"pt_BR","og_type":"article","og_title":"INJETORA AUTOM\u00c1TICA DE BANCADA - SIM - 3D Lab","og_description":"A Injetora Autom\u00e1tica de Bancada foi desenvolvida para atender as necessidades das ind\u00fastrias modernas, combinando praticidade, efici\u00eancia e precis\u00e3o, tudo isso com um design compacto e de f\u00e1cil utiliza\u00e7\u00e3o. Ela&hellip;","og_url":"https:\/\/projetosddwb.com.br\/3dlab\/product\/injetora-automatica-de-bancada-sim\/","og_site_name":"3D Lab","article_publisher":"https:\/\/www.facebook.com\/3dlabbrasil\/?locale=pt_BR","og_image":[{"url":"https:\/\/3dlab.com.br\/wp-content\/uploads\/2024\/03\/injetora-automatica-de-bancada2.png","type":"","width":"","height":""}],"twitter_card":"summary_large_image","twitter_misc":{"Est. tempo de leitura":"1 minuto"},"schema":{"@context":"https:\/\/schema.org","@graph":[{"@type":"WebPage","@id":"https:\/\/projetosddwb.com.br\/3dlab\/product\/injetora-automatica-de-bancada-sim\/","url":"https:\/\/projetosddwb.com.br\/3dlab\/product\/injetora-automatica-de-bancada-sim\/","name":"INJETORA AUTOM\u00c1TICA DE BANCADA - SIM - 3D Lab","isPartOf":{"@id":"https:\/\/projetosddwb.com.br\/3dlab\/#website"},"primaryImageOfPage":{"@id":"https:\/\/projetosddwb.com.br\/3dlab\/product\/injetora-automatica-de-bancada-sim\/#primaryimage"},"image":{"@id":"https:\/\/projetosddwb.com.br\/3dlab\/product\/injetora-automatica-de-bancada-sim\/#primaryimage"},"thumbnailUrl":"","datePublished":"2024-04-18T19:01:36+00:00","breadcrumb":{"@id":"https:\/\/projetosddwb.com.br\/3dlab\/product\/injetora-automatica-de-bancada-sim\/#breadcrumb"},"inLanguage":"pt-BR","potentialAction":[{"@type":"ReadAction","target":["https:\/\/projetosddwb.com.br\/3dlab\/product\/injetora-automatica-de-bancada-sim\/"]}]},{"@type":"ImageObject","inLanguage":"pt-BR","@id":"https:\/\/projetosddwb.com.br\/3dlab\/product\/injetora-automatica-de-bancada-sim\/#primaryimage","url":"","contentUrl":""},{"@type":"BreadcrumbList","@id":"https:\/\/projetosddwb.com.br\/3dlab\/product\/injetora-automatica-de-bancada-sim\/#breadcrumb","itemListElement":[{"@type":"ListItem","position":1,"name":"In\u00edcio","item":"https:\/\/projetosddwb.com.br\/3dlab\/"},{"@type":"ListItem","position":2,"name":"Loja","item":"https:\/\/projetosddwb.com.br\/3dlab\/loja\/"},{"@type":"ListItem","position":3,"name":"INJETORA AUTOM\u00c1TICA DE BANCADA &#8211; SIM"}]},{"@type":"WebSite","@id":"https:\/\/projetosddwb.com.br\/3dlab\/#website","url":"https:\/\/projetosddwb.com.br\/3dlab\/","name":"3D Lab","description":"","publisher":{"@id":"https:\/\/projetosddwb.com.br\/3dlab\/#organization"},"potentialAction":[{"@type":"SearchAction","target":{"@type":"EntryPoint","urlTemplate":"https:\/\/projetosddwb.com.br\/3dlab\/?s={search_term_string}"},"query-input":{"@type":"PropertyValueSpecification","valueRequired":true,"valueName":"search_term_string"}}],"inLanguage":"pt-BR"},{"@type":"Organization","@id":"https:\/\/projetosddwb.com.br\/3dlab\/#organization","name":"3D Lab","url":"https:\/\/projetosddwb.com.br\/3dlab\/","logo":{"@type":"ImageObject","inLanguage":"pt-BR","@id":"https:\/\/projetosddwb.com.br\/3dlab\/#\/schema\/logo\/image\/","url":"https:\/\/projetosddwb.com.br\/3dlab\/wp-content\/uploads\/2025\/04\/cropped-cropped-3D_HORI_ORIGINAL-1.png","contentUrl":"https:\/\/projetosddwb.com.br\/3dlab\/wp-content\/uploads\/2025\/04\/cropped-cropped-3D_HORI_ORIGINAL-1.png","width":597,"height":196,"caption":"3D Lab"},"image":{"@id":"https:\/\/projetosddwb.com.br\/3dlab\/#\/schema\/logo\/image\/"},"sameAs":["https:\/\/www.facebook.com\/3dlabbrasil\/?locale=pt_BR","https:\/\/www.instagram.com\/3dlab_brasil\/"]}]}},"_links":{"self":[{"href":"https:\/\/projetosddwb.com.br\/3dlab\/wp-json\/wp\/v2\/product\/2178","targetHints":{"allow":["GET"]}}],"collection":[{"href":"https:\/\/projetosddwb.com.br\/3dlab\/wp-json\/wp\/v2\/product"}],"about":[{"href":"https:\/\/projetosddwb.com.br\/3dlab\/wp-json\/wp\/v2\/types\/product"}],"replies":[{"embeddable":true,"href":"https:\/\/projetosddwb.com.br\/3dlab\/wp-json\/wp\/v2\/comments?post=2178"}],"wp:featuredmedia":[{"embeddable":true,"href":"https:\/\/projetosddwb.com.br\/3dlab\/wp-json\/"}],"wp:attachment":[{"href":"https:\/\/projetosddwb.com.br\/3dlab\/wp-json\/wp\/v2\/media?parent=2178"}],"wp:term":[{"taxonomy":"product_brand","embeddable":true,"href":"https:\/\/projetosddwb.com.br\/3dlab\/wp-json\/wp\/v2\/product_brand?post=2178"},{"taxonomy":"product_cat","embeddable":true,"href":"https:\/\/projetosddwb.com.br\/3dlab\/wp-json\/wp\/v2\/product_cat?post=2178"},{"taxonomy":"product_tag","embeddable":true,"href":"https:\/\/projetosddwb.com.br\/3dlab\/wp-json\/wp\/v2\/product_tag?post=2178"}],"curies":[{"name":"wp","href":"https:\/\/api.w.org\/{rel}","templated":true}]}}