{"id":2184,"date":"2024-04-18T16:01:37","date_gmt":"2024-04-18T19:01:37","guid":{"rendered":"https:\/\/projetosddwb.com.br\/3dlab\/?post_type=product&amp;p=2184"},"modified":"2024-04-18T16:01:37","modified_gmt":"2024-04-18T19:01:37","slug":"cr-scan-ferret-pro","status":"publish","type":"product","link":"https:\/\/projetosddwb.com.br\/3dlab\/product\/cr-scan-ferret-pro\/","title":{"rendered":"CR-SCAN FERRET PRO"},"content":{"rendered":"<h2>CR-Scan Ferret Pro<\/h2>\n<p>Apresentamos o CR-Scan Ferret Pro, um scanner 3D revolucion\u00e1rio projetado para capturar com precis\u00e3o e facilidade objetos em 3D, sem a necessidade de conhecimentos complexos de digitaliza\u00e7\u00e3o. Com sua tecnologia de rastreamento anti-vibra\u00e7\u00e3o e nova t\u00e9cnica de imagem 3D one-shot, mesmo as m\u00e3os mais tr\u00eamulas \u00e9 poss\u00edvel obter digitaliza\u00e7\u00f5es suaves e de alta qualidade, aumentando drasticamente a taxa de sucesso da digitaliza\u00e7\u00e3o.<\/p>\n<p>Este dispositivo compacto e port\u00e1til pesa apenas 105g, permitindo que voc\u00ea o leve para qualquer lugar.<\/p>\n<p>Sua capacidade de digitalizar objetos pretos\/met\u00e1licos sem a necessidade de pulveriza\u00e7\u00e3o e sua c\u00e2mera colorida de alta resolu\u00e7\u00e3o de 2MP, fazem do Ferret Pro uma excelente op\u00e7\u00e3o de scanner 3D. Al\u00e9m disso, ele captura modelos 3D coloridos com detalhes intrincados, recriando as cores originais e restaurando caracter\u00edsticas detalhadas do rosto para obter modelos vivos.<\/p>\n<p>Este scanner oferece velocidades de dados de n\u00edvel USB para uma digitaliza\u00e7\u00e3o r\u00e1pida e eficiente e com baixo consumo de energia. Al\u00e9m disso, com apenas um clique, voc\u00ea pode come\u00e7ar a modelar facilmente ap\u00f3s a digitaliza\u00e7\u00e3o, tornando-o acess\u00edvel at\u00e9 mesmo para iniciantes.<\/p>\n<p>Al\u00e9m disso, essa novidade \u00e9 compat\u00edvel com todos os modelos de smartphones<\/p>\n<p>Com o CR-Scan Ferret Pro, liberte o poder da impress\u00e3o 3D, gerando facilmente modelos 3D precisos e prontos para impress\u00e3o de praticamente qualquer objeto, sem a necessidade de cria\u00e7\u00e3o manual demorada em software de modelagem 3D complexo. Seja capturando mem\u00f3rias ao ar livre ou criando modelos para impress\u00e3o 3D, o Ferret Pro oferece uma solu\u00e7\u00e3o vers\u00e1til e conveniente para suas necessidades de digitaliza\u00e7\u00e3o 3D.<\/p>\n<p>&nbsp;<\/p>\n<p><img fetchpriority=\"high\" decoding=\"async\" class=\"alignnone wp-image-162556 size-full\" src=\"https:\/\/3dlab.com.br\/wp-content\/uploads\/2024\/03\/scan-ferret-pro.png\" alt=\"cr scan ferret pro\" width=\"1899\" height=\"738\" \/><\/p>\n<p><img decoding=\"async\" class=\"alignnone wp-image-162558 size-full\" src=\"https:\/\/3dlab.com.br\/wp-content\/uploads\/2024\/03\/scan-ferret-pro-2.png\" alt=\"cr scan ferret pro\" width=\"1813\" height=\"807\" \/><\/p>\n<p><img decoding=\"async\" class=\"alignnone wp-image-162559 size-full\" src=\"https:\/\/3dlab.com.br\/wp-content\/uploads\/2024\/03\/cr-scan-ferret-pro.png\" alt=\"cr scan ferret pro\" width=\"1898\" height=\"727\" \/><\/p>\n<p><img loading=\"lazy\" decoding=\"async\" class=\"alignnone wp-image-162560 size-full\" src=\"https:\/\/3dlab.com.br\/wp-content\/uploads\/2024\/03\/cr-scan-ferret-proo.png\" alt=\"cr scan ferret pro\" width=\"1897\" height=\"790\" \/><\/p>\n<p><img loading=\"lazy\" decoding=\"async\" class=\"alignnone wp-image-162561 size-full\" src=\"https:\/\/3dlab.com.br\/wp-content\/uploads\/2024\/03\/cr-scan-ferret-prooo.png\" alt=\"cr scan ferret pro\" width=\"1903\" height=\"763\" \/><\/p>\n<p><img loading=\"lazy\" decoding=\"async\" class=\"alignnone wp-image-162571 size-full\" src=\"https:\/\/3dlab.com.br\/wp-content\/uploads\/2024\/03\/cr-scan-ferret-prooooo.png\" alt=\"cr scan ferret pro\" width=\"1903\" height=\"722\" \/><\/p>\n<p><img loading=\"lazy\" decoding=\"async\" class=\"alignnone wp-image-162576 size-full\" src=\"https:\/\/3dlab.com.br\/wp-content\/uploads\/2024\/03\/ferret-pro.png\" alt=\"cr scan ferret pro\" width=\"1896\" height=\"658\" \/><\/p>\n<p><img loading=\"lazy\" decoding=\"async\" class=\"alignnone wp-image-162578 size-full\" src=\"https:\/\/3dlab.com.br\/wp-content\/uploads\/2024\/03\/1892d14ffa626bfd9b2b5c1c72907722.webp\" alt=\"cr scan ferret pro\" width=\"2560\" height=\"1525\" \/><\/p>\n<p><img loading=\"lazy\" decoding=\"async\" class=\"alignnone wp-image-162579 size-full\" src=\"https:\/\/3dlab.com.br\/wp-content\/uploads\/2024\/03\/ferret-proooo.png\" alt=\"cr scan ferret pro\" width=\"1903\" height=\"750\" \/><\/p>\n<p><img loading=\"lazy\" decoding=\"async\" class=\"alignnone wp-image-162607 size-full\" src=\"https:\/\/3dlab.com.br\/wp-content\/uploads\/2024\/03\/2886ca91c6f69d99a5aa64eb21358c76-1.webp\" alt=\"CR-Scan Ferret Pro\" width=\"2560\" height=\"1518\" \/><\/p>\n<p>&nbsp;<\/p>\n","protected":false},"excerpt":{"rendered":"<p>CR-Scan Ferret Pro Apresentamos o CR-Scan Ferret Pro, um scanner 3D revolucion\u00e1rio projetado para capturar com precis\u00e3o e facilidade objetos em 3D, sem a necessidade de conhecimentos complexos de digitaliza\u00e7\u00e3o.&hellip;<\/p>\n","protected":false},"featured_media":2190,"comment_status":"open","ping_status":"closed","template":"","meta":[],"product_brand":[],"product_cat":[306,359,349,277,323],"product_tag":[],"class_list":{"0":"post-2184","1":"product","2":"type-product","3":"status-publish","4":"has-post-thumbnail","6":"product_cat-creality","7":"product_cat-lancamentos","8":"product_cat-novos-produtos-revisar","9":"product_cat-pecas-e-acessorios","10":"product_cat-pecas-e-acessorios-2","11":"product_shipping_class-pecas-e-acessorios","13":"first","14":"instock","15":"sale","16":"shipping-taxable","17":"purchasable","18":"product-type-simple"},"yoast_head":"<!-- This site is optimized with the Yoast SEO plugin v24.8.1 - https:\/\/yoast.com\/wordpress\/plugins\/seo\/ -->\n<title>CR-SCAN FERRET PRO - 3D Lab<\/title>\n<meta name=\"robots\" content=\"index, follow, max-snippet:-1, max-image-preview:large, max-video-preview:-1\" \/>\n<link rel=\"canonical\" href=\"https:\/\/projetosddwb.com.br\/3dlab\/product\/cr-scan-ferret-pro\/\" \/>\n<meta property=\"og:locale\" content=\"pt_BR\" \/>\n<meta property=\"og:type\" content=\"article\" \/>\n<meta property=\"og:title\" content=\"CR-SCAN FERRET PRO - 3D Lab\" \/>\n<meta property=\"og:description\" content=\"CR-Scan Ferret Pro Apresentamos o CR-Scan Ferret Pro, um scanner 3D revolucion\u00e1rio projetado para capturar com precis\u00e3o e facilidade objetos em 3D, sem a necessidade de conhecimentos complexos de digitaliza\u00e7\u00e3o.&hellip;\" \/>\n<meta property=\"og:url\" content=\"https:\/\/projetosddwb.com.br\/3dlab\/product\/cr-scan-ferret-pro\/\" \/>\n<meta property=\"og:site_name\" content=\"3D Lab\" \/>\n<meta property=\"article:publisher\" content=\"https:\/\/www.facebook.com\/3dlabbrasil\/?locale=pt_BR\" \/>\n<meta property=\"og:image\" content=\"https:\/\/3dlab.com.br\/wp-content\/uploads\/2024\/03\/scan-ferret-pro.png\" \/>\n<meta name=\"twitter:card\" content=\"summary_large_image\" \/>\n<meta name=\"twitter:label1\" content=\"Est. tempo de leitura\" \/>\n\t<meta name=\"twitter:data1\" content=\"1 minuto\" \/>\n<script type=\"application\/ld+json\" class=\"yoast-schema-graph\">{\"@context\":\"https:\/\/schema.org\",\"@graph\":[{\"@type\":\"WebPage\",\"@id\":\"https:\/\/projetosddwb.com.br\/3dlab\/product\/cr-scan-ferret-pro\/\",\"url\":\"https:\/\/projetosddwb.com.br\/3dlab\/product\/cr-scan-ferret-pro\/\",\"name\":\"CR-SCAN FERRET PRO - 3D Lab\",\"isPartOf\":{\"@id\":\"https:\/\/projetosddwb.com.br\/3dlab\/#website\"},\"primaryImageOfPage\":{\"@id\":\"https:\/\/projetosddwb.com.br\/3dlab\/product\/cr-scan-ferret-pro\/#primaryimage\"},\"image\":{\"@id\":\"https:\/\/projetosddwb.com.br\/3dlab\/product\/cr-scan-ferret-pro\/#primaryimage\"},\"thumbnailUrl\":\"\",\"datePublished\":\"2024-04-18T19:01:37+00:00\",\"breadcrumb\":{\"@id\":\"https:\/\/projetosddwb.com.br\/3dlab\/product\/cr-scan-ferret-pro\/#breadcrumb\"},\"inLanguage\":\"pt-BR\",\"potentialAction\":[{\"@type\":\"ReadAction\",\"target\":[\"https:\/\/projetosddwb.com.br\/3dlab\/product\/cr-scan-ferret-pro\/\"]}]},{\"@type\":\"ImageObject\",\"inLanguage\":\"pt-BR\",\"@id\":\"https:\/\/projetosddwb.com.br\/3dlab\/product\/cr-scan-ferret-pro\/#primaryimage\",\"url\":\"\",\"contentUrl\":\"\"},{\"@type\":\"BreadcrumbList\",\"@id\":\"https:\/\/projetosddwb.com.br\/3dlab\/product\/cr-scan-ferret-pro\/#breadcrumb\",\"itemListElement\":[{\"@type\":\"ListItem\",\"position\":1,\"name\":\"In\u00edcio\",\"item\":\"https:\/\/projetosddwb.com.br\/3dlab\/\"},{\"@type\":\"ListItem\",\"position\":2,\"name\":\"Loja\",\"item\":\"https:\/\/projetosddwb.com.br\/3dlab\/loja\/\"},{\"@type\":\"ListItem\",\"position\":3,\"name\":\"CR-SCAN FERRET PRO\"}]},{\"@type\":\"WebSite\",\"@id\":\"https:\/\/projetosddwb.com.br\/3dlab\/#website\",\"url\":\"https:\/\/projetosddwb.com.br\/3dlab\/\",\"name\":\"3D Lab\",\"description\":\"\",\"publisher\":{\"@id\":\"https:\/\/projetosddwb.com.br\/3dlab\/#organization\"},\"potentialAction\":[{\"@type\":\"SearchAction\",\"target\":{\"@type\":\"EntryPoint\",\"urlTemplate\":\"https:\/\/projetosddwb.com.br\/3dlab\/?s={search_term_string}\"},\"query-input\":{\"@type\":\"PropertyValueSpecification\",\"valueRequired\":true,\"valueName\":\"search_term_string\"}}],\"inLanguage\":\"pt-BR\"},{\"@type\":\"Organization\",\"@id\":\"https:\/\/projetosddwb.com.br\/3dlab\/#organization\",\"name\":\"3D Lab\",\"url\":\"https:\/\/projetosddwb.com.br\/3dlab\/\",\"logo\":{\"@type\":\"ImageObject\",\"inLanguage\":\"pt-BR\",\"@id\":\"https:\/\/projetosddwb.com.br\/3dlab\/#\/schema\/logo\/image\/\",\"url\":\"https:\/\/projetosddwb.com.br\/3dlab\/wp-content\/uploads\/2025\/04\/cropped-cropped-3D_HORI_ORIGINAL-1.png\",\"contentUrl\":\"https:\/\/projetosddwb.com.br\/3dlab\/wp-content\/uploads\/2025\/04\/cropped-cropped-3D_HORI_ORIGINAL-1.png\",\"width\":597,\"height\":196,\"caption\":\"3D Lab\"},\"image\":{\"@id\":\"https:\/\/projetosddwb.com.br\/3dlab\/#\/schema\/logo\/image\/\"},\"sameAs\":[\"https:\/\/www.facebook.com\/3dlabbrasil\/?locale=pt_BR\",\"https:\/\/www.instagram.com\/3dlab_brasil\/\"]}]}<\/script>\n<!-- \/ Yoast SEO plugin. -->","yoast_head_json":{"title":"CR-SCAN FERRET PRO - 3D Lab","robots":{"index":"index","follow":"follow","max-snippet":"max-snippet:-1","max-image-preview":"max-image-preview:large","max-video-preview":"max-video-preview:-1"},"canonical":"https:\/\/projetosddwb.com.br\/3dlab\/product\/cr-scan-ferret-pro\/","og_locale":"pt_BR","og_type":"article","og_title":"CR-SCAN FERRET PRO - 3D Lab","og_description":"CR-Scan Ferret Pro Apresentamos o CR-Scan Ferret Pro, um scanner 3D revolucion\u00e1rio projetado para capturar com precis\u00e3o e facilidade objetos em 3D, sem a necessidade de conhecimentos complexos de digitaliza\u00e7\u00e3o.&hellip;","og_url":"https:\/\/projetosddwb.com.br\/3dlab\/product\/cr-scan-ferret-pro\/","og_site_name":"3D Lab","article_publisher":"https:\/\/www.facebook.com\/3dlabbrasil\/?locale=pt_BR","og_image":[{"url":"https:\/\/3dlab.com.br\/wp-content\/uploads\/2024\/03\/scan-ferret-pro.png","type":"","width":"","height":""}],"twitter_card":"summary_large_image","twitter_misc":{"Est. tempo de leitura":"1 minuto"},"schema":{"@context":"https:\/\/schema.org","@graph":[{"@type":"WebPage","@id":"https:\/\/projetosddwb.com.br\/3dlab\/product\/cr-scan-ferret-pro\/","url":"https:\/\/projetosddwb.com.br\/3dlab\/product\/cr-scan-ferret-pro\/","name":"CR-SCAN FERRET PRO - 3D Lab","isPartOf":{"@id":"https:\/\/projetosddwb.com.br\/3dlab\/#website"},"primaryImageOfPage":{"@id":"https:\/\/projetosddwb.com.br\/3dlab\/product\/cr-scan-ferret-pro\/#primaryimage"},"image":{"@id":"https:\/\/projetosddwb.com.br\/3dlab\/product\/cr-scan-ferret-pro\/#primaryimage"},"thumbnailUrl":"","datePublished":"2024-04-18T19:01:37+00:00","breadcrumb":{"@id":"https:\/\/projetosddwb.com.br\/3dlab\/product\/cr-scan-ferret-pro\/#breadcrumb"},"inLanguage":"pt-BR","potentialAction":[{"@type":"ReadAction","target":["https:\/\/projetosddwb.com.br\/3dlab\/product\/cr-scan-ferret-pro\/"]}]},{"@type":"ImageObject","inLanguage":"pt-BR","@id":"https:\/\/projetosddwb.com.br\/3dlab\/product\/cr-scan-ferret-pro\/#primaryimage","url":"","contentUrl":""},{"@type":"BreadcrumbList","@id":"https:\/\/projetosddwb.com.br\/3dlab\/product\/cr-scan-ferret-pro\/#breadcrumb","itemListElement":[{"@type":"ListItem","position":1,"name":"In\u00edcio","item":"https:\/\/projetosddwb.com.br\/3dlab\/"},{"@type":"ListItem","position":2,"name":"Loja","item":"https:\/\/projetosddwb.com.br\/3dlab\/loja\/"},{"@type":"ListItem","position":3,"name":"CR-SCAN FERRET PRO"}]},{"@type":"WebSite","@id":"https:\/\/projetosddwb.com.br\/3dlab\/#website","url":"https:\/\/projetosddwb.com.br\/3dlab\/","name":"3D Lab","description":"","publisher":{"@id":"https:\/\/projetosddwb.com.br\/3dlab\/#organization"},"potentialAction":[{"@type":"SearchAction","target":{"@type":"EntryPoint","urlTemplate":"https:\/\/projetosddwb.com.br\/3dlab\/?s={search_term_string}"},"query-input":{"@type":"PropertyValueSpecification","valueRequired":true,"valueName":"search_term_string"}}],"inLanguage":"pt-BR"},{"@type":"Organization","@id":"https:\/\/projetosddwb.com.br\/3dlab\/#organization","name":"3D Lab","url":"https:\/\/projetosddwb.com.br\/3dlab\/","logo":{"@type":"ImageObject","inLanguage":"pt-BR","@id":"https:\/\/projetosddwb.com.br\/3dlab\/#\/schema\/logo\/image\/","url":"https:\/\/projetosddwb.com.br\/3dlab\/wp-content\/uploads\/2025\/04\/cropped-cropped-3D_HORI_ORIGINAL-1.png","contentUrl":"https:\/\/projetosddwb.com.br\/3dlab\/wp-content\/uploads\/2025\/04\/cropped-cropped-3D_HORI_ORIGINAL-1.png","width":597,"height":196,"caption":"3D Lab"},"image":{"@id":"https:\/\/projetosddwb.com.br\/3dlab\/#\/schema\/logo\/image\/"},"sameAs":["https:\/\/www.facebook.com\/3dlabbrasil\/?locale=pt_BR","https:\/\/www.instagram.com\/3dlab_brasil\/"]}]}},"_links":{"self":[{"href":"https:\/\/projetosddwb.com.br\/3dlab\/wp-json\/wp\/v2\/product\/2184","targetHints":{"allow":["GET"]}}],"collection":[{"href":"https:\/\/projetosddwb.com.br\/3dlab\/wp-json\/wp\/v2\/product"}],"about":[{"href":"https:\/\/projetosddwb.com.br\/3dlab\/wp-json\/wp\/v2\/types\/product"}],"replies":[{"embeddable":true,"href":"https:\/\/projetosddwb.com.br\/3dlab\/wp-json\/wp\/v2\/comments?post=2184"}],"wp:featuredmedia":[{"embeddable":true,"href":"https:\/\/projetosddwb.com.br\/3dlab\/wp-json\/"}],"wp:attachment":[{"href":"https:\/\/projetosddwb.com.br\/3dlab\/wp-json\/wp\/v2\/media?parent=2184"}],"wp:term":[{"taxonomy":"product_brand","embeddable":true,"href":"https:\/\/projetosddwb.com.br\/3dlab\/wp-json\/wp\/v2\/product_brand?post=2184"},{"taxonomy":"product_cat","embeddable":true,"href":"https:\/\/projetosddwb.com.br\/3dlab\/wp-json\/wp\/v2\/product_cat?post=2184"},{"taxonomy":"product_tag","embeddable":true,"href":"https:\/\/projetosddwb.com.br\/3dlab\/wp-json\/wp\/v2\/product_tag?post=2184"}],"curies":[{"name":"wp","href":"https:\/\/api.w.org\/{rel}","templated":true}]}}