{"id":2218,"date":"2024-04-18T16:07:54","date_gmt":"2024-04-18T19:07:54","guid":{"rendered":"https:\/\/projetosddwb.com.br\/3dlab\/?post_type=product&amp;p=2218"},"modified":"2024-04-18T16:07:54","modified_gmt":"2024-04-18T19:07:54","slug":"impressora-3d-cr-5060-pro","status":"publish","type":"product","link":"https:\/\/projetosddwb.com.br\/3dlab\/product\/impressora-3d-cr-5060-pro\/","title":{"rendered":"Impressora 3D CR-5060 Pro"},"content":{"rendered":"<h2>Impressora 3D CR-5060 Pro<\/h2>\n<p>Essa \u00e9 uma impressora de n\u00edvel industrial que possui diversas vantagens para produ\u00e7\u00e3o em grande formato com velocidade e qualidade.<\/p>\n<p>A Impressora 3D CR-5060 Pro \u00a0tem recursos especiais, como:<\/p>\n<ul>\n<li>Maior precis\u00e3o no eixo X e Y;<\/li>\n<li>Impress\u00e3o de pe\u00e7as grandes com volume \u00fatil de 500 x 500 x 600mm;<\/li>\n<li>Display Touch-screen;<\/li>\n<li>Estrutura completamente fechada;<\/li>\n<li>Alimenta\u00e7\u00e3o precisa do material;<\/li>\n<li>F\u00e1cil remo\u00e7\u00e3o da pe\u00e7a impressa;<\/li>\n<li>Dissipador de calor refor\u00e7ado;<\/li>\n<li>Velocidade de impress\u00e3o;<\/li>\n<li>Alta capacidade de produ\u00e7\u00e3o.<\/li>\n<\/ul>\n<h2>Conhe\u00e7a um pouco mais sobre a Impressora 3D CR-5060 Pro:<\/h2>\n<p><img fetchpriority=\"high\" decoding=\"async\" class=\"alignnone wp-image-126272 \" src=\"https:\/\/3dlab.com.br\/wp-content\/uploads\/2022\/05\/5060-prooo.png\" alt=\"5060pro\" width=\"1269\" height=\"532\" \/><img decoding=\"async\" class=\"alignnone wp-image-126273 size-full\" src=\"https:\/\/3dlab.com.br\/wp-content\/uploads\/2022\/05\/5060pro.png\" alt=\"5060pro\" width=\"1271\" height=\"537\" \/><\/p>\n<p><img decoding=\"async\" class=\"alignnone wp-image-126274 \" src=\"https:\/\/3dlab.com.br\/wp-content\/uploads\/2022\/05\/5060000.png\" alt=\"5060 pro\" width=\"1274\" height=\"559\" \/><img loading=\"lazy\" decoding=\"async\" class=\"alignnone wp-image-126275 \" src=\"https:\/\/3dlab.com.br\/wp-content\/uploads\/2022\/05\/5060prozinha.png\" alt=\"5060 pro\" width=\"1275\" height=\"517\" \/><\/p>\n<p><img loading=\"lazy\" decoding=\"async\" class=\"alignnone wp-image-126276 \" src=\"https:\/\/3dlab.com.br\/wp-content\/uploads\/2022\/05\/cr-5060.png\" alt=\"cr5060 pro\" width=\"1266\" height=\"575\" \/><\/p>\n<p><img loading=\"lazy\" decoding=\"async\" class=\"alignnone wp-image-126277 \" src=\"https:\/\/3dlab.com.br\/wp-content\/uploads\/2022\/05\/5060-extrusora.png\" alt=\"5060 pro\" width=\"1272\" height=\"444\" \/><\/p>\n<p><img loading=\"lazy\" decoding=\"async\" class=\"alignnone wp-image-126279 \" src=\"https:\/\/3dlab.com.br\/wp-content\/uploads\/2022\/05\/display-5060.png\" alt=\"5060 pro\" width=\"1273\" height=\"358\" \/><\/p>\n<p><img loading=\"lazy\" decoding=\"async\" class=\"alignnone wp-image-126280 \" src=\"https:\/\/3dlab.com.br\/wp-content\/uploads\/2022\/05\/5060prooo.png\" alt=\"cr 5060 pro\" width=\"1275\" height=\"674\" \/><\/p>\n<p><img loading=\"lazy\" decoding=\"async\" class=\"alignnone wp-image-126281 \" src=\"https:\/\/3dlab.com.br\/wp-content\/uploads\/2022\/05\/cr-5060-prooo.png\" alt=\"cr 5060 pro\" width=\"1283\" height=\"615\" \/><\/p>\n<p><img loading=\"lazy\" decoding=\"async\" class=\"alignnone wp-image-126282 \" src=\"https:\/\/3dlab.com.br\/wp-content\/uploads\/2022\/05\/cr-5060-pro-design.png\" alt=\"cr 5060 pro \" width=\"1285\" height=\"398\" \/><\/p>\n<p><img loading=\"lazy\" decoding=\"async\" class=\"alignnone wp-image-126283 \" src=\"https:\/\/3dlab.com.br\/wp-content\/uploads\/2022\/05\/cr5060-areas-1024x433.png\" alt=\"cr5060 areas \" width=\"1287\" height=\"544\" \/><\/p>\n<h2>Assista nosso v\u00eddeo com a Impressora 3D CR-5060 Pro:<\/h2>\n<div style=\"width: 1080px;\" class=\"wp-video\"><video class=\"wp-video-shortcode\" id=\"video-2218-1\" width=\"1080\" height=\"1920\" preload=\"metadata\" controls=\"controls\"><source type=\"video\/mp4\" src=\"https:\/\/3dlab.com.br\/wp-content\/uploads\/2022\/05\/281484877_149436910972223_1453868269190798177_n.mp4?_=1\" \/><a href=\"https:\/\/3dlab.com.br\/wp-content\/uploads\/2022\/05\/281484877_149436910972223_1453868269190798177_n.mp4\">https:\/\/3dlab.com.br\/wp-content\/uploads\/2022\/05\/281484877_149436910972223_1453868269190798177_n.mp4<\/a><\/video><\/div>\n","protected":false},"excerpt":{"rendered":"<p>Impressora 3D CR-5060 Pro Essa \u00e9 uma impressora de n\u00edvel industrial que possui diversas vantagens para produ\u00e7\u00e3o em grande formato com velocidade e qualidade. A Impressora 3D CR-5060 Pro \u00a0tem&hellip;<\/p>\n","protected":false},"featured_media":2242,"comment_status":"open","ping_status":"closed","template":"","meta":[],"product_brand":[],"product_cat":[306,302,453,280,308,612],"product_tag":[702,703,704,705,285,706],"class_list":{"0":"post-2218","1":"product","2":"type-product","3":"status-publish","4":"has-post-thumbnail","6":"product_cat-creality","7":"product_cat-faixa-preta","8":"product_cat-impressora-3d-de-filamento","9":"product_cat-impressoras-3d","10":"product_cat-impressoras-e-filamentos","11":"product_cat-industrial","12":"product_tag-702","13":"product_tag-5060-pro","14":"product_tag-cr","15":"product_tag-cr-5060-pro","16":"product_tag-impressora-3d","17":"product_tag-impressora-grande-formato","18":"product_shipping_class-impressoras-c-frete","20":"first","21":"instock","22":"sale","23":"shipping-taxable","24":"product-type-external"},"yoast_head":"<!-- This site is optimized with the Yoast SEO plugin v24.8.1 - https:\/\/yoast.com\/wordpress\/plugins\/seo\/ -->\n<title>Impressora 3D CR-5060 Pro - 3D Lab<\/title>\n<meta name=\"robots\" content=\"index, follow, max-snippet:-1, max-image-preview:large, max-video-preview:-1\" \/>\n<link rel=\"canonical\" href=\"https:\/\/projetosddwb.com.br\/3dlab\/product\/impressora-3d-cr-5060-pro\/\" \/>\n<meta property=\"og:locale\" content=\"pt_BR\" \/>\n<meta property=\"og:type\" content=\"article\" \/>\n<meta property=\"og:title\" content=\"Impressora 3D CR-5060 Pro - 3D Lab\" \/>\n<meta property=\"og:description\" content=\"Impressora 3D CR-5060 Pro Essa \u00e9 uma impressora de n\u00edvel industrial que possui diversas vantagens para produ\u00e7\u00e3o em grande formato com velocidade e qualidade. A Impressora 3D CR-5060 Pro \u00a0tem&hellip;\" \/>\n<meta property=\"og:url\" content=\"https:\/\/projetosddwb.com.br\/3dlab\/product\/impressora-3d-cr-5060-pro\/\" \/>\n<meta property=\"og:site_name\" content=\"3D Lab\" \/>\n<meta property=\"article:publisher\" content=\"https:\/\/www.facebook.com\/3dlabbrasil\/?locale=pt_BR\" \/>\n<meta property=\"og:image\" content=\"https:\/\/3dlab.com.br\/wp-content\/uploads\/2022\/05\/5060-prooo.png\" \/>\n<meta name=\"twitter:card\" content=\"summary_large_image\" \/>\n<meta name=\"twitter:label1\" content=\"Est. tempo de leitura\" \/>\n\t<meta name=\"twitter:data1\" content=\"1 minuto\" \/>\n<script type=\"application\/ld+json\" class=\"yoast-schema-graph\">{\"@context\":\"https:\/\/schema.org\",\"@graph\":[{\"@type\":\"WebPage\",\"@id\":\"https:\/\/projetosddwb.com.br\/3dlab\/product\/impressora-3d-cr-5060-pro\/\",\"url\":\"https:\/\/projetosddwb.com.br\/3dlab\/product\/impressora-3d-cr-5060-pro\/\",\"name\":\"Impressora 3D CR-5060 Pro - 3D Lab\",\"isPartOf\":{\"@id\":\"https:\/\/projetosddwb.com.br\/3dlab\/#website\"},\"primaryImageOfPage\":{\"@id\":\"https:\/\/projetosddwb.com.br\/3dlab\/product\/impressora-3d-cr-5060-pro\/#primaryimage\"},\"image\":{\"@id\":\"https:\/\/projetosddwb.com.br\/3dlab\/product\/impressora-3d-cr-5060-pro\/#primaryimage\"},\"thumbnailUrl\":\"\",\"datePublished\":\"2024-04-18T19:07:54+00:00\",\"breadcrumb\":{\"@id\":\"https:\/\/projetosddwb.com.br\/3dlab\/product\/impressora-3d-cr-5060-pro\/#breadcrumb\"},\"inLanguage\":\"pt-BR\",\"potentialAction\":[{\"@type\":\"ReadAction\",\"target\":[\"https:\/\/projetosddwb.com.br\/3dlab\/product\/impressora-3d-cr-5060-pro\/\"]}]},{\"@type\":\"ImageObject\",\"inLanguage\":\"pt-BR\",\"@id\":\"https:\/\/projetosddwb.com.br\/3dlab\/product\/impressora-3d-cr-5060-pro\/#primaryimage\",\"url\":\"\",\"contentUrl\":\"\"},{\"@type\":\"BreadcrumbList\",\"@id\":\"https:\/\/projetosddwb.com.br\/3dlab\/product\/impressora-3d-cr-5060-pro\/#breadcrumb\",\"itemListElement\":[{\"@type\":\"ListItem\",\"position\":1,\"name\":\"In\u00edcio\",\"item\":\"https:\/\/projetosddwb.com.br\/3dlab\/\"},{\"@type\":\"ListItem\",\"position\":2,\"name\":\"Loja\",\"item\":\"https:\/\/projetosddwb.com.br\/3dlab\/loja\/\"},{\"@type\":\"ListItem\",\"position\":3,\"name\":\"Impressora 3D CR-5060 Pro\"}]},{\"@type\":\"WebSite\",\"@id\":\"https:\/\/projetosddwb.com.br\/3dlab\/#website\",\"url\":\"https:\/\/projetosddwb.com.br\/3dlab\/\",\"name\":\"3D Lab\",\"description\":\"\",\"publisher\":{\"@id\":\"https:\/\/projetosddwb.com.br\/3dlab\/#organization\"},\"potentialAction\":[{\"@type\":\"SearchAction\",\"target\":{\"@type\":\"EntryPoint\",\"urlTemplate\":\"https:\/\/projetosddwb.com.br\/3dlab\/?s={search_term_string}\"},\"query-input\":{\"@type\":\"PropertyValueSpecification\",\"valueRequired\":true,\"valueName\":\"search_term_string\"}}],\"inLanguage\":\"pt-BR\"},{\"@type\":\"Organization\",\"@id\":\"https:\/\/projetosddwb.com.br\/3dlab\/#organization\",\"name\":\"3D Lab\",\"url\":\"https:\/\/projetosddwb.com.br\/3dlab\/\",\"logo\":{\"@type\":\"ImageObject\",\"inLanguage\":\"pt-BR\",\"@id\":\"https:\/\/projetosddwb.com.br\/3dlab\/#\/schema\/logo\/image\/\",\"url\":\"https:\/\/projetosddwb.com.br\/3dlab\/wp-content\/uploads\/2025\/04\/cropped-cropped-3D_HORI_ORIGINAL-1.png\",\"contentUrl\":\"https:\/\/projetosddwb.com.br\/3dlab\/wp-content\/uploads\/2025\/04\/cropped-cropped-3D_HORI_ORIGINAL-1.png\",\"width\":597,\"height\":196,\"caption\":\"3D Lab\"},\"image\":{\"@id\":\"https:\/\/projetosddwb.com.br\/3dlab\/#\/schema\/logo\/image\/\"},\"sameAs\":[\"https:\/\/www.facebook.com\/3dlabbrasil\/?locale=pt_BR\",\"https:\/\/www.instagram.com\/3dlab_brasil\/\"]}]}<\/script>\n<!-- \/ Yoast SEO plugin. -->","yoast_head_json":{"title":"Impressora 3D CR-5060 Pro - 3D Lab","robots":{"index":"index","follow":"follow","max-snippet":"max-snippet:-1","max-image-preview":"max-image-preview:large","max-video-preview":"max-video-preview:-1"},"canonical":"https:\/\/projetosddwb.com.br\/3dlab\/product\/impressora-3d-cr-5060-pro\/","og_locale":"pt_BR","og_type":"article","og_title":"Impressora 3D CR-5060 Pro - 3D Lab","og_description":"Impressora 3D CR-5060 Pro Essa \u00e9 uma impressora de n\u00edvel industrial que possui diversas vantagens para produ\u00e7\u00e3o em grande formato com velocidade e qualidade. A Impressora 3D CR-5060 Pro \u00a0tem&hellip;","og_url":"https:\/\/projetosddwb.com.br\/3dlab\/product\/impressora-3d-cr-5060-pro\/","og_site_name":"3D Lab","article_publisher":"https:\/\/www.facebook.com\/3dlabbrasil\/?locale=pt_BR","og_image":[{"url":"https:\/\/3dlab.com.br\/wp-content\/uploads\/2022\/05\/5060-prooo.png","type":"","width":"","height":""}],"twitter_card":"summary_large_image","twitter_misc":{"Est. tempo de leitura":"1 minuto"},"schema":{"@context":"https:\/\/schema.org","@graph":[{"@type":"WebPage","@id":"https:\/\/projetosddwb.com.br\/3dlab\/product\/impressora-3d-cr-5060-pro\/","url":"https:\/\/projetosddwb.com.br\/3dlab\/product\/impressora-3d-cr-5060-pro\/","name":"Impressora 3D CR-5060 Pro - 3D Lab","isPartOf":{"@id":"https:\/\/projetosddwb.com.br\/3dlab\/#website"},"primaryImageOfPage":{"@id":"https:\/\/projetosddwb.com.br\/3dlab\/product\/impressora-3d-cr-5060-pro\/#primaryimage"},"image":{"@id":"https:\/\/projetosddwb.com.br\/3dlab\/product\/impressora-3d-cr-5060-pro\/#primaryimage"},"thumbnailUrl":"","datePublished":"2024-04-18T19:07:54+00:00","breadcrumb":{"@id":"https:\/\/projetosddwb.com.br\/3dlab\/product\/impressora-3d-cr-5060-pro\/#breadcrumb"},"inLanguage":"pt-BR","potentialAction":[{"@type":"ReadAction","target":["https:\/\/projetosddwb.com.br\/3dlab\/product\/impressora-3d-cr-5060-pro\/"]}]},{"@type":"ImageObject","inLanguage":"pt-BR","@id":"https:\/\/projetosddwb.com.br\/3dlab\/product\/impressora-3d-cr-5060-pro\/#primaryimage","url":"","contentUrl":""},{"@type":"BreadcrumbList","@id":"https:\/\/projetosddwb.com.br\/3dlab\/product\/impressora-3d-cr-5060-pro\/#breadcrumb","itemListElement":[{"@type":"ListItem","position":1,"name":"In\u00edcio","item":"https:\/\/projetosddwb.com.br\/3dlab\/"},{"@type":"ListItem","position":2,"name":"Loja","item":"https:\/\/projetosddwb.com.br\/3dlab\/loja\/"},{"@type":"ListItem","position":3,"name":"Impressora 3D CR-5060 Pro"}]},{"@type":"WebSite","@id":"https:\/\/projetosddwb.com.br\/3dlab\/#website","url":"https:\/\/projetosddwb.com.br\/3dlab\/","name":"3D Lab","description":"","publisher":{"@id":"https:\/\/projetosddwb.com.br\/3dlab\/#organization"},"potentialAction":[{"@type":"SearchAction","target":{"@type":"EntryPoint","urlTemplate":"https:\/\/projetosddwb.com.br\/3dlab\/?s={search_term_string}"},"query-input":{"@type":"PropertyValueSpecification","valueRequired":true,"valueName":"search_term_string"}}],"inLanguage":"pt-BR"},{"@type":"Organization","@id":"https:\/\/projetosddwb.com.br\/3dlab\/#organization","name":"3D Lab","url":"https:\/\/projetosddwb.com.br\/3dlab\/","logo":{"@type":"ImageObject","inLanguage":"pt-BR","@id":"https:\/\/projetosddwb.com.br\/3dlab\/#\/schema\/logo\/image\/","url":"https:\/\/projetosddwb.com.br\/3dlab\/wp-content\/uploads\/2025\/04\/cropped-cropped-3D_HORI_ORIGINAL-1.png","contentUrl":"https:\/\/projetosddwb.com.br\/3dlab\/wp-content\/uploads\/2025\/04\/cropped-cropped-3D_HORI_ORIGINAL-1.png","width":597,"height":196,"caption":"3D Lab"},"image":{"@id":"https:\/\/projetosddwb.com.br\/3dlab\/#\/schema\/logo\/image\/"},"sameAs":["https:\/\/www.facebook.com\/3dlabbrasil\/?locale=pt_BR","https:\/\/www.instagram.com\/3dlab_brasil\/"]}]}},"_links":{"self":[{"href":"https:\/\/projetosddwb.com.br\/3dlab\/wp-json\/wp\/v2\/product\/2218","targetHints":{"allow":["GET"]}}],"collection":[{"href":"https:\/\/projetosddwb.com.br\/3dlab\/wp-json\/wp\/v2\/product"}],"about":[{"href":"https:\/\/projetosddwb.com.br\/3dlab\/wp-json\/wp\/v2\/types\/product"}],"replies":[{"embeddable":true,"href":"https:\/\/projetosddwb.com.br\/3dlab\/wp-json\/wp\/v2\/comments?post=2218"}],"wp:featuredmedia":[{"embeddable":true,"href":"https:\/\/projetosddwb.com.br\/3dlab\/wp-json\/"}],"wp:attachment":[{"href":"https:\/\/projetosddwb.com.br\/3dlab\/wp-json\/wp\/v2\/media?parent=2218"}],"wp:term":[{"taxonomy":"product_brand","embeddable":true,"href":"https:\/\/projetosddwb.com.br\/3dlab\/wp-json\/wp\/v2\/product_brand?post=2218"},{"taxonomy":"product_cat","embeddable":true,"href":"https:\/\/projetosddwb.com.br\/3dlab\/wp-json\/wp\/v2\/product_cat?post=2218"},{"taxonomy":"product_tag","embeddable":true,"href":"https:\/\/projetosddwb.com.br\/3dlab\/wp-json\/wp\/v2\/product_tag?post=2218"}],"curies":[{"name":"wp","href":"https:\/\/api.w.org\/{rel}","templated":true}]}}