{"id":2251,"date":"2024-04-18T16:11:17","date_gmt":"2024-04-18T19:11:17","guid":{"rendered":"https:\/\/projetosddwb.com.br\/3dlab\/?post_type=product&amp;p=2251"},"modified":"2024-04-18T16:11:17","modified_gmt":"2024-04-18T19:11:17","slug":"impressora-3d-k1-max-envio-imediato","status":"publish","type":"product","link":"https:\/\/projetosddwb.com.br\/3dlab\/product\/impressora-3d-k1-max-envio-imediato\/","title":{"rendered":"IMPRESSORA 3D K1 MAX \/ ENVIO IMEDIATO"},"content":{"rendered":"<h2>K1 MAX<\/h2>\n<p>A s\u00e9rie K1 ser\u00e1 o divisor de \u00e1guas da Creality nos assuntos FDM e velocidade!<\/p>\n<p>A K1 Max possui CoreXY de n\u00edvel profissional com uma velocidade de impress\u00e3o de at\u00e9 600 mm\/s e um volume de constru\u00e7\u00e3o de at\u00e9 300x300x300 mm.<\/p>\n<p>Possui um inovador sistema de movimento, que utiliza uma extrusora direct de apenas 190g para garantir movimentos r\u00e1pidos e impress\u00f5es mais precisas.<\/p>\n<p>Dados do Creality Lab mostram que a s\u00e9rie K1 Max atinge a velocidade m\u00e1xima de 600 mm\/s em apenas 0,03 s com uma acelera\u00e7\u00e3o de 20.000 mm\/s <sup>2<\/sup> , e imprimir um 3DBenchy custa apenas 13 minutos, 12 vezes mais r\u00e1pido que a m\u00e9dia das impressoras 3D.<\/p>\n<p>Ela vem equipada com uma nova gera\u00e7\u00e3o de sistema operacional Creality que roda em uma CPU de 2 n\u00facleos de 1,2 GHz, fornecendo poder de computa\u00e7\u00e3o para impress\u00e3o em alta velocidade. Com uma conex\u00e3o de rede, a s\u00e9rie K1 pode ser controlada ou monitorada remotamente a partir da Creality Print ou da Creality Cloud (necessita adapta\u00e7\u00f5es). O controle de cluster tamb\u00e9m \u00e9 permitido quando muitas impressoras da s\u00e9rie K1 est\u00e3o online.\u00a0Assim que a impress\u00e3o for conclu\u00edda ou um problema de impress\u00e3o for detectado, uma notifica\u00e7\u00e3o ser\u00e1 enviada para o telefone ou PC do usu\u00e1rio.<\/p>\n<p>O software de fatiamento \u00e9 crucial para impress\u00e3o de alta velocidade, e a s\u00e9rie K1 utiliza o Creality Print 4.3, uma nova gera\u00e7\u00e3o de software de fatiamento autodesenvolvido que otimiza o movimento da extrusora e adiciona mais algoritmos para aumentar a efici\u00eancia.<\/p>\n<p>Para o nivelamento da base de impress\u00e3o, a K1 Max em particular, utiliza nivelamento autom\u00e1tico duplo sem as m\u00e3os. Uma das op\u00e7\u00f5es \u00e9 nivelar com uma s\u00e9rie de sensores de deforma\u00e7\u00e3o. Outra maneira \u00e9 nivelar com 1\u03bcm AI LiDAR, um novo tipo de m\u00e9todo de medi\u00e7\u00e3o sem contato que escaneia rapidamente a superf\u00edcie de constru\u00e7\u00e3o com um feixe de laser para formar uma superf\u00edcie virtual de um milh\u00e3o de pontos. Cada um dos dois m\u00e9todos de nivelamento garante um bom nivelamento e, mas quando combinados, \u00e9 poss\u00edvel possuir um nivelamento perfeito e imprimir uma primeira camada perfeita.<\/p>\n<p>A K1 Max tamb\u00e9m possui uma c\u00e2mera AI na c\u00e2mara de impress\u00e3o, permitindo o monitoramento da impress\u00e3o em tempo real com resolu\u00e7\u00e3o de 1080p. Al\u00e9m disso, a K1 Max emprega sensores G para resolver o problema de resson\u00e2ncia e eliminar padr\u00f5es de zumbido ou fantasma na superf\u00edcie dos modelos causados \u200b\u200bpela impress\u00e3o em alta velocidade.<\/p>\n<p style=\"text-align: left;\"><a href=\"https:\/\/3dlab.com.br\/as-impressoras-3d-mais-rapidas-do-mercado\/\" target=\"_blank\" rel=\"noopener\">LEIA MAIS SOBRE A K1 MAX NO NOSSO CONTE\u00daDO!<\/a><\/p>\n<p><img fetchpriority=\"high\" decoding=\"async\" class=\"alignnone wp-image-136733 size-full\" src=\"https:\/\/3dlab.com.br\/wp-content\/uploads\/2023\/04\/1.png\" alt=\"k1 max\" width=\"1920\" height=\"1080\" \/> <img decoding=\"async\" class=\"alignnone wp-image-136734 size-full\" src=\"https:\/\/3dlab.com.br\/wp-content\/uploads\/2023\/04\/2.png\" alt=\"impressora 3d fdm\" width=\"1920\" height=\"1080\" \/> <img decoding=\"async\" class=\"alignnone wp-image-136735 size-full\" src=\"https:\/\/3dlab.com.br\/wp-content\/uploads\/2023\/04\/3.png\" alt=\"impressora fdm\" width=\"1920\" height=\"1080\" \/> <img loading=\"lazy\" decoding=\"async\" class=\"alignnone wp-image-136736 size-full\" src=\"https:\/\/3dlab.com.br\/wp-content\/uploads\/2023\/04\/4.png\" alt=\"\" width=\"1920\" height=\"1080\" \/> <img loading=\"lazy\" decoding=\"async\" class=\"alignnone wp-image-136737 size-full\" src=\"https:\/\/3dlab.com.br\/wp-content\/uploads\/2023\/04\/5.png\" alt=\"impressora fdm\" width=\"1920\" height=\"1080\" \/> <img loading=\"lazy\" decoding=\"async\" class=\"alignnone wp-image-136738 size-full\" src=\"https:\/\/3dlab.com.br\/wp-content\/uploads\/2023\/04\/6.png\" alt=\"k1 max\" width=\"1920\" height=\"1080\" \/> <img loading=\"lazy\" decoding=\"async\" class=\"alignnone wp-image-136739 size-full\" src=\"https:\/\/3dlab.com.br\/wp-content\/uploads\/2023\/04\/7.png\" alt=\"k1 max\" width=\"1920\" height=\"1080\" \/> <img loading=\"lazy\" decoding=\"async\" class=\"alignnone wp-image-136740 size-full\" src=\"https:\/\/3dlab.com.br\/wp-content\/uploads\/2023\/04\/8.png\" alt=\"k1 max\" width=\"1920\" height=\"1080\" \/> <img loading=\"lazy\" decoding=\"async\" class=\"alignnone wp-image-136741 size-full\" src=\"https:\/\/3dlab.com.br\/wp-content\/uploads\/2023\/04\/9.png\" alt=\"impressora fdm\" width=\"1920\" height=\"1080\" \/> <img loading=\"lazy\" decoding=\"async\" class=\"alignnone wp-image-136742 size-full\" src=\"https:\/\/3dlab.com.br\/wp-content\/uploads\/2023\/04\/10.png\" alt=\"k1 max\" width=\"1920\" height=\"1080\" \/> <img loading=\"lazy\" decoding=\"async\" class=\"alignnone wp-image-136743 size-full\" src=\"https:\/\/3dlab.com.br\/wp-content\/uploads\/2023\/04\/11.png\" alt=\"k1 max\" width=\"1920\" height=\"1080\" \/> <img loading=\"lazy\" decoding=\"async\" class=\"alignnone wp-image-136744 size-full\" src=\"https:\/\/3dlab.com.br\/wp-content\/uploads\/2023\/04\/12.png\" alt=\"impressora fdm\" width=\"1920\" height=\"1080\" \/> <img loading=\"lazy\" decoding=\"async\" class=\"alignnone wp-image-136745 size-full\" src=\"https:\/\/3dlab.com.br\/wp-content\/uploads\/2023\/04\/13.png\" alt=\"\" width=\"1920\" height=\"1080\" \/> <img loading=\"lazy\" decoding=\"async\" class=\"alignnone wp-image-136746 size-full\" src=\"https:\/\/3dlab.com.br\/wp-content\/uploads\/2023\/04\/14.png\" alt=\"impressora fdm\" width=\"1920\" height=\"1080\" \/> \u00a0<img loading=\"lazy\" decoding=\"async\" class=\"alignnone wp-image-136748 size-full\" src=\"https:\/\/3dlab.com.br\/wp-content\/uploads\/2023\/04\/16.png\" alt=\"impressora fdm\" width=\"1920\" height=\"1080\" \/> <img loading=\"lazy\" decoding=\"async\" class=\"alignnone wp-image-136749 size-full\" src=\"https:\/\/3dlab.com.br\/wp-content\/uploads\/2023\/04\/17.png\" alt=\"k1 max\" width=\"1920\" height=\"1080\" \/> <img loading=\"lazy\" decoding=\"async\" class=\"alignnone wp-image-136750 size-full\" src=\"https:\/\/3dlab.com.br\/wp-content\/uploads\/2023\/04\/18.png\" alt=\"impressora 3d\" width=\"1920\" height=\"1080\" \/> <img loading=\"lazy\" decoding=\"async\" class=\"alignnone wp-image-136751 size-full\" src=\"https:\/\/3dlab.com.br\/wp-content\/uploads\/2023\/04\/19.png\" alt=\"impressora fdm\" width=\"1920\" height=\"1080\" \/> <img loading=\"lazy\" decoding=\"async\" class=\"alignnone wp-image-136752 size-full\" src=\"https:\/\/3dlab.com.br\/wp-content\/uploads\/2023\/04\/20.png\" alt=\"k1 max\" width=\"1920\" height=\"1080\" \/> <img loading=\"lazy\" decoding=\"async\" class=\"alignnone wp-image-136753 size-full\" src=\"https:\/\/3dlab.com.br\/wp-content\/uploads\/2023\/04\/21.png\" alt=\"impressora fdm\" width=\"1920\" height=\"1080\" \/><\/p>\n","protected":false},"excerpt":{"rendered":"<p>K1 MAX A s\u00e9rie K1 ser\u00e1 o divisor de \u00e1guas da Creality nos assuntos FDM e velocidade! A K1 Max possui CoreXY de n\u00edvel profissional com uma velocidade de impress\u00e3o&hellip;<\/p>\n","protected":false},"featured_media":2262,"comment_status":"open","ping_status":"closed","template":"","meta":[],"product_brand":[],"product_cat":[306,453,280,308,612,497],"product_tag":[707,708,285,709],"class_list":{"0":"post-2251","1":"product","2":"type-product","3":"status-publish","4":"has-post-thumbnail","6":"product_cat-creality","7":"product_cat-impressora-3d-de-filamento","8":"product_cat-impressoras-3d","9":"product_cat-impressoras-e-filamentos","10":"product_cat-industrial","11":"product_cat-promocoes","12":"product_tag-impressao-3d","13":"product_tag-impressao-3d-fdm","14":"product_tag-impressora-3d","15":"product_tag-impressora-3d-fdm","16":"product_shipping_class-impressoras-c-frete","18":"first","19":"instock","20":"sale","21":"shipping-taxable","22":"purchasable","23":"product-type-simple"},"yoast_head":"<!-- This site is optimized with the Yoast SEO plugin v24.8.1 - https:\/\/yoast.com\/wordpress\/plugins\/seo\/ -->\n<title>IMPRESSORA 3D K1 MAX \/ ENVIO IMEDIATO - 3D Lab<\/title>\n<meta name=\"robots\" content=\"index, follow, max-snippet:-1, max-image-preview:large, max-video-preview:-1\" \/>\n<link rel=\"canonical\" href=\"https:\/\/projetosddwb.com.br\/3dlab\/product\/impressora-3d-k1-max-envio-imediato\/\" \/>\n<meta property=\"og:locale\" content=\"pt_BR\" \/>\n<meta property=\"og:type\" content=\"article\" \/>\n<meta property=\"og:title\" content=\"IMPRESSORA 3D K1 MAX \/ ENVIO IMEDIATO - 3D Lab\" \/>\n<meta property=\"og:description\" content=\"K1 MAX A s\u00e9rie K1 ser\u00e1 o divisor de \u00e1guas da Creality nos assuntos FDM e velocidade! A K1 Max possui CoreXY de n\u00edvel profissional com uma velocidade de impress\u00e3o&hellip;\" \/>\n<meta property=\"og:url\" content=\"https:\/\/projetosddwb.com.br\/3dlab\/product\/impressora-3d-k1-max-envio-imediato\/\" \/>\n<meta property=\"og:site_name\" content=\"3D Lab\" \/>\n<meta property=\"article:publisher\" content=\"https:\/\/www.facebook.com\/3dlabbrasil\/?locale=pt_BR\" \/>\n<meta property=\"og:image\" content=\"https:\/\/3dlab.com.br\/wp-content\/uploads\/2023\/04\/1.png\" \/>\n<meta name=\"twitter:card\" content=\"summary_large_image\" \/>\n<meta name=\"twitter:label1\" content=\"Est. tempo de leitura\" \/>\n\t<meta name=\"twitter:data1\" content=\"2 minutos\" \/>\n<script type=\"application\/ld+json\" class=\"yoast-schema-graph\">{\"@context\":\"https:\/\/schema.org\",\"@graph\":[{\"@type\":\"WebPage\",\"@id\":\"https:\/\/projetosddwb.com.br\/3dlab\/product\/impressora-3d-k1-max-envio-imediato\/\",\"url\":\"https:\/\/projetosddwb.com.br\/3dlab\/product\/impressora-3d-k1-max-envio-imediato\/\",\"name\":\"IMPRESSORA 3D K1 MAX \/ ENVIO IMEDIATO - 3D Lab\",\"isPartOf\":{\"@id\":\"https:\/\/projetosddwb.com.br\/3dlab\/#website\"},\"primaryImageOfPage\":{\"@id\":\"https:\/\/projetosddwb.com.br\/3dlab\/product\/impressora-3d-k1-max-envio-imediato\/#primaryimage\"},\"image\":{\"@id\":\"https:\/\/projetosddwb.com.br\/3dlab\/product\/impressora-3d-k1-max-envio-imediato\/#primaryimage\"},\"thumbnailUrl\":\"\",\"datePublished\":\"2024-04-18T19:11:17+00:00\",\"breadcrumb\":{\"@id\":\"https:\/\/projetosddwb.com.br\/3dlab\/product\/impressora-3d-k1-max-envio-imediato\/#breadcrumb\"},\"inLanguage\":\"pt-BR\",\"potentialAction\":[{\"@type\":\"ReadAction\",\"target\":[\"https:\/\/projetosddwb.com.br\/3dlab\/product\/impressora-3d-k1-max-envio-imediato\/\"]}]},{\"@type\":\"ImageObject\",\"inLanguage\":\"pt-BR\",\"@id\":\"https:\/\/projetosddwb.com.br\/3dlab\/product\/impressora-3d-k1-max-envio-imediato\/#primaryimage\",\"url\":\"\",\"contentUrl\":\"\"},{\"@type\":\"BreadcrumbList\",\"@id\":\"https:\/\/projetosddwb.com.br\/3dlab\/product\/impressora-3d-k1-max-envio-imediato\/#breadcrumb\",\"itemListElement\":[{\"@type\":\"ListItem\",\"position\":1,\"name\":\"In\u00edcio\",\"item\":\"https:\/\/projetosddwb.com.br\/3dlab\/\"},{\"@type\":\"ListItem\",\"position\":2,\"name\":\"Loja\",\"item\":\"https:\/\/projetosddwb.com.br\/3dlab\/loja\/\"},{\"@type\":\"ListItem\",\"position\":3,\"name\":\"IMPRESSORA 3D K1 MAX \/ ENVIO IMEDIATO\"}]},{\"@type\":\"WebSite\",\"@id\":\"https:\/\/projetosddwb.com.br\/3dlab\/#website\",\"url\":\"https:\/\/projetosddwb.com.br\/3dlab\/\",\"name\":\"3D Lab\",\"description\":\"\",\"publisher\":{\"@id\":\"https:\/\/projetosddwb.com.br\/3dlab\/#organization\"},\"potentialAction\":[{\"@type\":\"SearchAction\",\"target\":{\"@type\":\"EntryPoint\",\"urlTemplate\":\"https:\/\/projetosddwb.com.br\/3dlab\/?s={search_term_string}\"},\"query-input\":{\"@type\":\"PropertyValueSpecification\",\"valueRequired\":true,\"valueName\":\"search_term_string\"}}],\"inLanguage\":\"pt-BR\"},{\"@type\":\"Organization\",\"@id\":\"https:\/\/projetosddwb.com.br\/3dlab\/#organization\",\"name\":\"3D Lab\",\"url\":\"https:\/\/projetosddwb.com.br\/3dlab\/\",\"logo\":{\"@type\":\"ImageObject\",\"inLanguage\":\"pt-BR\",\"@id\":\"https:\/\/projetosddwb.com.br\/3dlab\/#\/schema\/logo\/image\/\",\"url\":\"https:\/\/projetosddwb.com.br\/3dlab\/wp-content\/uploads\/2025\/04\/cropped-cropped-3D_HORI_ORIGINAL-1.png\",\"contentUrl\":\"https:\/\/projetosddwb.com.br\/3dlab\/wp-content\/uploads\/2025\/04\/cropped-cropped-3D_HORI_ORIGINAL-1.png\",\"width\":597,\"height\":196,\"caption\":\"3D Lab\"},\"image\":{\"@id\":\"https:\/\/projetosddwb.com.br\/3dlab\/#\/schema\/logo\/image\/\"},\"sameAs\":[\"https:\/\/www.facebook.com\/3dlabbrasil\/?locale=pt_BR\",\"https:\/\/www.instagram.com\/3dlab_brasil\/\"]}]}<\/script>\n<!-- \/ Yoast SEO plugin. -->","yoast_head_json":{"title":"IMPRESSORA 3D K1 MAX \/ ENVIO IMEDIATO - 3D Lab","robots":{"index":"index","follow":"follow","max-snippet":"max-snippet:-1","max-image-preview":"max-image-preview:large","max-video-preview":"max-video-preview:-1"},"canonical":"https:\/\/projetosddwb.com.br\/3dlab\/product\/impressora-3d-k1-max-envio-imediato\/","og_locale":"pt_BR","og_type":"article","og_title":"IMPRESSORA 3D K1 MAX \/ ENVIO IMEDIATO - 3D Lab","og_description":"K1 MAX A s\u00e9rie K1 ser\u00e1 o divisor de \u00e1guas da Creality nos assuntos FDM e velocidade! A K1 Max possui CoreXY de n\u00edvel profissional com uma velocidade de impress\u00e3o&hellip;","og_url":"https:\/\/projetosddwb.com.br\/3dlab\/product\/impressora-3d-k1-max-envio-imediato\/","og_site_name":"3D Lab","article_publisher":"https:\/\/www.facebook.com\/3dlabbrasil\/?locale=pt_BR","og_image":[{"url":"https:\/\/3dlab.com.br\/wp-content\/uploads\/2023\/04\/1.png","type":"","width":"","height":""}],"twitter_card":"summary_large_image","twitter_misc":{"Est. tempo de leitura":"2 minutos"},"schema":{"@context":"https:\/\/schema.org","@graph":[{"@type":"WebPage","@id":"https:\/\/projetosddwb.com.br\/3dlab\/product\/impressora-3d-k1-max-envio-imediato\/","url":"https:\/\/projetosddwb.com.br\/3dlab\/product\/impressora-3d-k1-max-envio-imediato\/","name":"IMPRESSORA 3D K1 MAX \/ ENVIO IMEDIATO - 3D Lab","isPartOf":{"@id":"https:\/\/projetosddwb.com.br\/3dlab\/#website"},"primaryImageOfPage":{"@id":"https:\/\/projetosddwb.com.br\/3dlab\/product\/impressora-3d-k1-max-envio-imediato\/#primaryimage"},"image":{"@id":"https:\/\/projetosddwb.com.br\/3dlab\/product\/impressora-3d-k1-max-envio-imediato\/#primaryimage"},"thumbnailUrl":"","datePublished":"2024-04-18T19:11:17+00:00","breadcrumb":{"@id":"https:\/\/projetosddwb.com.br\/3dlab\/product\/impressora-3d-k1-max-envio-imediato\/#breadcrumb"},"inLanguage":"pt-BR","potentialAction":[{"@type":"ReadAction","target":["https:\/\/projetosddwb.com.br\/3dlab\/product\/impressora-3d-k1-max-envio-imediato\/"]}]},{"@type":"ImageObject","inLanguage":"pt-BR","@id":"https:\/\/projetosddwb.com.br\/3dlab\/product\/impressora-3d-k1-max-envio-imediato\/#primaryimage","url":"","contentUrl":""},{"@type":"BreadcrumbList","@id":"https:\/\/projetosddwb.com.br\/3dlab\/product\/impressora-3d-k1-max-envio-imediato\/#breadcrumb","itemListElement":[{"@type":"ListItem","position":1,"name":"In\u00edcio","item":"https:\/\/projetosddwb.com.br\/3dlab\/"},{"@type":"ListItem","position":2,"name":"Loja","item":"https:\/\/projetosddwb.com.br\/3dlab\/loja\/"},{"@type":"ListItem","position":3,"name":"IMPRESSORA 3D K1 MAX \/ ENVIO IMEDIATO"}]},{"@type":"WebSite","@id":"https:\/\/projetosddwb.com.br\/3dlab\/#website","url":"https:\/\/projetosddwb.com.br\/3dlab\/","name":"3D Lab","description":"","publisher":{"@id":"https:\/\/projetosddwb.com.br\/3dlab\/#organization"},"potentialAction":[{"@type":"SearchAction","target":{"@type":"EntryPoint","urlTemplate":"https:\/\/projetosddwb.com.br\/3dlab\/?s={search_term_string}"},"query-input":{"@type":"PropertyValueSpecification","valueRequired":true,"valueName":"search_term_string"}}],"inLanguage":"pt-BR"},{"@type":"Organization","@id":"https:\/\/projetosddwb.com.br\/3dlab\/#organization","name":"3D Lab","url":"https:\/\/projetosddwb.com.br\/3dlab\/","logo":{"@type":"ImageObject","inLanguage":"pt-BR","@id":"https:\/\/projetosddwb.com.br\/3dlab\/#\/schema\/logo\/image\/","url":"https:\/\/projetosddwb.com.br\/3dlab\/wp-content\/uploads\/2025\/04\/cropped-cropped-3D_HORI_ORIGINAL-1.png","contentUrl":"https:\/\/projetosddwb.com.br\/3dlab\/wp-content\/uploads\/2025\/04\/cropped-cropped-3D_HORI_ORIGINAL-1.png","width":597,"height":196,"caption":"3D Lab"},"image":{"@id":"https:\/\/projetosddwb.com.br\/3dlab\/#\/schema\/logo\/image\/"},"sameAs":["https:\/\/www.facebook.com\/3dlabbrasil\/?locale=pt_BR","https:\/\/www.instagram.com\/3dlab_brasil\/"]}]}},"_links":{"self":[{"href":"https:\/\/projetosddwb.com.br\/3dlab\/wp-json\/wp\/v2\/product\/2251","targetHints":{"allow":["GET"]}}],"collection":[{"href":"https:\/\/projetosddwb.com.br\/3dlab\/wp-json\/wp\/v2\/product"}],"about":[{"href":"https:\/\/projetosddwb.com.br\/3dlab\/wp-json\/wp\/v2\/types\/product"}],"replies":[{"embeddable":true,"href":"https:\/\/projetosddwb.com.br\/3dlab\/wp-json\/wp\/v2\/comments?post=2251"}],"wp:featuredmedia":[{"embeddable":true,"href":"https:\/\/projetosddwb.com.br\/3dlab\/wp-json\/"}],"wp:attachment":[{"href":"https:\/\/projetosddwb.com.br\/3dlab\/wp-json\/wp\/v2\/media?parent=2251"}],"wp:term":[{"taxonomy":"product_brand","embeddable":true,"href":"https:\/\/projetosddwb.com.br\/3dlab\/wp-json\/wp\/v2\/product_brand?post=2251"},{"taxonomy":"product_cat","embeddable":true,"href":"https:\/\/projetosddwb.com.br\/3dlab\/wp-json\/wp\/v2\/product_cat?post=2251"},{"taxonomy":"product_tag","embeddable":true,"href":"https:\/\/projetosddwb.com.br\/3dlab\/wp-json\/wp\/v2\/product_tag?post=2251"}],"curies":[{"name":"wp","href":"https:\/\/api.w.org\/{rel}","templated":true}]}}