{"id":2252,"date":"2024-04-18T16:11:17","date_gmt":"2024-04-18T19:11:17","guid":{"rendered":"https:\/\/projetosddwb.com.br\/3dlab\/?post_type=product&amp;p=2252"},"modified":"2024-04-18T16:11:17","modified_gmt":"2024-04-18T19:11:17","slug":"impressora-3d-creality-k1-envio-imediato","status":"publish","type":"product","link":"https:\/\/projetosddwb.com.br\/3dlab\/product\/impressora-3d-creality-k1-envio-imediato\/","title":{"rendered":"Impressora 3D Creality K1 \/ ENVIO IMEDIATO"},"content":{"rendered":"<h1>Impressora 3D Creality K1 \/ ENVIO IMEDIATO<\/h1>\n<p>A K1 \u00e9 uma impressora 3D que promete maior velocidade de impress\u00e3o mantendo a qualidade. <strong>Velocidade de impress\u00e3o de 600mm\/s!<\/strong><\/p>\n<p class=\"md:tw-hidden tw-m-0 \"><strong>Imprima sempre a alta velocidade<\/strong><\/p>\n<p class=\"md:tw-hidden tw-m-0 tw-mb-1\">Com acelera\u00e7\u00e3o de 20000mm\/s\u00b2, a K1 alcan\u00e7a at\u00e9 600mm\/s em apenas 0,03s, fornecendo velocidade total em 90% do tempo de impress\u00e3o.<\/p>\n<div class=\"tw-mb-5 text-heading\"><strong>Estrutura para velocidade<\/strong><b><br \/>\n<\/b><\/div>\n<div class=\"text-desc\">\n<p>K1 combina o Core XY com um extrusor leve de 190g para menor in\u00e9rcia de movimento. Al\u00e9m de eixos refor\u00e7ados. A estrutura \u00e9 de liga de alum\u00ednio fundida sob press\u00e3o e a K1 \u00e9 usinada CNC para ser precisa e r\u00edgida.<br \/>\nPermitindo assim a impress\u00e3o em alta velocidade com excelente tempo.<\/p>\n<p><strong>Extrusor mais potente<\/strong><\/p>\n<\/div>\n<p>A temperatura de bico chega em at\u00e9 300\u00b0C. Extrusor direct com dupla engrenagem garantindo 50N de for\u00e7a de extrus\u00e3o. Hotend com quebra de calor de liga de tit\u00e2nio e um bico de liga de cobre, trabalhando com cores vivas em at\u00e9 300\u2103.<\/p>\n<p class=\"md:tw-hidden tw-m-0 \"><strong>Coolers duplos<\/strong><\/p>\n<p class=\"tw-m-0 tw-body-minus-2 lg:tw-text-body-font-size\">Um grande cooler na cabe\u00e7a de impress\u00e3o com dutos de ar, resfria o modelo diretamente. Um ventilador auxiliar de 18W na c\u00e2mara de constru\u00e7\u00e3o tamb\u00e9m aumenta o efeito de resfriamento.<\/p>\n<p class=\"md:tw-hidden tw-m-0 \"><strong>R\u00e1pido software<\/strong><\/p>\n<p class=\"tw-m-0 tw-body-minus-2 lg:tw-text-body-font-size\">A K1 adota o sistema operacional inteligente da Creality. Ele apresenta uma interface direta e sincroniza dados e comandos com PC, telefone, nuvem e m\u00f3dulos adicionais.<br \/>\nA \u00e1gil CPU dual-core de 1,2 GHz alimenta a impress\u00e3o de alta velocidade com facilidade. A ROM 8G armazena at\u00e9 400 arquivos de modelos e permite a escrita e leitura r\u00e1pidas.<\/p>\n<p><strong>CONHE\u00c7A MAIS SOBRE A K1 LENDO O CONTE\u00daDO DO NOSSO BLOG! <a href=\"https:\/\/3dlab.com.br\/as-impressoras-3d-mais-rapidas-do-mercado\/\" target=\"_blank\" rel=\"noopener\">Confira aqui!<\/a><\/strong><\/p>\n<p><img fetchpriority=\"high\" decoding=\"async\" class=\"alignnone wp-image-141677 size-full\" src=\"https:\/\/3dlab.com.br\/wp-content\/uploads\/2023\/04\/1-2.png\" alt=\"k1 \" width=\"1920\" height=\"1080\" \/> <img decoding=\"async\" class=\"alignnone wp-image-141678 size-full\" src=\"https:\/\/3dlab.com.br\/wp-content\/uploads\/2023\/04\/2-3.png\" alt=\"\" width=\"1920\" height=\"1080\" \/> <img decoding=\"async\" class=\"alignnone wp-image-141679 size-full\" src=\"https:\/\/3dlab.com.br\/wp-content\/uploads\/2023\/04\/3-3.png\" alt=\"\" width=\"1920\" height=\"1080\" \/> <img loading=\"lazy\" decoding=\"async\" class=\"alignnone wp-image-141680 size-full\" src=\"https:\/\/3dlab.com.br\/wp-content\/uploads\/2023\/04\/4-2.png\" alt=\"\" width=\"1920\" height=\"1080\" \/> <img loading=\"lazy\" decoding=\"async\" class=\"alignnone wp-image-141681 size-full\" src=\"https:\/\/3dlab.com.br\/wp-content\/uploads\/2023\/04\/5-3.png\" alt=\"\" width=\"1920\" height=\"1080\" \/> <img loading=\"lazy\" decoding=\"async\" class=\"alignnone wp-image-141682 size-full\" src=\"https:\/\/3dlab.com.br\/wp-content\/uploads\/2023\/04\/6-2.png\" alt=\"\" width=\"1920\" height=\"1080\" \/> <img loading=\"lazy\" decoding=\"async\" class=\"alignnone wp-image-141683 size-full\" src=\"https:\/\/3dlab.com.br\/wp-content\/uploads\/2023\/04\/7-2.png\" alt=\"\" width=\"1920\" height=\"1080\" \/> <img loading=\"lazy\" decoding=\"async\" class=\"alignnone wp-image-141684 size-full\" src=\"https:\/\/3dlab.com.br\/wp-content\/uploads\/2023\/04\/8-2.png\" alt=\"\" width=\"1920\" height=\"1080\" \/> <img loading=\"lazy\" decoding=\"async\" class=\"alignnone wp-image-141685 size-full\" src=\"https:\/\/3dlab.com.br\/wp-content\/uploads\/2023\/04\/9-2.png\" alt=\"\" width=\"1920\" height=\"1080\" \/> <img loading=\"lazy\" decoding=\"async\" class=\"alignnone wp-image-141686 size-full\" src=\"https:\/\/3dlab.com.br\/wp-content\/uploads\/2023\/04\/10-2.png\" alt=\"\" width=\"1920\" height=\"1080\" \/> <img loading=\"lazy\" decoding=\"async\" class=\"alignnone wp-image-141687 size-full\" src=\"https:\/\/3dlab.com.br\/wp-content\/uploads\/2023\/04\/11-2.png\" alt=\"\" width=\"1920\" height=\"1080\" \/> <img loading=\"lazy\" decoding=\"async\" class=\"alignnone wp-image-141688 size-full\" src=\"https:\/\/3dlab.com.br\/wp-content\/uploads\/2023\/04\/12-2.png\" alt=\"\" width=\"1920\" height=\"1080\" \/> <img loading=\"lazy\" decoding=\"async\" class=\"alignnone wp-image-141689 size-full\" src=\"https:\/\/3dlab.com.br\/wp-content\/uploads\/2023\/04\/13-2.png\" alt=\"\" width=\"1920\" height=\"1080\" \/> \u00a0 \u00a0<img loading=\"lazy\" decoding=\"async\" class=\"alignnone wp-image-141693 size-full\" src=\"https:\/\/3dlab.com.br\/wp-content\/uploads\/2023\/04\/18-1.png\" alt=\"\" width=\"1920\" height=\"1080\" \/> \u00a0<img loading=\"lazy\" decoding=\"async\" class=\"alignnone wp-image-141695 size-full\" src=\"https:\/\/3dlab.com.br\/wp-content\/uploads\/2023\/04\/20-1.png\" alt=\"\" width=\"1920\" height=\"1080\" \/> <img loading=\"lazy\" decoding=\"async\" class=\"alignnone wp-image-141696 size-full\" src=\"https:\/\/3dlab.com.br\/wp-content\/uploads\/2023\/04\/21-1.png\" alt=\"\" width=\"1920\" height=\"1080\" \/><\/p>\n","protected":false},"excerpt":{"rendered":"<p>Produto vendido e entregue por 3D Prado<\/p>\n","protected":false},"featured_media":2264,"comment_status":"open","ping_status":"closed","template":"","meta":[],"product_brand":[],"product_cat":[306,453,280,308],"product_tag":[285,710,711,712],"class_list":{"0":"post-2252","1":"product","2":"type-product","3":"status-publish","4":"has-post-thumbnail","6":"product_cat-creality","7":"product_cat-impressora-3d-de-filamento","8":"product_cat-impressoras-3d","9":"product_cat-impressoras-e-filamentos","10":"product_tag-impressora-3d","11":"product_tag-impressora-3d-k1","12":"product_tag-impressora-k1","13":"product_tag-k1","14":"product_shipping_class-impressoras-c-frete","16":"first","17":"instock","18":"sale","19":"shipping-taxable","20":"purchasable","21":"product-type-simple"},"yoast_head":"<!-- This site is optimized with the Yoast SEO plugin v24.8.1 - https:\/\/yoast.com\/wordpress\/plugins\/seo\/ -->\n<title>Impressora 3D Creality K1 \/ ENVIO IMEDIATO - 3D Lab<\/title>\n<meta name=\"robots\" content=\"index, follow, max-snippet:-1, max-image-preview:large, max-video-preview:-1\" \/>\n<link rel=\"canonical\" href=\"https:\/\/projetosddwb.com.br\/3dlab\/product\/impressora-3d-creality-k1-envio-imediato\/\" \/>\n<meta property=\"og:locale\" content=\"pt_BR\" \/>\n<meta property=\"og:type\" content=\"article\" \/>\n<meta property=\"og:title\" content=\"Impressora 3D Creality K1 \/ ENVIO IMEDIATO - 3D Lab\" \/>\n<meta property=\"og:description\" content=\"Produto vendido e entregue por 3D Prado\" \/>\n<meta property=\"og:url\" content=\"https:\/\/projetosddwb.com.br\/3dlab\/product\/impressora-3d-creality-k1-envio-imediato\/\" \/>\n<meta property=\"og:site_name\" content=\"3D Lab\" \/>\n<meta property=\"article:publisher\" content=\"https:\/\/www.facebook.com\/3dlabbrasil\/?locale=pt_BR\" \/>\n<meta property=\"og:image\" content=\"https:\/\/3dlab.com.br\/wp-content\/uploads\/2023\/04\/1-2.png\" \/>\n<meta name=\"twitter:card\" content=\"summary_large_image\" \/>\n<meta name=\"twitter:label1\" content=\"Est. tempo de leitura\" \/>\n\t<meta name=\"twitter:data1\" content=\"1 minuto\" \/>\n<script type=\"application\/ld+json\" class=\"yoast-schema-graph\">{\"@context\":\"https:\/\/schema.org\",\"@graph\":[{\"@type\":\"WebPage\",\"@id\":\"https:\/\/projetosddwb.com.br\/3dlab\/product\/impressora-3d-creality-k1-envio-imediato\/\",\"url\":\"https:\/\/projetosddwb.com.br\/3dlab\/product\/impressora-3d-creality-k1-envio-imediato\/\",\"name\":\"Impressora 3D Creality K1 \/ ENVIO IMEDIATO - 3D Lab\",\"isPartOf\":{\"@id\":\"https:\/\/projetosddwb.com.br\/3dlab\/#website\"},\"primaryImageOfPage\":{\"@id\":\"https:\/\/projetosddwb.com.br\/3dlab\/product\/impressora-3d-creality-k1-envio-imediato\/#primaryimage\"},\"image\":{\"@id\":\"https:\/\/projetosddwb.com.br\/3dlab\/product\/impressora-3d-creality-k1-envio-imediato\/#primaryimage\"},\"thumbnailUrl\":\"\",\"datePublished\":\"2024-04-18T19:11:17+00:00\",\"breadcrumb\":{\"@id\":\"https:\/\/projetosddwb.com.br\/3dlab\/product\/impressora-3d-creality-k1-envio-imediato\/#breadcrumb\"},\"inLanguage\":\"pt-BR\",\"potentialAction\":[{\"@type\":\"ReadAction\",\"target\":[\"https:\/\/projetosddwb.com.br\/3dlab\/product\/impressora-3d-creality-k1-envio-imediato\/\"]}]},{\"@type\":\"ImageObject\",\"inLanguage\":\"pt-BR\",\"@id\":\"https:\/\/projetosddwb.com.br\/3dlab\/product\/impressora-3d-creality-k1-envio-imediato\/#primaryimage\",\"url\":\"\",\"contentUrl\":\"\"},{\"@type\":\"BreadcrumbList\",\"@id\":\"https:\/\/projetosddwb.com.br\/3dlab\/product\/impressora-3d-creality-k1-envio-imediato\/#breadcrumb\",\"itemListElement\":[{\"@type\":\"ListItem\",\"position\":1,\"name\":\"In\u00edcio\",\"item\":\"https:\/\/projetosddwb.com.br\/3dlab\/\"},{\"@type\":\"ListItem\",\"position\":2,\"name\":\"Loja\",\"item\":\"https:\/\/projetosddwb.com.br\/3dlab\/loja\/\"},{\"@type\":\"ListItem\",\"position\":3,\"name\":\"Impressora 3D Creality K1 \/ ENVIO IMEDIATO\"}]},{\"@type\":\"WebSite\",\"@id\":\"https:\/\/projetosddwb.com.br\/3dlab\/#website\",\"url\":\"https:\/\/projetosddwb.com.br\/3dlab\/\",\"name\":\"3D Lab\",\"description\":\"\",\"publisher\":{\"@id\":\"https:\/\/projetosddwb.com.br\/3dlab\/#organization\"},\"potentialAction\":[{\"@type\":\"SearchAction\",\"target\":{\"@type\":\"EntryPoint\",\"urlTemplate\":\"https:\/\/projetosddwb.com.br\/3dlab\/?s={search_term_string}\"},\"query-input\":{\"@type\":\"PropertyValueSpecification\",\"valueRequired\":true,\"valueName\":\"search_term_string\"}}],\"inLanguage\":\"pt-BR\"},{\"@type\":\"Organization\",\"@id\":\"https:\/\/projetosddwb.com.br\/3dlab\/#organization\",\"name\":\"3D Lab\",\"url\":\"https:\/\/projetosddwb.com.br\/3dlab\/\",\"logo\":{\"@type\":\"ImageObject\",\"inLanguage\":\"pt-BR\",\"@id\":\"https:\/\/projetosddwb.com.br\/3dlab\/#\/schema\/logo\/image\/\",\"url\":\"https:\/\/projetosddwb.com.br\/3dlab\/wp-content\/uploads\/2025\/04\/cropped-cropped-3D_HORI_ORIGINAL-1.png\",\"contentUrl\":\"https:\/\/projetosddwb.com.br\/3dlab\/wp-content\/uploads\/2025\/04\/cropped-cropped-3D_HORI_ORIGINAL-1.png\",\"width\":597,\"height\":196,\"caption\":\"3D Lab\"},\"image\":{\"@id\":\"https:\/\/projetosddwb.com.br\/3dlab\/#\/schema\/logo\/image\/\"},\"sameAs\":[\"https:\/\/www.facebook.com\/3dlabbrasil\/?locale=pt_BR\",\"https:\/\/www.instagram.com\/3dlab_brasil\/\"]}]}<\/script>\n<!-- \/ Yoast SEO plugin. -->","yoast_head_json":{"title":"Impressora 3D Creality K1 \/ ENVIO IMEDIATO - 3D Lab","robots":{"index":"index","follow":"follow","max-snippet":"max-snippet:-1","max-image-preview":"max-image-preview:large","max-video-preview":"max-video-preview:-1"},"canonical":"https:\/\/projetosddwb.com.br\/3dlab\/product\/impressora-3d-creality-k1-envio-imediato\/","og_locale":"pt_BR","og_type":"article","og_title":"Impressora 3D Creality K1 \/ ENVIO IMEDIATO - 3D Lab","og_description":"Produto vendido e entregue por 3D Prado","og_url":"https:\/\/projetosddwb.com.br\/3dlab\/product\/impressora-3d-creality-k1-envio-imediato\/","og_site_name":"3D Lab","article_publisher":"https:\/\/www.facebook.com\/3dlabbrasil\/?locale=pt_BR","og_image":[{"url":"https:\/\/3dlab.com.br\/wp-content\/uploads\/2023\/04\/1-2.png","type":"","width":"","height":""}],"twitter_card":"summary_large_image","twitter_misc":{"Est. tempo de leitura":"1 minuto"},"schema":{"@context":"https:\/\/schema.org","@graph":[{"@type":"WebPage","@id":"https:\/\/projetosddwb.com.br\/3dlab\/product\/impressora-3d-creality-k1-envio-imediato\/","url":"https:\/\/projetosddwb.com.br\/3dlab\/product\/impressora-3d-creality-k1-envio-imediato\/","name":"Impressora 3D Creality K1 \/ ENVIO IMEDIATO - 3D Lab","isPartOf":{"@id":"https:\/\/projetosddwb.com.br\/3dlab\/#website"},"primaryImageOfPage":{"@id":"https:\/\/projetosddwb.com.br\/3dlab\/product\/impressora-3d-creality-k1-envio-imediato\/#primaryimage"},"image":{"@id":"https:\/\/projetosddwb.com.br\/3dlab\/product\/impressora-3d-creality-k1-envio-imediato\/#primaryimage"},"thumbnailUrl":"","datePublished":"2024-04-18T19:11:17+00:00","breadcrumb":{"@id":"https:\/\/projetosddwb.com.br\/3dlab\/product\/impressora-3d-creality-k1-envio-imediato\/#breadcrumb"},"inLanguage":"pt-BR","potentialAction":[{"@type":"ReadAction","target":["https:\/\/projetosddwb.com.br\/3dlab\/product\/impressora-3d-creality-k1-envio-imediato\/"]}]},{"@type":"ImageObject","inLanguage":"pt-BR","@id":"https:\/\/projetosddwb.com.br\/3dlab\/product\/impressora-3d-creality-k1-envio-imediato\/#primaryimage","url":"","contentUrl":""},{"@type":"BreadcrumbList","@id":"https:\/\/projetosddwb.com.br\/3dlab\/product\/impressora-3d-creality-k1-envio-imediato\/#breadcrumb","itemListElement":[{"@type":"ListItem","position":1,"name":"In\u00edcio","item":"https:\/\/projetosddwb.com.br\/3dlab\/"},{"@type":"ListItem","position":2,"name":"Loja","item":"https:\/\/projetosddwb.com.br\/3dlab\/loja\/"},{"@type":"ListItem","position":3,"name":"Impressora 3D Creality K1 \/ ENVIO IMEDIATO"}]},{"@type":"WebSite","@id":"https:\/\/projetosddwb.com.br\/3dlab\/#website","url":"https:\/\/projetosddwb.com.br\/3dlab\/","name":"3D Lab","description":"","publisher":{"@id":"https:\/\/projetosddwb.com.br\/3dlab\/#organization"},"potentialAction":[{"@type":"SearchAction","target":{"@type":"EntryPoint","urlTemplate":"https:\/\/projetosddwb.com.br\/3dlab\/?s={search_term_string}"},"query-input":{"@type":"PropertyValueSpecification","valueRequired":true,"valueName":"search_term_string"}}],"inLanguage":"pt-BR"},{"@type":"Organization","@id":"https:\/\/projetosddwb.com.br\/3dlab\/#organization","name":"3D Lab","url":"https:\/\/projetosddwb.com.br\/3dlab\/","logo":{"@type":"ImageObject","inLanguage":"pt-BR","@id":"https:\/\/projetosddwb.com.br\/3dlab\/#\/schema\/logo\/image\/","url":"https:\/\/projetosddwb.com.br\/3dlab\/wp-content\/uploads\/2025\/04\/cropped-cropped-3D_HORI_ORIGINAL-1.png","contentUrl":"https:\/\/projetosddwb.com.br\/3dlab\/wp-content\/uploads\/2025\/04\/cropped-cropped-3D_HORI_ORIGINAL-1.png","width":597,"height":196,"caption":"3D Lab"},"image":{"@id":"https:\/\/projetosddwb.com.br\/3dlab\/#\/schema\/logo\/image\/"},"sameAs":["https:\/\/www.facebook.com\/3dlabbrasil\/?locale=pt_BR","https:\/\/www.instagram.com\/3dlab_brasil\/"]}]}},"_links":{"self":[{"href":"https:\/\/projetosddwb.com.br\/3dlab\/wp-json\/wp\/v2\/product\/2252","targetHints":{"allow":["GET"]}}],"collection":[{"href":"https:\/\/projetosddwb.com.br\/3dlab\/wp-json\/wp\/v2\/product"}],"about":[{"href":"https:\/\/projetosddwb.com.br\/3dlab\/wp-json\/wp\/v2\/types\/product"}],"replies":[{"embeddable":true,"href":"https:\/\/projetosddwb.com.br\/3dlab\/wp-json\/wp\/v2\/comments?post=2252"}],"wp:featuredmedia":[{"embeddable":true,"href":"https:\/\/projetosddwb.com.br\/3dlab\/wp-json\/"}],"wp:attachment":[{"href":"https:\/\/projetosddwb.com.br\/3dlab\/wp-json\/wp\/v2\/media?parent=2252"}],"wp:term":[{"taxonomy":"product_brand","embeddable":true,"href":"https:\/\/projetosddwb.com.br\/3dlab\/wp-json\/wp\/v2\/product_brand?post=2252"},{"taxonomy":"product_cat","embeddable":true,"href":"https:\/\/projetosddwb.com.br\/3dlab\/wp-json\/wp\/v2\/product_cat?post=2252"},{"taxonomy":"product_tag","embeddable":true,"href":"https:\/\/projetosddwb.com.br\/3dlab\/wp-json\/wp\/v2\/product_tag?post=2252"}],"curies":[{"name":"wp","href":"https:\/\/api.w.org\/{rel}","templated":true}]}}