{"id":2254,"date":"2024-04-18T16:11:18","date_gmt":"2024-04-18T19:11:18","guid":{"rendered":"https:\/\/projetosddwb.com.br\/3dlab\/?post_type=product&#038;p=2254"},"modified":"2025-04-04T01:01:32","modified_gmt":"2025-04-04T04:01:32","slug":"impressora-3d-halot-mage-pro-envio-imediato","status":"publish","type":"product","link":"https:\/\/projetosddwb.com.br\/3dlab\/product\/impressora-3d-halot-mage-pro-envio-imediato\/","title":{"rendered":"IMPRESSORA 3D HALOT-MAGE PRO \/ ENVIO IMEDIATO"},"content":{"rendered":"<h2>Halot Mage Pro \/ ENVIO IMEDIATO<\/h2>\n<p>Mais velocidade, qualidade e intelig\u00eancia!<\/p>\n<p>A s\u00e9rie HALOT-MAGE \u00e9 a solu\u00e7\u00e3o de \u00faltima gera\u00e7\u00e3o da Creality em impress\u00e3o de resina mais inteligente. A PRO \u00e9 uma das impressoras 3D de resina r\u00e1pidas do mercado com uma <strong>velocidade de impress\u00e3o de at\u00e9 170mm\/s.<\/strong> Ela \u00e9 at\u00e9 5 vezes mais r\u00e1pida que outras impressoras de resina e mant\u00e9m uma excelente qualidade de impress\u00e3o.<\/p>\n<p>O HALOT-MAGE PRO possui um \u00e1gil sistema de movimento &#8220;Dynax&#8221;, atrav\u00e9s do qual a placa de constru\u00e7\u00e3o pode ser levantada e abaixada de forma constante em 1,2 segundos. Al\u00e9m do hardware, com o algoritmo do motor autodesenvolvido, a velocidade do motor pode atingir 100 mm\/s, o que melhora a velocidade de impress\u00e3o do ponto de vista do software.\u00a0A pr\u00f3xima atualiza\u00e7\u00e3o do software de fatiamento <a href=\"https:\/\/3dlab.com.br\/halot-box-entenda-as-funcionalidades\/\" target=\"_blank\" rel=\"noopener\">HALOT BOX<\/a> adiciona suportes s\u00f3lidos aos modelos.<\/p>\n<p>Esta impressora tamb\u00e9m inclui uma tela LCD 8K de 10,3 polegadas para uma qualidade de impress\u00e3o mais refinada. A mais recente tecnologia de resina da Creality &#8211; Integral Light Source 3.0 promete qualidade consistente, independentemente de onde a impress\u00e3o \u00e9 colocada na mesa de impress\u00e3o. Os usu\u00e1rios podem operar esta impressora remotamente via app e aproveitar os recursos inteligentes, como preenchimento e retirada autom\u00e1tica de resina, purificador de ar inteligente e um filtro de carv\u00e3o ativado substitu\u00edvel para uma experi\u00eancia de impress\u00e3o mais eficiente.<\/p>\n<p>A tampa articulada \u201cMageArch\u201d do HALOT-MAGE PRO \u00e9 f\u00e1cil de abrir e fechar com uma m\u00e3o e \u00e9 desnecess\u00e1rio coloc\u00e1-la de lado. A tonalidade laranja \u00e9 pr\u00e1tica para bloquear 99,89% da luz UV ambiente para m\u00ednima.<\/p>\n<p>Se quiser saber um pouco mais sobre essa m\u00e1quina, <a href=\"https:\/\/3dlab.com.br\/halot-mage-o-que-tem-a-oferecer\/\" target=\"_blank\" rel=\"noopener\">confira nosso conte\u00fado comparativo!<\/a><\/p>\n<p><img fetchpriority=\"high\" decoding=\"async\" class=\"alignnone wp-image-141574 size-full\" src=\"https:\/\/3dlab.com.br\/wp-content\/uploads\/2023\/04\/69a9a3e67430e978da4fde153dcfedfe-1.webp\" alt=\"Halot mage pro\" width=\"2056\" height=\"803\" \/><\/p>\n<p><img decoding=\"async\" class=\"alignnone wp-image-141577 size-full\" src=\"https:\/\/3dlab.com.br\/wp-content\/uploads\/2023\/04\/configuracoesss.png\" alt=\"descri\u00e7\u00f5es halot mage\" width=\"1904\" height=\"500\" \/><\/p>\n<p><img decoding=\"async\" class=\"alignnone wp-image-141578 size-full\" src=\"https:\/\/3dlab.com.br\/wp-content\/uploads\/2023\/04\/170-mms.png\" alt=\"halot mage pro\" width=\"1903\" height=\"757\" \/><\/p>\n<p><img loading=\"lazy\" decoding=\"async\" class=\"alignnone wp-image-141579 \" src=\"https:\/\/3dlab.com.br\/wp-content\/uploads\/2023\/04\/isdhfopfj.png\" alt=\"halot mage pro\" width=\"1904\" height=\"758\" \/><\/p>\n<p><img loading=\"lazy\" decoding=\"async\" class=\"alignnone wp-image-141580 size-full\" src=\"https:\/\/3dlab.com.br\/wp-content\/uploads\/2023\/04\/halooot-mage-pro.png\" alt=\"halot mage\" width=\"1899\" height=\"684\" \/><\/p>\n<p><img loading=\"lazy\" decoding=\"async\" class=\"alignnone wp-image-141581 size-full\" src=\"https:\/\/3dlab.com.br\/wp-content\/uploads\/2023\/04\/d.knfl_.fmf_.png\" alt=\"halot mage pro\" width=\"1900\" height=\"664\" \/><\/p>\n<p><img loading=\"lazy\" decoding=\"async\" class=\"alignnone wp-image-141582 size-full\" src=\"https:\/\/3dlab.com.br\/wp-content\/uploads\/2023\/04\/halot-mageeeeeeeee.png\" alt=\"halot mage pro\" width=\"1900\" height=\"683\" \/><\/p>\n<p><img loading=\"lazy\" decoding=\"async\" class=\"alignnone wp-image-141584 size-full\" src=\"https:\/\/3dlab.com.br\/wp-content\/uploads\/2023\/04\/fonte-de-luz-integral.png\" alt=\"fonte de luz integral\" width=\"1903\" height=\"731\" \/><img loading=\"lazy\" decoding=\"async\" class=\"alignnone wp-image-141585 size-full\" src=\"https:\/\/3dlab.com.br\/wp-content\/uploads\/2023\/04\/porgjf\u00b4pgk.png\" alt=\"impressora 3d \" width=\"1898\" height=\"734\" \/><\/p>\n<p><img loading=\"lazy\" decoding=\"async\" class=\"alignnone wp-image-141586 size-full\" src=\"https:\/\/3dlab.com.br\/wp-content\/uploads\/2023\/04\/bona.png\" alt=\"bomba \" width=\"1902\" height=\"761\" \/><\/p>\n<p><img loading=\"lazy\" decoding=\"async\" class=\"alignnone wp-image-141587 size-full\" src=\"https:\/\/3dlab.com.br\/wp-content\/uploads\/2023\/04\/kjbndkl.png\" alt=\"filtro de ar inteligente\" width=\"1903\" height=\"761\" \/><\/p>\n<p><img loading=\"lazy\" decoding=\"async\" class=\"alignnone wp-image-141588 size-full\" src=\"https:\/\/3dlab.com.br\/wp-content\/uploads\/2023\/04\/sdcnjfclfk.png\" alt=\"tampa flip\" width=\"1903\" height=\"702\" \/><\/p>\n<div style=\"width: 1080px;\" class=\"wp-video\"><video class=\"wp-video-shortcode\" id=\"video-2254-1\" width=\"1080\" height=\"1080\" preload=\"metadata\" controls=\"controls\"><source type=\"video\/mp4\" src=\"https:\/\/3dlab.com.br\/wp-content\/uploads\/2023\/04\/halot-mage-pro.mp4?_=1\" \/><a href=\"https:\/\/3dlab.com.br\/wp-content\/uploads\/2023\/04\/halot-mage-pro.mp4\">https:\/\/3dlab.com.br\/wp-content\/uploads\/2023\/04\/halot-mage-pro.mp4<\/a><\/video><\/div>\n","protected":false},"excerpt":{"rendered":"<p>Halot Mage Pro \/ ENVIO IMEDIATO Mais velocidade, qualidade e intelig\u00eancia! A s\u00e9rie HALOT-MAGE \u00e9 a solu\u00e7\u00e3o de \u00faltima gera\u00e7\u00e3o da Creality em impress\u00e3o de resina mais inteligente. A PRO&hellip;<\/p>\n","protected":false},"featured_media":29622,"comment_status":"open","ping_status":"closed","template":"","meta":[],"product_brand":[],"product_cat":[306,302,327,280,308,612,497],"product_tag":[713,715,285,466],"class_list":{"0":"post-2254","1":"product","2":"type-product","3":"status-publish","4":"has-post-thumbnail","6":"product_cat-creality","7":"product_cat-faixa-preta","8":"product_cat-impressora-3d-de-resina","9":"product_cat-impressoras-3d","10":"product_cat-impressoras-e-filamentos","11":"product_cat-industrial","12":"product_cat-promocoes","13":"product_tag-halot-mage","14":"product_tag-halot-mage-pro","15":"product_tag-impressora-3d","16":"product_tag-impressora-3d-de-resina","17":"product_shipping_class-impressoras-c-frete","19":"first","20":"instock","21":"sale","22":"shipping-taxable","23":"purchasable","24":"product-type-simple"},"yoast_head":"<!-- This site is optimized with the Yoast SEO plugin v24.8.1 - https:\/\/yoast.com\/wordpress\/plugins\/seo\/ -->\n<title>IMPRESSORA 3D HALOT-MAGE PRO \/ ENVIO IMEDIATO - 3D Lab<\/title>\n<meta name=\"description\" content=\"Halot Mage Pro \u00e9 a impressora de resina mais r\u00e1pida do mercado alcan\u00e7ando at\u00e9 170mm\/s de velocidade! Confira agora em nosso site!\" \/>\n<meta name=\"robots\" content=\"index, follow, max-snippet:-1, max-image-preview:large, max-video-preview:-1\" \/>\n<link rel=\"canonical\" href=\"https:\/\/projetosddwb.com.br\/3dlab\/product\/impressora-3d-halot-mage-pro-envio-imediato\/\" \/>\n<meta property=\"og:locale\" content=\"pt_BR\" \/>\n<meta property=\"og:type\" content=\"article\" \/>\n<meta property=\"og:title\" content=\"IMPRESSORA 3D HALOT-MAGE PRO \/ ENVIO IMEDIATO - 3D Lab\" \/>\n<meta property=\"og:description\" content=\"Halot Mage Pro \u00e9 a impressora de resina mais r\u00e1pida do mercado alcan\u00e7ando at\u00e9 170mm\/s de velocidade! Confira agora em nosso site!\" \/>\n<meta property=\"og:url\" content=\"https:\/\/projetosddwb.com.br\/3dlab\/product\/impressora-3d-halot-mage-pro-envio-imediato\/\" \/>\n<meta property=\"og:site_name\" content=\"3D Lab\" \/>\n<meta property=\"article:publisher\" content=\"https:\/\/www.facebook.com\/3dlabbrasil\/?locale=pt_BR\" \/>\n<meta property=\"article:modified_time\" content=\"2025-04-04T04:01:32+00:00\" \/>\n<meta property=\"og:image\" content=\"https:\/\/imagens.3dlab.com.br\/wp-content\/uploads\/2023\/04\/06150125\/halot-mage-pro-4-1.jpg\" \/><meta property=\"og:image\" content=\"https:\/\/imagens.3dlab.com.br\/wp-content\/uploads\/2023\/04\/06150125\/halot-mage-pro-4-1.jpg\" \/>\n\t<meta property=\"og:image:width\" content=\"1166\" \/>\n\t<meta property=\"og:image:height\" content=\"1313\" \/>\n\t<meta property=\"og:image:type\" content=\"image\/jpeg\" \/>\n<meta name=\"twitter:card\" content=\"summary_large_image\" \/>\n<meta name=\"twitter:image\" content=\"https:\/\/imagens.3dlab.com.br\/wp-content\/uploads\/2023\/04\/06150125\/halot-mage-pro-4-1.jpg\" \/>\n<meta name=\"twitter:label1\" content=\"Est. tempo de leitura\" \/>\n\t<meta name=\"twitter:data1\" content=\"4 minutos\" \/>\n<script type=\"application\/ld+json\" class=\"yoast-schema-graph\">{\"@context\":\"https:\/\/schema.org\",\"@graph\":[{\"@type\":\"WebPage\",\"@id\":\"https:\/\/projetosddwb.com.br\/3dlab\/product\/impressora-3d-halot-mage-pro-envio-imediato\/\",\"url\":\"https:\/\/projetosddwb.com.br\/3dlab\/product\/impressora-3d-halot-mage-pro-envio-imediato\/\",\"name\":\"IMPRESSORA 3D HALOT-MAGE PRO \/ ENVIO IMEDIATO - 3D Lab\",\"isPartOf\":{\"@id\":\"https:\/\/projetosddwb.com.br\/3dlab\/#website\"},\"primaryImageOfPage\":{\"@id\":\"https:\/\/projetosddwb.com.br\/3dlab\/product\/impressora-3d-halot-mage-pro-envio-imediato\/#primaryimage\"},\"image\":{\"@id\":\"https:\/\/projetosddwb.com.br\/3dlab\/product\/impressora-3d-halot-mage-pro-envio-imediato\/#primaryimage\"},\"thumbnailUrl\":\"https:\/\/i3.wp.com\/imagens.3dlab.com.br\/wp-content\/uploads\/2023\/04\/06150125\/halot-mage-pro-4-1.jpg?resize=1166&w=1166\",\"datePublished\":\"2024-04-18T19:11:18+00:00\",\"dateModified\":\"2025-04-04T04:01:32+00:00\",\"description\":\"Halot Mage Pro \u00e9 a impressora de resina mais r\u00e1pida do mercado alcan\u00e7ando at\u00e9 170mm\/s de velocidade! Confira agora em nosso site!\",\"breadcrumb\":{\"@id\":\"https:\/\/projetosddwb.com.br\/3dlab\/product\/impressora-3d-halot-mage-pro-envio-imediato\/#breadcrumb\"},\"inLanguage\":\"pt-BR\",\"potentialAction\":[{\"@type\":\"ReadAction\",\"target\":[\"https:\/\/projetosddwb.com.br\/3dlab\/product\/impressora-3d-halot-mage-pro-envio-imediato\/\"]}]},{\"@type\":\"ImageObject\",\"inLanguage\":\"pt-BR\",\"@id\":\"https:\/\/projetosddwb.com.br\/3dlab\/product\/impressora-3d-halot-mage-pro-envio-imediato\/#primaryimage\",\"url\":\"https:\/\/i3.wp.com\/imagens.3dlab.com.br\/wp-content\/uploads\/2023\/04\/06150125\/halot-mage-pro-4-1.jpg?resize=1166&w=1166\",\"contentUrl\":\"https:\/\/i3.wp.com\/imagens.3dlab.com.br\/wp-content\/uploads\/2023\/04\/06150125\/halot-mage-pro-4-1.jpg?resize=1166&w=1166\",\"width\":\"1166\",\"height\":\"1313\"},{\"@type\":\"BreadcrumbList\",\"@id\":\"https:\/\/projetosddwb.com.br\/3dlab\/product\/impressora-3d-halot-mage-pro-envio-imediato\/#breadcrumb\",\"itemListElement\":[{\"@type\":\"ListItem\",\"position\":1,\"name\":\"In\u00edcio\",\"item\":\"https:\/\/projetosddwb.com.br\/3dlab\/\"},{\"@type\":\"ListItem\",\"position\":2,\"name\":\"Loja\",\"item\":\"https:\/\/projetosddwb.com.br\/3dlab\/loja\/\"},{\"@type\":\"ListItem\",\"position\":3,\"name\":\"IMPRESSORA 3D HALOT-MAGE PRO \/ ENVIO IMEDIATO\"}]},{\"@type\":\"WebSite\",\"@id\":\"https:\/\/projetosddwb.com.br\/3dlab\/#website\",\"url\":\"https:\/\/projetosddwb.com.br\/3dlab\/\",\"name\":\"3D Lab\",\"description\":\"\",\"publisher\":{\"@id\":\"https:\/\/projetosddwb.com.br\/3dlab\/#organization\"},\"potentialAction\":[{\"@type\":\"SearchAction\",\"target\":{\"@type\":\"EntryPoint\",\"urlTemplate\":\"https:\/\/projetosddwb.com.br\/3dlab\/?s={search_term_string}\"},\"query-input\":{\"@type\":\"PropertyValueSpecification\",\"valueRequired\":true,\"valueName\":\"search_term_string\"}}],\"inLanguage\":\"pt-BR\"},{\"@type\":\"Organization\",\"@id\":\"https:\/\/projetosddwb.com.br\/3dlab\/#organization\",\"name\":\"3D Lab\",\"url\":\"https:\/\/projetosddwb.com.br\/3dlab\/\",\"logo\":{\"@type\":\"ImageObject\",\"inLanguage\":\"pt-BR\",\"@id\":\"https:\/\/projetosddwb.com.br\/3dlab\/#\/schema\/logo\/image\/\",\"url\":\"https:\/\/projetosddwb.com.br\/3dlab\/wp-content\/uploads\/2025\/04\/cropped-cropped-3D_HORI_ORIGINAL-1.png\",\"contentUrl\":\"https:\/\/projetosddwb.com.br\/3dlab\/wp-content\/uploads\/2025\/04\/cropped-cropped-3D_HORI_ORIGINAL-1.png\",\"width\":597,\"height\":196,\"caption\":\"3D Lab\"},\"image\":{\"@id\":\"https:\/\/projetosddwb.com.br\/3dlab\/#\/schema\/logo\/image\/\"},\"sameAs\":[\"https:\/\/www.facebook.com\/3dlabbrasil\/?locale=pt_BR\",\"https:\/\/www.instagram.com\/3dlab_brasil\/\"]}]}<\/script>\n<!-- \/ Yoast SEO plugin. -->","yoast_head_json":{"title":"IMPRESSORA 3D HALOT-MAGE PRO \/ ENVIO IMEDIATO - 3D Lab","description":"Halot Mage Pro \u00e9 a impressora de resina mais r\u00e1pida do mercado alcan\u00e7ando at\u00e9 170mm\/s de velocidade! Confira agora em nosso site!","robots":{"index":"index","follow":"follow","max-snippet":"max-snippet:-1","max-image-preview":"max-image-preview:large","max-video-preview":"max-video-preview:-1"},"canonical":"https:\/\/projetosddwb.com.br\/3dlab\/product\/impressora-3d-halot-mage-pro-envio-imediato\/","og_locale":"pt_BR","og_type":"article","og_title":"IMPRESSORA 3D HALOT-MAGE PRO \/ ENVIO IMEDIATO - 3D Lab","og_description":"Halot Mage Pro \u00e9 a impressora de resina mais r\u00e1pida do mercado alcan\u00e7ando at\u00e9 170mm\/s de velocidade! Confira agora em nosso site!","og_url":"https:\/\/projetosddwb.com.br\/3dlab\/product\/impressora-3d-halot-mage-pro-envio-imediato\/","og_site_name":"3D Lab","article_publisher":"https:\/\/www.facebook.com\/3dlabbrasil\/?locale=pt_BR","article_modified_time":"2025-04-04T04:01:32+00:00","og_image":[{"url":"https:\/\/imagens.3dlab.com.br\/wp-content\/uploads\/2023\/04\/06150125\/halot-mage-pro-4-1.jpg","type":"","width":"","height":""},{"width":1166,"height":1313,"url":"https:\/\/imagens.3dlab.com.br\/wp-content\/uploads\/2023\/04\/06150125\/halot-mage-pro-4-1.jpg","type":"image\/jpeg"}],"twitter_card":"summary_large_image","twitter_image":"https:\/\/imagens.3dlab.com.br\/wp-content\/uploads\/2023\/04\/06150125\/halot-mage-pro-4-1.jpg","twitter_misc":{"Est. tempo de leitura":"4 minutos"},"schema":{"@context":"https:\/\/schema.org","@graph":[{"@type":"WebPage","@id":"https:\/\/projetosddwb.com.br\/3dlab\/product\/impressora-3d-halot-mage-pro-envio-imediato\/","url":"https:\/\/projetosddwb.com.br\/3dlab\/product\/impressora-3d-halot-mage-pro-envio-imediato\/","name":"IMPRESSORA 3D HALOT-MAGE PRO \/ ENVIO IMEDIATO - 3D Lab","isPartOf":{"@id":"https:\/\/projetosddwb.com.br\/3dlab\/#website"},"primaryImageOfPage":{"@id":"https:\/\/projetosddwb.com.br\/3dlab\/product\/impressora-3d-halot-mage-pro-envio-imediato\/#primaryimage"},"image":{"@id":"https:\/\/projetosddwb.com.br\/3dlab\/product\/impressora-3d-halot-mage-pro-envio-imediato\/#primaryimage"},"thumbnailUrl":"https:\/\/i3.wp.com\/imagens.3dlab.com.br\/wp-content\/uploads\/2023\/04\/06150125\/halot-mage-pro-4-1.jpg?resize=1166&w=1166","datePublished":"2024-04-18T19:11:18+00:00","dateModified":"2025-04-04T04:01:32+00:00","description":"Halot Mage Pro \u00e9 a impressora de resina mais r\u00e1pida do mercado alcan\u00e7ando at\u00e9 170mm\/s de velocidade! Confira agora em nosso site!","breadcrumb":{"@id":"https:\/\/projetosddwb.com.br\/3dlab\/product\/impressora-3d-halot-mage-pro-envio-imediato\/#breadcrumb"},"inLanguage":"pt-BR","potentialAction":[{"@type":"ReadAction","target":["https:\/\/projetosddwb.com.br\/3dlab\/product\/impressora-3d-halot-mage-pro-envio-imediato\/"]}]},{"@type":"ImageObject","inLanguage":"pt-BR","@id":"https:\/\/projetosddwb.com.br\/3dlab\/product\/impressora-3d-halot-mage-pro-envio-imediato\/#primaryimage","url":"https:\/\/i3.wp.com\/imagens.3dlab.com.br\/wp-content\/uploads\/2023\/04\/06150125\/halot-mage-pro-4-1.jpg?resize=1166&w=1166","contentUrl":"https:\/\/i3.wp.com\/imagens.3dlab.com.br\/wp-content\/uploads\/2023\/04\/06150125\/halot-mage-pro-4-1.jpg?resize=1166&w=1166","width":"1166","height":"1313"},{"@type":"BreadcrumbList","@id":"https:\/\/projetosddwb.com.br\/3dlab\/product\/impressora-3d-halot-mage-pro-envio-imediato\/#breadcrumb","itemListElement":[{"@type":"ListItem","position":1,"name":"In\u00edcio","item":"https:\/\/projetosddwb.com.br\/3dlab\/"},{"@type":"ListItem","position":2,"name":"Loja","item":"https:\/\/projetosddwb.com.br\/3dlab\/loja\/"},{"@type":"ListItem","position":3,"name":"IMPRESSORA 3D HALOT-MAGE PRO \/ ENVIO IMEDIATO"}]},{"@type":"WebSite","@id":"https:\/\/projetosddwb.com.br\/3dlab\/#website","url":"https:\/\/projetosddwb.com.br\/3dlab\/","name":"3D Lab","description":"","publisher":{"@id":"https:\/\/projetosddwb.com.br\/3dlab\/#organization"},"potentialAction":[{"@type":"SearchAction","target":{"@type":"EntryPoint","urlTemplate":"https:\/\/projetosddwb.com.br\/3dlab\/?s={search_term_string}"},"query-input":{"@type":"PropertyValueSpecification","valueRequired":true,"valueName":"search_term_string"}}],"inLanguage":"pt-BR"},{"@type":"Organization","@id":"https:\/\/projetosddwb.com.br\/3dlab\/#organization","name":"3D Lab","url":"https:\/\/projetosddwb.com.br\/3dlab\/","logo":{"@type":"ImageObject","inLanguage":"pt-BR","@id":"https:\/\/projetosddwb.com.br\/3dlab\/#\/schema\/logo\/image\/","url":"https:\/\/projetosddwb.com.br\/3dlab\/wp-content\/uploads\/2025\/04\/cropped-cropped-3D_HORI_ORIGINAL-1.png","contentUrl":"https:\/\/projetosddwb.com.br\/3dlab\/wp-content\/uploads\/2025\/04\/cropped-cropped-3D_HORI_ORIGINAL-1.png","width":597,"height":196,"caption":"3D Lab"},"image":{"@id":"https:\/\/projetosddwb.com.br\/3dlab\/#\/schema\/logo\/image\/"},"sameAs":["https:\/\/www.facebook.com\/3dlabbrasil\/?locale=pt_BR","https:\/\/www.instagram.com\/3dlab_brasil\/"]}]}},"fifu_image_url":"https:\/\/imagens.3dlab.com.br\/wp-content\/uploads\/2023\/04\/06150125\/halot-mage-pro-4-1.jpg","_links":{"self":[{"href":"https:\/\/projetosddwb.com.br\/3dlab\/wp-json\/wp\/v2\/product\/2254","targetHints":{"allow":["GET"]}}],"collection":[{"href":"https:\/\/projetosddwb.com.br\/3dlab\/wp-json\/wp\/v2\/product"}],"about":[{"href":"https:\/\/projetosddwb.com.br\/3dlab\/wp-json\/wp\/v2\/types\/product"}],"replies":[{"embeddable":true,"href":"https:\/\/projetosddwb.com.br\/3dlab\/wp-json\/wp\/v2\/comments?post=2254"}],"wp:featuredmedia":[{"embeddable":true,"href":"https:\/\/projetosddwb.com.br\/3dlab\/wp-json\/wp\/v2\/media\/29622"}],"wp:attachment":[{"href":"https:\/\/projetosddwb.com.br\/3dlab\/wp-json\/wp\/v2\/media?parent=2254"}],"wp:term":[{"taxonomy":"product_brand","embeddable":true,"href":"https:\/\/projetosddwb.com.br\/3dlab\/wp-json\/wp\/v2\/product_brand?post=2254"},{"taxonomy":"product_cat","embeddable":true,"href":"https:\/\/projetosddwb.com.br\/3dlab\/wp-json\/wp\/v2\/product_cat?post=2254"},{"taxonomy":"product_tag","embeddable":true,"href":"https:\/\/projetosddwb.com.br\/3dlab\/wp-json\/wp\/v2\/product_tag?post=2254"}],"curies":[{"name":"wp","href":"https:\/\/api.w.org\/{rel}","templated":true}]}}