{"id":2256,"date":"2024-04-18T16:11:18","date_gmt":"2024-04-18T19:11:18","guid":{"rendered":"https:\/\/projetosddwb.com.br\/3dlab\/?post_type=product&amp;p=2256"},"modified":"2024-04-18T16:11:18","modified_gmt":"2024-04-18T19:11:18","slug":"cr-laser-falcon-2-22w","status":"publish","type":"product","link":"https:\/\/projetosddwb.com.br\/3dlab\/product\/cr-laser-falcon-2-22w\/","title":{"rendered":"CR-LASER FALCON 2 22W"},"content":{"rendered":"<h2>Cr-Laser Falcon 2<\/h2>\n<p>O Cr-Laser Falcon 2 de 22W chegou na 3DLab para oferecer maior precis\u00e3o de laser!<\/p>\n<div id=\"descricao\" class=\"tab-pane active\">\n<ul class=\"a-unordered-list a-vertical a-spacing-mini\">\n<li><span id=\"paraphrase-7129177171\" class=\"paraphrase\">Com <span id=\"synonym-0565969668\" class=\"synonyms\">base<\/span> na <span id=\"synonym-5591393576\" class=\"synonyms\">tecnologia<\/span>\u00a0de\u00a0<span id=\"synonym-3480099248\" class=\"synonyms\">compress\u00e3o<\/span>\u00a0de\u00a0<span class=\"added\">pontos<\/span> FAC, a Falcon 2 \u00e9 equipada com <span id=\"synonym-6565891870\" class=\"synonyms\">4<\/span>\u00a0poderosos diodos laser de\u00a0<span class=\"added\">6<\/span>\u00a0<span class=\"added\">W\u00a0<\/span>que s\u00e3o compactados <span class=\"added\">juntos\u00a0<\/span>para\u00a0<span id=\"synonym-7931840973\" class=\"synonyms\">aumentar<\/span>\u00a0a\u00a0<span class=\"added\"><span id=\"synonym-4499631155\" class=\"synonyms\">potencia<\/span><\/span>\u00a0do\u00a0<span class=\"added\">laser<\/span>\u00a0para\u00a0<span class=\"added\">22 W<\/span>.\u00a0<\/span><\/li>\n<li><span id=\"paraphrase-7129177171\" class=\"paraphrase\"><span class=\"added\">Conta com uma<\/span>\u00a0<span class=\"added\">grossura\u00a0<\/span>de\u00a0<span class=\"added\">ponto<\/span>\u00a0<span class=\"added\">focal\u00a0<\/span>de laser\u00a0<span class=\"added\">compactado<\/span> de 0,1 mm e pode <span class=\"added\"><span id=\"synonym-2139949667\" class=\"synonyms\">aparar<\/span><\/span>\u00a0<span id=\"synonym-0388273866\" class=\"synonyms\">madeira<\/span>\u00a0de at\u00e9 15 mm de\u00a0<span class=\"added\">grossura<\/span>, acr\u00edlico\u00a0<span id=\"synonym-8224931340\" class=\"synonyms\">preto<\/span>\u00a0de 10 mm\u00a0<span class=\"added\">e\u00a0<\/span><span id=\"synonym-5831258787\" class=\"synonyms\">chapa<\/span>\u00a0de a\u00e7o inoxid\u00e1vel de 0,05 mm\u00a0<span class=\"added\">em<\/span>\u00a0uma\u00a0<span class=\"added\">\u00fanica\u00a0<\/span><span id=\"synonym-9898477334\" class=\"synonyms\">passagem<\/span>.\u00a0<span class=\"added\"><span id=\"synonym-1022281677\" class=\"synonyms\">A ua velocidade d<\/span><\/span>e grava\u00e7\u00e3o \u00e9 de at\u00e9 25.000 mm \/ min com alta efici\u00eancia.<\/span><\/li>\n<li><span id=\"paraphrase-6994143575\" class=\"paraphrase\"><span class=\"added\">Maravilhosa grava\u00e7\u00e3o de cores:<\/span>\u00a0<span class=\"added\">Quando<\/span>\u00a0o a\u00e7o inoxid\u00e1vel \u00e9\u00a0<span id=\"synonym-4446103092\" class=\"synonyms\">aquecido<\/span>\u00a0<span class=\"added\">com<\/span>\u00a0<span class=\"added\"><span id=\"synonym-6644079499\" class=\"synonyms\">um feixe<\/span><\/span>\u00a0de\u00a0<span class=\"added\">laser<\/span>\u00a0<span class=\"added\">ultrapotente<\/span>, sua superf\u00edcie met\u00e1lica\u00a0<span id=\"synonym-3992223690\" class=\"synonyms\">reage<\/span>\u00a0de\u00a0<span class=\"added\">maneiras<\/span>\u00a0<span class=\"added\"><span id=\"synonym-2423422526\" class=\"synonyms\">incr\u00edveis<\/span><\/span>,\u00a0<span id=\"synonym-1127283503\" class=\"synonyms\">gerando<\/span>\u00a0centenas de cores para dar\u00a0<span id=\"synonym-5284484791\" class=\"synonyms\">vida<\/span>\u00a0\u00e0s suas\u00a0<span id=\"synonym-2363476398\" class=\"synonyms\">cria\u00e7\u00f5es<\/span>.<\/span><\/li>\n<li><span id=\"paraphrase-5937655878\" class=\"paraphrase\"><span class=\"added\">Sua \u00e1rea <\/span>de trabalho \u00e9 de <span class=\"added\">400&#215;415\u00a0<span id=\"synonym-8216048024\" class=\"synonyms\">mm<\/span><\/span>.<\/span><\/li>\n<li><span id=\"paraphrase-6541889725\" class=\"paraphrase\">Possui <span class=\"added\"><span id=\"synonym-1836536455\" class=\"synonyms\">ajuste<\/span><\/span> manual e <span class=\"added\"><span id=\"synonym-2568153889\" class=\"synonyms\">assist\u00eancia<\/span><\/span>\u00a0<span class=\"added\">de<\/span>\u00a0<span class=\"added\">ar<\/span> cont\u00ednua atrav\u00e9s do bot\u00e3o, ou\u00a0<span class=\"added\">voc\u00ea\u00a0<\/span>pode\u00a0<span id=\"synonym-2603138880\" class=\"synonyms\">ajustar<\/span>\u00a0automaticamente o\u00a0<span id=\"synonym-7586922429\" class=\"synonyms\">fluxo<\/span>\u00a0de ar atrav\u00e9s do\u00a0<span id=\"synonym-6360569130\" class=\"synonyms\">software<\/span>\u00a0LightBurn, para\u00a0<span class=\"added\"><span id=\"synonym-2707461364\" class=\"synonyms\">eliminar<\/span><\/span>\u00a0a fuma\u00e7a e\u00a0<span id=\"synonym-2370502531\" class=\"synonyms\">proteger<\/span>\u00a0<span class=\"added\"><span id=\"synonym-4865807777\" class=\"synonyms\">a lente<\/span><\/span>\u00a0do\u00a0<span class=\"added\">laser<\/span>,\u00a0<span class=\"added\"><span id=\"synonym-4096952282\" class=\"synonyms\">dando<\/span><\/span>\u00a0<span class=\"added\"><span id=\"synonym-9159139521\" class=\"synonyms\">um resultado<\/span><\/span>\u00a0mais\u00a0<span class=\"added\"><span id=\"synonym-2172319365\" class=\"synonyms\">eficiente;<\/span><\/span><\/span><\/li>\n<li><span id=\"paraphrase-9082797165\" class=\"paraphrase\"><span class=\"added\"><span id=\"synonym-6758413626\" class=\"synonyms\">Feito<\/span><\/span>\u00a0de material de vidro\u00a0<span class=\"added\">com<\/span>\u00a0filtro\u00a0<span class=\"added\">de<\/span>\u00a0<span class=\"added\">cores\u00a0<\/span>de\u00a0<span id=\"synonym-8594845140\" class=\"synonyms\">alta<\/span>\u00a0efici\u00eancia,\u00a0<span class=\"added\"><span id=\"synonym-1280861624\" class=\"synonyms\">a capa<\/span><\/span>\u00a0protetora ao redor\u00a0<span class=\"added\"><span id=\"synonym-0362359478\" class=\"synonyms\">da cabe\u00e7a<\/span><\/span>\u00a0do\u00a0<span class=\"added\">laser<\/span>\u00a0<span class=\"added\"><span id=\"synonym-5645269610\" class=\"synonyms\">evita<\/span><\/span>\u00a0que o\u00a0<span class=\"added\">laser<\/span>\u00a0deslumbre\u00a0<span class=\"added\">seus<\/span>\u00a0olhos.<\/span>\u00a0<span id=\"paraphrase-1397544460\" class=\"paraphrase\">Al\u00e9m disso\u00a0<span class=\"added\">Com<\/span>\u00a0<span id=\"synonym-6627458344\" class=\"synonyms\">3<\/span>\u00a0<span id=\"synonym-3748945425\" class=\"synonyms\">sistemas<\/span>\u00a0de monitoramento e 5\u00a0<span class=\"added\"><span id=\"synonym-9273487043\" class=\"synonyms\">dispositivos<\/span><\/span>\u00a0de seguran\u00e7a<span class=\"added\">:<\/span>\u00a0<span id=\"synonym-7824850667\" class=\"synonyms\">fluxo<\/span>\u00a0de\u00a0<span id=\"synonym-5484875009\" class=\"synonyms\">ar<\/span>\u00a0\/\u00a0<span id=\"synonym-5789647423\" class=\"synonyms\">lente<\/span>\u00a0\/\u00a0<span class=\"added\">moldura<\/span>\u00a0<span class=\"added\">do<\/span>\u00a0<span class=\"added\">monitor.\u00a0<\/span><\/span><\/li>\n<li><span id=\"paraphrase-9680053005\" class=\"paraphrase\">Compat\u00edvel com <span class=\"added\"><span id=\"synonym-6855468399\" class=\"synonyms\">uma variedade<\/span><\/span>\u00a0de sistemas e softwares,\u00a0<span id=\"synonym-3685031442\" class=\"synonyms\">suporta<\/span>\u00a0sistemas Windows e macOS e\u00a0<span class=\"added\"><span id=\"synonym-8295369106\" class=\"synonyms\">aguente<\/span><\/span>\u00a0La-serGRBL, LightBurn e outros softwares\u00a0<span class=\"added\">industriais<\/span>.<\/span>\u00a0<span id=\"paraphrase-7026734676\" class=\"paraphrase\"><span id=\"synonym-9514024937\" class=\"synonyms\">Cria\u00e7\u00e3o<\/span>\u00a0offline\u00a0<span class=\"added\">poss\u00edvel<\/span>\u00a0<span class=\"added\"><span id=\"synonym-4877570756\" class=\"synonyms\">introduzindo<\/span><\/span>\u00a0<span class=\"added\"><span id=\"synonym-6040474793\" class=\"synonyms\">um cart\u00e3o<\/span><\/span>\u00a0TF, posi\u00e7\u00e3o de\u00a0<span id=\"synonym-8936208815\" class=\"synonyms\">suporte<\/span>\u00a0e\u00a0<span id=\"synonym-4171366058\" class=\"synonyms\">ajuste<\/span>\u00a0<span id=\"synonym-2071506346\" class=\"synonyms\">preciso<\/span>\u00a0sem\u00a0<span id=\"synonym-6202602957\" class=\"synonyms\">conectar<\/span>\u00a0a\u00a0<span class=\"added\"><span id=\"synonym-9080959709\" class=\"synonyms\">um computador.<\/span><\/span><\/span><\/li>\n<\/ul>\n<p><img fetchpriority=\"high\" decoding=\"async\" class=\"alignnone wp-image-138872 size-full\" src=\"https:\/\/3dlab.com.br\/wp-content\/uploads\/2023\/05\/1.png\" alt=\"falcon 22\" width=\"1920\" height=\"1080\" \/> <img decoding=\"async\" class=\"alignnone wp-image-138873 size-full\" src=\"https:\/\/3dlab.com.br\/wp-content\/uploads\/2023\/05\/2.png\" alt=\"Cr-Laser Falcon 2\" width=\"1920\" height=\"1080\" \/> <img decoding=\"async\" class=\"alignnone wp-image-138874 size-full\" src=\"https:\/\/3dlab.com.br\/wp-content\/uploads\/2023\/05\/3.png\" alt=\"\" width=\"1920\" height=\"1080\" \/> <img loading=\"lazy\" decoding=\"async\" class=\"alignnone wp-image-138875 size-full\" src=\"https:\/\/3dlab.com.br\/wp-content\/uploads\/2023\/05\/4.png\" alt=\"Cr-Laser Falcon 2\" width=\"1920\" height=\"1080\" \/> <img loading=\"lazy\" decoding=\"async\" class=\"alignnone wp-image-138876 size-full\" src=\"https:\/\/3dlab.com.br\/wp-content\/uploads\/2023\/05\/5.png\" alt=\"Cr-Laser Falcon 2\" width=\"1920\" height=\"1080\" \/> <img loading=\"lazy\" decoding=\"async\" class=\"alignnone wp-image-138877 size-full\" src=\"https:\/\/3dlab.com.br\/wp-content\/uploads\/2023\/05\/6.png\" alt=\"Cr-Laser Falcon 2\" width=\"1920\" height=\"1080\" \/> <img loading=\"lazy\" decoding=\"async\" class=\"alignnone wp-image-138878 size-full\" src=\"https:\/\/3dlab.com.br\/wp-content\/uploads\/2023\/05\/7.png\" alt=\"Cr-Laser Falcon 2\" width=\"1920\" height=\"1080\" \/> <img loading=\"lazy\" decoding=\"async\" class=\"alignnone wp-image-138879 size-full\" src=\"https:\/\/3dlab.com.br\/wp-content\/uploads\/2023\/05\/8.png\" alt=\"\" width=\"1920\" height=\"1080\" \/> <img loading=\"lazy\" decoding=\"async\" class=\"alignnone wp-image-138880 size-full\" src=\"https:\/\/3dlab.com.br\/wp-content\/uploads\/2023\/05\/9.png\" alt=\"Cr-Laser Falcon 2\" width=\"1920\" height=\"1080\" \/> <img loading=\"lazy\" decoding=\"async\" class=\"alignnone wp-image-138881 size-full\" src=\"https:\/\/3dlab.com.br\/wp-content\/uploads\/2023\/05\/10.png\" alt=\"Cr-Laser Falcon 2\" width=\"1920\" height=\"1080\" \/> <img loading=\"lazy\" decoding=\"async\" class=\"alignnone wp-image-138882 size-full\" src=\"https:\/\/3dlab.com.br\/wp-content\/uploads\/2023\/05\/11.png\" alt=\"Cr-Laser Falcon 2\" width=\"1920\" height=\"1080\" \/> <img loading=\"lazy\" decoding=\"async\" class=\"alignnone wp-image-138883 size-full\" src=\"https:\/\/3dlab.com.br\/wp-content\/uploads\/2023\/05\/12.png\" alt=\"Cr-Laser Falcon 2\" width=\"1920\" height=\"1080\" \/> <img loading=\"lazy\" decoding=\"async\" class=\"alignnone wp-image-138884 size-full\" src=\"https:\/\/3dlab.com.br\/wp-content\/uploads\/2023\/05\/13.png\" alt=\"Cr-Laser Falcon 2\" width=\"1920\" height=\"1080\" \/> <img loading=\"lazy\" decoding=\"async\" class=\"alignnone wp-image-138885 size-full\" src=\"https:\/\/3dlab.com.br\/wp-content\/uploads\/2023\/05\/14.png\" alt=\"falcon\" width=\"1920\" height=\"1080\" \/> <img loading=\"lazy\" decoding=\"async\" class=\"alignnone wp-image-138886 size-full\" src=\"https:\/\/3dlab.com.br\/wp-content\/uploads\/2023\/05\/15.png\" alt=\"maquina laser\" width=\"1920\" height=\"1080\" \/> <img loading=\"lazy\" decoding=\"async\" class=\"alignnone wp-image-138887 size-full\" src=\"https:\/\/3dlab.com.br\/wp-content\/uploads\/2023\/05\/16.png\" alt=\"laser\" width=\"1920\" height=\"1080\" \/> <img loading=\"lazy\" decoding=\"async\" class=\"alignnone wp-image-138888 size-full\" src=\"https:\/\/3dlab.com.br\/wp-content\/uploads\/2023\/05\/17.png\" alt=\"laserr\" width=\"1920\" height=\"1080\" \/> <img loading=\"lazy\" decoding=\"async\" class=\"alignnone wp-image-138889 size-full\" src=\"https:\/\/3dlab.com.br\/wp-content\/uploads\/2023\/05\/18.png\" alt=\"laseeeeer\" width=\"1920\" height=\"1080\" \/> <img loading=\"lazy\" decoding=\"async\" class=\"alignnone wp-image-138890 size-full\" src=\"https:\/\/3dlab.com.br\/wp-content\/uploads\/2023\/05\/19.png\" alt=\"Cr-Laser Falcon 2\" width=\"1920\" height=\"1080\" \/> <img loading=\"lazy\" decoding=\"async\" class=\"alignnone wp-image-138891 size-full\" src=\"https:\/\/3dlab.com.br\/wp-content\/uploads\/2023\/05\/20.png\" alt=\"laser\" width=\"1920\" height=\"1080\" \/> <img loading=\"lazy\" decoding=\"async\" class=\"alignnone wp-image-138892 size-full\" src=\"https:\/\/3dlab.com.br\/wp-content\/uploads\/2023\/05\/21.png\" alt=\"Cr-Laser Falcon 2\" width=\"1920\" height=\"1080\" \/> <img loading=\"lazy\" decoding=\"async\" class=\"alignnone wp-image-138893 size-full\" src=\"https:\/\/3dlab.com.br\/wp-content\/uploads\/2023\/05\/22.png\" alt=\"laser\" width=\"1920\" height=\"1080\" \/> <img loading=\"lazy\" decoding=\"async\" class=\"alignnone wp-image-138894 size-full\" src=\"https:\/\/3dlab.com.br\/wp-content\/uploads\/2023\/05\/23.png\" alt=\"laseeeer\" width=\"1920\" height=\"1080\" \/><\/p>\n<\/div>\n","protected":false},"excerpt":{"rendered":"<p>Cr-Laser Falcon 2 O Cr-Laser Falcon 2 de 22W chegou na 3DLab para oferecer maior precis\u00e3o de laser! Com base na tecnologia\u00a0de\u00a0compress\u00e3o\u00a0de\u00a0pontos FAC, a Falcon 2 \u00e9 equipada com 4\u00a0poderosos&hellip;<\/p>\n","protected":false},"featured_media":2274,"comment_status":"open","ping_status":"closed","template":"","meta":[],"product_brand":[],"product_cat":[306,337,612],"product_tag":[335,716,336,717,718],"class_list":{"0":"post-2256","1":"product","2":"type-product","3":"status-publish","4":"has-post-thumbnail","6":"product_cat-creality","7":"product_cat-gravador-a-laser","8":"product_cat-industrial","9":"product_tag-cr-laser","10":"product_tag-cr-laser-falcon-2","11":"product_tag-cr-laser-falcon","12":"product_tag-falcon-2","13":"product_tag-falcon-22w","15":"first","16":"instock","17":"sale","18":"shipping-taxable","19":"purchasable","20":"product-type-simple"},"yoast_head":"<!-- This site is optimized with the Yoast SEO plugin v24.8.1 - https:\/\/yoast.com\/wordpress\/plugins\/seo\/ -->\n<title>CR-LASER FALCON 2 22W - 3D Lab<\/title>\n<meta name=\"robots\" content=\"index, follow, max-snippet:-1, max-image-preview:large, max-video-preview:-1\" \/>\n<link rel=\"canonical\" href=\"https:\/\/projetosddwb.com.br\/3dlab\/product\/cr-laser-falcon-2-22w\/\" \/>\n<meta property=\"og:locale\" content=\"pt_BR\" \/>\n<meta property=\"og:type\" content=\"article\" \/>\n<meta property=\"og:title\" content=\"CR-LASER FALCON 2 22W - 3D Lab\" \/>\n<meta property=\"og:description\" content=\"Cr-Laser Falcon 2 O Cr-Laser Falcon 2 de 22W chegou na 3DLab para oferecer maior precis\u00e3o de laser! Com base na tecnologia\u00a0de\u00a0compress\u00e3o\u00a0de\u00a0pontos FAC, a Falcon 2 \u00e9 equipada com 4\u00a0poderosos&hellip;\" \/>\n<meta property=\"og:url\" content=\"https:\/\/projetosddwb.com.br\/3dlab\/product\/cr-laser-falcon-2-22w\/\" \/>\n<meta property=\"og:site_name\" content=\"3D Lab\" \/>\n<meta property=\"article:publisher\" content=\"https:\/\/www.facebook.com\/3dlabbrasil\/?locale=pt_BR\" \/>\n<meta property=\"og:image\" content=\"https:\/\/3dlab.com.br\/wp-content\/uploads\/2023\/05\/1.png\" \/>\n<meta name=\"twitter:card\" content=\"summary_large_image\" \/>\n<meta name=\"twitter:label1\" content=\"Est. tempo de leitura\" \/>\n\t<meta name=\"twitter:data1\" content=\"1 minuto\" \/>\n<script type=\"application\/ld+json\" class=\"yoast-schema-graph\">{\"@context\":\"https:\/\/schema.org\",\"@graph\":[{\"@type\":\"WebPage\",\"@id\":\"https:\/\/projetosddwb.com.br\/3dlab\/product\/cr-laser-falcon-2-22w\/\",\"url\":\"https:\/\/projetosddwb.com.br\/3dlab\/product\/cr-laser-falcon-2-22w\/\",\"name\":\"CR-LASER FALCON 2 22W - 3D Lab\",\"isPartOf\":{\"@id\":\"https:\/\/projetosddwb.com.br\/3dlab\/#website\"},\"primaryImageOfPage\":{\"@id\":\"https:\/\/projetosddwb.com.br\/3dlab\/product\/cr-laser-falcon-2-22w\/#primaryimage\"},\"image\":{\"@id\":\"https:\/\/projetosddwb.com.br\/3dlab\/product\/cr-laser-falcon-2-22w\/#primaryimage\"},\"thumbnailUrl\":\"\",\"datePublished\":\"2024-04-18T19:11:18+00:00\",\"breadcrumb\":{\"@id\":\"https:\/\/projetosddwb.com.br\/3dlab\/product\/cr-laser-falcon-2-22w\/#breadcrumb\"},\"inLanguage\":\"pt-BR\",\"potentialAction\":[{\"@type\":\"ReadAction\",\"target\":[\"https:\/\/projetosddwb.com.br\/3dlab\/product\/cr-laser-falcon-2-22w\/\"]}]},{\"@type\":\"ImageObject\",\"inLanguage\":\"pt-BR\",\"@id\":\"https:\/\/projetosddwb.com.br\/3dlab\/product\/cr-laser-falcon-2-22w\/#primaryimage\",\"url\":\"\",\"contentUrl\":\"\"},{\"@type\":\"BreadcrumbList\",\"@id\":\"https:\/\/projetosddwb.com.br\/3dlab\/product\/cr-laser-falcon-2-22w\/#breadcrumb\",\"itemListElement\":[{\"@type\":\"ListItem\",\"position\":1,\"name\":\"In\u00edcio\",\"item\":\"https:\/\/projetosddwb.com.br\/3dlab\/\"},{\"@type\":\"ListItem\",\"position\":2,\"name\":\"Loja\",\"item\":\"https:\/\/projetosddwb.com.br\/3dlab\/loja\/\"},{\"@type\":\"ListItem\",\"position\":3,\"name\":\"CR-LASER FALCON 2 22W\"}]},{\"@type\":\"WebSite\",\"@id\":\"https:\/\/projetosddwb.com.br\/3dlab\/#website\",\"url\":\"https:\/\/projetosddwb.com.br\/3dlab\/\",\"name\":\"3D Lab\",\"description\":\"\",\"publisher\":{\"@id\":\"https:\/\/projetosddwb.com.br\/3dlab\/#organization\"},\"potentialAction\":[{\"@type\":\"SearchAction\",\"target\":{\"@type\":\"EntryPoint\",\"urlTemplate\":\"https:\/\/projetosddwb.com.br\/3dlab\/?s={search_term_string}\"},\"query-input\":{\"@type\":\"PropertyValueSpecification\",\"valueRequired\":true,\"valueName\":\"search_term_string\"}}],\"inLanguage\":\"pt-BR\"},{\"@type\":\"Organization\",\"@id\":\"https:\/\/projetosddwb.com.br\/3dlab\/#organization\",\"name\":\"3D Lab\",\"url\":\"https:\/\/projetosddwb.com.br\/3dlab\/\",\"logo\":{\"@type\":\"ImageObject\",\"inLanguage\":\"pt-BR\",\"@id\":\"https:\/\/projetosddwb.com.br\/3dlab\/#\/schema\/logo\/image\/\",\"url\":\"https:\/\/projetosddwb.com.br\/3dlab\/wp-content\/uploads\/2025\/04\/cropped-cropped-3D_HORI_ORIGINAL-1.png\",\"contentUrl\":\"https:\/\/projetosddwb.com.br\/3dlab\/wp-content\/uploads\/2025\/04\/cropped-cropped-3D_HORI_ORIGINAL-1.png\",\"width\":597,\"height\":196,\"caption\":\"3D Lab\"},\"image\":{\"@id\":\"https:\/\/projetosddwb.com.br\/3dlab\/#\/schema\/logo\/image\/\"},\"sameAs\":[\"https:\/\/www.facebook.com\/3dlabbrasil\/?locale=pt_BR\",\"https:\/\/www.instagram.com\/3dlab_brasil\/\"]}]}<\/script>\n<!-- \/ Yoast SEO plugin. -->","yoast_head_json":{"title":"CR-LASER FALCON 2 22W - 3D Lab","robots":{"index":"index","follow":"follow","max-snippet":"max-snippet:-1","max-image-preview":"max-image-preview:large","max-video-preview":"max-video-preview:-1"},"canonical":"https:\/\/projetosddwb.com.br\/3dlab\/product\/cr-laser-falcon-2-22w\/","og_locale":"pt_BR","og_type":"article","og_title":"CR-LASER FALCON 2 22W - 3D Lab","og_description":"Cr-Laser Falcon 2 O Cr-Laser Falcon 2 de 22W chegou na 3DLab para oferecer maior precis\u00e3o de laser! Com base na tecnologia\u00a0de\u00a0compress\u00e3o\u00a0de\u00a0pontos FAC, a Falcon 2 \u00e9 equipada com 4\u00a0poderosos&hellip;","og_url":"https:\/\/projetosddwb.com.br\/3dlab\/product\/cr-laser-falcon-2-22w\/","og_site_name":"3D Lab","article_publisher":"https:\/\/www.facebook.com\/3dlabbrasil\/?locale=pt_BR","og_image":[{"url":"https:\/\/3dlab.com.br\/wp-content\/uploads\/2023\/05\/1.png","type":"","width":"","height":""}],"twitter_card":"summary_large_image","twitter_misc":{"Est. tempo de leitura":"1 minuto"},"schema":{"@context":"https:\/\/schema.org","@graph":[{"@type":"WebPage","@id":"https:\/\/projetosddwb.com.br\/3dlab\/product\/cr-laser-falcon-2-22w\/","url":"https:\/\/projetosddwb.com.br\/3dlab\/product\/cr-laser-falcon-2-22w\/","name":"CR-LASER FALCON 2 22W - 3D Lab","isPartOf":{"@id":"https:\/\/projetosddwb.com.br\/3dlab\/#website"},"primaryImageOfPage":{"@id":"https:\/\/projetosddwb.com.br\/3dlab\/product\/cr-laser-falcon-2-22w\/#primaryimage"},"image":{"@id":"https:\/\/projetosddwb.com.br\/3dlab\/product\/cr-laser-falcon-2-22w\/#primaryimage"},"thumbnailUrl":"","datePublished":"2024-04-18T19:11:18+00:00","breadcrumb":{"@id":"https:\/\/projetosddwb.com.br\/3dlab\/product\/cr-laser-falcon-2-22w\/#breadcrumb"},"inLanguage":"pt-BR","potentialAction":[{"@type":"ReadAction","target":["https:\/\/projetosddwb.com.br\/3dlab\/product\/cr-laser-falcon-2-22w\/"]}]},{"@type":"ImageObject","inLanguage":"pt-BR","@id":"https:\/\/projetosddwb.com.br\/3dlab\/product\/cr-laser-falcon-2-22w\/#primaryimage","url":"","contentUrl":""},{"@type":"BreadcrumbList","@id":"https:\/\/projetosddwb.com.br\/3dlab\/product\/cr-laser-falcon-2-22w\/#breadcrumb","itemListElement":[{"@type":"ListItem","position":1,"name":"In\u00edcio","item":"https:\/\/projetosddwb.com.br\/3dlab\/"},{"@type":"ListItem","position":2,"name":"Loja","item":"https:\/\/projetosddwb.com.br\/3dlab\/loja\/"},{"@type":"ListItem","position":3,"name":"CR-LASER FALCON 2 22W"}]},{"@type":"WebSite","@id":"https:\/\/projetosddwb.com.br\/3dlab\/#website","url":"https:\/\/projetosddwb.com.br\/3dlab\/","name":"3D Lab","description":"","publisher":{"@id":"https:\/\/projetosddwb.com.br\/3dlab\/#organization"},"potentialAction":[{"@type":"SearchAction","target":{"@type":"EntryPoint","urlTemplate":"https:\/\/projetosddwb.com.br\/3dlab\/?s={search_term_string}"},"query-input":{"@type":"PropertyValueSpecification","valueRequired":true,"valueName":"search_term_string"}}],"inLanguage":"pt-BR"},{"@type":"Organization","@id":"https:\/\/projetosddwb.com.br\/3dlab\/#organization","name":"3D Lab","url":"https:\/\/projetosddwb.com.br\/3dlab\/","logo":{"@type":"ImageObject","inLanguage":"pt-BR","@id":"https:\/\/projetosddwb.com.br\/3dlab\/#\/schema\/logo\/image\/","url":"https:\/\/projetosddwb.com.br\/3dlab\/wp-content\/uploads\/2025\/04\/cropped-cropped-3D_HORI_ORIGINAL-1.png","contentUrl":"https:\/\/projetosddwb.com.br\/3dlab\/wp-content\/uploads\/2025\/04\/cropped-cropped-3D_HORI_ORIGINAL-1.png","width":597,"height":196,"caption":"3D Lab"},"image":{"@id":"https:\/\/projetosddwb.com.br\/3dlab\/#\/schema\/logo\/image\/"},"sameAs":["https:\/\/www.facebook.com\/3dlabbrasil\/?locale=pt_BR","https:\/\/www.instagram.com\/3dlab_brasil\/"]}]}},"_links":{"self":[{"href":"https:\/\/projetosddwb.com.br\/3dlab\/wp-json\/wp\/v2\/product\/2256","targetHints":{"allow":["GET"]}}],"collection":[{"href":"https:\/\/projetosddwb.com.br\/3dlab\/wp-json\/wp\/v2\/product"}],"about":[{"href":"https:\/\/projetosddwb.com.br\/3dlab\/wp-json\/wp\/v2\/types\/product"}],"replies":[{"embeddable":true,"href":"https:\/\/projetosddwb.com.br\/3dlab\/wp-json\/wp\/v2\/comments?post=2256"}],"wp:featuredmedia":[{"embeddable":true,"href":"https:\/\/projetosddwb.com.br\/3dlab\/wp-json\/"}],"wp:attachment":[{"href":"https:\/\/projetosddwb.com.br\/3dlab\/wp-json\/wp\/v2\/media?parent=2256"}],"wp:term":[{"taxonomy":"product_brand","embeddable":true,"href":"https:\/\/projetosddwb.com.br\/3dlab\/wp-json\/wp\/v2\/product_brand?post=2256"},{"taxonomy":"product_cat","embeddable":true,"href":"https:\/\/projetosddwb.com.br\/3dlab\/wp-json\/wp\/v2\/product_cat?post=2256"},{"taxonomy":"product_tag","embeddable":true,"href":"https:\/\/projetosddwb.com.br\/3dlab\/wp-json\/wp\/v2\/product_tag?post=2256"}],"curies":[{"name":"wp","href":"https:\/\/api.w.org\/{rel}","templated":true}]}}