{"id":2296,"date":"2024-04-18T16:12:44","date_gmt":"2024-04-18T19:12:44","guid":{"rendered":"https:\/\/projetosddwb.com.br\/3dlab\/?post_type=product&#038;p=2296"},"modified":"2025-04-04T00:55:39","modified_gmt":"2025-04-04T03:55:39","slug":"dry-box-2-0-desumidificador-de-filamento","status":"publish","type":"product","link":"https:\/\/projetosddwb.com.br\/3dlab\/product\/dry-box-2-0-desumidificador-de-filamento\/","title":{"rendered":"DRY BOX 2.0 &#8211; DESUMIDIFICADOR DE FILAMENTO"},"content":{"rendered":"<div class=\"flex-1 overflow-hidden\">\n<div class=\"react-scroll-to-bottom--css-ufkve-79elbk h-full\">\n<div class=\"react-scroll-to-bottom--css-ufkve-1n7m0yu\">\n<div class=\"flex flex-col pb-9 text-sm\">\n<div class=\"w-full text-token-text-primary\" data-testid=\"conversation-turn-9\">\n<div class=\"px-4 py-2 justify-center text-base md:gap-6 m-auto\">\n<div class=\"flex flex-1 text-base mx-auto gap-3 md:px-5 lg:px-1 xl:px-5 md:max-w-3xl lg:max-w-[40rem] xl:max-w-[48rem] group final-completion\">\n<div class=\"relative flex w-full flex-col lg:w-[calc(100%-115px)] agent-turn\">\n<div class=\"flex-col gap-1 md:gap-3\">\n<div class=\"flex flex-grow flex-col max-w-full\">\n<div class=\"min-h-[20px] text-message flex flex-col items-start gap-3 whitespace-pre-wrap break-words [.text-message+&amp;]:mt-5 overflow-x-auto\" data-message-author-role=\"assistant\" data-message-id=\"66b7f3ad-5dfc-46d2-b70c-af34824d42ca\">\n<div class=\"markdown prose w-full break-words dark:prose-invert light\">\n<h2 style=\"text-align: left;\">Dry Box 2.0 &#8211; Desumidificador de filamento<\/h2>\n<p style=\"text-align: left;\">A Creality Filament Dry Box 2.0 \u00e9 uma solu\u00e7\u00e3o de armazenamento aquec\u00edvel e desumidificante projetada para manter os filamentos em condi\u00e7\u00f5es ideais para impress\u00e3o, prevenindo problemas comuns provenientes da umidade. Com um intervalo de temperatura ajust\u00e1vel de 45\u00b0C a 65\u00b0C, a Dry Box atinge rapidamente 65\u00b0C em apenas 15 minutos, gra\u00e7as ao seu sistema de aquecimento de ar quente a 360\u00b0.<\/p>\n<p style=\"text-align: left;\">Este acess\u00f3rio oferece a capacidade de secagem eficiente para uma variedade de materiais, incluindo PLA, ABS, ASA, PETG, TPU, PP, PC, e mais. Seu cooler interno garante uma distribui\u00e7\u00e3o uniforme de calor por toda a c\u00e2mara, evitando bolhas de ar e deforma\u00e7\u00f5es indesejadas.<\/p>\n<p style=\"text-align: left;\">Com funcionalidades como um temporizador de 24 horas e monitoramento em tempo real, os usu\u00e1rios podem personalizar o tempo de secagem e acompanhar a umidade para garantir resultados consistentes. A Dry Box 2.0 \u00e9 compat\u00edvel com filamentos de 1,75 mm e 2,85 mm, proporcionando versatilidade.<\/p>\n<p style=\"text-align: left;\">Recursos adicionais incluem um interruptor de alimenta\u00e7\u00e3o seguro, um plugue de silicone resistente \u00e0 umidade e uma c\u00e2mara interna com isolamento t\u00e9rmico de algod\u00e3o para prote\u00e7\u00e3o. F\u00e1cil de usar, basta colocar o filamento na caixa, ajustar a temperatura e o tempo desejados, e iniciar o processo.<\/p>\n<p style=\"text-align: left;\">\n<\/div>\n<\/div>\n<\/div>\n<div class=\"mt-1 flex justify-start gap-3 empty:hidden\">\n<div class=\"text-gray-400 flex self-end lg:self-center justify-center lg:justify-start mt-0 gap-1 visible\">\n<div class=\"flex gap-1\"><img fetchpriority=\"high\" decoding=\"async\" class=\"alignnone wp-image-156648 size-large\" src=\"https:\/\/3dlab.com.br\/wp-content\/uploads\/2023\/12\/266bdaf3-3f11-4c67-85e6-b6c2a08d56b8-1-646x1024.jpg\" alt=\"dry box 2.0\" width=\"646\" height=\"1024\" \/><img decoding=\"async\" class=\"alignnone wp-image-156649 size-large\" src=\"https:\/\/3dlab.com.br\/wp-content\/uploads\/2023\/12\/3b0a276a-5eb3-44dc-acb3-2a04aa6c1880-490x1024.jpg\" alt=\"dry box 2.0\" width=\"490\" height=\"1024\" \/><img decoding=\"async\" class=\"alignnone wp-image-156650 size-large\" src=\"https:\/\/3dlab.com.br\/wp-content\/uploads\/2023\/12\/73ec2812-1f9b-4912-90e0-0aef14ad3661-640x1024.jpg\" alt=\"dry box 2.0\" width=\"640\" height=\"1024\" \/><img loading=\"lazy\" decoding=\"async\" class=\"alignnone wp-image-156651 size-large\" src=\"https:\/\/3dlab.com.br\/wp-content\/uploads\/2023\/12\/6a597a12-b827-45e7-94f7-1f8006ffbf24-691x1024.jpg\" alt=\"dry box 2.0\" width=\"691\" height=\"1024\" \/><\/div>\n<div><img loading=\"lazy\" decoding=\"async\" class=\"alignnone wp-image-156652 \" src=\"https:\/\/3dlab.com.br\/wp-content\/uploads\/2023\/12\/f3cc1653-213e-4a97-896e-e9ec8f4555da-673x1024.jpg\" alt=\"dry box 2.0\" width=\"636\" height=\"968\" \/><img loading=\"lazy\" decoding=\"async\" class=\"alignnone wp-image-156653 \" src=\"https:\/\/3dlab.com.br\/wp-content\/uploads\/2023\/12\/79551207-8f71-4664-ae52-cfe58b13a210-547x1024.jpg\" alt=\"dry box 2.0\" width=\"517\" height=\"968\" \/><\/div>\n<div class=\"flex items-center gap-1.5 text-xs\"><img loading=\"lazy\" decoding=\"async\" class=\"alignnone wp-image-156654 \" src=\"https:\/\/3dlab.com.br\/wp-content\/uploads\/2023\/12\/a7bc939a-9377-46bb-9960-f9bc37b68e89-677x1024.jpg\" alt=\"dry box 2.0\" width=\"631\" height=\"954\" \/><img loading=\"lazy\" decoding=\"async\" class=\"alignnone wp-image-156655 \" src=\"https:\/\/3dlab.com.br\/wp-content\/uploads\/2023\/12\/00acd7bb-46b2-4b31-ad68-5e6f0c6885b1-640x1024.jpg\" alt=\"dry box 2.0\" width=\"596\" height=\"954\" \/><\/div>\n<div><img loading=\"lazy\" decoding=\"async\" class=\"alignnone wp-image-156656 \" src=\"https:\/\/3dlab.com.br\/wp-content\/uploads\/2023\/12\/42dce19a-ae42-4bcd-8655-f09049a0f933-641x1024.jpg\" alt=\"dry box 2.0\" width=\"629\" height=\"1005\" \/><img loading=\"lazy\" decoding=\"async\" class=\"alignnone wp-image-156657 \" src=\"https:\/\/3dlab.com.br\/wp-content\/uploads\/2023\/12\/aad394d9-bff1-4763-9557-19078e45c1d7-396x1024.jpg\" alt=\"dry box 2.0\" width=\"388\" height=\"1003\" \/><\/div>\n<\/div>\n<\/div>\n<\/div>\n<div class=\"absolute\">\n<div class=\"flex w-full gap-2 items-center justify-center\"><\/div>\n<\/div>\n<\/div>\n<\/div>\n<\/div>\n<\/div>\n<\/div>\n<\/div>\n<\/div>\n<\/div>\n<div class=\"w-full pt-2 md:pt-0 dark:border-white\/20 md:border-transparent md:dark:border-transparent md:w-[calc(100%-.5rem)]\">\n<form class=\"stretch mx-2 flex flex-row gap-3 last:mb-2 md:mx-4 md:last:mb-6 lg:mx-auto lg:max-w-2xl xl:max-w-3xl\">\n<div class=\"relative flex h-full flex-1 items-stretch md:flex-col\">\n<div class=\"flex w-full items-center\"><\/div>\n<\/div>\n<\/form>\n<\/div>\n","protected":false},"excerpt":{"rendered":"<p>Dry Box 2.0 &#8211; Desumidificador de filamento A Creality Filament Dry Box 2.0 \u00e9 uma solu\u00e7\u00e3o de armazenamento aquec\u00edvel e desumidificante projetada para manter os filamentos em condi\u00e7\u00f5es ideais para&hellip;<\/p>\n","protected":false},"featured_media":29615,"comment_status":"open","ping_status":"closed","template":"","meta":[],"product_brand":[],"product_cat":[306,359,349,277,323],"product_tag":[726,727,728],"class_list":{"0":"post-2296","1":"product","2":"type-product","3":"status-publish","4":"has-post-thumbnail","6":"product_cat-creality","7":"product_cat-lancamentos","8":"product_cat-novos-produtos-revisar","9":"product_cat-pecas-e-acessorios","10":"product_cat-pecas-e-acessorios-2","11":"product_tag-desumidificador-de-filamento","12":"product_tag-dry-box","13":"product_tag-dry-box-2-0","14":"product_shipping_class-pecas-e-acessorios","16":"first","17":"instock","18":"sale","19":"shipping-taxable","20":"purchasable","21":"product-type-simple"},"yoast_head":"<!-- This site is optimized with the Yoast SEO plugin v24.8.1 - https:\/\/yoast.com\/wordpress\/plugins\/seo\/ -->\n<title>DRY BOX 2.0 - DESUMIDIFICADOR DE FILAMENTO - 3D Lab<\/title>\n<meta name=\"description\" content=\"Dry Box \u00e9 uma caixa desumidificadora de filamentos para facilitar seu processo com a impress\u00e3o 3D, garantindo melhor acabamento nas suas pe\u00e7as!\" \/>\n<meta name=\"robots\" content=\"index, follow, max-snippet:-1, max-image-preview:large, max-video-preview:-1\" \/>\n<link rel=\"canonical\" href=\"https:\/\/projetosddwb.com.br\/3dlab\/product\/dry-box-2-0-desumidificador-de-filamento\/\" \/>\n<meta property=\"og:locale\" content=\"pt_BR\" \/>\n<meta property=\"og:type\" content=\"article\" \/>\n<meta property=\"og:title\" content=\"DRY BOX 2.0 - DESUMIDIFICADOR DE FILAMENTO - 3D Lab\" \/>\n<meta property=\"og:description\" content=\"Dry Box \u00e9 uma caixa desumidificadora de filamentos para facilitar seu processo com a impress\u00e3o 3D, garantindo melhor acabamento nas suas pe\u00e7as!\" \/>\n<meta property=\"og:url\" content=\"https:\/\/projetosddwb.com.br\/3dlab\/product\/dry-box-2-0-desumidificador-de-filamento\/\" \/>\n<meta property=\"og:site_name\" content=\"3D Lab\" \/>\n<meta property=\"article:publisher\" content=\"https:\/\/www.facebook.com\/3dlabbrasil\/?locale=pt_BR\" \/>\n<meta property=\"article:modified_time\" content=\"2025-04-04T03:55:39+00:00\" \/>\n<meta property=\"og:image\" content=\"https:\/\/imagens.3dlab.com.br\/wp-content\/uploads\/2023\/12\/03195426\/f2a4d684-7c5d-4308-8b7f-0a5017e2852f-2.jpg\" \/><meta property=\"og:image\" content=\"https:\/\/imagens.3dlab.com.br\/wp-content\/uploads\/2023\/12\/03195426\/f2a4d684-7c5d-4308-8b7f-0a5017e2852f-2.jpg\" \/>\n\t<meta property=\"og:image:width\" content=\"1000\" \/>\n\t<meta property=\"og:image:height\" content=\"1000\" \/>\n\t<meta property=\"og:image:type\" content=\"image\/jpeg\" \/>\n<meta name=\"twitter:card\" content=\"summary_large_image\" \/>\n<meta name=\"twitter:image\" content=\"https:\/\/imagens.3dlab.com.br\/wp-content\/uploads\/2023\/12\/03195426\/f2a4d684-7c5d-4308-8b7f-0a5017e2852f-2.jpg\" \/>\n<meta name=\"twitter:label1\" content=\"Est. tempo de leitura\" \/>\n\t<meta name=\"twitter:data1\" content=\"4 minutos\" \/>\n<script type=\"application\/ld+json\" class=\"yoast-schema-graph\">{\"@context\":\"https:\/\/schema.org\",\"@graph\":[{\"@type\":\"WebPage\",\"@id\":\"https:\/\/projetosddwb.com.br\/3dlab\/product\/dry-box-2-0-desumidificador-de-filamento\/\",\"url\":\"https:\/\/projetosddwb.com.br\/3dlab\/product\/dry-box-2-0-desumidificador-de-filamento\/\",\"name\":\"DRY BOX 2.0 - DESUMIDIFICADOR DE FILAMENTO - 3D Lab\",\"isPartOf\":{\"@id\":\"https:\/\/projetosddwb.com.br\/3dlab\/#website\"},\"primaryImageOfPage\":{\"@id\":\"https:\/\/projetosddwb.com.br\/3dlab\/product\/dry-box-2-0-desumidificador-de-filamento\/#primaryimage\"},\"image\":{\"@id\":\"https:\/\/projetosddwb.com.br\/3dlab\/product\/dry-box-2-0-desumidificador-de-filamento\/#primaryimage\"},\"thumbnailUrl\":\"https:\/\/i3.wp.com\/imagens.3dlab.com.br\/wp-content\/uploads\/2023\/12\/03195426\/f2a4d684-7c5d-4308-8b7f-0a5017e2852f-2.jpg?resize=1000&w=1000\",\"datePublished\":\"2024-04-18T19:12:44+00:00\",\"dateModified\":\"2025-04-04T03:55:39+00:00\",\"description\":\"Dry Box \u00e9 uma caixa desumidificadora de filamentos para facilitar seu processo com a impress\u00e3o 3D, garantindo melhor acabamento nas suas pe\u00e7as!\",\"breadcrumb\":{\"@id\":\"https:\/\/projetosddwb.com.br\/3dlab\/product\/dry-box-2-0-desumidificador-de-filamento\/#breadcrumb\"},\"inLanguage\":\"pt-BR\",\"potentialAction\":[{\"@type\":\"ReadAction\",\"target\":[\"https:\/\/projetosddwb.com.br\/3dlab\/product\/dry-box-2-0-desumidificador-de-filamento\/\"]}]},{\"@type\":\"ImageObject\",\"inLanguage\":\"pt-BR\",\"@id\":\"https:\/\/projetosddwb.com.br\/3dlab\/product\/dry-box-2-0-desumidificador-de-filamento\/#primaryimage\",\"url\":\"https:\/\/i3.wp.com\/imagens.3dlab.com.br\/wp-content\/uploads\/2023\/12\/03195426\/f2a4d684-7c5d-4308-8b7f-0a5017e2852f-2.jpg?resize=1000&w=1000\",\"contentUrl\":\"https:\/\/i3.wp.com\/imagens.3dlab.com.br\/wp-content\/uploads\/2023\/12\/03195426\/f2a4d684-7c5d-4308-8b7f-0a5017e2852f-2.jpg?resize=1000&w=1000\",\"width\":\"1000\",\"height\":\"1000\"},{\"@type\":\"BreadcrumbList\",\"@id\":\"https:\/\/projetosddwb.com.br\/3dlab\/product\/dry-box-2-0-desumidificador-de-filamento\/#breadcrumb\",\"itemListElement\":[{\"@type\":\"ListItem\",\"position\":1,\"name\":\"In\u00edcio\",\"item\":\"https:\/\/projetosddwb.com.br\/3dlab\/\"},{\"@type\":\"ListItem\",\"position\":2,\"name\":\"Loja\",\"item\":\"https:\/\/projetosddwb.com.br\/3dlab\/loja\/\"},{\"@type\":\"ListItem\",\"position\":3,\"name\":\"DRY BOX 2.0 &#8211; DESUMIDIFICADOR DE FILAMENTO\"}]},{\"@type\":\"WebSite\",\"@id\":\"https:\/\/projetosddwb.com.br\/3dlab\/#website\",\"url\":\"https:\/\/projetosddwb.com.br\/3dlab\/\",\"name\":\"3D Lab\",\"description\":\"\",\"publisher\":{\"@id\":\"https:\/\/projetosddwb.com.br\/3dlab\/#organization\"},\"potentialAction\":[{\"@type\":\"SearchAction\",\"target\":{\"@type\":\"EntryPoint\",\"urlTemplate\":\"https:\/\/projetosddwb.com.br\/3dlab\/?s={search_term_string}\"},\"query-input\":{\"@type\":\"PropertyValueSpecification\",\"valueRequired\":true,\"valueName\":\"search_term_string\"}}],\"inLanguage\":\"pt-BR\"},{\"@type\":\"Organization\",\"@id\":\"https:\/\/projetosddwb.com.br\/3dlab\/#organization\",\"name\":\"3D Lab\",\"url\":\"https:\/\/projetosddwb.com.br\/3dlab\/\",\"logo\":{\"@type\":\"ImageObject\",\"inLanguage\":\"pt-BR\",\"@id\":\"https:\/\/projetosddwb.com.br\/3dlab\/#\/schema\/logo\/image\/\",\"url\":\"https:\/\/projetosddwb.com.br\/3dlab\/wp-content\/uploads\/2025\/04\/cropped-cropped-3D_HORI_ORIGINAL-1.png\",\"contentUrl\":\"https:\/\/projetosddwb.com.br\/3dlab\/wp-content\/uploads\/2025\/04\/cropped-cropped-3D_HORI_ORIGINAL-1.png\",\"width\":597,\"height\":196,\"caption\":\"3D Lab\"},\"image\":{\"@id\":\"https:\/\/projetosddwb.com.br\/3dlab\/#\/schema\/logo\/image\/\"},\"sameAs\":[\"https:\/\/www.facebook.com\/3dlabbrasil\/?locale=pt_BR\",\"https:\/\/www.instagram.com\/3dlab_brasil\/\"]}]}<\/script>\n<!-- \/ Yoast SEO plugin. -->","yoast_head_json":{"title":"DRY BOX 2.0 - DESUMIDIFICADOR DE FILAMENTO - 3D Lab","description":"Dry Box \u00e9 uma caixa desumidificadora de filamentos para facilitar seu processo com a impress\u00e3o 3D, garantindo melhor acabamento nas suas pe\u00e7as!","robots":{"index":"index","follow":"follow","max-snippet":"max-snippet:-1","max-image-preview":"max-image-preview:large","max-video-preview":"max-video-preview:-1"},"canonical":"https:\/\/projetosddwb.com.br\/3dlab\/product\/dry-box-2-0-desumidificador-de-filamento\/","og_locale":"pt_BR","og_type":"article","og_title":"DRY BOX 2.0 - DESUMIDIFICADOR DE FILAMENTO - 3D Lab","og_description":"Dry Box \u00e9 uma caixa desumidificadora de filamentos para facilitar seu processo com a impress\u00e3o 3D, garantindo melhor acabamento nas suas pe\u00e7as!","og_url":"https:\/\/projetosddwb.com.br\/3dlab\/product\/dry-box-2-0-desumidificador-de-filamento\/","og_site_name":"3D Lab","article_publisher":"https:\/\/www.facebook.com\/3dlabbrasil\/?locale=pt_BR","article_modified_time":"2025-04-04T03:55:39+00:00","og_image":[{"url":"https:\/\/imagens.3dlab.com.br\/wp-content\/uploads\/2023\/12\/03195426\/f2a4d684-7c5d-4308-8b7f-0a5017e2852f-2.jpg","type":"","width":"","height":""},{"width":1000,"height":1000,"url":"https:\/\/imagens.3dlab.com.br\/wp-content\/uploads\/2023\/12\/03195426\/f2a4d684-7c5d-4308-8b7f-0a5017e2852f-2.jpg","type":"image\/jpeg"}],"twitter_card":"summary_large_image","twitter_image":"https:\/\/imagens.3dlab.com.br\/wp-content\/uploads\/2023\/12\/03195426\/f2a4d684-7c5d-4308-8b7f-0a5017e2852f-2.jpg","twitter_misc":{"Est. tempo de leitura":"4 minutos"},"schema":{"@context":"https:\/\/schema.org","@graph":[{"@type":"WebPage","@id":"https:\/\/projetosddwb.com.br\/3dlab\/product\/dry-box-2-0-desumidificador-de-filamento\/","url":"https:\/\/projetosddwb.com.br\/3dlab\/product\/dry-box-2-0-desumidificador-de-filamento\/","name":"DRY BOX 2.0 - DESUMIDIFICADOR DE FILAMENTO - 3D Lab","isPartOf":{"@id":"https:\/\/projetosddwb.com.br\/3dlab\/#website"},"primaryImageOfPage":{"@id":"https:\/\/projetosddwb.com.br\/3dlab\/product\/dry-box-2-0-desumidificador-de-filamento\/#primaryimage"},"image":{"@id":"https:\/\/projetosddwb.com.br\/3dlab\/product\/dry-box-2-0-desumidificador-de-filamento\/#primaryimage"},"thumbnailUrl":"https:\/\/i3.wp.com\/imagens.3dlab.com.br\/wp-content\/uploads\/2023\/12\/03195426\/f2a4d684-7c5d-4308-8b7f-0a5017e2852f-2.jpg?resize=1000&w=1000","datePublished":"2024-04-18T19:12:44+00:00","dateModified":"2025-04-04T03:55:39+00:00","description":"Dry Box \u00e9 uma caixa desumidificadora de filamentos para facilitar seu processo com a impress\u00e3o 3D, garantindo melhor acabamento nas suas pe\u00e7as!","breadcrumb":{"@id":"https:\/\/projetosddwb.com.br\/3dlab\/product\/dry-box-2-0-desumidificador-de-filamento\/#breadcrumb"},"inLanguage":"pt-BR","potentialAction":[{"@type":"ReadAction","target":["https:\/\/projetosddwb.com.br\/3dlab\/product\/dry-box-2-0-desumidificador-de-filamento\/"]}]},{"@type":"ImageObject","inLanguage":"pt-BR","@id":"https:\/\/projetosddwb.com.br\/3dlab\/product\/dry-box-2-0-desumidificador-de-filamento\/#primaryimage","url":"https:\/\/i3.wp.com\/imagens.3dlab.com.br\/wp-content\/uploads\/2023\/12\/03195426\/f2a4d684-7c5d-4308-8b7f-0a5017e2852f-2.jpg?resize=1000&w=1000","contentUrl":"https:\/\/i3.wp.com\/imagens.3dlab.com.br\/wp-content\/uploads\/2023\/12\/03195426\/f2a4d684-7c5d-4308-8b7f-0a5017e2852f-2.jpg?resize=1000&w=1000","width":"1000","height":"1000"},{"@type":"BreadcrumbList","@id":"https:\/\/projetosddwb.com.br\/3dlab\/product\/dry-box-2-0-desumidificador-de-filamento\/#breadcrumb","itemListElement":[{"@type":"ListItem","position":1,"name":"In\u00edcio","item":"https:\/\/projetosddwb.com.br\/3dlab\/"},{"@type":"ListItem","position":2,"name":"Loja","item":"https:\/\/projetosddwb.com.br\/3dlab\/loja\/"},{"@type":"ListItem","position":3,"name":"DRY BOX 2.0 &#8211; DESUMIDIFICADOR DE FILAMENTO"}]},{"@type":"WebSite","@id":"https:\/\/projetosddwb.com.br\/3dlab\/#website","url":"https:\/\/projetosddwb.com.br\/3dlab\/","name":"3D Lab","description":"","publisher":{"@id":"https:\/\/projetosddwb.com.br\/3dlab\/#organization"},"potentialAction":[{"@type":"SearchAction","target":{"@type":"EntryPoint","urlTemplate":"https:\/\/projetosddwb.com.br\/3dlab\/?s={search_term_string}"},"query-input":{"@type":"PropertyValueSpecification","valueRequired":true,"valueName":"search_term_string"}}],"inLanguage":"pt-BR"},{"@type":"Organization","@id":"https:\/\/projetosddwb.com.br\/3dlab\/#organization","name":"3D Lab","url":"https:\/\/projetosddwb.com.br\/3dlab\/","logo":{"@type":"ImageObject","inLanguage":"pt-BR","@id":"https:\/\/projetosddwb.com.br\/3dlab\/#\/schema\/logo\/image\/","url":"https:\/\/projetosddwb.com.br\/3dlab\/wp-content\/uploads\/2025\/04\/cropped-cropped-3D_HORI_ORIGINAL-1.png","contentUrl":"https:\/\/projetosddwb.com.br\/3dlab\/wp-content\/uploads\/2025\/04\/cropped-cropped-3D_HORI_ORIGINAL-1.png","width":597,"height":196,"caption":"3D Lab"},"image":{"@id":"https:\/\/projetosddwb.com.br\/3dlab\/#\/schema\/logo\/image\/"},"sameAs":["https:\/\/www.facebook.com\/3dlabbrasil\/?locale=pt_BR","https:\/\/www.instagram.com\/3dlab_brasil\/"]}]}},"fifu_image_url":"https:\/\/imagens.3dlab.com.br\/wp-content\/uploads\/2023\/12\/03195426\/f2a4d684-7c5d-4308-8b7f-0a5017e2852f-2.jpg","_links":{"self":[{"href":"https:\/\/projetosddwb.com.br\/3dlab\/wp-json\/wp\/v2\/product\/2296","targetHints":{"allow":["GET"]}}],"collection":[{"href":"https:\/\/projetosddwb.com.br\/3dlab\/wp-json\/wp\/v2\/product"}],"about":[{"href":"https:\/\/projetosddwb.com.br\/3dlab\/wp-json\/wp\/v2\/types\/product"}],"replies":[{"embeddable":true,"href":"https:\/\/projetosddwb.com.br\/3dlab\/wp-json\/wp\/v2\/comments?post=2296"}],"wp:featuredmedia":[{"embeddable":true,"href":"https:\/\/projetosddwb.com.br\/3dlab\/wp-json\/wp\/v2\/media\/29615"}],"wp:attachment":[{"href":"https:\/\/projetosddwb.com.br\/3dlab\/wp-json\/wp\/v2\/media?parent=2296"}],"wp:term":[{"taxonomy":"product_brand","embeddable":true,"href":"https:\/\/projetosddwb.com.br\/3dlab\/wp-json\/wp\/v2\/product_brand?post=2296"},{"taxonomy":"product_cat","embeddable":true,"href":"https:\/\/projetosddwb.com.br\/3dlab\/wp-json\/wp\/v2\/product_cat?post=2296"},{"taxonomy":"product_tag","embeddable":true,"href":"https:\/\/projetosddwb.com.br\/3dlab\/wp-json\/wp\/v2\/product_tag?post=2296"}],"curies":[{"name":"wp","href":"https:\/\/api.w.org\/{rel}","templated":true}]}}