{"id":2301,"date":"2024-04-18T16:12:44","date_gmt":"2024-04-18T19:12:44","guid":{"rendered":"https:\/\/projetosddwb.com.br\/3dlab\/?post_type=product&#038;p=2301"},"modified":"2025-04-04T00:57:31","modified_gmt":"2025-04-04T03:57:31","slug":"fan-cooler-s1","status":"publish","type":"product","link":"https:\/\/projetosddwb.com.br\/3dlab\/product\/fan-cooler-s1\/","title":{"rendered":"FAN COOLER S1"},"content":{"rendered":"<h2>Fan Cooler linha S1<\/h2>\n<p>Fan Cooler S1 60X15 24V<\/p>\n<p>-Facilidade na troca<br \/>\n-Dissipa\u00e7\u00e3o de calor eficiente<br \/>\n-Baixo no funcionamento<\/p>\n<p>Compat\u00edvel: Ender-3 S1, Ender-3 S1 Pro, Ender-3 S1 Plus, Ender-5 S1, Ender-3 V3 KE<\/p>\n","protected":false},"excerpt":{"rendered":"<p>Fan Cooler linha S1 Fan Cooler S1 60X15 24V -Facilidade na troca -Dissipa\u00e7\u00e3o de calor eficiente -Baixo no funcionamento Compat\u00edvel: Ender-3 S1, Ender-3 S1 Pro, Ender-3 S1 Plus, Ender-5 S1,&hellip;<\/p>\n","protected":false},"featured_media":29618,"comment_status":"open","ping_status":"closed","template":"","meta":[],"product_brand":[],"product_cat":[349,277,323],"product_tag":[],"class_list":{"0":"post-2301","1":"product","2":"type-product","3":"status-publish","4":"has-post-thumbnail","6":"product_cat-novos-produtos-revisar","7":"product_cat-pecas-e-acessorios","8":"product_cat-pecas-e-acessorios-2","9":"product_shipping_class-pecas-e-acessorios","11":"first","12":"instock","13":"sale","14":"shipping-taxable","15":"purchasable","16":"product-type-simple"},"yoast_head":"<!-- This site is optimized with the Yoast SEO plugin v24.8.1 - https:\/\/yoast.com\/wordpress\/plugins\/seo\/ -->\n<title>FAN COOLER S1 - 3D Lab<\/title>\n<meta name=\"description\" content=\"Fan Cooler S1 6015 Axial \u00e9 uma pe\u00e7a de reposi\u00e7\u00e3o para sua impressora 3D. Confira agora!\" \/>\n<meta name=\"robots\" content=\"index, follow, max-snippet:-1, max-image-preview:large, max-video-preview:-1\" \/>\n<link rel=\"canonical\" href=\"https:\/\/projetosddwb.com.br\/3dlab\/product\/fan-cooler-s1\/\" \/>\n<meta property=\"og:locale\" content=\"pt_BR\" \/>\n<meta property=\"og:type\" content=\"article\" \/>\n<meta property=\"og:title\" content=\"FAN COOLER S1 - 3D Lab\" \/>\n<meta property=\"og:description\" content=\"Fan Cooler S1 6015 Axial \u00e9 uma pe\u00e7a de reposi\u00e7\u00e3o para sua impressora 3D. Confira agora!\" \/>\n<meta property=\"og:url\" content=\"https:\/\/projetosddwb.com.br\/3dlab\/product\/fan-cooler-s1\/\" \/>\n<meta property=\"og:site_name\" content=\"3D Lab\" \/>\n<meta property=\"article:publisher\" content=\"https:\/\/www.facebook.com\/3dlabbrasil\/?locale=pt_BR\" \/>\n<meta property=\"article:modified_time\" content=\"2025-04-04T03:57:31+00:00\" \/>\n<meta property=\"og:image\" content=\"https:\/\/imagens.3dlab.com.br\/wp-content\/uploads\/2023\/12\/27160047\/33bc8e4a-a2c6-4589-8307-006a23a6749c.jpg\" \/><meta property=\"og:image\" content=\"https:\/\/imagens.3dlab.com.br\/wp-content\/uploads\/2023\/12\/27160047\/33bc8e4a-a2c6-4589-8307-006a23a6749c.jpg\" \/>\n\t<meta property=\"og:image:width\" content=\"1500\" \/>\n\t<meta property=\"og:image:height\" content=\"1500\" \/>\n\t<meta property=\"og:image:type\" content=\"image\/jpeg\" \/>\n<meta name=\"twitter:card\" content=\"summary_large_image\" \/>\n<meta name=\"twitter:image\" content=\"https:\/\/imagens.3dlab.com.br\/wp-content\/uploads\/2023\/12\/27160047\/33bc8e4a-a2c6-4589-8307-006a23a6749c.jpg\" \/>\n<meta name=\"twitter:label1\" content=\"Est. tempo de leitura\" \/>\n\t<meta name=\"twitter:data1\" content=\"1 minuto\" \/>\n<script type=\"application\/ld+json\" class=\"yoast-schema-graph\">{\"@context\":\"https:\/\/schema.org\",\"@graph\":[{\"@type\":\"WebPage\",\"@id\":\"https:\/\/projetosddwb.com.br\/3dlab\/product\/fan-cooler-s1\/\",\"url\":\"https:\/\/projetosddwb.com.br\/3dlab\/product\/fan-cooler-s1\/\",\"name\":\"FAN COOLER S1 - 3D Lab\",\"isPartOf\":{\"@id\":\"https:\/\/projetosddwb.com.br\/3dlab\/#website\"},\"primaryImageOfPage\":{\"@id\":\"https:\/\/projetosddwb.com.br\/3dlab\/product\/fan-cooler-s1\/#primaryimage\"},\"image\":{\"@id\":\"https:\/\/projetosddwb.com.br\/3dlab\/product\/fan-cooler-s1\/#primaryimage\"},\"thumbnailUrl\":\"https:\/\/i0.wp.com\/imagens.3dlab.com.br\/wp-content\/uploads\/2023\/12\/27160047\/33bc8e4a-a2c6-4589-8307-006a23a6749c.jpg?resize=1500&w=1500\",\"datePublished\":\"2024-04-18T19:12:44+00:00\",\"dateModified\":\"2025-04-04T03:57:31+00:00\",\"description\":\"Fan Cooler S1 6015 Axial \u00e9 uma pe\u00e7a de reposi\u00e7\u00e3o para sua impressora 3D. Confira agora!\",\"breadcrumb\":{\"@id\":\"https:\/\/projetosddwb.com.br\/3dlab\/product\/fan-cooler-s1\/#breadcrumb\"},\"inLanguage\":\"pt-BR\",\"potentialAction\":[{\"@type\":\"ReadAction\",\"target\":[\"https:\/\/projetosddwb.com.br\/3dlab\/product\/fan-cooler-s1\/\"]}]},{\"@type\":\"ImageObject\",\"inLanguage\":\"pt-BR\",\"@id\":\"https:\/\/projetosddwb.com.br\/3dlab\/product\/fan-cooler-s1\/#primaryimage\",\"url\":\"https:\/\/i0.wp.com\/imagens.3dlab.com.br\/wp-content\/uploads\/2023\/12\/27160047\/33bc8e4a-a2c6-4589-8307-006a23a6749c.jpg?resize=1500&w=1500\",\"contentUrl\":\"https:\/\/i0.wp.com\/imagens.3dlab.com.br\/wp-content\/uploads\/2023\/12\/27160047\/33bc8e4a-a2c6-4589-8307-006a23a6749c.jpg?resize=1500&w=1500\",\"width\":\"1500\",\"height\":\"1500\"},{\"@type\":\"BreadcrumbList\",\"@id\":\"https:\/\/projetosddwb.com.br\/3dlab\/product\/fan-cooler-s1\/#breadcrumb\",\"itemListElement\":[{\"@type\":\"ListItem\",\"position\":1,\"name\":\"In\u00edcio\",\"item\":\"https:\/\/projetosddwb.com.br\/3dlab\/\"},{\"@type\":\"ListItem\",\"position\":2,\"name\":\"Loja\",\"item\":\"https:\/\/projetosddwb.com.br\/3dlab\/loja\/\"},{\"@type\":\"ListItem\",\"position\":3,\"name\":\"FAN COOLER S1\"}]},{\"@type\":\"WebSite\",\"@id\":\"https:\/\/projetosddwb.com.br\/3dlab\/#website\",\"url\":\"https:\/\/projetosddwb.com.br\/3dlab\/\",\"name\":\"3D Lab\",\"description\":\"\",\"publisher\":{\"@id\":\"https:\/\/projetosddwb.com.br\/3dlab\/#organization\"},\"potentialAction\":[{\"@type\":\"SearchAction\",\"target\":{\"@type\":\"EntryPoint\",\"urlTemplate\":\"https:\/\/projetosddwb.com.br\/3dlab\/?s={search_term_string}\"},\"query-input\":{\"@type\":\"PropertyValueSpecification\",\"valueRequired\":true,\"valueName\":\"search_term_string\"}}],\"inLanguage\":\"pt-BR\"},{\"@type\":\"Organization\",\"@id\":\"https:\/\/projetosddwb.com.br\/3dlab\/#organization\",\"name\":\"3D Lab\",\"url\":\"https:\/\/projetosddwb.com.br\/3dlab\/\",\"logo\":{\"@type\":\"ImageObject\",\"inLanguage\":\"pt-BR\",\"@id\":\"https:\/\/projetosddwb.com.br\/3dlab\/#\/schema\/logo\/image\/\",\"url\":\"https:\/\/projetosddwb.com.br\/3dlab\/wp-content\/uploads\/2025\/04\/cropped-cropped-3D_HORI_ORIGINAL-1.png\",\"contentUrl\":\"https:\/\/projetosddwb.com.br\/3dlab\/wp-content\/uploads\/2025\/04\/cropped-cropped-3D_HORI_ORIGINAL-1.png\",\"width\":597,\"height\":196,\"caption\":\"3D Lab\"},\"image\":{\"@id\":\"https:\/\/projetosddwb.com.br\/3dlab\/#\/schema\/logo\/image\/\"},\"sameAs\":[\"https:\/\/www.facebook.com\/3dlabbrasil\/?locale=pt_BR\",\"https:\/\/www.instagram.com\/3dlab_brasil\/\"]}]}<\/script>\n<!-- \/ Yoast SEO plugin. -->","yoast_head_json":{"title":"FAN COOLER S1 - 3D Lab","description":"Fan Cooler S1 6015 Axial \u00e9 uma pe\u00e7a de reposi\u00e7\u00e3o para sua impressora 3D. Confira agora!","robots":{"index":"index","follow":"follow","max-snippet":"max-snippet:-1","max-image-preview":"max-image-preview:large","max-video-preview":"max-video-preview:-1"},"canonical":"https:\/\/projetosddwb.com.br\/3dlab\/product\/fan-cooler-s1\/","og_locale":"pt_BR","og_type":"article","og_title":"FAN COOLER S1 - 3D Lab","og_description":"Fan Cooler S1 6015 Axial \u00e9 uma pe\u00e7a de reposi\u00e7\u00e3o para sua impressora 3D. Confira agora!","og_url":"https:\/\/projetosddwb.com.br\/3dlab\/product\/fan-cooler-s1\/","og_site_name":"3D Lab","article_publisher":"https:\/\/www.facebook.com\/3dlabbrasil\/?locale=pt_BR","article_modified_time":"2025-04-04T03:57:31+00:00","og_image":[{"url":"https:\/\/imagens.3dlab.com.br\/wp-content\/uploads\/2023\/12\/27160047\/33bc8e4a-a2c6-4589-8307-006a23a6749c.jpg","type":"","width":"","height":""},{"width":1500,"height":1500,"url":"https:\/\/imagens.3dlab.com.br\/wp-content\/uploads\/2023\/12\/27160047\/33bc8e4a-a2c6-4589-8307-006a23a6749c.jpg","type":"image\/jpeg"}],"twitter_card":"summary_large_image","twitter_image":"https:\/\/imagens.3dlab.com.br\/wp-content\/uploads\/2023\/12\/27160047\/33bc8e4a-a2c6-4589-8307-006a23a6749c.jpg","twitter_misc":{"Est. tempo de leitura":"1 minuto"},"schema":{"@context":"https:\/\/schema.org","@graph":[{"@type":"WebPage","@id":"https:\/\/projetosddwb.com.br\/3dlab\/product\/fan-cooler-s1\/","url":"https:\/\/projetosddwb.com.br\/3dlab\/product\/fan-cooler-s1\/","name":"FAN COOLER S1 - 3D Lab","isPartOf":{"@id":"https:\/\/projetosddwb.com.br\/3dlab\/#website"},"primaryImageOfPage":{"@id":"https:\/\/projetosddwb.com.br\/3dlab\/product\/fan-cooler-s1\/#primaryimage"},"image":{"@id":"https:\/\/projetosddwb.com.br\/3dlab\/product\/fan-cooler-s1\/#primaryimage"},"thumbnailUrl":"https:\/\/i0.wp.com\/imagens.3dlab.com.br\/wp-content\/uploads\/2023\/12\/27160047\/33bc8e4a-a2c6-4589-8307-006a23a6749c.jpg?resize=1500&w=1500","datePublished":"2024-04-18T19:12:44+00:00","dateModified":"2025-04-04T03:57:31+00:00","description":"Fan Cooler S1 6015 Axial \u00e9 uma pe\u00e7a de reposi\u00e7\u00e3o para sua impressora 3D. Confira agora!","breadcrumb":{"@id":"https:\/\/projetosddwb.com.br\/3dlab\/product\/fan-cooler-s1\/#breadcrumb"},"inLanguage":"pt-BR","potentialAction":[{"@type":"ReadAction","target":["https:\/\/projetosddwb.com.br\/3dlab\/product\/fan-cooler-s1\/"]}]},{"@type":"ImageObject","inLanguage":"pt-BR","@id":"https:\/\/projetosddwb.com.br\/3dlab\/product\/fan-cooler-s1\/#primaryimage","url":"https:\/\/i0.wp.com\/imagens.3dlab.com.br\/wp-content\/uploads\/2023\/12\/27160047\/33bc8e4a-a2c6-4589-8307-006a23a6749c.jpg?resize=1500&w=1500","contentUrl":"https:\/\/i0.wp.com\/imagens.3dlab.com.br\/wp-content\/uploads\/2023\/12\/27160047\/33bc8e4a-a2c6-4589-8307-006a23a6749c.jpg?resize=1500&w=1500","width":"1500","height":"1500"},{"@type":"BreadcrumbList","@id":"https:\/\/projetosddwb.com.br\/3dlab\/product\/fan-cooler-s1\/#breadcrumb","itemListElement":[{"@type":"ListItem","position":1,"name":"In\u00edcio","item":"https:\/\/projetosddwb.com.br\/3dlab\/"},{"@type":"ListItem","position":2,"name":"Loja","item":"https:\/\/projetosddwb.com.br\/3dlab\/loja\/"},{"@type":"ListItem","position":3,"name":"FAN COOLER S1"}]},{"@type":"WebSite","@id":"https:\/\/projetosddwb.com.br\/3dlab\/#website","url":"https:\/\/projetosddwb.com.br\/3dlab\/","name":"3D Lab","description":"","publisher":{"@id":"https:\/\/projetosddwb.com.br\/3dlab\/#organization"},"potentialAction":[{"@type":"SearchAction","target":{"@type":"EntryPoint","urlTemplate":"https:\/\/projetosddwb.com.br\/3dlab\/?s={search_term_string}"},"query-input":{"@type":"PropertyValueSpecification","valueRequired":true,"valueName":"search_term_string"}}],"inLanguage":"pt-BR"},{"@type":"Organization","@id":"https:\/\/projetosddwb.com.br\/3dlab\/#organization","name":"3D Lab","url":"https:\/\/projetosddwb.com.br\/3dlab\/","logo":{"@type":"ImageObject","inLanguage":"pt-BR","@id":"https:\/\/projetosddwb.com.br\/3dlab\/#\/schema\/logo\/image\/","url":"https:\/\/projetosddwb.com.br\/3dlab\/wp-content\/uploads\/2025\/04\/cropped-cropped-3D_HORI_ORIGINAL-1.png","contentUrl":"https:\/\/projetosddwb.com.br\/3dlab\/wp-content\/uploads\/2025\/04\/cropped-cropped-3D_HORI_ORIGINAL-1.png","width":597,"height":196,"caption":"3D Lab"},"image":{"@id":"https:\/\/projetosddwb.com.br\/3dlab\/#\/schema\/logo\/image\/"},"sameAs":["https:\/\/www.facebook.com\/3dlabbrasil\/?locale=pt_BR","https:\/\/www.instagram.com\/3dlab_brasil\/"]}]}},"fifu_image_url":"https:\/\/imagens.3dlab.com.br\/wp-content\/uploads\/2023\/12\/27160047\/33bc8e4a-a2c6-4589-8307-006a23a6749c.jpg","_links":{"self":[{"href":"https:\/\/projetosddwb.com.br\/3dlab\/wp-json\/wp\/v2\/product\/2301","targetHints":{"allow":["GET"]}}],"collection":[{"href":"https:\/\/projetosddwb.com.br\/3dlab\/wp-json\/wp\/v2\/product"}],"about":[{"href":"https:\/\/projetosddwb.com.br\/3dlab\/wp-json\/wp\/v2\/types\/product"}],"replies":[{"embeddable":true,"href":"https:\/\/projetosddwb.com.br\/3dlab\/wp-json\/wp\/v2\/comments?post=2301"}],"wp:featuredmedia":[{"embeddable":true,"href":"https:\/\/projetosddwb.com.br\/3dlab\/wp-json\/wp\/v2\/media\/29618"}],"wp:attachment":[{"href":"https:\/\/projetosddwb.com.br\/3dlab\/wp-json\/wp\/v2\/media?parent=2301"}],"wp:term":[{"taxonomy":"product_brand","embeddable":true,"href":"https:\/\/projetosddwb.com.br\/3dlab\/wp-json\/wp\/v2\/product_brand?post=2301"},{"taxonomy":"product_cat","embeddable":true,"href":"https:\/\/projetosddwb.com.br\/3dlab\/wp-json\/wp\/v2\/product_cat?post=2301"},{"taxonomy":"product_tag","embeddable":true,"href":"https:\/\/projetosddwb.com.br\/3dlab\/wp-json\/wp\/v2\/product_tag?post=2301"}],"curies":[{"name":"wp","href":"https:\/\/api.w.org\/{rel}","templated":true}]}}