{"id":705,"date":"2024-04-18T10:25:44","date_gmt":"2024-04-18T13:25:44","guid":{"rendered":"https:\/\/projetosddwb.com.br\/3dlab\/?post_type=product&amp;p=705"},"modified":"2024-04-18T10:25:44","modified_gmt":"2024-04-18T13:25:44","slug":"teflon-ptfe-bowden-175mm-4x2-1m","status":"publish","type":"product","link":"https:\/\/projetosddwb.com.br\/3dlab\/product\/teflon-ptfe-bowden-175mm-4x2-1m\/","title":{"rendered":"Teflon PTFE bowden 1,75mm (4&#215;2) 1m"},"content":{"rendered":"<p style=\"margin: 0cm; margin-bottom: .0001pt; background: white;\"><strong><span style=\"background: white;\">ESPECIFICA\u00c7\u00c3O DO TUBO BOWDEN:<\/span><\/strong><\/p>\n<ul>\n<li style=\"background: white;\"><span style=\"background: white;\">Tamanho do Tubo: 100cm (1,0 metro)<\/span><\/li>\n<li style=\"background: white;\"><span style=\"background: white;\">Di\u00e2metro Interno: 2.0mm ( Para filamentos 1,75 mm)<\/span><\/li>\n<li style=\"background: white;\"><span style=\"background: white;\">Di\u00e2metro Externo: 4.0mm<\/span><\/li>\n<li style=\"background: white;\"><span style=\"background: white;\">Temperatura m\u00e1xima: 260\u00b0C<\/span><\/li>\n<li style=\"background: white;\"><span style=\"background: white;\">Material: PTFE TEFLON (politetrafl\u00faoretileno)<\/span><\/li>\n<li style=\"background: white;\"><span style=\"background: white;\">Cor: Transparente Leitoso<\/span><\/li>\n<\/ul>\n","protected":false},"excerpt":{"rendered":"<p style=\"text-align: justify;\">Tubo conector para impressoras com alimentar tipo Bowden<\/p>\n<p style=\"text-align: justify;\">Di\u00e2metro exterior: 4mm<\/p>\n<p>Di\u00e2metro interno: 2mm<\/p>\n<p>Material: Teflon (PTFE)<\/p>\n<p>Cor: branco<\/p>\n<p>Resist\u00eancia ao desgaste<\/p>\n<p>Resistente a temperatura<\/p>\n<p style=\"text-align: justify;\"><em>**A promo\u00e7\u00e3o de Frete Gr\u00e1tis acima de R$400,00 em compras n\u00e3o \u00e9 v\u00e1lida com a aplica\u00e7\u00e3o do cupom de desconto.**<\/em><\/p>\n","protected":false},"featured_media":713,"comment_status":"closed","ping_status":"closed","template":"","meta":[],"product_brand":[],"product_cat":[279,277],"product_tag":[],"class_list":{"0":"post-705","1":"product","2":"type-product","3":"status-publish","4":"has-post-thumbnail","6":"product_cat-pecas-de-reposicao","7":"product_cat-pecas-e-acessorios","8":"product_shipping_class-pecas-e-acessorios","10":"first","11":"instock","12":"sale","13":"shipping-taxable","14":"purchasable","15":"product-type-simple"},"yoast_head":"<!-- This site is optimized with the Yoast SEO plugin v24.8.1 - https:\/\/yoast.com\/wordpress\/plugins\/seo\/ -->\n<title>Teflon PTFE bowden 1,75mm (4x2) 1m - 3D Lab<\/title>\n<meta name=\"robots\" content=\"index, follow, max-snippet:-1, max-image-preview:large, max-video-preview:-1\" \/>\n<link rel=\"canonical\" href=\"https:\/\/projetosddwb.com.br\/3dlab\/product\/teflon-ptfe-bowden-175mm-4x2-1m\/\" \/>\n<meta property=\"og:locale\" content=\"pt_BR\" \/>\n<meta property=\"og:type\" content=\"article\" \/>\n<meta property=\"og:title\" content=\"Teflon PTFE bowden 1,75mm (4x2) 1m - 3D Lab\" \/>\n<meta property=\"og:description\" content=\"Tubo conector para impressoras com alimentar tipo Bowden Di\u00e2metro exterior: 4mm Di\u00e2metro interno: 2mm Material: Teflon (PTFE) Cor: branco Resist\u00eancia ao desgaste Resistente a temperatura **A promo\u00e7\u00e3o de Frete Gr\u00e1tis acima de R$400,00 em compras n\u00e3o \u00e9 v\u00e1lida com a aplica\u00e7\u00e3o do cupom de desconto.**\" \/>\n<meta property=\"og:url\" content=\"https:\/\/projetosddwb.com.br\/3dlab\/product\/teflon-ptfe-bowden-175mm-4x2-1m\/\" \/>\n<meta property=\"og:site_name\" content=\"3D Lab\" \/>\n<meta property=\"article:publisher\" content=\"https:\/\/www.facebook.com\/3dlabbrasil\/?locale=pt_BR\" \/>\n<meta name=\"twitter:card\" content=\"summary_large_image\" \/>\n<script type=\"application\/ld+json\" class=\"yoast-schema-graph\">{\"@context\":\"https:\/\/schema.org\",\"@graph\":[{\"@type\":\"WebPage\",\"@id\":\"https:\/\/projetosddwb.com.br\/3dlab\/product\/teflon-ptfe-bowden-175mm-4x2-1m\/\",\"url\":\"https:\/\/projetosddwb.com.br\/3dlab\/product\/teflon-ptfe-bowden-175mm-4x2-1m\/\",\"name\":\"Teflon PTFE bowden 1,75mm (4x2) 1m - 3D Lab\",\"isPartOf\":{\"@id\":\"https:\/\/projetosddwb.com.br\/3dlab\/#website\"},\"primaryImageOfPage\":{\"@id\":\"https:\/\/projetosddwb.com.br\/3dlab\/product\/teflon-ptfe-bowden-175mm-4x2-1m\/#primaryimage\"},\"image\":{\"@id\":\"https:\/\/projetosddwb.com.br\/3dlab\/product\/teflon-ptfe-bowden-175mm-4x2-1m\/#primaryimage\"},\"thumbnailUrl\":\"\",\"datePublished\":\"2024-04-18T13:25:44+00:00\",\"breadcrumb\":{\"@id\":\"https:\/\/projetosddwb.com.br\/3dlab\/product\/teflon-ptfe-bowden-175mm-4x2-1m\/#breadcrumb\"},\"inLanguage\":\"pt-BR\",\"potentialAction\":[{\"@type\":\"ReadAction\",\"target\":[\"https:\/\/projetosddwb.com.br\/3dlab\/product\/teflon-ptfe-bowden-175mm-4x2-1m\/\"]}]},{\"@type\":\"ImageObject\",\"inLanguage\":\"pt-BR\",\"@id\":\"https:\/\/projetosddwb.com.br\/3dlab\/product\/teflon-ptfe-bowden-175mm-4x2-1m\/#primaryimage\",\"url\":\"\",\"contentUrl\":\"\"},{\"@type\":\"BreadcrumbList\",\"@id\":\"https:\/\/projetosddwb.com.br\/3dlab\/product\/teflon-ptfe-bowden-175mm-4x2-1m\/#breadcrumb\",\"itemListElement\":[{\"@type\":\"ListItem\",\"position\":1,\"name\":\"In\u00edcio\",\"item\":\"https:\/\/projetosddwb.com.br\/3dlab\/\"},{\"@type\":\"ListItem\",\"position\":2,\"name\":\"Loja\",\"item\":\"https:\/\/projetosddwb.com.br\/3dlab\/loja\/\"},{\"@type\":\"ListItem\",\"position\":3,\"name\":\"Teflon PTFE bowden 1,75mm (4&#215;2) 1m\"}]},{\"@type\":\"WebSite\",\"@id\":\"https:\/\/projetosddwb.com.br\/3dlab\/#website\",\"url\":\"https:\/\/projetosddwb.com.br\/3dlab\/\",\"name\":\"3D Lab\",\"description\":\"\",\"publisher\":{\"@id\":\"https:\/\/projetosddwb.com.br\/3dlab\/#organization\"},\"potentialAction\":[{\"@type\":\"SearchAction\",\"target\":{\"@type\":\"EntryPoint\",\"urlTemplate\":\"https:\/\/projetosddwb.com.br\/3dlab\/?s={search_term_string}\"},\"query-input\":{\"@type\":\"PropertyValueSpecification\",\"valueRequired\":true,\"valueName\":\"search_term_string\"}}],\"inLanguage\":\"pt-BR\"},{\"@type\":\"Organization\",\"@id\":\"https:\/\/projetosddwb.com.br\/3dlab\/#organization\",\"name\":\"3D Lab\",\"url\":\"https:\/\/projetosddwb.com.br\/3dlab\/\",\"logo\":{\"@type\":\"ImageObject\",\"inLanguage\":\"pt-BR\",\"@id\":\"https:\/\/projetosddwb.com.br\/3dlab\/#\/schema\/logo\/image\/\",\"url\":\"https:\/\/projetosddwb.com.br\/3dlab\/wp-content\/uploads\/2025\/04\/cropped-cropped-3D_HORI_ORIGINAL-1.png\",\"contentUrl\":\"https:\/\/projetosddwb.com.br\/3dlab\/wp-content\/uploads\/2025\/04\/cropped-cropped-3D_HORI_ORIGINAL-1.png\",\"width\":597,\"height\":196,\"caption\":\"3D Lab\"},\"image\":{\"@id\":\"https:\/\/projetosddwb.com.br\/3dlab\/#\/schema\/logo\/image\/\"},\"sameAs\":[\"https:\/\/www.facebook.com\/3dlabbrasil\/?locale=pt_BR\",\"https:\/\/www.instagram.com\/3dlab_brasil\/\"]}]}<\/script>\n<!-- \/ Yoast SEO plugin. -->","yoast_head_json":{"title":"Teflon PTFE bowden 1,75mm (4x2) 1m - 3D Lab","robots":{"index":"index","follow":"follow","max-snippet":"max-snippet:-1","max-image-preview":"max-image-preview:large","max-video-preview":"max-video-preview:-1"},"canonical":"https:\/\/projetosddwb.com.br\/3dlab\/product\/teflon-ptfe-bowden-175mm-4x2-1m\/","og_locale":"pt_BR","og_type":"article","og_title":"Teflon PTFE bowden 1,75mm (4x2) 1m - 3D Lab","og_description":"Tubo conector para impressoras com alimentar tipo Bowden Di\u00e2metro exterior: 4mm Di\u00e2metro interno: 2mm Material: Teflon (PTFE) Cor: branco Resist\u00eancia ao desgaste Resistente a temperatura **A promo\u00e7\u00e3o de Frete Gr\u00e1tis acima de R$400,00 em compras n\u00e3o \u00e9 v\u00e1lida com a aplica\u00e7\u00e3o do cupom de desconto.**","og_url":"https:\/\/projetosddwb.com.br\/3dlab\/product\/teflon-ptfe-bowden-175mm-4x2-1m\/","og_site_name":"3D Lab","article_publisher":"https:\/\/www.facebook.com\/3dlabbrasil\/?locale=pt_BR","twitter_card":"summary_large_image","schema":{"@context":"https:\/\/schema.org","@graph":[{"@type":"WebPage","@id":"https:\/\/projetosddwb.com.br\/3dlab\/product\/teflon-ptfe-bowden-175mm-4x2-1m\/","url":"https:\/\/projetosddwb.com.br\/3dlab\/product\/teflon-ptfe-bowden-175mm-4x2-1m\/","name":"Teflon PTFE bowden 1,75mm (4x2) 1m - 3D Lab","isPartOf":{"@id":"https:\/\/projetosddwb.com.br\/3dlab\/#website"},"primaryImageOfPage":{"@id":"https:\/\/projetosddwb.com.br\/3dlab\/product\/teflon-ptfe-bowden-175mm-4x2-1m\/#primaryimage"},"image":{"@id":"https:\/\/projetosddwb.com.br\/3dlab\/product\/teflon-ptfe-bowden-175mm-4x2-1m\/#primaryimage"},"thumbnailUrl":"","datePublished":"2024-04-18T13:25:44+00:00","breadcrumb":{"@id":"https:\/\/projetosddwb.com.br\/3dlab\/product\/teflon-ptfe-bowden-175mm-4x2-1m\/#breadcrumb"},"inLanguage":"pt-BR","potentialAction":[{"@type":"ReadAction","target":["https:\/\/projetosddwb.com.br\/3dlab\/product\/teflon-ptfe-bowden-175mm-4x2-1m\/"]}]},{"@type":"ImageObject","inLanguage":"pt-BR","@id":"https:\/\/projetosddwb.com.br\/3dlab\/product\/teflon-ptfe-bowden-175mm-4x2-1m\/#primaryimage","url":"","contentUrl":""},{"@type":"BreadcrumbList","@id":"https:\/\/projetosddwb.com.br\/3dlab\/product\/teflon-ptfe-bowden-175mm-4x2-1m\/#breadcrumb","itemListElement":[{"@type":"ListItem","position":1,"name":"In\u00edcio","item":"https:\/\/projetosddwb.com.br\/3dlab\/"},{"@type":"ListItem","position":2,"name":"Loja","item":"https:\/\/projetosddwb.com.br\/3dlab\/loja\/"},{"@type":"ListItem","position":3,"name":"Teflon PTFE bowden 1,75mm (4&#215;2) 1m"}]},{"@type":"WebSite","@id":"https:\/\/projetosddwb.com.br\/3dlab\/#website","url":"https:\/\/projetosddwb.com.br\/3dlab\/","name":"3D Lab","description":"","publisher":{"@id":"https:\/\/projetosddwb.com.br\/3dlab\/#organization"},"potentialAction":[{"@type":"SearchAction","target":{"@type":"EntryPoint","urlTemplate":"https:\/\/projetosddwb.com.br\/3dlab\/?s={search_term_string}"},"query-input":{"@type":"PropertyValueSpecification","valueRequired":true,"valueName":"search_term_string"}}],"inLanguage":"pt-BR"},{"@type":"Organization","@id":"https:\/\/projetosddwb.com.br\/3dlab\/#organization","name":"3D Lab","url":"https:\/\/projetosddwb.com.br\/3dlab\/","logo":{"@type":"ImageObject","inLanguage":"pt-BR","@id":"https:\/\/projetosddwb.com.br\/3dlab\/#\/schema\/logo\/image\/","url":"https:\/\/projetosddwb.com.br\/3dlab\/wp-content\/uploads\/2025\/04\/cropped-cropped-3D_HORI_ORIGINAL-1.png","contentUrl":"https:\/\/projetosddwb.com.br\/3dlab\/wp-content\/uploads\/2025\/04\/cropped-cropped-3D_HORI_ORIGINAL-1.png","width":597,"height":196,"caption":"3D Lab"},"image":{"@id":"https:\/\/projetosddwb.com.br\/3dlab\/#\/schema\/logo\/image\/"},"sameAs":["https:\/\/www.facebook.com\/3dlabbrasil\/?locale=pt_BR","https:\/\/www.instagram.com\/3dlab_brasil\/"]}]}},"_links":{"self":[{"href":"https:\/\/projetosddwb.com.br\/3dlab\/wp-json\/wp\/v2\/product\/705","targetHints":{"allow":["GET"]}}],"collection":[{"href":"https:\/\/projetosddwb.com.br\/3dlab\/wp-json\/wp\/v2\/product"}],"about":[{"href":"https:\/\/projetosddwb.com.br\/3dlab\/wp-json\/wp\/v2\/types\/product"}],"replies":[{"embeddable":true,"href":"https:\/\/projetosddwb.com.br\/3dlab\/wp-json\/wp\/v2\/comments?post=705"}],"wp:featuredmedia":[{"embeddable":true,"href":"https:\/\/projetosddwb.com.br\/3dlab\/wp-json\/"}],"wp:attachment":[{"href":"https:\/\/projetosddwb.com.br\/3dlab\/wp-json\/wp\/v2\/media?parent=705"}],"wp:term":[{"taxonomy":"product_brand","embeddable":true,"href":"https:\/\/projetosddwb.com.br\/3dlab\/wp-json\/wp\/v2\/product_brand?post=705"},{"taxonomy":"product_cat","embeddable":true,"href":"https:\/\/projetosddwb.com.br\/3dlab\/wp-json\/wp\/v2\/product_cat?post=705"},{"taxonomy":"product_tag","embeddable":true,"href":"https:\/\/projetosddwb.com.br\/3dlab\/wp-json\/wp\/v2\/product_tag?post=705"}],"curies":[{"name":"wp","href":"https:\/\/api.w.org\/{rel}","templated":true}]}}