{"id":735,"date":"2024-04-18T10:29:21","date_gmt":"2024-04-18T13:29:21","guid":{"rendered":"https:\/\/projetosddwb.com.br\/3dlab\/?post_type=product&amp;p=735"},"modified":"2024-04-18T10:29:21","modified_gmt":"2024-04-18T13:29:21","slug":"modulo-expansao-energia-mesa-aquecida-mosfet","status":"publish","type":"product","link":"https:\/\/projetosddwb.com.br\/3dlab\/product\/modulo-expansao-energia-mesa-aquecida-mosfet\/","title":{"rendered":"M\u00f3dulo expans\u00e3o energia mesa aquecida (Mosfet)"},"content":{"rendered":"<p><strong>M\u00f3dulo de expans\u00e3o e controle para utiliza\u00e7\u00e3o na mesa da impressora 3D que aumenta a capacidade de suporte da corrente para 25A.<\/strong><\/p>\n<p>Especifica\u00e7\u00f5es:<\/p>\n<ul>\n<li>Corrente m\u00e1x: 25A<\/li>\n<li>Dimens\u00f5es: 60x50x32mm<\/li>\n<\/ul>\n<p><strong>Compat\u00edvel com Ender 5 Plus<\/strong><\/p>\n","protected":false},"excerpt":{"rendered":"<p style=\"text-align: justify;\">Tem f\u00e1cil instala\u00e7\u00e3o, deixando um \u00f3timo acabamento e trabalho profissional.<\/p>\n<p style=\"text-align: justify;\">Se voc\u00ea est\u00e1 com problema nas conex\u00f5es de pot\u00eancia da Heatbead e Hotend, este modulo \u00e9 o que voc\u00ea precisa, suportando corrente de at\u00e9 25A, voc\u00ea n\u00e3o ter\u00e1 mais problemas durante sua impress\u00e3o.<\/p>\n","protected":false},"featured_media":789,"comment_status":"closed","ping_status":"closed","template":"","meta":[],"product_brand":[],"product_cat":[277],"product_tag":[433,434],"class_list":{"0":"post-735","1":"product","2":"type-product","3":"status-publish","4":"has-post-thumbnail","6":"product_cat-pecas-e-acessorios","7":"product_tag-modulo-de-expansao","8":"product_tag-mosfet","9":"product_shipping_class-pecas-e-acessorios","11":"first","12":"instock","13":"sale","14":"shipping-taxable","15":"purchasable","16":"product-type-simple"},"yoast_head":"<!-- This site is optimized with the Yoast SEO plugin v24.8.1 - https:\/\/yoast.com\/wordpress\/plugins\/seo\/ -->\n<title>M\u00f3dulo expans\u00e3o energia mesa aquecida (Mosfet) - 3D Lab<\/title>\n<meta name=\"robots\" content=\"index, follow, max-snippet:-1, max-image-preview:large, max-video-preview:-1\" \/>\n<link rel=\"canonical\" href=\"https:\/\/projetosddwb.com.br\/3dlab\/product\/modulo-expansao-energia-mesa-aquecida-mosfet\/\" \/>\n<meta property=\"og:locale\" content=\"pt_BR\" \/>\n<meta property=\"og:type\" content=\"article\" \/>\n<meta property=\"og:title\" content=\"M\u00f3dulo expans\u00e3o energia mesa aquecida (Mosfet) - 3D Lab\" \/>\n<meta property=\"og:description\" content=\"Tem f\u00e1cil instala\u00e7\u00e3o, deixando um \u00f3timo acabamento e trabalho profissional. Se voc\u00ea est\u00e1 com problema nas conex\u00f5es de pot\u00eancia da Heatbead e Hotend, este modulo \u00e9 o que voc\u00ea precisa, suportando corrente de at\u00e9 25A, voc\u00ea n\u00e3o ter\u00e1 mais problemas durante sua impress\u00e3o.\" \/>\n<meta property=\"og:url\" content=\"https:\/\/projetosddwb.com.br\/3dlab\/product\/modulo-expansao-energia-mesa-aquecida-mosfet\/\" \/>\n<meta property=\"og:site_name\" content=\"3D Lab\" \/>\n<meta property=\"article:publisher\" content=\"https:\/\/www.facebook.com\/3dlabbrasil\/?locale=pt_BR\" \/>\n<meta name=\"twitter:card\" content=\"summary_large_image\" \/>\n<script type=\"application\/ld+json\" class=\"yoast-schema-graph\">{\"@context\":\"https:\/\/schema.org\",\"@graph\":[{\"@type\":\"WebPage\",\"@id\":\"https:\/\/projetosddwb.com.br\/3dlab\/product\/modulo-expansao-energia-mesa-aquecida-mosfet\/\",\"url\":\"https:\/\/projetosddwb.com.br\/3dlab\/product\/modulo-expansao-energia-mesa-aquecida-mosfet\/\",\"name\":\"M\u00f3dulo expans\u00e3o energia mesa aquecida (Mosfet) - 3D Lab\",\"isPartOf\":{\"@id\":\"https:\/\/projetosddwb.com.br\/3dlab\/#website\"},\"primaryImageOfPage\":{\"@id\":\"https:\/\/projetosddwb.com.br\/3dlab\/product\/modulo-expansao-energia-mesa-aquecida-mosfet\/#primaryimage\"},\"image\":{\"@id\":\"https:\/\/projetosddwb.com.br\/3dlab\/product\/modulo-expansao-energia-mesa-aquecida-mosfet\/#primaryimage\"},\"thumbnailUrl\":\"\",\"datePublished\":\"2024-04-18T13:29:21+00:00\",\"breadcrumb\":{\"@id\":\"https:\/\/projetosddwb.com.br\/3dlab\/product\/modulo-expansao-energia-mesa-aquecida-mosfet\/#breadcrumb\"},\"inLanguage\":\"pt-BR\",\"potentialAction\":[{\"@type\":\"ReadAction\",\"target\":[\"https:\/\/projetosddwb.com.br\/3dlab\/product\/modulo-expansao-energia-mesa-aquecida-mosfet\/\"]}]},{\"@type\":\"ImageObject\",\"inLanguage\":\"pt-BR\",\"@id\":\"https:\/\/projetosddwb.com.br\/3dlab\/product\/modulo-expansao-energia-mesa-aquecida-mosfet\/#primaryimage\",\"url\":\"\",\"contentUrl\":\"\"},{\"@type\":\"BreadcrumbList\",\"@id\":\"https:\/\/projetosddwb.com.br\/3dlab\/product\/modulo-expansao-energia-mesa-aquecida-mosfet\/#breadcrumb\",\"itemListElement\":[{\"@type\":\"ListItem\",\"position\":1,\"name\":\"In\u00edcio\",\"item\":\"https:\/\/projetosddwb.com.br\/3dlab\/\"},{\"@type\":\"ListItem\",\"position\":2,\"name\":\"Loja\",\"item\":\"https:\/\/projetosddwb.com.br\/3dlab\/loja\/\"},{\"@type\":\"ListItem\",\"position\":3,\"name\":\"M\u00f3dulo expans\u00e3o energia mesa aquecida (Mosfet)\"}]},{\"@type\":\"WebSite\",\"@id\":\"https:\/\/projetosddwb.com.br\/3dlab\/#website\",\"url\":\"https:\/\/projetosddwb.com.br\/3dlab\/\",\"name\":\"3D Lab\",\"description\":\"\",\"publisher\":{\"@id\":\"https:\/\/projetosddwb.com.br\/3dlab\/#organization\"},\"potentialAction\":[{\"@type\":\"SearchAction\",\"target\":{\"@type\":\"EntryPoint\",\"urlTemplate\":\"https:\/\/projetosddwb.com.br\/3dlab\/?s={search_term_string}\"},\"query-input\":{\"@type\":\"PropertyValueSpecification\",\"valueRequired\":true,\"valueName\":\"search_term_string\"}}],\"inLanguage\":\"pt-BR\"},{\"@type\":\"Organization\",\"@id\":\"https:\/\/projetosddwb.com.br\/3dlab\/#organization\",\"name\":\"3D Lab\",\"url\":\"https:\/\/projetosddwb.com.br\/3dlab\/\",\"logo\":{\"@type\":\"ImageObject\",\"inLanguage\":\"pt-BR\",\"@id\":\"https:\/\/projetosddwb.com.br\/3dlab\/#\/schema\/logo\/image\/\",\"url\":\"https:\/\/projetosddwb.com.br\/3dlab\/wp-content\/uploads\/2025\/04\/cropped-cropped-3D_HORI_ORIGINAL-1.png\",\"contentUrl\":\"https:\/\/projetosddwb.com.br\/3dlab\/wp-content\/uploads\/2025\/04\/cropped-cropped-3D_HORI_ORIGINAL-1.png\",\"width\":597,\"height\":196,\"caption\":\"3D Lab\"},\"image\":{\"@id\":\"https:\/\/projetosddwb.com.br\/3dlab\/#\/schema\/logo\/image\/\"},\"sameAs\":[\"https:\/\/www.facebook.com\/3dlabbrasil\/?locale=pt_BR\",\"https:\/\/www.instagram.com\/3dlab_brasil\/\"]}]}<\/script>\n<!-- \/ Yoast SEO plugin. -->","yoast_head_json":{"title":"M\u00f3dulo expans\u00e3o energia mesa aquecida (Mosfet) - 3D Lab","robots":{"index":"index","follow":"follow","max-snippet":"max-snippet:-1","max-image-preview":"max-image-preview:large","max-video-preview":"max-video-preview:-1"},"canonical":"https:\/\/projetosddwb.com.br\/3dlab\/product\/modulo-expansao-energia-mesa-aquecida-mosfet\/","og_locale":"pt_BR","og_type":"article","og_title":"M\u00f3dulo expans\u00e3o energia mesa aquecida (Mosfet) - 3D Lab","og_description":"Tem f\u00e1cil instala\u00e7\u00e3o, deixando um \u00f3timo acabamento e trabalho profissional. Se voc\u00ea est\u00e1 com problema nas conex\u00f5es de pot\u00eancia da Heatbead e Hotend, este modulo \u00e9 o que voc\u00ea precisa, suportando corrente de at\u00e9 25A, voc\u00ea n\u00e3o ter\u00e1 mais problemas durante sua impress\u00e3o.","og_url":"https:\/\/projetosddwb.com.br\/3dlab\/product\/modulo-expansao-energia-mesa-aquecida-mosfet\/","og_site_name":"3D Lab","article_publisher":"https:\/\/www.facebook.com\/3dlabbrasil\/?locale=pt_BR","twitter_card":"summary_large_image","schema":{"@context":"https:\/\/schema.org","@graph":[{"@type":"WebPage","@id":"https:\/\/projetosddwb.com.br\/3dlab\/product\/modulo-expansao-energia-mesa-aquecida-mosfet\/","url":"https:\/\/projetosddwb.com.br\/3dlab\/product\/modulo-expansao-energia-mesa-aquecida-mosfet\/","name":"M\u00f3dulo expans\u00e3o energia mesa aquecida (Mosfet) - 3D Lab","isPartOf":{"@id":"https:\/\/projetosddwb.com.br\/3dlab\/#website"},"primaryImageOfPage":{"@id":"https:\/\/projetosddwb.com.br\/3dlab\/product\/modulo-expansao-energia-mesa-aquecida-mosfet\/#primaryimage"},"image":{"@id":"https:\/\/projetosddwb.com.br\/3dlab\/product\/modulo-expansao-energia-mesa-aquecida-mosfet\/#primaryimage"},"thumbnailUrl":"","datePublished":"2024-04-18T13:29:21+00:00","breadcrumb":{"@id":"https:\/\/projetosddwb.com.br\/3dlab\/product\/modulo-expansao-energia-mesa-aquecida-mosfet\/#breadcrumb"},"inLanguage":"pt-BR","potentialAction":[{"@type":"ReadAction","target":["https:\/\/projetosddwb.com.br\/3dlab\/product\/modulo-expansao-energia-mesa-aquecida-mosfet\/"]}]},{"@type":"ImageObject","inLanguage":"pt-BR","@id":"https:\/\/projetosddwb.com.br\/3dlab\/product\/modulo-expansao-energia-mesa-aquecida-mosfet\/#primaryimage","url":"","contentUrl":""},{"@type":"BreadcrumbList","@id":"https:\/\/projetosddwb.com.br\/3dlab\/product\/modulo-expansao-energia-mesa-aquecida-mosfet\/#breadcrumb","itemListElement":[{"@type":"ListItem","position":1,"name":"In\u00edcio","item":"https:\/\/projetosddwb.com.br\/3dlab\/"},{"@type":"ListItem","position":2,"name":"Loja","item":"https:\/\/projetosddwb.com.br\/3dlab\/loja\/"},{"@type":"ListItem","position":3,"name":"M\u00f3dulo expans\u00e3o energia mesa aquecida (Mosfet)"}]},{"@type":"WebSite","@id":"https:\/\/projetosddwb.com.br\/3dlab\/#website","url":"https:\/\/projetosddwb.com.br\/3dlab\/","name":"3D Lab","description":"","publisher":{"@id":"https:\/\/projetosddwb.com.br\/3dlab\/#organization"},"potentialAction":[{"@type":"SearchAction","target":{"@type":"EntryPoint","urlTemplate":"https:\/\/projetosddwb.com.br\/3dlab\/?s={search_term_string}"},"query-input":{"@type":"PropertyValueSpecification","valueRequired":true,"valueName":"search_term_string"}}],"inLanguage":"pt-BR"},{"@type":"Organization","@id":"https:\/\/projetosddwb.com.br\/3dlab\/#organization","name":"3D Lab","url":"https:\/\/projetosddwb.com.br\/3dlab\/","logo":{"@type":"ImageObject","inLanguage":"pt-BR","@id":"https:\/\/projetosddwb.com.br\/3dlab\/#\/schema\/logo\/image\/","url":"https:\/\/projetosddwb.com.br\/3dlab\/wp-content\/uploads\/2025\/04\/cropped-cropped-3D_HORI_ORIGINAL-1.png","contentUrl":"https:\/\/projetosddwb.com.br\/3dlab\/wp-content\/uploads\/2025\/04\/cropped-cropped-3D_HORI_ORIGINAL-1.png","width":597,"height":196,"caption":"3D Lab"},"image":{"@id":"https:\/\/projetosddwb.com.br\/3dlab\/#\/schema\/logo\/image\/"},"sameAs":["https:\/\/www.facebook.com\/3dlabbrasil\/?locale=pt_BR","https:\/\/www.instagram.com\/3dlab_brasil\/"]}]}},"_links":{"self":[{"href":"https:\/\/projetosddwb.com.br\/3dlab\/wp-json\/wp\/v2\/product\/735","targetHints":{"allow":["GET"]}}],"collection":[{"href":"https:\/\/projetosddwb.com.br\/3dlab\/wp-json\/wp\/v2\/product"}],"about":[{"href":"https:\/\/projetosddwb.com.br\/3dlab\/wp-json\/wp\/v2\/types\/product"}],"replies":[{"embeddable":true,"href":"https:\/\/projetosddwb.com.br\/3dlab\/wp-json\/wp\/v2\/comments?post=735"}],"wp:featuredmedia":[{"embeddable":true,"href":"https:\/\/projetosddwb.com.br\/3dlab\/wp-json\/"}],"wp:attachment":[{"href":"https:\/\/projetosddwb.com.br\/3dlab\/wp-json\/wp\/v2\/media?parent=735"}],"wp:term":[{"taxonomy":"product_brand","embeddable":true,"href":"https:\/\/projetosddwb.com.br\/3dlab\/wp-json\/wp\/v2\/product_brand?post=735"},{"taxonomy":"product_cat","embeddable":true,"href":"https:\/\/projetosddwb.com.br\/3dlab\/wp-json\/wp\/v2\/product_cat?post=735"},{"taxonomy":"product_tag","embeddable":true,"href":"https:\/\/projetosddwb.com.br\/3dlab\/wp-json\/wp\/v2\/product_tag?post=735"}],"curies":[{"name":"wp","href":"https:\/\/api.w.org\/{rel}","templated":true}]}}