{"id":736,"date":"2024-04-18T10:29:21","date_gmt":"2024-04-18T13:29:21","guid":{"rendered":"https:\/\/projetosddwb.com.br\/3dlab\/?post_type=product&amp;p=736"},"modified":"2024-04-18T10:29:21","modified_gmt":"2024-04-18T13:29:21","slug":"placa-mks-gen-v1-4","status":"publish","type":"product","link":"https:\/\/projetosddwb.com.br\/3dlab\/product\/placa-mks-gen-v1-4\/","title":{"rendered":"Placa MKS Gen V1.4"},"content":{"rendered":"<p style=\"text-align: justify;\"><strong>A Placa MKS Gen V1.4 substitui Ramps e Ardu\u00edno!<\/strong><\/p>\n<p style=\"text-align: justify;\">Placa Controladora de Impressora 3D.<\/p>\n<p style=\"text-align: justify;\">Modelo completo.<\/p>\n<p style=\"text-align: justify;\">Dispensa a utiliza\u00e7\u00e3o do Arduino Mega2560.<\/p>\n<p><strong>ATEN\u00c7\u00c3O &#8211; N\u00e3o acompanha os drivers.<\/strong><\/p>\n<p style=\"text-align: justify;\">Compat\u00edvel com Driver 4988, 8825, 8729 e TMC2100.<\/p>\n<p style=\"text-align: justify;\">Compat\u00edvel com Display 20&#215;4 ou 128&#215;64.<\/p>\n<p style=\"text-align: justify;\">Resolve as falhas apresentadas pelo Ramps1.4.<\/p>\n<p style=\"text-align: justify;\">MOSFET de alta qualidade com melhor dissipa\u00e7\u00e3o de calor.<\/p>\n<p style=\"text-align: justify;\">Maior estabilidade a longo prazo.<\/p>\n<p style=\"text-align: justify;\">Configurado para at\u00e9 2 extrusoras.<\/p>\n<p style=\"text-align: justify;\">Conectores para termistores temperatura.<\/p>\n<p style=\"text-align: justify;\">Circuito de filtragem reduz a possibilidade de interfer\u00eancia.<\/p>\n<p style=\"text-align: justify;\">Firmware pode usar a mesma configura\u00e7\u00e3o que RAMPS1.4.<\/p>\n<p style=\"text-align: justify;\">4 sa\u00eddas mosfet com seletor de tens\u00e3o PWM (Mesa Aquecida, Extruder0, Extruder1, Ventoinhas).<\/p>\n<p style=\"text-align: justify;\">Eixo X Y Z com diferentes cores.<\/p>\n<p style=\"text-align: justify;\">6 conectores de alimenta\u00e7\u00e3o para Xmin\/Xmax\/Ymin\/Ymax\/Zmin\/Zmax.<\/p>\n<p style=\"text-align: justify;\">Excelente rela\u00e7\u00e3o custo x benef\u00edcio.<\/p>\n<p style=\"text-align: justify;\">Modelo: MKS Gen-L V1.0 MakerBase.<\/p>\n<p style=\"text-align: justify;\">Entrada de energia: 12V-24V.<\/p>\n<p style=\"text-align: justify;\">Microcontrolador: Atmega2560 (Mesmo do Arduino MEGA).<\/p>\n<p style=\"text-align: justify;\">Drivers compat\u00edveis: A4988, 8825, 8729 e TMC2100.<\/p>\n<p style=\"text-align: justify;\">Dimens\u00f5es (CxLxE): 110x84x20mm.<\/p>\n<p style=\"text-align: justify;\">Peso: 80g.<\/p>\n","protected":false},"excerpt":{"rendered":"<p style=\"margin: 0cm 0cm 0.0001pt;\">A\u00a0MKS Gen V1.4 \u00e9 uma Placa Controladora de Impressora 3D completa!<\/p>\n<p style=\"margin: 0cm 0cm 0.0001pt;\">Desenvolvida especialmente para facilitar a vida dos desenvolvedores, apresentando amplas corre\u00e7\u00f5es de vers\u00f5es anteriores, al\u00e9m de substituir o Arduino Mega e o Ramps 1.4 RepRap Shield, j\u00e1 que conta com microcontrolador Atmega2560 integrado. <strong>ATEN\u00c7\u00c3O &#8211; N\u00e3o acompanha os drivers.<\/strong><\/p>\n<p><em>**A promo\u00e7\u00e3o de Frete Gr\u00e1tis acima de R$400,00 em compras n\u00e3o \u00e9 v\u00e1lida com a aplica\u00e7\u00e3o do cupom de desconto.**<\/em><\/p>\n","protected":false},"featured_media":790,"comment_status":"closed","ping_status":"closed","template":"","meta":[],"product_brand":[],"product_cat":[277],"product_tag":[],"class_list":{"0":"post-736","1":"product","2":"type-product","3":"status-publish","4":"has-post-thumbnail","6":"product_cat-pecas-e-acessorios","7":"product_shipping_class-pecas-e-acessorios","9":"first","10":"instock","11":"sale","12":"shipping-taxable","13":"purchasable","14":"product-type-simple"},"yoast_head":"<!-- This site is optimized with the Yoast SEO plugin v24.8.1 - https:\/\/yoast.com\/wordpress\/plugins\/seo\/ -->\n<title>Placa MKS Gen V1.4 - 3D Lab<\/title>\n<meta name=\"robots\" content=\"index, follow, max-snippet:-1, max-image-preview:large, max-video-preview:-1\" \/>\n<link rel=\"canonical\" href=\"https:\/\/projetosddwb.com.br\/3dlab\/product\/placa-mks-gen-v1-4\/\" \/>\n<meta property=\"og:locale\" content=\"pt_BR\" \/>\n<meta property=\"og:type\" content=\"article\" \/>\n<meta property=\"og:title\" content=\"Placa MKS Gen V1.4 - 3D Lab\" \/>\n<meta property=\"og:description\" content=\"A\u00a0MKS Gen V1.4 \u00e9 uma Placa Controladora de Impressora 3D completa! Desenvolvida especialmente para facilitar a vida dos desenvolvedores, apresentando amplas corre\u00e7\u00f5es de vers\u00f5es anteriores, al\u00e9m de substituir o Arduino Mega e o Ramps 1.4 RepRap Shield, j\u00e1 que conta com microcontrolador Atmega2560 integrado. ATEN\u00c7\u00c3O - N\u00e3o acompanha os drivers. **A promo\u00e7\u00e3o de Frete Gr\u00e1tis acima de R$400,00 em compras n\u00e3o \u00e9 v\u00e1lida com a aplica\u00e7\u00e3o do cupom de desconto.**\" \/>\n<meta property=\"og:url\" content=\"https:\/\/projetosddwb.com.br\/3dlab\/product\/placa-mks-gen-v1-4\/\" \/>\n<meta property=\"og:site_name\" content=\"3D Lab\" \/>\n<meta property=\"article:publisher\" content=\"https:\/\/www.facebook.com\/3dlabbrasil\/?locale=pt_BR\" \/>\n<meta name=\"twitter:card\" content=\"summary_large_image\" \/>\n<meta name=\"twitter:label1\" content=\"Est. tempo de leitura\" \/>\n\t<meta name=\"twitter:data1\" content=\"1 minuto\" \/>\n<script type=\"application\/ld+json\" class=\"yoast-schema-graph\">{\"@context\":\"https:\/\/schema.org\",\"@graph\":[{\"@type\":\"WebPage\",\"@id\":\"https:\/\/projetosddwb.com.br\/3dlab\/product\/placa-mks-gen-v1-4\/\",\"url\":\"https:\/\/projetosddwb.com.br\/3dlab\/product\/placa-mks-gen-v1-4\/\",\"name\":\"Placa MKS Gen V1.4 - 3D Lab\",\"isPartOf\":{\"@id\":\"https:\/\/projetosddwb.com.br\/3dlab\/#website\"},\"primaryImageOfPage\":{\"@id\":\"https:\/\/projetosddwb.com.br\/3dlab\/product\/placa-mks-gen-v1-4\/#primaryimage\"},\"image\":{\"@id\":\"https:\/\/projetosddwb.com.br\/3dlab\/product\/placa-mks-gen-v1-4\/#primaryimage\"},\"thumbnailUrl\":\"\",\"datePublished\":\"2024-04-18T13:29:21+00:00\",\"breadcrumb\":{\"@id\":\"https:\/\/projetosddwb.com.br\/3dlab\/product\/placa-mks-gen-v1-4\/#breadcrumb\"},\"inLanguage\":\"pt-BR\",\"potentialAction\":[{\"@type\":\"ReadAction\",\"target\":[\"https:\/\/projetosddwb.com.br\/3dlab\/product\/placa-mks-gen-v1-4\/\"]}]},{\"@type\":\"ImageObject\",\"inLanguage\":\"pt-BR\",\"@id\":\"https:\/\/projetosddwb.com.br\/3dlab\/product\/placa-mks-gen-v1-4\/#primaryimage\",\"url\":\"\",\"contentUrl\":\"\"},{\"@type\":\"BreadcrumbList\",\"@id\":\"https:\/\/projetosddwb.com.br\/3dlab\/product\/placa-mks-gen-v1-4\/#breadcrumb\",\"itemListElement\":[{\"@type\":\"ListItem\",\"position\":1,\"name\":\"In\u00edcio\",\"item\":\"https:\/\/projetosddwb.com.br\/3dlab\/\"},{\"@type\":\"ListItem\",\"position\":2,\"name\":\"Loja\",\"item\":\"https:\/\/projetosddwb.com.br\/3dlab\/loja\/\"},{\"@type\":\"ListItem\",\"position\":3,\"name\":\"Placa MKS Gen V1.4\"}]},{\"@type\":\"WebSite\",\"@id\":\"https:\/\/projetosddwb.com.br\/3dlab\/#website\",\"url\":\"https:\/\/projetosddwb.com.br\/3dlab\/\",\"name\":\"3D Lab\",\"description\":\"\",\"publisher\":{\"@id\":\"https:\/\/projetosddwb.com.br\/3dlab\/#organization\"},\"potentialAction\":[{\"@type\":\"SearchAction\",\"target\":{\"@type\":\"EntryPoint\",\"urlTemplate\":\"https:\/\/projetosddwb.com.br\/3dlab\/?s={search_term_string}\"},\"query-input\":{\"@type\":\"PropertyValueSpecification\",\"valueRequired\":true,\"valueName\":\"search_term_string\"}}],\"inLanguage\":\"pt-BR\"},{\"@type\":\"Organization\",\"@id\":\"https:\/\/projetosddwb.com.br\/3dlab\/#organization\",\"name\":\"3D Lab\",\"url\":\"https:\/\/projetosddwb.com.br\/3dlab\/\",\"logo\":{\"@type\":\"ImageObject\",\"inLanguage\":\"pt-BR\",\"@id\":\"https:\/\/projetosddwb.com.br\/3dlab\/#\/schema\/logo\/image\/\",\"url\":\"https:\/\/projetosddwb.com.br\/3dlab\/wp-content\/uploads\/2025\/04\/cropped-cropped-3D_HORI_ORIGINAL-1.png\",\"contentUrl\":\"https:\/\/projetosddwb.com.br\/3dlab\/wp-content\/uploads\/2025\/04\/cropped-cropped-3D_HORI_ORIGINAL-1.png\",\"width\":597,\"height\":196,\"caption\":\"3D Lab\"},\"image\":{\"@id\":\"https:\/\/projetosddwb.com.br\/3dlab\/#\/schema\/logo\/image\/\"},\"sameAs\":[\"https:\/\/www.facebook.com\/3dlabbrasil\/?locale=pt_BR\",\"https:\/\/www.instagram.com\/3dlab_brasil\/\"]}]}<\/script>\n<!-- \/ Yoast SEO plugin. -->","yoast_head_json":{"title":"Placa MKS Gen V1.4 - 3D Lab","robots":{"index":"index","follow":"follow","max-snippet":"max-snippet:-1","max-image-preview":"max-image-preview:large","max-video-preview":"max-video-preview:-1"},"canonical":"https:\/\/projetosddwb.com.br\/3dlab\/product\/placa-mks-gen-v1-4\/","og_locale":"pt_BR","og_type":"article","og_title":"Placa MKS Gen V1.4 - 3D Lab","og_description":"A\u00a0MKS Gen V1.4 \u00e9 uma Placa Controladora de Impressora 3D completa! Desenvolvida especialmente para facilitar a vida dos desenvolvedores, apresentando amplas corre\u00e7\u00f5es de vers\u00f5es anteriores, al\u00e9m de substituir o Arduino Mega e o Ramps 1.4 RepRap Shield, j\u00e1 que conta com microcontrolador Atmega2560 integrado. ATEN\u00c7\u00c3O - N\u00e3o acompanha os drivers. **A promo\u00e7\u00e3o de Frete Gr\u00e1tis acima de R$400,00 em compras n\u00e3o \u00e9 v\u00e1lida com a aplica\u00e7\u00e3o do cupom de desconto.**","og_url":"https:\/\/projetosddwb.com.br\/3dlab\/product\/placa-mks-gen-v1-4\/","og_site_name":"3D Lab","article_publisher":"https:\/\/www.facebook.com\/3dlabbrasil\/?locale=pt_BR","twitter_card":"summary_large_image","twitter_misc":{"Est. tempo de leitura":"1 minuto"},"schema":{"@context":"https:\/\/schema.org","@graph":[{"@type":"WebPage","@id":"https:\/\/projetosddwb.com.br\/3dlab\/product\/placa-mks-gen-v1-4\/","url":"https:\/\/projetosddwb.com.br\/3dlab\/product\/placa-mks-gen-v1-4\/","name":"Placa MKS Gen V1.4 - 3D Lab","isPartOf":{"@id":"https:\/\/projetosddwb.com.br\/3dlab\/#website"},"primaryImageOfPage":{"@id":"https:\/\/projetosddwb.com.br\/3dlab\/product\/placa-mks-gen-v1-4\/#primaryimage"},"image":{"@id":"https:\/\/projetosddwb.com.br\/3dlab\/product\/placa-mks-gen-v1-4\/#primaryimage"},"thumbnailUrl":"","datePublished":"2024-04-18T13:29:21+00:00","breadcrumb":{"@id":"https:\/\/projetosddwb.com.br\/3dlab\/product\/placa-mks-gen-v1-4\/#breadcrumb"},"inLanguage":"pt-BR","potentialAction":[{"@type":"ReadAction","target":["https:\/\/projetosddwb.com.br\/3dlab\/product\/placa-mks-gen-v1-4\/"]}]},{"@type":"ImageObject","inLanguage":"pt-BR","@id":"https:\/\/projetosddwb.com.br\/3dlab\/product\/placa-mks-gen-v1-4\/#primaryimage","url":"","contentUrl":""},{"@type":"BreadcrumbList","@id":"https:\/\/projetosddwb.com.br\/3dlab\/product\/placa-mks-gen-v1-4\/#breadcrumb","itemListElement":[{"@type":"ListItem","position":1,"name":"In\u00edcio","item":"https:\/\/projetosddwb.com.br\/3dlab\/"},{"@type":"ListItem","position":2,"name":"Loja","item":"https:\/\/projetosddwb.com.br\/3dlab\/loja\/"},{"@type":"ListItem","position":3,"name":"Placa MKS Gen V1.4"}]},{"@type":"WebSite","@id":"https:\/\/projetosddwb.com.br\/3dlab\/#website","url":"https:\/\/projetosddwb.com.br\/3dlab\/","name":"3D Lab","description":"","publisher":{"@id":"https:\/\/projetosddwb.com.br\/3dlab\/#organization"},"potentialAction":[{"@type":"SearchAction","target":{"@type":"EntryPoint","urlTemplate":"https:\/\/projetosddwb.com.br\/3dlab\/?s={search_term_string}"},"query-input":{"@type":"PropertyValueSpecification","valueRequired":true,"valueName":"search_term_string"}}],"inLanguage":"pt-BR"},{"@type":"Organization","@id":"https:\/\/projetosddwb.com.br\/3dlab\/#organization","name":"3D Lab","url":"https:\/\/projetosddwb.com.br\/3dlab\/","logo":{"@type":"ImageObject","inLanguage":"pt-BR","@id":"https:\/\/projetosddwb.com.br\/3dlab\/#\/schema\/logo\/image\/","url":"https:\/\/projetosddwb.com.br\/3dlab\/wp-content\/uploads\/2025\/04\/cropped-cropped-3D_HORI_ORIGINAL-1.png","contentUrl":"https:\/\/projetosddwb.com.br\/3dlab\/wp-content\/uploads\/2025\/04\/cropped-cropped-3D_HORI_ORIGINAL-1.png","width":597,"height":196,"caption":"3D Lab"},"image":{"@id":"https:\/\/projetosddwb.com.br\/3dlab\/#\/schema\/logo\/image\/"},"sameAs":["https:\/\/www.facebook.com\/3dlabbrasil\/?locale=pt_BR","https:\/\/www.instagram.com\/3dlab_brasil\/"]}]}},"_links":{"self":[{"href":"https:\/\/projetosddwb.com.br\/3dlab\/wp-json\/wp\/v2\/product\/736","targetHints":{"allow":["GET"]}}],"collection":[{"href":"https:\/\/projetosddwb.com.br\/3dlab\/wp-json\/wp\/v2\/product"}],"about":[{"href":"https:\/\/projetosddwb.com.br\/3dlab\/wp-json\/wp\/v2\/types\/product"}],"replies":[{"embeddable":true,"href":"https:\/\/projetosddwb.com.br\/3dlab\/wp-json\/wp\/v2\/comments?post=736"}],"wp:featuredmedia":[{"embeddable":true,"href":"https:\/\/projetosddwb.com.br\/3dlab\/wp-json\/"}],"wp:attachment":[{"href":"https:\/\/projetosddwb.com.br\/3dlab\/wp-json\/wp\/v2\/media?parent=736"}],"wp:term":[{"taxonomy":"product_brand","embeddable":true,"href":"https:\/\/projetosddwb.com.br\/3dlab\/wp-json\/wp\/v2\/product_brand?post=736"},{"taxonomy":"product_cat","embeddable":true,"href":"https:\/\/projetosddwb.com.br\/3dlab\/wp-json\/wp\/v2\/product_cat?post=736"},{"taxonomy":"product_tag","embeddable":true,"href":"https:\/\/projetosddwb.com.br\/3dlab\/wp-json\/wp\/v2\/product_tag?post=736"}],"curies":[{"name":"wp","href":"https:\/\/api.w.org\/{rel}","templated":true}]}}